{"id":4521,"date":"2024-08-04T14:05:44","date_gmt":"2024-08-04T14:05:44","guid":{"rendered":"https:\/\/aw-web.com\/pronto2\/?page_id=4521"},"modified":"2025-12-30T02:26:39","modified_gmt":"2025-12-30T02:26:39","slug":"neun-gruende-sich-fuer-pronto-zu-entscheiden","status":"publish","type":"page","link":"https:\/\/prontotranslations.com\/de\/neun-gruende-sich-fuer-pronto-zu-entscheiden\/","title":{"rendered":"Warum uns w\u00e4hlen?"},"content":{"rendered":"<div class=\"wpb-content-wrapper\"><p>[vc_row css_animation=&#8220;&#8220; row_type=&#8220;row&#8220; use_row_as_full_screen_section=&#8220;no&#8220; type=&#8220;full_width&#8220; angled_section=&#8220;no&#8220; text_align=&#8220;left&#8220; background_image_as_pattern=&#8220;without_pattern&#8220; z_index=&#8220;&#8220;][vc_column][vc_column_text css=&#8220;.vc_custom_1729114379543{padding-bottom: 30px !important;}&#8220;]<\/p>\n<h1 style=\"text-align: center;\">Neun Gr\u00fcnde, sich f\u00fcr Pronto zu entscheiden,<\/h1>\n<p>[\/vc_column_text][\/vc_column][\/vc_row][vc_row css_animation=&#8220;&#8220; row_type=&#8220;row&#8220; use_row_as_full_screen_section=&#8220;no&#8220; type=&#8220;grid&#8220; angled_section=&#8220;no&#8220; text_align=&#8220;left&#8220; background_image_as_pattern=&#8220;without_pattern&#8220; z_index=&#8220;&#8220; css=&#8220;.vc_custom_1719198241526{padding-top: 50px !important;padding-right: 10% !important;padding-left: 10% !important;}&#8220;][vc_column width=&#8220;1\/2&#8243; css=&#8220;.vc_custom_1712629369530{padding-right: 10% !important;padding-left: 10% !important;}&#8220;][vc_column_text]<\/p>\n<p style=\"text-align: center;\"><strong>wenn es um die \u00dcbersetzung und Lokalisierung Ihrer Unternehmenskommunikation geht<\/strong><\/p>\n<p>[\/vc_column_text][vc_row_inner row_type=&#8220;row&#8220; type=&#8220;full_width&#8220; text_align=&#8220;center&#8220; css_animation=&#8220;&#8220; css=&#8220;.vc_custom_1722784476757{padding-top: 20px !important;}&#8220;][vc_column_inner][vc_column_text css=&#8220;.vc_custom_1729114439662{padding-bottom: 50px !important;}&#8220;]<\/p>\n<p style=\"text-align: left;\">Zahlreiche Unternehmen stehen im Wettbewerb um Ihre Auftr\u00e4ge. Wir m\u00f6chten Ihnen gerne erl\u00e4utern, warum Pronto Translations die richtige Wahl f\u00fcr die \u00dcbersetzung Ihrer Pressemitteilungs-, Werbe- und Marketingdokumente oder Ihres Lokalisierungsprojekts ist<\/p>\n<p>[\/vc_column_text][vc_column_text css=&#8220;.vc_custom_1729114527627{padding-top: 10px !important;padding-bottom: 10px !important;background-color: #00a6e4 !important;border-radius: 3px !important;}&#8220;]<\/p>\n<p style=\"text-align: center;\"><a href=\"https:\/\/prontotranslations.com\/de\/kontakt\/\"><span style=\"color: #ffffff;\">Kontaktieren Sie uns f\u00fcr Ihr \u00dcbersetzungs- oder Lokalisierungsprojekt<\/span><\/a><\/p>\n<p>[\/vc_column_text][vc_empty_space][\/vc_column_inner][\/vc_row_inner][\/vc_column][vc_column width=&#8220;1\/2&#8243;][vc_single_image image=&#8220;4522&#8243; img_size=&#8220;full&#8220; alignment=&#8220;center&#8220; css=&#8220;.vc_custom_1722789395159{padding-bottom: 30px !important;}&#8220; qode_css_animation=&#8220;&#8220;][vc_empty_space][\/vc_column][\/vc_row][vc_row css_animation=&#8220;&#8220; row_type=&#8220;row&#8220; use_row_as_full_screen_section=&#8220;no&#8220; type=&#8220;grid&#8220; angled_section=&#8220;no&#8220; text_align=&#8220;left&#8220; background_image_as_pattern=&#8220;without_pattern&#8220; z_index=&#8220;&#8220;][vc_column][vc_separator type=&#8220;normal&#8220; color=&#8220;#88cce2&#8243; thickness=&#8220;5&#8243; up=&#8220;0&#8243; down=&#8220;0&#8243;][\/vc_column][\/vc_row][vc_row css_animation=&#8220;&#8220; row_type=&#8220;row&#8220; use_row_as_full_screen_section=&#8220;no&#8220; type=&#8220;full_width&#8220; angled_section=&#8220;no&#8220; text_align=&#8220;left&#8220; background_image_as_pattern=&#8220;without_pattern&#8220; z_index=&#8220;&#8220; css=&#8220;.vc_custom_1712718567412{background-color: rgba(0,166,228,0.05) !important;*background-color: rgb(0,166,228) !important;}&#8220;][vc_column][vc_row_inner row_type=&#8220;row&#8220; type=&#8220;grid&#8220; text_align=&#8220;left&#8220; css_animation=&#8220;&#8220; css=&#8220;.vc_custom_1718510501771{padding-top: 50px !important;}&#8220;][vc_column_inner width=&#8220;1\/2&#8243;][vc_single_image image=&#8220;4523&#8243; img_size=&#8220;full&#8220; qode_css_animation=&#8220;&#8220;][vc_empty_space][\/vc_column_inner][vc_column_inner width=&#8220;1\/2&#8243;][vc_column_text css=&#8220;.vc_custom_1729114577383{padding-bottom: 40px !important;}&#8220;]<\/p>\n<h2>1. Die qualifiziertesten \u00dcbersetzer<\/h2>\n<p>Alle unserer \u00fcber 375 \u00dcbersetzer haben \u00dcbersetzungswissenschaften an einer der f\u00fchrenden Universit\u00e4ten studiert und\/oder sind akkreditierte Mitglieder professioneller \u00dcbersetzerverb\u00e4nde in ihren jeweiligen L\u00e4ndern. Unsere \u00dcbersetzer d\u00fcrfen f\u00fcr uns nur in ihre Muttersprache \u00fcbersetzen.<\/p>\n<h2>2. Wir passen unsere Arbeit Ihrem Terminplan an<\/h2>\n<p>Viele Kunden wenden sich mit speziellen Anfragen und W\u00fcnschen an uns und es ist uns ein besonderes Anliegen, unseren Arbeitsfluss und Zeitplan auf Ihre speziellen Anforderungen abzustimmen. Bitte z\u00f6gern Sie nicht, uns Ihre besonderen W\u00fcnsche mitzuteilen.<br \/>\n[\/vc_column_text][\/vc_column_inner][\/vc_row_inner][vc_row_inner row_type=&#8220;row&#8220; type=&#8220;grid&#8220; text_align=&#8220;left&#8220; css_animation=&#8220;&#8220;][vc_column_inner][vc_column_text]<\/p>\n<h2>3. 365 Tage im Jahr Rund-um-die-Uhr-Service<\/h2>\n<p>Dank unserer f\u00fcnf Niederlassungen auf der ganzen Welt, n\u00e4mlich im Herzen New Yorks, im franz\u00f6sischen N\u00eemes, im chinesischen Nanjing, im koreanischen Seoul und im japanischen Osaka, stehen wir 365 Tage im Jahr 24 Stunden t\u00e4glich zur Verf\u00fcgung, einschlie\u00dflich samstags, sonntags und feiertags. Wir antworten auf Ihre Anfrage in bzw. beinahe in Echtzeit und liefern den fertiggestellten Auftrag in k\u00fcrzester Zeit nach dessen Fertigstellung.<br \/>\n[\/vc_column_text][vc_empty_space height=&#8220;42px&#8220;][\/vc_column_inner][\/vc_row_inner][\/vc_column][\/vc_row][vc_row css_animation=&#8220;&#8220; row_type=&#8220;row&#8220; use_row_as_full_screen_section=&#8220;no&#8220; type=&#8220;grid&#8220; angled_section=&#8220;no&#8220; text_align=&#8220;left&#8220; background_image_as_pattern=&#8220;without_pattern&#8220; z_index=&#8220;&#8220;][vc_column][vc_separator type=&#8220;normal&#8220; color=&#8220;#88cce2&#8243; thickness=&#8220;5&#8243; up=&#8220;0&#8243; down=&#8220;0&#8243;][\/vc_column][\/vc_row][vc_row css_animation=&#8220;&#8220; row_type=&#8220;row&#8220; use_row_as_full_screen_section=&#8220;no&#8220; type=&#8220;full_width&#8220; angled_section=&#8220;no&#8220; text_align=&#8220;left&#8220; background_image_as_pattern=&#8220;without_pattern&#8220; z_index=&#8220;&#8220; css=&#8220;.vc_custom_1718512349787{padding-top: 50px !important;padding-bottom: 30px !important;}&#8220;][vc_column][vc_row_inner row_type=&#8220;row&#8220; type=&#8220;grid&#8220; text_align=&#8220;left&#8220; css_animation=&#8220;&#8220;][vc_column_inner width=&#8220;1\/2&#8243;][vc_column_text css=&#8220;.vc_custom_1729114650435{padding-bottom: 30px !important;}&#8220;]<\/p>\n<h2>4. Schnelle Lieferzeiten<\/h2>\n<p>Wir wissen, wie wichtig p\u00fcnktliche Arbeit f\u00fcr Sie ist und arbeiten mit Ihnen zusammen, um die fristgerechte Lieferung hochwertiger Dokumente zu garantieren. Unser Team von \u00dcbersetzern und Lektoren befindet sich auf drei Kontinenten, sodass mit der \u00dcbersetzung direkt bei Eingang der Texte begonnen werden kann.\u00a0F\u00fcr die meisten Sprachkombinationen k\u00f6nnen Projekte bis zu 1.000 W\u00f6rtern innerhalb von 24 Stunden geliefert werden.<\/p>\n<h2>5. Werbung, Marketing und Public Relations sind unser Spezialgebiet<\/h2>\n<p>Als bevorzugter offizieller \u00dcbersetzungspartner einer gro\u00dfen Nachrichtenagentur hat Pronto \u00fcber zwei Jahrzehnte mehr als 120.000 Pressemitteilungen f\u00fcr \u00fcber 10.000 Endkunden \u00fcbersetzt.<\/p>\n<p>Heute ist Pronto die erste Anlaufstelle f\u00fcr \u00dcbersetzungen im Bereich Werbung, Marketing und Public Relations.<\/p>\n<p>Wir sind f\u00fcr Sie da, wenn Sie eine pr\u00e4zise und fl\u00fcssige \u00dcbersetzung Ihres Marketingdokuments in die Zielsprache w\u00fcnschen, die dem Originaltext treu bleibt und s\u00e4mtliche kulturelle Besonderheiten ber\u00fccksichtigt.<br \/>\n[\/vc_column_text][\/vc_column_inner][vc_column_inner width=&#8220;1\/2&#8243;][vc_single_image image=&#8220;4524&#8243; img_size=&#8220;full&#8220; qode_css_animation=&#8220;&#8220;][vc_empty_space height=&#8220;12px&#8220;][\/vc_column_inner][\/vc_row_inner][\/vc_column][\/vc_row][vc_row css_animation=&#8220;&#8220; row_type=&#8220;row&#8220; use_row_as_full_screen_section=&#8220;no&#8220; type=&#8220;grid&#8220; angled_section=&#8220;no&#8220; text_align=&#8220;left&#8220; background_image_as_pattern=&#8220;without_pattern&#8220; z_index=&#8220;&#8220;][vc_column][vc_separator type=&#8220;normal&#8220; color=&#8220;#88cce2&#8243; thickness=&#8220;5&#8243; up=&#8220;0&#8243; down=&#8220;0&#8243;][\/vc_column][\/vc_row][vc_row css_animation=&#8220;&#8220; row_type=&#8220;row&#8220; use_row_as_full_screen_section=&#8220;no&#8220; type=&#8220;full_width&#8220; angled_section=&#8220;no&#8220; text_align=&#8220;left&#8220; background_image_as_pattern=&#8220;without_pattern&#8220; z_index=&#8220;&#8220; css=&#8220;.vc_custom_1718512370579{padding-top: 50px !important;padding-bottom: 30px !important;background-color: rgba(0,166,228,0.05) !important;*background-color: rgb(0,166,228) !important;}&#8220;][vc_column][vc_row_inner row_type=&#8220;row&#8220; type=&#8220;grid&#8220; text_align=&#8220;left&#8220; css_animation=&#8220;&#8220;][vc_column_inner width=&#8220;1\/2&#8243;][vc_single_image image=&#8220;4525&#8243; img_size=&#8220;full&#8220; qode_css_animation=&#8220;&#8220;][vc_empty_space height=&#8220;22px&#8220;][\/vc_column_inner][vc_column_inner width=&#8220;1\/2&#8243;][vc_column_text css=&#8220;.vc_custom_1767061593574{padding-top: 30px !important;padding-bottom: 40px !important;}&#8220;]<\/p>\n<h2>6. Wir gehen ans Telefon<\/h2>\n<p>Wenn Sie Pronto Translations anrufen, wird Ihr Anruf von einer echten Person entgegengenommen \u2013 ohne automatisierte Men\u00fcs, ohne KI-Bots, ohne externe Callcenter und ohne Endlosschleifen. Sie sprechen direkt mit einem Mitglied unseres Teams, das \u00dcbersetzungs- und Dolmetschprojekte versteht und die Entscheidungsbefugnis besitzt.<\/p>\n<p>Das ist wichtiger, als es auf den ersten Blick erscheinen mag. Viele internationale \u00dcbersetzungsagenturen arbeiten \u00fcberwiegend per E-Mail oder nutzen ausgelagerte Telefonservices, was Entscheidungen verz\u00f6gern und die Abwicklung dringender oder zeitkritischer Projekte erschweren kann. Bei Pronto haben Kundinnen und Kunden direkten Zugang zu erfahrenen Projektmanagerinnen und Projektmanagern, die Anforderungen kl\u00e4ren, Termine best\u00e4tigen, den Leistungsumfang anpassen und Fragen in Echtzeit l\u00f6sen k\u00f6nnen.<\/p>\n<p>Bei Projekten mit hoher Bedeutung ist der direkte Zugang zu einer kompetenten Ansprechperson kein Komfort, sondern eine Notwendigkeit. Wir betrachten eine schnelle und verl\u00e4ssliche Kommunikation als einen wesentlichen Bestandteil professioneller Sprachdienstleistungen.<\/p>\n<h2>7. Das Lektorat ist ebenso wichtig wie die \u00dcbersetzung<\/h2>\n<p>Wir sind stolz auf unsere 3-Schritte-Methode: \u00dcbersetzung, Lektorat und Korrekturlesen.<\/p>\n<p>Neben der \u00dcbersetzung, die Korrekturlesen und Pr\u00fcfung durch einen professionellen Korrekturleser einschlie\u00dft, werden s\u00e4mtliche \u00fcbersetzte Texte von einem fachkundigen Lektor \u00fcberarbeitet, der \u00fcber tiefgehende Erfahrung im Verfassen und Strukturieren von Texten in der Zielsprache verf\u00fcgt. Dieser professionelle Lektor verleiht dem Dokument den letzten Feinschliff, um es in ein ansprechendes, fl\u00fcssiges Dokument zu verwandeln, das sich liest, als sei es direkt in der Zielsprache verfasst worden.[\/vc_column_text][\/vc_column_inner][\/vc_row_inner][\/vc_column][\/vc_row][vc_row css_animation=&#8220;&#8220; row_type=&#8220;row&#8220; use_row_as_full_screen_section=&#8220;no&#8220; type=&#8220;grid&#8220; angled_section=&#8220;no&#8220; text_align=&#8220;left&#8220; background_image_as_pattern=&#8220;without_pattern&#8220; z_index=&#8220;&#8220;][vc_column][vc_separator type=&#8220;normal&#8220; color=&#8220;#88cce2&#8243; thickness=&#8220;5&#8243; up=&#8220;0&#8243; down=&#8220;0&#8243;][\/vc_column][\/vc_row][vc_row css_animation=&#8220;&#8220; row_type=&#8220;row&#8220; use_row_as_full_screen_section=&#8220;no&#8220; type=&#8220;full_width&#8220; angled_section=&#8220;no&#8220; text_align=&#8220;left&#8220; background_image_as_pattern=&#8220;without_pattern&#8220; z_index=&#8220;&#8220; css=&#8220;.vc_custom_1718512349787{padding-top: 50px !important;padding-bottom: 30px !important;}&#8220;][vc_column][vc_row_inner row_type=&#8220;row&#8220; type=&#8220;grid&#8220; text_align=&#8220;left&#8220; css_animation=&#8220;&#8220;][vc_column_inner width=&#8220;1\/2&#8243;][vc_column_text css=&#8220;.vc_custom_1729114746642{padding-bottom: 30px !important;}&#8220;]<\/p>\n<h2>8. Wir halten mit den neuesten Fachbegriffen Schritt<\/h2>\n<p>Das 21.\u00a0Jahrhundert ist von schnellem Wandel gepr\u00e4gt, was sich immer rasanter auch in sprachlichen Entwicklungen niederschl\u00e4gt, die schneller als jemals zuvor stattfinden. Fast t\u00e4glich entstehen in s\u00e4mtlichen Bereichen und Sektoren neue Begriffe. Datenbanken, W\u00f6rterb\u00fccher und Glossare sind wichtige Werkzeuge einer \u00dcbersetzungsagentur. Doch sich ausschlie\u00dflich auf diese zu verlassen, kann zu \u00fcberholten und h\u00e4ufig verfehlten \u00dcbersetzungen f\u00fchren, da diese Hilfsmittel nicht schnell genug aktualisiert werden k\u00f6nnen.<\/p>\n<p>Egal ob es sich um ein neues Finanzinstrument oder den Namen der aktuellsten drahtlosen Technologie handelt, wir \u00fcberpr\u00fcfen den h\u00e4ufigsten Gebrauch jedes einzelnen neuen Begriffes im jeweils passendsten Kontext im Internet.<\/p>\n<h2>9. Eine Komplettl\u00f6sung aus wirklich einer Hand<\/h2>\n<p>Neben der \u00dcbersetzung und Lokalisierung ihrer Webseite, Pressemitteilung oder anderen Dokumenten k\u00f6nnen wir die Datei im HTML-Format f\u00fcr die sofortige Ver\u00f6ffentlichung auf Ihrer Webseite oder in verschiedenen Desktop-Publishing-Programmen liefern, einschlie\u00dflich Acrobat (PDF), FrameMaker, Illustrator, InDesign, PageMaker oder QuarkXPress.<\/p>\n<p>[\/vc_column_text][\/vc_column_inner][vc_column_inner width=&#8220;1\/2&#8243;][vc_single_image image=&#8220;4526&#8243; img_size=&#8220;full&#8220; qode_css_animation=&#8220;&#8220;][vc_empty_space height=&#8220;12px&#8220;][\/vc_column_inner][\/vc_row_inner][\/vc_column][\/vc_row][vc_row css_animation=&#8220;&#8220; row_type=&#8220;row&#8220; use_row_as_full_screen_section=&#8220;no&#8220; type=&#8220;grid&#8220; angled_section=&#8220;no&#8220; text_align=&#8220;left&#8220; background_image_as_pattern=&#8220;without_pattern&#8220; z_index=&#8220;&#8220;][vc_column][vc_separator type=&#8220;normal&#8220; color=&#8220;#88cce2&#8243; thickness=&#8220;5&#8243; up=&#8220;0&#8243; down=&#8220;0&#8243;][\/vc_column][\/vc_row][vc_row css_animation=&#8220;&#8220; row_type=&#8220;row&#8220; use_row_as_full_screen_section=&#8220;no&#8220; type=&#8220;full_width&#8220; angled_section=&#8220;no&#8220; text_align=&#8220;left&#8220; background_image_as_pattern=&#8220;without_pattern&#8220; css=&#8220;.vc_custom_1712635529690{background-color: rgba(0,166,228,0.05) !important;*background-color: rgb(0,166,228) !important;}&#8220; z_index=&#8220;&#8220;][vc_column][vc_row_inner row_type=&#8220;row&#8220; type=&#8220;grid&#8220; text_align=&#8220;left&#8220; css_animation=&#8220;&#8220;][vc_column_inner][\/vc_column_inner][\/vc_row_inner][\/vc_column][\/vc_row][vc_row css_animation=&#8220;&#8220; row_type=&#8220;row&#8220; use_row_as_full_screen_section=&#8220;no&#8220; type=&#8220;full_width&#8220; angled_section=&#8220;no&#8220; text_align=&#8220;left&#8220; background_image_as_pattern=&#8220;without_pattern&#8220;][vc_column][vc_row_inner row_type=&#8220;row&#8220; type=&#8220;grid&#8220; text_align=&#8220;left&#8220; css_animation=&#8220;&#8220;][vc_column_inner][vc_column_text css=&#8220;.vc_custom_1729114768567{padding-top: 30px !important;padding-bottom: 40px !important;}&#8220;]Wir freuen uns darauf, Ihr \u00dcbersetzungs- und Lokalisierungsprojekt mit Ihnen zu besprechen. Wir sind jederzeit gerne f\u00fcr Sie da. Sie k\u00f6nnen uns rund um die Uhr mit Ihren W\u00fcnschen und Anforderungen <a href=\"mailto:clientservices@prontotranslations.com\"><strong>kontaktieren<\/strong><\/a>.[\/vc_column_text][\/vc_column_inner][\/vc_row_inner][\/vc_column][\/vc_row][vc_row css_animation=&#8220;&#8220; row_type=&#8220;row&#8220; use_row_as_full_screen_section=&#8220;no&#8220; type=&#8220;full_width&#8220; angled_section=&#8220;no&#8220; text_align=&#8220;left&#8220; background_image_as_pattern=&#8220;without_pattern&#8220;][vc_column][vc_column_text]<\/p>\n<p>[\/vc_column_text][\/vc_column][\/vc_row][vc_row css_animation=&#8220;&#8220; row_type=&#8220;row&#8220; use_row_as_full_screen_section=&#8220;no&#8220; type=&#8220;full_width&#8220; angled_section=&#8220;no&#8220; text_align=&#8220;left&#8220; background_image_as_pattern=&#8220;without_pattern&#8220; z_index=&#8220;&#8220; background_color=&#8220;rgba(0,166,228,0.35)&#8220;][vc_column][vc_row_inner row_type=&#8220;row&#8220; type=&#8220;grid&#8220; text_align=&#8220;left&#8220; css_animation=&#8220;&#8220; css=&#8220;.vc_custom_1712461537481{margin-top: 30px !important;margin-bottom: 30px !important;}&#8220;][vc_column_inner][vc_column_text css=&#8220;.vc_custom_1729114506794{padding-top: 15px !important;padding-right: 10px !important;padding-bottom: 15px !important;padding-left: 10px !important;background-color: #00a5e4 !important;border-radius: 3px !important;}&#8220;]<\/p>\n<p style=\"text-align: center;\"><span style=\"color: #ffffff;\"><a style=\"color: #ffffff;\" href=\"https:\/\/prontotranslations.com\/de\/kontakt\/\">Kontaktieren Sie uns f\u00fcr Ihr \u00dcbersetzungs- oder Lokalisierungsprojekt<\/a><\/span><\/p>\n<p>[\/vc_column_text][\/vc_column_inner][\/vc_row_inner][\/vc_column][\/vc_row]<\/p>\n<\/div>","protected":false},"excerpt":{"rendered":"<p>[vc_row css_animation=&#8220;&#8220; row_type=&#8220;row&#8220; use_row_as_full_screen_section=&#8220;no&#8220; type=&#8220;full_width&#8220; angled_section=&#8220;no&#8220; text_align=&#8220;left&#8220; background_image_as_pattern=&#8220;without_pattern&#8220; z_index=&#8220;&#8220;][vc_column][vc_column_text css=&#8220;.vc_custom_1729114379543{padding-bottom: 30px !important;}&#8220;] Neun Gr\u00fcnde, sich f\u00fcr Pronto zu entscheiden, [\/vc_column_text][\/vc_column][\/vc_row][vc_row css_animation=&#8220;&#8220; row_type=&#8220;row&#8220; use_row_as_full_screen_section=&#8220;no&#8220; type=&#8220;grid&#8220; angled_section=&#8220;no&#8220;&#8230;<\/p>\n","protected":false},"author":1,"featured_media":0,"parent":0,"menu_order":1,"comment_status":"closed","ping_status":"closed","template":"full_width.php","meta":{"footnotes":""},"class_list":["post-4521","page","type-page","status-publish","hentry"],"_links":{"self":[{"href":"https:\/\/prontotranslations.com\/de\/wp-json\/wp\/v2\/pages\/4521","targetHints":{"allow":["GET"]}}],"collection":[{"href":"https:\/\/prontotranslations.com\/de\/wp-json\/wp\/v2\/pages"}],"about":[{"href":"https:\/\/prontotranslations.com\/de\/wp-json\/wp\/v2\/types\/page"}],"author":[{"embeddable":true,"href":"https:\/\/prontotranslations.com\/de\/wp-json\/wp\/v2\/users\/1"}],"replies":[{"embeddable":true,"href":"https:\/\/prontotranslations.com\/de\/wp-json\/wp\/v2\/comments?post=4521"}],"version-history":[{"count":8,"href":"https:\/\/prontotranslations.com\/de\/wp-json\/wp\/v2\/pages\/4521\/revisions"}],"predecessor-version":[{"id":7729,"href":"https:\/\/prontotranslations.com\/de\/wp-json\/wp\/v2\/pages\/4521\/revisions\/7729"}],"wp:attachment":[{"href":"https:\/\/prontotranslations.com\/de\/wp-json\/wp\/v2\/media?parent=4521"}],"curies":[{"name":"wp","href":"https:\/\/api.w.org\/{rel}","templated":true}]}}