{"id":4533,"date":"2024-06-16T04:50:10","date_gmt":"2024-06-16T04:50:10","guid":{"rendered":"https:\/\/aw-web.com\/pronto2\/?page_id=4533"},"modified":"2025-01-18T04:19:43","modified_gmt":"2025-01-18T04:19:43","slug":"sprachenliste","status":"publish","type":"page","link":"https:\/\/prontotranslations.com\/de\/sprachenliste\/","title":{"rendered":"Sprachen"},"content":{"rendered":"<div class=\"wpb-content-wrapper\"><p>[vc_row css_animation=&#8220;&#8220; row_type=&#8220;row&#8220; use_row_as_full_screen_section=&#8220;no&#8220; type=&#8220;full_width&#8220; angled_section=&#8220;no&#8220; text_align=&#8220;left&#8220; background_image_as_pattern=&#8220;without_pattern&#8220; z_index=&#8220;&#8220;][vc_column][vc_column_text]<\/p>\n<h1 style=\"text-align: center;\">Unsere Sprachenliste<\/h1>\n<p>[\/vc_column_text][\/vc_column][\/vc_row][vc_row css_animation=&#8220;&#8220; row_type=&#8220;row&#8220; use_row_as_full_screen_section=&#8220;no&#8220; type=&#8220;grid&#8220; angled_section=&#8220;no&#8220; text_align=&#8220;left&#8220; background_image_as_pattern=&#8220;without_pattern&#8220; z_index=&#8220;&#8220; css=&#8220;.vc_custom_1719198241526{padding-top: 50px !important;padding-right: 10% !important;padding-left: 10% !important;}&#8220;][vc_column width=&#8220;1\/2&#8243; css=&#8220;.vc_custom_1712629369530{padding-right: 10% !important;padding-left: 10% !important;}&#8220;][vc_column_text css=&#8220;.vc_custom_1729115043987{padding-bottom: 40px !important;}&#8220;]<\/p>\n<p style=\"text-align: center;\"><span style=\"color: #00a6e4;\"><strong><span style=\"color: #000000;\">Sollten Sie eine Anfrage f\u00fcr ein Projekt in einer Sprache haben, die hier nicht aufgef\u00fchrt ist, helfen wir Ihnen gerne mit unserem weitreichenden Netzwerk weiter. Wir sind zuversichtlich, dass wir f\u00fcr Ihr Projekt schnell einen kompetenten und qualifizierten \u00dcbersetzer finden.<\/span> <\/strong><\/span><\/p>\n<p>[\/vc_column_text][vc_row_inner row_type=&#8220;row&#8220; type=&#8220;full_width&#8220; text_align=&#8220;center&#8220; css_animation=&#8220;&#8220; css=&#8220;.vc_custom_1718510388324{padding-top: 40px !important;}&#8220;][vc_column_inner][vc_column_text css=&#8220;.vc_custom_1729115217442{padding-top: 10px !important;padding-bottom: 10px !important;background-color: #00a6e4 !important;border-radius: 3px !important;}&#8220;]<\/p>\n<p style=\"text-align: center;\"><a href=\"https:\/\/prontotranslations.com\/de\/kontakt\/\"><span style=\"color: #ffffff;\">Kontaktieren Sie uns f\u00fcr Ihr \u00dcbersetzungs- oder Lokalisierungsprojekt<\/span><\/a><\/p>\n<p>[\/vc_column_text][vc_empty_space][\/vc_column_inner][\/vc_row_inner][\/vc_column][vc_column width=&#8220;1\/2&#8243;][vc_single_image image=&#8220;4537&#8243; img_size=&#8220;full&#8220; alignment=&#8220;center&#8220; qode_css_animation=&#8220;&#8220; css=&#8220;.vc_custom_1722977741611{padding-bottom: 30px !important;}&#8220;][vc_empty_space][\/vc_column][\/vc_row][vc_row css_animation=&#8220;&#8220; row_type=&#8220;row&#8220; use_row_as_full_screen_section=&#8220;no&#8220; type=&#8220;grid&#8220; angled_section=&#8220;no&#8220; text_align=&#8220;left&#8220; background_image_as_pattern=&#8220;without_pattern&#8220; z_index=&#8220;&#8220;][vc_column][vc_separator type=&#8220;normal&#8220; color=&#8220;#88cce2&#8243; thickness=&#8220;5&#8243; up=&#8220;0&#8243; down=&#8220;0&#8243;][\/vc_column][\/vc_row][vc_row css_animation=&#8220;&#8220; row_type=&#8220;row&#8220; use_row_as_full_screen_section=&#8220;no&#8220; type=&#8220;full_width&#8220; angled_section=&#8220;no&#8220; text_align=&#8220;left&#8220; background_image_as_pattern=&#8220;without_pattern&#8220; z_index=&#8220;&#8220; css=&#8220;.vc_custom_1712718567412{background-color: rgba(0,166,228,0.05) !important;*background-color: rgb(0,166,228) !important;}&#8220;][vc_column][vc_row_inner row_type=&#8220;row&#8220; type=&#8220;grid&#8220; text_align=&#8220;left&#8220; css_animation=&#8220;&#8220; css=&#8220;.vc_custom_1718510501771{padding-top: 50px !important;}&#8220;][vc_column_inner width=&#8220;1\/2&#8243;][vc_single_image image=&#8220;4511&#8243; img_size=&#8220;full&#8220; qode_css_animation=&#8220;&#8220;][vc_empty_space height=&#8220;52px&#8220;][\/vc_column_inner][vc_column_inner width=&#8220;1\/2&#8243;][vc_column_text css=&#8220;.vc_custom_1729115140176{padding-top: 10px !important;padding-bottom: 40px !important;}&#8220;]<\/p>\n<ul>\n<li><strong>Nord- und S\u00fcdamerika<br \/>\n<\/strong>Amerikanisches Spanisch \u2013 Brasilianisches Portugiesisch \u2013 Englisch \u2013 Haitianisch (Krey\u00f2l) \u2013 Kanadisches Franz\u00f6sisch \u2013 Lateinamerikanisches Spanisch \u2013 Mexikanisches Spanisch<\/li>\n<\/ul>\n<ul>\n<li><strong>Westeuropa<br \/>\n<\/strong>D\u00e4nisch \u2013 Deutsch \u2013 Englisch \u2013 Finnisch \u2013 Fl\u00e4misch \u2013 Franz\u00f6sisch \u2013 Griechisch \u2013 Irisch \u2013 Isl\u00e4ndisch \u2013 Italienisch \u2013 Katalanisch \u2013 Latein \u2013 Luxemburgisch \u2013 Maltesisch \u2013 Niederl\u00e4ndisch \u2013 Norwegisch \u2013 Portugiesisch \u2013 R\u00e4toromanisch \u2013 Schwedisch \u2013 Spanisch \u2013 Walisisch<\/li>\n<\/ul>\n<ul>\n<li><strong>Osteuropa<\/strong><br \/>\nAlbanisch \u2013 Bosnisch \u2013 Bulgarisch \u2013 Estnisch \u2013 Kroatisch \u2013 Lettisch \u2013 Litauisch \u2013 Mazedonisch \u2013 Moldawisch \u2013 Montenegrinisch \u2013 Polnisch \u2013 Rum\u00e4nisch \u2013 Russisch \u2013 Serbisch \u2013 Slowakisch \u2013 Slowenisch \u2013 Tschechisch \u2013 Ukrainisch \u2013 Ungarisch \u2013 Wei\u00dfrussisch<\/li>\n<\/ul>\n<ul>\n<li><strong>Afrika<\/strong><br \/>\nAcholi \u2013 Afar \u2013 Afrikaans \u2013 Amharisch \u2013 Bambara \u2013 Baoul\u00e9 \u2013 Bari \u2013 Bemba \u2013 Chichewa \u2013 Dinka \u2013 Ewe \u2013 Fante \u2013 Fon \u2013 Ful \u2013 Hausa \u2013 Igbo \u2013 Kalendjin \u2013 Kikamba \u2013 Kinyarwanda \u2013 Kikongo \u2013 Kimeru \u2013 Kirundi \u2013 Krio \u2013 Ling\u00e1la \u2013 Luganda \u2013 Maay Maay \u2013 Malagasy \u2013 Mandinka \u2013 Morisyen \u2013 Mossi\/Moor\u00e9 \u2013 Mosambikanisches Portugiesisch \u2013 Ndebele \u2013 N\u00f6rdliches Sotho \u2013 Nuer \u2013 Oromo \u2013 Sesotho \u2013 Setswana \u2013 Shona \u2013 Somali \u2013 Swahili \u2013 Swazi \u2013 Tigre \u2013 Tigrinya \u2013 Twi \u2013 Tshivenda \u2013 Wolof \u2013 Xitsonga \u2013 Xhosa \u2013 Yoruba \u2013 Zulu<\/li>\n<\/ul>\n<p>[\/vc_column_text][\/vc_column_inner][\/vc_row_inner][\/vc_column][\/vc_row][vc_row css_animation=&#8220;&#8220; row_type=&#8220;row&#8220; use_row_as_full_screen_section=&#8220;no&#8220; type=&#8220;grid&#8220; angled_section=&#8220;no&#8220; text_align=&#8220;left&#8220; background_image_as_pattern=&#8220;without_pattern&#8220; z_index=&#8220;&#8220;][vc_column][vc_separator type=&#8220;normal&#8220; color=&#8220;#88cce2&#8243; thickness=&#8220;5&#8243; up=&#8220;0&#8243; down=&#8220;0&#8243;][\/vc_column][\/vc_row][vc_row css_animation=&#8220;&#8220; row_type=&#8220;row&#8220; use_row_as_full_screen_section=&#8220;no&#8220; type=&#8220;full_width&#8220; angled_section=&#8220;no&#8220; text_align=&#8220;left&#8220; background_image_as_pattern=&#8220;without_pattern&#8220; z_index=&#8220;&#8220; css=&#8220;.vc_custom_1718512349787{padding-top: 50px !important;padding-bottom: 30px !important;}&#8220;][vc_column][vc_row_inner row_type=&#8220;row&#8220; type=&#8220;grid&#8220; text_align=&#8220;left&#8220; css_animation=&#8220;&#8220;][vc_column_inner width=&#8220;1\/2&#8243;][vc_column_text css=&#8220;.vc_custom_1729115441876{padding-bottom: 30px !important;}&#8220;]<\/p>\n<ul>\n<li><strong>Naher Osten<\/strong><br \/>\nArabisch \u2013 Hebr\u00e4isch \u2013 Kurdisch Bad\u00een\u00ee \u2013 Kurdisch Kurmanc\u00ee \u2013 Kurdisch Sorani \u2013 Larestani \u2013 Persisch \u2013 T\u00fcrkisch<\/li>\n<\/ul>\n<ul>\n<li><strong>Zentralasien und der Kaukasus<\/strong><br \/>\nArmenisch \u2013 Aserbaidschanisch \u2013 Dari-Persisch \u2013 Georgisch \u2013 Kasachisch \u2013 Kirgisisch \u2013 Paschto \u2013 Tadschikisch \u2013 Tatarisch \u2013 Tschetschenisch \u2013 Turkmenisch \u2013 Usbekisch<\/li>\n<\/ul>\n<ul>\n<li><strong>S\u00fcdasien<\/strong><br \/>\nAssamesisch \u2013 Bengalisch \u2013 Dzongkha \u2013 Gujarati \u2013 Hindi \u2013 Kannada \u2013 Konkani \u2013 Malayalam \u2013 Marathi \u2013 Mirpuri \u2013 Nepali \u2013 Oriya \u2013 Panjabi \u2013 Sanskrit \u2013 Sindhi \u2013 Singhalesisch \u2013 Sylheti \u2013 Tamil \u2013 Telugu \u2013 Urdu<\/li>\n<\/ul>\n<ul>\n<li><strong>Ostasien<br \/>\n<\/strong>Birmanisch \u2013 Chin Falam (Laizo) \u2013 Chin Hakha (Lai) \u2013 Chin Tedim (Zomi) \u2013 Chinesisch (vereinfacht) \u2013 Chinesisch (traditionell) \u2013 Hiligaynon \u2013 Ilokano \u2013 Indonesisch \u2013 Japanisch \u2013 Javanisch \u2013 Kantonesisch \u2013 Karen \u2013 Khmer \u2013 Koreanisch \u2013 Laotisch \u2013 Malaiisch \u2013 Miao \u2013 Mongolisch \u2013 Tagalog \u2013 Thai \u2013 Tibetisch \u2013 Vietnamesisch<\/li>\n<\/ul>\n<ul>\n<li><strong>Pazifische Inseln<br \/>\n<\/strong>Chuukesisch \u2013 Hawaiisch \u2013 Marshallesisch \u2013 M\u0101ori \u2013 Samoisch \u2013 Tongaisch \u2013 Yapesisch<\/li>\n<\/ul>\n<p>[\/vc_column_text][\/vc_column_inner][vc_column_inner width=&#8220;1\/2&#8243;][vc_single_image image=&#8220;4538&#8243; img_size=&#8220;full&#8220; qode_css_animation=&#8220;&#8220;][vc_empty_space height=&#8220;42px&#8220;][\/vc_column_inner][\/vc_row_inner][\/vc_column][\/vc_row][vc_row css_animation=&#8220;&#8220; row_type=&#8220;row&#8220; use_row_as_full_screen_section=&#8220;no&#8220; type=&#8220;full_width&#8220; angled_section=&#8220;no&#8220; text_align=&#8220;left&#8220; background_image_as_pattern=&#8220;without_pattern&#8220;][vc_column][vc_column_text]<\/p>\n<p>[\/vc_column_text][\/vc_column][\/vc_row][vc_row css_animation=&#8220;&#8220; row_type=&#8220;row&#8220; use_row_as_full_screen_section=&#8220;no&#8220; type=&#8220;full_width&#8220; angled_section=&#8220;no&#8220; text_align=&#8220;left&#8220; background_image_as_pattern=&#8220;without_pattern&#8220; z_index=&#8220;&#8220; background_color=&#8220;rgba(0,166,228,0.35)&#8220;][vc_column][vc_row_inner row_type=&#8220;row&#8220; type=&#8220;grid&#8220; text_align=&#8220;left&#8220; css_animation=&#8220;&#8220; css=&#8220;.vc_custom_1712461537481{margin-top: 30px !important;margin-bottom: 30px !important;}&#8220;][vc_column_inner][vc_column_text css=&#8220;.vc_custom_1729115198723{padding-top: 15px !important;padding-right: 10px !important;padding-bottom: 15px !important;padding-left: 10px !important;background-color: #00a5e4 !important;border-radius: 3px !important;}&#8220;]<\/p>\n<p style=\"text-align: center;\"><span style=\"color: #ffffff;\"><a style=\"color: #ffffff;\" href=\"https:\/\/prontotranslations.com\/de\/kontakt\/\">Kontaktieren Sie uns f\u00fcr Ihr \u00dcbersetzungs- oder Lokalisierungsprojekt<\/a><\/span><\/p>\n<p>[\/vc_column_text][\/vc_column_inner][\/vc_row_inner][\/vc_column][\/vc_row][vc_row css_animation=&#8220;&#8220; row_type=&#8220;row&#8220; use_row_as_full_screen_section=&#8220;no&#8220; type=&#8220;full_width&#8220; angled_section=&#8220;no&#8220; text_align=&#8220;left&#8220; background_image_as_pattern=&#8220;without_pattern&#8220; css=&#8220;.vc_custom_1712544871113{padding-top: 30px !important;padding-bottom: 30px !important;}&#8220; z_index=&#8220;&#8220;][vc_column width=&#8220;1\/12&#8243;][\/vc_column][vc_column width=&#8220;1\/6&#8243;][vc_single_image image=&#8220;2120&#8243; img_size=&#8220;full&#8220; alignment=&#8220;center&#8220; onclick=&#8220;custom_link&#8220; img_link_target=&#8220;_blank&#8220; qode_css_animation=&#8220;&#8220; link=&#8220;https:\/\/nyctranslators.org\/Sys\/PublicProfile\/62969243\/5592920&#8243;][vc_empty_space height=&#8220;22px&#8220;][\/vc_column][vc_column width=&#8220;1\/6&#8243;][vc_single_image image=&#8220;2121&#8243; img_size=&#8220;full&#8220; alignment=&#8220;center&#8220; onclick=&#8220;custom_link&#8220; img_link_target=&#8220;_blank&#8220; qode_css_animation=&#8220;&#8220; link=&#8220;https:\/\/chamber.nyc\/business-directory?category=-1&amp;search=pronto+translations&#8220;][vc_empty_space height=&#8220;22px&#8220;][\/vc_column][vc_column width=&#8220;1\/6&#8243;][vc_single_image image=&#8220;2122&#8243; img_size=&#8220;full&#8220; alignment=&#8220;center&#8220; onclick=&#8220;custom_link&#8220; img_link_target=&#8220;_blank&#8220; qode_css_animation=&#8220;&#8220; link=&#8220;https:\/\/www.bbb.org\/us\/ny\/new-york\/profile\/translators\/pronto-translations-0121-87150427#sealclick&#8220;][vc_empty_space height=&#8220;22px&#8220;][\/vc_column][vc_column width=&#8220;1\/6&#8243;][vc_single_image image=&#8220;2123&#8243; img_size=&#8220;full&#8220; alignment=&#8220;center&#8220; onclick=&#8220;custom_link&#8220; img_link_target=&#8220;_blank&#8220; qode_css_animation=&#8220;&#8220; link=&#8220;https:\/\/web.atanet.org\/onlinedirectories\/tsd_corp_listings\/company_view.pl?id=1672&#8243;][vc_empty_space height=&#8220;22px&#8220;][\/vc_column][vc_column width=&#8220;1\/6&#8243;][vc_single_image image=&#8220;2124&#8243; img_size=&#8220;full&#8220; alignment=&#8220;center&#8220; onclick=&#8220;custom_link&#8220; img_link_target=&#8220;_blank&#8220; qode_css_animation=&#8220;&#8220; link=&#8220;https:\/\/najit.org\/member-profile\/?member_id=9471&#8243;][vc_empty_space height=&#8220;22px&#8220;][\/vc_column][vc_column width=&#8220;1\/12&#8243;][\/vc_column][\/vc_row]<\/p>\n<\/div>","protected":false},"excerpt":{"rendered":"<p>[vc_row css_animation=&#8220;&#8220; row_type=&#8220;row&#8220; use_row_as_full_screen_section=&#8220;no&#8220; type=&#8220;full_width&#8220; angled_section=&#8220;no&#8220; text_align=&#8220;left&#8220; background_image_as_pattern=&#8220;without_pattern&#8220; z_index=&#8220;&#8220;][vc_column][vc_column_text] Unsere Sprachenliste [\/vc_column_text][\/vc_column][\/vc_row][vc_row css_animation=&#8220;&#8220; row_type=&#8220;row&#8220; use_row_as_full_screen_section=&#8220;no&#8220; type=&#8220;grid&#8220; angled_section=&#8220;no&#8220; text_align=&#8220;left&#8220; background_image_as_pattern=&#8220;without_pattern&#8220; z_index=&#8220;&#8220; css=&#8220;.vc_custom_1719198241526{padding-top: 50px !important;padding-right: 10% !important;padding-left:&#8230;<\/p>\n","protected":false},"author":1,"featured_media":0,"parent":0,"menu_order":0,"comment_status":"closed","ping_status":"closed","template":"full_width.php","meta":{"footnotes":""},"class_list":["post-4533","page","type-page","status-publish","hentry"],"_links":{"self":[{"href":"https:\/\/prontotranslations.com\/de\/wp-json\/wp\/v2\/pages\/4533","targetHints":{"allow":["GET"]}}],"collection":[{"href":"https:\/\/prontotranslations.com\/de\/wp-json\/wp\/v2\/pages"}],"about":[{"href":"https:\/\/prontotranslations.com\/de\/wp-json\/wp\/v2\/types\/page"}],"author":[{"embeddable":true,"href":"https:\/\/prontotranslations.com\/de\/wp-json\/wp\/v2\/users\/1"}],"replies":[{"embeddable":true,"href":"https:\/\/prontotranslations.com\/de\/wp-json\/wp\/v2\/comments?post=4533"}],"version-history":[{"count":4,"href":"https:\/\/prontotranslations.com\/de\/wp-json\/wp\/v2\/pages\/4533\/revisions"}],"predecessor-version":[{"id":4545,"href":"https:\/\/prontotranslations.com\/de\/wp-json\/wp\/v2\/pages\/4533\/revisions\/4545"}],"wp:attachment":[{"href":"https:\/\/prontotranslations.com\/de\/wp-json\/wp\/v2\/media?parent=4533"}],"curies":[{"name":"wp","href":"https:\/\/api.w.org\/{rel}","templated":true}]}}