{"id":4595,"date":"2024-08-16T01:31:55","date_gmt":"2024-08-16T01:31:55","guid":{"rendered":"https:\/\/aw-web.com\/pronto2\/?page_id=4595"},"modified":"2025-01-18T04:24:57","modified_gmt":"2025-01-18T04:24:57","slug":"uebersetzungsdienste-fuer-englisch","status":"publish","type":"page","link":"https:\/\/prontotranslations.com\/de\/sprachenliste\/uebersetzungsdienste-fuer-englisch\/","title":{"rendered":"\u00dcbersetzungsdienste f\u00fcr Englisch"},"content":{"rendered":"<div class=\"wpb-content-wrapper\"><p>[vc_row css_animation=&#8220;&#8220; row_type=&#8220;row&#8220; use_row_as_full_screen_section=&#8220;no&#8220; type=&#8220;full_width&#8220; angled_section=&#8220;no&#8220; text_align=&#8220;left&#8220; background_image_as_pattern=&#8220;without_pattern&#8220; z_index=&#8220;&#8220;][vc_column][vc_column_text css=&#8220;.vc_custom_1729126023160{padding-bottom: 30px !important;}&#8220;]<\/p>\n<h1 style=\"text-align: center;\">Professionelle \u00dcbersetzungsdienste f\u00fcr Englisch<\/h1>\n<p>[\/vc_column_text][\/vc_column][\/vc_row][vc_row css_animation=&#8220;&#8220; row_type=&#8220;row&#8220; use_row_as_full_screen_section=&#8220;no&#8220; type=&#8220;grid&#8220; angled_section=&#8220;no&#8220; text_align=&#8220;left&#8220; background_image_as_pattern=&#8220;without_pattern&#8220; z_index=&#8220;&#8220; css=&#8220;.vc_custom_1719198241526{padding-top: 50px !important;padding-right: 10% !important;padding-left: 10% !important;}&#8220;][vc_column width=&#8220;1\/2&#8243; css=&#8220;.vc_custom_1712629369530{padding-right: 10% !important;padding-left: 10% !important;}&#8220;][vc_row_inner row_type=&#8220;row&#8220; type=&#8220;full_width&#8220; text_align=&#8220;center&#8220; css_animation=&#8220;&#8220; css=&#8220;.vc_custom_1722784476757{padding-top: 20px !important;}&#8220;][vc_column_inner][vc_column_text css=&#8220;.vc_custom_1729126071357{padding-bottom: 50px !important;}&#8220;]<\/p>\n<p style=\"text-align: left;\">Wir k\u00fcmmern uns gerne um Ihren \u00dcbersetzungsbedarf ins Englische aus 82 Quellsprachen. Und falls Sie eine \u00dcbersetzung aus einer Sprache w\u00fcnschen, f\u00fcr die wir aktuell in unserer Datenbank keine \u00dcbersetzer haben, suchen wir Ihnen gerne die passende Fachkraft \u00fcber unser umfangreiches Netzwerk.<\/p>\n<ul style=\"text-align: left;\">\n<li>Arabisch-Englisch-\u00dcbersetzungen<\/li>\n<li>Chinesisch-Englisch-\u00dcbersetzungen<\/li>\n<li>Deutsch-Englisch-\u00dcbersetzungen<\/li>\n<li>Franz\u00f6sisch-Englisch-\u00dcbersetzungen<\/li>\n<li>Italienisch-Englisch-\u00dcbersetzungen<\/li>\n<li>Schwedisch-Englisch-\u00dcbersetzungen<\/li>\n<\/ul>\n<p style=\"text-align: left;\"><em>\u2026 <\/em>dies sind nur einige Beispiele unserer Sprachenpaare mit Englisch als Zielsprache.<\/p>\n<p>[\/vc_column_text][vc_column_text css=&#8220;.vc_custom_1729126159307{padding-top: 10px !important;padding-bottom: 10px !important;background-color: #00a6e4 !important;border-radius: 3px !important;}&#8220;]<\/p>\n<p style=\"text-align: center;\"><a href=\"https:\/\/prontotranslations.com\/de\/kontakt\/\"><span style=\"color: #ffffff;\">Nehmen Sie f\u00fcr Ihr englisches \u00dcbersetzungs- bzw. Lokalisierungsprojekt mit uns Kontakt auf<\/span><\/a><\/p>\n<p>[\/vc_column_text][vc_empty_space height=&#8220;52px&#8220;][\/vc_column_inner][\/vc_row_inner][\/vc_column][vc_column width=&#8220;1\/2&#8243;][vc_single_image image=&#8220;4596&#8243; img_size=&#8220;full&#8220; alignment=&#8220;center&#8220; qode_css_animation=&#8220;&#8220; css=&#8220;.vc_custom_1723772819973{padding-bottom: 30px !important;}&#8220;][vc_empty_space][\/vc_column][\/vc_row][vc_row css_animation=&#8220;&#8220; row_type=&#8220;row&#8220; use_row_as_full_screen_section=&#8220;no&#8220; type=&#8220;grid&#8220; angled_section=&#8220;no&#8220; text_align=&#8220;left&#8220; background_image_as_pattern=&#8220;without_pattern&#8220; z_index=&#8220;&#8220;][vc_column][vc_separator type=&#8220;normal&#8220; color=&#8220;#88cce2&#8243; thickness=&#8220;5&#8243; up=&#8220;0&#8243; down=&#8220;0&#8243;][\/vc_column][\/vc_row][vc_row css_animation=&#8220;&#8220; row_type=&#8220;row&#8220; use_row_as_full_screen_section=&#8220;no&#8220; type=&#8220;grid&#8220; angled_section=&#8220;no&#8220; text_align=&#8220;left&#8220; background_image_as_pattern=&#8220;without_pattern&#8220; z_index=&#8220;&#8220; css=&#8220;.vc_custom_1722956231897{background-color: rgba(0,166,228,0.05) !important;*background-color: rgb(0,166,228) !important;}&#8220;][vc_column width=&#8220;1\/2&#8243;][vc_row_inner row_type=&#8220;row&#8220; type=&#8220;full_width&#8220; text_align=&#8220;left&#8220; css_animation=&#8220;&#8220; css=&#8220;.vc_custom_1722956159954{padding-top: 50px !important;}&#8220;][vc_column_inner][vc_single_image image=&#8220;4597&#8243; img_size=&#8220;full&#8220; qode_css_animation=&#8220;&#8220;][\/vc_column_inner][\/vc_row_inner][vc_row_inner row_type=&#8220;row&#8220; type=&#8220;full_width&#8220; text_align=&#8220;left&#8220; css_animation=&#8220;&#8220;][vc_column_inner][vc_empty_space][\/vc_column_inner][\/vc_row_inner][\/vc_column][vc_column width=&#8220;1\/2&#8243;][vc_row_inner row_type=&#8220;row&#8220; type=&#8220;full_width&#8220; text_align=&#8220;left&#8220; css_animation=&#8220;&#8220; css=&#8220;.vc_custom_1722956176185{padding-top: 50px !important;}&#8220;][vc_column_inner][vc_column_text]<\/p>\n<h2>Bei uns finden Sie den passenden englischen Fach\u00fcbersetzer f\u00fcr Ihr \u00dcbersetzungs- oder Lokalisierungsprojekt<\/h2>\n<p>Oftmals erweist es sich als schwieriger, Fach\u00fcbersetzer zu finden, die <em>ins <\/em>Englische \u00fcbersetzen, als <em>aus dem<\/em> Englischen\u2026 hinzu kommt die gew\u00fcnschte Sprachvariante, wie z.\u00a0B. amerikanisches, britisches oder kanadisches Englisch.<\/p>\n<p>Wir verf\u00fcgen \u00fcber Fach\u00fcbersetzer, die aus beinahe jeder Sprache ins Englische \u00fcbersetzen.<\/p>\n<h2>Englisch und seine zahlreichen Varianten<\/h2>\n<p>Wenn sich Ihre Pressemitteilung oder Ihr Dokument an ein Publikum in den USA, in Kanada, Gro\u00dfbritannien oder Australien richtet, haben wir f\u00fcr Sie Muttersprachler jeder Variante, die bei der \u00dcbersetzung Ihres Texts den richtigen Ton treffen. Wir bieten auch Lokalisierungen f\u00fcr Indien, S\u00fcdafrika, Malaysia, Singapur und Hongkong an. Unser Netzwerk umfasst \u00dcbersetzer, die viel Zeit in diesen Regionen verbracht haben und sich der linguistischen Besonderheiten bewusst sind, die Lesern signalisieren, dass der Sender mit der einzigartigen Form des Englischen im jeweiligen Land vertraut ist.<\/p>\n<p>[\/vc_column_text][vc_empty_space][\/vc_column_inner][\/vc_row_inner][\/vc_column][\/vc_row][vc_row css_animation=&#8220;&#8220; row_type=&#8220;row&#8220; use_row_as_full_screen_section=&#8220;no&#8220; type=&#8220;grid&#8220; angled_section=&#8220;no&#8220; text_align=&#8220;left&#8220; background_image_as_pattern=&#8220;without_pattern&#8220; z_index=&#8220;&#8220;][vc_column][vc_separator type=&#8220;normal&#8220; color=&#8220;#88cce2&#8243; thickness=&#8220;5&#8243; up=&#8220;0&#8243; down=&#8220;0&#8243;][\/vc_column][\/vc_row][vc_row css_animation=&#8220;&#8220; row_type=&#8220;row&#8220; use_row_as_full_screen_section=&#8220;no&#8220; type=&#8220;grid&#8220; angled_section=&#8220;no&#8220; text_align=&#8220;left&#8220; background_image_as_pattern=&#8220;without_pattern&#8220; z_index=&#8220;&#8220; css=&#8220;.vc_custom_1722957023348{padding-top: 50px !important;}&#8220;][vc_column width=&#8220;1\/2&#8243;][vc_row_inner row_type=&#8220;row&#8220; type=&#8220;full_width&#8220; text_align=&#8220;left&#8220; css_animation=&#8220;&#8220;][vc_column_inner][vc_column_text]<\/p>\n<h2>Die Weltsprache<\/h2>\n<p>Englisch gilt als \u201eWeltsprache\u201c. Es wird in weiten Teilen der Welt als Zweitsprache erlernt und ist die Amtssprache von ann\u00e4hernd 60 souver\u00e4nen Staaten.<\/p>\n<p>Aufgrund seines verbreiteten Gebrauchs rund um den Globus \u00fcberrascht es nicht, dass sich unterschiedliche und ziemlich spezifische Varianten der englischen Sprache entwickelt haben.<\/p>\n<p>Die \u201eOriginalvariante\u201c ist britisches Englisch, das in ganz Gro\u00dfbritannien von etwa 60 Millionen Sprechern gesprochen wird. Amerikanisches Englisch wird mit 225 Millionen Muttersprachlern am meisten gesprochen. Andere wichtige Varianten sind u. a. kanadisches Englisch, australisches Englisch, neuseel\u00e4ndisches Englisch, s\u00fcdafrikanisches Englisch und indisches Englisch.<\/p>\n<p>F\u00fcr Kommunikationen mit der gesamten englischsprachigen Welt gibt es eine Art gemeinsamen Standard, der von einigen Fach\u00fcbersetzern als Weltenglisch bezeichnet wird.<\/p>\n<p>F\u00fcr Ihr \u00dcbersetzungsprojekt empfiehlt sich daher ein Fach\u00fcbersetzer, der mit der gew\u00fcnschten Variante vertraut ist. Doch unabh\u00e4ngig von der jeweiligen englischen Sprachregion teilen s\u00e4mtliche Varianten die gleiche Grundgrammatik und Satzstruktur, weswegen sie gegenseitig verst\u00e4ndlich sind. Dennoch k\u00f6nnen sich bestimmte Worte oder Phrasen unterscheiden.<\/p>\n<p>\u201eM\u00f6chtest Du morgen zum Grillen r\u00fcberkommen\u201c w\u00fcrde in den USA beispielsweise hei\u00dfen: \u201eWould you like to come over for a barbeque tomorrow?\u201c. In Australien hingegen w\u00fcrde es \u201eWould you fancy a barbie at my place tomorrow?\u201c lauten und in S\u00fcdafrika \u201eHow about a lekker braai at my place tomorrow?\u201c.<\/p>\n<p>[\/vc_column_text][vc_empty_space][\/vc_column_inner][\/vc_row_inner][\/vc_column][vc_column width=&#8220;1\/2&#8243;][vc_single_image image=&#8220;4598&#8243; img_size=&#8220;full&#8220; qode_css_animation=&#8220;&#8220;][vc_empty_space height=&#8220;52px&#8220;][\/vc_column][\/vc_row][vc_row css_animation=&#8220;&#8220; row_type=&#8220;row&#8220; use_row_as_full_screen_section=&#8220;no&#8220; type=&#8220;grid&#8220; angled_section=&#8220;no&#8220; text_align=&#8220;left&#8220; background_image_as_pattern=&#8220;without_pattern&#8220; z_index=&#8220;&#8220;][vc_column][vc_separator type=&#8220;normal&#8220; color=&#8220;#88cce2&#8243; thickness=&#8220;5&#8243; up=&#8220;0&#8243; down=&#8220;0&#8243;][\/vc_column][\/vc_row][vc_row css_animation=&#8220;&#8220; row_type=&#8220;row&#8220; use_row_as_full_screen_section=&#8220;no&#8220; type=&#8220;full_width&#8220; angled_section=&#8220;no&#8220; text_align=&#8220;left&#8220; background_image_as_pattern=&#8220;without_pattern&#8220; z_index=&#8220;&#8220; css=&#8220;.vc_custom_1718512370579{padding-top: 50px !important;padding-bottom: 30px !important;background-color: rgba(0,166,228,0.05) !important;*background-color: rgb(0,166,228) !important;}&#8220;][vc_column][vc_row_inner row_type=&#8220;row&#8220; type=&#8220;grid&#8220; text_align=&#8220;left&#8220; css_animation=&#8220;&#8220;][vc_column_inner][vc_column_text css=&#8220;.vc_custom_1729126322937{padding-top: 30px !important;padding-bottom: 40px !important;}&#8220;]<\/p>\n<h2>Der richtige Fach\u00fcbersetzer f\u00fcr die jeweilige englische Variante und Stil<\/h2>\n<p>Sobald uns die Zielgruppe f\u00fcr Ihren \u00dcbersetzungsauftrag bekannt ist, k\u00f6nnen Sie darauf vertrauen, dass wir einen geeigneten englischen Fach\u00fcbersetzer f\u00fcr Sie finden, der zu Ihrer Zielregion sowie dem entsprechenden Themenbereich passt.<\/p>\n<p>Sollten Sie Fragen dazu haben, welche Form des Englischen f\u00fcr die \u00dcbermittlung Ihrer Botschaft die passendste ist, wenden Sie sich bitte an einen unserer Sprachexperten.<\/p>\n<p>Bitte z\u00f6gern Sie nicht, <strong><a href=\"mailto:clientservices@prontotranslations.com\">uns zu kontaktieren<\/a><\/strong>, um Ihr englisches \u00dcbersetzungs- und Lokalisierungsprojekt zu besprechen.<br \/>\n[\/vc_column_text][\/vc_column_inner][\/vc_row_inner][\/vc_column][\/vc_row][vc_row css_animation=&#8220;&#8220; row_type=&#8220;row&#8220; use_row_as_full_screen_section=&#8220;no&#8220; type=&#8220;full_width&#8220; angled_section=&#8220;no&#8220; text_align=&#8220;left&#8220; background_image_as_pattern=&#8220;without_pattern&#8220; z_index=&#8220;&#8220; background_color=&#8220;rgba(0,166,228,0.35)&#8220;][vc_column][vc_row_inner row_type=&#8220;row&#8220; type=&#8220;grid&#8220; text_align=&#8220;left&#8220; css_animation=&#8220;&#8220; css=&#8220;.vc_custom_1712461537481{margin-top: 30px !important;margin-bottom: 30px !important;}&#8220;][vc_column_inner][vc_column_text css=&#8220;.vc_custom_1729126136293{padding-top: 15px !important;padding-right: 10px !important;padding-bottom: 15px !important;padding-left: 10px !important;background-color: #00a5e4 !important;border-radius: 3px !important;}&#8220;]<\/p>\n<p style=\"text-align: center;\"><span style=\"color: #ffffff;\"><a style=\"color: #ffffff;\" href=\"https:\/\/prontotranslations.com\/de\/kontakt\/\">Nehmen Sie f\u00fcr Ihr englisches \u00dcbersetzungs- bzw. Lokalisierungsprojekt mit uns Kontakt auf<\/a><\/span><\/p>\n<p>[\/vc_column_text][\/vc_column_inner][\/vc_row_inner][\/vc_column][\/vc_row]<\/p>\n<\/div>","protected":false},"excerpt":{"rendered":"<p>[vc_row css_animation=&#8220;&#8220; row_type=&#8220;row&#8220; use_row_as_full_screen_section=&#8220;no&#8220; type=&#8220;full_width&#8220; angled_section=&#8220;no&#8220; text_align=&#8220;left&#8220; background_image_as_pattern=&#8220;without_pattern&#8220; z_index=&#8220;&#8220;][vc_column][vc_column_text css=&#8220;.vc_custom_1729126023160{padding-bottom: 30px !important;}&#8220;] Professionelle \u00dcbersetzungsdienste f\u00fcr Englisch [\/vc_column_text][\/vc_column][\/vc_row][vc_row css_animation=&#8220;&#8220; row_type=&#8220;row&#8220; use_row_as_full_screen_section=&#8220;no&#8220; type=&#8220;grid&#8220; angled_section=&#8220;no&#8220; text_align=&#8220;left&#8220; background_image_as_pattern=&#8220;without_pattern&#8220; z_index=&#8220;&#8220;&#8230;<\/p>\n","protected":false},"author":1,"featured_media":0,"parent":4533,"menu_order":6,"comment_status":"closed","ping_status":"closed","template":"full_width.php","meta":{"footnotes":""},"class_list":["post-4595","page","type-page","status-publish","hentry"],"_links":{"self":[{"href":"https:\/\/prontotranslations.com\/de\/wp-json\/wp\/v2\/pages\/4595","targetHints":{"allow":["GET"]}}],"collection":[{"href":"https:\/\/prontotranslations.com\/de\/wp-json\/wp\/v2\/pages"}],"about":[{"href":"https:\/\/prontotranslations.com\/de\/wp-json\/wp\/v2\/types\/page"}],"author":[{"embeddable":true,"href":"https:\/\/prontotranslations.com\/de\/wp-json\/wp\/v2\/users\/1"}],"replies":[{"embeddable":true,"href":"https:\/\/prontotranslations.com\/de\/wp-json\/wp\/v2\/comments?post=4595"}],"version-history":[{"count":8,"href":"https:\/\/prontotranslations.com\/de\/wp-json\/wp\/v2\/pages\/4595\/revisions"}],"predecessor-version":[{"id":6304,"href":"https:\/\/prontotranslations.com\/de\/wp-json\/wp\/v2\/pages\/4595\/revisions\/6304"}],"up":[{"embeddable":true,"href":"https:\/\/prontotranslations.com\/de\/wp-json\/wp\/v2\/pages\/4533"}],"wp:attachment":[{"href":"https:\/\/prontotranslations.com\/de\/wp-json\/wp\/v2\/media?parent=4595"}],"curies":[{"name":"wp","href":"https:\/\/api.w.org\/{rel}","templated":true}]}}