{"id":4619,"date":"2024-08-30T23:26:57","date_gmt":"2024-08-30T23:26:57","guid":{"rendered":"https:\/\/aw-web.com\/pronto2\/?page_id=4619"},"modified":"2025-01-18T04:27:06","modified_gmt":"2025-01-18T04:27:06","slug":"uebersetzungsdienste-fuer-japanisch","status":"publish","type":"page","link":"https:\/\/prontotranslations.com\/de\/sprachenliste\/uebersetzungsdienste-fuer-japanisch\/","title":{"rendered":"\u00dcbersetzungsdienste f\u00fcr Japanisch"},"content":{"rendered":"<div class=\"wpb-content-wrapper\"><p>[vc_row css_animation=&#8220;&#8220; row_type=&#8220;row&#8220; use_row_as_full_screen_section=&#8220;no&#8220; type=&#8220;full_width&#8220; angled_section=&#8220;no&#8220; text_align=&#8220;left&#8220; background_image_as_pattern=&#8220;without_pattern&#8220; z_index=&#8220;&#8220;][vc_column][vc_column_text css=&#8220;.vc_custom_1729127654532{padding-bottom: 30px !important;}&#8220;]<\/p>\n<h1 style=\"text-align: center;\">Professionelle \u00dcbersetzungsdienste f\u00fcr Japanisch<\/h1>\n<p>[\/vc_column_text][\/vc_column][\/vc_row][vc_row css_animation=&#8220;&#8220; row_type=&#8220;row&#8220; use_row_as_full_screen_section=&#8220;no&#8220; type=&#8220;grid&#8220; angled_section=&#8220;no&#8220; text_align=&#8220;left&#8220; background_image_as_pattern=&#8220;without_pattern&#8220; z_index=&#8220;&#8220; css=&#8220;.vc_custom_1719198241526{padding-top: 50px !important;padding-right: 10% !important;padding-left: 10% !important;}&#8220;][vc_column width=&#8220;1\/2&#8243; css=&#8220;.vc_custom_1712629369530{padding-right: 10% !important;padding-left: 10% !important;}&#8220;][vc_row_inner row_type=&#8220;row&#8220; type=&#8220;full_width&#8220; text_align=&#8220;center&#8220; css_animation=&#8220;&#8220; css=&#8220;.vc_custom_1722784476757{padding-top: 20px !important;}&#8220;][vc_column_inner][vc_column_text css=&#8220;.vc_custom_1729127700841{padding-bottom: 50px !important;}&#8220;]<\/p>\n<p style=\"text-align: center;\"><strong>Pronto Translations kann Ihr japanisches Dokument bzw. Ihre japanische Pressemitteilung f\u00fcr einen sehr anspruchsvollen Markt lokalisieren<\/strong><\/p>\n<ul>\n<li style=\"text-align: left;\">Chinesisch-Japanisch-\u00dcbersetzungen<\/li>\n<li style=\"text-align: left;\">Deutsch-Japanisch-\u00dcbersetzungen<\/li>\n<li style=\"text-align: left;\">Englisch-Japanisch-\u00dcbersetzungen<\/li>\n<li style=\"text-align: left;\">Franz\u00f6sisch-Japanisch-\u00dcbersetzungen<\/li>\n<li style=\"text-align: left;\">Koreanisch-Japanisch-\u00dcbersetzungen<\/li>\n<li style=\"text-align: left;\">Niederl\u00e4ndisch-Japanisch-\u00dcbersetzungen<\/li>\n<li style=\"text-align: left;\">Russisch-Japanisch-\u00dcbersetzungen<\/li>\n<li style=\"text-align: left;\">Spanisch-Japanisch-\u00dcbersetzungen<\/li>\n<li style=\"text-align: left;\">Thail\u00e4ndisch-Japanisch-\u00dcbersetzungen<\/li>\n<li style=\"text-align: left;\">Vietnamesisch-Japanisch-\u00dcbersetzungen<\/li>\n<\/ul>\n<p>[\/vc_column_text][vc_column_text css=&#8220;.vc_custom_1729127769786{padding-top: 10px !important;padding-bottom: 10px !important;background-color: #00a6e4 !important;border-radius: 3px !important;}&#8220;]<\/p>\n<p style=\"text-align: center;\"><a href=\"https:\/\/prontotranslations.com\/de\/kontakt\/\"><span style=\"color: #ffffff;\">Nehmen Sie f\u00fcr Ihr japanisches \u00dcbersetzungs- oder Lokalisierungsprojekt mit uns Kontakt auf<\/span><\/a><\/p>\n<p>[\/vc_column_text][vc_empty_space height=&#8220;52px&#8220;][\/vc_column_inner][\/vc_row_inner][\/vc_column][vc_column width=&#8220;1\/2&#8243;][vc_single_image image=&#8220;4621&#8243; img_size=&#8220;full&#8220; alignment=&#8220;center&#8220; qode_css_animation=&#8220;&#8220; css=&#8220;.vc_custom_1725063157233{padding-bottom: 30px !important;}&#8220;][vc_empty_space][\/vc_column][\/vc_row][vc_row css_animation=&#8220;&#8220; row_type=&#8220;row&#8220; use_row_as_full_screen_section=&#8220;no&#8220; type=&#8220;grid&#8220; angled_section=&#8220;no&#8220; text_align=&#8220;left&#8220; background_image_as_pattern=&#8220;without_pattern&#8220; z_index=&#8220;&#8220;][vc_column][vc_separator type=&#8220;normal&#8220; color=&#8220;#88cce2&#8243; thickness=&#8220;5&#8243; up=&#8220;0&#8243; down=&#8220;0&#8243;][\/vc_column][\/vc_row][vc_row css_animation=&#8220;&#8220; row_type=&#8220;row&#8220; use_row_as_full_screen_section=&#8220;no&#8220; type=&#8220;grid&#8220; angled_section=&#8220;no&#8220; text_align=&#8220;left&#8220; background_image_as_pattern=&#8220;without_pattern&#8220; z_index=&#8220;&#8220; css=&#8220;.vc_custom_1723776591306{background-color: rgba(0,166,228,0.05) !important;*background-color: rgb(0,166,228) !important;}&#8220;][vc_column width=&#8220;1\/2&#8243;][vc_row_inner row_type=&#8220;row&#8220; type=&#8220;full_width&#8220; text_align=&#8220;left&#8220; css_animation=&#8220;&#8220; css=&#8220;.vc_custom_1722956159954{padding-top: 50px !important;}&#8220;][vc_column_inner][vc_single_image image=&#8220;4622&#8243; img_size=&#8220;full&#8220; qode_css_animation=&#8220;&#8220;][\/vc_column_inner][\/vc_row_inner][vc_row_inner row_type=&#8220;row&#8220; type=&#8220;full_width&#8220; text_align=&#8220;left&#8220; css_animation=&#8220;&#8220;][vc_column_inner][vc_empty_space height=&#8220;52px&#8220;][\/vc_column_inner][\/vc_row_inner][\/vc_column][vc_column width=&#8220;1\/2&#8243;][vc_row_inner row_type=&#8220;row&#8220; type=&#8220;full_width&#8220; text_align=&#8220;left&#8220; css_animation=&#8220;&#8220; css=&#8220;.vc_custom_1722956176185{padding-top: 50px !important;}&#8220;][vc_column_inner][vc_column_text]<\/p>\n<h2>Gerne helfen wir Ihnen, Ihre Botschaft in Japanisch zu vermitteln, sodass Sie den drittwichtigsten Markt der Welt erreichen<\/h2>\n<p>Unser kompetentes Team f\u00fcr Japanisch-\u00dcbersetzungen steht bereit, um Ihnen bei der Kommunikation mit diesem wichtigen Markt zur Seite zu stehen.\u00a0Japanisch wird von etwa 128\u00a0Millionen Menschen als erste bzw. Muttersprache gesprochen und ist somit in Bezug auf Muttersprachler die achth\u00e4ufigste Sprache der Welt.<\/p>\n<h2>Die Sprache der weltweit drittgr\u00f6\u00dften Volkswirtschaft<\/h2>\n<p>Der Internationale W\u00e4hrungsfonds, die Weltbank und die Vereinten Nationen stimmen \u00fcberein, dass Japan das Land mit dem drittgr\u00f6\u00dften BIP der Welt ist.<\/p>\n<h2>Eine sehr anspruchsvolle Sprache<\/h2>\n<p>Japaner legen genauso wie Franzosen viel Wert auf ihre Sprache.\u00a0Sowohl die schriftliche als auch die gesprochene Sprache zeichnet sich durch verschiedene F\u00f6rmlichkeitsstufen aus. Je nach Beziehung zur angesprochenen Person passen Japanischsprecher ihre Sprache entsprechend des angemessenen Respekts an. Dies gilt auch f\u00fcr die schriftliche Kommunikation. Die F\u00f6rmlichkeitsstufen lassen sich dabei grob in drei Formen unterteilen: <em>kudaketa<\/em> bzw. die grundlegende Form, <em>tenei<\/em> bzw. die einfache H\u00f6flichkeitsform und <em>keigo<\/em> bzw. die erweiterte H\u00f6flichkeitsform.<br \/>\n[\/vc_column_text][\/vc_column_inner][\/vc_row_inner][vc_empty_space height=&#8220;42px&#8220;][\/vc_column][\/vc_row][vc_row css_animation=&#8220;&#8220; row_type=&#8220;row&#8220; use_row_as_full_screen_section=&#8220;no&#8220; type=&#8220;grid&#8220; angled_section=&#8220;no&#8220; text_align=&#8220;left&#8220; background_image_as_pattern=&#8220;without_pattern&#8220; z_index=&#8220;&#8220;][vc_column][vc_separator type=&#8220;normal&#8220; color=&#8220;#88cce2&#8243; thickness=&#8220;5&#8243; up=&#8220;0&#8243; down=&#8220;0&#8243;][\/vc_column][\/vc_row][vc_row css_animation=&#8220;&#8220; row_type=&#8220;row&#8220; use_row_as_full_screen_section=&#8220;no&#8220; type=&#8220;grid&#8220; angled_section=&#8220;no&#8220; text_align=&#8220;left&#8220; background_image_as_pattern=&#8220;without_pattern&#8220; z_index=&#8220;&#8220; css=&#8220;.vc_custom_1722957023348{padding-top: 50px !important;}&#8220;][vc_column width=&#8220;1\/2&#8243;][vc_row_inner row_type=&#8220;row&#8220; type=&#8220;full_width&#8220; text_align=&#8220;left&#8220; css_animation=&#8220;&#8220;][vc_column_inner][vc_column_text]<\/p>\n<h2>H\u00f6flichkeitsstufen \u2013 der Schl\u00fcssel zum Erfolg f\u00fcr Ihre Botschaft<\/h2>\n<p>Jede Sprache verf\u00fcgt \u00fcber bestimmte \u201eKennzeichen\u201c, um zwischen formeller und informeller Sprache zu unterscheiden. Doch im Japanischen ist dieses System wesentlich komplizierter, da neben formell und informell zus\u00e4tzlich zwischen verschiedenen F\u00f6rmlichkeitsstufen unterschieden wird. Die jeweilige Verbform unterscheidet sich dabei je nach angemessener H\u00f6flichkeitsform.<\/p>\n<p>Sie k\u00f6nnen viele Informationen \u00fcber sich preisgeben und einen guten Eindruck machen, wenn Sie die richtige F\u00f6rmlichkeitsstufe gebrauchen \u2013 egal ob bei einer ersten Vorstellung, im st\u00e4ndigen Austausch oder bei der Ver\u00f6ffentlichung einer Pressemitteilung bzw. PR-Nachricht.<\/p>\n<p>F\u00fcr japanische \u00dcbersetzungen werden Fach\u00fcbersetzer ben\u00f6tigt, die das Dokument nicht nur \u00fcbersetzen k\u00f6nnen, sondern auch die Art der Beziehung zwischen dem Kommunizierenden und dem angesprochenen Zielpublikum verstehen, um die richtige Form zu w\u00e4hlen.<\/p>\n<p>Unsere Fach\u00fcbersetzer haben etliche Jahre Berufserfahrung vorzuweisen und sind mit diesem Aspekt der Dokumentenerstellung bestens vertraut. Sie k\u00f6nnen sich darauf verlassen, dass die richtigen H\u00f6flichkeits- und F\u00f6rmlichkeitsstufen verwendet werden, egal ob es sich bei dem zu \u00fcbersetzenden Dokument um eine E-Mail, einen Blog-Post, eine Pressemitteilung oder ein Marketingdokument handelt.<br \/>\n[\/vc_column_text][vc_empty_space height=&#8220;42px&#8220;][\/vc_column_inner][\/vc_row_inner][\/vc_column][vc_column width=&#8220;1\/2&#8243;][vc_single_image image=&#8220;4623&#8243; img_size=&#8220;full&#8220; qode_css_animation=&#8220;&#8220;][vc_empty_space height=&#8220;52px&#8220;][\/vc_column][\/vc_row][vc_row css_animation=&#8220;&#8220; row_type=&#8220;row&#8220; use_row_as_full_screen_section=&#8220;no&#8220; type=&#8220;grid&#8220; angled_section=&#8220;no&#8220; text_align=&#8220;left&#8220; background_image_as_pattern=&#8220;without_pattern&#8220; z_index=&#8220;&#8220;][vc_column][vc_separator type=&#8220;normal&#8220; color=&#8220;#88cce2&#8243; thickness=&#8220;5&#8243; up=&#8220;0&#8243; down=&#8220;0&#8243;][\/vc_column][\/vc_row][vc_row css_animation=&#8220;&#8220; row_type=&#8220;row&#8220; use_row_as_full_screen_section=&#8220;no&#8220; type=&#8220;full_width&#8220; angled_section=&#8220;no&#8220; text_align=&#8220;left&#8220; background_image_as_pattern=&#8220;without_pattern&#8220; z_index=&#8220;&#8220; css=&#8220;.vc_custom_1725064105076{padding-top: 50px !important;padding-bottom: 30px !important;background-color: rgba(0,166,228,0.05) !important;*background-color: rgb(0,166,228) !important;}&#8220;][vc_column][vc_row_inner row_type=&#8220;row&#8220; type=&#8220;grid&#8220; text_align=&#8220;left&#8220; css_animation=&#8220;&#8220;][vc_column_inner][vc_column_text css=&#8220;.vc_custom_1729130685507{padding-top: 30px !important;padding-bottom: 40px !important;}&#8220;]<\/p>\n<h2>Unser in Tokio ans\u00e4ssiges Team von Fach\u00fcbersetzern k\u00fcmmert sich gerne um Ihren japanischen \u00dcbersetzungs- und Lokalisierungsbedarf<\/h2>\n<p>Bitte\u00a0<strong><a href=\"mailto:clientservices@prontotranslations.com\">kontaktieren Sie uns<\/a><\/strong> um Ihre Anforderungen zu besprechen.[\/vc_column_text][\/vc_column_inner][\/vc_row_inner][\/vc_column][\/vc_row][vc_row css_animation=&#8220;&#8220; row_type=&#8220;row&#8220; use_row_as_full_screen_section=&#8220;no&#8220; type=&#8220;full_width&#8220; angled_section=&#8220;no&#8220; text_align=&#8220;left&#8220; background_image_as_pattern=&#8220;without_pattern&#8220; z_index=&#8220;&#8220; background_color=&#8220;rgba(0,166,228,0.35)&#8220;][vc_column][vc_row_inner row_type=&#8220;row&#8220; type=&#8220;grid&#8220; text_align=&#8220;left&#8220; css_animation=&#8220;&#8220; css=&#8220;.vc_custom_1712461537481{margin-top: 30px !important;margin-bottom: 30px !important;}&#8220;][vc_column_inner][vc_column_text css=&#8220;.vc_custom_1729127754336{padding-top: 15px !important;padding-right: 10px !important;padding-bottom: 15px !important;padding-left: 10px !important;background-color: #00a5e4 !important;border-radius: 3px !important;}&#8220;]<\/p>\n<p style=\"text-align: center;\"><span style=\"color: #ffffff;\"><a style=\"color: #ffffff;\" href=\"https:\/\/prontotranslations.com\/de\/kontakt\/\">Nehmen Sie f\u00fcr Ihr japanisches \u00dcbersetzungs- oder Lokalisierungsprojekt mit uns Kontakt auf<\/a><\/span><\/p>\n<p>[\/vc_column_text][\/vc_column_inner][\/vc_row_inner][\/vc_column][\/vc_row]<\/p>\n<\/div>","protected":false},"excerpt":{"rendered":"<p>[vc_row css_animation=&#8220;&#8220; row_type=&#8220;row&#8220; use_row_as_full_screen_section=&#8220;no&#8220; type=&#8220;full_width&#8220; angled_section=&#8220;no&#8220; text_align=&#8220;left&#8220; background_image_as_pattern=&#8220;without_pattern&#8220; z_index=&#8220;&#8220;][vc_column][vc_column_text css=&#8220;.vc_custom_1729127654532{padding-bottom: 30px !important;}&#8220;] Professionelle \u00dcbersetzungsdienste f\u00fcr Japanisch [\/vc_column_text][\/vc_column][\/vc_row][vc_row css_animation=&#8220;&#8220; row_type=&#8220;row&#8220; use_row_as_full_screen_section=&#8220;no&#8220; type=&#8220;grid&#8220; angled_section=&#8220;no&#8220; text_align=&#8220;left&#8220; background_image_as_pattern=&#8220;without_pattern&#8220; z_index=&#8220;&#8220;&#8230;<\/p>\n","protected":false},"author":1,"featured_media":0,"parent":4533,"menu_order":16,"comment_status":"closed","ping_status":"closed","template":"full_width.php","meta":{"footnotes":""},"class_list":["post-4619","page","type-page","status-publish","hentry"],"_links":{"self":[{"href":"https:\/\/prontotranslations.com\/de\/wp-json\/wp\/v2\/pages\/4619","targetHints":{"allow":["GET"]}}],"collection":[{"href":"https:\/\/prontotranslations.com\/de\/wp-json\/wp\/v2\/pages"}],"about":[{"href":"https:\/\/prontotranslations.com\/de\/wp-json\/wp\/v2\/types\/page"}],"author":[{"embeddable":true,"href":"https:\/\/prontotranslations.com\/de\/wp-json\/wp\/v2\/users\/1"}],"replies":[{"embeddable":true,"href":"https:\/\/prontotranslations.com\/de\/wp-json\/wp\/v2\/comments?post=4619"}],"version-history":[{"count":5,"href":"https:\/\/prontotranslations.com\/de\/wp-json\/wp\/v2\/pages\/4619\/revisions"}],"predecessor-version":[{"id":4673,"href":"https:\/\/prontotranslations.com\/de\/wp-json\/wp\/v2\/pages\/4619\/revisions\/4673"}],"up":[{"embeddable":true,"href":"https:\/\/prontotranslations.com\/de\/wp-json\/wp\/v2\/pages\/4533"}],"wp:attachment":[{"href":"https:\/\/prontotranslations.com\/de\/wp-json\/wp\/v2\/media?parent=4619"}],"curies":[{"name":"wp","href":"https:\/\/api.w.org\/{rel}","templated":true}]}}