{"id":4628,"date":"2024-08-31T17:32:18","date_gmt":"2024-08-31T17:32:18","guid":{"rendered":"https:\/\/aw-web.com\/pronto2\/?page_id=4628"},"modified":"2025-01-18T04:28:06","modified_gmt":"2025-01-18T04:28:06","slug":"uebersetzungsdienste-fuer-koreanisch","status":"publish","type":"page","link":"https:\/\/prontotranslations.com\/de\/sprachenliste\/uebersetzungsdienste-fuer-koreanisch\/","title":{"rendered":"\u00dcbersetzungsdienste f\u00fcr Koreanisch"},"content":{"rendered":"<div class=\"wpb-content-wrapper\"><p>[vc_row css_animation=&#8220;&#8220; row_type=&#8220;row&#8220; use_row_as_full_screen_section=&#8220;no&#8220; type=&#8220;full_width&#8220; angled_section=&#8220;no&#8220; text_align=&#8220;left&#8220; background_image_as_pattern=&#8220;without_pattern&#8220; z_index=&#8220;&#8220;][vc_column][vc_column_text css=&#8220;.vc_custom_1729128120852{padding-bottom: 30px !important;}&#8220;]<\/p>\n<h1 style=\"text-align: center;\">Professionelle \u00dcbersetzungsdienste f\u00fcr Koreanisch<\/h1>\n<p>[\/vc_column_text][\/vc_column][\/vc_row][vc_row css_animation=&#8220;&#8220; row_type=&#8220;row&#8220; use_row_as_full_screen_section=&#8220;no&#8220; type=&#8220;grid&#8220; angled_section=&#8220;no&#8220; text_align=&#8220;left&#8220; background_image_as_pattern=&#8220;without_pattern&#8220; z_index=&#8220;&#8220; css=&#8220;.vc_custom_1719198241526{padding-top: 50px !important;padding-right: 10% !important;padding-left: 10% !important;}&#8220;][vc_column width=&#8220;1\/2&#8243; css=&#8220;.vc_custom_1712629369530{padding-right: 10% !important;padding-left: 10% !important;}&#8220;][vc_row_inner row_type=&#8220;row&#8220; type=&#8220;full_width&#8220; text_align=&#8220;center&#8220; css_animation=&#8220;&#8220; css=&#8220;.vc_custom_1722784476757{padding-top: 20px !important;}&#8220;][vc_column_inner][vc_column_text css=&#8220;.vc_custom_1729128165196{padding-bottom: 50px !important;}&#8220;]<\/p>\n<p style=\"text-align: center;\"><strong>Das in Seoul ans\u00e4ssige Team erfahrener \u00dcbersetzer von Pronto k\u00fcmmert sich gerne um Ihren koreanischen \u00dcbersetzungsbedarf.<\/strong><\/p>\n<ul>\n<li style=\"text-align: left;\">Chinesisch-Koreanisch-\u00dcbersetzungen<\/li>\n<li style=\"text-align: left;\">Englisch-Koreanisch-\u00dcbersetzungen<\/li>\n<li style=\"text-align: left;\">Franz\u00f6sisch-Koreanisch-\u00dcbersetzungen<\/li>\n<li style=\"text-align: left;\">Deutsch-Koreanisch-\u00dcbersetzungen<\/li>\n<li style=\"text-align: left;\">Japanisch-Koreanisch-\u00dcbersetzungen<\/li>\n<li style=\"text-align: left;\">Spanisch-Koreanisch-\u00dcbersetzungen<\/li>\n<li style=\"text-align: left;\">Thail\u00e4ndisch-Koreanisch-\u00dcbersetzungen<\/li>\n<\/ul>\n<p>[\/vc_column_text][vc_column_text css=&#8220;.vc_custom_1728003340500{padding-top: 10px !important;padding-bottom: 10px !important;background-color: #00a6e4 !important;border-radius: 3px !important;}&#8220;]<\/p>\n<p style=\"text-align: center;\"><a href=\"https:\/\/prontotranslations.com\/fr\/contact\/\"><span style=\"color: #ffffff;\">Contactez-nous au sujet de votre projet de traduction ou de localisation vers le cor\u00e9en<\/span><\/a><\/p>\n<p>[\/vc_column_text][vc_empty_space height=&#8220;52px&#8220;][\/vc_column_inner][\/vc_row_inner][\/vc_column][vc_column width=&#8220;1\/2&#8243;][vc_single_image image=&#8220;4629&#8243; img_size=&#8220;full&#8220; alignment=&#8220;center&#8220; qode_css_animation=&#8220;&#8220; css=&#8220;.vc_custom_1725126217285{padding-bottom: 30px !important;}&#8220;][vc_empty_space][\/vc_column][\/vc_row][vc_row css_animation=&#8220;&#8220; row_type=&#8220;row&#8220; use_row_as_full_screen_section=&#8220;no&#8220; type=&#8220;grid&#8220; angled_section=&#8220;no&#8220; text_align=&#8220;left&#8220; background_image_as_pattern=&#8220;without_pattern&#8220; z_index=&#8220;&#8220;][vc_column][vc_separator type=&#8220;normal&#8220; color=&#8220;#88cce2&#8243; thickness=&#8220;5&#8243; up=&#8220;0&#8243; down=&#8220;0&#8243;][\/vc_column][\/vc_row][vc_row css_animation=&#8220;&#8220; row_type=&#8220;row&#8220; use_row_as_full_screen_section=&#8220;no&#8220; type=&#8220;grid&#8220; angled_section=&#8220;no&#8220; text_align=&#8220;left&#8220; background_image_as_pattern=&#8220;without_pattern&#8220; z_index=&#8220;&#8220; css=&#8220;.vc_custom_1723776591306{background-color: rgba(0,166,228,0.05) !important;*background-color: rgb(0,166,228) !important;}&#8220;][vc_column width=&#8220;1\/2&#8243;][vc_row_inner row_type=&#8220;row&#8220; type=&#8220;full_width&#8220; text_align=&#8220;left&#8220; css_animation=&#8220;&#8220; css=&#8220;.vc_custom_1722956159954{padding-top: 50px !important;}&#8220;][vc_column_inner][vc_single_image image=&#8220;4630&#8243; img_size=&#8220;full&#8220; qode_css_animation=&#8220;&#8220;][\/vc_column_inner][\/vc_row_inner][vc_row_inner row_type=&#8220;row&#8220; type=&#8220;full_width&#8220; text_align=&#8220;left&#8220; css_animation=&#8220;&#8220;][vc_column_inner][vc_empty_space][\/vc_column_inner][\/vc_row_inner][\/vc_column][vc_column width=&#8220;1\/2&#8243;][vc_row_inner row_type=&#8220;row&#8220; type=&#8220;full_width&#8220; text_align=&#8220;left&#8220; css_animation=&#8220;&#8220; css=&#8220;.vc_custom_1722956176185{padding-top: 50px !important;}&#8220;][vc_column_inner][vc_column_text]<\/p>\n<h2>Ein aufstrebender und \u00e4u\u00dferst wichtiger Markt f\u00fcr jeden, der in Asien Marketing betreibt<\/h2>\n<p>Die koreanische Sprache, die als <em>Hanguko <\/em>(\ud55c\uad6d\uc5b4) bezeichnet wird, hat weltweit \u00fcber 85\u00a0Millionen Sprecher und ist Amts- sowie Landessprache von Nord- und S\u00fcdkorea.<\/p>\n<p>Das einzigartige Alphabet der Sprache, <em>Hangeul<\/em> (\ud55c\uae00), wurde bereits 1443 von K\u00f6nig Sejong erstellt, jedoch erst Ende der 1980er Jahre zum allgemeinen offiziellen Schreibsystem erkl\u00e4rt, auch im \u00f6ffentlichen Sektor.<\/p>\n<p>Koreanisch ist mit 3 Millionen Sprechern besonders stark in Nordamerika vertreten. Viele von ihnen sind Einwanderer mit US-amerikanischer und kanadischer Staatsb\u00fcrgerschaft oder leben vor\u00fcbergehend f\u00fcr Beruf oder Studium in einem der beiden L\u00e4nder.<\/p>\n<p>Koreanisch ist in China als vierth\u00e4ufigste gesprochene ausl\u00e4ndische Sprache des Landes offiziell als Minderheitensprache anerkannt.<\/p>\n<p>Koreanische Studierende und Gesch\u00e4ftsleute sind \u00fcber ganz Australien, Europa und Lateinamerika verstreut, wobei besonders viele von ihnen in Gro\u00dfbritannien und Brasilien leben, jedoch weiterhin mit Freunden und Kollegen Koreanisch sprechen.<\/p>\n<p>Aufgrund von Bem\u00fchungen, die Sprache unter Nachkommen von Koreanern wiederzubeleben, die Ende des 19.\u00a0Jahrhunderts und Anfang des 20.\u00a0Jahrhunderts nach Russland und in die Sowjetunion emigrierten, wird die Sprache heute auch in Teilen von Sachalin, Russland und Zentralasien gesprochen, mit der h\u00f6chsten Sprecherzahl in Usbekistan und Kasachstan. In Korea fungiert das Nationale Institut f\u00fcr die koreanische Sprache (\uad6d\ub9bd\uad6d\uc5b4\uc6d0) als Regulierungsbeh\u00f6rde.<br \/>\n[\/vc_column_text][vc_empty_space height=&#8220;42px&#8220;][\/vc_column_inner][\/vc_row_inner][\/vc_column][\/vc_row][vc_row css_animation=&#8220;&#8220; row_type=&#8220;row&#8220; use_row_as_full_screen_section=&#8220;no&#8220; type=&#8220;grid&#8220; angled_section=&#8220;no&#8220; text_align=&#8220;left&#8220; background_image_as_pattern=&#8220;without_pattern&#8220; z_index=&#8220;&#8220;][vc_column][vc_separator type=&#8220;normal&#8220; color=&#8220;#88cce2&#8243; thickness=&#8220;5&#8243; up=&#8220;0&#8243; down=&#8220;0&#8243;][\/vc_column][\/vc_row][vc_row css_animation=&#8220;&#8220; row_type=&#8220;row&#8220; use_row_as_full_screen_section=&#8220;no&#8220; type=&#8220;grid&#8220; angled_section=&#8220;no&#8220; text_align=&#8220;left&#8220; background_image_as_pattern=&#8220;without_pattern&#8220; z_index=&#8220;&#8220; css=&#8220;.vc_custom_1722957023348{padding-top: 50px !important;}&#8220;][vc_column width=&#8220;1\/2&#8243;][vc_row_inner row_type=&#8220;row&#8220; type=&#8220;full_width&#8220; text_align=&#8220;left&#8220; css_animation=&#8220;&#8220;][vc_column_inner][vc_column_text]<\/p>\n<h2>Eine Sprache, mit einzigartigen Herausforderungen beim \u00dcbersetzen<\/h2>\n<p>Die \u00dcbersetzung aus einer beliebigen Quellsprache ins Koreanische bringt mehr Schwierigkeiten mit sich als die meisten anderen Sprachen, da Koreanisch eine isolierte Sprache ist. Mit anderen Worten ist Koreanisch mit keiner anderen lebenden Sprache verwandt.\u00a0\u00dcbersetzungen aus dem Japanischen oder Chinesischen bergen bestimmte Schwierigkeiten, doch \u00dcbersetzungen aus einer westeurop\u00e4ischen Sprache ins Koreanische gehen mit einer Vielzahl von Herausforderungen einher, denen man in anderen Sprachenpaaren nicht begegnet.<\/p>\n<p>Pronto verf\u00fcgt \u00fcber ein in Seoul ans\u00e4ssiges Team von Koreanisch\u00fcbersetzern mit hervorragenden Englisch- und Deutschkenntnissen und jahrelanger Erfahrung in ihrem Sprachenpaar. Sie stellen sicher, dass Ihre fertige \u00dcbersetzung sich liest, als w\u00e4re sie auf Koreanisch verfasst worden.<\/p>\n<h2>\u00dcbersetzung von Vertr\u00e4gen<\/h2>\n<p>Die \u00dcbersetzung von Vertr\u00e4gen und juristischen Texten setzt ein tiefgreifendes Fachwissen zu spezifischen Bereichen voraus, da ein Vertrag sehr strenge Klauseln zu den Rechten und Pflichten der betroffenen Parteien enth\u00e4lt. Ein solches Dokument bezieht sich nicht nur auf den rechtlichen Bereich, sondern kann auch wirtschaftliche, technische und branchenspezifische Terminologie enthalten. Wird diese schlecht oder fehlerhaft \u00fcbersetzt, kann sie von der urspr\u00fcnglichen Bedeutung abweichen und zu Missverst\u00e4ndnissen bei interessierten Dritten f\u00fchren.<\/p>\n<p>Faktoren, wie z.\u00a0B. der Inhalt der Vereinbarung und ob sie Parteien unter koreanischer Gerichtsbarkeit einbezieht, k\u00f6nnen aufgrund der Unterschiede zwischen dem koreanischen und ausl\u00e4ndischen Rechtssystemen weitere Komplikationen hervorrufen.<\/p>\n<p>Einige juristische Fachabk\u00fcrzungen, wie z.\u00a0B. \u201eff.\u201c (fortfolgende), \u201ei.d.F.\u201c (in der Fassung) oder \u201ei.S.v.\u201c (im Sinne von), stellen zus\u00e4tzliche Herausforderungen bei solchen \u00dcbersetzungen dar.<\/p>\n<p>Daher kann nur ein qualifizierter \u00dcbersetzer mit Spezialisierung auf Vertrags\u00fcbersetzung einen solchen Auftrag richtig bearbeiten.<br \/>\n[\/vc_column_text][vc_empty_space height=&#8220;42px&#8220;][\/vc_column_inner][\/vc_row_inner][\/vc_column][vc_column width=&#8220;1\/2&#8243;][vc_single_image image=&#8220;4631&#8243; img_size=&#8220;full&#8220; qode_css_animation=&#8220;&#8220;][vc_empty_space height=&#8220;52px&#8220;][\/vc_column][\/vc_row][vc_row css_animation=&#8220;&#8220; row_type=&#8220;row&#8220; use_row_as_full_screen_section=&#8220;no&#8220; type=&#8220;grid&#8220; angled_section=&#8220;no&#8220; text_align=&#8220;left&#8220; background_image_as_pattern=&#8220;without_pattern&#8220; z_index=&#8220;&#8220;][vc_column][vc_separator type=&#8220;normal&#8220; color=&#8220;#88cce2&#8243; thickness=&#8220;5&#8243; up=&#8220;0&#8243; down=&#8220;0&#8243;][\/vc_column][\/vc_row][vc_row css_animation=&#8220;&#8220; row_type=&#8220;row&#8220; use_row_as_full_screen_section=&#8220;no&#8220; type=&#8220;full_width&#8220; angled_section=&#8220;no&#8220; text_align=&#8220;left&#8220; background_image_as_pattern=&#8220;without_pattern&#8220; z_index=&#8220;&#8220; css=&#8220;.vc_custom_1725126918568{padding-top: 50px !important;padding-bottom: 30px !important;background-color: rgba(0,166,228,0.05) !important;*background-color: rgb(0,166,228) !important;}&#8220;][vc_column][vc_row_inner row_type=&#8220;row&#8220; type=&#8220;grid&#8220; text_align=&#8220;left&#8220; css_animation=&#8220;&#8220;][vc_column_inner][vc_column_text css=&#8220;.vc_custom_1729130632831{padding-top: 30px !important;padding-bottom: 40px !important;}&#8220;]<\/p>\n<h2>Unser in Seoul ans\u00e4ssiges Team erfahrener \u00dcbersetzer von Pronto k\u00fcmmert sich gerne um ihren koreanischen \u00dcbersetzungsbedarf!<\/h2>\n<p>Bitte z\u00f6gern Sie nicht, <a href=\"mailto:clientservices@prontotranslations.com\"><strong>uns zu kontaktieren<\/strong><\/a>, um Ihr koreanisches \u00dcbersetzungs- und Lokalisierungsprojekt zu besprechen.[\/vc_column_text][\/vc_column_inner][\/vc_row_inner][\/vc_column][\/vc_row][vc_row css_animation=&#8220;&#8220; row_type=&#8220;row&#8220; use_row_as_full_screen_section=&#8220;no&#8220; type=&#8220;full_width&#8220; angled_section=&#8220;no&#8220; text_align=&#8220;left&#8220; background_image_as_pattern=&#8220;without_pattern&#8220; z_index=&#8220;&#8220; background_color=&#8220;rgba(0,166,228,0.35)&#8220;][vc_column][vc_row_inner row_type=&#8220;row&#8220; type=&#8220;grid&#8220; text_align=&#8220;left&#8220; css_animation=&#8220;&#8220; css=&#8220;.vc_custom_1712461537481{margin-top: 30px !important;margin-bottom: 30px !important;}&#8220;][vc_column_inner][vc_column_text css=&#8220;.vc_custom_1728003370944{padding-top: 15px !important;padding-right: 10px !important;padding-bottom: 15px !important;padding-left: 10px !important;background-color: #00a5e4 !important;border-radius: 3px !important;}&#8220;]<\/p>\n<p style=\"text-align: center;\"><span style=\"color: #ffffff;\"><a style=\"color: #ffffff;\" href=\"https:\/\/prontotranslations.com\/fr\/contact\/\">Contactez-nous au sujet de votre projet de traduction ou de localisation vers le cor\u00e9en<\/a><\/span><\/p>\n<p>[\/vc_column_text][\/vc_column_inner][\/vc_row_inner][\/vc_column][\/vc_row]<\/p>\n<\/div>","protected":false},"excerpt":{"rendered":"<p>[vc_row css_animation=&#8220;&#8220; row_type=&#8220;row&#8220; use_row_as_full_screen_section=&#8220;no&#8220; type=&#8220;full_width&#8220; angled_section=&#8220;no&#8220; text_align=&#8220;left&#8220; background_image_as_pattern=&#8220;without_pattern&#8220; z_index=&#8220;&#8220;][vc_column][vc_column_text css=&#8220;.vc_custom_1729128120852{padding-bottom: 30px !important;}&#8220;] Professionelle \u00dcbersetzungsdienste f\u00fcr Koreanisch [\/vc_column_text][\/vc_column][\/vc_row][vc_row css_animation=&#8220;&#8220; row_type=&#8220;row&#8220; use_row_as_full_screen_section=&#8220;no&#8220; type=&#8220;grid&#8220; angled_section=&#8220;no&#8220; text_align=&#8220;left&#8220; background_image_as_pattern=&#8220;without_pattern&#8220; z_index=&#8220;&#8220;&#8230;<\/p>\n","protected":false},"author":1,"featured_media":0,"parent":4533,"menu_order":17,"comment_status":"closed","ping_status":"closed","template":"full_width.php","meta":{"footnotes":""},"class_list":["post-4628","page","type-page","status-publish","hentry"],"_links":{"self":[{"href":"https:\/\/prontotranslations.com\/de\/wp-json\/wp\/v2\/pages\/4628","targetHints":{"allow":["GET"]}}],"collection":[{"href":"https:\/\/prontotranslations.com\/de\/wp-json\/wp\/v2\/pages"}],"about":[{"href":"https:\/\/prontotranslations.com\/de\/wp-json\/wp\/v2\/types\/page"}],"author":[{"embeddable":true,"href":"https:\/\/prontotranslations.com\/de\/wp-json\/wp\/v2\/users\/1"}],"replies":[{"embeddable":true,"href":"https:\/\/prontotranslations.com\/de\/wp-json\/wp\/v2\/comments?post=4628"}],"version-history":[{"count":7,"href":"https:\/\/prontotranslations.com\/de\/wp-json\/wp\/v2\/pages\/4628\/revisions"}],"predecessor-version":[{"id":4672,"href":"https:\/\/prontotranslations.com\/de\/wp-json\/wp\/v2\/pages\/4628\/revisions\/4672"}],"up":[{"embeddable":true,"href":"https:\/\/prontotranslations.com\/de\/wp-json\/wp\/v2\/pages\/4533"}],"wp:attachment":[{"href":"https:\/\/prontotranslations.com\/de\/wp-json\/wp\/v2\/media?parent=4628"}],"curies":[{"name":"wp","href":"https:\/\/api.w.org\/{rel}","templated":true}]}}