{"id":4639,"date":"2024-08-31T23:58:54","date_gmt":"2024-08-31T23:58:54","guid":{"rendered":"https:\/\/aw-web.com\/pronto2\/?page_id=4639"},"modified":"2025-01-18T04:30:49","modified_gmt":"2025-01-18T04:30:49","slug":"uebersetzungsdienste-fuer-portugiesisch","status":"publish","type":"page","link":"https:\/\/prontotranslations.com\/de\/sprachenliste\/uebersetzungsdienste-fuer-portugiesisch\/","title":{"rendered":"\u00dcbersetzungsdienste f\u00fcr Portugiesisch"},"content":{"rendered":"<div class=\"wpb-content-wrapper\"><p>[vc_row css_animation=&#8220;&#8220; row_type=&#8220;row&#8220; use_row_as_full_screen_section=&#8220;no&#8220; type=&#8220;full_width&#8220; angled_section=&#8220;no&#8220; text_align=&#8220;left&#8220; background_image_as_pattern=&#8220;without_pattern&#8220; z_index=&#8220;&#8220;][vc_column][vc_column_text css=&#8220;.vc_custom_1729128502362{padding-bottom: 30px !important;}&#8220;]<\/p>\n<h1 style=\"text-align: center;\">Professionelle \u00dcbersetzungsdienste f\u00fcr Portugiesisch<\/h1>\n<p>[\/vc_column_text][\/vc_column][\/vc_row][vc_row css_animation=&#8220;&#8220; row_type=&#8220;row&#8220; use_row_as_full_screen_section=&#8220;no&#8220; type=&#8220;grid&#8220; angled_section=&#8220;no&#8220; text_align=&#8220;left&#8220; background_image_as_pattern=&#8220;without_pattern&#8220; z_index=&#8220;&#8220; css=&#8220;.vc_custom_1719198241526{padding-top: 50px !important;padding-right: 10% !important;padding-left: 10% !important;}&#8220;][vc_column width=&#8220;1\/2&#8243; css=&#8220;.vc_custom_1712629369530{padding-right: 10% !important;padding-left: 10% !important;}&#8220;][vc_row_inner row_type=&#8220;row&#8220; type=&#8220;full_width&#8220; text_align=&#8220;center&#8220; css_animation=&#8220;&#8220; css=&#8220;.vc_custom_1722784476757{padding-top: 20px !important;}&#8220;][vc_column_inner][vc_column_text css=&#8220;.vc_custom_1729128702053{padding-bottom: 50px !important;}&#8220;]<\/p>\n<p style=\"text-align: center;\"><strong>Erreichen Sie den gigantischen brasilianischen Markt, den portugiesischen Markt oder eines der anderen sieben L\u00e4nder, in denen Portugiesisch weit verbreitet bzw. das vorherrschende Kommunikationsmedium ist<em>.<\/em><\/strong><\/p>\n<p style=\"text-align: left;\">Englisch-Portugiesisch-\u00dcbersetzungen \u2013 Franz\u00f6sisch-Portugiesisch-\u00dcbersetzungen \u2013 Spanisch-Portugiesisch-\u00dcbersetzungen<\/p>\n<p>[\/vc_column_text][vc_column_text css=&#8220;.vc_custom_1729128800821{padding-top: 10px !important;padding-bottom: 10px !important;background-color: #00a6e4 !important;border-radius: 3px !important;}&#8220;]<\/p>\n<p style=\"text-align: center;\"><a href=\"https:\/\/prontotranslations.com\/de\/kontakt\/\"><span style=\"color: #ffffff;\">Kontaktieren Sie uns f\u00fcr Ihr portugiesisches \u00dcbersetzungs- oder Lokalisierungsprojekt<\/span><\/a><\/p>\n<p>[\/vc_column_text][vc_empty_space][\/vc_column_inner][\/vc_row_inner][\/vc_column][vc_column width=&#8220;1\/2&#8243;][vc_single_image image=&#8220;4642&#8243; img_size=&#8220;full&#8220; alignment=&#8220;center&#8220; qode_css_animation=&#8220;&#8220; css=&#8220;.vc_custom_1725151005003{padding-bottom: 30px !important;}&#8220;][vc_empty_space][\/vc_column][\/vc_row][vc_row css_animation=&#8220;&#8220; row_type=&#8220;row&#8220; use_row_as_full_screen_section=&#8220;no&#8220; type=&#8220;grid&#8220; angled_section=&#8220;no&#8220; text_align=&#8220;left&#8220; background_image_as_pattern=&#8220;without_pattern&#8220; z_index=&#8220;&#8220;][vc_column][vc_separator type=&#8220;normal&#8220; color=&#8220;#88cce2&#8243; thickness=&#8220;5&#8243; up=&#8220;0&#8243; down=&#8220;0&#8243;][\/vc_column][\/vc_row][vc_row css_animation=&#8220;&#8220; row_type=&#8220;row&#8220; use_row_as_full_screen_section=&#8220;no&#8220; type=&#8220;full_width&#8220; angled_section=&#8220;no&#8220; text_align=&#8220;left&#8220; background_image_as_pattern=&#8220;without_pattern&#8220; z_index=&#8220;&#8220; css=&#8220;.vc_custom_1728013714128{background-color: rgba(0,166,228,0.05) !important;*background-color: rgb(0,166,228) !important;}&#8220;][vc_column][vc_row_inner row_type=&#8220;row&#8220; type=&#8220;grid&#8220; text_align=&#8220;left&#8220; css_animation=&#8220;&#8220; css=&#8220;.vc_custom_1718510501771{padding-top: 50px !important;}&#8220;][vc_column_inner width=&#8220;1\/2&#8243;][vc_single_image image=&#8220;4641&#8243; img_size=&#8220;full&#8220; qode_css_animation=&#8220;&#8220;][vc_empty_space height=&#8220;52px&#8220;][\/vc_column_inner][vc_column_inner width=&#8220;1\/2&#8243;][vc_column_text css=&#8220;.vc_custom_1729129023929{padding-bottom: 40px !important;}&#8220;]<strong>Unsere professionellen Portugiesisch\u00fcbersetzer stehen bereit, um Ihnen zu helfen, Ihre Botschaft in einem der neun L\u00e4nder und der Region zu vermitteln, wo Portugiesisch Amtssprache ist.<\/strong><\/p>\n<p>Erreichen Sie Zielgruppen in Brasiliens gigantischem Markt oder in anderen lusophonen L\u00e4ndern und Regionen, wie z. B. Angola, \u00c4quatorialguinea, Guinea-Bissau, Kap Verde, Macao, Mosambik, Ost-Timor, Portugal sowie S\u00e3o Tom\u00e9 und Principe, durch eine pr\u00e4zise \u00dcbersetzung Ihrer Botschaft in das Portugiesisch Ihrer Zielregion.<\/p>\n<h2>Die sechsh\u00e4ufigste gesprochene Sprache der Welt<\/h2>\n<p>Die Bev\u00f6lkerung der gesamten lusophonen Welt (bzw. L\u00e4nder, in denen vorwiegend Portugiesisch gesprochen wird) bel\u00e4uft sich laut Stand von Juli 2017 auf 279 Millionen Menschen. Wird die lusophone Diaspora einbezogen, kommen etwa 10 Millionen weitere Sprecher hinzu (u.\u00a0a. 4,5 Millionen Portugiesen, 3 Millionen Brasilianer und etwa 500.000 Kapverdianer). \u00dcber 250 Millionen Menschen nutzen t\u00e4glich Portugiesisch.<\/p>\n<p>Au\u00dferdem ist es nach Spanisch die zweith\u00e4ufigste gesprochene Sprache Lateinamerikas, die zehnth\u00e4ufigste gesprochene Sprache Afrikas und eine offizielle Sprache der Europ\u00e4ischen Union, Mercosur, OAS, ECOWAS und der Afrikanischen Union.<\/p>\n<p>Die <em>Gemeinschaft der portugiesischsprachigen L\u00e4nder<\/em> ist eine internationale Organisation, der s\u00e4mtliche offiziellen lusophonen Nationen der Welt angeh\u00f6ren.[\/vc_column_text][\/vc_column_inner][\/vc_row_inner][\/vc_column][\/vc_row][vc_row css_animation=&#8220;&#8220; row_type=&#8220;row&#8220; use_row_as_full_screen_section=&#8220;no&#8220; type=&#8220;grid&#8220; angled_section=&#8220;no&#8220; text_align=&#8220;left&#8220; background_image_as_pattern=&#8220;without_pattern&#8220; z_index=&#8220;&#8220;][vc_column][vc_separator type=&#8220;normal&#8220; color=&#8220;#88cce2&#8243; thickness=&#8220;5&#8243; up=&#8220;0&#8243; down=&#8220;0&#8243;][\/vc_column][\/vc_row][vc_row css_animation=&#8220;&#8220; row_type=&#8220;row&#8220; use_row_as_full_screen_section=&#8220;no&#8220; type=&#8220;full_width&#8220; angled_section=&#8220;no&#8220; text_align=&#8220;left&#8220; background_image_as_pattern=&#8220;without_pattern&#8220; z_index=&#8220;&#8220; css=&#8220;.vc_custom_1718512349787{padding-top: 50px !important;padding-bottom: 30px !important;}&#8220;][vc_column][vc_row_inner row_type=&#8220;row&#8220; type=&#8220;grid&#8220; text_align=&#8220;left&#8220; css_animation=&#8220;&#8220;][vc_column_inner width=&#8220;1\/2&#8243;][vc_column_text css=&#8220;.vc_custom_1729129010598{padding-bottom: 30px !important;}&#8220;]<\/p>\n<h2>Brasilianisches Portugiesisch im Vergleich zu europ\u00e4ischem Portugiesisch<\/h2>\n<p>Egal ob es um die \u00dcbersetzung einer Pressemitteilung, eines Marketingberichts oder eines anderen Dokuments geht, Portugiesisch gliedert sich in zwei unterschiedliche Grundvarianten: brasilianisches und europ\u00e4isches Portugiesisch. Brasilianisches Portugiesisch ist f\u00fcr die s\u00fcdamerikanischen L\u00e4nder passend, wohingegen europ\u00e4isches Portugiesisch in Portugal und der restlichen lusophonen Welt vorherrscht.<\/p>\n<p>Die brasilianische und europ\u00e4ische Version der Sprache unterscheiden sich recht stark voneinander, was die Einwohner der jeweiligen L\u00e4nder zweifelsohne best\u00e4tigen werden. Auch wenn Brasilien und Portugal zwar nominell dieselbe Sprache sprechen, gibt es doch zahlreiche Unterschiede im gesprochenen und schriftlichen Idiom. In der Schriftsprache zeigt sich dies vor allem im Wortschatz, dem Gebrauch von Pronomen, der Schreibweise, bestimmten Grammatikregeln und der \u00dcbernahme von Lehnw\u00f6rtern aus anderen Sprachen.<\/p>\n<p>Insofern sind die Unterschiede zwischen brasilianischem und europ\u00e4ischem Portugiesisch deutlicher als zwischen amerikanischem und britischem Englisch. Wenn Sie daher die gleiche Botschaft bzw. das gleiche Dokument in europ\u00e4ischen und s\u00fcdamerikanischen M\u00e4rkten ver\u00f6ffentlichen m\u00f6chten, empfehlen sich zwei separate \u00dcbersetzungen.<\/p>\n<p>In den restlichen lusophonen M\u00e4rkten wird f\u00fcr gew\u00f6hnlich europ\u00e4isches Portugiesisch gebraucht. Sollte sich Ihre Botschaft an ein spezifisches anderes lusophones Land als Brasilien oder Portugal richten, kann die \u00dcbermittlung Ihrer Botschaft pr\u00e4zise auf das Portugiesisch dieses Marktes abgestimmt werden.<\/p>\n<p>Bitte wenden Sie sich bei Fragen oder Unklarheiten bez\u00fcglich der geeigneten Form des Portugiesischen an einen unserer Sprachexperten.<\/p>\n<p>[\/vc_column_text][\/vc_column_inner][vc_column_inner width=&#8220;1\/2&#8243;][vc_single_image image=&#8220;4643&#8243; img_size=&#8220;full&#8220; qode_css_animation=&#8220;&#8220;][vc_empty_space height=&#8220;12px&#8220;][\/vc_column_inner][\/vc_row_inner][\/vc_column][\/vc_row][vc_row css_animation=&#8220;&#8220; row_type=&#8220;row&#8220; use_row_as_full_screen_section=&#8220;no&#8220; type=&#8220;grid&#8220; angled_section=&#8220;no&#8220; text_align=&#8220;left&#8220; background_image_as_pattern=&#8220;without_pattern&#8220; z_index=&#8220;&#8220;][vc_column][vc_separator type=&#8220;normal&#8220; color=&#8220;#88cce2&#8243; thickness=&#8220;5&#8243; up=&#8220;0&#8243; down=&#8220;0&#8243;][\/vc_column][\/vc_row][vc_row css_animation=&#8220;&#8220; row_type=&#8220;row&#8220; use_row_as_full_screen_section=&#8220;no&#8220; type=&#8220;full_width&#8220; angled_section=&#8220;no&#8220; text_align=&#8220;left&#8220; background_image_as_pattern=&#8220;without_pattern&#8220; css=&#8220;.vc_custom_1728011951267{background-color: rgba(0,166,228,0.05) !important;*background-color: rgb(0,166,228) !important;}&#8220; z_index=&#8220;&#8220;][vc_column][vc_row_inner row_type=&#8220;row&#8220; type=&#8220;grid&#8220; text_align=&#8220;left&#8220; css_animation=&#8220;&#8220;][vc_column_inner][vc_column_text css=&#8220;.vc_custom_1729129055843{padding-top: 30px !important;}&#8220;]<\/p>\n<h3>Die zahlreichen Variet\u00e4ten des Portugiesischen und ihr Einfluss in den jeweiligen L\u00e4ndern<\/h3>\n<p>[\/vc_column_text][\/vc_column_inner][\/vc_row_inner][vc_row_inner row_type=&#8220;row&#8220; type=&#8220;grid&#8220; text_align=&#8220;left&#8220; css_animation=&#8220;&#8220; css=&#8220;.vc_custom_1728015544609{padding-top: 30px !important;}&#8220;][vc_column_inner width=&#8220;1\/3&#8243; css=&#8220;.vc_custom_1728017364591{padding-bottom: 30px !important;}&#8220;][vc_column_text]<\/p>\n<h2>Angolanisches Portugiesisch<\/h2>\n<p><img loading=\"lazy\" decoding=\"async\" class=\"alignleft size-full wp-image-2798\" src=\"https:\/\/aw-web.com\/pronto2\/wp-content\/uploads\/angola-162225_1280-300x200-1.webp\" alt=\"\" width=\"300\" height=\"200\" \/><\/p>\n<p>[\/vc_column_text][\/vc_column_inner][vc_column_inner width=&#8220;2\/3&#8243;][vc_column_text]Angolanisches Portugiesisch (<em>Portugu\u00eas de Angola<\/em>) besteht aus portugiesischen Dialekten in Angola, wo Portugiesisch die offizielle Sprache ist. Laut CIA World Fact Book 2016 geben 47\u00a0% der Bev\u00f6lkerung bzw. 12,3 Millionen Einwohner Portugiesisch als ihre Muttersprache an.<\/p>\n<p>Viele Eltern bringen ihren Kindern ausschlie\u00dflich Portugiesisch bei. Die Volksz\u00e4hlung im Jahr 2014 zeigte, dass 71\u00a0% zuhause Portugiesisch sprechen, wobei sich der Anteil in urbanen Gebieten auf 85\u00a0% erh\u00f6ht und in l\u00e4ndlichen Regionen nur 49\u00a0% ausmacht. Im Land herrschen verschiedene Ausf\u00fchrungen der portugiesischen Sprache, wie es auch in anderen portugiesischsprachigen Nationen in Afrika der Fall ist.[\/vc_column_text][\/vc_column_inner][\/vc_row_inner][vc_row_inner row_type=&#8220;row&#8220; type=&#8220;grid&#8220; text_align=&#8220;left&#8220; css_animation=&#8220;&#8220; css=&#8220;.vc_custom_1728015544609{padding-top: 30px !important;}&#8220;][vc_column_inner width=&#8220;1\/3&#8243; css=&#8220;.vc_custom_1728017378380{padding-bottom: 30px !important;}&#8220;][vc_column_text]<\/p>\n<h2>Brasilianisches Portugiesisch<\/h2>\n<p><img loading=\"lazy\" decoding=\"async\" class=\"alignleft size-full wp-image-2816\" src=\"https:\/\/aw-web.com\/pronto2\/wp-content\/uploads\/brazil-300-200.png\" alt=\"\" width=\"300\" height=\"200\" \/>[\/vc_column_text][\/vc_column_inner][vc_column_inner width=&#8220;2\/3&#8243;][vc_column_text]Etwa 70\u00a0% aller Portugiesischsprecher der Welt nutzen brasilianisches Portugiesisch (<em>Portugu\u00eas do Brasil<\/em> oder <em>Portugu\u00eas brasileiro<\/em>), darunter beinahe alle 200\u00a0Millionen Einwohner Brasiliens und seine fast drei Millionen Menschen umfassende Diaspora.<\/p>\n<p>Die brasilianische Variante unterscheidet sich insbesondere in Phonologie und Intonation, Klang, Betonung und Rhythmus von den in Portugal und portugiesischsprachigen afrikanischen L\u00e4ndern gesprochenen Typen.<\/p>\n<p>Die Variante der Sprache, die in den afrikanischen L\u00e4ndern gesprochen wird, hat sich dem heutigen europ\u00e4ischen Portugiesisch stark angen\u00e4hert. Das ist haupts\u00e4chlich dadurch zu erkl\u00e4ren, dass die portugiesische Kolonialherrschaft dort wesentlich sp\u00e4ter endete als in Brasilien.<\/p>\n<p>Aufgrund der zahlreichen Unterschiede der Schriftsprache in den verschiedenen portugiesischsprachigen L\u00e4ndern beschloss die Gemeinschaft der portugiesischsprachigen L\u00e4nder (CPLP) 1990, die portugiesische Orthografie zu reformieren, um zwei mittlerweile getrennte Standards zu vereinen: der in Brasilien gebr\u00e4uchliche und der in den restlichen portugiesischsprachigen L\u00e4ndern vorherrschende.<\/p>\n<p>Brasilien \u00fcbernahm die neu vereinbarte Schreibweise offiziell am 1.\u00a0Januar 2009, wobei Portugal diese gesetzlich bereits am 21.\u00a0Juli 2008 einf\u00fchrte, jedoch eine sechsj\u00e4hrige Umgew\u00f6hnungsphase gew\u00e4hrte.[\/vc_column_text][\/vc_column_inner][\/vc_row_inner][vc_row_inner row_type=&#8220;row&#8220; type=&#8220;grid&#8220; text_align=&#8220;left&#8220; css_animation=&#8220;&#8220; css=&#8220;.vc_custom_1728015544609{padding-top: 30px !important;}&#8220;][vc_column_inner width=&#8220;1\/3&#8243; css=&#8220;.vc_custom_1728017391450{padding-bottom: 30px !important;}&#8220;][vc_column_text]<\/p>\n<h2>Kapverdisches Portugiesisch<\/h2>\n<p><img loading=\"lazy\" decoding=\"async\" class=\"alignleft size-full wp-image-2802\" src=\"https:\/\/aw-web.com\/pronto2\/wp-content\/uploads\/cape-verde-162260_1280-300x200-1.webp\" alt=\"\" width=\"300\" height=\"200\" \/>[\/vc_column_text][\/vc_column_inner][vc_column_inner width=&#8220;2\/3&#8243;][vc_column_text]Obwohl Portugiesisch die Amtssprache ist, spricht beinahe jeder Einwohner kapverdisches Kreolisch oder <em>Kriolu<\/em> bzw. <em>Kriol<\/em>, eine auf dem Portugiesisch basierende Kreolsprache, als Muttersprache. <em>Kriolu<\/em> ist die Alltagssprache, wohingegen Portugiesisch bei offiziellen Anl\u00e4ssen, im Bildungsbereich sowie in den Medien verwendet wird.<\/p>\n<p>Portugiesisch und <em>Kriolu<\/em> koexistieren in einem Kontinuum, das von der Bildung und dem beruflichen Status des Sprechers sowie der Formalit\u00e4t der Situation bestimmt wird.[\/vc_column_text][\/vc_column_inner][\/vc_row_inner][vc_row_inner row_type=&#8220;row&#8220; type=&#8220;grid&#8220; text_align=&#8220;left&#8220; css_animation=&#8220;&#8220; css=&#8220;.vc_custom_1728015544609{padding-top: 30px !important;}&#8220;][vc_column_inner width=&#8220;1\/3&#8243; css=&#8220;.vc_custom_1728017403743{padding-bottom: 30px !important;}&#8220;][vc_column_text]<\/p>\n<h2>Osttimorisches Portugiesisch<\/h2>\n<p><img loading=\"lazy\" decoding=\"async\" class=\"alignleft size-full wp-image-2804\" src=\"https:\/\/aw-web.com\/pronto2\/wp-content\/uploads\/east-timor-162282_1280-300x200-1.webp\" alt=\"\" width=\"300\" height=\"200\" \/>[\/vc_column_text][\/vc_column_inner][vc_column_inner width=&#8220;2\/3&#8243;][vc_column_text]Am Tag seiner Unabh\u00e4ngigkeit am 20. Mai 2002 schloss sich das Land umgehend den Vereinten Nationen sowie der Gemeinschaft der portugiesischsprachigen L\u00e4nder an. Die neue Regierung erkl\u00e4rte Portugiesisch neben der lokalen Sprache Tetum direkt zur Amtssprache.[\/vc_column_text][\/vc_column_inner][\/vc_row_inner][vc_row_inner row_type=&#8220;row&#8220; type=&#8220;grid&#8220; text_align=&#8220;left&#8220; css_animation=&#8220;&#8220; css=&#8220;.vc_custom_1728015544609{padding-top: 30px !important;}&#8220;][vc_column_inner width=&#8220;1\/3&#8243; css=&#8220;.vc_custom_1728017403743{padding-bottom: 30px !important;}&#8220;][vc_column_text]<\/p>\n<h2>Portugiesisch in Guinea-Bissau<\/h2>\n<p><img loading=\"lazy\" decoding=\"async\" class=\"alignleft size-full wp-image-2807\" src=\"https:\/\/aw-web.com\/pronto2\/wp-content\/uploads\/guinea-bissau-162310_1280-300x200-1.webp\" alt=\"\" width=\"300\" height=\"200\" \/>[\/vc_column_text][\/vc_column_inner][vc_column_inner width=&#8220;2\/3&#8243;][vc_column_text]Auch wenn Portugiesisch seit der Unabh\u00e4ngigkeit die einzige offizielle Sprache von Guinea-Bissau ist, wird es in seiner Standardform haupts\u00e4chlich als Zweitsprache gesprochen, mit einem relativ geringen Anteil an Muttersprachlern.<\/p>\n<p>Laut der letzten Volksz\u00e4hlung von 2009 sprechen 27,1 % der Befragten laut eigener Angabe Standard-Portugiesisch (46,3 % der Stadtbev\u00f6lkerung und 10,6 % der Landbev\u00f6lkerung). Ein auf dem Portugiesisch basierendes Kreolisch fungiert als Lingua franca im Land, das 44 % als ihr prim\u00e4res Kommunikationsmedium nutzen.[\/vc_column_text][\/vc_column_inner][\/vc_row_inner][vc_row_inner row_type=&#8220;row&#8220; type=&#8220;grid&#8220; text_align=&#8220;left&#8220; css_animation=&#8220;&#8220; css=&#8220;.vc_custom_1728015544609{padding-top: 30px !important;}&#8220;][vc_column_inner width=&#8220;1\/3&#8243; css=&#8220;.vc_custom_1728017403743{padding-bottom: 30px !important;}&#8220;][vc_column_text]<\/p>\n<h2>Portugiesisch in Mosambik<\/h2>\n<p><img loading=\"lazy\" decoding=\"async\" class=\"alignleft size-full wp-image-2809\" src=\"https:\/\/aw-web.com\/pronto2\/wp-content\/uploads\/mozambique-162366_1280-300x200-1.webp\" alt=\"\" width=\"300\" height=\"200\" \/>[\/vc_column_text][\/vc_column_inner][vc_column_inner width=&#8220;2\/3&#8243;][vc_column_text]Laut einer Umfrage unter der allgemeinen Bev\u00f6lkerung aus dem Jahr 2017 wird Portugiesisch von 16,6 % bzw. etwa 3,6 Millionen Einwohnern als Muttersprache gesprochen. Der Prozentsatz der Bev\u00f6lkerung, der es als erste Sprache angibt, betr\u00e4gt 38,3 % bei den Stadtbewohnern, aber nur 5,1 % bei den Landbewohnern.[\/vc_column_text][\/vc_column_inner][\/vc_row_inner][vc_row_inner row_type=&#8220;row&#8220; type=&#8220;grid&#8220; text_align=&#8220;left&#8220; css_animation=&#8220;&#8220; css=&#8220;.vc_custom_1728015544609{padding-top: 30px !important;}&#8220;][vc_column_inner width=&#8220;1\/3&#8243; css=&#8220;.vc_custom_1728017403743{padding-bottom: 30px !important;}&#8220;][vc_column_text]<\/p>\n<h2>Portugiesisch in S\u00e3o Tom\u00e9<\/h2>\n<p><img loading=\"lazy\" decoding=\"async\" class=\"alignleft size-full wp-image-2811\" src=\"https:\/\/aw-web.com\/pronto2\/wp-content\/uploads\/sao-tome-and-principe-162411_1280-300x200-1.webp\" alt=\"\" width=\"300\" height=\"200\" \/>[\/vc_column_text][\/vc_column_inner][vc_column_inner width=&#8220;2\/3&#8243;][vc_column_text]S\u00e3o Tom\u00e9 liegt an dritter Stelle, was den Prozentsatz der portugiesischsprechenden Bev\u00f6lkerung angeht (nach Portugal und Brasilien), wobei \u00fcber 95\u00a0% der Bev\u00f6lkerung Portugiesisch verwenden und mehr als 50\u00a0% es als ihre Muttersprache angeben.<\/p>\n<p>Portugiesisch in S\u00e3o Tom\u00e9 (<em>portugu\u00eas santomense<\/em> oder <em>portugu\u00eas de S\u00e3o Tom\u00e9<\/em>) \u00e4hnelt recht stark der angolanischen Variante, insbesondere hinsichtlich archaischer Merkmale in Betonung, Wortschatz, Grammatik und Syntax.[\/vc_column_text][\/vc_column_inner][\/vc_row_inner][vc_row_inner row_type=&#8220;row&#8220; type=&#8220;grid&#8220; text_align=&#8220;left&#8220; css_animation=&#8220;&#8220; css=&#8220;.vc_custom_1728015544609{padding-top: 30px !important;}&#8220;][vc_column_inner width=&#8220;1\/3&#8243; css=&#8220;.vc_custom_1728017403743{padding-bottom: 30px !important;}&#8220;][vc_column_text]<\/p>\n<h2>Portugiesisch in \u00c4quatorialguinea<\/h2>\n<p><img loading=\"lazy\" decoding=\"async\" class=\"alignleft size-full wp-image-2813\" src=\"https:\/\/aw-web.com\/pronto2\/wp-content\/uploads\/equatorial-guinea-162286_1280-300x200-1.webp\" alt=\"\" width=\"300\" height=\"200\" \/>[\/vc_column_text][\/vc_column_inner][vc_column_inner width=&#8220;2\/3&#8243;][vc_column_text]Auch wenn Spanisch als Hauptkommunikationssprache genutzt wird, ist Portugiesisch seit 2010 eine offizielle Sprache von \u00c4quatorialguinea, wodurch die Regierung die bilateralen Beziehungen und den Handel mit anderen portugiesischsprachigen Nationen st\u00e4rken wollte.[\/vc_column_text][\/vc_column_inner][\/vc_row_inner][vc_row_inner row_type=&#8220;row&#8220; type=&#8220;grid&#8220; text_align=&#8220;left&#8220; css_animation=&#8220;&#8220; css=&#8220;.vc_custom_1728017953547{padding-top: 30px !important;padding-bottom: 40px !important;}&#8220;][vc_column_inner width=&#8220;1\/3&#8243; css=&#8220;.vc_custom_1728018030172{padding-bottom: 20px !important;}&#8220;][vc_column_text]<\/p>\n<h2>Portugiesisch in Macao<\/h2>\n<p>[\/vc_column_text][\/vc_column_inner][vc_column_inner width=&#8220;2\/3&#8243;][vc_column_text]Obwohl Portugal am 20. Dezember 1999 die Souver\u00e4nit\u00e4t \u00fcber Macao an China zur\u00fcckgegeben hat, ist Portugiesisch eine der offiziellen Sprachen geblieben.[\/vc_column_text][\/vc_column_inner][\/vc_row_inner][\/vc_column][\/vc_row][vc_row css_animation=&#8220;&#8220; row_type=&#8220;row&#8220; use_row_as_full_screen_section=&#8220;no&#8220; type=&#8220;grid&#8220; angled_section=&#8220;no&#8220; text_align=&#8220;left&#8220; background_image_as_pattern=&#8220;without_pattern&#8220; z_index=&#8220;&#8220;][vc_column][vc_separator type=&#8220;normal&#8220; color=&#8220;#88cce2&#8243; thickness=&#8220;5&#8243; up=&#8220;0&#8243; down=&#8220;0&#8243;][\/vc_column][\/vc_row][vc_row css_animation=&#8220;&#8220; row_type=&#8220;row&#8220; use_row_as_full_screen_section=&#8220;no&#8220; type=&#8220;full_width&#8220; angled_section=&#8220;no&#8220; text_align=&#8220;left&#8220; background_image_as_pattern=&#8220;without_pattern&#8220; z_index=&#8220;&#8220; css=&#8220;.vc_custom_1728011965643{padding-top: 50px !important;padding-bottom: 30px !important;}&#8220;][vc_column][vc_row_inner row_type=&#8220;row&#8220; type=&#8220;grid&#8220; text_align=&#8220;left&#8220; css_animation=&#8220;&#8220;][vc_column_inner][vc_column_text css=&#8220;.vc_custom_1729130587699{padding-bottom: 40px !important;}&#8220;]<\/p>\n<h2>W\u00e4hlen Sie das richtige Portugiesisch f\u00fcr Ihre \u00dcbersetzung<\/h2>\n<p><a href=\"mailto:clientservices@prontotranslations.com\"><strong>Kontaktieren Sie<\/strong><\/a> einen unserer Sprachexperten, um die geeignete Portugiesisch-Variante zu w\u00e4hlen und die Anforderungen Ihres \u00dcbersetzungs- oder Lokalisierungsprojekts zu bestimmen.[\/vc_column_text][\/vc_column_inner][\/vc_row_inner][\/vc_column][\/vc_row][vc_row css_animation=&#8220;&#8220; row_type=&#8220;row&#8220; use_row_as_full_screen_section=&#8220;no&#8220; type=&#8220;full_width&#8220; angled_section=&#8220;no&#8220; text_align=&#8220;left&#8220; background_image_as_pattern=&#8220;without_pattern&#8220; z_index=&#8220;&#8220; background_color=&#8220;rgba(0,166,228,0.35)&#8220;][vc_column][vc_row_inner row_type=&#8220;row&#8220; type=&#8220;grid&#8220; text_align=&#8220;left&#8220; css_animation=&#8220;&#8220; css=&#8220;.vc_custom_1712461537481{margin-top: 30px !important;margin-bottom: 30px !important;}&#8220;][vc_column_inner][vc_column_text css=&#8220;.vc_custom_1729128773077{padding-top: 15px !important;padding-right: 10px !important;padding-bottom: 15px !important;padding-left: 10px !important;background-color: #00a5e4 !important;border-radius: 3px !important;}&#8220;]<\/p>\n<p style=\"text-align: center;\"><span style=\"color: #ffffff;\"><a style=\"color: #ffffff;\" href=\"https:\/\/prontotranslations.com\/de\/kontakt\/\">Kontaktieren Sie uns f\u00fcr Ihr portugiesisches \u00dcbersetzungs- oder Lokalisierungsprojekt<\/a><\/span><\/p>\n<p>[\/vc_column_text][\/vc_column_inner][\/vc_row_inner][\/vc_column][\/vc_row]<\/p>\n<\/div>","protected":false},"excerpt":{"rendered":"<p>[vc_row css_animation=&#8220;&#8220; row_type=&#8220;row&#8220; use_row_as_full_screen_section=&#8220;no&#8220; type=&#8220;full_width&#8220; angled_section=&#8220;no&#8220; text_align=&#8220;left&#8220; background_image_as_pattern=&#8220;without_pattern&#8220; z_index=&#8220;&#8220;][vc_column][vc_column_text css=&#8220;.vc_custom_1729128502362{padding-bottom: 30px !important;}&#8220;] Professionelle \u00dcbersetzungsdienste f\u00fcr Portugiesisch [\/vc_column_text][\/vc_column][\/vc_row][vc_row css_animation=&#8220;&#8220; row_type=&#8220;row&#8220; use_row_as_full_screen_section=&#8220;no&#8220; type=&#8220;grid&#8220; angled_section=&#8220;no&#8220; text_align=&#8220;left&#8220; background_image_as_pattern=&#8220;without_pattern&#8220; z_index=&#8220;&#8220;&#8230;<\/p>\n","protected":false},"author":1,"featured_media":0,"parent":4533,"menu_order":19,"comment_status":"closed","ping_status":"closed","template":"full_width.php","meta":{"footnotes":""},"class_list":["post-4639","page","type-page","status-publish","hentry"],"_links":{"self":[{"href":"https:\/\/prontotranslations.com\/de\/wp-json\/wp\/v2\/pages\/4639","targetHints":{"allow":["GET"]}}],"collection":[{"href":"https:\/\/prontotranslations.com\/de\/wp-json\/wp\/v2\/pages"}],"about":[{"href":"https:\/\/prontotranslations.com\/de\/wp-json\/wp\/v2\/types\/page"}],"author":[{"embeddable":true,"href":"https:\/\/prontotranslations.com\/de\/wp-json\/wp\/v2\/users\/1"}],"replies":[{"embeddable":true,"href":"https:\/\/prontotranslations.com\/de\/wp-json\/wp\/v2\/comments?post=4639"}],"version-history":[{"count":7,"href":"https:\/\/prontotranslations.com\/de\/wp-json\/wp\/v2\/pages\/4639\/revisions"}],"predecessor-version":[{"id":4671,"href":"https:\/\/prontotranslations.com\/de\/wp-json\/wp\/v2\/pages\/4639\/revisions\/4671"}],"up":[{"embeddable":true,"href":"https:\/\/prontotranslations.com\/de\/wp-json\/wp\/v2\/pages\/4533"}],"wp:attachment":[{"href":"https:\/\/prontotranslations.com\/de\/wp-json\/wp\/v2\/media?parent=4639"}],"curies":[{"name":"wp","href":"https:\/\/api.w.org\/{rel}","templated":true}]}}