{"id":4659,"date":"2024-09-01T19:44:00","date_gmt":"2024-09-01T19:44:00","guid":{"rendered":"https:\/\/aw-web.com\/pronto2\/?page_id=4659"},"modified":"2025-01-18T04:29:30","modified_gmt":"2025-01-18T04:29:30","slug":"uebersetzungsdienste-fuer-russisch","status":"publish","type":"page","link":"https:\/\/prontotranslations.com\/de\/sprachenliste\/uebersetzungsdienste-fuer-russisch\/","title":{"rendered":"\u00dcbersetzungsdienste f\u00fcr Russisch"},"content":{"rendered":"<div class=\"wpb-content-wrapper\"><p>[vc_row css_animation=&#8220;&#8220; row_type=&#8220;row&#8220; use_row_as_full_screen_section=&#8220;no&#8220; type=&#8220;full_width&#8220; angled_section=&#8220;no&#8220; text_align=&#8220;left&#8220; background_image_as_pattern=&#8220;without_pattern&#8220; z_index=&#8220;&#8220;][vc_column][vc_column_text css=&#8220;.vc_custom_1729129861449{padding-bottom: 30px !important;}&#8220;]<\/p>\n<h1 style=\"text-align: center;\">Professionelle \u00dcbersetzungsdienste f\u00fcr Russisch<\/h1>\n<p>[\/vc_column_text][\/vc_column][\/vc_row][vc_row css_animation=&#8220;&#8220; row_type=&#8220;row&#8220; use_row_as_full_screen_section=&#8220;no&#8220; type=&#8220;grid&#8220; angled_section=&#8220;no&#8220; text_align=&#8220;left&#8220; background_image_as_pattern=&#8220;without_pattern&#8220; z_index=&#8220;&#8220; css=&#8220;.vc_custom_1719198241526{padding-top: 50px !important;padding-right: 10% !important;padding-left: 10% !important;}&#8220;][vc_column width=&#8220;1\/2&#8243; css=&#8220;.vc_custom_1712629369530{padding-right: 10% !important;padding-left: 10% !important;}&#8220;][vc_row_inner row_type=&#8220;row&#8220; type=&#8220;full_width&#8220; text_align=&#8220;center&#8220; css_animation=&#8220;&#8220; css=&#8220;.vc_custom_1722784476757{padding-top: 20px !important;}&#8220;][vc_column_inner][vc_column_text css=&#8220;.vc_custom_1729129908274{padding-bottom: 50px !important;}&#8220;]<\/p>\n<p style=\"text-align: center;\"><strong>Pronto k\u00fcmmert sich gerne um die \u00dcbersetzung Ihrer Pressemitteilung oder Ihres Dokuments f\u00fcr eines der 15 L\u00e4nder, in denen Russisch gesprochen wird.<\/strong><\/p>\n<ul>\n<li style=\"text-align: left;\">Englisch-Russisch-\u00dcbersetzungen<\/li>\n<li style=\"text-align: left;\">Chinesisch-Russisch-\u00dcbersetzungen<\/li>\n<li style=\"text-align: left;\">Deutsch-Russisch-\u00dcbersetzungen<\/li>\n<li style=\"text-align: left;\">Italienisch-Russisch-\u00dcbersetzungen<\/li>\n<li style=\"text-align: left;\">T\u00fcrkisch-Russisch-\u00dcbersetzungen<\/li>\n<li style=\"text-align: left;\">Ukrainisch-Russisch-\u00dcbersetzungen<\/li>\n<\/ul>\n<p>[\/vc_column_text][vc_column_text css=&#8220;.vc_custom_1729129992595{padding-top: 10px !important;padding-bottom: 10px !important;background-color: #00a6e4 !important;border-radius: 3px !important;}&#8220;]<\/p>\n<p style=\"text-align: center;\"><a href=\"https:\/\/prontotranslations.com\/de\/kontakt\/\"><span style=\"color: #ffffff;\">Kontaktieren Sie uns f\u00fcr Ihr russisches \u00dcbersetzungs- oder Lokalisierungsprojekt<\/span><\/a><\/p>\n<p>[\/vc_column_text][vc_empty_space][\/vc_column_inner][\/vc_row_inner][\/vc_column][vc_column width=&#8220;1\/2&#8243;][vc_single_image image=&#8220;4661&#8243; img_size=&#8220;full&#8220; alignment=&#8220;center&#8220; qode_css_animation=&#8220;&#8220; css=&#8220;.vc_custom_1725223638491{padding-bottom: 30px !important;}&#8220;][vc_empty_space][\/vc_column][\/vc_row][vc_row css_animation=&#8220;&#8220; row_type=&#8220;row&#8220; use_row_as_full_screen_section=&#8220;no&#8220; type=&#8220;grid&#8220; angled_section=&#8220;no&#8220; text_align=&#8220;left&#8220; background_image_as_pattern=&#8220;without_pattern&#8220; z_index=&#8220;&#8220;][vc_column][vc_separator type=&#8220;normal&#8220; color=&#8220;#88cce2&#8243; thickness=&#8220;5&#8243; up=&#8220;0&#8243; down=&#8220;0&#8243;][\/vc_column][\/vc_row][vc_row css_animation=&#8220;&#8220; row_type=&#8220;row&#8220; use_row_as_full_screen_section=&#8220;no&#8220; type=&#8220;full_width&#8220; angled_section=&#8220;no&#8220; text_align=&#8220;left&#8220; background_image_as_pattern=&#8220;without_pattern&#8220; z_index=&#8220;&#8220; css=&#8220;.vc_custom_1712718567412{background-color: rgba(0,166,228,0.05) !important;*background-color: rgb(0,166,228) !important;}&#8220;][vc_column][vc_row_inner row_type=&#8220;row&#8220; type=&#8220;grid&#8220; text_align=&#8220;left&#8220; css_animation=&#8220;&#8220; css=&#8220;.vc_custom_1718510501771{padding-top: 50px !important;}&#8220;][vc_column_inner width=&#8220;1\/2&#8243;][vc_single_image image=&#8220;4660&#8243; img_size=&#8220;full&#8220; qode_css_animation=&#8220;&#8220;][vc_empty_space][\/vc_column_inner][vc_column_inner width=&#8220;1\/2&#8243;][vc_column_text css=&#8220;.vc_custom_1729130196870{padding-bottom: 40px !important;}&#8220;]<\/p>\n<h2>Unsere professionellen Russisch\u00fcbersetzer stehen bereit, um Ihre Nachricht oder Ihr Dokument in die Sprache mit der gr\u00f6\u00dften geografischen Verbreitung in Eurasien zu \u00fcbertragen!<\/h2>\n<p>Unser Team von Russisch\u00fcbersetzern steht bereit, um Ihre Botschaft in der Sprache zu vermitteln, die nach wie vor eines der wichtigsten Kommunikationsmittel in der Russischen F\u00f6deration und den anderen 14 L\u00e4ndern ist, die einst die Sowjetunion bildeten.<\/p>\n<h2>Die meistgesprochene Sprache Europas<\/h2>\n<p>Russisch (\u0440\u0443\u0441\u0441\u043a\u0438\u0439 \u044f\u0437\u044b\u043a) ist Amtssprache in Russland, Wei\u00dfrussland, Kasachstan und Kirgisistan. Sie ist nach wie vor in mehreren L\u00e4ndern Osteuropas, den baltischen Staaten, im Kaukasus und in Zentralasien verbreitet.<\/p>\n<p>Russisch war bis zur Aufl\u00f6sung der Sowjetunion am 26.\u00a0Dezember 1991 ihre <em>de facto<\/em>-Sprache. Die Sprache ist weiterhin eine <em>lingua franca<\/em>, die offiziel in s\u00e4mtlichen L\u00e4ndern der ehemaligen UdSSR im \u00f6ffentlichen Leben Verwendung findet.<\/p>\n<p>Aufgrund der Diaspora aus dem ehemaligen Sowjetblock gibt es auch in anderen L\u00e4ndern, vor allem in Israel und der Mongolei, gro\u00dfe russischsprachige Gemeinschaften.<\/p>\n<p>Russisch ist weltweit die siebth\u00e4ufigste gesprochene Sprache nach Anzahl der Muttersprachler, die Sprache mit den meisten Muttersprachlern in Europa und ist \u00fcber die eurasische Landmasse hinweg am st\u00e4rksten verbreitet. In Russland geben 118\u00a0Millionen Menschen Russisch als ihre Muttersprache an (85,7\u00a0% aller Sprecher im Land), 14 Millionen in der Ukraine (29,6\u00a0%), sechs Millionen in Wei\u00dfrussland (70,2\u00a0%), 3,8\u00a0Millionen in Kasachstan (21,2\u00a0%), 2,2\u00a0Millionen in Deutschland (2,8\u00a0%) und 1,2\u00a0Millionen in Israel (15\u00a0%) sowie ungef\u00e4hr sechs\u00a0Millionen in der restlichen Welt, sodass es insgesamt weltweit etwa 150 Millionen Muttersprachler gibt.[\/vc_column_text][\/vc_column_inner][\/vc_row_inner][vc_row_inner row_type=&#8220;row&#8220; type=&#8220;grid&#8220; text_align=&#8220;left&#8220; css_animation=&#8220;&#8220; css=&#8220;.vc_custom_1724033917078{padding-bottom: 40px !important;}&#8220;][vc_column_inner][vc_column_text]Russisch ist nach Anzahl der Sprecher, Muttersprachler und Nicht-Muttersprachler weltweit die achth\u00e4ufigste gesprochene Sprache. Russisch z\u00e4hlt zu den sechs offiziellen Sprachen der Vereinten Nationen. Nach Englisch ist Russisch die am zweith\u00e4ufigsten genutzte Sprache im Internet.<\/p>\n<p>Russisch geh\u00f6rt zur Familie der indoeurop\u00e4ischen Sprachen und ist neben Weissrussisch, Ruthenisch und Ukrainisch einer der vier lebenden ostslawischen Sprachen sowie Teil des gr\u00f6\u00dferen balto-slawischen Sprachzweigs. Zwischen Russisch, Ukrainisch und Weissrussisch herrscht ein hohes Ma\u00df an gegenseitiger Verst\u00e4ndlichkeit.[\/vc_column_text][\/vc_column_inner][\/vc_row_inner][\/vc_column][\/vc_row][vc_row css_animation=&#8220;&#8220; row_type=&#8220;row&#8220; use_row_as_full_screen_section=&#8220;no&#8220; type=&#8220;grid&#8220; angled_section=&#8220;no&#8220; text_align=&#8220;left&#8220; background_image_as_pattern=&#8220;without_pattern&#8220; z_index=&#8220;&#8220;][vc_column][vc_separator type=&#8220;normal&#8220; color=&#8220;#88cce2&#8243; thickness=&#8220;5&#8243; up=&#8220;0&#8243; down=&#8220;0&#8243;][\/vc_column][\/vc_row][vc_row css_animation=&#8220;&#8220; row_type=&#8220;row&#8220; use_row_as_full_screen_section=&#8220;no&#8220; type=&#8220;full_width&#8220; angled_section=&#8220;no&#8220; text_align=&#8220;left&#8220; background_image_as_pattern=&#8220;without_pattern&#8220; z_index=&#8220;&#8220; css=&#8220;.vc_custom_1718512349787{padding-top: 50px !important;padding-bottom: 30px !important;}&#8220;][vc_column][vc_row_inner row_type=&#8220;row&#8220; type=&#8220;grid&#8220; text_align=&#8220;left&#8220; css_animation=&#8220;&#8220;][vc_column_inner width=&#8220;1\/2&#8243;][vc_column_text css=&#8220;.vc_custom_1729130292018{padding-bottom: 30px !important;}&#8220;]<\/p>\n<h2>Mangelnde Fremdsprachenkenntnisse sind ein anerkanntes Problem im Land<\/h2>\n<p>Laut der Volksz\u00e4hlung von 2010 verf\u00fcgen nur 7.574.303 Personen bzw. 5,48\u00a0% der Bev\u00f6lkerung Russlands \u00fcber Englischkenntnisse. Deutsch, die zweitbekannteste Fremdsprache, wird von etwa 1\u00a0% der Bev\u00f6lkerung flie\u00dfend beherrscht, was verdeutlicht, wie wichtig die Kommunikation mit Russen in ihrer eigenen Sprache ist.<\/p>\n<h2>Die schnelle Entwicklung der russischen Sprache im Verlauf der vergangenen 20 Jahre ist eine Herausforderung f\u00fcr \u00dcbersetzer<\/h2>\n<p>Einige Sprachen, wie z.\u00a0B. Englisch oder Japanisch, \u00fcbernehmen problemlos Worte aus anderen Sprachen und nutzen Transliterationen fremdsprachiger W\u00f6rter entsprechend ihrer eigenen Phonetik. Andere Sprachen, wie z.\u00a0B. Chinesisch, \u00fcbersetzen durch Aneinanderreihung bestimmter nativer Begriffe ein neues Konzept in ihre Sprache, um es auszudr\u00fccken. Auch die russische Sprache hatte lange kein Problem mit Lehnw\u00f6rtern und f\u00fcgte ihrem slawischen Grundsubstrat zunehmend mehr W\u00f6rter aus verschiedenen Sprachen Europas und das Nahen Ostens hinzu.<\/p>\n<p>Russlands geografische Lage, der seit Jahrhunderten mit anderen L\u00e4ndern bestehende Handel sowie mehrere Renaissance-Wellen seit dem 17.\u00a0Jahrhundert haben die Sprache weit \u00fcber ihre slawischen Wurzeln hinaus bereichert. Auch wenn die slawische Grundlage der Sprache nicht zu leugnen ist, lassen sich im Alphabet, in der Grammatik und im Wortschatz dennoch viele eindeutig fremdsprachige Einfl\u00fcsse erkennen.<\/p>\n<p>[\/vc_column_text][\/vc_column_inner][vc_column_inner width=&#8220;1\/2&#8243;][vc_single_image image=&#8220;4662&#8243; img_size=&#8220;full&#8220; qode_css_animation=&#8220;&#8220;][vc_empty_space height=&#8220;12px&#8220;][\/vc_column_inner][\/vc_row_inner][vc_row_inner row_type=&#8220;row&#8220; type=&#8220;grid&#8220; text_align=&#8220;left&#8220; css_animation=&#8220;&#8220; css=&#8220;.vc_custom_1724033917078{padding-bottom: 40px !important;}&#8220;][vc_column_inner][vc_column_text]Nach dem Zusammenbruch der Sowjetunion schlich sich eine Flut von Lehnw\u00f6rtern in die Sprache ein, die \u00fcberwiegend aus dem Englischen sowie anderen europ\u00e4ischen Sprachen stammen. Diese Lehnw\u00f6rter, mit denen es der sich im Umbruch befindlichen Gesellschaft gelang, eine wachsende Flut neuer finanzieller, technischer, wirtschaftlicher und sozialer Konzepte zu bew\u00e4ltigen, stellen \u00dcbersetzer jedoch vor eine gro\u00dfe Herausforderung.[\/vc_column_text][\/vc_column_inner][\/vc_row_inner][\/vc_column][\/vc_row][vc_row css_animation=&#8220;&#8220; row_type=&#8220;row&#8220; use_row_as_full_screen_section=&#8220;no&#8220; type=&#8220;grid&#8220; angled_section=&#8220;no&#8220; text_align=&#8220;left&#8220; background_image_as_pattern=&#8220;without_pattern&#8220; z_index=&#8220;&#8220;][vc_column][vc_separator type=&#8220;normal&#8220; color=&#8220;#88cce2&#8243; thickness=&#8220;5&#8243; up=&#8220;0&#8243; down=&#8220;0&#8243;][\/vc_column][\/vc_row][vc_row css_animation=&#8220;&#8220; row_type=&#8220;row&#8220; use_row_as_full_screen_section=&#8220;no&#8220; type=&#8220;full_width&#8220; angled_section=&#8220;no&#8220; text_align=&#8220;left&#8220; background_image_as_pattern=&#8220;without_pattern&#8220; z_index=&#8220;&#8220; css=&#8220;.vc_custom_1718512370579{padding-top: 50px !important;padding-bottom: 30px !important;background-color: rgba(0,166,228,0.05) !important;*background-color: rgb(0,166,228) !important;}&#8220;][vc_column][vc_row_inner row_type=&#8220;row&#8220; type=&#8220;grid&#8220; text_align=&#8220;left&#8220; css_animation=&#8220;&#8220;][vc_column_inner width=&#8220;1\/2&#8243;][vc_single_image image=&#8220;4663&#8243; img_size=&#8220;full&#8220; qode_css_animation=&#8220;&#8220;][vc_empty_space height=&#8220;22px&#8220;][\/vc_column_inner][vc_column_inner width=&#8220;1\/2&#8243;][vc_column_text css=&#8220;.vc_custom_1729130368727{padding-bottom: 40px !important;}&#8220;]<\/p>\n<h2>Unser Team von Russisch\u00fcbersetzern kann Ihr Dokument kompetent in die russische Sprachform \u00fcbersetzen, die f\u00fcr Ihre Zielgruppe am geeignetsten ist<\/h2>\n<p>Einige L\u00e4nder, insbesondere das franz\u00f6sischsprachige Kanada und Frankreich, haben Gesetze und Vorschriften zum ihrer Meinung nach unantastbaren Erhalt der Sprache erdacht und eingef\u00fchrt, jedoch mit fragw\u00fcrdigem Erfolg. Russland hingegen hat keinerlei Bem\u00fchungen zur \u201eRegulierung\u201c der Sprache unternommen. F\u00fcr viele der entlehnten Begriffe gibt es perfekt passende \u00c4quivalente im Russischen, doch die russische Bev\u00f6lkerung scheint dem Strom neuer englischer Begriffe zu begr\u00fc\u00dfen. Somit m\u00fcssen \u00dcbersetzer den Kontext eines Dokuments genau einsch\u00e4tzen, um zu entscheiden, ob ein nativer russischer Begriff oder ein Lehnwort passender ist.<\/p>\n<p>Unsere \u00dcbersetzer halten mit dem sich entwickelnden Sprachgebrauch Schritt und k\u00f6nnen den passenden Begriff w\u00e4hlen. Kunden k\u00f6nnen darauf bauen, dass ihr \u00fcbersetzter Text die Erwartungen der Zielgruppe genauestens erf\u00fcllt \u2013 egal ob eine Botschaft sich direkt an eine Branche, einen Markt, ein demografisches Segment oder an die \u00d6ffentlichkeit im Allgemeinen richtet.[\/vc_column_text][\/vc_column_inner][\/vc_row_inner][\/vc_column][\/vc_row][vc_row css_animation=&#8220;&#8220; row_type=&#8220;row&#8220; use_row_as_full_screen_section=&#8220;no&#8220; type=&#8220;grid&#8220; angled_section=&#8220;no&#8220; text_align=&#8220;left&#8220; background_image_as_pattern=&#8220;without_pattern&#8220; z_index=&#8220;&#8220;][vc_column][vc_separator type=&#8220;normal&#8220; color=&#8220;#88cce2&#8243; thickness=&#8220;5&#8243; up=&#8220;0&#8243; down=&#8220;0&#8243;][\/vc_column][\/vc_row][vc_row css_animation=&#8220;&#8220; row_type=&#8220;row&#8220; use_row_as_full_screen_section=&#8220;no&#8220; type=&#8220;full_width&#8220; angled_section=&#8220;no&#8220; text_align=&#8220;left&#8220; background_image_as_pattern=&#8220;without_pattern&#8220; z_index=&#8220;&#8220; css=&#8220;.vc_custom_1724037186715{padding-top: 50px !important;padding-bottom: 30px !important;}&#8220;][vc_column][vc_row_inner row_type=&#8220;row&#8220; type=&#8220;grid&#8220; text_align=&#8220;left&#8220; css_animation=&#8220;&#8220;][vc_column_inner][vc_column_text css=&#8220;.vc_custom_1729130518757{padding-bottom: 40px !important;}&#8220;]<\/p>\n<h2>Eine unglaublich reiche Sprache<\/h2>\n<p>Russisch ist eine unglaublich reiche Sprache (die wir einigen der weltweit renommiertesten Schriftsteller wie Dostojewski und Gogol zu verdanken haben).<\/p>\n<p>Die jahrelange Erfahrung unserer Russisch\u00fcbersetzer im Umgang mit den Eigenheiten und Raffinessen dieser Sprache erweisen sich immer wieder als wichtiger Vorteil f\u00fcr die \u00dcbersetzung Ihres Dokuments in die siebth\u00e4ufigste gesprochene Sprache der Welt.[\/vc_column_text][\/vc_column_inner][\/vc_row_inner][\/vc_column][\/vc_row][vc_row css_animation=&#8220;&#8220; row_type=&#8220;row&#8220; use_row_as_full_screen_section=&#8220;no&#8220; type=&#8220;full_width&#8220; angled_section=&#8220;no&#8220; text_align=&#8220;left&#8220; background_image_as_pattern=&#8220;without_pattern&#8220; z_index=&#8220;&#8220; background_color=&#8220;rgba(0,166,228,0.35)&#8220;][vc_column][vc_row_inner row_type=&#8220;row&#8220; type=&#8220;grid&#8220; text_align=&#8220;left&#8220; css_animation=&#8220;&#8220; css=&#8220;.vc_custom_1712461537481{margin-top: 30px !important;margin-bottom: 30px !important;}&#8220;][vc_column_inner][vc_column_text css=&#8220;.vc_custom_1729129975079{padding-top: 15px !important;padding-right: 10px !important;padding-bottom: 15px !important;padding-left: 10px !important;background-color: #00a5e4 !important;border-radius: 3px !important;}&#8220;]<\/p>\n<p style=\"text-align: center;\"><span style=\"color: #ffffff;\"><a style=\"color: #ffffff;\" href=\"https:\/\/prontotranslations.com\/de\/kontakt\/\">Kontaktieren Sie uns f\u00fcr Ihr russisches \u00dcbersetzungs- oder Lokalisierungsprojekt<\/a><\/span><\/p>\n<p>[\/vc_column_text][\/vc_column_inner][\/vc_row_inner][\/vc_column][\/vc_row]<\/p>\n<\/div>","protected":false},"excerpt":{"rendered":"<p>[vc_row css_animation=&#8220;&#8220; row_type=&#8220;row&#8220; use_row_as_full_screen_section=&#8220;no&#8220; type=&#8220;full_width&#8220; angled_section=&#8220;no&#8220; text_align=&#8220;left&#8220; background_image_as_pattern=&#8220;without_pattern&#8220; z_index=&#8220;&#8220;][vc_column][vc_column_text css=&#8220;.vc_custom_1729129861449{padding-bottom: 30px !important;}&#8220;] Professionelle \u00dcbersetzungsdienste f\u00fcr Russisch [\/vc_column_text][\/vc_column][\/vc_row][vc_row css_animation=&#8220;&#8220; row_type=&#8220;row&#8220; use_row_as_full_screen_section=&#8220;no&#8220; type=&#8220;grid&#8220; angled_section=&#8220;no&#8220; text_align=&#8220;left&#8220; background_image_as_pattern=&#8220;without_pattern&#8220; z_index=&#8220;&#8220;&#8230;<\/p>\n","protected":false},"author":1,"featured_media":0,"parent":4533,"menu_order":20,"comment_status":"closed","ping_status":"closed","template":"full_width.php","meta":{"footnotes":""},"class_list":["post-4659","page","type-page","status-publish","hentry"],"_links":{"self":[{"href":"https:\/\/prontotranslations.com\/de\/wp-json\/wp\/v2\/pages\/4659","targetHints":{"allow":["GET"]}}],"collection":[{"href":"https:\/\/prontotranslations.com\/de\/wp-json\/wp\/v2\/pages"}],"about":[{"href":"https:\/\/prontotranslations.com\/de\/wp-json\/wp\/v2\/types\/page"}],"author":[{"embeddable":true,"href":"https:\/\/prontotranslations.com\/de\/wp-json\/wp\/v2\/users\/1"}],"replies":[{"embeddable":true,"href":"https:\/\/prontotranslations.com\/de\/wp-json\/wp\/v2\/comments?post=4659"}],"version-history":[{"count":6,"href":"https:\/\/prontotranslations.com\/de\/wp-json\/wp\/v2\/pages\/4659\/revisions"}],"predecessor-version":[{"id":4670,"href":"https:\/\/prontotranslations.com\/de\/wp-json\/wp\/v2\/pages\/4659\/revisions\/4670"}],"up":[{"embeddable":true,"href":"https:\/\/prontotranslations.com\/de\/wp-json\/wp\/v2\/pages\/4533"}],"wp:attachment":[{"href":"https:\/\/prontotranslations.com\/de\/wp-json\/wp\/v2\/media?parent=4659"}],"curies":[{"name":"wp","href":"https:\/\/api.w.org\/{rel}","templated":true}]}}