{"id":4677,"date":"2024-09-02T02:33:31","date_gmt":"2024-09-02T02:33:31","guid":{"rendered":"https:\/\/aw-web.com\/pronto2\/?page_id=4677"},"modified":"2025-01-18T04:31:45","modified_gmt":"2025-01-18T04:31:45","slug":"uebersetzungsdienste-fuer-spanisch","status":"publish","type":"page","link":"https:\/\/prontotranslations.com\/de\/sprachenliste\/uebersetzungsdienste-fuer-spanisch\/","title":{"rendered":"\u00dcbersetzungsdienste f\u00fcr Spanisch"},"content":{"rendered":"<div class=\"wpb-content-wrapper\"><p>[vc_row css_animation=&#8220;&#8220; row_type=&#8220;row&#8220; use_row_as_full_screen_section=&#8220;no&#8220; type=&#8220;full_width&#8220; angled_section=&#8220;no&#8220; text_align=&#8220;left&#8220; background_image_as_pattern=&#8220;without_pattern&#8220; z_index=&#8220;&#8220;][vc_column][vc_column_text css=&#8220;.vc_custom_1729131139637{padding-bottom: 30px !important;}&#8220;]<\/p>\n<h1 style=\"text-align: center;\">Professionelle \u00dcbersetzungsdienste f\u00fcr Spanisch<\/h1>\n<p>[\/vc_column_text][\/vc_column][\/vc_row][vc_row css_animation=&#8220;&#8220; row_type=&#8220;row&#8220; use_row_as_full_screen_section=&#8220;no&#8220; type=&#8220;grid&#8220; angled_section=&#8220;no&#8220; text_align=&#8220;left&#8220; background_image_as_pattern=&#8220;without_pattern&#8220; z_index=&#8220;&#8220; css=&#8220;.vc_custom_1719198241526{padding-top: 50px !important;padding-right: 10% !important;padding-left: 10% !important;}&#8220;][vc_column width=&#8220;1\/2&#8243; css=&#8220;.vc_custom_1712629369530{padding-right: 10% !important;padding-left: 10% !important;}&#8220;][vc_row_inner row_type=&#8220;row&#8220; type=&#8220;full_width&#8220; text_align=&#8220;center&#8220; css_animation=&#8220;&#8220; css=&#8220;.vc_custom_1722784476757{padding-top: 20px !important;}&#8220;][vc_column_inner][vc_column_text css=&#8220;.vc_custom_1729131178901{padding-bottom: 50px !important;}&#8220;]<\/p>\n<p style=\"text-align: center;\"><strong>Vertrauen Sie auf Pronto f\u00fcr Ihren jeweiligen \u00dcbersetzungsbedarf ins Spanische!<\/strong><\/p>\n<p style=\"text-align: left;\">Europ\u00e4isches Spanisch \u2013 lateinamerikanisches Spanisch \u2013 mexikanisches Spanisch \u2013 US-Spanisch<\/p>\n<ul>\n<li style=\"text-align: left;\">D\u00e4nisch-Spanisch-\u00dcbersetzungen<\/li>\n<li style=\"text-align: left;\">Deutsch-Spanisch-\u00dcbersetzungen<\/li>\n<li style=\"text-align: left;\">Englisch-Spanisch-\u00dcbersetzungen<\/li>\n<li style=\"text-align: left;\">Franz\u00f6isch-Spanisch-\u00dcbersetzungen<\/li>\n<li style=\"text-align: left;\">Italienisch-Spanisch-\u00dcbersetzungen<\/li>\n<li style=\"text-align: left;\">Portugiesisch-Spanisch-\u00dcbersetzungen<\/li>\n<\/ul>\n<p>[\/vc_column_text][vc_column_text css=&#8220;.vc_custom_1729131282056{padding-top: 10px !important;padding-bottom: 10px !important;background-color: #00a6e4 !important;border-radius: 3px !important;}&#8220;]<\/p>\n<p style=\"text-align: center;\"><a href=\"https:\/\/prontotranslations.com\/de\/kontakt\/\"><span style=\"color: #ffffff;\">Kontaktieren Sie uns f\u00fcr Ihr spanisches \u00dcbersetzungs- oder Lokalisierungsprojekt<\/span><\/a><\/p>\n<p>[\/vc_column_text][vc_empty_space][\/vc_column_inner][\/vc_row_inner][\/vc_column][vc_column width=&#8220;1\/2&#8243;][vc_single_image image=&#8220;4678&#8243; img_size=&#8220;full&#8220; alignment=&#8220;center&#8220; qode_css_animation=&#8220;&#8220; css=&#8220;.vc_custom_1725244731595{padding-bottom: 30px !important;}&#8220;][vc_empty_space][\/vc_column][\/vc_row][vc_row css_animation=&#8220;&#8220; row_type=&#8220;row&#8220; use_row_as_full_screen_section=&#8220;no&#8220; type=&#8220;grid&#8220; angled_section=&#8220;no&#8220; text_align=&#8220;left&#8220; background_image_as_pattern=&#8220;without_pattern&#8220; z_index=&#8220;&#8220;][vc_column][vc_separator type=&#8220;normal&#8220; color=&#8220;#88cce2&#8243; thickness=&#8220;5&#8243; up=&#8220;0&#8243; down=&#8220;0&#8243;][\/vc_column][\/vc_row][vc_row css_animation=&#8220;&#8220; row_type=&#8220;row&#8220; use_row_as_full_screen_section=&#8220;no&#8220; type=&#8220;full_width&#8220; angled_section=&#8220;no&#8220; text_align=&#8220;left&#8220; background_image_as_pattern=&#8220;without_pattern&#8220; z_index=&#8220;&#8220; css=&#8220;.vc_custom_1712718567412{background-color: rgba(0,166,228,0.05) !important;*background-color: rgb(0,166,228) !important;}&#8220;][vc_column][vc_row_inner row_type=&#8220;row&#8220; type=&#8220;grid&#8220; text_align=&#8220;left&#8220; css_animation=&#8220;&#8220; css=&#8220;.vc_custom_1718510501771{padding-top: 50px !important;}&#8220;][vc_column_inner width=&#8220;1\/2&#8243;][vc_single_image image=&#8220;4679&#8243; img_size=&#8220;full&#8220; qode_css_animation=&#8220;&#8220;][vc_empty_space height=&#8220;52px&#8220;][\/vc_column_inner][vc_column_inner width=&#8220;1\/2&#8243;][vc_column_text css=&#8220;.vc_custom_1729131643360{padding-bottom: 30px !important;}&#8220;]<\/p>\n<h2>Professionelle Spanisch-\u00dcbersetzer aus praktisch jedem spanischsprachigen Land oder Markt stehen f\u00fcr Sie bereit<\/h2>\n<p>Wir verf\u00fcgen \u00fcber etwa 50 Spanisch-\u00dcbersetzer, die Ihnen gerne jederzeit bei Ihrem Auftrag helfen.\u00a0Sie stammen aus beinahe jedem spanischsprachigen Land oder Markt rund um den Globus, wodurch sichergestellt wird, dass der oder die geeignetsten und geografisch passendsten \u00dcbersetzer f\u00fcr Ihr jeweiliges Projekt ausgew\u00e4hlt werden.<\/p>\n<h2>Die zweitbeliebteste Sprache der Welt<\/h2>\n<p>Spanisch ist die weltweit zweith\u00e4ufigste gesprochene Muttersprache (nach Mandarin) und die weltweit vierth\u00e4ufigste gesprochene Sprache (nach Englisch, Mandarin und Hindi).<\/p>\n<p>Spanisch z\u00e4hlt zu den sechs offiziellen Sprachen der Vereinten Nationen. Es ist auch eine der offiziellen Sprachen der Europ\u00e4ischen Union (EU), der Organisation Amerikanischer Staaten (OAS), der Union S\u00fcdamerikanischer Nationen (UNASAR), der Gemeinschaft der Lateinamerikanischen und Karibischen Staaten (CELAC), der Afrikanischen Union (AU) sowie vieler weiterer internationaler Organisationen.[\/vc_column_text][\/vc_column_inner][\/vc_row_inner][vc_row_inner row_type=&#8220;row&#8220; type=&#8220;grid&#8220; text_align=&#8220;left&#8220; css_animation=&#8220;&#8220;][vc_column_inner][vc_column_text]<\/p>\n<h2>Etwa 477\u00a0Millionen Muttersprachler weltweit<\/h2>\n<p>Laut Sch\u00e4tzungen des Instituto Cervantes sprechen etwa 477\u00a0Millionen Menschen Spanisch als Muttersprache. Das verhilft Spanisch zu Platz zwei auf der Liste der Sprachen mit den meisten Muttersprachlern. Au\u00dferdem sprechen insgesamt 572\u00a0Millionen Menschen Spanisch als Erst- oder Zweitsprache, einschlie\u00dflich Sprechern mit begrenzten Kenntnissen. \u00dcber 21 Millionen Menschen lernen Spanisch als Fremdsprache.<\/p>\n<p>Spanisch ist Amts- und Landessprache in Spanien, \u00c4quatorial-Guinea sowie in 18 L\u00e4ndern und einem Hoheitsgebiet in Nord-, S\u00fcd- und Mittelamerika. Etwa 418\u00a0Millionen Menschen auf dem gesamten amerikanischen Doppelkontinent sprechen diese Sprache. Die Sprache wird zudem optional auf den Philippinen gesprochen, wo sie unter den \u00e4lteren Mitgliedern der Oberschichten des Landes gegen\u00fcber Englisch oftmals die bevorzugte \u201eFremdsprache\u201c ist. Das ist darauf zur\u00fcckzuf\u00fchren, dass das Land von 1569 bis 1899 eine spanische Kolonie war. Acht Prozent der EU-Bev\u00f6lkerung sind Muttersprachler, w\u00e4hrend weitere 7\u00a0% Spanisch als Zweitsprache sprechen. Mexiko hat die meisten Muttersprachler. Spanisch ist die beliebteste Zweitsprache, die in den USA gelernt wird.<br \/>\n[\/vc_column_text][vc_empty_space height=&#8220;42px&#8220;][\/vc_column_inner][\/vc_row_inner][\/vc_column][\/vc_row][vc_row css_animation=&#8220;&#8220; row_type=&#8220;row&#8220; use_row_as_full_screen_section=&#8220;no&#8220; type=&#8220;grid&#8220; angled_section=&#8220;no&#8220; text_align=&#8220;left&#8220; background_image_as_pattern=&#8220;without_pattern&#8220; z_index=&#8220;&#8220;][vc_column][vc_separator type=&#8220;normal&#8220; color=&#8220;#88cce2&#8243; thickness=&#8220;5&#8243; up=&#8220;0&#8243; down=&#8220;0&#8243;][\/vc_column][\/vc_row][vc_row css_animation=&#8220;&#8220; row_type=&#8220;row&#8220; use_row_as_full_screen_section=&#8220;no&#8220; type=&#8220;full_width&#8220; angled_section=&#8220;no&#8220; text_align=&#8220;left&#8220; background_image_as_pattern=&#8220;without_pattern&#8220; z_index=&#8220;&#8220; css=&#8220;.vc_custom_1718512349787{padding-top: 50px !important;padding-bottom: 30px !important;}&#8220;][vc_column][vc_row_inner row_type=&#8220;row&#8220; type=&#8220;grid&#8220; text_align=&#8220;left&#8220; css_animation=&#8220;&#8220;][vc_column_inner width=&#8220;1\/2&#8243;][vc_column_text css=&#8220;.vc_custom_1729131502701{padding-bottom: 30px !important;}&#8220;]<\/p>\n<h2>Lateinamerikanisches und europ\u00e4isches Spanisch im Vergleich<\/h2>\n<p>Wenn es um \u00dcbersetzung geht, unterteilt sich Spanisch in zwei Grundtypen: das spanische Spanisch (d.\u00a0h. europ\u00e4isches Spanisch, iberisches Spanisch, EUSPAN) und das lateinamerikanische Spanisch. Letzteres unterteilt sich weiter in lateinamerikanisches Standard-Spanisch sowie mehrere Untergruppen, im Grunde genommen eine f\u00fcr jedes Land. Im Gegensatz dazu ist lateinamerikanisches Standard-Spanisch ein \u201eStandard\u201c-Register, der in ganz Lateinamerika, Mexiko sowie in den USA akzeptiert ist und im Fernsehen und in der Synchronisationsindustrie verwendet wird.<\/p>\n<p>F\u00fcr eine Pressemitteilung, die sich an die gesamte spanischsprachige Welt richtet, empfiehlt es sich, zwei Versionen zu verfassen: eine lateinamerikanische Version f\u00fcr den gesamten amerikanischen Doppelkontinent und eine europ\u00e4ische Spanisch-Version f\u00fcr Spanien und \u00c4quatorial-Guinea.<\/p>\n<p>Das mexikanische Spanisch wird als dasjenige betrachtet, das sich am meisten von allen anderen unterscheidet.\u00a0Wenn Mexiko ein wichtiges Zielland eines Dokuments ist, das f\u00fcr ganz Lateinamerika bestimmt ist, empfiehlt es sich, eine spezielle Version f\u00fcr Mexiko zu verfassen und f\u00fcr die restlichen M\u00e4rkte lateinamerikanisches Standard-Spanisch zu verwenden.<br \/>\n[\/vc_column_text][\/vc_column_inner][vc_column_inner width=&#8220;1\/2&#8243;][vc_single_image image=&#8220;4680&#8243; img_size=&#8220;full&#8220; qode_css_animation=&#8220;&#8220;][vc_empty_space][\/vc_column_inner][\/vc_row_inner][vc_row_inner row_type=&#8220;row&#8220; type=&#8220;grid&#8220; text_align=&#8220;left&#8220; css_animation=&#8220;&#8220;][vc_column_inner][vc_column_text]<\/p>\n<h2>US-Spanisch<\/h2>\n<p>Nicht zu untersch\u00e4tzen, ist die Bedeutung von Spanisch in den Vereinigten Staaten.<\/p>\n<p>Laut der American Community Survey, die 2011 durchgef\u00fchrt wurde, sprechen von 55\u00a0Millionen US-Einwohnern mit lateinamerikanischen oder spanischen Wurzeln, die \u00e4lter als f\u00fcnf Jahre sind, 38\u00a0Millionen \u2013 13,5\u00a0% der Bev\u00f6lkerung der Vereinigten Staaten \u2013 Spanisch zuhause und bevorzugen in ihrer Muttersprache zu lesen, fernzusehen oder Radio zu h\u00f6ren.\u00a0Marketing- und Public-Relations-Experten, die dieses Marktsegment vernachl\u00e4ssigen, verpassen jeden siebten US-B\u00fcrger, der ihre Botschaft h\u00f6ren k\u00f6nnte.<\/p>\n<p>Einige unserer \u00dcbersetzer sind in den USA aufgewachsene Muttersprachler, die Ihre Pressemitteilung, Webseite, Public\u00a0Relations-Dokumente oder andere Inhalte kompetent in das Spanisch \u00fcbersetzen, das f\u00fcr spanische US-Zeitungen sowie Radio- und Fernsehesender genutzt wird, um diese oftmals \u00fcbersehene Zielgruppe zu erreichen.<br \/>\n[\/vc_column_text][vc_empty_space][\/vc_column_inner][\/vc_row_inner][\/vc_column][\/vc_row][vc_row css_animation=&#8220;&#8220; row_type=&#8220;row&#8220; use_row_as_full_screen_section=&#8220;no&#8220; type=&#8220;grid&#8220; angled_section=&#8220;no&#8220; text_align=&#8220;left&#8220; background_image_as_pattern=&#8220;without_pattern&#8220; z_index=&#8220;&#8220;][vc_column][vc_separator type=&#8220;normal&#8220; color=&#8220;#88cce2&#8243; thickness=&#8220;5&#8243; up=&#8220;0&#8243; down=&#8220;0&#8243;][\/vc_column][\/vc_row][vc_row css_animation=&#8220;&#8220; row_type=&#8220;row&#8220; use_row_as_full_screen_section=&#8220;no&#8220; type=&#8220;full_width&#8220; angled_section=&#8220;no&#8220; text_align=&#8220;left&#8220; background_image_as_pattern=&#8220;without_pattern&#8220; z_index=&#8220;&#8220; css=&#8220;.vc_custom_1725246676531{padding-top: 50px !important;padding-bottom: 30px !important;background-color: rgba(0,166,228,0.05) !important;*background-color: rgb(0,166,228) !important;}&#8220;][vc_column][vc_row_inner row_type=&#8220;row&#8220; type=&#8220;grid&#8220; text_align=&#8220;left&#8220; css_animation=&#8220;&#8220;][vc_column_inner][vc_column_text css=&#8220;.vc_custom_1729131566011{padding-bottom: 40px !important;}&#8220;]<\/p>\n<h2>Sie brauchen Hilfe bei der Wahl der richtigen Spanisch-Variante f\u00fcr Ihre \u00dcbersetzung?<\/h2>\n<p>Wenn Sie Hilfe bei der Wahl des richtigen Spanisch-Typs ben\u00f6tigen, der f\u00fcr die \u00dcbersetzung Ihres jeweiligen Marketingmaterials bzw. Dokuments geeignet ist, wenden Sie sich bitte an einen unserer Sprachexperten. Gerne helfen sie Ihnen bei der Wahl des f\u00fcr Ihren Auftrag passenden Spanischs weiter und wissen, ob eine zus\u00e4tzliche Spanisch-Version ben\u00f6tigt wird.<\/p>\n<p>Bitte z\u00f6gern Sie nicht, <a href=\"mailto:clientservices@prontotranslations.com\"><strong>uns zu kontaktieren<\/strong><\/a>, um Ihr spanisches \u00dcbersetzungs- und Lokalisierungsprojekt zu besprechen.<br \/>\n[\/vc_column_text][\/vc_column_inner][\/vc_row_inner][\/vc_column][\/vc_row][vc_row css_animation=&#8220;&#8220; row_type=&#8220;row&#8220; use_row_as_full_screen_section=&#8220;no&#8220; type=&#8220;full_width&#8220; angled_section=&#8220;no&#8220; text_align=&#8220;left&#8220; background_image_as_pattern=&#8220;without_pattern&#8220; z_index=&#8220;&#8220; background_color=&#8220;rgba(0,166,228,0.35)&#8220;][vc_column][vc_row_inner row_type=&#8220;row&#8220; type=&#8220;grid&#8220; text_align=&#8220;left&#8220; css_animation=&#8220;&#8220; css=&#8220;.vc_custom_1712461537481{margin-top: 30px !important;margin-bottom: 30px !important;}&#8220;][vc_column_inner][vc_column_text css=&#8220;.vc_custom_1729131264444{padding-top: 15px !important;padding-right: 10px !important;padding-bottom: 15px !important;padding-left: 10px !important;background-color: #00a5e4 !important;border-radius: 3px !important;}&#8220;]<\/p>\n<p style=\"text-align: center;\"><span style=\"color: #ffffff;\"><a style=\"color: #ffffff;\" href=\"https:\/\/prontotranslations.com\/de\/kontakt\/\">Kontaktieren Sie uns f\u00fcr Ihr spanisches \u00dcbersetzungs- oder Lokalisierungsprojekt<\/a><\/span><\/p>\n<p>[\/vc_column_text][\/vc_column_inner][\/vc_row_inner][\/vc_column][\/vc_row]<\/p>\n<\/div>","protected":false},"excerpt":{"rendered":"<p>[vc_row css_animation=&#8220;&#8220; row_type=&#8220;row&#8220; use_row_as_full_screen_section=&#8220;no&#8220; type=&#8220;full_width&#8220; angled_section=&#8220;no&#8220; text_align=&#8220;left&#8220; background_image_as_pattern=&#8220;without_pattern&#8220; z_index=&#8220;&#8220;][vc_column][vc_column_text css=&#8220;.vc_custom_1729131139637{padding-bottom: 30px !important;}&#8220;] Professionelle \u00dcbersetzungsdienste f\u00fcr Spanisch [\/vc_column_text][\/vc_column][\/vc_row][vc_row css_animation=&#8220;&#8220; row_type=&#8220;row&#8220; use_row_as_full_screen_section=&#8220;no&#8220; type=&#8220;grid&#8220; angled_section=&#8220;no&#8220; text_align=&#8220;left&#8220; background_image_as_pattern=&#8220;without_pattern&#8220; z_index=&#8220;&#8220;&#8230;<\/p>\n","protected":false},"author":1,"featured_media":0,"parent":4533,"menu_order":21,"comment_status":"closed","ping_status":"closed","template":"full_width.php","meta":{"footnotes":""},"class_list":["post-4677","page","type-page","status-publish","hentry"],"_links":{"self":[{"href":"https:\/\/prontotranslations.com\/de\/wp-json\/wp\/v2\/pages\/4677","targetHints":{"allow":["GET"]}}],"collection":[{"href":"https:\/\/prontotranslations.com\/de\/wp-json\/wp\/v2\/pages"}],"about":[{"href":"https:\/\/prontotranslations.com\/de\/wp-json\/wp\/v2\/types\/page"}],"author":[{"embeddable":true,"href":"https:\/\/prontotranslations.com\/de\/wp-json\/wp\/v2\/users\/1"}],"replies":[{"embeddable":true,"href":"https:\/\/prontotranslations.com\/de\/wp-json\/wp\/v2\/comments?post=4677"}],"version-history":[{"count":7,"href":"https:\/\/prontotranslations.com\/de\/wp-json\/wp\/v2\/pages\/4677\/revisions"}],"predecessor-version":[{"id":4689,"href":"https:\/\/prontotranslations.com\/de\/wp-json\/wp\/v2\/pages\/4677\/revisions\/4689"}],"up":[{"embeddable":true,"href":"https:\/\/prontotranslations.com\/de\/wp-json\/wp\/v2\/pages\/4533"}],"wp:attachment":[{"href":"https:\/\/prontotranslations.com\/de\/wp-json\/wp\/v2\/media?parent=4677"}],"curies":[{"name":"wp","href":"https:\/\/api.w.org\/{rel}","templated":true}]}}