{"id":4713,"date":"2024-08-11T15:14:54","date_gmt":"2024-08-11T15:14:54","guid":{"rendered":"https:\/\/aw-web.com\/pronto2\/?page_id=4713"},"modified":"2025-01-22T21:23:21","modified_gmt":"2025-01-22T21:23:21","slug":"kontakt","status":"publish","type":"page","link":"https:\/\/prontotranslations.com\/de\/kontakt\/","title":{"rendered":"Kontakt"},"content":{"rendered":"<div class=\"wpb-content-wrapper\"><p>[vc_row css_animation=&#8220;&#8220; row_type=&#8220;row&#8220; use_row_as_full_screen_section=&#8220;no&#8220; type=&#8220;grid&#8220; angled_section=&#8220;no&#8220; text_align=&#8220;left&#8220; background_image_as_pattern=&#8220;without_pattern&#8220; z_index=&#8220;&#8220;][vc_column width=&#8220;2\/3&#8243;][vc_column_text]<\/p>\n<h1>Kontaktieren Sie uns jetzt!<\/h1>\n<p>Wir freuen uns darauf, Ihr \u00dcbersetzungs- und Lokalisierungsprojekt mit Ihnen zu besprechen. Wir sind jederzeit gerne f\u00fcr Sie da. Sie k\u00f6nnen uns rund um die Uhr mit Ihren W\u00fcnschen und Anforderungen kontaktieren.<\/p>\n<div class=\"frm_forms  with_frm_style frm_style_formidable-style\" id=\"frm_form_8_container\" >\n<form enctype=\"multipart\/form-data\" method=\"post\" class=\"frm-show-form  frm_pro_form \" id=\"form_contact-de\" >\n<div class=\"frm_form_fields \">\n<fieldset>\n<legend class=\"frm_screen_reader\">Contact de<\/legend>\r\n\r\n<div class=\"frm_fields_container\">\n<input type=\"hidden\" name=\"frm_action\" value=\"create\" \/>\n<input type=\"hidden\" name=\"form_id\" value=\"8\" \/>\n<input type=\"hidden\" name=\"frm_hide_fields_8\" id=\"frm_hide_fields_8\" value=\"\" \/>\n<input type=\"hidden\" name=\"form_key\" value=\"contact-de\" \/>\n<input type=\"hidden\" name=\"item_meta[0]\" value=\"\" \/>\n<input type=\"hidden\" id=\"frm_submit_entry_8\" name=\"frm_submit_entry_8\" value=\"eaaf8de568\" \/><input type=\"hidden\" name=\"_wp_http_referer\" value=\"\/de\/wp-json\/wp\/v2\/pages\/4713\" \/><div id=\"frm_field_48_container\" class=\"frm_form_field form-field  frm_required_field frm_top_container frm_first frm_half\">\r\n\t<label for=\"field_qh4icy3\" id=\"field_qh4icy3_label\" class=\"frm_primary_label\">Ihr Name (erforderlich)*\r\n\t\t<span class=\"frm_required\" aria-hidden=\"true\">*<\/span>\r\n\t<\/label>\r\n\t<input  type=\"text\" id=\"field_qh4icy3\" name=\"item_meta[48]\" value=\"\"  data-reqmsg=\"Ihr Name (erforderlich)* cannot be blank.\" aria-required=\"true\" data-invmsg=\"Ihr Name (erforderlich)* is invalid\" aria-invalid=\"false\"   aria-describedby=\"frm_desc_field_qh4icy3\" \/>\r\n\t<div class=\"frm_description\" id=\"frm_desc_field_qh4icy3\">First<\/div>\r\n\t\r\n<\/div>\n<div id=\"frm_field_49_container\" class=\"frm_form_field form-field  frm_required_field frm_hidden_container frm_half\">\r\n\t<label for=\"field_ocfup13\" id=\"field_ocfup13_label\" class=\"frm_primary_label\">Last\r\n\t\t<span class=\"frm_required\" aria-hidden=\"true\">*<\/span>\r\n\t<\/label>\r\n\t<input  type=\"text\" id=\"field_ocfup13\" name=\"item_meta[49]\" value=\"\"  data-reqmsg=\"Last cannot be blank.\" aria-required=\"true\" data-invmsg=\"Last ist ung\u00fcltig\" aria-invalid=\"false\"   aria-describedby=\"frm_desc_field_ocfup13\" \/>\r\n\t<div class=\"frm_description\" id=\"frm_desc_field_ocfup13\">Last<\/div>\r\n\t\r\n<\/div>\n<div id=\"frm_field_50_container\" class=\"frm_form_field form-field  frm_required_field frm_top_container frm_full\">\r\n\t<label for=\"field_29yf4d3\" id=\"field_29yf4d3_label\" class=\"frm_primary_label\">Ihre E-Mail (erforderlich) *\r\n\t\t<span class=\"frm_required\" aria-hidden=\"true\">*<\/span>\r\n\t<\/label>\r\n\t<input type=\"email\" id=\"field_29yf4d3\" name=\"item_meta[50]\" value=\"\"  data-reqmsg=\"Ihre E-Mail (erforderlich) * cannot be blank.\" aria-required=\"true\" data-invmsg=\"Please enter a valid email address\" aria-invalid=\"false\"  \/>\r\n\t\r\n\t\r\n<\/div>\n<div id=\"frm_field_51_container\" class=\"frm_form_field form-field  frm_required_field frm_top_container frm_full\">\r\n\t<label for=\"field_e6lis63\" id=\"field_e6lis63_label\" class=\"frm_primary_label\">Thema\r\n\t\t<span class=\"frm_required\" aria-hidden=\"true\">*<\/span>\r\n\t<\/label>\r\n\t<input  type=\"text\" id=\"field_e6lis63\" name=\"item_meta[51]\" value=\"\"  data-reqmsg=\"Thema cannot be blank.\" aria-required=\"true\" data-invmsg=\"Thema is invalid\" aria-invalid=\"false\"   \/>\r\n\t\r\n\t\r\n<\/div>\n<div id=\"frm_field_52_container\" class=\"frm_form_field form-field  frm_required_field frm_top_container frm_full\">\r\n\t<label for=\"field_9jv0r13\" id=\"field_9jv0r13_label\" class=\"frm_primary_label\">Ihre Nachricht \r\n\t\t<span class=\"frm_required\" aria-hidden=\"true\">*<\/span>\r\n\t<\/label>\r\n\t<textarea name=\"item_meta[52]\" id=\"field_9jv0r13\" rows=\"5\"  data-reqmsg=\"Ihre Nachricht  cannot be blank.\" aria-required=\"true\" data-invmsg=\"Ihre Nachricht  ist ung\u00fcltig\" aria-invalid=\"false\"  ><\/textarea>\r\n\t\r\n\t\r\n<\/div>\n<div id=\"frm_field_90_container\" class=\"frm_form_field form-field  frm_top_container\">\r\n\t<label for=\"field_15il4\" id=\"field_15il4_label\" class=\"frm_primary_label\">File Upload\r\n\t\t<span class=\"frm_required\" aria-hidden=\"true\"><\/span>\r\n\t<\/label>\r\n\t<input type=\"hidden\"  data-invmsg=\"File Upload ist ung\u00fcltig\" aria-invalid=\"false\"   name=\"item_meta[90]\"  value=\"\" data-frmfile=\"90\" \/>\n\n<div class=\"frm_dropzone frm_single_upload frm_clearfix\" id=\"file90_dropzone\" role=\"group\" >\n\t<div class=\"fallback\">\n\t\t<input type=\"file\" name=\"file90\" id=\"field_15il4\"\n\t\t\t data-invmsg=\"File Upload ist ung\u00fcltig\" aria-invalid=\"false\"  \t\t\t\/>\n\t\t\t\t<div class=\"frm_clearfix \"><\/div>\n\t<\/div>\n\t<div class=\"dz-message needsclick\">\n\t\t\t\t<svg  viewBox=\"0 0 18 18\" class=\"frmsvg frm-svg-icon\">\n\t<path viewBox=\"0 0 18 18\" fill-rule=\"evenodd\" clip-rule=\"evenodd\" d=\"M8.2 4v8a.8.8 0 001.5 0V4l2.1 2.2A.7.7 0 1013 5L9.5 1.7a.7.7 0 00-1.1 0L5.1 5.2a.8.8 0 001 1l2.1-2zm7.6 4.3c.4 0 .7.3.7.7v6.8c0 .4-.3.7-.8.7H2.3a.8.8 0 01-.8-.8V9A.8.8 0 013 9v6h12V9c0-.4.3-.8.8-.8z\"><\/path>\n<\/svg>\t\t<span class=\"frm_upload_text\"><button type=\"button\" aria-label=\"File Upload. Drop a file here or click to upload. Maximale Dateigr\u00f6\u00dfe: 134.22MB\">Drop a file here or click to upload<\/button><\/span>\n\t\t<span class=\"frm_compact_text\"><button type=\"button\" aria-label=\"File Upload. Choose File. Maximale Dateigr\u00f6\u00dfe: 134.22MB\">Choose File<\/button><\/span>\n\t\t<div class=\"frm_small_text\">\n\t\t\t<p>Maximale Dateigr\u00f6\u00dfe: 134.22MB<\/p>\n\t\t<\/div>\n\t<\/div>\n<\/div>\n\t\r\n\t\r\n\t\r\n<\/div>\n<div id=\"frm_field_53_container\" class=\"frm_form_field form-field \">\r\n\t<div class=\"frm_submit frm_flex\">\r\n<button class=\"frm_button_submit frm_final_submit\" type=\"submit\"   formnovalidate=\"formnovalidate\">Senden<\/button>\r\n\r\n\r\n\r\n<\/div>\r\n<\/div>\n\t<input type=\"hidden\" name=\"item_key\" value=\"\" \/>\n\t\t\t<div id=\"frm_field_101_container\">\n\t\t\t<label for=\"field_y9hf2\" >\n\t\t\t\tFalls Du menschlich bist, lasse dieses Feld leer.\t\t\t<\/label>\n\t\t\t<input  id=\"field_y9hf2\" type=\"text\" class=\"frm_form_field form-field frm_verify\" name=\"item_meta[101]\" value=\"\"  \/>\n\t\t<\/div>\n\t\t<input name=\"frm_state\" type=\"hidden\" value=\"Th87gwwkD6LlnLhKUVbSDeMQpPpxRWYHpwxBK5y2eIGKnnwUV8p0zEB1uOOgxaao\" \/><\/div>\n<\/fieldset>\n<\/div>\n\n<\/form>\n<\/div>\n[\/vc_column_text][\/vc_column][vc_column width=&#8220;1\/3&#8243;][vc_column_text]<\/p>\n<h2>USA und KANADA<\/h2>\n<p>131 Seventh Ave., Suite 140<br \/>\nNew York, NY 10011<br \/>\nUSA<br \/>\nTel +1 646 984 4073<br \/>\nEmail\u00a0<a href=\"mailto:clientservices@prontotranslations.com\">clientservices@prontotranslations.com<\/a><\/p>\n<h2>EUROPA<\/h2>\n<p>5, rue Jeanne d\u2019Arc<br \/>\n30000 N\u00eemes<br \/>\nFrankreich<br \/>\nTel +33 7 78 34 66 01<br \/>\nEmail\u00a0<a href=\"mailto:clientservices-eu@prontotranslations.com\">clientservices-eu@prontotranslations.com<\/a><\/p>\n<h2>ASIEN (au\u00dfer Japan und Korea)<\/h2>\n<p>Suite 102, Bldg. 13<br \/>\n4 Huangpu Road<br \/>\nXuanwu District<br \/>\nNanjing 210016, China<br \/>\nTel +86 180 1399 0775<br \/>\nEmail\u00a0<a href=\"mailto:clientservices-asia@prontotranslations.com\">clientservices-asia@prontotranslations.com<\/a><\/p>\n<h2>JAPAN<\/h2>\n<p>530-0001, Room 2307<br \/>\nOsaka Ekimae 3rd Building<br \/>\n1-1-3 Umeda, Kita-Ku<br \/>\nOsaka, Osaka-fu, Japan<br \/>\nTel +81 70 8553 2676<br \/>\nEmail <a href=\"mailto:clientservices-japan@prontotranslations.com\">clientservices-japan@prontotranslations.com<\/a><\/p>\n<h2>KOREA<\/h2>\n<p>105-901, 30 gil 27, Kwanak-ro<br \/>\nKwanak-gu<br \/>\nSeoul 08734, Korea<br \/>\nTel +82-10-3242-1157<br \/>\nEmail\u00a0<a href=\"mailto:clientservices-korea@prontotranslations.com\">clientservices-korea@prontotranslations.com<\/a>[\/vc_column_text][\/vc_column][\/vc_row][vc_row css_animation=&#8220;&#8220; row_type=&#8220;row&#8220; use_row_as_full_screen_section=&#8220;no&#8220; type=&#8220;full_width&#8220; angled_section=&#8220;no&#8220; text_align=&#8220;left&#8220; background_image_as_pattern=&#8220;without_pattern&#8220;][vc_column][vc_empty_space height=&#8220;62px&#8220;][\/vc_column][\/vc_row]<\/p>\n<\/div>","protected":false},"excerpt":{"rendered":"<p>[vc_row css_animation=&#8220;&#8220; row_type=&#8220;row&#8220; use_row_as_full_screen_section=&#8220;no&#8220; type=&#8220;grid&#8220; angled_section=&#8220;no&#8220; text_align=&#8220;left&#8220; background_image_as_pattern=&#8220;without_pattern&#8220; z_index=&#8220;&#8220;][vc_column width=&#8220;2\/3&#8243;][vc_column_text] Kontaktieren Sie uns jetzt! Wir freuen uns darauf, Ihr \u00dcbersetzungs- und Lokalisierungsprojekt mit Ihnen zu&#8230;<\/p>\n","protected":false},"author":1,"featured_media":0,"parent":0,"menu_order":0,"comment_status":"closed","ping_status":"closed","template":"full_width.php","meta":{"footnotes":""},"class_list":["post-4713","page","type-page","status-publish","hentry"],"_links":{"self":[{"href":"https:\/\/prontotranslations.com\/de\/wp-json\/wp\/v2\/pages\/4713","targetHints":{"allow":["GET"]}}],"collection":[{"href":"https:\/\/prontotranslations.com\/de\/wp-json\/wp\/v2\/pages"}],"about":[{"href":"https:\/\/prontotranslations.com\/de\/wp-json\/wp\/v2\/types\/page"}],"author":[{"embeddable":true,"href":"https:\/\/prontotranslations.com\/de\/wp-json\/wp\/v2\/users\/1"}],"replies":[{"embeddable":true,"href":"https:\/\/prontotranslations.com\/de\/wp-json\/wp\/v2\/comments?post=4713"}],"version-history":[{"count":5,"href":"https:\/\/prontotranslations.com\/de\/wp-json\/wp\/v2\/pages\/4713\/revisions"}],"predecessor-version":[{"id":6346,"href":"https:\/\/prontotranslations.com\/de\/wp-json\/wp\/v2\/pages\/4713\/revisions\/6346"}],"wp:attachment":[{"href":"https:\/\/prontotranslations.com\/de\/wp-json\/wp\/v2\/media?parent=4713"}],"curies":[{"name":"wp","href":"https:\/\/api.w.org\/{rel}","templated":true}]}}