{"id":7738,"date":"2024-08-11T15:17:35","date_gmt":"2024-08-11T15:17:35","guid":{"rendered":"https:\/\/prontotranslations.com\/?page_id=7738"},"modified":"2025-12-31T03:12:13","modified_gmt":"2025-12-31T03:12:13","slug":"dolmetschleistungen","status":"publish","type":"page","link":"https:\/\/prontotranslations.com\/de\/dolmetschleistungen\/","title":{"rendered":"Dolmetschleistungen"},"content":{"rendered":"<div class=\"wpb-content-wrapper\"><p>[vc_row css_animation=&#8220;&#8220; row_type=&#8220;row&#8220; use_row_as_full_screen_section=&#8220;no&#8220; type=&#8220;full_width&#8220; angled_section=&#8220;no&#8220; text_align=&#8220;left&#8220; background_image_as_pattern=&#8220;without_pattern&#8220; z_index=&#8220;&#8220;][vc_column][vc_column_text css=&#8220;.vc_custom_1767150024035{padding-bottom: 30px !important;}&#8220;]<\/p>\n<h1 style=\"text-align: center;\">Professionelle Dolmetschleistungen f\u00fcr Unternehmen und Institutionen<\/h1>\n<p>[\/vc_column_text][\/vc_column][\/vc_row][vc_row css_animation=&#8220;&#8220; row_type=&#8220;row&#8220; use_row_as_full_screen_section=&#8220;no&#8220; type=&#8220;grid&#8220; angled_section=&#8220;no&#8220; text_align=&#8220;left&#8220; background_image_as_pattern=&#8220;without_pattern&#8220; z_index=&#8220;&#8220; css=&#8220;.vc_custom_1719198241526{padding-top: 50px !important;padding-right: 10% !important;padding-left: 10% !important;}&#8220;][vc_column width=&#8220;1\/2&#8243; css=&#8220;.vc_custom_1712629369530{padding-right: 10% !important;padding-left: 10% !important;}&#8220;][vc_row_inner row_type=&#8220;row&#8220; type=&#8220;full_width&#8220; text_align=&#8220;center&#8220; css_animation=&#8220;&#8220;][vc_column_inner][vc_column_text css=&#8220;.vc_custom_1767150082134{padding-bottom: 50px !important;}&#8220;]<\/p>\n<p style=\"text-align: center;\"><strong>Pronto Translations verf\u00fcgt \u00fcber mehr als 25 Jahre Erfahrung in der Bereitstellung professioneller Dolmetsch- und \u00dcbersetzungsleistungen in mehreren hundert Sprachkombinationen. Wir unterst\u00fctzen Unternehmen, Institutionen und Organisationen aus unterschiedlichsten Fachbereichen \u2013 darunter Wirtschaft, Recht, Medizin und Gesundheitswesen.<\/strong><\/p>\n<div class=\"flex_cell av-hd95i3-f98725200b6987ec8950098f2dcd4ead av-gridrow-cell av_three_fifth no_margin avia-builder-el-7 el_after_av_cell_one_fifth el_before_av_cell_one_fifth \">\n<div class=\"flex_cell_inner\">\n<section class=\"av_textblock_section av-kcjdzv2v-037763a2408f378c2e4057c2e840460d\">\n<div class=\"avia_textblock\">\n<p style=\"text-align: left;\">In einer global vernetzten Gesch\u00e4ftswelt ist pr\u00e4zise mehrsprachige Kommunikation eine zentrale Voraussetzung f\u00fcr fundierte Entscheidungen und reibungslose Abl\u00e4ufe. Gesch\u00e4ftsf\u00fchrungen, Fach- und F\u00fchrungskr\u00e4fte nutzen unsere professionellen Dolmetschdienste bei Meetings mit internationalen Partnern, Kundinnen und Kunden sowie Lieferanten. Auch im medizinischen und rechtlichen Umfeld ist der Einsatz qualifizierter Dolmetscherinnen und Dolmetscher unverzichtbar, insbesondere bei sensiblen oder komplexen Gespr\u00e4chen.<\/p>\n<p style=\"text-align: left;\">Selbst interne Abstimmungen zwischen Standorten in verschiedenen L\u00e4ndern k\u00f6nnen eine professionelle sprachliche Vermittlung erfordern. Fremdsprachenkenntnisse auf Konversationsniveau reichen bei Vertragsverhandlungen, Fachgespr\u00e4chen oder regulatorischen Themen in der Regel nicht aus. In solchen Situationen sind spezialisierte Dolmetschleistungen erforderlich.<\/p>\n<\/div>\n<\/section>\n<\/div>\n<\/div>\n<p>[\/vc_column_text][vc_column_text css=&#8220;.vc_custom_1767150133190{padding-top: 10px !important;padding-bottom: 10px !important;background-color: #00a6e4 !important;border-radius: 3px !important;}&#8220;]<\/p>\n<p style=\"text-align: center;\"><a href=\"https:\/\/prontotranslations.com\/de\/kontakt\/\"><span style=\"color: #ffffff;\">Sprechen Sie mit uns \u00fcber Ihr Dolmetschprojekt<\/span><\/a><\/p>\n<p>[\/vc_column_text][vc_empty_space height=&#8220;42px&#8220;][\/vc_column_inner][\/vc_row_inner][\/vc_column][vc_column width=&#8220;1\/2&#8243;][vc_single_image image=&#8220;7740&#8243; img_size=&#8220;full&#8220; alignment=&#8220;center&#8220; css=&#8220;.vc_custom_1726011495355{padding-bottom: 30px !important;}&#8220; qode_css_animation=&#8220;&#8220;][vc_empty_space][\/vc_column][\/vc_row][vc_row css_animation=&#8220;&#8220; row_type=&#8220;row&#8220; use_row_as_full_screen_section=&#8220;no&#8220; type=&#8220;grid&#8220; angled_section=&#8220;no&#8220; text_align=&#8220;left&#8220; background_image_as_pattern=&#8220;without_pattern&#8220; z_index=&#8220;&#8220;][vc_column][vc_separator type=&#8220;normal&#8220; color=&#8220;#88cce2&#8243; thickness=&#8220;5&#8243; up=&#8220;0&#8243; down=&#8220;0&#8243;][\/vc_column][\/vc_row][vc_row css_animation=&#8220;&#8220; row_type=&#8220;row&#8220; use_row_as_full_screen_section=&#8220;no&#8220; type=&#8220;full_width&#8220; angled_section=&#8220;no&#8220; text_align=&#8220;left&#8220; background_image_as_pattern=&#8220;without_pattern&#8220; z_index=&#8220;&#8220; css=&#8220;.vc_custom_1712718567412{background-color: rgba(0,166,228,0.05) !important;*background-color: rgb(0,166,228) !important;}&#8220;][vc_column][vc_row_inner row_type=&#8220;row&#8220; type=&#8220;grid&#8220; text_align=&#8220;left&#8220; css_animation=&#8220;&#8220; css=&#8220;.vc_custom_1718510501771{padding-top: 50px !important;}&#8220;][vc_column_inner width=&#8220;1\/2&#8243;][vc_single_image image=&#8220;7741&#8243; img_size=&#8220;full&#8220; qode_css_animation=&#8220;&#8220;][vc_empty_space][\/vc_column_inner][vc_column_inner width=&#8220;1\/2&#8243;][vc_column_text css=&#8220;.vc_custom_1767150729766{padding-bottom: 10px !important;}&#8220;]<\/p>\n<h2>Dolmetschleistungen f\u00fcr unterschiedliche Kommunikationssituationen<\/h2>\n<p>Bei der Planung von Dolmetschleistungen stellt sich h\u00e4ufig die Frage nach dem Aufwand und dem Nutzen. Ein erfahrener, professionell ausgebildeter Dolmetscher oder eine Dolmetscherin arbeitet pr\u00e4zise, diskret und unauff\u00e4llig und f\u00fcgt sich nahtlos in den Ablauf Ihrer Veranstaltung oder Besprechung ein.<\/p>\n<p>Unsere Dolmetscherinnen und Dolmetscher sind in den g\u00e4ngigen Dolmetscharten ausgebildet und werden projektbezogen eingesetzt. Wir bieten unter anderem:<\/p>\n<ul>\n<li><strong>Konferenzdolmetschen (Simultandolmetschen) &#8211; <\/strong>Zeitgleiche \u00dcbertragung gesprochener Inhalte bei Konferenzen, Tagungen und Veranstaltungen mit internationalem Publikum.<\/li>\n<li><strong>Konsekutivdolmetschen &#8211; <\/strong>Der Redebeitrag wird abschnittsweise wiedergegeben; geeignet f\u00fcr Meetings, Verhandlungen und Fachgespr\u00e4che.<\/li>\n<li><strong>Gerichtsdolmetschen &#8211; <\/strong>Sprachmittlung in gerichtlichen und rechtlichen Kontexten zur Sicherstellung einer eindeutigen und nachvollziehbaren Kommunikation.<\/li>\n<li><strong>Mediendolmetschen &#8211; <\/strong>Dolmetschleistungen im Gesundheitswesen, etwa in Krankenh\u00e4usern, Arztpraxen oder bei medizinischen Fachgespr\u00e4chen.<\/li>\n<\/ul>\n<p>[\/vc_column_text][\/vc_column_inner][\/vc_row_inner][vc_row_inner row_type=&#8220;row&#8220; type=&#8220;grid&#8220; text_align=&#8220;left&#8220; css_animation=&#8220;&#8220;][vc_column_inner][vc_column_text css=&#8220;&#8220;]<\/p>\n<ul>\n<li><strong>Telefondolmetschen &#8211; <\/strong>Zuschaltung einer professionellen Dolmetscherin oder eines professionellen Dolmetschers zu Telefonkonferenzen \u2013 vor Ort oder remote.<\/li>\n<li><strong>Simultandolmetschen f\u00fcr Pr\u00e4sentationen und Vortr\u00e4ge &#8211; <\/strong>Erfordert besonders erfahrene Fachkr\u00e4fte mit hoher sprachlicher und inhaltlicher Pr\u00e4zision.<\/li>\n<li><strong>Begleit- und Reisedolmetschen <\/strong>sprachliche Unterst\u00fctzung bei Gesch\u00e4ftsreisen, Terminen und Standortbesuchen im Ausland.<\/li>\n<li><strong>Videokonferenzdolmetschen &#8211; <\/strong>Dolmetschen \u00fcber Plattformen wie Zoom, Microsoft Teams oder vergleichbare Systeme f\u00fcr international besetzte Videokonferenzen.<\/li>\n<li><strong>Videolokalisierung &#8211; <\/strong>Sprachliche Lokalisierung von Webinaren, Schulungs- und Unternehmensvideos durch professionelle Sprecherinnen und Sprecher.<\/li>\n<li><strong>Fl\u00fcsterdolmetschen (Chuchotage) &#8211; <\/strong>Eine Form des Simultandolmetschens f\u00fcr einzelne Teilnehmende, ohne technische Ausstattung<\/li>\n<\/ul>\n<p>[\/vc_column_text][vc_empty_space height=&#8220;42px&#8220;][\/vc_column_inner][\/vc_row_inner][\/vc_column][\/vc_row][vc_row css_animation=&#8220;&#8220; row_type=&#8220;row&#8220; use_row_as_full_screen_section=&#8220;no&#8220; type=&#8220;grid&#8220; angled_section=&#8220;no&#8220; text_align=&#8220;left&#8220; background_image_as_pattern=&#8220;without_pattern&#8220; z_index=&#8220;&#8220;][vc_column][vc_separator type=&#8220;normal&#8220; color=&#8220;#88cce2&#8243; thickness=&#8220;5&#8243; up=&#8220;0&#8243; down=&#8220;0&#8243;][\/vc_column][\/vc_row][vc_row css_animation=&#8220;&#8220; row_type=&#8220;row&#8220; use_row_as_full_screen_section=&#8220;no&#8220; type=&#8220;full_width&#8220; angled_section=&#8220;no&#8220; text_align=&#8220;left&#8220; background_image_as_pattern=&#8220;without_pattern&#8220; z_index=&#8220;&#8220; css=&#8220;.vc_custom_1718512349787{padding-top: 50px !important;padding-bottom: 30px !important;}&#8220;][vc_column][vc_row_inner row_type=&#8220;row&#8220; type=&#8220;grid&#8220; text_align=&#8220;left&#8220; css_animation=&#8220;&#8220;][vc_column_inner width=&#8220;1\/2&#8243;][vc_column_text css=&#8220;.vc_custom_1767150254493{padding-bottom: 30px !important;}&#8220;]<\/p>\n<h2>Qualifikation, Vertraulichkeit und Datenschutz<\/h2>\n<p>Dolmetschleistungen erfordern den Zugang zu vertraulichen Informationen. Bei der Zusammenarbeit mit Pronto Translations k\u00f6nnen Sie sich darauf verlassen, dass unsere Dolmetscherinnen und Dolmetscher:<\/p>\n<ul>\n<li>beide Arbeitssprachen sicher und professionell beherrschen,<\/li>\n<li>\u00fcber fachliche Spezialisierung im jeweiligen Themengebiet verf\u00fcgen,<\/li>\n<li>mit den Anforderungen an Vertraulichkeit, Datenschutz und Diskretion vertraut sind.<\/li>\n<\/ul>\n<p>Die Inhalte Ihrer Gespr\u00e4che und Veranstaltungen werden strikt vertraulich behandelt.[\/vc_column_text][\/vc_column_inner][vc_column_inner width=&#8220;1\/2&#8243;][vc_single_image image=&#8220;7742&#8243; img_size=&#8220;full&#8220; qode_css_animation=&#8220;&#8220;][vc_empty_space height=&#8220;12px&#8220;][\/vc_column_inner][\/vc_row_inner][\/vc_column][\/vc_row][vc_row css_animation=&#8220;&#8220; row_type=&#8220;row&#8220; use_row_as_full_screen_section=&#8220;no&#8220; type=&#8220;grid&#8220; angled_section=&#8220;no&#8220; text_align=&#8220;left&#8220; background_image_as_pattern=&#8220;without_pattern&#8220; z_index=&#8220;&#8220;][vc_column][vc_separator type=&#8220;normal&#8220; color=&#8220;#88cce2&#8243; thickness=&#8220;5&#8243; up=&#8220;0&#8243; down=&#8220;0&#8243;][\/vc_column][\/vc_row][vc_row css_animation=&#8220;&#8220; row_type=&#8220;row&#8220; use_row_as_full_screen_section=&#8220;no&#8220; type=&#8220;full_width&#8220; angled_section=&#8220;no&#8220; text_align=&#8220;left&#8220; background_image_as_pattern=&#8220;without_pattern&#8220; css=&#8220;.vc_custom_1726012417372{background-color: rgba(0,166,228,0.05) !important;*background-color: rgb(0,166,228) !important;}&#8220; z_index=&#8220;&#8220;][vc_column][vc_row_inner row_type=&#8220;row&#8220; type=&#8220;grid&#8220; text_align=&#8220;left&#8220; css_animation=&#8220;&#8220;][vc_column_inner][vc_column_text css=&#8220;.vc_custom_1767150294686{padding-top: 30px !important;padding-bottom: 40px !important;}&#8220;]<\/p>\n<h2>Erfahrener Dolmetschdienstleister mit internationaler Reichweite<\/h2>\n<p>Pronto Translations geh\u00f6rt seit \u00fcber 25 Jahren zu den etablierten Anbietern professioneller Dolmetschleistungen. Wir arbeiten mit qualifizierten Dolmetscherinnen und Dolmetschern in \u00fcber 300 Sprachkombinationen und unterst\u00fctzen Projekte in den Bereichen Wirtschaft, Finanzen, Recht, Medizin, Marketing und \u00d6ffentlichkeitsarbeit.<\/p>\n<p>Unsere Dolmetschleistungen erbringen wir sowohl vor Ort als auch remote \u2013 unter anderem in New York und weltweit.<\/p>\n<p>Kontaktieren Sie uns, um Ihr Projekt zu besprechen und eine passende L\u00f6sung zu finden.[\/vc_column_text][\/vc_column_inner][\/vc_row_inner][\/vc_column][\/vc_row][vc_row css_animation=&#8220;&#8220; row_type=&#8220;row&#8220; use_row_as_full_screen_section=&#8220;no&#8220; type=&#8220;full_width&#8220; angled_section=&#8220;no&#8220; text_align=&#8220;left&#8220; background_image_as_pattern=&#8220;without_pattern&#8220; z_index=&#8220;&#8220; background_color=&#8220;rgba(0,166,228,0.35)&#8220;][vc_column][vc_row_inner row_type=&#8220;row&#8220; type=&#8220;grid&#8220; text_align=&#8220;left&#8220; css_animation=&#8220;&#8220; css=&#8220;.vc_custom_1712461537481{margin-top: 30px !important;margin-bottom: 30px !important;}&#8220;][vc_column_inner][vc_column_text css=&#8220;.vc_custom_1767150535875{padding-top: 15px !important;padding-right: 10px !important;padding-bottom: 15px !important;padding-left: 10px !important;background-color: #00a5e4 !important;border-radius: 3px !important;}&#8220;]<\/p>\n<p style=\"text-align: center;\"><span style=\"color: #ffffff;\"><a style=\"color: #ffffff;\" href=\"https:\/\/prontotranslations.com\/de\/kontakt\/\">Sprechen Sie mit uns \u00fcber Ihr Dolmetschprojekt<\/a><\/span><\/p>\n<p>[\/vc_column_text][\/vc_column_inner][\/vc_row_inner][\/vc_column][\/vc_row][vc_row css_animation=&#8220;&#8220; row_type=&#8220;row&#8220; use_row_as_full_screen_section=&#8220;no&#8220; type=&#8220;grid&#8220; angled_section=&#8220;no&#8220; text_align=&#8220;left&#8220; background_image_as_pattern=&#8220;without_pattern&#8220; z_index=&#8220;&#8220;][vc_column][vc_separator type=&#8220;normal&#8220; color=&#8220;#88cce2&#8243; thickness=&#8220;5&#8243; up=&#8220;0&#8243; down=&#8220;0&#8243;][\/vc_column][\/vc_row]<\/p>\n<\/div>","protected":false},"excerpt":{"rendered":"<p>[vc_row css_animation=&#8220;&#8220; row_type=&#8220;row&#8220; use_row_as_full_screen_section=&#8220;no&#8220; type=&#8220;full_width&#8220; angled_section=&#8220;no&#8220; text_align=&#8220;left&#8220; background_image_as_pattern=&#8220;without_pattern&#8220; z_index=&#8220;&#8220;][vc_column][vc_column_text css=&#8220;.vc_custom_1767150024035{padding-bottom: 30px !important;}&#8220;] Professionelle Dolmetschleistungen f\u00fcr Unternehmen und Institutionen [\/vc_column_text][\/vc_column][\/vc_row][vc_row css_animation=&#8220;&#8220; row_type=&#8220;row&#8220; use_row_as_full_screen_section=&#8220;no&#8220; type=&#8220;grid&#8220; angled_section=&#8220;no&#8220; text_align=&#8220;left&#8220;&#8230;<\/p>\n","protected":false},"author":1,"featured_media":0,"parent":0,"menu_order":0,"comment_status":"closed","ping_status":"closed","template":"full_width.php","meta":{"footnotes":""},"class_list":["post-7738","page","type-page","status-publish","hentry"],"_links":{"self":[{"href":"https:\/\/prontotranslations.com\/de\/wp-json\/wp\/v2\/pages\/7738","targetHints":{"allow":["GET"]}}],"collection":[{"href":"https:\/\/prontotranslations.com\/de\/wp-json\/wp\/v2\/pages"}],"about":[{"href":"https:\/\/prontotranslations.com\/de\/wp-json\/wp\/v2\/types\/page"}],"author":[{"embeddable":true,"href":"https:\/\/prontotranslations.com\/de\/wp-json\/wp\/v2\/users\/1"}],"replies":[{"embeddable":true,"href":"https:\/\/prontotranslations.com\/de\/wp-json\/wp\/v2\/comments?post=7738"}],"version-history":[{"count":8,"href":"https:\/\/prontotranslations.com\/de\/wp-json\/wp\/v2\/pages\/7738\/revisions"}],"predecessor-version":[{"id":7750,"href":"https:\/\/prontotranslations.com\/de\/wp-json\/wp\/v2\/pages\/7738\/revisions\/7750"}],"wp:attachment":[{"href":"https:\/\/prontotranslations.com\/de\/wp-json\/wp\/v2\/media?parent=7738"}],"curies":[{"name":"wp","href":"https:\/\/api.w.org\/{rel}","templated":true}]}}