{"id":3254,"date":"2024-08-04T14:05:44","date_gmt":"2024-08-04T14:05:44","guid":{"rendered":"https:\/\/aw-web.com\/pronto2\/?page_id=3254"},"modified":"2025-12-30T02:21:11","modified_gmt":"2025-12-30T02:21:11","slug":"nueve-razones-para-elegir-a-pronto","status":"publish","type":"page","link":"https:\/\/prontotranslations.com\/es\/nueve-razones-para-elegir-a-pronto\/","title":{"rendered":"\u00bfPor qu\u00e9 elegirnos?"},"content":{"rendered":"<div class=\"wpb-content-wrapper\"><p>[vc_row css_animation=\u00bb\u00bb row_type=\u00bbrow\u00bb use_row_as_full_screen_section=\u00bbno\u00bb type=\u00bbfull_width\u00bb angled_section=\u00bbno\u00bb text_align=\u00bbleft\u00bb background_image_as_pattern=\u00bbwithout_pattern\u00bb z_index=\u00bb\u00bb][vc_column][vc_column_text css=\u00bb.vc_custom_1728616110636{padding-bottom: 30px !important;}\u00bb]<\/p>\n<h1 style=\"text-align: center;\">Nueve razones para elegir Pronto<\/h1>\n<p>[\/vc_column_text][\/vc_column][\/vc_row][vc_row css_animation=\u00bb\u00bb row_type=\u00bbrow\u00bb use_row_as_full_screen_section=\u00bbno\u00bb type=\u00bbgrid\u00bb angled_section=\u00bbno\u00bb text_align=\u00bbleft\u00bb background_image_as_pattern=\u00bbwithout_pattern\u00bb z_index=\u00bb\u00bb css=\u00bb.vc_custom_1719198241526{padding-top: 50px !important;padding-right: 10% !important;padding-left: 10% !important;}\u00bb][vc_column width=\u00bb1\/2&#8243; css=\u00bb.vc_custom_1712629369530{padding-right: 10% !important;padding-left: 10% !important;}\u00bb][vc_column_text]<\/p>\n<p style=\"text-align: center;\"><strong>para la traducci\u00f3n y localizaci\u00f3n de sus mensajes corporativos<\/strong><\/p>\n<p>[\/vc_column_text][vc_row_inner row_type=\u00bbrow\u00bb type=\u00bbfull_width\u00bb text_align=\u00bbcenter\u00bb css_animation=\u00bb\u00bb css=\u00bb.vc_custom_1722784476757{padding-top: 20px !important;}\u00bb][vc_column_inner][vc_column_text css=\u00bb.vc_custom_1728616202222{padding-bottom: 50px !important;}\u00bb]Hay muchas empresas que compiten por su negocio. As\u00ed que aqu\u00ed explicamos algunas razones por las que recurrir a Pronto Translations para la traducci\u00f3n y localizaci\u00f3n de sus comunicados de prensa, materiales de marketing, sitios web, contratos legales y otros documentos.[\/vc_column_text][vc_column_text css=\u00bb.vc_custom_1728616375621{padding-top: 10px !important;padding-bottom: 10px !important;background-color: #00a6e4 !important;border-radius: 3px !important;}\u00bb]<\/p>\n<p style=\"text-align: center;\"><a href=\"https:\/\/prontotranslations.com\/es\/contacto\/\"><span style=\"color: #ffffff;\">Cont\u00e1ctenos para su proyecto de traducci\u00f3n o localizaci\u00f3n<\/span><\/a><\/p>\n<p>[\/vc_column_text][vc_empty_space][\/vc_column_inner][\/vc_row_inner][\/vc_column][vc_column width=\u00bb1\/2&#8243;][vc_single_image image=\u00bb3255&#8243; img_size=\u00bbfull\u00bb alignment=\u00bbcenter\u00bb css=\u00bb.vc_custom_1722789395159{padding-bottom: 30px !important;}\u00bb qode_css_animation=\u00bb\u00bb][vc_empty_space][\/vc_column][\/vc_row][vc_row css_animation=\u00bb\u00bb row_type=\u00bbrow\u00bb use_row_as_full_screen_section=\u00bbno\u00bb type=\u00bbgrid\u00bb angled_section=\u00bbno\u00bb text_align=\u00bbleft\u00bb background_image_as_pattern=\u00bbwithout_pattern\u00bb z_index=\u00bb\u00bb][vc_column][vc_separator type=\u00bbnormal\u00bb color=\u00bb#88cce2&#8243; thickness=\u00bb5&#8243; up=\u00bb0&#8243; down=\u00bb0&#8243;][\/vc_column][\/vc_row][vc_row css_animation=\u00bb\u00bb row_type=\u00bbrow\u00bb use_row_as_full_screen_section=\u00bbno\u00bb type=\u00bbfull_width\u00bb angled_section=\u00bbno\u00bb text_align=\u00bbleft\u00bb background_image_as_pattern=\u00bbwithout_pattern\u00bb z_index=\u00bb\u00bb css=\u00bb.vc_custom_1712718567412{background-color: rgba(0,166,228,0.05) !important;*background-color: rgb(0,166,228) !important;}\u00bb][vc_column][vc_row_inner row_type=\u00bbrow\u00bb type=\u00bbgrid\u00bb text_align=\u00bbleft\u00bb css_animation=\u00bb\u00bb css=\u00bb.vc_custom_1718510501771{padding-top: 50px !important;}\u00bb][vc_column_inner width=\u00bb1\/2&#8243;][vc_single_image image=\u00bb3256&#8243; img_size=\u00bbfull\u00bb qode_css_animation=\u00bb\u00bb][vc_empty_space][\/vc_column_inner][vc_column_inner width=\u00bb1\/2&#8243;][vc_column_text css=\u00bb.vc_custom_1728616791993{padding-bottom: 40px !important;}\u00bb]<\/p>\n<h2>1 \u2013 La publicidad, el marketing y las relaciones p\u00fablicas son nuestras especialidades<\/h2>\n<p>Somos una empresa elegida como una de las agencias de traducci\u00f3n oficial de una importante agencia de noticias. En nuestros veinte a\u00f1os de existencia, hemos traducido m\u00e1s de 120.000 comunicados de prensa para m\u00e1s de 10.000 clientes finales.<\/p>\n<p>Ahora somos la empresa l\u00edder en traducci\u00f3n de materiales de publicidad, marketing y relaciones p\u00fablicas.<\/p>\n<p>Puede recurrir a Pronto Translations para que le entregue su documento de marketing en una versi\u00f3n precisa y potente del idioma de destino, sin dejar de ser fiel al original y teniendo en cuenta todas y cada una de las sensibilidades culturales.<\/p>\n<h2>2 \u2013 La revisi\u00f3n es tan importante como la traducci\u00f3n<\/h2>\n<p>Estamos orgullosos de nuestro proceso de traducci\u00f3n, edici\u00f3n y revisi\u00f3n en tres etapas.<\/p>\n<p>Adem\u00e1s de la traducci\u00f3n propiamente dicha, seguida de la revisi\u00f3n y correcci\u00f3n por parte del corrector, todas las traducciones se conf\u00edan a un segundo corrector para su revisi\u00f3n final, elegido por su excelencia en la redacci\u00f3n y composici\u00f3n de la lengua de destino. La tarea del segundo corrector es convertir el documento en un texto fluido y f\u00e1cil de leer, como si el documento hubiera sido creado originalmente en el idioma de destino.[\/vc_column_text][\/vc_column_inner][\/vc_row_inner][vc_row_inner row_type=\u00bbrow\u00bb type=\u00bbgrid\u00bb text_align=\u00bbleft\u00bb css_animation=\u00bb\u00bb][vc_column_inner][vc_column_text css=\u00bb.vc_custom_1728616806754{padding-bottom: 40px !important;}\u00bb]<\/p>\n<h2>3 \u2013 Nos mantenemos informados sobre la terminolog\u00eda m\u00e1s actual<\/h2>\n<p>En el entorno r\u00e1pidamente cambiante del siglo XXI, el lenguaje evoluciona a un ritmo cada vez m\u00e1s r\u00e1pido, con nuevos t\u00e9rminos que se crean en todos los campos y sectores de actividad. Los diccionarios y las bases de datos terminol\u00f3gicas son recursos indispensables para una agencia de traducci\u00f3n; sin embargo, confiar \u00fanicamente en estas herramientas puede resultar en traducciones anticuadas y a menudo incorrectas, dado que los diccionarios y las bases de datos nunca se pueden actualizar con suficiente rapidez.<\/p>\n<p>Ya sea el nombre de la \u00faltima tecnolog\u00eda inal\u00e1mbrica o de un nuevo instrumento financiero, comprobamos cada nuevo t\u00e9rmino en la web para asegurar el uso m\u00e1s com\u00fan y apropiado en el contexto.[\/vc_column_text][\/vc_column_inner][\/vc_row_inner][\/vc_column][\/vc_row][vc_row css_animation=\u00bb\u00bb row_type=\u00bbrow\u00bb use_row_as_full_screen_section=\u00bbno\u00bb type=\u00bbgrid\u00bb angled_section=\u00bbno\u00bb text_align=\u00bbleft\u00bb background_image_as_pattern=\u00bbwithout_pattern\u00bb z_index=\u00bb\u00bb][vc_column][vc_separator type=\u00bbnormal\u00bb color=\u00bb#88cce2&#8243; thickness=\u00bb5&#8243; up=\u00bb0&#8243; down=\u00bb0&#8243;][\/vc_column][\/vc_row][vc_row css_animation=\u00bb\u00bb row_type=\u00bbrow\u00bb use_row_as_full_screen_section=\u00bbno\u00bb type=\u00bbfull_width\u00bb angled_section=\u00bbno\u00bb text_align=\u00bbleft\u00bb background_image_as_pattern=\u00bbwithout_pattern\u00bb z_index=\u00bb\u00bb css=\u00bb.vc_custom_1718512349787{padding-top: 50px !important;padding-bottom: 30px !important;}\u00bb][vc_column][vc_row_inner row_type=\u00bbrow\u00bb type=\u00bbgrid\u00bb text_align=\u00bbleft\u00bb css_animation=\u00bb\u00bb][vc_column_inner width=\u00bb1\/2&#8243;][vc_column_text css=\u00bb.vc_custom_1728616542410{padding-bottom: 30px !important;}\u00bb]<\/p>\n<h2>4 \u2013 Servicio 24\/7\/365<\/h2>\n<p>Nuestras oficinas se encuentran repartidas por todo el mundo, una en el coraz\u00f3n de la ciudad de Nueva York, una en Nimes (Francia), una en el centro de Nanjing (China), una en Se\u00fal (Corea) e una en Osaka (Jap\u00f3n). Estamos disponibles los 365 d\u00edas del a\u00f1o, 24 horas al d\u00eda, incluidos s\u00e1bados, domingos y todos los d\u00edas festivos. Podemos responder a su solicitud al instante o en muy poco tiempo, y entregar cualquier encargo en cuanto se haya completado.<\/p>\n<h2>5 \u2013 Entrega r\u00e1pida<\/h2>\n<p>Sabemos que tienen plazos que cumplir y trabajaremos con ustedes para asegurar la entrega puntual de documentos de alta calidad. Nuestro equipo de traductores y correctores est\u00e1 repartido en tres continentes, lo que nos permite empezar las traducciones tan pronto como las recibimos. Para la mayor\u00eda de los idiomas, los proyectos de hasta 1.000 palabras pueden ser entregados en 24 horas.[\/vc_column_text][\/vc_column_inner][vc_column_inner width=\u00bb1\/2&#8243;][vc_single_image image=\u00bb3257&#8243; img_size=\u00bbfull\u00bb qode_css_animation=\u00bb\u00bb][vc_empty_space height=\u00bb12px\u00bb][\/vc_column_inner][\/vc_row_inner][\/vc_column][\/vc_row][vc_row css_animation=\u00bb\u00bb row_type=\u00bbrow\u00bb use_row_as_full_screen_section=\u00bbno\u00bb type=\u00bbgrid\u00bb angled_section=\u00bbno\u00bb text_align=\u00bbleft\u00bb background_image_as_pattern=\u00bbwithout_pattern\u00bb z_index=\u00bb\u00bb][vc_column][vc_separator type=\u00bbnormal\u00bb color=\u00bb#88cce2&#8243; thickness=\u00bb5&#8243; up=\u00bb0&#8243; down=\u00bb0&#8243;][\/vc_column][\/vc_row][vc_row css_animation=\u00bb\u00bb row_type=\u00bbrow\u00bb use_row_as_full_screen_section=\u00bbno\u00bb type=\u00bbfull_width\u00bb angled_section=\u00bbno\u00bb text_align=\u00bbleft\u00bb background_image_as_pattern=\u00bbwithout_pattern\u00bb z_index=\u00bb\u00bb css=\u00bb.vc_custom_1718512370579{padding-top: 50px !important;padding-bottom: 30px !important;background-color: rgba(0,166,228,0.05) !important;*background-color: rgb(0,166,228) !important;}\u00bb][vc_column][vc_row_inner row_type=\u00bbrow\u00bb type=\u00bbgrid\u00bb text_align=\u00bbleft\u00bb css_animation=\u00bb\u00bb][vc_column_inner width=\u00bb1\/2&#8243;][vc_single_image image=\u00bb3258&#8243; img_size=\u00bbfull\u00bb qode_css_animation=\u00bb\u00bb][vc_empty_space height=\u00bb22px\u00bb][\/vc_column_inner][vc_column_inner width=\u00bb1\/2&#8243;][vc_column_text css=\u00bb.vc_custom_1728616591353{padding-top: 30px !important;padding-bottom: 40px !important;}\u00bb]<\/p>\n<h2>6 \u2013 Los traductores m\u00e1s cualificados<\/h2>\n<p>Cada uno de nuestros m\u00e1s de 375 traductores est\u00e1 formado en traducci\u00f3n en las mejores universidades y\/o acreditado por la asociaci\u00f3n profesional de traductores reconocida en su pa\u00eds. Solo permitimos que nuestros traductores trabajen hacia su lengua materna.<\/p>\n<h2>7 \u2013 Nos adaptamos y trabajamos en funci\u00f3n de su horario<\/h2>\n<p>Muchos clientes acuden a nosotros con sus necesidades y requisitos espec\u00edficos. Nos esforzaremos por adaptar nuestro horario y flujo de trabajo a lo que le haga falta. No dude en llamarnos para informarnos de sus necesidades concretas.<\/p>\n<p>[\/vc_column_text][\/vc_column_inner][\/vc_row_inner][\/vc_column][\/vc_row][vc_row css_animation=\u00bb\u00bb row_type=\u00bbrow\u00bb use_row_as_full_screen_section=\u00bbno\u00bb type=\u00bbgrid\u00bb angled_section=\u00bbno\u00bb text_align=\u00bbleft\u00bb background_image_as_pattern=\u00bbwithout_pattern\u00bb z_index=\u00bb\u00bb][vc_column][vc_separator type=\u00bbnormal\u00bb color=\u00bb#88cce2&#8243; thickness=\u00bb5&#8243; up=\u00bb0&#8243; down=\u00bb0&#8243;][\/vc_column][\/vc_row][vc_row css_animation=\u00bb\u00bb row_type=\u00bbrow\u00bb use_row_as_full_screen_section=\u00bbno\u00bb type=\u00bbfull_width\u00bb angled_section=\u00bbno\u00bb text_align=\u00bbleft\u00bb background_image_as_pattern=\u00bbwithout_pattern\u00bb z_index=\u00bb\u00bb css=\u00bb.vc_custom_1718512349787{padding-top: 50px !important;padding-bottom: 30px !important;}\u00bb][vc_column][vc_row_inner row_type=\u00bbrow\u00bb type=\u00bbgrid\u00bb text_align=\u00bbleft\u00bb css_animation=\u00bb\u00bb][vc_column_inner width=\u00bb1\/2&#8243;][vc_column_text css=\u00bb.vc_custom_1767061265627{padding-bottom: 30px !important;}\u00bb]<\/p>\n<h2>8 \u2013 Respondemos al tel\u00e9fono<\/h2>\n<p>Cuando llama a Pronto Translations, su llamada es atendida por una persona real: sin men\u00fas automatizados, sin bots de IA, sin recurrir a centros de llamadas de terceros ni a mensajes de voz pregrabados interminables. Habla directamente con un miembro de nuestro equipo que comprende los proyectos de traducci\u00f3n e interpretaci\u00f3n y que tiene la capacidad de tomar decisiones.<\/p>\n<p>Esto es m\u00e1s importante de lo que parece. Muchas agencias de traducci\u00f3n internacionales dependen de flujos de trabajo exclusivamente por correo electr\u00f3nico o de servicios de atenci\u00f3n subcontratados, lo que puede ralentizar la toma de decisiones y complicar la gesti\u00f3n de encargos urgentes o con plazos ajustados. En Pronto, los clientes pueden contactar con gestores de proyectos experimentados que aclaran los requisitos, confirman los plazos, ajustan el alcance y resuelven cuestiones en tiempo real.<\/p>\n<p>En proyectos de alto impacto, el acceso directo a una persona con experiencia no es una comodidad: es una necesidad. Consideramos que una comunicaci\u00f3n \u00e1gil y responsable es una parte esencial de los servicios ling\u00fc\u00edsticos profesionales.<\/p>\n<h2>9 \u2013 Una verdadera soluci\u00f3n de \u00abtodo en uno\u00bb<\/h2>\n<p>Adem\u00e1s de traducir y localizar su sitio web, comunicado de prensa o documento, podemos devolver el archivo en formato html para su inmediata publicaci\u00f3n en su sitio web o en uno de los varios programas de autoedici\u00f3n, incluyendo Acrobat (PDF), FrameMaker, Illustrator, InDesign, PageMaker o QuarkXPress.[\/vc_column_text][\/vc_column_inner][vc_column_inner width=\u00bb1\/2&#8243;][vc_single_image image=\u00bb3259&#8243; img_size=\u00bbfull\u00bb qode_css_animation=\u00bb\u00bb][vc_empty_space height=\u00bb12px\u00bb][\/vc_column_inner][\/vc_row_inner][\/vc_column][\/vc_row][vc_row css_animation=\u00bb\u00bb row_type=\u00bbrow\u00bb use_row_as_full_screen_section=\u00bbno\u00bb type=\u00bbgrid\u00bb angled_section=\u00bbno\u00bb text_align=\u00bbleft\u00bb background_image_as_pattern=\u00bbwithout_pattern\u00bb z_index=\u00bb\u00bb][vc_column][vc_separator type=\u00bbnormal\u00bb color=\u00bb#88cce2&#8243; thickness=\u00bb5&#8243; up=\u00bb0&#8243; down=\u00bb0&#8243;][\/vc_column][\/vc_row][vc_row css_animation=\u00bb\u00bb row_type=\u00bbrow\u00bb use_row_as_full_screen_section=\u00bbno\u00bb type=\u00bbfull_width\u00bb angled_section=\u00bbno\u00bb text_align=\u00bbleft\u00bb background_image_as_pattern=\u00bbwithout_pattern\u00bb css=\u00bb.vc_custom_1712635529690{background-color: rgba(0,166,228,0.05) !important;*background-color: rgb(0,166,228) !important;}\u00bb z_index=\u00bb\u00bb][vc_column][vc_row_inner row_type=\u00bbrow\u00bb type=\u00bbgrid\u00bb text_align=\u00bbleft\u00bb css_animation=\u00bb\u00bb][vc_column_inner][\/vc_column_inner][\/vc_row_inner][\/vc_column][\/vc_row][vc_row css_animation=\u00bb\u00bb row_type=\u00bbrow\u00bb use_row_as_full_screen_section=\u00bbno\u00bb type=\u00bbfull_width\u00bb angled_section=\u00bbno\u00bb text_align=\u00bbleft\u00bb background_image_as_pattern=\u00bbwithout_pattern\u00bb][vc_column][vc_row_inner row_type=\u00bbrow\u00bb type=\u00bbgrid\u00bb text_align=\u00bbleft\u00bb css_animation=\u00bb\u00bb][vc_column_inner][vc_column_text css=\u00bb.vc_custom_1728616723464{padding-top: 30px !important;padding-bottom: 40px !important;}\u00bb]<\/p>\n<p style=\"text-align: center;\">Estamos a su disposici\u00f3n para hablar de su proyecto de traducci\u00f3n y localizaci\u00f3n. Por favor, no dude en <strong><u><a href=\"mailto:clientservices@prontotranslations.com\">ponerse en contacto con nosotros<\/a><\/u><\/strong> para informarnos de lo que necesita.<\/p>\n<p>[\/vc_column_text][\/vc_column_inner][\/vc_row_inner][\/vc_column][\/vc_row][vc_row css_animation=\u00bb\u00bb row_type=\u00bbrow\u00bb use_row_as_full_screen_section=\u00bbno\u00bb type=\u00bbfull_width\u00bb angled_section=\u00bbno\u00bb text_align=\u00bbleft\u00bb background_image_as_pattern=\u00bbwithout_pattern\u00bb][vc_column][vc_column_text]<\/p>\n<p>[\/vc_column_text][\/vc_column][\/vc_row][vc_row css_animation=\u00bb\u00bb row_type=\u00bbrow\u00bb use_row_as_full_screen_section=\u00bbno\u00bb type=\u00bbfull_width\u00bb angled_section=\u00bbno\u00bb text_align=\u00bbleft\u00bb background_image_as_pattern=\u00bbwithout_pattern\u00bb z_index=\u00bb\u00bb background_color=\u00bbrgba(0,166,228,0.35)\u00bb][vc_column][vc_row_inner row_type=\u00bbrow\u00bb type=\u00bbgrid\u00bb text_align=\u00bbleft\u00bb css_animation=\u00bb\u00bb css=\u00bb.vc_custom_1712461537481{margin-top: 30px !important;margin-bottom: 30px !important;}\u00bb][vc_column_inner][vc_column_text css=\u00bb.vc_custom_1728616357749{padding-top: 15px !important;padding-right: 10px !important;padding-bottom: 15px !important;padding-left: 10px !important;background-color: #00a5e4 !important;border-radius: 3px !important;}\u00bb]<\/p>\n<p style=\"text-align: center;\"><span style=\"color: #ffffff;\"><a style=\"color: #ffffff;\" href=\"https:\/\/prontotranslations.com\/es\/contacto\/\">Cont\u00e1ctenos para su proyecto de traducci\u00f3n o localizaci\u00f3n<\/a><\/span><\/p>\n<p>[\/vc_column_text][\/vc_column_inner][\/vc_row_inner][\/vc_column][\/vc_row]<\/p>\n<\/div>","protected":false},"excerpt":{"rendered":"<p>[vc_row css_animation=\u00bb\u00bb row_type=\u00bbrow\u00bb use_row_as_full_screen_section=\u00bbno\u00bb type=\u00bbfull_width\u00bb angled_section=\u00bbno\u00bb text_align=\u00bbleft\u00bb background_image_as_pattern=\u00bbwithout_pattern\u00bb z_index=\u00bb\u00bb][vc_column][vc_column_text css=\u00bb.vc_custom_1728616110636{padding-bottom: 30px !important;}\u00bb] Nueve razones para elegir Pronto [\/vc_column_text][\/vc_column][\/vc_row][vc_row css_animation=\u00bb\u00bb row_type=\u00bbrow\u00bb use_row_as_full_screen_section=\u00bbno\u00bb type=\u00bbgrid\u00bb angled_section=\u00bbno\u00bb text_align=\u00bbleft\u00bb background_image_as_pattern=\u00bbwithout_pattern\u00bb&#8230;<\/p>\n","protected":false},"author":1,"featured_media":0,"parent":0,"menu_order":1,"comment_status":"closed","ping_status":"closed","template":"full_width.php","meta":{"footnotes":""},"class_list":["post-3254","page","type-page","status-publish","hentry"],"_links":{"self":[{"href":"https:\/\/prontotranslations.com\/es\/wp-json\/wp\/v2\/pages\/3254","targetHints":{"allow":["GET"]}}],"collection":[{"href":"https:\/\/prontotranslations.com\/es\/wp-json\/wp\/v2\/pages"}],"about":[{"href":"https:\/\/prontotranslations.com\/es\/wp-json\/wp\/v2\/types\/page"}],"author":[{"embeddable":true,"href":"https:\/\/prontotranslations.com\/es\/wp-json\/wp\/v2\/users\/1"}],"replies":[{"embeddable":true,"href":"https:\/\/prontotranslations.com\/es\/wp-json\/wp\/v2\/comments?post=3254"}],"version-history":[{"count":6,"href":"https:\/\/prontotranslations.com\/es\/wp-json\/wp\/v2\/pages\/3254\/revisions"}],"predecessor-version":[{"id":7726,"href":"https:\/\/prontotranslations.com\/es\/wp-json\/wp\/v2\/pages\/3254\/revisions\/7726"}],"wp:attachment":[{"href":"https:\/\/prontotranslations.com\/es\/wp-json\/wp\/v2\/media?parent=3254"}],"curies":[{"name":"wp","href":"https:\/\/api.w.org\/{rel}","templated":true}]}}