{"id":3272,"date":"2024-06-16T04:50:10","date_gmt":"2024-06-16T04:50:10","guid":{"rendered":"https:\/\/aw-web.com\/pronto2\/?page_id=3272"},"modified":"2025-01-20T03:01:10","modified_gmt":"2025-01-20T03:01:10","slug":"idiomas","status":"publish","type":"page","link":"https:\/\/prontotranslations.com\/es\/idiomas\/","title":{"rendered":"Idiomas"},"content":{"rendered":"<div class=\"wpb-content-wrapper\"><p>[vc_row css_animation=\u00bb\u00bb row_type=\u00bbrow\u00bb use_row_as_full_screen_section=\u00bbno\u00bb type=\u00bbfull_width\u00bb angled_section=\u00bbno\u00bb text_align=\u00bbleft\u00bb background_image_as_pattern=\u00bbwithout_pattern\u00bb z_index=\u00bb\u00bb][vc_column][vc_column_text]<\/p>\n<h1 style=\"text-align: center;\">Nuestros idiomas<\/h1>\n<p>[\/vc_column_text][\/vc_column][\/vc_row][vc_row css_animation=\u00bb\u00bb row_type=\u00bbrow\u00bb use_row_as_full_screen_section=\u00bbno\u00bb type=\u00bbgrid\u00bb angled_section=\u00bbno\u00bb text_align=\u00bbleft\u00bb background_image_as_pattern=\u00bbwithout_pattern\u00bb z_index=\u00bb\u00bb css=\u00bb.vc_custom_1719198241526{padding-top: 50px !important;padding-right: 10% !important;padding-left: 10% !important;}\u00bb][vc_column width=\u00bb1\/2&#8243; css=\u00bb.vc_custom_1712629369530{padding-right: 10% !important;padding-left: 10% !important;}\u00bb][vc_column_text css=\u00bb.vc_custom_1728659755262{padding-bottom: 40px !important;}\u00bb]<\/p>\n<p style=\"text-align: center;\"><strong>Si tiene un proyecto en un idioma o pares de idiomas que no ve aqu\u00ed, tenga en cuenta que contamos con una red muy extensa y estamos seguros de que podemos encontrar r\u00e1pidamente traductores competentes y de calidad para manejar su proyecto<\/strong><\/p>\n<p>[\/vc_column_text][vc_row_inner row_type=\u00bbrow\u00bb type=\u00bbfull_width\u00bb text_align=\u00bbcenter\u00bb css_animation=\u00bb\u00bb css=\u00bb.vc_custom_1718510388324{padding-top: 40px !important;}\u00bb][vc_column_inner][vc_column_text css=\u00bb.vc_custom_1728659884761{padding-top: 10px !important;padding-bottom: 10px !important;background-color: #00a6e4 !important;border-radius: 3px !important;}\u00bb]<\/p>\n<p style=\"text-align: center;\"><a href=\"https:\/\/prontotranslations.com\/es\/contacto\/\"><span style=\"color: #ffffff;\">Cont\u00e1ctenos para su proyecto de traducci\u00f3n o localizaci\u00f3n<\/span><\/a><\/p>\n<p>[\/vc_column_text][vc_empty_space][\/vc_column_inner][\/vc_row_inner][\/vc_column][vc_column width=\u00bb1\/2&#8243;][vc_single_image image=\u00bb3276&#8243; img_size=\u00bbfull\u00bb alignment=\u00bbcenter\u00bb qode_css_animation=\u00bb\u00bb css=\u00bb.vc_custom_1722977741611{padding-bottom: 30px !important;}\u00bb][vc_empty_space][\/vc_column][\/vc_row][vc_row css_animation=\u00bb\u00bb row_type=\u00bbrow\u00bb use_row_as_full_screen_section=\u00bbno\u00bb type=\u00bbgrid\u00bb angled_section=\u00bbno\u00bb text_align=\u00bbleft\u00bb background_image_as_pattern=\u00bbwithout_pattern\u00bb z_index=\u00bb\u00bb][vc_column][vc_separator type=\u00bbnormal\u00bb color=\u00bb#88cce2&#8243; thickness=\u00bb5&#8243; up=\u00bb0&#8243; down=\u00bb0&#8243;][\/vc_column][\/vc_row][vc_row css_animation=\u00bb\u00bb row_type=\u00bbrow\u00bb use_row_as_full_screen_section=\u00bbno\u00bb type=\u00bbfull_width\u00bb angled_section=\u00bbno\u00bb text_align=\u00bbleft\u00bb background_image_as_pattern=\u00bbwithout_pattern\u00bb z_index=\u00bb\u00bb css=\u00bb.vc_custom_1712718567412{background-color: rgba(0,166,228,0.05) !important;*background-color: rgb(0,166,228) !important;}\u00bb][vc_column][vc_row_inner row_type=\u00bbrow\u00bb type=\u00bbgrid\u00bb text_align=\u00bbleft\u00bb css_animation=\u00bb\u00bb css=\u00bb.vc_custom_1718510501771{padding-top: 50px !important;}\u00bb][vc_column_inner width=\u00bb1\/2&#8243;][vc_single_image image=\u00bb3242&#8243; img_size=\u00bbfull\u00bb qode_css_animation=\u00bb\u00bb][vc_empty_space height=\u00bb52px\u00bb][\/vc_column_inner][vc_column_inner width=\u00bb1\/2&#8243;][vc_column_text css=\u00bb.vc_custom_1728660045778{padding-top: 10px !important;padding-bottom: 40px !important;}\u00bb]<\/p>\n<ul>\n<li><strong>Las Am\u00e9ricas<\/strong><br \/>\ncriollo haitiano \u2013 espa\u00f1ol estadounidense \u2013 espa\u00f1ol latinoamericano \u2013 espa\u00f1ol mexicano \u2013 franc\u00e9s canadiense \u2013 ingl\u00e9s \u2013 portugu\u00e9s brasile\u00f1o<\/li>\n<\/ul>\n<ul>\n<li><strong>Europa Occidental<br \/>\n<\/strong>alem\u00e1n \u2013 catal\u00e1n \u2013 dan\u00e9s \u2013 espa\u00f1ol \u2013 finland\u00e9s \u2013 flamenco \u2013 franc\u00e9s \u2013 gal\u00e9s \u2013 griego \u2013 holand\u00e9s \u2013 ingl\u00e9s \u2013 irland\u00e9s \u2013 island\u00e9s \u2013 italiano \u2013 lat\u00edn \u2013 luxemburgu\u00e9s \u2013 malt\u00e9s \u2013 neerland\u00e9s \u2013 noruego \u2013 portugu\u00e9s \u2013 romanche \u2013 sueco<\/li>\n<\/ul>\n<ul>\n<li><strong>Europa Oriental<\/strong><br \/>\nalban\u00e9s \u2013 bielorruso \u2013 bosnio \u2013 b\u00falgaro \u2013 checo \u2013 croata \u2013 eslovaco \u2013 esloveno \u2013 estonio \u2013 h\u00fangaro \u2013 let\u00f3n \u2013 lituano \u2013 macedonio \u2013 moldavo \u2013 montenegrino \u2013 polaco \u2013 rumano \u2013 ruso \u2013 serbio \u2013 ucraniano<\/li>\n<\/ul>\n<ul>\n<li><strong>\u00c1frica<\/strong><br \/>\nacholi \u2013 afar \u2013 afrik\u00e1ans \u2013 amh\u00e1rico \u2013 bambara \u2013 bari \u2013 baoul\u00e9 \u2013 bemba \u2013 chichewa \u2013 criollo mauriciano \u2013 dinka \u2013 ew\u00e9 \u2013 fante \u2013 fon \u2013 fula \u2013 hausa \u2013 igbo \u2013 kalenjin \u2013 kamba \u2013 kikongo \u2013 ki\u00f1aruanda \u2013 kirundi \u2013 krio \u2013 lingala \u2013 luganda \u2013 maay \u2013 malgache \u2013 mandinga \u2013 meru \u2013 mossi \u2013 ndebele \u2013 nuer \u2013 oromo \u2013 portugu\u00e9s mozambique\u00f1o \u2013 sesoto sa leboa \u2013 sesoto \u2013 setsuana \u2013 shona \u2013 somal\u00ed \u2013 suajili \u2013 suazi \u2013 tigr\u00e9 \u2013 tigri\u00f1a \u2013 tsonga \u2013 twi \u2013 venda \u2013 w\u00f3lof \u2013 xhosa \u2013 yoruba \u2013 zul\u00fa<\/li>\n<\/ul>\n<p>[\/vc_column_text][\/vc_column_inner][\/vc_row_inner][\/vc_column][\/vc_row][vc_row css_animation=\u00bb\u00bb row_type=\u00bbrow\u00bb use_row_as_full_screen_section=\u00bbno\u00bb type=\u00bbgrid\u00bb angled_section=\u00bbno\u00bb text_align=\u00bbleft\u00bb background_image_as_pattern=\u00bbwithout_pattern\u00bb z_index=\u00bb\u00bb][vc_column][vc_separator type=\u00bbnormal\u00bb color=\u00bb#88cce2&#8243; thickness=\u00bb5&#8243; up=\u00bb0&#8243; down=\u00bb0&#8243;][\/vc_column][\/vc_row][vc_row css_animation=\u00bb\u00bb row_type=\u00bbrow\u00bb use_row_as_full_screen_section=\u00bbno\u00bb type=\u00bbfull_width\u00bb angled_section=\u00bbno\u00bb text_align=\u00bbleft\u00bb background_image_as_pattern=\u00bbwithout_pattern\u00bb z_index=\u00bb\u00bb css=\u00bb.vc_custom_1718512349787{padding-top: 50px !important;padding-bottom: 30px !important;}\u00bb][vc_column][vc_row_inner row_type=\u00bbrow\u00bb type=\u00bbgrid\u00bb text_align=\u00bbleft\u00bb css_animation=\u00bb\u00bb][vc_column_inner width=\u00bb1\/2&#8243;][vc_column_text css=\u00bb.vc_custom_1728660204187{padding-bottom: 30px !important;}\u00bb]<\/p>\n<ul>\n<li><strong>Oriente Medio<\/strong><br \/>\n\u00e1rabe \u2013 badini \u2013 hebraico \u2013 kurmanji \u2013 lari \u2013 persa \u2013 sorani \u2013 turco<\/li>\n<\/ul>\n<ul>\n<li><strong>Asia central y el C\u00e1ucaso<\/strong><br \/>\narmenio \u2013 azer\u00ed \u2013 checheno \u2013 dari \u2013 georgiano \u2013 kazajo \u2013 kirgu\u00eds \u2013 pashto \u2013 t\u00e1rtaro \u2013 tayiko \u2013 turkmeno \u2013 uzbeko<\/li>\n<\/ul>\n<ul>\n<li><strong>Asia del Sur<\/strong><br \/>\nasam\u00e9s \u2013 bengal\u00ed \u2013 butan\u00e9s \u2013 canar\u00e9s \u2013 cingal\u00e9s \u2013 guyarat\u00ed \u2013 hindi \u2013 konkani \u2013 malabar\u00a0\u2013 marat\u00ed \u2013 mirpuri \u2013 nepal\u00e9s \u2013 oriya \u2013 panyab\u00ed \u2013 s\u00e1nscrito \u2013 sindi \u2013 sylheti \u2013 tamil \u2013 t\u00e9lugu \u2013 urdu<\/li>\n<\/ul>\n<ul>\n<li><strong>Asia Oriental<br \/>\n<\/strong>birmano \u2013 canton\u00e9s \u2013 chino simplificado \u2013 chino tradicional \u2013 coreano \u2013 falam chin (laizo) \u2013 hakha chin (lai) \u2013 hiligueino \u2013 hmong \u2013 ilocano \u2013 indonesio \u2013 japon\u00e9s \u2013 javan\u00e9s \u2013 jemer \u2013 karen \u2013 laosiano \u2013 malayo \u2013 mongol \u2013 tagalo \u2013 tedim chin (zomi) \u2013 tailand\u00e9s \u2013 tibetano \u2013 vietnamita<\/li>\n<\/ul>\n<ul>\n<li><strong>Islas del Pac\u00edfico<br \/>\n<\/strong>chuuk\u00e9s \u2013 hawaiano \u2013 marshal\u00e9s \u2013 maor\u00ed \u2013 samoano \u2013 tongano \u2013 yap\u00e9s<\/li>\n<\/ul>\n<p>[\/vc_column_text][\/vc_column_inner][vc_column_inner width=\u00bb1\/2&#8243;][vc_single_image image=\u00bb3277&#8243; img_size=\u00bbfull\u00bb qode_css_animation=\u00bb\u00bb][vc_empty_space height=\u00bb42px\u00bb][\/vc_column_inner][\/vc_row_inner][\/vc_column][\/vc_row][vc_row css_animation=\u00bb\u00bb row_type=\u00bbrow\u00bb use_row_as_full_screen_section=\u00bbno\u00bb type=\u00bbfull_width\u00bb angled_section=\u00bbno\u00bb text_align=\u00bbleft\u00bb background_image_as_pattern=\u00bbwithout_pattern\u00bb][vc_column][vc_column_text]<\/p>\n<p>[\/vc_column_text][\/vc_column][\/vc_row][vc_row css_animation=\u00bb\u00bb row_type=\u00bbrow\u00bb use_row_as_full_screen_section=\u00bbno\u00bb type=\u00bbfull_width\u00bb angled_section=\u00bbno\u00bb text_align=\u00bbleft\u00bb background_image_as_pattern=\u00bbwithout_pattern\u00bb z_index=\u00bb\u00bb background_color=\u00bbrgba(0,166,228,0.35)\u00bb][vc_column][vc_row_inner row_type=\u00bbrow\u00bb type=\u00bbgrid\u00bb text_align=\u00bbleft\u00bb css_animation=\u00bb\u00bb css=\u00bb.vc_custom_1712461537481{margin-top: 30px !important;margin-bottom: 30px !important;}\u00bb][vc_column_inner][vc_column_text css=\u00bb.vc_custom_1728659901464{padding-top: 15px !important;padding-right: 10px !important;padding-bottom: 15px !important;padding-left: 10px !important;background-color: #00a5e4 !important;border-radius: 3px !important;}\u00bb]<\/p>\n<p style=\"text-align: center;\"><span style=\"color: #ffffff;\"><a style=\"color: #ffffff;\" href=\"https:\/\/prontotranslations.com\/es\/contacto\/\">Cont\u00e1ctenos para su proyecto de traducci\u00f3n o localizaci\u00f3n<\/a><\/span><\/p>\n<p>[\/vc_column_text][\/vc_column_inner][\/vc_row_inner][\/vc_column][\/vc_row][vc_row css_animation=\u00bb\u00bb row_type=\u00bbrow\u00bb use_row_as_full_screen_section=\u00bbno\u00bb type=\u00bbfull_width\u00bb angled_section=\u00bbno\u00bb text_align=\u00bbleft\u00bb background_image_as_pattern=\u00bbwithout_pattern\u00bb css=\u00bb.vc_custom_1712544871113{padding-top: 30px !important;padding-bottom: 30px !important;}\u00bb z_index=\u00bb\u00bb][vc_column width=\u00bb1\/12&#8243;][\/vc_column][vc_column width=\u00bb1\/6&#8243;][vc_single_image image=\u00bb2120&#8243; img_size=\u00bbfull\u00bb alignment=\u00bbcenter\u00bb onclick=\u00bbcustom_link\u00bb img_link_target=\u00bb_blank\u00bb qode_css_animation=\u00bb\u00bb link=\u00bbhttps:\/\/nyctranslators.org\/Sys\/PublicProfile\/62969243\/5592920&#8243;][vc_empty_space height=\u00bb22px\u00bb][\/vc_column][vc_column width=\u00bb1\/6&#8243;][vc_single_image image=\u00bb2121&#8243; img_size=\u00bbfull\u00bb alignment=\u00bbcenter\u00bb onclick=\u00bbcustom_link\u00bb img_link_target=\u00bb_blank\u00bb qode_css_animation=\u00bb\u00bb link=\u00bbhttps:\/\/chamber.nyc\/business-directory?category=-1&amp;search=pronto+translations\u00bb][vc_empty_space height=\u00bb22px\u00bb][\/vc_column][vc_column width=\u00bb1\/6&#8243;][vc_single_image image=\u00bb2122&#8243; img_size=\u00bbfull\u00bb alignment=\u00bbcenter\u00bb onclick=\u00bbcustom_link\u00bb img_link_target=\u00bb_blank\u00bb qode_css_animation=\u00bb\u00bb link=\u00bbhttps:\/\/www.bbb.org\/us\/ny\/new-york\/profile\/translators\/pronto-translations-0121-87150427#sealclick\u00bb][vc_empty_space height=\u00bb22px\u00bb][\/vc_column][vc_column width=\u00bb1\/6&#8243;][vc_single_image image=\u00bb2123&#8243; img_size=\u00bbfull\u00bb alignment=\u00bbcenter\u00bb onclick=\u00bbcustom_link\u00bb img_link_target=\u00bb_blank\u00bb qode_css_animation=\u00bb\u00bb link=\u00bbhttps:\/\/web.atanet.org\/onlinedirectories\/tsd_corp_listings\/company_view.pl?id=1672&#8243;][vc_empty_space height=\u00bb22px\u00bb][\/vc_column][vc_column width=\u00bb1\/6&#8243;][vc_single_image image=\u00bb2124&#8243; img_size=\u00bbfull\u00bb alignment=\u00bbcenter\u00bb onclick=\u00bbcustom_link\u00bb img_link_target=\u00bb_blank\u00bb qode_css_animation=\u00bb\u00bb link=\u00bbhttps:\/\/najit.org\/member-profile\/?member_id=9471&#8243;][vc_empty_space height=\u00bb22px\u00bb][\/vc_column][vc_column width=\u00bb1\/12&#8243;][\/vc_column][\/vc_row]<\/p>\n<\/div>","protected":false},"excerpt":{"rendered":"<p>[vc_row css_animation=\u00bb\u00bb row_type=\u00bbrow\u00bb use_row_as_full_screen_section=\u00bbno\u00bb type=\u00bbfull_width\u00bb angled_section=\u00bbno\u00bb text_align=\u00bbleft\u00bb background_image_as_pattern=\u00bbwithout_pattern\u00bb z_index=\u00bb\u00bb][vc_column][vc_column_text] Nuestros idiomas [\/vc_column_text][\/vc_column][\/vc_row][vc_row css_animation=\u00bb\u00bb row_type=\u00bbrow\u00bb use_row_as_full_screen_section=\u00bbno\u00bb type=\u00bbgrid\u00bb angled_section=\u00bbno\u00bb text_align=\u00bbleft\u00bb background_image_as_pattern=\u00bbwithout_pattern\u00bb z_index=\u00bb\u00bb css=\u00bb.vc_custom_1719198241526{padding-top: 50px !important;padding-right: 10% !important;padding-left:&#8230;<\/p>\n","protected":false},"author":1,"featured_media":0,"parent":0,"menu_order":0,"comment_status":"closed","ping_status":"closed","template":"full_width.php","meta":{"footnotes":""},"class_list":["post-3272","page","type-page","status-publish","hentry"],"_links":{"self":[{"href":"https:\/\/prontotranslations.com\/es\/wp-json\/wp\/v2\/pages\/3272","targetHints":{"allow":["GET"]}}],"collection":[{"href":"https:\/\/prontotranslations.com\/es\/wp-json\/wp\/v2\/pages"}],"about":[{"href":"https:\/\/prontotranslations.com\/es\/wp-json\/wp\/v2\/types\/page"}],"author":[{"embeddable":true,"href":"https:\/\/prontotranslations.com\/es\/wp-json\/wp\/v2\/users\/1"}],"replies":[{"embeddable":true,"href":"https:\/\/prontotranslations.com\/es\/wp-json\/wp\/v2\/comments?post=3272"}],"version-history":[{"count":4,"href":"https:\/\/prontotranslations.com\/es\/wp-json\/wp\/v2\/pages\/3272\/revisions"}],"predecessor-version":[{"id":3287,"href":"https:\/\/prontotranslations.com\/es\/wp-json\/wp\/v2\/pages\/3272\/revisions\/3287"}],"wp:attachment":[{"href":"https:\/\/prontotranslations.com\/es\/wp-json\/wp\/v2\/media?parent=3272"}],"curies":[{"name":"wp","href":"https:\/\/api.w.org\/{rel}","templated":true}]}}