{"id":3289,"date":"2024-08-06T12:54:09","date_gmt":"2024-08-06T12:54:09","guid":{"rendered":"https:\/\/aw-web.com\/pronto2\/?page_id=3289"},"modified":"2025-01-20T03:02:15","modified_gmt":"2025-01-20T03:02:15","slug":"servicios-de-traduccion-de-idiomas-africanos","status":"publish","type":"page","link":"https:\/\/prontotranslations.com\/es\/idiomas\/servicios-de-traduccion-de-idiomas-africanos\/","title":{"rendered":"Servicios de traducci\u00f3n de idiomas africanos"},"content":{"rendered":"<div class=\"wpb-content-wrapper\"><p>[vc_row css_animation=\u00bb\u00bb row_type=\u00bbrow\u00bb use_row_as_full_screen_section=\u00bbno\u00bb type=\u00bbfull_width\u00bb angled_section=\u00bbno\u00bb text_align=\u00bbleft\u00bb background_image_as_pattern=\u00bbwithout_pattern\u00bb z_index=\u00bb\u00bb][vc_column][vc_column_text css=\u00bb.vc_custom_1728660440766{padding-bottom: 30px !important;}\u00bb]<\/p>\n<h1 style=\"text-align: center;\">Servicios de traducci\u00f3n de idiomas africanos<\/h1>\n<p>[\/vc_column_text][\/vc_column][\/vc_row][vc_row css_animation=\u00bb\u00bb row_type=\u00bbrow\u00bb use_row_as_full_screen_section=\u00bbno\u00bb type=\u00bbgrid\u00bb angled_section=\u00bbno\u00bb text_align=\u00bbleft\u00bb background_image_as_pattern=\u00bbwithout_pattern\u00bb z_index=\u00bb\u00bb css=\u00bb.vc_custom_1719198241526{padding-top: 50px !important;padding-right: 10% !important;padding-left: 10% !important;}\u00bb][vc_column width=\u00bb1\/2&#8243; css=\u00bb.vc_custom_1712629369530{padding-right: 10% !important;padding-left: 10% !important;}\u00bb][vc_row_inner row_type=\u00bbrow\u00bb type=\u00bbfull_width\u00bb text_align=\u00bbcenter\u00bb css_animation=\u00bb\u00bb css=\u00bb.vc_custom_1722784476757{padding-top: 20px !important;}\u00bb][vc_column_inner][vc_column_text css=\u00bb.vc_custom_1728660481718{padding-bottom: 50px !important;}\u00bb]<\/p>\n<p style=\"text-align: center;\"><strong>\u00a1<\/strong><strong>El equipo de traducci\u00f3n africana de Pronto Translations puede traducir su documento a uno de los 57 idiomas m\u00e1s hablados del continente!<\/strong><\/p>\n<p>Tanto si env\u00eda un mensaje al mercado africano en forma de anuncio, como si se trata de un mensaje de relaciones p\u00fablicas o de servicio p\u00fablico, un comunicado de prensa o una presentaci\u00f3n con diapositivas, podemos proporcionar a su p\u00fablico destinatario un documento traducido y localizado con precisi\u00f3n, en uno de los idiomas m\u00e1s comunes de \u00c1frica.<\/p>\n<p>Traducimos del ingl\u00e9s, el franc\u00e9s o el espa\u00f1ol a cualquiera de las lenguas africanas m\u00e1s utilizadas, o de una de estas lenguas al ingl\u00e9s, el franc\u00e9s o el espa\u00f1ol. En la mayor\u00eda de los casos, tambi\u00e9n podemos traducir de un idioma africano a otro cuando ambos idiomas se hablan en la misma regi\u00f3n. No dude en consultarnos acerca de otras combinaciones de idiomas si lo necesita.<br \/>\n[\/vc_column_text][vc_column_text css=\u00bb.vc_custom_1728660578834{padding-top: 10px !important;padding-bottom: 10px !important;background-color: #00a6e4 !important;border-radius: 3px !important;}\u00bb]<\/p>\n<p style=\"text-align: center;\"><a href=\"https:\/\/prontotranslations.com\/es\/contacto\/\"><span style=\"color: #ffffff;\">Cont\u00e1ctenos para su proyecto de traducci\u00f3n o localizaci\u00f3n de un idioma africano<\/span><\/a><\/p>\n<p>[\/vc_column_text][vc_empty_space][\/vc_column_inner][\/vc_row_inner][\/vc_column][vc_column width=\u00bb1\/2&#8243;][vc_single_image image=\u00bb3290&#8243; img_size=\u00bbfull\u00bb alignment=\u00bbcenter\u00bb qode_css_animation=\u00bb\u00bb css=\u00bb.vc_custom_1722949336346{padding-bottom: 30px !important;}\u00bb][vc_empty_space][\/vc_column][\/vc_row][vc_row css_animation=\u00bb\u00bb row_type=\u00bbrow\u00bb use_row_as_full_screen_section=\u00bbno\u00bb type=\u00bbgrid\u00bb angled_section=\u00bbno\u00bb text_align=\u00bbleft\u00bb background_image_as_pattern=\u00bbwithout_pattern\u00bb z_index=\u00bb\u00bb][vc_column][vc_separator type=\u00bbnormal\u00bb color=\u00bb#88cce2&#8243; thickness=\u00bb5&#8243; up=\u00bb0&#8243; down=\u00bb0&#8243;][\/vc_column][\/vc_row][vc_row css_animation=\u00bb\u00bb row_type=\u00bbrow\u00bb use_row_as_full_screen_section=\u00bbno\u00bb type=\u00bbgrid\u00bb angled_section=\u00bbno\u00bb text_align=\u00bbleft\u00bb background_image_as_pattern=\u00bbwithout_pattern\u00bb z_index=\u00bb\u00bb css=\u00bb.vc_custom_1722956231897{background-color: rgba(0,166,228,0.05) !important;*background-color: rgb(0,166,228) !important;}\u00bb][vc_column width=\u00bb1\/2&#8243;][vc_row_inner row_type=\u00bbrow\u00bb type=\u00bbfull_width\u00bb text_align=\u00bbleft\u00bb css_animation=\u00bb\u00bb css=\u00bb.vc_custom_1722956159954{padding-top: 50px !important;}\u00bb][vc_column_inner][vc_single_image image=\u00bb3292&#8243; img_size=\u00bbfull\u00bb qode_css_animation=\u00bb\u00bb][\/vc_column_inner][\/vc_row_inner][vc_row_inner row_type=\u00bbrow\u00bb type=\u00bbfull_width\u00bb text_align=\u00bbleft\u00bb css_animation=\u00bb\u00bb][vc_column_inner][vc_empty_space height=\u00bb52px\u00bb][\/vc_column_inner][\/vc_row_inner][\/vc_column][vc_column width=\u00bb1\/2&#8243;][vc_row_inner row_type=\u00bbrow\u00bb type=\u00bbfull_width\u00bb text_align=\u00bbleft\u00bb css_animation=\u00bb\u00bb css=\u00bb.vc_custom_1722956176185{padding-top: 50px !important;}\u00bb][vc_column_inner][vc_column_text]Consulte nuestra <a href=\"https:\/\/prontotranslations.com\/es\/guia-de-traduccion-de-lenguas-africanas\/\"><strong>Gu\u00eda de traducci\u00f3n de lenguas africanas<\/strong><\/a> para ver cu\u00e1l es la mejor manera de abordar este enorme mercado.<\/p>\n<h2>La comunicaci\u00f3n con empresas y organismos gubernamentales<\/h2>\n<p>Estos cinco idiomas proporcionar\u00e1n una cobertura cercana al 100% para la comunicaci\u00f3n panafricana de empresa a empresa (B2B), de empresa a gobierno (B2G) o de gobierno a gobierno (G2G):[\/vc_column_text][\/vc_column_inner][\/vc_row_inner][vc_row_inner row_type=\u00bbrow\u00bb type=\u00bbfull_width\u00bb text_align=\u00bbleft\u00bb css_animation=\u00bb\u00bb css=\u00bb.vc_custom_1722956750661{padding-top: 20px !important;}\u00bb][vc_column_inner width=\u00bb1\/3&#8243;][vc_column_text]<\/p>\n<ul>\n<li>\u00e1rabe<\/li>\n<li>franc\u00e9s<\/li>\n<\/ul>\n<p>[\/vc_column_text][\/vc_column_inner][vc_column_inner width=\u00bb1\/3&#8243;][vc_column_text]<\/p>\n<ul>\n<li>ingl\u00e9s<\/li>\n<li>portugu\u00e9s<\/li>\n<\/ul>\n<p>[\/vc_column_text][\/vc_column_inner][vc_column_inner width=\u00bb1\/3&#8243;][vc_column_text]<\/p>\n<ul>\n<li>suajili<\/li>\n<\/ul>\n<p>[\/vc_column_text][\/vc_column_inner][\/vc_row_inner][vc_row_inner row_type=\u00bbrow\u00bb type=\u00bbfull_width\u00bb text_align=\u00bbleft\u00bb css_animation=\u00bb\u00bb css=\u00bb.vc_custom_1722956486984{padding-top: 30px !important;}\u00bb][vc_column_inner][vc_column_text]<\/p>\n<h2>La comunicaci\u00f3n con los consumidores<\/h2>\n<p>En lo que respecta a los mensajes de empresa a consumidor, la adici\u00f3n de estos nueve idiomas (para un total de 14) lograr\u00e1 una cobertura del 75 al 80% del continente, concentr\u00e1ndose en la mayor econom\u00eda de \u00c1frica, Nigeria (hausa, yoruba, igbo y fula):<\/p>\n<p>(Principales idiomas, cada uno con m\u00e1s de 10 millones de hablantes)<\/p>\n<p>[\/vc_column_text][\/vc_column_inner][\/vc_row_inner][vc_row_inner row_type=\u00bbrow\u00bb type=\u00bbfull_width\u00bb text_align=\u00bbleft\u00bb css_animation=\u00bb\u00bb css=\u00bb.vc_custom_1722956763046{padding-top: 20px !important;}\u00bb][vc_column_inner width=\u00bb1\/3&#8243;][vc_column_text]<\/p>\n<ul>\n<li>amh\u00e1rico<\/li>\n<li>fula<\/li>\n<li>hausa<\/li>\n<\/ul>\n<p>[\/vc_column_text][\/vc_column_inner][vc_column_inner width=\u00bb1\/3&#8243;][vc_column_text]<\/p>\n<ul>\n<li>igbo<\/li>\n<li>malgache<\/li>\n<li>oromo<\/li>\n<\/ul>\n<p>[\/vc_column_text][\/vc_column_inner][vc_column_inner width=\u00bb1\/3&#8243;][vc_column_text]<\/p>\n<ul>\n<li>somal\u00ed<\/li>\n<li>yoruba<\/li>\n<li>zul\u00fa<\/li>\n<\/ul>\n<p>[\/vc_column_text][\/vc_column_inner][\/vc_row_inner][vc_empty_space height=\u00bb42px\u00bb][\/vc_column][\/vc_row][vc_row css_animation=\u00bb\u00bb row_type=\u00bbrow\u00bb use_row_as_full_screen_section=\u00bbno\u00bb type=\u00bbgrid\u00bb angled_section=\u00bbno\u00bb text_align=\u00bbleft\u00bb background_image_as_pattern=\u00bbwithout_pattern\u00bb z_index=\u00bb\u00bb][vc_column][vc_separator type=\u00bbnormal\u00bb color=\u00bb#88cce2&#8243; thickness=\u00bb5&#8243; up=\u00bb0&#8243; down=\u00bb0&#8243;][\/vc_column][\/vc_row][vc_row css_animation=\u00bb\u00bb row_type=\u00bbrow\u00bb use_row_as_full_screen_section=\u00bbno\u00bb type=\u00bbgrid\u00bb angled_section=\u00bbno\u00bb text_align=\u00bbleft\u00bb background_image_as_pattern=\u00bbwithout_pattern\u00bb z_index=\u00bb\u00bb css=\u00bb.vc_custom_1722957023348{padding-top: 50px !important;}\u00bb][vc_column width=\u00bb1\/2&#8243;][vc_row_inner row_type=\u00bbrow\u00bb type=\u00bbfull_width\u00bb text_align=\u00bbleft\u00bb css_animation=\u00bb\u00bb][vc_column_inner][vc_column_text]Para aumentar la cobertura al 85-90%, con un enfoque en un alcance m\u00e1s amplio en la segunda econom\u00eda m\u00e1s grande del continente, Sud\u00e1frica (afrikaans y xhosa), agregue estos 8 idiomas:<\/p>\n<p>(Principales idiomas, cada uno con entre 7 y 10 millones de hablantes)<br \/>\n[\/vc_column_text][\/vc_column_inner][\/vc_row_inner][vc_row_inner row_type=\u00bbrow\u00bb type=\u00bbfull_width\u00bb text_align=\u00bbleft\u00bb css_animation=\u00bb\u00bb css=\u00bb.vc_custom_1722956750661{padding-top: 20px !important;}\u00bb][vc_column_inner width=\u00bb1\/3&#8243;][vc_column_text]<\/p>\n<ul>\n<li>afrik\u00e1ans<\/li>\n<li>chichewa<\/li>\n<li>kinyarwanda<\/li>\n<\/ul>\n<p>[\/vc_column_text][\/vc_column_inner][vc_column_inner width=\u00bb1\/3&#8243;][vc_column_text]<\/p>\n<ul>\n<li>kirundi<\/li>\n<li>mossi<\/li>\n<li>shona<\/li>\n<\/ul>\n<p>[\/vc_column_text][\/vc_column_inner][vc_column_inner width=\u00bb1\/3&#8243;][vc_column_text]<\/p>\n<ul>\n<li>tigri\u00f1a<\/li>\n<li>xhosa<\/li>\n<\/ul>\n<p>&gt;[\/vc_column_text][\/vc_column_inner][\/vc_row_inner][vc_row_inner row_type=\u00bbrow\u00bb type=\u00bbfull_width\u00bb text_align=\u00bbleft\u00bb css_animation=\u00bb\u00bb css=\u00bb.vc_custom_1722956486984{padding-top: 30px !important;}\u00bb][vc_column_inner][vc_column_text]Otros idiomas disponibles en <em>Pronto Translations<\/em>, especialmente para campa\u00f1as regionales o nacionales espec\u00edficas, son los siguientes:<br \/>\n[\/vc_column_text][\/vc_column_inner][\/vc_row_inner][vc_row_inner row_type=\u00bbrow\u00bb type=\u00bbfull_width\u00bb text_align=\u00bbleft\u00bb css_animation=\u00bb\u00bb css=\u00bb.vc_custom_1722956763046{padding-top: 20px !important;}\u00bb][vc_column_inner width=\u00bb1\/3&#8243;][vc_column_text]<\/p>\n<ul>\n<li>acholi<\/li>\n<li>afar<\/li>\n<li>bambara<\/li>\n<li>baoul\u00e9<\/li>\n<li>bari<\/li>\n<li>bemba<\/li>\n<li>criollo mauriciano<\/li>\n<li>dinka<\/li>\n<li>espa\u00f1ol<\/li>\n<li>ew\u00e9<\/li>\n<li>fante<\/li>\n<\/ul>\n<p>[\/vc_column_text][\/vc_column_inner][vc_column_inner width=\u00bb1\/3&#8243;][vc_column_text]<\/p>\n<ul>\n<li>fon<\/li>\n<li>kalenjin<\/li>\n<li>kamba<\/li>\n<li>kikongo<\/li>\n<li>krio<\/li>\n<li>lingala<\/li>\n<li>luganda<\/li>\n<li>maay<\/li>\n<li>mandinga<\/li>\n<li>meru<\/li>\n<li>ndebele<\/li>\n<\/ul>\n<p>[\/vc_column_text][\/vc_column_inner][vc_column_inner width=\u00bb1\/3&#8243;][vc_column_text]<\/p>\n<ul>\n<li>nuer<\/li>\n<li>portugu\u00e9s mozambique\u00f1o<\/li>\n<li>sesoto<\/li>\n<li>sesoto sa leboa<\/li>\n<li>setsuana<\/li>\n<li>suazi<\/li>\n<li>tsonga<\/li>\n<li>twi<\/li>\n<li>venda<\/li>\n<li>w\u00f3lof<\/li>\n<\/ul>\n<p>[\/vc_column_text][\/vc_column_inner][\/vc_row_inner][\/vc_column][vc_column width=\u00bb1\/2&#8243;][vc_single_image image=\u00bb3293&#8243; img_size=\u00bbfull\u00bb qode_css_animation=\u00bb\u00bb][vc_empty_space height=\u00bb52px\u00bb][\/vc_column][\/vc_row][vc_row css_animation=\u00bb\u00bb row_type=\u00bbrow\u00bb use_row_as_full_screen_section=\u00bbno\u00bb type=\u00bbgrid\u00bb angled_section=\u00bbno\u00bb text_align=\u00bbleft\u00bb background_image_as_pattern=\u00bbwithout_pattern\u00bb z_index=\u00bb\u00bb][vc_column][vc_separator type=\u00bbnormal\u00bb color=\u00bb#88cce2&#8243; thickness=\u00bb5&#8243; up=\u00bb0&#8243; down=\u00bb0&#8243;][\/vc_column][\/vc_row][vc_row css_animation=\u00bb\u00bb row_type=\u00bbrow\u00bb use_row_as_full_screen_section=\u00bbno\u00bb type=\u00bbfull_width\u00bb angled_section=\u00bbno\u00bb text_align=\u00bbleft\u00bb background_image_as_pattern=\u00bbwithout_pattern\u00bb z_index=\u00bb\u00bb css=\u00bb.vc_custom_1718512370579{padding-top: 50px !important;padding-bottom: 30px !important;background-color: rgba(0,166,228,0.05) !important;*background-color: rgb(0,166,228) !important;}\u00bb][vc_column][vc_row_inner row_type=\u00bbrow\u00bb type=\u00bbgrid\u00bb text_align=\u00bbleft\u00bb css_animation=\u00bb\u00bb][vc_column_inner width=\u00bb1\/2&#8243;][vc_single_image image=\u00bb3291&#8243; img_size=\u00bbfull\u00bb qode_css_animation=\u00bb\u00bb][vc_empty_space height=\u00bb22px\u00bb][\/vc_column_inner][vc_column_inner width=\u00bb1\/2&#8243;][vc_column_text css=\u00bb.vc_custom_1728661209447{padding-top: 30px !important;padding-bottom: 40px !important;}\u00bb]<\/p>\n<h2>A\u00f1adiendo un elemento de audio a su traducci\u00f3n<\/h2>\n<p><strong>Incluya un audio (archivo MP3) para ampliar radicalmente su alcance a los consumidores en este mercado de 1.350 millones de personas.<\/strong><\/p>\n<p>Los hablantes de muchos idiomas africanos preferir\u00edan escuchar el mensaje que leerlo. Para cualquier programa de concienciaci\u00f3n del consumidor destinado a maximizar su \u00e9xito, podemos proporcionar un archivo MP3 de su documento traducido, le\u00eddo en voz alta por el traductor, a un coste adicional asequible. Lea nuestra <a href=\"https:\/\/prontotranslations.com\/es\/guia-de-traduccion-de-lenguas-africanas\/\"><strong>Gu\u00eda de traducci\u00f3n de lenguas africanas<\/strong><\/a> para entender por qu\u00e9 y c\u00f3mo es importante incluir este elemento en su comunicaci\u00f3n.<\/p>\n<p>Su traducci\u00f3n a uno de los 57 idiomas m\u00e1s hablados de \u00c1frica la realiza un equipo de hablantes nativos del idioma seleccionado, que trabajan junto con nuestros ling\u00fcistas especializados. El resultado es un documento que expresa correctamente la jerga de su industria o campo y el lenguaje de su audiencia. Nuestros traductores viven y trabajan en los pa\u00edses donde se hablan estos idiomas y siguen la r\u00e1pida evoluci\u00f3n del idioma a medida que se introducen nuevos t\u00e9rminos cient\u00edficos, t\u00e9cnicos y m\u00e9dicos.[\/vc_column_text][\/vc_column_inner][\/vc_row_inner][\/vc_column][\/vc_row][vc_row css_animation=\u00bb\u00bb row_type=\u00bbrow\u00bb use_row_as_full_screen_section=\u00bbno\u00bb type=\u00bbgrid\u00bb angled_section=\u00bbno\u00bb text_align=\u00bbleft\u00bb background_image_as_pattern=\u00bbwithout_pattern\u00bb z_index=\u00bb\u00bb][vc_column][vc_separator type=\u00bbnormal\u00bb color=\u00bb#88cce2&#8243; thickness=\u00bb5&#8243; up=\u00bb0&#8243; down=\u00bb0&#8243;][\/vc_column][\/vc_row][vc_row css_animation=\u00bb\u00bb row_type=\u00bbrow\u00bb use_row_as_full_screen_section=\u00bbno\u00bb type=\u00bbgrid\u00bb angled_section=\u00bbno\u00bb text_align=\u00bbleft\u00bb background_image_as_pattern=\u00bbwithout_pattern\u00bb z_index=\u00bb\u00bb css=\u00bb.vc_custom_1722957023348{padding-top: 50px !important;}\u00bb][vc_column width=\u00bb1\/2&#8243;][vc_row_inner row_type=\u00bbrow\u00bb type=\u00bbfull_width\u00bb text_align=\u00bbleft\u00bb css_animation=\u00bb\u00bb][vc_column_inner][vc_column_text]<\/p>\n<h2>Nuestra experiencia en la traducci\u00f3n y localizaci\u00f3n de idiomas africanos<\/h2>\n<p>[\/vc_column_text][\/vc_column_inner][\/vc_row_inner][vc_row_inner row_type=\u00bbrow\u00bb type=\u00bbfull_width\u00bb text_align=\u00bbleft\u00bb css_animation=\u00bb\u00bb css=\u00bb.vc_custom_1722956750661{padding-top: 20px !important;}\u00bb][vc_column_inner width=\u00bb1\/3&#8243;][vc_column_text]<\/p>\n<ul>\n<li>Anuncios<\/li>\n<li>Anuncios del Departamento de Recursos Humanos<\/li>\n<li>Art\u00edculos de noticias<\/li>\n<li>Comunicados de prensa<\/li>\n<li>Contratos legales<\/li>\n<li>Cuidado de la salud<\/li>\n<li>Dispositivos m\u00e9dicos<\/li>\n<\/ul>\n<p>[\/vc_column_text][\/vc_column_inner][vc_column_inner width=\u00bb1\/3&#8243;][vc_column_text]<\/p>\n<ul>\n<li>Documentales<\/li>\n<li>Encuestas y sondeos<\/li>\n<li>Entrevistas con organizaciones ben\u00e9ficas<\/li>\n<li>Informes anuales<\/li>\n<li>Informes financieros y bancarios<\/li>\n<li>Investigaci\u00f3n cl\u00ednica<\/li>\n<\/ul>\n<p>[\/vc_column_text][\/vc_column_inner][vc_column_inner width=\u00bb1\/3&#8243;][vc_column_text]<\/p>\n<ul>\n<li>Manuales de instrucciones<\/li>\n<li>Materiales de marketing<\/li>\n<li>Materiales de relaciones p\u00fablicas<\/li>\n<li>Mensajes de servicio p\u00fablico<\/li>\n<li>Presentaciones en PowerPoint<\/li>\n<li>Propuestas de dise\u00f1o<\/li>\n<\/ul>\n<p>[\/vc_column_text][\/vc_column_inner][\/vc_row_inner][vc_row_inner row_type=\u00bbrow\u00bb type=\u00bbfull_width\u00bb text_align=\u00bbleft\u00bb css_animation=\u00bb\u00bb css=\u00bb.vc_custom_1722956486984{padding-top: 30px !important;}\u00bb][vc_column_inner][vc_column_text]Nuestros traductores tienen en cuenta la cultura y los valores culturales, los idiomas y dialectos, as\u00ed como el sentido del humor del p\u00fablico al que se dirija. Son muy conscientes de que cualquier malentendido o desconocimiento de estas diferencias culturales fundamentales puede repercutir negativamente en los lectores del mercado objetivo. Para una verdadera soluci\u00f3n \u00abtodo en uno\u00bb, nuestro equipo de autoedici\u00f3n puede proporcionar el documento final en formato HTML para su descarga inmediata en su sitio web o en el sitio web de su cliente \u2013 o en uno de los doce formatos de autoedici\u00f3n, incluyendo Excel, InDesign, Illustrator, PDF, Photoshop y PowerPoint.<\/p>\n<p><em>Pronto Translations<\/em> trabaja en estrecha colaboraci\u00f3n con varias empresas de relaciones p\u00fablicas y medios de comunicaci\u00f3n en \u00c1frica, que pueden ayudarle con la comercializaci\u00f3n y la distribuci\u00f3n de su comunicaci\u00f3n, si es necesario.[\/vc_column_text][vc_empty_space][\/vc_column_inner][\/vc_row_inner][\/vc_column][vc_column width=\u00bb1\/2&#8243;][vc_single_image image=\u00bb3294&#8243; img_size=\u00bbfull\u00bb qode_css_animation=\u00bb\u00bb][vc_empty_space height=\u00bb52px\u00bb][\/vc_column][\/vc_row][vc_row css_animation=\u00bb\u00bb row_type=\u00bbrow\u00bb use_row_as_full_screen_section=\u00bbno\u00bb type=\u00bbfull_width\u00bb angled_section=\u00bbno\u00bb text_align=\u00bbleft\u00bb background_image_as_pattern=\u00bbwithout_pattern\u00bb z_index=\u00bb\u00bb background_color=\u00bbrgba(0,166,228,0.35)\u00bb][vc_column][vc_row_inner row_type=\u00bbrow\u00bb type=\u00bbgrid\u00bb text_align=\u00bbleft\u00bb css_animation=\u00bb\u00bb css=\u00bb.vc_custom_1712461537481{margin-top: 30px !important;margin-bottom: 30px !important;}\u00bb][vc_column_inner][vc_column_text css=\u00bb.vc_custom_1728660556385{padding-top: 15px !important;padding-right: 10px !important;padding-bottom: 15px !important;padding-left: 10px !important;background-color: #00a5e4 !important;border-radius: 3px !important;}\u00bb]<\/p>\n<p style=\"text-align: center;\"><span style=\"color: #ffffff;\"><a style=\"color: #ffffff;\" href=\"https:\/\/prontotranslations.com\/es\/contacto\/\">Cont\u00e1ctenos para su proyecto de traducci\u00f3n o localizaci\u00f3n de un idioma africano<\/a><\/span><\/p>\n<p>[\/vc_column_text][\/vc_column_inner][\/vc_row_inner][\/vc_column][\/vc_row]<\/p>\n<\/div>","protected":false},"excerpt":{"rendered":"<p>[vc_row css_animation=\u00bb\u00bb row_type=\u00bbrow\u00bb use_row_as_full_screen_section=\u00bbno\u00bb type=\u00bbfull_width\u00bb angled_section=\u00bbno\u00bb text_align=\u00bbleft\u00bb background_image_as_pattern=\u00bbwithout_pattern\u00bb z_index=\u00bb\u00bb][vc_column][vc_column_text css=\u00bb.vc_custom_1728660440766{padding-bottom: 30px !important;}\u00bb] Servicios de traducci\u00f3n de idiomas africanos [\/vc_column_text][\/vc_column][\/vc_row][vc_row css_animation=\u00bb\u00bb row_type=\u00bbrow\u00bb use_row_as_full_screen_section=\u00bbno\u00bb type=\u00bbgrid\u00bb angled_section=\u00bbno\u00bb text_align=\u00bbleft\u00bb&#8230;<\/p>\n","protected":false},"author":1,"featured_media":0,"parent":3272,"menu_order":1,"comment_status":"closed","ping_status":"closed","template":"full_width.php","meta":{"footnotes":""},"class_list":["post-3289","page","type-page","status-publish","hentry"],"_links":{"self":[{"href":"https:\/\/prontotranslations.com\/es\/wp-json\/wp\/v2\/pages\/3289","targetHints":{"allow":["GET"]}}],"collection":[{"href":"https:\/\/prontotranslations.com\/es\/wp-json\/wp\/v2\/pages"}],"about":[{"href":"https:\/\/prontotranslations.com\/es\/wp-json\/wp\/v2\/types\/page"}],"author":[{"embeddable":true,"href":"https:\/\/prontotranslations.com\/es\/wp-json\/wp\/v2\/users\/1"}],"replies":[{"embeddable":true,"href":"https:\/\/prontotranslations.com\/es\/wp-json\/wp\/v2\/comments?post=3289"}],"version-history":[{"count":3,"href":"https:\/\/prontotranslations.com\/es\/wp-json\/wp\/v2\/pages\/3289\/revisions"}],"predecessor-version":[{"id":3299,"href":"https:\/\/prontotranslations.com\/es\/wp-json\/wp\/v2\/pages\/3289\/revisions\/3299"}],"up":[{"embeddable":true,"href":"https:\/\/prontotranslations.com\/es\/wp-json\/wp\/v2\/pages\/3272"}],"wp:attachment":[{"href":"https:\/\/prontotranslations.com\/es\/wp-json\/wp\/v2\/media?parent=3289"}],"curies":[{"name":"wp","href":"https:\/\/api.w.org\/{rel}","templated":true}]}}