{"id":3300,"date":"2024-08-04T17:30:31","date_gmt":"2024-08-04T17:30:31","guid":{"rendered":"https:\/\/aw-web.com\/pronto2\/?page_id=3300"},"modified":"2025-01-20T03:09:34","modified_gmt":"2025-01-20T03:09:34","slug":"procedimientos-de-seguridad","status":"publish","type":"page","link":"https:\/\/prontotranslations.com\/es\/procedimientos-de-seguridad\/","title":{"rendered":"Procedimientos de seguridad"},"content":{"rendered":"<div class=\"wpb-content-wrapper\"><p>[vc_row css_animation=\u00bb\u00bb row_type=\u00bbrow\u00bb use_row_as_full_screen_section=\u00bbno\u00bb type=\u00bbfull_width\u00bb angled_section=\u00bbno\u00bb text_align=\u00bbleft\u00bb background_image_as_pattern=\u00bbwithout_pattern\u00bb z_index=\u00bb\u00bb][vc_column][vc_column_text css=\u00bb.vc_custom_1728661982472{padding-bottom: 30px !important;}\u00bb]<\/p>\n<h1 style=\"text-align: center;\">C\u00f3mo garantizamos la privacidad y la seguridad de su contenido<\/h1>\n<p>[\/vc_column_text][\/vc_column][\/vc_row][vc_row css_animation=\u00bb\u00bb row_type=\u00bbrow\u00bb use_row_as_full_screen_section=\u00bbno\u00bb type=\u00bbgrid\u00bb angled_section=\u00bbno\u00bb text_align=\u00bbleft\u00bb background_image_as_pattern=\u00bbwithout_pattern\u00bb z_index=\u00bb\u00bb css=\u00bb.vc_custom_1719198241526{padding-top: 50px !important;padding-right: 10% !important;padding-left: 10% !important;}\u00bb][vc_column width=\u00bb1\/2&#8243; css=\u00bb.vc_custom_1712629369530{padding-right: 10% !important;padding-left: 10% !important;}\u00bb][vc_row_inner row_type=\u00bbrow\u00bb type=\u00bbfull_width\u00bb text_align=\u00bbcenter\u00bb css_animation=\u00bb\u00bb css=\u00bb.vc_custom_1722784476757{padding-top: 20px !important;}\u00bb][vc_column_inner][vc_column_text css=\u00bb.vc_custom_1728662005504{padding-bottom: 50px !important;}\u00bb]<\/p>\n<ul>\n<li><strong>Pronto Translations cuenta con estrictos procedimientos de seguridad para garantizar la continuidad de la actividad y la protecci\u00f3n de la informaci\u00f3n de sus clientes.<\/strong><\/li>\n<li><strong>En nuestros 20 a\u00f1os de existencia, nuestros sistemas de seguridad no han sufrido ninguna ca\u00edda, lo que demuestra su buen funcionamiento<\/strong><\/li>\n<\/ul>\n<p>[\/vc_column_text][vc_column_text css=\u00bb.vc_custom_1728662115127{padding-top: 10px !important;padding-bottom: 10px !important;background-color: #00a6e4 !important;border-radius: 3px !important;}\u00bb]<\/p>\n<p style=\"text-align: center;\"><a href=\"https:\/\/prontotranslations.com\/es\/contacto\/\"><span style=\"color: #ffffff;\">P\u00f3ngase en contacto con nosotros para cualquier pregunta sobre la seguridad o confidencialidad de su contenido mientras nos ocupamos de su proyecto de traducci\u00f3n o localizaci\u00f3n.<\/span><\/a><\/p>\n<p>[\/vc_column_text][vc_empty_space][\/vc_column_inner][\/vc_row_inner][\/vc_column][vc_column width=\u00bb1\/2&#8243;][vc_single_image image=\u00bb3301&#8243; img_size=\u00bbfull\u00bb alignment=\u00bbcenter\u00bb qode_css_animation=\u00bb\u00bb css=\u00bb.vc_custom_1722793062816{padding-bottom: 30px !important;}\u00bb][vc_empty_space][\/vc_column][\/vc_row][vc_row css_animation=\u00bb\u00bb row_type=\u00bbrow\u00bb use_row_as_full_screen_section=\u00bbno\u00bb type=\u00bbgrid\u00bb angled_section=\u00bbno\u00bb text_align=\u00bbleft\u00bb background_image_as_pattern=\u00bbwithout_pattern\u00bb z_index=\u00bb\u00bb][vc_column][vc_separator type=\u00bbnormal\u00bb color=\u00bb#88cce2&#8243; thickness=\u00bb5&#8243; up=\u00bb0&#8243; down=\u00bb0&#8243;][\/vc_column][\/vc_row][vc_row css_animation=\u00bb\u00bb row_type=\u00bbrow\u00bb use_row_as_full_screen_section=\u00bbno\u00bb type=\u00bbfull_width\u00bb angled_section=\u00bbno\u00bb text_align=\u00bbleft\u00bb background_image_as_pattern=\u00bbwithout_pattern\u00bb z_index=\u00bb\u00bb css=\u00bb.vc_custom_1712718567412{background-color: rgba(0,166,228,0.05) !important;*background-color: rgb(0,166,228) !important;}\u00bb][vc_column][vc_row_inner row_type=\u00bbrow\u00bb type=\u00bbgrid\u00bb text_align=\u00bbleft\u00bb css_animation=\u00bb\u00bb css=\u00bb.vc_custom_1718510501771{padding-top: 50px !important;}\u00bb][vc_column_inner width=\u00bb1\/2&#8243;][vc_single_image image=\u00bb3302&#8243; img_size=\u00bbfull\u00bb qode_css_animation=\u00bb\u00bb][vc_empty_space][\/vc_column_inner][vc_column_inner width=\u00bb1\/2&#8243;][vc_column_text css=\u00bb.vc_custom_1728662216511{padding-bottom: 40px !important;}\u00bb]<\/p>\n<h2>Protocolos generales para los empleados<\/h2>\n<p>Exigimos que todos los usuarios cambien su contrase\u00f1a cada tres meses. Tambi\u00e9n aplicamos requisitos en cuanto a la longitud y la complejidad de la contrase\u00f1a. Para aquellas reuniones internas que necesiten medidas de seguridad especiales, utilizamos exclusivamente la aplicaci\u00f3n Microsoft Teams debido a las condiciones de seguridad reforzadas de esta herramienta de reuniones.<\/p>\n<h2>Recepci\u00f3n del encargo del cliente<\/h2>\n<p>Se utilizan direcciones de correo electr\u00f3nico espec\u00edficas y seguras para recibir las solicitudes de los clientes. El responsable del equipo descarga el archivo adjunto y lo sube a la biblioteca de documentos del traductor, en la aplicaci\u00f3n de Microsoft SharePoint. Solo el jefe de equipo y el traductor al que se le asign\u00f3 la traducci\u00f3n tienen acceso al documento en cuesti\u00f3n. El archivo descargado se borra inmediatamente, de modo que solo mantenemosel archivo de la biblioteca del traductor.<\/p>\n<h2>Durante el proceso de traducci\u00f3n<\/h2>\n<p>Tras recibir la la notficaci\u00f3n de un nuevo encargo (a trav\u00e9s de un correo electr\u00f3nico de alerta generado por el portal con el \u00fanico prop\u00f3sito de informar al traductor), el traductor se conecta al portal de SharePoint utilizando la cuenta y contrase\u00f1a \u00fanicas que cumplen con nuestros requisitos de complejidad a trav\u00e9s de una conexi\u00f3n https segura. La conexi\u00f3n queda grabada para su seguimiento en el registro del cortafuegos. El traductor puede entonces descargar el archivo e importarlo a su programa de traducci\u00f3n, como SDL Trados Studio.[\/vc_column_text][\/vc_column_inner][\/vc_row_inner][\/vc_column][\/vc_row][vc_row css_animation=\u00bb\u00bb row_type=\u00bbrow\u00bb use_row_as_full_screen_section=\u00bbno\u00bb type=\u00bbgrid\u00bb angled_section=\u00bbno\u00bb text_align=\u00bbleft\u00bb background_image_as_pattern=\u00bbwithout_pattern\u00bb z_index=\u00bb\u00bb][vc_column][vc_separator type=\u00bbnormal\u00bb color=\u00bb#88cce2&#8243; thickness=\u00bb5&#8243; up=\u00bb0&#8243; down=\u00bb0&#8243;][\/vc_column][\/vc_row][vc_row css_animation=\u00bb\u00bb row_type=\u00bbrow\u00bb use_row_as_full_screen_section=\u00bbno\u00bb type=\u00bbfull_width\u00bb angled_section=\u00bbno\u00bb text_align=\u00bbleft\u00bb background_image_as_pattern=\u00bbwithout_pattern\u00bb z_index=\u00bb\u00bb css=\u00bb.vc_custom_1718512349787{padding-top: 50px !important;padding-bottom: 30px !important;}\u00bb][vc_column][vc_row_inner row_type=\u00bbrow\u00bb type=\u00bbgrid\u00bb text_align=\u00bbleft\u00bb css_animation=\u00bb\u00bb][vc_column_inner width=\u00bb1\/2&#8243;][vc_column_text css=\u00bb.vc_custom_1728662956453{padding-bottom: 20px !important;}\u00bb]<\/p>\n<h2>Entrega del texto traducido al cliente<\/h2>\n<p>El jefe del equipo descarga la traducci\u00f3n final del portal y la env\u00eda al cliente por correo electr\u00f3nico como archivo adjunto. Si el cliente prefiere un protocolo determinado para la entrega del proyecto, como que se a\u00f1ada directamente a su servidor FTP o que se entregue a trav\u00e9s del servicio de transferencia de archivos WeTransfer o similar, podemos cumplirlo. Los archivos solo se almacenan en el portal y en el servidor de correo electr\u00f3nico. No se permite la divulgaci\u00f3n durante este proceso. Todos los archivos cargados deben ser eliminados inmediatamente despu\u00e9s de su uso.<\/p>\n<h2>Despu\u00e9s de la entrega del texto traducido al cliente<\/h2>\n<p>Todos los documentos traducidos se almacenan y se archivan en el portal. Nadie puede alterarlos o borrarlos. S\u00f3lo pueden utilizarse como referencia para garantizar la coherencia y la precisi\u00f3n que requieren los clientes.<\/p>\n<p>Existen diferentes niveles de autorizaci\u00f3n para garantizar la seguridad de la informaci\u00f3n de los clientes. Todas las autorizaciones a nivel operacional, de sitio, de biblioteca y de documento se han dise\u00f1ado y aplicado cuidadosamente para limitar la divulgaci\u00f3n de la informaci\u00f3n y que solo puedan acceder \u00a0los interesados designados. Se han instalado el cortafuegos de Windows y las aplicaciones antivirus de Microsoft para proteger el tr\u00e1fico entre los servidores y los ordenadores personales.<\/p>\n<p>Adem\u00e1s de estas medidas t\u00e9cnicas, todos los traductores deben cumplir con el acuerdo de confidencialidad que firmaron como parte de las condiciones necesarias para trabajar como profesionales independientes con Pronto Translations. Dicho acuerdo de confidencialidad contiene una cl\u00e1usula que compromete al traductor a proteger la seguridad de la informaci\u00f3n, tanto para Pronto Translations como para el cliente.[\/vc_column_text][\/vc_column_inner][vc_column_inner width=\u00bb1\/2&#8243;][vc_single_image image=\u00bb3303&#8243; img_size=\u00bbfull\u00bb qode_css_animation=\u00bb\u00bb][vc_empty_space height=\u00bb12px\u00bb][\/vc_column_inner][\/vc_row_inner][vc_row_inner row_type=\u00bbrow\u00bb type=\u00bbgrid\u00bb text_align=\u00bbleft\u00bb css_animation=\u00bb\u00bb][vc_column_inner][vc_column_text css=\u00bb.vc_custom_1728662792380{padding-bottom: 40px !important;}\u00bb]Si un documento en particular requiere un refuerzo de la confidencialidad, aplicaremos medidas de seguridad m\u00e1s estrictas al recibir, procesar y entregar el documento a trav\u00e9s de nuestro portal espec\u00edfico. En este portal se utiliza una URL \u00fanica, que solo se comparte con el reducido grupo de personas seleccionadas para realizar una tarea concreta que requiera una confidencialidad reforzada. Adem\u00e1s, se establecen permisos de acceso restringido m\u00e1s estrictos para cada archivo del portal. Todos los trabajos de traducci\u00f3n y edici\u00f3n deben realizarse y completarse en el portal, pues no se permiten descargas. Solo en este tipo de encargo, como medida de seguridad adicional, no se crear\u00e1 ninguna memoria de traducci\u00f3n.[\/vc_column_text][\/vc_column_inner][\/vc_row_inner][\/vc_column][\/vc_row][vc_row css_animation=\u00bb\u00bb row_type=\u00bbrow\u00bb use_row_as_full_screen_section=\u00bbno\u00bb type=\u00bbgrid\u00bb angled_section=\u00bbno\u00bb text_align=\u00bbleft\u00bb background_image_as_pattern=\u00bbwithout_pattern\u00bb z_index=\u00bb\u00bb][vc_column][vc_separator type=\u00bbnormal\u00bb color=\u00bb#88cce2&#8243; thickness=\u00bb5&#8243; up=\u00bb0&#8243; down=\u00bb0&#8243;][\/vc_column][\/vc_row][vc_row css_animation=\u00bb\u00bb row_type=\u00bbrow\u00bb use_row_as_full_screen_section=\u00bbno\u00bb type=\u00bbfull_width\u00bb angled_section=\u00bbno\u00bb text_align=\u00bbleft\u00bb background_image_as_pattern=\u00bbwithout_pattern\u00bb z_index=\u00bb\u00bb css=\u00bb.vc_custom_1718512370579{padding-top: 50px !important;padding-bottom: 30px !important;background-color: rgba(0,166,228,0.05) !important;*background-color: rgb(0,166,228) !important;}\u00bb][vc_column][vc_row_inner row_type=\u00bbrow\u00bb type=\u00bbgrid\u00bb text_align=\u00bbleft\u00bb css_animation=\u00bb\u00bb][vc_column_inner width=\u00bb1\/2&#8243;][vc_single_image image=\u00bb3245&#8243; img_size=\u00bbfull\u00bb qode_css_animation=\u00bb\u00bb][vc_empty_space height=\u00bb22px\u00bb][\/vc_column_inner][vc_column_inner width=\u00bb1\/2&#8243;][vc_column_text css=\u00bb.vc_custom_1728662381479{padding-top: 30px !important;padding-bottom: 40px !important;}\u00bb]<\/p>\n<h2>Medidas generales para garantizar la seguridad del sistema<\/h2>\n<p>En la actualidad, se exigen las siguientes medidas a todos los empleados de Pronto para evitar la intrusi\u00f3n no autorizada y la introducci\u00f3n de software malicioso o da\u00f1ino en nuestros sistemas:<\/p>\n<ul>\n<li>Instalaci\u00f3n de programas antivirus en todos los sistemas y dispositivos.<\/li>\n<li>Instalaci\u00f3n de programas antimalware en todos los sistemas y dispositivos.<\/li>\n<li>Refuerzo peri\u00f3dico de todos los sistemas operativos.<\/li>\n<li>Aplicaci\u00f3n de segmentos de la red de per\u00edmetro y zonas de seguridad de la red.<\/li>\n<li>Uso obligatorio de contrase\u00f1as complejas para el acceso a todos los sistemas, incluidas todas las aplicaciones inform\u00e1ticas.<\/li>\n<li>Se requiere una autenticaci\u00f3n multifactorial.<\/li>\n<li>Cifrado de sistemas de archivos, discos y documentos individuales.<\/li>\n<li>Actualizar los sistemas operativos tan pronto como las actualizaciones y los parches de seguridad sean emitidos por el proveedor<\/li>\n<li>Barridos de entrada programados.<\/li>\n<li>Escaneos programados de vulnerabilidad.<\/li>\n<\/ul>\n<p>[\/vc_column_text][\/vc_column_inner][\/vc_row_inner][\/vc_column][\/vc_row][vc_row css_animation=\u00bb\u00bb row_type=\u00bbrow\u00bb use_row_as_full_screen_section=\u00bbno\u00bb type=\u00bbgrid\u00bb angled_section=\u00bbno\u00bb text_align=\u00bbleft\u00bb background_image_as_pattern=\u00bbwithout_pattern\u00bb z_index=\u00bb\u00bb][vc_column][vc_separator type=\u00bbnormal\u00bb color=\u00bb#88cce2&#8243; thickness=\u00bb5&#8243; up=\u00bb0&#8243; down=\u00bb0&#8243;][\/vc_column][\/vc_row][vc_row css_animation=\u00bb\u00bb row_type=\u00bbrow\u00bb use_row_as_full_screen_section=\u00bbno\u00bb type=\u00bbfull_width\u00bb angled_section=\u00bbno\u00bb text_align=\u00bbleft\u00bb background_image_as_pattern=\u00bbwithout_pattern\u00bb z_index=\u00bb\u00bb css=\u00bb.vc_custom_1718512349787{padding-top: 50px !important;padding-bottom: 30px !important;}\u00bb][vc_column][vc_row_inner row_type=\u00bbrow\u00bb type=\u00bbgrid\u00bb text_align=\u00bbleft\u00bb css_animation=\u00bb\u00bb][vc_column_inner width=\u00bb1\/2&#8243;][vc_column_text css=\u00bb.vc_custom_1728662476647{padding-bottom: 30px !important;}\u00bb]<\/p>\n<h2>Gesti\u00f3n de riesgos<\/h2>\n<p>Pronto tiene pol\u00edticas y programas para manejar los riesgos de seguridad en l\u00ednea. Como parte del proceso de gesti\u00f3n de riesgos, las siguientes tareas se realizan con un calendario fijo y peri\u00f3dico:<\/p>\n<ul>\n<li>Identificaci\u00f3n de las amenazas y vulnerabilidades ambientales.<\/li>\n<li>C\u00e1lculo del riesgo.<\/li>\n<li>Informar de los riesgos en el entorno de la nube.<\/li>\n<li>Tratamiento de los riesgos basado en la evaluaci\u00f3n del impacto y la justificaci\u00f3n comercial asociada.<\/li>\n<li>Prueba de la eficacia potencial de las medidas correctivas y c\u00e1lculo del riesgo residual.<\/li>\n<li>Gesti\u00f3n continua del riesgo.<\/li>\n<\/ul>\n<h2>Gesti\u00f3n de la identidad y el acceso<\/h2>\n<p>Cuando los usuarios trabajan en diferentes dispositivos desde cualquier lugar y acceden a aplicaciones en diferentes portales, es fundamental preservar la identidad del usuario. Utilizamos la identidad para controlar el acceso a cualquier servicio desde cualquier dispositivo, as\u00ed como para aumentar la visibilidad y comprender mejor c\u00f3mo se utilizan nuestros datos.<\/p>\n<p>He aqu\u00ed algunas consideraciones clave para la gesti\u00f3n de la identidad y el acceso:<\/p>\n<ul>\n<li>Faciliaci\u00f3n de identidad.<\/li>\n<li>Reevaluaci\u00f3n peri\u00f3dica de la forma m\u00e1s segura de automatizar el suministro de identidades utilizando la infraestructura actual in situ.<\/li>\n<li>Federaci\u00f3n de identidad.<\/li>\n<li>Un solo inicio de sesi\u00f3n (SSO).<\/li>\n<li>Evaluar los requisitos de se\u00f1alizaci\u00f3n \u00fanicos de la organizaci\u00f3n y c\u00f3mo integrarlos con las aplicaciones existentes.<\/li>\n<li>Gesti\u00f3n de perfiles.<\/li>\n<li>Control de acceso.<\/li>\n<li>Aplicaci\u00f3n de control de acceso basada en funciones.<\/li>\n<\/ul>\n<p>[\/vc_column_text][\/vc_column_inner][vc_column_inner width=\u00bb1\/2&#8243;][vc_single_image image=\u00bb3304&#8243; img_size=\u00bbfull\u00bb qode_css_animation=\u00bb\u00bb][vc_empty_space height=\u00bb12px\u00bb][\/vc_column_inner][\/vc_row_inner][\/vc_column][\/vc_row][vc_row css_animation=\u00bb\u00bb row_type=\u00bbrow\u00bb use_row_as_full_screen_section=\u00bbno\u00bb type=\u00bbgrid\u00bb angled_section=\u00bbno\u00bb text_align=\u00bbleft\u00bb background_image_as_pattern=\u00bbwithout_pattern\u00bb z_index=\u00bb\u00bb][vc_column][vc_separator type=\u00bbnormal\u00bb color=\u00bb#88cce2&#8243; thickness=\u00bb5&#8243; up=\u00bb0&#8243; down=\u00bb0&#8243;][\/vc_column][\/vc_row][vc_row css_animation=\u00bb\u00bb row_type=\u00bbrow\u00bb use_row_as_full_screen_section=\u00bbno\u00bb type=\u00bbfull_width\u00bb angled_section=\u00bbno\u00bb text_align=\u00bbleft\u00bb background_image_as_pattern=\u00bbwithout_pattern\u00bb z_index=\u00bb\u00bb css=\u00bb.vc_custom_1718512370579{padding-top: 50px !important;padding-bottom: 30px !important;background-color: rgba(0,166,228,0.05) !important;*background-color: rgb(0,166,228) !important;}\u00bb][vc_column][vc_row_inner row_type=\u00bbrow\u00bb type=\u00bbgrid\u00bb text_align=\u00bbleft\u00bb css_animation=\u00bb\u00bb][vc_column_inner width=\u00bb1\/2&#8243;][vc_single_image image=\u00bb3305&#8243; img_size=\u00bbfull\u00bb qode_css_animation=\u00bb\u00bb][vc_empty_space height=\u00bb22px\u00bb][\/vc_column_inner][vc_column_inner width=\u00bb1\/2&#8243;][vc_column_text css=\u00bb.vc_custom_1728662529243{padding-top: 30px !important;padding-bottom: 40px !important;}\u00bb]<\/p>\n<h2>Protecci\u00f3n del terminal<\/h2>\n<p>Pronto ha estudiado cuidadosamente y revisa con frecuencia sus procedimientos de seguridad de terminales en el entorno de la nube, dado que los terminales han estado expuesto a m\u00e1s conexiones externas y han accedido a un n\u00famero cada vez mayor de aplicaciones en diferentes portales.<\/p>\n<p>Los usuarios son el objetivo principal de los ataques, y los terminales son los principales objetos que estos usuarios utilizan para consumir datos. El terminal puede ser el lugar de trabajo del usuario, un tel\u00e9fono inteligente o cualquier dispositivo que se pueda utilizar para acceder a los recursos de la nube.<\/p>\n<p>Recurrimos a las mejores pr\u00e1cticas de seguridad que se enumeran a continuaci\u00f3n para planificar la protecci\u00f3n de los terminales:<\/p>\n<ul>\n<li>Actualizaci\u00f3n del software del<\/li>\n<li>Uso del despliegue autom\u00e1tico para proporcionar actualizaciones de definici\u00f3n a los terminales.<\/li>\n<li>Controlar el acceso al punto de descarga de la actualizaci\u00f3n del software.<\/li>\n<li>Usuarios finales sin privilegios de administraci\u00f3n local.<\/li>\n<li>Aplicaci\u00f3n del principio del privilegio m\u00ednimo y de la administraci\u00f3n basada en funciones para conceder permisos a los usuarios.<\/li>\n<li>Vigilancia diligente de las alertas de los terminales.<\/li>\n<\/ul>\n<p>[\/vc_column_text][\/vc_column_inner][\/vc_row_inner][\/vc_column][\/vc_row][vc_row css_animation=\u00bb\u00bb row_type=\u00bbrow\u00bb use_row_as_full_screen_section=\u00bbno\u00bb type=\u00bbgrid\u00bb angled_section=\u00bbno\u00bb text_align=\u00bbleft\u00bb background_image_as_pattern=\u00bbwithout_pattern\u00bb z_index=\u00bb\u00bb][vc_column][vc_separator type=\u00bbnormal\u00bb color=\u00bb#88cce2&#8243; thickness=\u00bb5&#8243; up=\u00bb0&#8243; down=\u00bb0&#8243;][\/vc_column][\/vc_row][vc_row css_animation=\u00bb\u00bb row_type=\u00bbrow\u00bb use_row_as_full_screen_section=\u00bbno\u00bb type=\u00bbfull_width\u00bb angled_section=\u00bbno\u00bb text_align=\u00bbleft\u00bb background_image_as_pattern=\u00bbwithout_pattern\u00bb z_index=\u00bb\u00bb css=\u00bb.vc_custom_1718512349787{padding-top: 50px !important;padding-bottom: 30px !important;}\u00bb][vc_column][vc_row_inner row_type=\u00bbrow\u00bb type=\u00bbgrid\u00bb text_align=\u00bbleft\u00bb css_animation=\u00bb\u00bb][vc_column_inner width=\u00bb1\/2&#8243;][vc_column_text css=\u00bb.vc_custom_1728662566592{padding-bottom: 30px !important;}\u00bb]<\/p>\n<h2>Protecci\u00f3n de datos<\/h2>\n<p>Cuando se trata de la seguridad en la nube, el objetivo final es garantizar la seguridad de los datos, dondequiera que se encuentren. Los datos pasan por diferentes etapas, en funci\u00f3n de d\u00f3nde est\u00e9n los datos en un momento determinado.<\/p>\n<ul>\n<li>Datos en reposo en el dispositivo del usuario:<\/li>\n<\/ul>\n<p>En este caso, los datos est\u00e1n en el terminal, que puede ser cualquier dispositivo. Siempre imponemos la encriptaci\u00f3n de los datos en reposo tanto en los dispositivos que son propiedad de la empresa como en los del usuario.<\/p>\n<ul>\n<li>Datos en tr\u00e1nsito entre el dispositivo del usuario y la nube privada en el sitio:<\/li>\n<\/ul>\n<p>Cuando los datos salen del dispositivo del usuario, nos aseguramos de que siempre est\u00e9n protegidos. Muchas tecnolog\u00edas permiten cifrar los datos dondequiera que se encuentren. Tambi\u00e9n es imperativo asegurar que el canal de transporte est\u00e9 encriptado.<\/p>\n<p>[\/vc_column_text][\/vc_column_inner][vc_column_inner width=\u00bb1\/2&#8243;][vc_single_image image=\u00bb3306&#8243; img_size=\u00bbfull\u00bb qode_css_animation=\u00bb\u00bb][vc_empty_space height=\u00bb12px\u00bb][\/vc_column_inner][\/vc_row_inner][\/vc_column][\/vc_row][vc_row css_animation=\u00bb\u00bb row_type=\u00bbrow\u00bb use_row_as_full_screen_section=\u00bbno\u00bb type=\u00bbgrid\u00bb angled_section=\u00bbno\u00bb text_align=\u00bbleft\u00bb background_image_as_pattern=\u00bbwithout_pattern\u00bb z_index=\u00bb\u00bb][vc_column][vc_separator type=\u00bbnormal\u00bb color=\u00bb#88cce2&#8243; thickness=\u00bb5&#8243; up=\u00bb0&#8243; down=\u00bb0&#8243;][\/vc_column][\/vc_row][vc_row css_animation=\u00bb\u00bb row_type=\u00bbrow\u00bb use_row_as_full_screen_section=\u00bbno\u00bb type=\u00bbfull_width\u00bb angled_section=\u00bbno\u00bb text_align=\u00bbleft\u00bb background_image_as_pattern=\u00bbwithout_pattern\u00bb css=\u00bb.vc_custom_1712635529690{background-color: rgba(0,166,228,0.05) !important;*background-color: rgb(0,166,228) !important;}\u00bb z_index=\u00bb\u00bb][vc_column][vc_row_inner row_type=\u00bbrow\u00bb type=\u00bbgrid\u00bb text_align=\u00bbleft\u00bb css_animation=\u00bb\u00bb][vc_column_inner][\/vc_column_inner][\/vc_row_inner][\/vc_column][\/vc_row][vc_row css_animation=\u00bb\u00bb row_type=\u00bbrow\u00bb use_row_as_full_screen_section=\u00bbno\u00bb type=\u00bbfull_width\u00bb angled_section=\u00bbno\u00bb text_align=\u00bbleft\u00bb background_image_as_pattern=\u00bbwithout_pattern\u00bb][vc_column][vc_row_inner row_type=\u00bbrow\u00bb type=\u00bbgrid\u00bb text_align=\u00bbleft\u00bb css_animation=\u00bb\u00bb][vc_column_inner][vc_column_text css=\u00bb.vc_custom_1718513094006{padding-top: 30px !important;padding-bottom: 40px !important;}\u00bb]<\/p>\n<div class=\"flex_cell av-45ijh-4-b3af1c4d6fe27d21451c37c869e69217 av-gridrow-cell av_one_fifth no_margin avia-builder-el-44 el_before_av_cell_three_fifth avia-builder-el-first \">\n<div class=\"flex_cell_inner\">\n<div class=\"flex_cell_inner\">\n<section class=\"av_textblock_section av-kcgupnoz-2-c031754064b9644666b955b946decdae\">\n<div class=\"avia_textblock\">\n<p style=\"text-align: center;\">We look forward to speaking with you concerning your translation and localization project. \u00a0Please do not hesitate to <strong><a href=\"mailto:clientservices@prontotranslations.com\">contact us<\/a><\/strong>\u00a0to discuss your requirements.<\/p>\n<\/div>\n<\/section>\n<\/div>\n<\/div>\n<\/div>\n<p>[\/vc_column_text][\/vc_column_inner][\/vc_row_inner][\/vc_column][\/vc_row][vc_row css_animation=\u00bb\u00bb row_type=\u00bbrow\u00bb use_row_as_full_screen_section=\u00bbno\u00bb type=\u00bbfull_width\u00bb angled_section=\u00bbno\u00bb text_align=\u00bbleft\u00bb background_image_as_pattern=\u00bbwithout_pattern\u00bb][vc_column][vc_column_text]<\/p>\n<p>[\/vc_column_text][\/vc_column][\/vc_row][vc_row css_animation=\u00bb\u00bb row_type=\u00bbrow\u00bb use_row_as_full_screen_section=\u00bbno\u00bb type=\u00bbfull_width\u00bb angled_section=\u00bbno\u00bb text_align=\u00bbleft\u00bb background_image_as_pattern=\u00bbwithout_pattern\u00bb z_index=\u00bb\u00bb background_color=\u00bbrgba(0,166,228,0.35)\u00bb][vc_column][vc_row_inner row_type=\u00bbrow\u00bb type=\u00bbgrid\u00bb text_align=\u00bbleft\u00bb css_animation=\u00bb\u00bb css=\u00bb.vc_custom_1712461537481{margin-top: 30px !important;margin-bottom: 30px !important;}\u00bb][vc_column_inner][vc_column_text css=\u00bb.vc_custom_1728662095364{padding-top: 15px !important;padding-right: 10px !important;padding-bottom: 15px !important;padding-left: 10px !important;background-color: #00a5e4 !important;border-radius: 3px !important;}\u00bb]<\/p>\n<p style=\"text-align: center;\"><span style=\"color: #ffffff;\"><a style=\"color: #ffffff;\" href=\"https:\/\/prontotranslations.com\/es\/contacto\/&quot;\">P\u00f3ngase en contacto con nosotros para cualquier pregunta sobre la seguridad o confidencialidad de su contenido mientras nos ocupamos de su proyecto de traducci\u00f3n o localizaci\u00f3n.<\/a><\/span><\/p>\n<p>[\/vc_column_text][\/vc_column_inner][\/vc_row_inner][\/vc_column][\/vc_row]<\/p>\n<\/div>","protected":false},"excerpt":{"rendered":"<p>[vc_row css_animation=\u00bb\u00bb row_type=\u00bbrow\u00bb use_row_as_full_screen_section=\u00bbno\u00bb type=\u00bbfull_width\u00bb angled_section=\u00bbno\u00bb text_align=\u00bbleft\u00bb background_image_as_pattern=\u00bbwithout_pattern\u00bb z_index=\u00bb\u00bb][vc_column][vc_column_text css=\u00bb.vc_custom_1728661982472{padding-bottom: 30px !important;}\u00bb] C\u00f3mo garantizamos la privacidad y la seguridad de su contenido [\/vc_column_text][\/vc_column][\/vc_row][vc_row css_animation=\u00bb\u00bb row_type=\u00bbrow\u00bb&#8230;<\/p>\n","protected":false},"author":1,"featured_media":0,"parent":0,"menu_order":2,"comment_status":"closed","ping_status":"closed","template":"full_width.php","meta":{"footnotes":""},"class_list":["post-3300","page","type-page","status-publish","hentry"],"_links":{"self":[{"href":"https:\/\/prontotranslations.com\/es\/wp-json\/wp\/v2\/pages\/3300","targetHints":{"allow":["GET"]}}],"collection":[{"href":"https:\/\/prontotranslations.com\/es\/wp-json\/wp\/v2\/pages"}],"about":[{"href":"https:\/\/prontotranslations.com\/es\/wp-json\/wp\/v2\/types\/page"}],"author":[{"embeddable":true,"href":"https:\/\/prontotranslations.com\/es\/wp-json\/wp\/v2\/users\/1"}],"replies":[{"embeddable":true,"href":"https:\/\/prontotranslations.com\/es\/wp-json\/wp\/v2\/comments?post=3300"}],"version-history":[{"count":7,"href":"https:\/\/prontotranslations.com\/es\/wp-json\/wp\/v2\/pages\/3300\/revisions"}],"predecessor-version":[{"id":3313,"href":"https:\/\/prontotranslations.com\/es\/wp-json\/wp\/v2\/pages\/3300\/revisions\/3313"}],"wp:attachment":[{"href":"https:\/\/prontotranslations.com\/es\/wp-json\/wp\/v2\/media?parent=3300"}],"curies":[{"name":"wp","href":"https:\/\/api.w.org\/{rel}","templated":true}]}}