{"id":3314,"date":"2024-08-17T01:50:03","date_gmt":"2024-08-17T01:50:03","guid":{"rendered":"https:\/\/aw-web.com\/pronto2\/?page_id=3314"},"modified":"2025-01-20T03:41:30","modified_gmt":"2025-01-20T03:41:30","slug":"servicios-de-traduccion-al-aleman","status":"publish","type":"page","link":"https:\/\/prontotranslations.com\/es\/idiomas\/servicios-de-traduccion-al-aleman\/","title":{"rendered":"Aleman"},"content":{"rendered":"<div class=\"wpb-content-wrapper\"><p>[vc_row css_animation=\u00bb\u00bb row_type=\u00bbrow\u00bb use_row_as_full_screen_section=\u00bbno\u00bb type=\u00bbfull_width\u00bb angled_section=\u00bbno\u00bb text_align=\u00bbleft\u00bb background_image_as_pattern=\u00bbwithout_pattern\u00bb z_index=\u00bb\u00bb][vc_column][vc_column_text css=\u00bb.vc_custom_1728689839443{padding-bottom: 30px !important;}\u00bb]<\/p>\n<h1 style=\"text-align: center;\">Servicios profesionales de traducci\u00f3n al alem\u00e1n<\/h1>\n<p>[\/vc_column_text][\/vc_column][\/vc_row][vc_row css_animation=\u00bb\u00bb row_type=\u00bbrow\u00bb use_row_as_full_screen_section=\u00bbno\u00bb type=\u00bbgrid\u00bb angled_section=\u00bbno\u00bb text_align=\u00bbleft\u00bb background_image_as_pattern=\u00bbwithout_pattern\u00bb z_index=\u00bb\u00bb css=\u00bb.vc_custom_1719198241526{padding-top: 50px !important;padding-right: 10% !important;padding-left: 10% !important;}\u00bb][vc_column width=\u00bb1\/2&#8243; css=\u00bb.vc_custom_1712629369530{padding-right: 10% !important;padding-left: 10% !important;}\u00bb][vc_row_inner row_type=\u00bbrow\u00bb type=\u00bbfull_width\u00bb text_align=\u00bbcenter\u00bb css_animation=\u00bb\u00bb css=\u00bb.vc_custom_1722784476757{padding-top: 20px !important;}\u00bb][vc_column_inner][vc_column_text css=\u00bb.vc_custom_1728690330698{padding-bottom: 50px !important;}\u00bb]<strong>\u00a1Deje que Pronto se encargue de su proyecto de traducci\u00f3n al alem\u00e1n!<\/strong><\/p>\n<ul>\n<li style=\"text-align: left;\">Traducci\u00f3n del \u00e1rabe al alem\u00e1n<\/li>\n<li style=\"text-align: left;\">Traducci\u00f3n del chino al alem\u00e1n<\/li>\n<li style=\"text-align: left;\">Traducci\u00f3n del espa\u00f1ol al alem\u00e1n<\/li>\n<li style=\"text-align: left;\">Traducci\u00f3n del franc\u00e9s al alem\u00e1n<\/li>\n<li style=\"text-align: left;\">Traducci\u00f3n del holand\u00e9s al alem\u00e1n<\/li>\n<li style=\"text-align: left;\">Traducci\u00f3n del ingl\u00e9s al alem\u00e1n<\/li>\n<li style=\"text-align: left;\">Traducci\u00f3n del italiano al alem\u00e1n<\/li>\n<li style=\"text-align: left;\">Traducci\u00f3n del portugu\u00e9s al alem\u00e1n<\/li>\n<\/ul>\n<p>[\/vc_column_text][vc_column_text css=\u00bb.vc_custom_1728689981327{padding-top: 10px !important;padding-bottom: 10px !important;background-color: #00a6e4 !important;border-radius: 3px !important;}\u00bb]<\/p>\n<p style=\"text-align: center;\"><a href=\"https:\/\/prontotranslations.com\/es\/contacto\/\"><span style=\"color: #ffffff;\">Cont\u00e1ctenos para su proyecto de traducci\u00f3n o localizaci\u00f3n al alem\u00e1n<\/span><\/a><\/p>\n<p>[\/vc_column_text][vc_empty_space height=\u00bb52px\u00bb][\/vc_column_inner][\/vc_row_inner][\/vc_column][vc_column width=\u00bb1\/2&#8243;][vc_single_image image=\u00bb3315&#8243; img_size=\u00bbfull\u00bb alignment=\u00bbcenter\u00bb qode_css_animation=\u00bb\u00bb css=\u00bb.vc_custom_1723858083390{padding-bottom: 30px !important;}\u00bb][vc_empty_space][\/vc_column][\/vc_row][vc_row css_animation=\u00bb\u00bb row_type=\u00bbrow\u00bb use_row_as_full_screen_section=\u00bbno\u00bb type=\u00bbgrid\u00bb angled_section=\u00bbno\u00bb text_align=\u00bbleft\u00bb background_image_as_pattern=\u00bbwithout_pattern\u00bb z_index=\u00bb\u00bb][vc_column][vc_separator type=\u00bbnormal\u00bb color=\u00bb#88cce2&#8243; thickness=\u00bb5&#8243; up=\u00bb0&#8243; down=\u00bb0&#8243;][\/vc_column][\/vc_row][vc_row css_animation=\u00bb\u00bb row_type=\u00bbrow\u00bb use_row_as_full_screen_section=\u00bbno\u00bb type=\u00bbgrid\u00bb angled_section=\u00bbno\u00bb text_align=\u00bbleft\u00bb background_image_as_pattern=\u00bbwithout_pattern\u00bb z_index=\u00bb\u00bb css=\u00bb.vc_custom_1722956231897{background-color: rgba(0,166,228,0.05) !important;*background-color: rgb(0,166,228) !important;}\u00bb][vc_column width=\u00bb1\/2&#8243;][vc_row_inner row_type=\u00bbrow\u00bb type=\u00bbfull_width\u00bb text_align=\u00bbleft\u00bb css_animation=\u00bb\u00bb css=\u00bb.vc_custom_1722956159954{padding-top: 50px !important;}\u00bb][vc_column_inner][vc_single_image image=\u00bb3316&#8243; img_size=\u00bbfull\u00bb qode_css_animation=\u00bb\u00bb][\/vc_column_inner][\/vc_row_inner][vc_row_inner row_type=\u00bbrow\u00bb type=\u00bbfull_width\u00bb text_align=\u00bbleft\u00bb css_animation=\u00bb\u00bb][vc_column_inner][vc_empty_space height=\u00bb52px\u00bb][\/vc_column_inner][\/vc_row_inner][\/vc_column][vc_column width=\u00bb1\/2&#8243;][vc_row_inner row_type=\u00bbrow\u00bb type=\u00bbfull_width\u00bb text_align=\u00bbleft\u00bb css_animation=\u00bb\u00bb css=\u00bb.vc_custom_1722956176185{padding-top: 50px !important;}\u00bb][vc_column_inner][vc_column_text]<\/p>\n<h2>\u00a1Nuestros traductores profesionales de alem\u00e1n est\u00e1n a su servicio para ayudarle a comunicar su mensaje o documento en Alemania, Austria y Suiza!<\/h2>\n<p>Nuestros 32 traductores alemanes, cuya experiencia abarca una amplia gama de sectores y temas, est\u00e1n preparados para convertir su mensaje en la lengua franca de los pa\u00edses de habla alemana de la regi\u00f3n \u00abDACH\u00bb: D de <em>Deutschland<\/em> (Alemania), A de Austria y CH de <em>Confoederatio Helvetica<\/em> (Suiza).<\/p>\n<h2>Uno de los idiomas m\u00e1s importantes del mundo<\/h2>\n<p>El alem\u00e1n, la lengua materna de casi 100 millones de personas, es uno de los principales idiomas del mundo. El alem\u00e1n es la lengua materna m\u00e1s hablada en la Uni\u00f3n Europea e incluso es la segunda lengua m\u00e1s hablada en toda la regi\u00f3n por quienes la utilizan como segundo idioma. Es una lengua pluric\u00e9ntrica: sus variantes est\u00e1ndar son el alem\u00e1n, el alem\u00e1n est\u00e1ndar austriaco y el alem\u00e1n est\u00e1ndar suizo.[\/vc_column_text][\/vc_column_inner][\/vc_row_inner][vc_empty_space][\/vc_column][\/vc_row][vc_row css_animation=\u00bb\u00bb row_type=\u00bbrow\u00bb use_row_as_full_screen_section=\u00bbno\u00bb type=\u00bbgrid\u00bb angled_section=\u00bbno\u00bb text_align=\u00bbleft\u00bb background_image_as_pattern=\u00bbwithout_pattern\u00bb z_index=\u00bb\u00bb][vc_column][vc_separator type=\u00bbnormal\u00bb color=\u00bb#88cce2&#8243; thickness=\u00bb5&#8243; up=\u00bb0&#8243; down=\u00bb0&#8243;][\/vc_column][\/vc_row][vc_row css_animation=\u00bb\u00bb row_type=\u00bbrow\u00bb use_row_as_full_screen_section=\u00bbno\u00bb type=\u00bbgrid\u00bb angled_section=\u00bbno\u00bb text_align=\u00bbleft\u00bb background_image_as_pattern=\u00bbwithout_pattern\u00bb z_index=\u00bb\u00bb css=\u00bb.vc_custom_1722957023348{padding-top: 50px !important;}\u00bb][vc_column width=\u00bb1\/2&#8243;][vc_row_inner row_type=\u00bbrow\u00bb type=\u00bbfull_width\u00bb text_align=\u00bbleft\u00bb css_animation=\u00bb\u00bb][vc_column_inner][vc_column_text]<\/p>\n<h2>Idioma oficial o cooficial de ocho pa\u00edses europeos<\/h2>\n<p>El alem\u00e1n es el \u00fanico idioma oficial de Alemania, Austria, Liechtenstein y 17 cantones suizos, al igual que el idioma cooficial de Luxemburgo, cuatro cantones suizos, la provincia italiana aut\u00f3noma del Tirol del Sur, la comunidad german\u00f3fona de B\u00e9lgica (como idioma mayoritario) y el voivodato de Opolskie en Polonia.<\/p>\n<p>Existen comunidades minoritarias biling\u00fces de hablantes nativos de alem\u00e1n en muchos pa\u00edses de Europa central y oriental y de Asia central, entre ellos Bosnia y Herzegovina, la Rep\u00fablica Checa, Dinamarca, Hungr\u00eda, Italia, Kazajst\u00e1n, Polonia, Rumania, Rusia, Eslovaquia y Ucrania.<\/p>\n<p>Tambi\u00e9n hay grandes comunidades de hablantes biling\u00fces de lengua materna alemana fuera del continente euroasi\u00e1tico, por ejemplo, en Namibia, Sud\u00e1frica, los Estados Unidos (en las comunidades amish del sudeste de Pensilvania) y el Brasil (en los estados meridionales: R\u00edo Grande del Sur, Santa Catarina, Paran\u00e1, S\u00e3o Paulo y Esp\u00edrito Santo).<\/p>\n<p>[\/vc_column_text][\/vc_column_inner][\/vc_row_inner][\/vc_column][vc_column width=\u00bb1\/2&#8243;][vc_single_image image=\u00bb3317&#8243; img_size=\u00bbfull\u00bb qode_css_animation=\u00bb\u00bb][vc_empty_space height=\u00bb52px\u00bb][\/vc_column][\/vc_row][vc_row css_animation=\u00bb\u00bb row_type=\u00bbrow\u00bb use_row_as_full_screen_section=\u00bbno\u00bb type=\u00bbgrid\u00bb angled_section=\u00bbno\u00bb text_align=\u00bbleft\u00bb background_image_as_pattern=\u00bbwithout_pattern\u00bb z_index=\u00bb\u00bb][vc_column][vc_separator type=\u00bbnormal\u00bb color=\u00bb#88cce2&#8243; thickness=\u00bb5&#8243; up=\u00bb0&#8243; down=\u00bb0&#8243;][\/vc_column][\/vc_row][vc_row css_animation=\u00bb\u00bb row_type=\u00bbrow\u00bb use_row_as_full_screen_section=\u00bbno\u00bb type=\u00bbgrid\u00bb angled_section=\u00bbno\u00bb text_align=\u00bbleft\u00bb background_image_as_pattern=\u00bbwithout_pattern\u00bb z_index=\u00bb\u00bb css=\u00bb.vc_custom_1722956231897{background-color: rgba(0,166,228,0.05) !important;*background-color: rgb(0,166,228) !important;}\u00bb][vc_column width=\u00bb1\/2&#8243;][vc_row_inner row_type=\u00bbrow\u00bb type=\u00bbfull_width\u00bb text_align=\u00bbleft\u00bb css_animation=\u00bb\u00bb css=\u00bb.vc_custom_1722956159954{padding-top: 50px !important;}\u00bb][vc_column_inner][vc_single_image image=\u00bb3318&#8243; img_size=\u00bbfull\u00bb qode_css_animation=\u00bb\u00bb][\/vc_column_inner][\/vc_row_inner][vc_row_inner row_type=\u00bbrow\u00bb type=\u00bbfull_width\u00bb text_align=\u00bbleft\u00bb css_animation=\u00bb\u00bb][vc_column_inner][vc_empty_space height=\u00bb52px\u00bb][\/vc_column_inner][\/vc_row_inner][\/vc_column][vc_column width=\u00bb1\/2&#8243;][vc_row_inner row_type=\u00bbrow\u00bb type=\u00bbfull_width\u00bb text_align=\u00bbleft\u00bb css_animation=\u00bb\u00bb css=\u00bb.vc_custom_1722956176185{padding-top: 50px !important;}\u00bb][vc_column_inner][vc_column_text]<\/p>\n<h2>Elija la variante alemana correcta para su traducci\u00f3n<\/h2>\n<p>Cuando se escribe un comunicado de prensa o un documento para los tres pa\u00edses de la regi\u00f3n DACH, la elecci\u00f3n de la variante alemana es perfectamente aceptable.<\/p>\n<p>Sin embargo, si su mensaje est\u00e1 destinado espec\u00edficamente a Austria o Suiza, es preferible elegir un traductor especializado en la variante correspondiente.<\/p>\n<p>En Austria, por ejemplo, existe una variante est\u00e1ndar; en Suiza, para las comunicaciones formales como los comunicados de prensa y las comunicaciones comerciales, debe utilizarse el alem\u00e1n est\u00e1ndar suizo, mientras que para los materiales de comercializaci\u00f3n y los anuncios destinados al p\u00fablico en general, especialmente si se encuentra en Z\u00farich, Berna o un cant\u00f3n espec\u00edfico, se prefiere el alem\u00e1n suizo, una variante menos formal.<\/p>\n<p>Los expertos en idiomas de Pronto pueden aconsejarle sobre la variante alemana que mejor se adapte a su proyecto o producto.<\/p>\n<p>[\/vc_column_text][\/vc_column_inner][\/vc_row_inner][vc_empty_space][\/vc_column][\/vc_row][vc_row css_animation=\u00bb\u00bb row_type=\u00bbrow\u00bb use_row_as_full_screen_section=\u00bbno\u00bb type=\u00bbgrid\u00bb angled_section=\u00bbno\u00bb text_align=\u00bbleft\u00bb background_image_as_pattern=\u00bbwithout_pattern\u00bb z_index=\u00bb\u00bb][vc_column][vc_separator type=\u00bbnormal\u00bb color=\u00bb#88cce2&#8243; thickness=\u00bb5&#8243; up=\u00bb0&#8243; down=\u00bb0&#8243;][\/vc_column][\/vc_row][vc_row css_animation=\u00bb\u00bb row_type=\u00bbrow\u00bb use_row_as_full_screen_section=\u00bbno\u00bb type=\u00bbfull_width\u00bb angled_section=\u00bbno\u00bb text_align=\u00bbleft\u00bb background_image_as_pattern=\u00bbwithout_pattern\u00bb z_index=\u00bb\u00bb css=\u00bb.vc_custom_1723859898848{padding-top: 30px !important;padding-bottom: 30px !important;}\u00bb][vc_column][vc_row_inner row_type=\u00bbrow\u00bb type=\u00bbgrid\u00bb text_align=\u00bbleft\u00bb css_animation=\u00bb\u00bb][vc_column_inner][vc_column_text css=\u00bb.vc_custom_1728690266412{padding-bottom: 40px !important;}\u00bb]Si tiene alguna pregunta sobre qu\u00e9 variante del alem\u00e1n elegir para su traducci\u00f3n, no dude en ponerse en contacto con uno de nuestros expertos en idiomas.<\/p>\n<p><a href=\"mailto:clientservices@prontotranslations.com\"><strong>P\u00f3ngase en contacto con nosotros<\/strong><\/a> con todas sus necesidades de traducci\u00f3n y localizaci\u00f3n del alem\u00e1n<\/p>\n<p>[\/vc_column_text][\/vc_column_inner][\/vc_row_inner][\/vc_column][\/vc_row][vc_row css_animation=\u00bb\u00bb row_type=\u00bbrow\u00bb use_row_as_full_screen_section=\u00bbno\u00bb type=\u00bbfull_width\u00bb angled_section=\u00bbno\u00bb text_align=\u00bbleft\u00bb background_image_as_pattern=\u00bbwithout_pattern\u00bb z_index=\u00bb\u00bb background_color=\u00bbrgba(0,166,228,0.35)\u00bb][vc_column][vc_row_inner row_type=\u00bbrow\u00bb type=\u00bbgrid\u00bb text_align=\u00bbleft\u00bb css_animation=\u00bb\u00bb css=\u00bb.vc_custom_1712461537481{margin-top: 30px !important;margin-bottom: 30px !important;}\u00bb][vc_column_inner][vc_column_text css=\u00bb.vc_custom_1728689960623{padding-top: 15px !important;padding-right: 10px !important;padding-bottom: 15px !important;padding-left: 10px !important;background-color: #00a5e4 !important;border-radius: 3px !important;}\u00bb]<\/p>\n<p style=\"text-align: center;\"><span style=\"color: #ffffff;\"><a style=\"color: #ffffff;\" href=\"https:\/\/prontotranslations.com\/es\/contacto\/\">Cont\u00e1ctenos para su proyecto de traducci\u00f3n o localizaci\u00f3n al alem\u00e1n<\/a><\/span><\/p>\n<p>[\/vc_column_text][\/vc_column_inner][\/vc_row_inner][\/vc_column][\/vc_row]<\/p>\n<\/div>","protected":false},"excerpt":{"rendered":"<p>[vc_row css_animation=\u00bb\u00bb row_type=\u00bbrow\u00bb use_row_as_full_screen_section=\u00bbno\u00bb type=\u00bbfull_width\u00bb angled_section=\u00bbno\u00bb text_align=\u00bbleft\u00bb background_image_as_pattern=\u00bbwithout_pattern\u00bb z_index=\u00bb\u00bb][vc_column][vc_column_text css=\u00bb.vc_custom_1728689839443{padding-bottom: 30px !important;}\u00bb] Servicios profesionales de traducci\u00f3n al alem\u00e1n [\/vc_column_text][\/vc_column][\/vc_row][vc_row css_animation=\u00bb\u00bb row_type=\u00bbrow\u00bb use_row_as_full_screen_section=\u00bbno\u00bb type=\u00bbgrid\u00bb angled_section=\u00bbno\u00bb text_align=\u00bbleft\u00bb&#8230;<\/p>\n","protected":false},"author":1,"featured_media":0,"parent":3272,"menu_order":9,"comment_status":"closed","ping_status":"closed","template":"full_width.php","meta":{"footnotes":""},"class_list":["post-3314","page","type-page","status-publish","hentry"],"_links":{"self":[{"href":"https:\/\/prontotranslations.com\/es\/wp-json\/wp\/v2\/pages\/3314","targetHints":{"allow":["GET"]}}],"collection":[{"href":"https:\/\/prontotranslations.com\/es\/wp-json\/wp\/v2\/pages"}],"about":[{"href":"https:\/\/prontotranslations.com\/es\/wp-json\/wp\/v2\/types\/page"}],"author":[{"embeddable":true,"href":"https:\/\/prontotranslations.com\/es\/wp-json\/wp\/v2\/users\/1"}],"replies":[{"embeddable":true,"href":"https:\/\/prontotranslations.com\/es\/wp-json\/wp\/v2\/comments?post=3314"}],"version-history":[{"count":5,"href":"https:\/\/prontotranslations.com\/es\/wp-json\/wp\/v2\/pages\/3314\/revisions"}],"predecessor-version":[{"id":3324,"href":"https:\/\/prontotranslations.com\/es\/wp-json\/wp\/v2\/pages\/3314\/revisions\/3324"}],"up":[{"embeddable":true,"href":"https:\/\/prontotranslations.com\/es\/wp-json\/wp\/v2\/pages\/3272"}],"wp:attachment":[{"href":"https:\/\/prontotranslations.com\/es\/wp-json\/wp\/v2\/media?parent=3314"}],"curies":[{"name":"wp","href":"https:\/\/api.w.org\/{rel}","templated":true}]}}