{"id":3356,"date":"2024-08-31T17:32:18","date_gmt":"2024-08-31T17:32:18","guid":{"rendered":"https:\/\/aw-web.com\/pronto2\/?page_id=3356"},"modified":"2025-01-20T03:45:04","modified_gmt":"2025-01-20T03:45:04","slug":"servicios-de-traduccion-al-coreano","status":"publish","type":"page","link":"https:\/\/prontotranslations.com\/es\/idiomas\/servicios-de-traduccion-al-coreano\/","title":{"rendered":"Coreano"},"content":{"rendered":"<div class=\"wpb-content-wrapper\"><p>[vc_row css_animation=\u00bb\u00bb row_type=\u00bbrow\u00bb use_row_as_full_screen_section=\u00bbno\u00bb type=\u00bbfull_width\u00bb angled_section=\u00bbno\u00bb text_align=\u00bbleft\u00bb background_image_as_pattern=\u00bbwithout_pattern\u00bb z_index=\u00bb\u00bb][vc_column][vc_column_text css=\u00bb.vc_custom_1728697683393{padding-bottom: 30px !important;}\u00bb]<\/p>\n<h1 style=\"text-align: center;\">Servicios profesionales de traducci\u00f3n al coreano<\/h1>\n<p>[\/vc_column_text][\/vc_column][\/vc_row][vc_row css_animation=\u00bb\u00bb row_type=\u00bbrow\u00bb use_row_as_full_screen_section=\u00bbno\u00bb type=\u00bbgrid\u00bb angled_section=\u00bbno\u00bb text_align=\u00bbleft\u00bb background_image_as_pattern=\u00bbwithout_pattern\u00bb z_index=\u00bb\u00bb css=\u00bb.vc_custom_1719198241526{padding-top: 50px !important;padding-right: 10% !important;padding-left: 10% !important;}\u00bb][vc_column width=\u00bb1\/2&#8243; css=\u00bb.vc_custom_1712629369530{padding-right: 10% !important;padding-left: 10% !important;}\u00bb][vc_row_inner row_type=\u00bbrow\u00bb type=\u00bbfull_width\u00bb text_align=\u00bbcenter\u00bb css_animation=\u00bb\u00bb css=\u00bb.vc_custom_1722784476757{padding-top: 20px !important;}\u00bb][vc_column_inner][vc_column_text css=\u00bb.vc_custom_1728697730994{padding-bottom: 50px !important;}\u00bb]<\/p>\n<p style=\"text-align: center;\"><strong>\u00a1Deje que el experimentado equipo de traductores de Pronto, con sede en Se\u00fal, atienda a sus necesidades de traducci\u00f3n al coreano!<\/strong><\/p>\n<ul>\n<li style=\"text-align: left;\">Traducci\u00f3n del alem\u00e1n al coreano<\/li>\n<li style=\"text-align: left;\">Traducci\u00f3n del chino al coreano<\/li>\n<li style=\"text-align: left;\">Traducci\u00f3n del espa\u00f1ol al coreano<\/li>\n<li style=\"text-align: left;\">Traducci\u00f3n del franc\u00e9s al coreano<\/li>\n<li style=\"text-align: left;\">Traducci\u00f3n del ingl\u00e9s al coreano<\/li>\n<li style=\"text-align: left;\">Traducci\u00f3n del japon\u00e9s al coreano<\/li>\n<li style=\"text-align: left;\">Traducci\u00f3n del tailand\u00e9s al coreano<\/li>\n<\/ul>\n<p>[\/vc_column_text][vc_column_text css=\u00bb.vc_custom_1728697812933{padding-top: 10px !important;padding-bottom: 10px !important;background-color: #00a6e4 !important;border-radius: 3px !important;}\u00bb]<\/p>\n<p style=\"text-align: center;\"><a href=\"https:\/\/prontotranslations.com\/es\/contacto\/\"><span style=\"color: #ffffff;\">Cont\u00e1ctenos para su proyecto de traducci\u00f3n o localizaci\u00f3n al coreano<\/span><\/a><\/p>\n<p>[\/vc_column_text][vc_empty_space height=\u00bb52px\u00bb][\/vc_column_inner][\/vc_row_inner][\/vc_column][vc_column width=\u00bb1\/2&#8243;][vc_single_image image=\u00bb3357&#8243; img_size=\u00bbfull\u00bb alignment=\u00bbcenter\u00bb qode_css_animation=\u00bb\u00bb css=\u00bb.vc_custom_1725126217285{padding-bottom: 30px !important;}\u00bb][vc_empty_space][\/vc_column][\/vc_row][vc_row css_animation=\u00bb\u00bb row_type=\u00bbrow\u00bb use_row_as_full_screen_section=\u00bbno\u00bb type=\u00bbgrid\u00bb angled_section=\u00bbno\u00bb text_align=\u00bbleft\u00bb background_image_as_pattern=\u00bbwithout_pattern\u00bb z_index=\u00bb\u00bb][vc_column][vc_separator type=\u00bbnormal\u00bb color=\u00bb#88cce2&#8243; thickness=\u00bb5&#8243; up=\u00bb0&#8243; down=\u00bb0&#8243;][\/vc_column][\/vc_row][vc_row css_animation=\u00bb\u00bb row_type=\u00bbrow\u00bb use_row_as_full_screen_section=\u00bbno\u00bb type=\u00bbgrid\u00bb angled_section=\u00bbno\u00bb text_align=\u00bbleft\u00bb background_image_as_pattern=\u00bbwithout_pattern\u00bb z_index=\u00bb\u00bb css=\u00bb.vc_custom_1723776591306{background-color: rgba(0,166,228,0.05) !important;*background-color: rgb(0,166,228) !important;}\u00bb][vc_column width=\u00bb1\/2&#8243;][vc_row_inner row_type=\u00bbrow\u00bb type=\u00bbfull_width\u00bb text_align=\u00bbleft\u00bb css_animation=\u00bb\u00bb css=\u00bb.vc_custom_1722956159954{padding-top: 50px !important;}\u00bb][vc_column_inner][vc_single_image image=\u00bb3358&#8243; img_size=\u00bbfull\u00bb qode_css_animation=\u00bb\u00bb][\/vc_column_inner][\/vc_row_inner][vc_row_inner row_type=\u00bbrow\u00bb type=\u00bbfull_width\u00bb text_align=\u00bbleft\u00bb css_animation=\u00bb\u00bb][vc_column_inner][vc_empty_space][\/vc_column_inner][\/vc_row_inner][\/vc_column][vc_column width=\u00bb1\/2&#8243;][vc_row_inner row_type=\u00bbrow\u00bb type=\u00bbfull_width\u00bb text_align=\u00bbleft\u00bb css_animation=\u00bb\u00bb css=\u00bb.vc_custom_1722956176185{padding-top: 50px !important;}\u00bb][vc_column_inner][vc_column_text]<\/p>\n<h2>Un mercado en expansi\u00f3n de importancia crucial para cualquier empresa que haga negocios en Asia<\/h2>\n<p>El idioma coreano, llamado <em>hanguko<\/em> (\ud55c\uad6d\uc5b4), es hablado por m\u00e1s de 85 millones de personas en todo el mundo y es el idioma oficial y nacional de Corea del Norte y del Sur.<\/p>\n<p>Su \u00fanico alfabeto, <em>hangeul<\/em> (\ud55c\uae00), fue creado por el Rey Sejong el Grande en 1443, pero no fue hasta finales del decenio de 1980 cuando se declar\u00f3 sistema oficial de escritura en todas las esferas, incluido el sector p\u00fablico.<\/p>\n<p>Cabe destacar, adem\u00e1s, que el coreano es hablado por m\u00e1s de 3 millones de personas en Am\u00e9rica del Norte, muchas de las cuales son inmigrantes que se han convertido en ciudadanos de los Estados Unidos y Canad\u00e1, a los que se suman otros residentes temporales que vienen a esos dos pa\u00edses para trabajar o estudiar.<\/p>\n<p>Est\u00e1 oficialmente reconocida como una lengua minoritaria en China, donde es la cuarta lengua m\u00e1s hablada.<\/p>\n<p>Los estudiantes y empresarios coreanos est\u00e1n repartidos por Australia, Europa y Am\u00e9rica Latina, y tienen una fuerte presencia en el Reino Unido y Brasil, pero siguen hablando en coreano con sus colegas y amigos.<\/p>\n<p>Como resultado de los esfuerzos por revivir el idioma entre los descendientes de coreanos que emigraron a Rusia y a la Uni\u00f3n Sovi\u00e9tica a finales del siglo XIX y principios del XX, el idioma tambi\u00e9n se habla en partes de la regi\u00f3n de Sajal\u00edn, Rusia y Asia Central, incluyendo Uzbekist\u00e1n y Kazajst\u00e1n. En Corea, el \u00f3rgano rector del idioma es el Instituto Nacional del Idioma Coreano (\uad6d\ub9bd\uad6d\uc5b4\uc6d0).<\/p>\n<p>[\/vc_column_text][vc_empty_space height=\u00bb42px\u00bb][\/vc_column_inner][\/vc_row_inner][\/vc_column][\/vc_row][vc_row css_animation=\u00bb\u00bb row_type=\u00bbrow\u00bb use_row_as_full_screen_section=\u00bbno\u00bb type=\u00bbgrid\u00bb angled_section=\u00bbno\u00bb text_align=\u00bbleft\u00bb background_image_as_pattern=\u00bbwithout_pattern\u00bb z_index=\u00bb\u00bb][vc_column][vc_separator type=\u00bbnormal\u00bb color=\u00bb#88cce2&#8243; thickness=\u00bb5&#8243; up=\u00bb0&#8243; down=\u00bb0&#8243;][\/vc_column][\/vc_row][vc_row css_animation=\u00bb\u00bb row_type=\u00bbrow\u00bb use_row_as_full_screen_section=\u00bbno\u00bb type=\u00bbgrid\u00bb angled_section=\u00bbno\u00bb text_align=\u00bbleft\u00bb background_image_as_pattern=\u00bbwithout_pattern\u00bb z_index=\u00bb\u00bb css=\u00bb.vc_custom_1722957023348{padding-top: 50px !important;}\u00bb][vc_column width=\u00bb1\/2&#8243;][vc_row_inner row_type=\u00bbrow\u00bb type=\u00bbfull_width\u00bb text_align=\u00bbleft\u00bb css_animation=\u00bb\u00bb][vc_column_inner][vc_column_text]<\/p>\n<h2>Un idioma que presenta un conjunto \u00fanico de retos para la traducci\u00f3n<\/h2>\n<p>La traducci\u00f3n al coreano presenta m\u00e1s dificultades que la mayor\u00eda del resto de idiomas, porque el coreano es un idioma aislado, es decir, no est\u00e1 relacionado con ninguna otra lengua viva. La traducci\u00f3n del japon\u00e9s o del chino ya plantea algunos obst\u00e1culos. Sin embargo, cuando un traductor traslada un idioma occidental al coreano, se encuentra con una multitud de escollos que no son habituales en otros pares de idiomas.<\/p>\n<p>Pronto Translations tiene un equipo de traductores coreanos que viven en Se\u00fal y que tienen a\u00f1os de experiencia en sus pares de idiomas. Esto garantiza una traducci\u00f3n que se ver\u00e1 como un texto escrito directamente en coreano.<\/p>\n<h2>Traducci\u00f3n de contratos legales<\/h2>\n<p>La traducci\u00f3n de los contratos jur\u00eddicos requiere un alto nivel de conocimientos y experiencia en campos espec\u00edficos, dado que un contrato contiene cl\u00e1usulas muy estrictas sobre los derechos y deberes de las partes involucradas. Es probable que en ese documento se utilice no solo terminolog\u00eda jur\u00eddica, sino tambi\u00e9n comercial, t\u00e9cnica y espec\u00edfica de la industria que, si se traduce mal, puede desviarse del significado original y confundir a las partes en el contrato.<\/p>\n<p>Factores como el contenido del acuerdo y la posible participaci\u00f3n de las partes sujetas a la jurisdicci\u00f3n coreana pueden ocasionar complicaciones adicionales dadas las diferencias que existen entre los sistemas jur\u00eddicos coreano y del extranjero.<\/p>\n<p>Algunas abreviaturas, como el ingl\u00e9s \u00aba.k.a.\u00bb (significa \u00abtambi\u00e9n conocido como\u00bb), \u00abd\/b\/a\u00bb (significa \u00abhacer negocios como\u00bb) son dif\u00edciles de trasladar en dichas traducciones.<\/p>\n<p>Solo un traductor cualificado, especializado en traducci\u00f3n de contratos, puede realizar esa tarea correctamente.<\/p>\n<p>[\/vc_column_text][vc_empty_space height=\u00bb42px\u00bb][\/vc_column_inner][\/vc_row_inner][\/vc_column][vc_column width=\u00bb1\/2&#8243;][vc_single_image image=\u00bb3359&#8243; img_size=\u00bbfull\u00bb qode_css_animation=\u00bb\u00bb][vc_empty_space height=\u00bb52px\u00bb][\/vc_column][\/vc_row][vc_row css_animation=\u00bb\u00bb row_type=\u00bbrow\u00bb use_row_as_full_screen_section=\u00bbno\u00bb type=\u00bbgrid\u00bb angled_section=\u00bbno\u00bb text_align=\u00bbleft\u00bb background_image_as_pattern=\u00bbwithout_pattern\u00bb z_index=\u00bb\u00bb][vc_column][vc_separator type=\u00bbnormal\u00bb color=\u00bb#88cce2&#8243; thickness=\u00bb5&#8243; up=\u00bb0&#8243; down=\u00bb0&#8243;][\/vc_column][\/vc_row][vc_row css_animation=\u00bb\u00bb row_type=\u00bbrow\u00bb use_row_as_full_screen_section=\u00bbno\u00bb type=\u00bbfull_width\u00bb angled_section=\u00bbno\u00bb text_align=\u00bbleft\u00bb background_image_as_pattern=\u00bbwithout_pattern\u00bb z_index=\u00bb\u00bb css=\u00bb.vc_custom_1725126918568{padding-top: 50px !important;padding-bottom: 30px !important;background-color: rgba(0,166,228,0.05) !important;*background-color: rgb(0,166,228) !important;}\u00bb][vc_column][vc_row_inner row_type=\u00bbrow\u00bb type=\u00bbgrid\u00bb text_align=\u00bbleft\u00bb css_animation=\u00bb\u00bb][vc_column_inner][vc_column_text css=\u00bb.vc_custom_1728698043406{padding-top: 30px !important;padding-bottom: 40px !important;}\u00bb]<strong>\u00a1Deje que nuestro equipo de traductores cualificados se ocupe de sus necesidades de traducci\u00f3n al coreano!<\/strong><\/p>\n<p>No dude en ponerse\u00a0<strong><a href=\"mailto:clientservices@prontotranslations.com\">en contacto con nosotros<\/a><\/strong>\u00a0para hablar de su proyecto de traducci\u00f3n y localizaci\u00f3n al coreano.[\/vc_column_text][\/vc_column_inner][\/vc_row_inner][\/vc_column][\/vc_row][vc_row css_animation=\u00bb\u00bb row_type=\u00bbrow\u00bb use_row_as_full_screen_section=\u00bbno\u00bb type=\u00bbfull_width\u00bb angled_section=\u00bbno\u00bb text_align=\u00bbleft\u00bb background_image_as_pattern=\u00bbwithout_pattern\u00bb z_index=\u00bb\u00bb background_color=\u00bbrgba(0,166,228,0.35)\u00bb][vc_column][vc_row_inner row_type=\u00bbrow\u00bb type=\u00bbgrid\u00bb text_align=\u00bbleft\u00bb css_animation=\u00bb\u00bb css=\u00bb.vc_custom_1712461537481{margin-top: 30px !important;margin-bottom: 30px !important;}\u00bb][vc_column_inner][vc_column_text css=\u00bb.vc_custom_1728697791601{padding-top: 15px !important;padding-right: 10px !important;padding-bottom: 15px !important;padding-left: 10px !important;background-color: #00a5e4 !important;border-radius: 3px !important;}\u00bb]<\/p>\n<p style=\"text-align: center;\"><span style=\"color: #ffffff;\"><a style=\"color: #ffffff;\" href=\"https:\/\/prontotranslations.com\/es\/contacto\/\">Cont\u00e1ctenos para su proyecto de traducci\u00f3n o localizaci\u00f3n al coreano<\/a><\/span><\/p>\n<p>[\/vc_column_text][\/vc_column_inner][\/vc_row_inner][\/vc_column][\/vc_row]<\/p>\n<\/div>","protected":false},"excerpt":{"rendered":"<p>[vc_row css_animation=\u00bb\u00bb row_type=\u00bbrow\u00bb use_row_as_full_screen_section=\u00bbno\u00bb type=\u00bbfull_width\u00bb angled_section=\u00bbno\u00bb text_align=\u00bbleft\u00bb background_image_as_pattern=\u00bbwithout_pattern\u00bb z_index=\u00bb\u00bb][vc_column][vc_column_text css=\u00bb.vc_custom_1728697683393{padding-bottom: 30px !important;}\u00bb] Servicios profesionales de traducci\u00f3n al coreano [\/vc_column_text][\/vc_column][\/vc_row][vc_row css_animation=\u00bb\u00bb row_type=\u00bbrow\u00bb use_row_as_full_screen_section=\u00bbno\u00bb type=\u00bbgrid\u00bb angled_section=\u00bbno\u00bb text_align=\u00bbleft\u00bb&#8230;<\/p>\n","protected":false},"author":1,"featured_media":0,"parent":3272,"menu_order":17,"comment_status":"closed","ping_status":"closed","template":"full_width.php","meta":{"footnotes":""},"class_list":["post-3356","page","type-page","status-publish","hentry"],"_links":{"self":[{"href":"https:\/\/prontotranslations.com\/es\/wp-json\/wp\/v2\/pages\/3356","targetHints":{"allow":["GET"]}}],"collection":[{"href":"https:\/\/prontotranslations.com\/es\/wp-json\/wp\/v2\/pages"}],"about":[{"href":"https:\/\/prontotranslations.com\/es\/wp-json\/wp\/v2\/types\/page"}],"author":[{"embeddable":true,"href":"https:\/\/prontotranslations.com\/es\/wp-json\/wp\/v2\/users\/1"}],"replies":[{"embeddable":true,"href":"https:\/\/prontotranslations.com\/es\/wp-json\/wp\/v2\/comments?post=3356"}],"version-history":[{"count":5,"href":"https:\/\/prontotranslations.com\/es\/wp-json\/wp\/v2\/pages\/3356\/revisions"}],"predecessor-version":[{"id":3365,"href":"https:\/\/prontotranslations.com\/es\/wp-json\/wp\/v2\/pages\/3356\/revisions\/3365"}],"up":[{"embeddable":true,"href":"https:\/\/prontotranslations.com\/es\/wp-json\/wp\/v2\/pages\/3272"}],"wp:attachment":[{"href":"https:\/\/prontotranslations.com\/es\/wp-json\/wp\/v2\/media?parent=3356"}],"curies":[{"name":"wp","href":"https:\/\/api.w.org\/{rel}","templated":true}]}}