{"id":3381,"date":"2024-08-18T17:39:16","date_gmt":"2024-08-18T17:39:16","guid":{"rendered":"https:\/\/aw-web.com\/pronto2\/?page_id=3381"},"modified":"2025-01-20T03:48:34","modified_gmt":"2025-01-20T03:48:34","slug":"servicios-de-traduccion-al-hausa","status":"publish","type":"page","link":"https:\/\/prontotranslations.com\/es\/idiomas\/servicios-de-traduccion-al-hausa\/","title":{"rendered":"Hausa"},"content":{"rendered":"<div class=\"wpb-content-wrapper\"><p>[vc_row css_animation=\u00bb\u00bb row_type=\u00bbrow\u00bb use_row_as_full_screen_section=\u00bbno\u00bb type=\u00bbfull_width\u00bb angled_section=\u00bbno\u00bb text_align=\u00bbleft\u00bb background_image_as_pattern=\u00bbwithout_pattern\u00bb z_index=\u00bb\u00bb][vc_column][vc_column_text css=\u00bb.vc_custom_1728700399208{padding-bottom: 30px !important;}\u00bb]<\/p>\n<h1 style=\"text-align: center;\">Servicios profesionales de traducci\u00f3n en hausa<\/h1>\n<p>[\/vc_column_text][\/vc_column][\/vc_row][vc_row css_animation=\u00bb\u00bb row_type=\u00bbrow\u00bb use_row_as_full_screen_section=\u00bbno\u00bb type=\u00bbgrid\u00bb angled_section=\u00bbno\u00bb text_align=\u00bbleft\u00bb background_image_as_pattern=\u00bbwithout_pattern\u00bb z_index=\u00bb\u00bb css=\u00bb.vc_custom_1719198241526{padding-top: 50px !important;padding-right: 10% !important;padding-left: 10% !important;}\u00bb][vc_column width=\u00bb1\/2&#8243; css=\u00bb.vc_custom_1712629369530{padding-right: 10% !important;padding-left: 10% !important;}\u00bb][vc_row_inner row_type=\u00bbrow\u00bb type=\u00bbfull_width\u00bb text_align=\u00bbcenter\u00bb css_animation=\u00bb\u00bb css=\u00bb.vc_custom_1722784476757{padding-top: 20px !important;}\u00bb][vc_column_inner][vc_column_text css=\u00bb.vc_custom_1728701059162{padding-bottom: 30px !important;}\u00bb]<\/p>\n<p style=\"text-align: center;\"><strong>Nuestro equipo de expertos en el idioma hausa puede dar vida a su documento en <\/strong><strong>ese<\/strong> <strong>idioma<\/strong>\u00a0<strong>tal como se habla y escribe hoy en d\u00eda.<\/strong><\/p>\n<ul>\n<li style=\"text-align: left;\">Traducci\u00f3n del franc\u00e9s al hausa<\/li>\n<li style=\"text-align: left;\">Traducci\u00f3n del ingl\u00e9s al hausa<\/li>\n<li style=\"text-align: left;\">Traducci\u00f3n del espa\u00f1ol al hausa<\/li>\n<\/ul>\n<p>&nbsp;<\/p>\n<p style=\"text-align: left;\">Nuestros traductores altamente cualificados en hausa son todos graduados de la prestigiosa Universidad Ahmadu Bello de Nigeria y pueden manejar perfectamente las traducciones de ingl\u00e9s, franc\u00e9s y espa\u00f1ol al hausa. Est\u00e1n bien capacitados en ingl\u00e9s, franc\u00e9s, espa\u00f1ol y hausa y tienen un profundo conocimiento y familiaridad con la terminolog\u00eda t\u00e9cnica, m\u00e9dica y jur\u00eddica que a menudo se requiere hoy en d\u00eda para cualquier proyecto de traducci\u00f3n.<\/p>\n<p>[\/vc_column_text][vc_column_text css=\u00bb.vc_custom_1728700553676{padding-top: 10px !important;padding-bottom: 10px !important;background-color: #00a6e4 !important;border-radius: 3px !important;}\u00bb]<\/p>\n<p style=\"text-align: center;\"><a href=\"https:\/\/prontotranslations.com\/es\/contacto\/\"><span style=\"color: #ffffff;\">Cont\u00e1ctenos para su proyecto de traducci\u00f3n o localizaci\u00f3n en hausa<\/span><\/a><\/p>\n<p>[\/vc_column_text][vc_empty_space][\/vc_column_inner][\/vc_row_inner][\/vc_column][vc_column width=\u00bb1\/2&#8243;][vc_single_image image=\u00bb3382&#8243; img_size=\u00bbfull\u00bb alignment=\u00bbcenter\u00bb qode_css_animation=\u00bb\u00bb css=\u00bb.vc_custom_1724003093497{padding-bottom: 30px !important;}\u00bb][vc_empty_space][\/vc_column][\/vc_row][vc_row css_animation=\u00bb\u00bb row_type=\u00bbrow\u00bb use_row_as_full_screen_section=\u00bbno\u00bb type=\u00bbgrid\u00bb angled_section=\u00bbno\u00bb text_align=\u00bbleft\u00bb background_image_as_pattern=\u00bbwithout_pattern\u00bb z_index=\u00bb\u00bb][vc_column][vc_separator type=\u00bbnormal\u00bb color=\u00bb#88cce2&#8243; thickness=\u00bb5&#8243; up=\u00bb0&#8243; down=\u00bb0&#8243;][\/vc_column][\/vc_row][vc_row css_animation=\u00bb\u00bb row_type=\u00bbrow\u00bb use_row_as_full_screen_section=\u00bbno\u00bb type=\u00bbfull_width\u00bb angled_section=\u00bbno\u00bb text_align=\u00bbleft\u00bb background_image_as_pattern=\u00bbwithout_pattern\u00bb z_index=\u00bb\u00bb css=\u00bb.vc_custom_1724001577560{padding-top: 50px !important;padding-bottom: 50px !important;background-color: rgba(0,166,228,0.05) !important;*background-color: rgb(0,166,228) !important;}\u00bb][vc_column][vc_row_inner row_type=\u00bbrow\u00bb type=\u00bbgrid\u00bb text_align=\u00bbleft\u00bb css_animation=\u00bb\u00bb][vc_column_inner width=\u00bb1\/2&#8243;][vc_single_image image=\u00bb3386&#8243; img_size=\u00bbfull\u00bb qode_css_animation=\u00bb\u00bb][vc_empty_space height=\u00bb22px\u00bb][\/vc_column_inner][vc_column_inner width=\u00bb1\/2&#8243;][vc_column_text]<\/p>\n<h2>El segundo idioma africano m\u00e1s hablado del continente<\/h2>\n<p>El hausa (\u0647\u064e\u0648\u0652\u0633\u064e) (o jausa), es un idioma chadiano con unos 45 millones de hablantes nativos y 25 millones de hablantes no nativos (y en aumento), que se emplea principalmente en el norte de Nigeria, el Chad y el N\u00edger. Sud\u00e1n tambi\u00e9n alberga una gran comunidad de hablantes de hausa, que se remonta a la \u00e9poca en que el norte de Nigeria era un protectorado brit\u00e1nico, de 1900 a 1914. Grandes minor\u00edas residen en Ghana, Sud\u00e1n y Camer\u00fan. El hausa se utiliza tambi\u00e9n como idioma comercial en una parte mucho mayor del \u00c1frica occidental, que se extiende desde Ben\u00edn hasta Burkina Faso, Camer\u00fan, la Rep\u00fablica Centroafricana, el Congo, Eritrea y Togo.<\/p>\n<p>Teniendo en cuenta todos los idiomas (colonial e ind\u00edgena), el hausa es el sexto idioma m\u00e1s hablado del continente, detr\u00e1s del \u00e1rabe, el franc\u00e9s, el ingl\u00e9s, el portugu\u00e9s y el suajili.<\/p>\n<p>Este idioma se utiliza en el comercio, el gobierno y los medios de comunicaci\u00f3n. Si bien la ense\u00f1anza superior en Nigeria septentrional se imparte generalmente en ingl\u00e9s, la instrucci\u00f3n en las escuelas primarias de la regi\u00f3n se realiza en hausa. Adem\u00e1s de la creciente literatura, <em>Aminaya<\/em>,<em> Gaskiya Ta Fi Kwabo<\/em>, (La verdad vale m\u00e1s que un kobo<sup>1<\/sup>) y <em>Leadership A Yau<\/em> son los principales peri\u00f3dicos entre los que se publican en este idioma.[\/vc_column_text][\/vc_column_inner][\/vc_row_inner][vc_row_inner row_type=\u00bbrow\u00bb type=\u00bbgrid\u00bb text_align=\u00bbleft\u00bb css_animation=\u00bb\u00bb][vc_column_inner][vc_column_text]El hausa es la lengua franca entre las comunidades musulmanas de \u00c1frica occidental, y todas las grandes ciudades de la regi\u00f3n tienen una importante comunidad hausa. Muchos musulmanes de regiones no pertenecientes a la comunidad hausa tienen un conocimiento pr\u00e1ctico del idioma.<\/p>\n<ol>\n<li>El kobo es la unidad monetaria m\u00e1s peque\u00f1a de Nigeria. 100 kobo es igual a un naira.<\/li>\n<\/ol>\n<p>[\/vc_column_text][\/vc_column_inner][\/vc_row_inner][\/vc_column][\/vc_row][vc_row css_animation=\u00bb\u00bb row_type=\u00bbrow\u00bb use_row_as_full_screen_section=\u00bbno\u00bb type=\u00bbgrid\u00bb angled_section=\u00bbno\u00bb text_align=\u00bbleft\u00bb background_image_as_pattern=\u00bbwithout_pattern\u00bb z_index=\u00bb\u00bb][vc_column][vc_separator type=\u00bbnormal\u00bb color=\u00bb#88cce2&#8243; thickness=\u00bb5&#8243; up=\u00bb0&#8243; down=\u00bb0&#8243;][\/vc_column][\/vc_row][vc_row css_animation=\u00bb\u00bb row_type=\u00bbrow\u00bb use_row_as_full_screen_section=\u00bbno\u00bb type=\u00bbfull_width\u00bb angled_section=\u00bbno\u00bb text_align=\u00bbleft\u00bb background_image_as_pattern=\u00bbwithout_pattern\u00bb z_index=\u00bb\u00bb css=\u00bb.vc_custom_1718512349787{padding-top: 50px !important;padding-bottom: 30px !important;}\u00bb][vc_column][vc_row_inner row_type=\u00bbrow\u00bb type=\u00bbgrid\u00bb text_align=\u00bbleft\u00bb css_animation=\u00bb\u00bb][vc_column_inner width=\u00bb1\/2&#8243;][vc_column_text css=\u00bb.vc_custom_1728700742552{padding-bottom: 30px !important;}\u00bb]<\/p>\n<h2>El hausa est\u00e1ndar<\/h2>\n<p>El hausa est\u00e1ndar se basa en el dialecto de Kano, la ciudad m\u00e1s grande e importante de la regi\u00f3n nigeriana donde se habla el idioma. La variante es la que se utiliza en la radio y la televisi\u00f3n nigerianas. Las principales emisoras de onda corta del mundo, BBC, Radio Internacional de China, Deutsche Welle, Servicio Mundial de la IRIB (Ir\u00e1n), Radio Francia Internacional, la Voz de Am\u00e9rica y la Voz de Rusia emiten en hausa est\u00e1ndar en Nigeria y el N\u00edger, as\u00ed como en toda el \u00c1frica occidental. Kannywood, la industria cinematogr\u00e1fica hausa de Nigeria, es la respuesta del pa\u00eds a Hollywood. El hausa est\u00e1 reconocido como idioma nacional ind\u00edgena en las constituciones de Nigeria y el N\u00edger.<\/p>\n<h2>Un idioma muy uniforme, a pesar de la multitud de dialectos<\/h2>\n<p>Los dialectos hausa pueden clasificarse en tres grupos distintos:<\/p>\n<ul>\n<li>los dialectos tradicionales de Nigeria septentrional y del N\u00edger meridional;<\/li>\n<li>los dialectos del centro y oeste de N\u00edger;<\/li>\n<li>el dialecto ghan\u00e9s que se habla en Ghana, Togo y la parte occidental de Costa de Marfil.<\/li>\n<\/ul>\n<p>En todas las regiones en las que se habla el hausa, el idioma es notablemente uniforme en su pronunciaci\u00f3n, vocabulario y estructura. Las variedades de hausa se consideran tan inteligibles entre s\u00ed como las variedades inglesas. Bas\u00e1ndose en el bajo nivel de variaci\u00f3n entre los dialectos y la relativa similitud del hausa dondequiera que se hable, los expertos ling\u00fcistas han determinado que el idioma se ha difundido con bastante rapidez y bastante recientemente. Esta es la \u00fanica manera en que pudo haber cubierto una zona tan amplia con un n\u00famero tan grande de hablantes y al mismo tiempo mantenerse tan uniforme.[\/vc_column_text][\/vc_column_inner][vc_column_inner width=\u00bb1\/2&#8243;][vc_single_image image=\u00bb3384&#8243; img_size=\u00bbfull\u00bb qode_css_animation=\u00bb\u00bb][vc_empty_space height=\u00bb12px\u00bb][\/vc_column_inner][\/vc_row_inner][\/vc_column][\/vc_row][vc_row css_animation=\u00bb\u00bb row_type=\u00bbrow\u00bb use_row_as_full_screen_section=\u00bbno\u00bb type=\u00bbgrid\u00bb angled_section=\u00bbno\u00bb text_align=\u00bbleft\u00bb background_image_as_pattern=\u00bbwithout_pattern\u00bb z_index=\u00bb\u00bb][vc_column][vc_separator type=\u00bbnormal\u00bb color=\u00bb#88cce2&#8243; thickness=\u00bb5&#8243; up=\u00bb0&#8243; down=\u00bb0&#8243;][\/vc_column][\/vc_row][vc_row css_animation=\u00bb\u00bb row_type=\u00bbrow\u00bb use_row_as_full_screen_section=\u00bbno\u00bb type=\u00bbfull_width\u00bb angled_section=\u00bbno\u00bb text_align=\u00bbleft\u00bb background_image_as_pattern=\u00bbwithout_pattern\u00bb z_index=\u00bb\u00bb css=\u00bb.vc_custom_1724001577560{padding-top: 50px !important;padding-bottom: 50px !important;background-color: rgba(0,166,228,0.05) !important;*background-color: rgb(0,166,228) !important;}\u00bb][vc_column][vc_row_inner row_type=\u00bbrow\u00bb type=\u00bbgrid\u00bb text_align=\u00bbleft\u00bb css_animation=\u00bb\u00bb][vc_column_inner width=\u00bb1\/2&#8243;][vc_single_image image=\u00bb3385&#8243; img_size=\u00bbfull\u00bb qode_css_animation=\u00bb\u00bb][vc_empty_space height=\u00bb22px\u00bb][\/vc_column_inner][vc_column_inner width=\u00bb1\/2&#8243;][vc_column_text css=\u00bb.vc_custom_1728701092878{padding-bottom: px !important;}\u00bb]<\/p>\n<h2>Dos sistemas de escritura<\/h2>\n<p>El idioma hausa fue escrito con una versi\u00f3n adaptada de la escritura \u00e1rabe llamada \u00ab\u02bfajami\u00bb desde principios del siglo XVII, ya que la mayor\u00eda de las letras iniciales en hausa eran de poes\u00eda isl\u00e1mica o religiosa. La escritura \u02bfajami se sigue utilizando hoy en d\u00eda, principalmente para la poes\u00eda. Dado que no se ha establecido un sistema ortogr\u00e1fico est\u00e1ndar para el hausa escrito en \u00e1rabe, existen variaciones en la ortograf\u00eda entre los diferentes escritores.<\/p>\n<p>A partir de 1912, la lengua hausa comenz\u00f3 a escribirse seg\u00fan una ortograf\u00eda estandarizada llamada <em>boko<\/em>. El sistema de escritura se basa en el alfabeto latino, con algunas letras modificadas para representar consonantes glotalizadas. La ortograf\u00eda basada en el lat\u00edn se adopta ahora en los peri\u00f3dicos, los libros, la educaci\u00f3n y los medios de comunicaci\u00f3n en general. Existen algunas diferencias entre el <em>boko<\/em> utilizado en Nigeria y N\u00edger debido a las diferentes convenciones de ortograf\u00eda entre el ingl\u00e9s y el franc\u00e9s.<\/p>\n<p>Con la excepci\u00f3n de los textos religiosos, cualquier traducci\u00f3n al hausa de hoy en d\u00eda adoptar\u00eda el <em>boko<\/em> basado en el alfabeto latino.[\/vc_column_text][\/vc_column_inner][\/vc_row_inner][vc_row_inner row_type=\u00bbrow\u00bb type=\u00bbgrid\u00bb text_align=\u00bbleft\u00bb css_animation=\u00bb\u00bb][vc_column_inner][vc_column_text css=\u00bb.vc_custom_1728701104790{padding-top: 40px !important;padding-bottom: 10px !important;}\u00bb]<\/p>\n<h2>Un idioma de creciente importancia literaria<\/h2>\n<p>A principios del siglo XX, la administraci\u00f3n colonial brit\u00e1nica en Nigeria fund\u00f3 una editorial con el mandato de publicar libros en hausa. Se hizo un esfuerzo conjunto para reclutar y alentar a los escritores de hausa, lo que dio lugar a la aparici\u00f3n de un movimiento literario de hausa. Este movimiento sigue activo hoy en d\u00eda. Con la alfabetizaci\u00f3n de los hablantes de hausa, se han publicado y se siguen publicando un gran n\u00famero de libros en esta lengua. Las novelas y los manuales de instrucci\u00f3n religiosa son los g\u00e9neros m\u00e1s populares, mientras que otros temas est\u00e1n surgiendo. Los libros son publicados en su mayor\u00eda por peque\u00f1as editoriales del norte de Nigeria y a menudo se agotan r\u00e1pidamente, lo que dificulta su obtenci\u00f3n fuera de las zonas de habla hausa. El idioma ha desarrollado una creciente presencia en la web con revistas y sitios de noticias en l\u00ednea.<\/p>\n<p>Una de las principales, y quiz\u00e1s la principal forma de consumir el idioma hausa, es la multiplicidad de programas de radio de onda corta disponibles. Las emisoras de radio apoyadas por el gobierno de Alemania, China, Estados Unidos, Ir\u00e1n y Reino Unido transmiten informaci\u00f3n en ondas cortas en toda el \u00c1frica occidental. La mayor\u00eda de las personas que viven en las regiones de habla hausa poseen o tienen acceso a una radio de onda corta. Estos programas son su enlace clave con el mundo exterior.[\/vc_column_text][\/vc_column_inner][\/vc_row_inner][\/vc_column][\/vc_row][vc_row css_animation=\u00bb\u00bb row_type=\u00bbrow\u00bb use_row_as_full_screen_section=\u00bbno\u00bb type=\u00bbgrid\u00bb angled_section=\u00bbno\u00bb text_align=\u00bbleft\u00bb background_image_as_pattern=\u00bbwithout_pattern\u00bb z_index=\u00bb\u00bb][vc_column][vc_separator type=\u00bbnormal\u00bb color=\u00bb#88cce2&#8243; thickness=\u00bb5&#8243; up=\u00bb0&#8243; down=\u00bb0&#8243;][\/vc_column][\/vc_row][vc_row css_animation=\u00bb\u00bb row_type=\u00bbrow\u00bb use_row_as_full_screen_section=\u00bbno\u00bb type=\u00bbfull_width\u00bb angled_section=\u00bbno\u00bb text_align=\u00bbleft\u00bb background_image_as_pattern=\u00bbwithout_pattern\u00bb][vc_column][vc_row_inner row_type=\u00bbrow\u00bb type=\u00bbgrid\u00bb text_align=\u00bbleft\u00bb css_animation=\u00bb\u00bb][vc_column_inner][vc_column_text css=\u00bb.vc_custom_1728700928706{padding-top: 40px !important;padding-bottom: 40px !important;}\u00bb]Por favor, <a href=\"mailto:clientservices@prontotranslations.com\"><strong>cont\u00e1ctenos<\/strong><\/a> para hablar de su proyecto de traducci\u00f3n para hausa.[\/vc_column_text][\/vc_column_inner][\/vc_row_inner][\/vc_column][\/vc_row][vc_row css_animation=\u00bb\u00bb row_type=\u00bbrow\u00bb use_row_as_full_screen_section=\u00bbno\u00bb type=\u00bbfull_width\u00bb angled_section=\u00bbno\u00bb text_align=\u00bbleft\u00bb background_image_as_pattern=\u00bbwithout_pattern\u00bb z_index=\u00bb\u00bb background_color=\u00bbrgba(0,166,228,0.35)\u00bb][vc_column][vc_row_inner row_type=\u00bbrow\u00bb type=\u00bbgrid\u00bb text_align=\u00bbleft\u00bb css_animation=\u00bb\u00bb css=\u00bb.vc_custom_1728009223883{margin-top: 30px !important;margin-bottom: 30px !important;}\u00bb][vc_column_inner][vc_column_text css=\u00bb.vc_custom_1728700528018{padding-top: 15px !important;padding-right: 10px !important;padding-bottom: 15px !important;padding-left: 10px !important;background-color: #00a5e4 !important;border-radius: 3px !important;}\u00bb]<\/p>\n<p style=\"text-align: center;\"><span style=\"color: #ffffff;\"><a style=\"color: #ffffff;\" href=\"https:\/\/prontotranslations.com\/es\/contacto\/\">Cont\u00e1ctenos para su proyecto de traducci\u00f3n o localizaci\u00f3n en hausa<\/a><\/span><\/p>\n<p>[\/vc_column_text][\/vc_column_inner][\/vc_row_inner][\/vc_column][\/vc_row]<\/p>\n<\/div>","protected":false},"excerpt":{"rendered":"<p>[vc_row css_animation=\u00bb\u00bb row_type=\u00bbrow\u00bb use_row_as_full_screen_section=\u00bbno\u00bb type=\u00bbfull_width\u00bb angled_section=\u00bbno\u00bb text_align=\u00bbleft\u00bb background_image_as_pattern=\u00bbwithout_pattern\u00bb z_index=\u00bb\u00bb][vc_column][vc_column_text css=\u00bb.vc_custom_1728700399208{padding-bottom: 30px !important;}\u00bb] Servicios profesionales de traducci\u00f3n en hausa [\/vc_column_text][\/vc_column][\/vc_row][vc_row css_animation=\u00bb\u00bb row_type=\u00bbrow\u00bb use_row_as_full_screen_section=\u00bbno\u00bb type=\u00bbgrid\u00bb angled_section=\u00bbno\u00bb text_align=\u00bbleft\u00bb&#8230;<\/p>\n","protected":false},"author":1,"featured_media":0,"parent":3272,"menu_order":12,"comment_status":"closed","ping_status":"closed","template":"full_width.php","meta":{"footnotes":""},"class_list":["post-3381","page","type-page","status-publish","hentry"],"_links":{"self":[{"href":"https:\/\/prontotranslations.com\/es\/wp-json\/wp\/v2\/pages\/3381","targetHints":{"allow":["GET"]}}],"collection":[{"href":"https:\/\/prontotranslations.com\/es\/wp-json\/wp\/v2\/pages"}],"about":[{"href":"https:\/\/prontotranslations.com\/es\/wp-json\/wp\/v2\/types\/page"}],"author":[{"embeddable":true,"href":"https:\/\/prontotranslations.com\/es\/wp-json\/wp\/v2\/users\/1"}],"replies":[{"embeddable":true,"href":"https:\/\/prontotranslations.com\/es\/wp-json\/wp\/v2\/comments?post=3381"}],"version-history":[{"count":6,"href":"https:\/\/prontotranslations.com\/es\/wp-json\/wp\/v2\/pages\/3381\/revisions"}],"predecessor-version":[{"id":3389,"href":"https:\/\/prontotranslations.com\/es\/wp-json\/wp\/v2\/pages\/3381\/revisions\/3389"}],"up":[{"embeddable":true,"href":"https:\/\/prontotranslations.com\/es\/wp-json\/wp\/v2\/pages\/3272"}],"wp:attachment":[{"href":"https:\/\/prontotranslations.com\/es\/wp-json\/wp\/v2\/media?parent=3381"}],"curies":[{"name":"wp","href":"https:\/\/api.w.org\/{rel}","templated":true}]}}