{"id":3433,"date":"2024-09-02T02:33:31","date_gmt":"2024-09-02T02:33:31","guid":{"rendered":"https:\/\/aw-web.com\/pronto2\/?page_id=3433"},"modified":"2025-01-20T03:45:57","modified_gmt":"2025-01-20T03:45:57","slug":"servicios-de-traduccion-al-espanol","status":"publish","type":"page","link":"https:\/\/prontotranslations.com\/es\/idiomas\/servicios-de-traduccion-al-espanol\/","title":{"rendered":"Espa\u00f1ol"},"content":{"rendered":"<div class=\"wpb-content-wrapper\"><p>[vc_row css_animation=\u00bb\u00bb row_type=\u00bbrow\u00bb use_row_as_full_screen_section=\u00bbno\u00bb type=\u00bbfull_width\u00bb angled_section=\u00bbno\u00bb text_align=\u00bbleft\u00bb background_image_as_pattern=\u00bbwithout_pattern\u00bb z_index=\u00bb\u00bb][vc_column][vc_column_text css=\u00bb.vc_custom_1728706410340{padding-bottom: 30px !important;}\u00bb]<\/p>\n<h1 style=\"text-align: center;\">Servicios profesionales de traducci\u00f3n al espa\u00f1ol<\/h1>\n<p>[\/vc_column_text][\/vc_column][\/vc_row][vc_row css_animation=\u00bb\u00bb row_type=\u00bbrow\u00bb use_row_as_full_screen_section=\u00bbno\u00bb type=\u00bbgrid\u00bb angled_section=\u00bbno\u00bb text_align=\u00bbleft\u00bb background_image_as_pattern=\u00bbwithout_pattern\u00bb z_index=\u00bb\u00bb css=\u00bb.vc_custom_1719198241526{padding-top: 50px !important;padding-right: 10% !important;padding-left: 10% !important;}\u00bb][vc_column width=\u00bb1\/2&#8243; css=\u00bb.vc_custom_1712629369530{padding-right: 10% !important;padding-left: 10% !important;}\u00bb][vc_row_inner row_type=\u00bbrow\u00bb type=\u00bbfull_width\u00bb text_align=\u00bbcenter\u00bb css_animation=\u00bb\u00bb css=\u00bb.vc_custom_1722784476757{padding-top: 20px !important;}\u00bb][vc_column_inner][vc_column_text css=\u00bb.vc_custom_1728706468390{padding-bottom: 50px !important;}\u00bb]<\/p>\n<p style=\"text-align: left;\">Espa\u00f1ol de Espa\u00f1a \u2013 Espa\u00f1ol latinoamericano \u2013 Espa\u00f1ol mexicano \u2013 Espa\u00f1ol estadounidense<\/p>\n<ul>\n<li style=\"text-align: left;\">Traducci\u00f3n del alem\u00e1n al espa\u00f1ol<\/li>\n<li style=\"text-align: left;\">Traducci\u00f3n del dan\u00e9s al espa\u00f1ol<\/li>\n<li style=\"text-align: left;\">Traducci\u00f3n del franc\u00e9s al espa\u00f1ol<\/li>\n<li style=\"text-align: left;\">Traducci\u00f3n del ingl\u00e9s al espa\u00f1ol<\/li>\n<li style=\"text-align: left;\">Traducci\u00f3n del italiano al espa\u00f1ol<\/li>\n<li style=\"text-align: left;\">Traducci\u00f3n del portugu\u00e9s al espa\u00f1ol<\/li>\n<\/ul>\n<p>[\/vc_column_text][vc_column_text css=\u00bb.vc_custom_1728706561068{padding-top: 10px !important;padding-bottom: 10px !important;background-color: #00a6e4 !important;border-radius: 3px !important;}\u00bb]<\/p>\n<p style=\"text-align: center;\"><a href=\"https:\/\/prontotranslations.com\/es\/contacto\/\"><span style=\"color: #ffffff;\">Cont\u00e1ctenos para su proyecto de traducci\u00f3n o localizaci\u00f3n al espa\u00f1ol<\/span><\/a><\/p>\n<p>[\/vc_column_text][vc_empty_space][\/vc_column_inner][\/vc_row_inner][\/vc_column][vc_column width=\u00bb1\/2&#8243;][vc_single_image image=\u00bb3434&#8243; img_size=\u00bbfull\u00bb alignment=\u00bbcenter\u00bb qode_css_animation=\u00bb\u00bb css=\u00bb.vc_custom_1725244731595{padding-bottom: 30px !important;}\u00bb][vc_empty_space][\/vc_column][\/vc_row][vc_row css_animation=\u00bb\u00bb row_type=\u00bbrow\u00bb use_row_as_full_screen_section=\u00bbno\u00bb type=\u00bbgrid\u00bb angled_section=\u00bbno\u00bb text_align=\u00bbleft\u00bb background_image_as_pattern=\u00bbwithout_pattern\u00bb z_index=\u00bb\u00bb][vc_column][vc_separator type=\u00bbnormal\u00bb color=\u00bb#88cce2&#8243; thickness=\u00bb5&#8243; up=\u00bb0&#8243; down=\u00bb0&#8243;][\/vc_column][\/vc_row][vc_row css_animation=\u00bb\u00bb row_type=\u00bbrow\u00bb use_row_as_full_screen_section=\u00bbno\u00bb type=\u00bbfull_width\u00bb angled_section=\u00bbno\u00bb text_align=\u00bbleft\u00bb background_image_as_pattern=\u00bbwithout_pattern\u00bb z_index=\u00bb\u00bb css=\u00bb.vc_custom_1712718567412{background-color: rgba(0,166,228,0.05) !important;*background-color: rgb(0,166,228) !important;}\u00bb][vc_column][vc_row_inner row_type=\u00bbrow\u00bb type=\u00bbgrid\u00bb text_align=\u00bbleft\u00bb css_animation=\u00bb\u00bb css=\u00bb.vc_custom_1718510501771{padding-top: 50px !important;}\u00bb][vc_column_inner width=\u00bb1\/2&#8243;][vc_single_image image=\u00bb3435&#8243; img_size=\u00bbfull\u00bb qode_css_animation=\u00bb\u00bb][vc_empty_space height=\u00bb52px\u00bb][\/vc_column_inner][vc_column_inner width=\u00bb1\/2&#8243;][vc_column_text]<\/p>\n<h2>Nuestros traductores de espa\u00f1ol, que dominan el idioma que se habla en su pa\u00eds, colmar\u00e1n sus expectativas<\/h2>\n<p>Tenemos unos 50 traductores de espa\u00f1ol listos para ayudarle en su tarea. Vienen de casi todos los pa\u00edses o mercados de habla hispana del mundo, lo que asegura que se pueda elegir el traductor o los traductores m\u00e1s adecuados para su proyecto.<\/p>\n<h2>El segundo idioma m\u00e1s hablado del mundo<\/h2>\n<p>El espa\u00f1ol es la segunda lengua materna m\u00e1s hablada del mundo (despu\u00e9s del mandar\u00edn) y la cuarta lengua m\u00e1s hablada del mundo (despu\u00e9s del ingl\u00e9s, el mandar\u00edn y el hindi).<\/p>\n<p>El espa\u00f1ol es uno de los seis idiomas oficiales de las Naciones Unidas. Tambi\u00e9n es un idioma oficial de la Uni\u00f3n Europea (UE), la Organizaci\u00f3n de los Estados Americanos (OEA), la Uni\u00f3n de Naciones Sudamericanas (UNASAR), la Comunidad de Estados Latinoamericanos y Caribe\u00f1os (CELAC) y la Uni\u00f3n Africana (UA), as\u00ed como de muchas otras organizaciones internacionales.<\/p>\n<h2>Unos 477 millones de hablantes nativos en todo el mundo<\/h2>\n<p>El Instituto Cervantes, una organizaci\u00f3n dedicada a la promoci\u00f3n y la ense\u00f1anza de la lengua espa\u00f1ola, calcula que alrededor de 477 millones de personas tienen el espa\u00f1ol como lengua materna.[\/vc_column_text][\/vc_column_inner][\/vc_row_inner][vc_row_inner row_type=\u00bbrow\u00bb type=\u00bbgrid\u00bb text_align=\u00bbleft\u00bb css_animation=\u00bb\u00bb][vc_column_inner][vc_column_text]Es el segundo idioma m\u00e1s com\u00fan en el mundo en t\u00e9rminos de hablantes nativos, mientras que 572 millones de personas hablan espa\u00f1ol como primera o segunda lengua \u2013 un n\u00famero que incluye a hablantes con habilidades limitadas. M\u00e1s de 21 millones de personas estudian espa\u00f1ol como lengua extranjera.<\/p>\n<p>El espa\u00f1ol es el idioma oficial o nacional en Espa\u00f1a y Guinea Ecuatorial, as\u00ed como en 18 pa\u00edses y un territorio de Am\u00e9rica. Alrededor de 418 millones de personas hablan el idioma en el continente americano. El espa\u00f1ol sigue siendo opcional en Filipinas y suele ser el idioma \u00abextranjero\u00bb preferido entre los miembros m\u00e1s antiguos de la clase alta del pa\u00eds, ya que fue una colonia espa\u00f1ola de 1569 a 1899. En la UE, el 8% de la poblaci\u00f3n son hablantes nativos, mientras que otros 7% lo hablan como segunda lengua. M\u00e9xico es el pa\u00eds con el mayor n\u00famero de hablantes nativos. El espa\u00f1ol es el segundo idioma favorito para aprender en los Estados Unidos.[\/vc_column_text][vc_empty_space height=\u00bb42px\u00bb][\/vc_column_inner][\/vc_row_inner][\/vc_column][\/vc_row][vc_row css_animation=\u00bb\u00bb row_type=\u00bbrow\u00bb use_row_as_full_screen_section=\u00bbno\u00bb type=\u00bbgrid\u00bb angled_section=\u00bbno\u00bb text_align=\u00bbleft\u00bb background_image_as_pattern=\u00bbwithout_pattern\u00bb z_index=\u00bb\u00bb][vc_column][vc_separator type=\u00bbnormal\u00bb color=\u00bb#88cce2&#8243; thickness=\u00bb5&#8243; up=\u00bb0&#8243; down=\u00bb0&#8243;][\/vc_column][\/vc_row][vc_row css_animation=\u00bb\u00bb row_type=\u00bbrow\u00bb use_row_as_full_screen_section=\u00bbno\u00bb type=\u00bbfull_width\u00bb angled_section=\u00bbno\u00bb text_align=\u00bbleft\u00bb background_image_as_pattern=\u00bbwithout_pattern\u00bb z_index=\u00bb\u00bb css=\u00bb.vc_custom_1718512349787{padding-top: 50px !important;padding-bottom: 30px !important;}\u00bb][vc_column][vc_row_inner row_type=\u00bbrow\u00bb type=\u00bbgrid\u00bb text_align=\u00bbleft\u00bb css_animation=\u00bb\u00bb][vc_column_inner width=\u00bb1\/2&#8243;][vc_column_text css=\u00bb.vc_custom_1728707004776{padding-bottom: 10px !important;}\u00bb]<\/p>\n<h2>Las diferencias entre el espa\u00f1ol de Espa\u00f1a y el espa\u00f1ol de Am\u00e9rica Latina<\/h2>\n<p>En cuanto a la traducci\u00f3n, el espa\u00f1ol se divide en dos variantes b\u00e1sicas, el espa\u00f1ol de Espa\u00f1a (tambi\u00e9n llamado espa\u00f1ol europeo, espa\u00f1ol ib\u00e9rico o espa\u00f1ol peninsular) y el espa\u00f1ol de Am\u00e9rica Latina.\u00a0 Este \u00faltimo puede agruparse en el espa\u00f1ol est\u00e1ndar de Am\u00e9rica Latina, un registro \u00abnormalizado\u00bb aceptable en todo el continente, M\u00e9xico y Estados Unidos, y que es el tipo utilizado en la televisi\u00f3n y en la industria del doblaje. Tambi\u00e9n hay varios subgrupos, esencialmente uno para cada pa\u00eds.<\/p>\n<p>Si desea enviar un comunicado de prensa a todo el mundo de habla hispana, se recomienda redactar dos versiones, una versi\u00f3n est\u00e1ndar latinoamericana para todo el continente americano y una versi\u00f3n espa\u00f1ola europea para Espa\u00f1a y Guinea Ecuatorial.<\/p>\n<p>El espa\u00f1ol mexicano es considerado el m\u00e1s distinto de todos. Si M\u00e9xico es un mercado clave cuando se prepara un documento para toda Am\u00e9rica Latina, generalmente se recomienda escribir una versi\u00f3n especial para M\u00e9xico y utilizar el espa\u00f1ol est\u00e1ndar de Am\u00e9rica Latina para los dem\u00e1s.<\/p>\n<h2>Espa\u00f1ol estadounidense<\/h2>\n<p>No se debe ignorar la importancia del espa\u00f1ol en los Estados Unidos.<\/p>\n<p>Seg\u00fan la Encuesta de la Comunidad Estadounidense de 2011, realizada por la Oficina del Censo de los Estados Unidos, de los 55 millones de residentes estadounidenses de ascendencia latina o espa\u00f1ola de cinco a\u00f1os o m\u00e1s, 38 millones, o el 13,5% de la poblaci\u00f3n estadounidense, hablan espa\u00f1ol en casa y prefieren leer, ver la televisi\u00f3n o escuchar la radio en su lengua materna.[\/vc_column_text][\/vc_column_inner][vc_column_inner width=\u00bb1\/2&#8243;][vc_single_image image=\u00bb3436&#8243; img_size=\u00bbfull\u00bb qode_css_animation=\u00bb\u00bb][vc_empty_space height=\u00bb12px\u00bb][\/vc_column_inner][\/vc_row_inner][vc_row_inner row_type=\u00bbrow\u00bb type=\u00bbgrid\u00bb text_align=\u00bbleft\u00bb css_animation=\u00bb\u00bb][vc_column_inner][vc_column_text]Los especialistas en marketing y relaciones p\u00fablicas que ignoran este segmento del mercado pierden uno de cada siete residentes de EE.UU. que no tendr\u00e1n la oportunidad de escuchar su mensaje.<\/p>\n<p>Tenemos traductores de espa\u00f1ol de los Estados Unidos que pueden traducir su comunicado de prensa, sitio web, material de relaciones p\u00fablicas o cualquier otro documento al espa\u00f1ol, tal como se utiliza en los peri\u00f3dicos y estaciones de radio y televisi\u00f3n en espa\u00f1ol con sede en los EE.UU., para ayudarle a llegar a este mercado que a menudo se pasa por alto.[\/vc_column_text][vc_empty_space][\/vc_column_inner][\/vc_row_inner][\/vc_column][\/vc_row][vc_row css_animation=\u00bb\u00bb row_type=\u00bbrow\u00bb use_row_as_full_screen_section=\u00bbno\u00bb type=\u00bbgrid\u00bb angled_section=\u00bbno\u00bb text_align=\u00bbleft\u00bb background_image_as_pattern=\u00bbwithout_pattern\u00bb z_index=\u00bb\u00bb][vc_column][vc_separator type=\u00bbnormal\u00bb color=\u00bb#88cce2&#8243; thickness=\u00bb5&#8243; up=\u00bb0&#8243; down=\u00bb0&#8243;][\/vc_column][\/vc_row][vc_row css_animation=\u00bb\u00bb row_type=\u00bbrow\u00bb use_row_as_full_screen_section=\u00bbno\u00bb type=\u00bbfull_width\u00bb angled_section=\u00bbno\u00bb text_align=\u00bbleft\u00bb background_image_as_pattern=\u00bbwithout_pattern\u00bb z_index=\u00bb\u00bb css=\u00bb.vc_custom_1725246676531{padding-top: 50px !important;padding-bottom: 30px !important;background-color: rgba(0,166,228,0.05) !important;*background-color: rgb(0,166,228) !important;}\u00bb][vc_column][vc_row_inner row_type=\u00bbrow\u00bb type=\u00bbgrid\u00bb text_align=\u00bbleft\u00bb css_animation=\u00bb\u00bb][vc_column_inner][vc_column_text css=\u00bb.vc_custom_1728706834149{padding-bottom: 40px !important;}\u00bb]<\/p>\n<h2>\u00bfNecesita ayuda para decidir qu\u00e9 variante del espa\u00f1ol usar para su traducci\u00f3n?<\/h2>\n<p>Si necesita ayuda para elegir el tipo de espa\u00f1ol que se utilizar\u00e1 en la traducci\u00f3n de su documento o material de marketing, por favor consulte a uno de nuestros expertos en idiomas. Pueden ayudarle a elegir la(s) variante(s) de espa\u00f1ol m\u00e1s apropiada(s) para su proyecto, si es necesario.<\/p>\n<p>No dude en <strong><a href=\"mailto:clientservices@prontotranslations.com\">contactarnos<\/a><\/strong> para hablar de su proyecto de traducci\u00f3n y localizaci\u00f3n al espa\u00f1ol.<br \/>\n[\/vc_column_text][\/vc_column_inner][\/vc_row_inner][\/vc_column][\/vc_row][vc_row css_animation=\u00bb\u00bb row_type=\u00bbrow\u00bb use_row_as_full_screen_section=\u00bbno\u00bb type=\u00bbfull_width\u00bb angled_section=\u00bbno\u00bb text_align=\u00bbleft\u00bb background_image_as_pattern=\u00bbwithout_pattern\u00bb z_index=\u00bb\u00bb background_color=\u00bbrgba(0,166,228,0.35)\u00bb][vc_column][vc_row_inner row_type=\u00bbrow\u00bb type=\u00bbgrid\u00bb text_align=\u00bbleft\u00bb css_animation=\u00bb\u00bb css=\u00bb.vc_custom_1712461537481{margin-top: 30px !important;margin-bottom: 30px !important;}\u00bb][vc_column_inner][vc_column_text css=\u00bb.vc_custom_1728706536877{padding-top: 15px !important;padding-right: 10px !important;padding-bottom: 15px !important;padding-left: 10px !important;background-color: #00a5e4 !important;border-radius: 3px !important;}\u00bb]<\/p>\n<p style=\"text-align: center;\"><span style=\"color: #ffffff;\"><a style=\"color: #ffffff;\" href=\"https:\/\/prontotranslations.com\/es\/contacto\/\">Cont\u00e1ctenos para su proyecto de traducci\u00f3n o localizaci\u00f3n al espa\u00f1ol<\/a><\/span><\/p>\n<p>[\/vc_column_text][\/vc_column_inner][\/vc_row_inner][\/vc_column][\/vc_row]<\/p>\n<\/div>","protected":false},"excerpt":{"rendered":"<p>[vc_row css_animation=\u00bb\u00bb row_type=\u00bbrow\u00bb use_row_as_full_screen_section=\u00bbno\u00bb type=\u00bbfull_width\u00bb angled_section=\u00bbno\u00bb text_align=\u00bbleft\u00bb background_image_as_pattern=\u00bbwithout_pattern\u00bb z_index=\u00bb\u00bb][vc_column][vc_column_text css=\u00bb.vc_custom_1728706410340{padding-bottom: 30px !important;}\u00bb] Servicios profesionales de traducci\u00f3n al espa\u00f1ol [\/vc_column_text][\/vc_column][\/vc_row][vc_row css_animation=\u00bb\u00bb row_type=\u00bbrow\u00bb use_row_as_full_screen_section=\u00bbno\u00bb type=\u00bbgrid\u00bb angled_section=\u00bbno\u00bb text_align=\u00bbleft\u00bb&#8230;<\/p>\n","protected":false},"author":1,"featured_media":0,"parent":3272,"menu_order":21,"comment_status":"closed","ping_status":"closed","template":"full_width.php","meta":{"footnotes":""},"class_list":["post-3433","page","type-page","status-publish","hentry"],"_links":{"self":[{"href":"https:\/\/prontotranslations.com\/es\/wp-json\/wp\/v2\/pages\/3433","targetHints":{"allow":["GET"]}}],"collection":[{"href":"https:\/\/prontotranslations.com\/es\/wp-json\/wp\/v2\/pages"}],"about":[{"href":"https:\/\/prontotranslations.com\/es\/wp-json\/wp\/v2\/types\/page"}],"author":[{"embeddable":true,"href":"https:\/\/prontotranslations.com\/es\/wp-json\/wp\/v2\/users\/1"}],"replies":[{"embeddable":true,"href":"https:\/\/prontotranslations.com\/es\/wp-json\/wp\/v2\/comments?post=3433"}],"version-history":[{"count":6,"href":"https:\/\/prontotranslations.com\/es\/wp-json\/wp\/v2\/pages\/3433\/revisions"}],"predecessor-version":[{"id":3444,"href":"https:\/\/prontotranslations.com\/es\/wp-json\/wp\/v2\/pages\/3433\/revisions\/3444"}],"up":[{"embeddable":true,"href":"https:\/\/prontotranslations.com\/es\/wp-json\/wp\/v2\/pages\/3272"}],"wp:attachment":[{"href":"https:\/\/prontotranslations.com\/es\/wp-json\/wp\/v2\/media?parent=3433"}],"curies":[{"name":"wp","href":"https:\/\/api.w.org\/{rel}","templated":true}]}}