{"id":3445,"date":"2024-09-01T19:44:00","date_gmt":"2024-09-01T19:44:00","guid":{"rendered":"https:\/\/aw-web.com\/pronto2\/?page_id=3445"},"modified":"2025-01-20T03:53:27","modified_gmt":"2025-01-20T03:53:27","slug":"servicios-de-traduccion-al-ruso","status":"publish","type":"page","link":"https:\/\/prontotranslations.com\/es\/idiomas\/servicios-de-traduccion-al-ruso\/","title":{"rendered":"Ruso"},"content":{"rendered":"<div class=\"wpb-content-wrapper\"><p>[vc_row css_animation=\u00bb\u00bb row_type=\u00bbrow\u00bb use_row_as_full_screen_section=\u00bbno\u00bb type=\u00bbfull_width\u00bb angled_section=\u00bbno\u00bb text_align=\u00bbleft\u00bb background_image_as_pattern=\u00bbwithout_pattern\u00bb z_index=\u00bb\u00bb][vc_column][vc_column_text css=\u00bb.vc_custom_1728773750144{padding-bottom: 30px !important;}\u00bb]<\/p>\n<h1 style=\"text-align: center;\">Servicios profesionales de traducci\u00f3n al ruso<\/h1>\n<p>[\/vc_column_text][\/vc_column][\/vc_row][vc_row css_animation=\u00bb\u00bb row_type=\u00bbrow\u00bb use_row_as_full_screen_section=\u00bbno\u00bb type=\u00bbgrid\u00bb angled_section=\u00bbno\u00bb text_align=\u00bbleft\u00bb background_image_as_pattern=\u00bbwithout_pattern\u00bb z_index=\u00bb\u00bb css=\u00bb.vc_custom_1719198241526{padding-top: 50px !important;padding-right: 10% !important;padding-left: 10% !important;}\u00bb][vc_column width=\u00bb1\/2&#8243; css=\u00bb.vc_custom_1712629369530{padding-right: 10% !important;padding-left: 10% !important;}\u00bb][vc_row_inner row_type=\u00bbrow\u00bb type=\u00bbfull_width\u00bb text_align=\u00bbcenter\u00bb css_animation=\u00bb\u00bb css=\u00bb.vc_custom_1722784476757{padding-top: 20px !important;}\u00bb][vc_column_inner][vc_column_text css=\u00bb.vc_custom_1728773802350{padding-bottom: 50px !important;}\u00bb]<\/p>\n<p style=\"text-align: center;\"><strong>\u00a1Deje que Pronto se encargue de la traducci\u00f3n de su comunicado de prensa o documento a uno de los 15 pa\u00edses donde el ruso es la lengua franca!<\/strong><\/p>\n<ul>\n<li>Traducci\u00f3n del alem\u00e1n al ruso<\/li>\n<li>Traducci\u00f3n del chino al ruso<\/li>\n<li>Traducci\u00f3n del ingl\u00e9s al ruso<\/li>\n<li>Traducci\u00f3n del italiano al ruso<\/li>\n<li>Traducci\u00f3n del turco al ruso<\/li>\n<li>Traducci\u00f3n del ucraniano al ruso<\/li>\n<\/ul>\n<p>[\/vc_column_text][vc_column_text css=\u00bb.vc_custom_1728773883555{padding-top: 10px !important;padding-bottom: 10px !important;background-color: #00a6e4 !important;border-radius: 3px !important;}\u00bb]<\/p>\n<p style=\"text-align: center;\"><a href=\"https:\/\/prontotranslations.com\/es\/contacto\/\"><span style=\"color: #ffffff;\">Cont\u00e1ctenos para su proyecto de traducci\u00f3n o localizaci\u00f3n al ruso<\/span><\/a><\/p>\n<p>[\/vc_column_text][vc_empty_space][\/vc_column_inner][\/vc_row_inner][\/vc_column][vc_column width=\u00bb1\/2&#8243;][vc_single_image image=\u00bb3447&#8243; img_size=\u00bbfull\u00bb alignment=\u00bbcenter\u00bb qode_css_animation=\u00bb\u00bb css=\u00bb.vc_custom_1725223638491{padding-bottom: 30px !important;}\u00bb][vc_empty_space][\/vc_column][\/vc_row][vc_row css_animation=\u00bb\u00bb row_type=\u00bbrow\u00bb use_row_as_full_screen_section=\u00bbno\u00bb type=\u00bbgrid\u00bb angled_section=\u00bbno\u00bb text_align=\u00bbleft\u00bb background_image_as_pattern=\u00bbwithout_pattern\u00bb z_index=\u00bb\u00bb][vc_column][vc_separator type=\u00bbnormal\u00bb color=\u00bb#88cce2&#8243; thickness=\u00bb5&#8243; up=\u00bb0&#8243; down=\u00bb0&#8243;][\/vc_column][\/vc_row][vc_row css_animation=\u00bb\u00bb row_type=\u00bbrow\u00bb use_row_as_full_screen_section=\u00bbno\u00bb type=\u00bbfull_width\u00bb angled_section=\u00bbno\u00bb text_align=\u00bbleft\u00bb background_image_as_pattern=\u00bbwithout_pattern\u00bb z_index=\u00bb\u00bb css=\u00bb.vc_custom_1712718567412{background-color: rgba(0,166,228,0.05) !important;*background-color: rgb(0,166,228) !important;}\u00bb][vc_column][vc_row_inner row_type=\u00bbrow\u00bb type=\u00bbgrid\u00bb text_align=\u00bbleft\u00bb css_animation=\u00bb\u00bb css=\u00bb.vc_custom_1718510501771{padding-top: 50px !important;}\u00bb][vc_column_inner width=\u00bb1\/2&#8243;][vc_single_image image=\u00bb3446&#8243; img_size=\u00bbfull\u00bb qode_css_animation=\u00bb\u00bb][vc_empty_space][\/vc_column_inner][vc_column_inner width=\u00bb1\/2&#8243;][vc_column_text css=\u00bb.vc_custom_1728774248714{padding-bottom: 10px !important;}\u00bb]<\/p>\n<h2>\u00a1Nuestros traductores profesionales de ruso est\u00e1n a su disposici\u00f3n para ayudarle a comunicar su mensaje o documento en el idioma euroasi\u00e1tico m\u00e1s com\u00fan!<\/h2>\n<p>Nuestro equipo de traductores de ruso est\u00e1 listo para transformar su mensaje al idioma que sigue siendo uno de los principales medios de comunicaci\u00f3n en toda la Federaci\u00f3n Rusa y los 14 pa\u00edses restantes que una vez formaron la Uni\u00f3n Sovi\u00e9tica.<\/p>\n<h2>El idioma m\u00e1s hablado en Europa<\/h2>\n<p>El ruso (\u0440\u0443\u0441\u0441\u043a\u0438\u0439 \u044f\u0437\u044b\u043a) es idioma oficial en Rusia, Bielorrusia, Kazajist\u00e1n y Kirguist\u00e1n. Todav\u00eda se utiliza ampliamente en varios pa\u00edses de Europa oriental, los Estados b\u00e1lticos, el C\u00e1ucaso y el Asia central.<\/p>\n<p>El ruso fue el idioma cotidiano de la Uni\u00f3n Sovi\u00e9tica hasta su disoluci\u00f3n el 26 de diciembre de 1991. El idioma sigue siendo una lengua franca, con una funci\u00f3n oficial y de uso com\u00fan en la vida p\u00fablica en todos los pa\u00edses de la antigua URSS.<\/p>\n<p>Debido a la di\u00e1spora del antiguo bloque sovi\u00e9tico, hay grandes comunidades de rusoparlantes en otros pa\u00edses, principalmente en Israel y Mongolia.<\/p>\n<p>El ruso es el s\u00e9ptimo idioma m\u00e1s hablado del mundo en cuanto a n\u00famero de hablantes nativos, el idioma con mayor n\u00famero de hablantes nativos en Europa y el m\u00e1s extendido geogr\u00e1ficamente en el territorio euroasi\u00e1tico. Unos 118 millones de personas en Rusia la reivindican como lengua materna (85,7% de todos los hablantes del pa\u00eds), 14 millones en Ucrania (29,6%), 6 millones en Bielorrusia (70,2%), 3,8 millones en Kazajist\u00e1n (21,2%), 2,2 millones en Alemania (2,8%) y 1,2 millones en Israel (15%), as\u00ed como unos 6 millones en varios pa\u00edses distintos, es decir, unos 150 millones de hablantes nativos en todo el mundo.<\/p>\n<p>[\/vc_column_text][\/vc_column_inner][\/vc_row_inner][vc_row_inner row_type=\u00bbrow\u00bb type=\u00bbgrid\u00bb text_align=\u00bbleft\u00bb css_animation=\u00bb\u00bb css=\u00bb.vc_custom_1724033917078{padding-bottom: 40px !important;}\u00bb][vc_column_inner][vc_column_text]El ruso es el octavo idioma m\u00e1s hablado en el mundo en cuanto al n\u00famero total de hablantes, tanto nativos como no nativos. Tambi\u00e9n es uno de los seis idiomas oficiales de las Naciones Unidas. Despu\u00e9s del ingl\u00e9s, el ruso es el segundo idioma m\u00e1s utilizado en Internet.<\/p>\n<p>El ruso, que pertenece a la gran familia de lenguas indoeuropeas, es uno de los cuatro representantes vivos de las lenguas eslavas orientales junto con el belaruso, el rusino y el ucraniano, y forma parte de la rama m\u00e1s amplia de las lenguas baltoeslavas. El ruso, el bielorruso y el ucraniano son en gran medida mutuamente inteligibles.[\/vc_column_text][\/vc_column_inner][\/vc_row_inner][\/vc_column][\/vc_row][vc_row css_animation=\u00bb\u00bb row_type=\u00bbrow\u00bb use_row_as_full_screen_section=\u00bbno\u00bb type=\u00bbgrid\u00bb angled_section=\u00bbno\u00bb text_align=\u00bbleft\u00bb background_image_as_pattern=\u00bbwithout_pattern\u00bb z_index=\u00bb\u00bb][vc_column][vc_separator type=\u00bbnormal\u00bb color=\u00bb#88cce2&#8243; thickness=\u00bb5&#8243; up=\u00bb0&#8243; down=\u00bb0&#8243;][\/vc_column][\/vc_row][vc_row css_animation=\u00bb\u00bb row_type=\u00bbrow\u00bb use_row_as_full_screen_section=\u00bbno\u00bb type=\u00bbfull_width\u00bb angled_section=\u00bbno\u00bb text_align=\u00bbleft\u00bb background_image_as_pattern=\u00bbwithout_pattern\u00bb z_index=\u00bb\u00bb css=\u00bb.vc_custom_1718512349787{padding-top: 50px !important;padding-bottom: 30px !important;}\u00bb][vc_column][vc_row_inner row_type=\u00bbrow\u00bb type=\u00bbgrid\u00bb text_align=\u00bbleft\u00bb css_animation=\u00bb\u00bb][vc_column_inner width=\u00bb1\/2&#8243;][vc_column_text css=\u00bb.vc_custom_1728774311765{padding-bottom: 30px !important;}\u00bb]<\/p>\n<h2>La falta de conocimiento de idiomas extranjeros es un problema reconocido en el pa\u00eds<\/h2>\n<p>En el censo de 2010, s\u00f3lo 7.574.303 personas, o el 5,48% de la poblaci\u00f3n rusa, declararon que dominaban el ingl\u00e9s, el idioma de comunicaci\u00f3n m\u00e1s utilizado a nivel internacional.<\/p>\n<h2>El r\u00e1pido desarrollo de la lengua rusa en los \u00faltimos 20 a\u00f1os ha sido un reto para los traductores<\/h2>\n<p>Algunos idiomas, como el ingl\u00e9s y el japon\u00e9s, toman prestados sin problemas t\u00e9rminos de los dem\u00e1s y traducen las palabras extranjeras utilizando su propio sistema fon\u00e9tico. Otros, como el chino, traducen cada nuevo concepto a su idioma reuniendo ciertos t\u00e9rminos nativos para expresar la nueva idea. El idioma ruso toma prestado sin restricciones, integrando en su base eslava un flujo continuo de vocabulario de diferentes idiomas de Europa y del Medio Oriente.<\/p>\n<p>La ubicaci\u00f3n geogr\u00e1fica de Rusia, el comercio con otros pa\u00edses que se remonta a cientos de a\u00f1os y varias olas renacentistas del siglo XVII han contribuido a enriquecer el idioma m\u00e1s all\u00e1 de sus ra\u00edces eslavas. Aunque la base del idioma es indudablemente eslava, muchas formas alfab\u00e9ticas, gramaticales y l\u00e9xicas son claramente extranjeras.<\/p>\n<p>Despu\u00e9s de la ca\u00edda de la Uni\u00f3n Sovi\u00e9tica, el flujo de palabras prestadas aument\u00f3, principalmente desde el ingl\u00e9s, aunque tambi\u00e9n desde otros idiomas europeos. Esos pr\u00e9stamos permitieron a una sociedad en evoluci\u00f3n gestionar una marea creciente de nuevos conceptos financieros, t\u00e9cnicos, econ\u00f3micos y sociales, lo que result\u00f3 ser un gran desaf\u00edo para los traductores rusos.<\/p>\n<p>[\/vc_column_text][\/vc_column_inner][vc_column_inner width=\u00bb1\/2&#8243;][vc_single_image image=\u00bb3448&#8243; img_size=\u00bbfull\u00bb qode_css_animation=\u00bb\u00bb][vc_empty_space height=\u00bb12px\u00bb][\/vc_column_inner][\/vc_row_inner][\/vc_column][\/vc_row][vc_row css_animation=\u00bb\u00bb row_type=\u00bbrow\u00bb use_row_as_full_screen_section=\u00bbno\u00bb type=\u00bbgrid\u00bb angled_section=\u00bbno\u00bb text_align=\u00bbleft\u00bb background_image_as_pattern=\u00bbwithout_pattern\u00bb z_index=\u00bb\u00bb][vc_column][vc_separator type=\u00bbnormal\u00bb color=\u00bb#88cce2&#8243; thickness=\u00bb5&#8243; up=\u00bb0&#8243; down=\u00bb0&#8243;][\/vc_column][\/vc_row][vc_row css_animation=\u00bb\u00bb row_type=\u00bbrow\u00bb use_row_as_full_screen_section=\u00bbno\u00bb type=\u00bbfull_width\u00bb angled_section=\u00bbno\u00bb text_align=\u00bbleft\u00bb background_image_as_pattern=\u00bbwithout_pattern\u00bb z_index=\u00bb\u00bb css=\u00bb.vc_custom_1718512370579{padding-top: 50px !important;padding-bottom: 30px !important;background-color: rgba(0,166,228,0.05) !important;*background-color: rgb(0,166,228) !important;}\u00bb][vc_column][vc_row_inner row_type=\u00bbrow\u00bb type=\u00bbgrid\u00bb text_align=\u00bbleft\u00bb css_animation=\u00bb\u00bb][vc_column_inner width=\u00bb1\/2&#8243;][vc_single_image image=\u00bb3449&#8243; img_size=\u00bbfull\u00bb qode_css_animation=\u00bb\u00bb][vc_empty_space height=\u00bb22px\u00bb][\/vc_column_inner][vc_column_inner width=\u00bb1\/2&#8243;][vc_column_text css=\u00bb.vc_custom_1728774144376{padding-bottom: 40px !important;}\u00bb]<\/p>\n<h2>Nuestro equipo de traductores convertir\u00e1 su documento al idioma ruso que mejor se adapte a su p\u00fablico objetivo<\/h2>\n<p>Algunas regiones, principalmente la provincia canadiense de Quebec y Francia, han elaborado y aplicado leyes y reglamentos para preservar la pureza del idioma, seg\u00fan sus criterios, con resultados cuestionables. Rusia, por otro lado, no ha hecho ning\u00fan esfuerzo para \u00abnormalizar\u00bb el lenguaje. Muchos t\u00e9rminos prestados tienen equivalentes rusos perfectamente v\u00e1lidos. Sin embargo, la poblaci\u00f3n rusa parece haber acogido con entusiasmo la afluencia de nuevos t\u00e9rminos en ingl\u00e9s. Por consiguiente, los traductores deben evaluar el contexto de un documento para determinar si es m\u00e1s apropiado un t\u00e9rmino ruso nativo o una palabra prestada.<\/p>\n<p>Nuestros traductores son conscientes de los cambios en el uso del lenguaje y sabr\u00e1n c\u00f3mo elegir el t\u00e9rmino correcto. De esta manera, nuestros clientes pueden estar seguros de que su texto traducido reflejar\u00e1 de la mejor manera las expectativas de su p\u00fablico objetivo, ya sea un mensaje dirigido a un sector, mercado o segmento demogr\u00e1fico en particular, o al p\u00fablico en general.<\/p>\n<p>[\/vc_column_text][\/vc_column_inner][\/vc_row_inner][\/vc_column][\/vc_row][vc_row css_animation=\u00bb\u00bb row_type=\u00bbrow\u00bb use_row_as_full_screen_section=\u00bbno\u00bb type=\u00bbgrid\u00bb angled_section=\u00bbno\u00bb text_align=\u00bbleft\u00bb background_image_as_pattern=\u00bbwithout_pattern\u00bb z_index=\u00bb\u00bb][vc_column][vc_separator type=\u00bbnormal\u00bb color=\u00bb#88cce2&#8243; thickness=\u00bb5&#8243; up=\u00bb0&#8243; down=\u00bb0&#8243;][\/vc_column][\/vc_row][vc_row css_animation=\u00bb\u00bb row_type=\u00bbrow\u00bb use_row_as_full_screen_section=\u00bbno\u00bb type=\u00bbfull_width\u00bb angled_section=\u00bbno\u00bb text_align=\u00bbleft\u00bb background_image_as_pattern=\u00bbwithout_pattern\u00bb z_index=\u00bb\u00bb css=\u00bb.vc_custom_1724037186715{padding-top: 50px !important;padding-bottom: 30px !important;}\u00bb][vc_column][vc_row_inner row_type=\u00bbrow\u00bb type=\u00bbgrid\u00bb text_align=\u00bbleft\u00bb css_animation=\u00bb\u00bb][vc_column_inner][vc_column_text css=\u00bb.vc_custom_1728774176891{padding-bottom: 40px !important;}\u00bb]<\/p>\n<h2>Un lenguaje extremadamente rico<\/h2>\n<p>El ruso es un idioma intensamente rico (que nos ha tra\u00eddo algunos de los m\u00e1s grandes escritores del mundo, como Dostoyevski y G\u00f3gol).<\/p>\n<p>Los a\u00f1os de experiencia de nuestros traductores rusos, que entienden todas las sutilezas y la sofisticaci\u00f3n del idioma, han demostrado repetidamente que son una baza inestimable para trasladar su documento al s\u00e9ptimo idioma m\u00e1s hablado del mundo.<br \/>\n[\/vc_column_text][\/vc_column_inner][\/vc_row_inner][\/vc_column][\/vc_row][vc_row css_animation=\u00bb\u00bb row_type=\u00bbrow\u00bb use_row_as_full_screen_section=\u00bbno\u00bb type=\u00bbfull_width\u00bb angled_section=\u00bbno\u00bb text_align=\u00bbleft\u00bb background_image_as_pattern=\u00bbwithout_pattern\u00bb z_index=\u00bb\u00bb background_color=\u00bbrgba(0,166,228,0.35)\u00bb][vc_column][vc_row_inner row_type=\u00bbrow\u00bb type=\u00bbgrid\u00bb text_align=\u00bbleft\u00bb css_animation=\u00bb\u00bb css=\u00bb.vc_custom_1712461537481{margin-top: 30px !important;margin-bottom: 30px !important;}\u00bb][vc_column_inner][vc_column_text css=\u00bb.vc_custom_1728773864977{padding-top: 15px !important;padding-right: 10px !important;padding-bottom: 15px !important;padding-left: 10px !important;background-color: #00a5e4 !important;border-radius: 3px !important;}\u00bb]<\/p>\n<p style=\"text-align: center;\"><span style=\"color: #ffffff;\"><a style=\"color: #ffffff;\" href=\"https:\/\/prontotranslations.com\/es\/contacto\/\">Cont\u00e1ctenos para su proyecto de traducci\u00f3n o localizaci\u00f3n al ruso<\/a><\/span><\/p>\n<p>[\/vc_column_text][\/vc_column_inner][\/vc_row_inner][\/vc_column][\/vc_row]<\/p>\n<\/div>","protected":false},"excerpt":{"rendered":"<p>[vc_row css_animation=\u00bb\u00bb row_type=\u00bbrow\u00bb use_row_as_full_screen_section=\u00bbno\u00bb type=\u00bbfull_width\u00bb angled_section=\u00bbno\u00bb text_align=\u00bbleft\u00bb background_image_as_pattern=\u00bbwithout_pattern\u00bb z_index=\u00bb\u00bb][vc_column][vc_column_text css=\u00bb.vc_custom_1728773750144{padding-bottom: 30px !important;}\u00bb] Servicios profesionales de traducci\u00f3n al ruso [\/vc_column_text][\/vc_column][\/vc_row][vc_row css_animation=\u00bb\u00bb row_type=\u00bbrow\u00bb use_row_as_full_screen_section=\u00bbno\u00bb type=\u00bbgrid\u00bb angled_section=\u00bbno\u00bb text_align=\u00bbleft\u00bb&#8230;<\/p>\n","protected":false},"author":1,"featured_media":0,"parent":3272,"menu_order":20,"comment_status":"closed","ping_status":"closed","template":"full_width.php","meta":{"footnotes":""},"class_list":["post-3445","page","type-page","status-publish","hentry"],"_links":{"self":[{"href":"https:\/\/prontotranslations.com\/es\/wp-json\/wp\/v2\/pages\/3445","targetHints":{"allow":["GET"]}}],"collection":[{"href":"https:\/\/prontotranslations.com\/es\/wp-json\/wp\/v2\/pages"}],"about":[{"href":"https:\/\/prontotranslations.com\/es\/wp-json\/wp\/v2\/types\/page"}],"author":[{"embeddable":true,"href":"https:\/\/prontotranslations.com\/es\/wp-json\/wp\/v2\/users\/1"}],"replies":[{"embeddable":true,"href":"https:\/\/prontotranslations.com\/es\/wp-json\/wp\/v2\/comments?post=3445"}],"version-history":[{"count":6,"href":"https:\/\/prontotranslations.com\/es\/wp-json\/wp\/v2\/pages\/3445\/revisions"}],"predecessor-version":[{"id":3456,"href":"https:\/\/prontotranslations.com\/es\/wp-json\/wp\/v2\/pages\/3445\/revisions\/3456"}],"up":[{"embeddable":true,"href":"https:\/\/prontotranslations.com\/es\/wp-json\/wp\/v2\/pages\/3272"}],"wp:attachment":[{"href":"https:\/\/prontotranslations.com\/es\/wp-json\/wp\/v2\/media?parent=3445"}],"curies":[{"name":"wp","href":"https:\/\/api.w.org\/{rel}","templated":true}]}}