{"id":3553,"date":"2024-08-11T15:14:54","date_gmt":"2024-08-11T15:14:54","guid":{"rendered":"https:\/\/aw-web.com\/pronto2\/?page_id=3553"},"modified":"2025-01-22T21:20:56","modified_gmt":"2025-01-22T21:20:56","slug":"contacto","status":"publish","type":"page","link":"https:\/\/prontotranslations.com\/es\/contacto\/","title":{"rendered":"Contacto"},"content":{"rendered":"<div class=\"wpb-content-wrapper\"><p>[vc_row css_animation=\u00bb\u00bb row_type=\u00bbrow\u00bb use_row_as_full_screen_section=\u00bbno\u00bb type=\u00bbgrid\u00bb angled_section=\u00bbno\u00bb text_align=\u00bbleft\u00bb background_image_as_pattern=\u00bbwithout_pattern\u00bb z_index=\u00bb\u00bb][vc_column width=\u00bb2\/3&#8243;][vc_column_text]<\/p>\n<h1>Cont\u00e1ctenos ahora!<\/h1>\n<p>Estamos disponibles para hablar de su proyecto de traducci\u00f3n y localizaci\u00f3n. Por favor, no dude en contactarnos con sus requerimientos.<\/p>\n<div class=\"frm_forms  with_frm_style frm_style_formidable-style\" id=\"frm_form_5_container\" data-token=\"29a79bce6e0d03a01095a3769c9623d7\">\n<form enctype=\"multipart\/form-data\" method=\"post\" class=\"frm-show-form  frm_pro_form \" id=\"form_contact-en2\" data-token=\"29a79bce6e0d03a01095a3769c9623d7\">\n<div class=\"frm_form_fields \">\n<fieldset>\n<legend class=\"frm_screen_reader\">contact es<\/legend>\r\n\r\n<div class=\"frm_fields_container\">\n<input type=\"hidden\" name=\"frm_action\" value=\"create\" \/>\n<input type=\"hidden\" name=\"form_id\" value=\"5\" \/>\n<input type=\"hidden\" name=\"frm_hide_fields_5\" id=\"frm_hide_fields_5\" value=\"\" \/>\n<input type=\"hidden\" name=\"form_key\" value=\"contact-en2\" \/>\n<input type=\"hidden\" name=\"item_meta[0]\" value=\"\" \/>\n<input type=\"hidden\" id=\"frm_submit_entry_5\" name=\"frm_submit_entry_5\" value=\"4e07a5e83b\" \/><input type=\"hidden\" name=\"_wp_http_referer\" value=\"\/es\/wp-json\/wp\/v2\/pages\/3553\" \/><div id=\"frm_field_27_container\" class=\"frm_form_field form-field  frm_required_field frm_top_container\">\r\n\t<label for=\"field_e2clf3\" id=\"field_e2clf3_label\" class=\"frm_primary_label\">Nombre (requerido)\r\n\t\t<span class=\"frm_required\" aria-hidden=\"true\">*<\/span>\r\n\t<\/label>\r\n\t<input  type=\"text\" id=\"field_e2clf3\" name=\"item_meta[27]\" value=\"\"  data-reqmsg=\"Nombre (requerido) cannot be blank.\" aria-required=\"true\" data-invmsg=\"Nombre (requerido) is invalid\" aria-invalid=\"false\"   \/>\r\n\t\r\n\t\r\n<\/div>\n<div id=\"frm_field_28_container\" class=\"frm_form_field form-field  frm_required_field frm_top_container\">\r\n\t<label for=\"field_kbbzt3\" id=\"field_kbbzt3_label\" class=\"frm_primary_label\">Correo electr\u00f3nico (requerido)\r\n\t\t<span class=\"frm_required\" aria-hidden=\"true\">*<\/span>\r\n\t<\/label>\r\n\t<input type=\"email\" id=\"field_kbbzt3\" name=\"item_meta[28]\" value=\"\"  data-reqmsg=\"Correo electr\u00f3nico (requerido) cannot be blank.\" aria-required=\"true\" data-invmsg=\"Correo electr\u00f3nico (requerido) is invalid\" aria-invalid=\"false\"  \/>\r\n\t\r\n\t\r\n<\/div>\n<div id=\"frm_field_29_container\" class=\"frm_form_field form-field  frm_required_field frm_top_container\">\r\n\t<label for=\"field_9vfz83\" id=\"field_9vfz83_label\" class=\"frm_primary_label\">Sujet\r\n\t\t<span class=\"frm_required\" aria-hidden=\"true\">*<\/span>\r\n\t<\/label>\r\n\t<input  type=\"text\" id=\"field_9vfz83\" name=\"item_meta[29]\" value=\"\"  data-reqmsg=\"Sujet cannot be blank.\" aria-required=\"true\" data-invmsg=\"Sujet is invalid\" aria-invalid=\"false\"   \/>\r\n\t\r\n\t\r\n<\/div>\n<div id=\"frm_field_30_container\" class=\"frm_form_field form-field  frm_top_container\">\r\n\t<label for=\"field_dek7k3\" id=\"field_dek7k3_label\" class=\"frm_primary_label\">Tel\u00e9fono\r\n\t\t<span class=\"frm_required\" aria-hidden=\"true\"><\/span>\r\n\t<\/label>\r\n\t<input type=\"tel\" id=\"field_dek7k3\" name=\"item_meta[30]\" value=\"\"  data-invmsg=\"Tel\u00e9fono is invalid\" aria-invalid=\"false\" pattern=\"((\\+\\d{1,3}(-|.| )?\\(?\\d\\)?(-| |.)?\\d{1,5})|(\\(?\\d{2,6}\\)?))(-|.| )?(\\d{3,4})(-|.| )?(\\d{4})(( x| ext)\\d{1,5}){0,1}$\"  \/>\r\n\t\r\n\t\r\n<\/div>\n<input type=\"hidden\" name=\"item_meta[31]\" id=\"field_te13l3\" value=\"\"     \/>\n<div id=\"frm_field_32_container\" class=\"frm_form_field form-field  frm_top_container\">\r\n\t<label for=\"field_r9tjq3\" id=\"field_r9tjq3_label\" class=\"frm_primary_label\">Mensaje\r\n\t\t<span class=\"frm_required\" aria-hidden=\"true\"><\/span>\r\n\t<\/label>\r\n\t<textarea name=\"item_meta[32]\" id=\"field_r9tjq3\" rows=\"5\"  data-invmsg=\"Mensaje no es v\u00e1lido\" aria-invalid=\"false\"  ><\/textarea>\r\n\t\r\n\t\r\n<\/div>\n<div id=\"frm_field_92_container\" class=\"frm_form_field form-field  frm_top_container\">\r\n\t<label for=\"field_5y4tb\" id=\"field_5y4tb_label\" class=\"frm_primary_label\">File Upload\r\n\t\t<span class=\"frm_required\" aria-hidden=\"true\"><\/span>\r\n\t<\/label>\r\n\t<input type=\"hidden\"  data-invmsg=\"File Upload no es v\u00e1lido\" aria-invalid=\"false\"   name=\"item_meta[92]\"  value=\"\" data-frmfile=\"92\" \/>\n\n<div class=\"frm_dropzone frm_single_upload frm_clearfix\" id=\"file92_dropzone\" role=\"group\" >\n\t<div class=\"fallback\">\n\t\t<input type=\"file\" name=\"file92\" id=\"field_5y4tb\"\n\t\t\t data-invmsg=\"File Upload no es v\u00e1lido\" aria-invalid=\"false\"  \t\t\t\/>\n\t\t\t\t<div class=\"frm_clearfix \"><\/div>\n\t<\/div>\n\t<div class=\"dz-message needsclick\">\n\t\t\t\t<svg  viewBox=\"0 0 18 18\" class=\"frmsvg frm-svg-icon\">\n\t<path viewBox=\"0 0 18 18\" fill-rule=\"evenodd\" clip-rule=\"evenodd\" d=\"M8.2 4v8a.8.8 0 001.5 0V4l2.1 2.2A.7.7 0 1013 5L9.5 1.7a.7.7 0 00-1.1 0L5.1 5.2a.8.8 0 001 1l2.1-2zm7.6 4.3c.4 0 .7.3.7.7v6.8c0 .4-.3.7-.8.7H2.3a.8.8 0 01-.8-.8V9A.8.8 0 013 9v6h12V9c0-.4.3-.8.8-.8z\"><\/path>\n<\/svg>\t\t<span class=\"frm_upload_text\"><button type=\"button\" aria-label=\"File Upload. Drop a file here or click to upload. Tama\u00f1o m\u00e1ximo del archivo: 134.22MB\">Drop a file here or click to upload<\/button><\/span>\n\t\t<span class=\"frm_compact_text\"><button type=\"button\" aria-label=\"File Upload. Choose File. Tama\u00f1o m\u00e1ximo del archivo: 134.22MB\">Choose File<\/button><\/span>\n\t\t<div class=\"frm_small_text\">\n\t\t\t<p>Tama\u00f1o m\u00e1ximo del archivo: 134.22MB<\/p>\n\t\t<\/div>\n\t<\/div>\n<\/div>\n\t\r\n\t\r\n\t\r\n<\/div>\n<div id=\"frm_field_33_container\" class=\"frm_form_field form-field \">\r\n\t<div class=\"frm_submit frm_flex\">\r\n<button class=\"frm_button_submit frm_final_submit\" type=\"submit\"   formnovalidate=\"formnovalidate\">Entregar<\/button>\r\n\r\n\r\n\r\n<\/div>\r\n<\/div>\n\t<input type=\"hidden\" name=\"item_key\" value=\"\" \/>\n\t\t\t<div id=\"frm_field_101_container\">\n\t\t\t<label for=\"field_v4zsr\" >\n\t\t\t\tSi eres humano, deja este campo en blanco.\t\t\t<\/label>\n\t\t\t<input  id=\"field_v4zsr\" type=\"text\" class=\"frm_form_field form-field frm_verify\" name=\"item_meta[101]\" value=\"\"  \/>\n\t\t<\/div>\n\t\t<input name=\"frm_state\" type=\"hidden\" value=\"Th87gwwkD6LlnLhKUVbSDevW15R0ohpA4lcXgWtNvuSKnnwUV8p0zEB1uOOgxaao\" \/><\/div>\n<\/fieldset>\n<\/div>\n\n<\/form>\n<\/div>\n[\/vc_column_text][\/vc_column][vc_column width=\u00bb1\/3&#8243;][vc_column_text]<\/p>\n<h2>ESTADOS UNIDOS y CANADA<\/h2>\n<p>131 Seventh Ave., Suite 140<br \/>\nNew York, NY 10011<br \/>\nEE.UU<br \/>\nTel +1 646 984 4073<br \/>\nCorreo electr\u00f3nico\u00a0<a href=\"mailto:clientservices@prontotranslations.com\">clientservices@prontotranslations.com<\/a><\/p>\n<h2>EUROPA<\/h2>\n<p>5, rue Jeanne d\u2019Arc<br \/>\n30000 N\u00eemes<br \/>\nFrancia<br \/>\nTel +33 7 78 34 66 01<br \/>\nCorreo electr\u00f3nico <a href=\"mailto:clientservices-eu@prontotranslations.com\">clientservices-asia@prontotranslations.com<\/a><\/p>\n<h2>ASIA (excepto Jap\u00f3n y Corea)<\/h2>\n<p>Suite 102, Bldg. 13<br \/>\n4 Huangpu Road<br \/>\nXuanwu District<br \/>\nNanjing 210016, China<br \/>\nTel +86 180 1399 0775<br \/>\nCorreo electr\u00f3nico lyyuan@clientservices-asia@prontotranslations.com<\/p>\n<h2>JAP\u00d3N<\/h2>\n<p>530-0001, Room 2307<br \/>\nOsaka Ekimae 3rd Building<br \/>\n1-1-3 Umeda, Kita-Ku<br \/>\nOsaka, Osaka-fu, Jap\u00f3n<br \/>\nTel +81 70 8553 2676<br \/>\nCorreo electr\u00f3nico\u00a0<a href=\"mailto:clientservices-japan@prontotranslations.com\">clientservices-japan@prontotranslations.com<\/a><\/p>\n<h2>COREA<\/h2>\n<p>105-901, 30 gil 27, Kwanak-ro<br \/>\nKwanak-gu<br \/>\nSe\u00fal 08734, Corea<br \/>\nTel +82-10-3242-1157<br \/>\nCorreo electr\u00f3nico\u00a0<a href=\"mailto:clientservices-korea@prontotranslations.com\">clientservices-korea@prontotranslations.com<\/a><\/p>\n<p>[\/vc_column_text][\/vc_column][\/vc_row][vc_row css_animation=\u00bb\u00bb row_type=\u00bbrow\u00bb use_row_as_full_screen_section=\u00bbno\u00bb type=\u00bbfull_width\u00bb angled_section=\u00bbno\u00bb text_align=\u00bbleft\u00bb background_image_as_pattern=\u00bbwithout_pattern\u00bb][vc_column][vc_empty_space height=\u00bb62px\u00bb][\/vc_column][\/vc_row]<\/p>\n<\/div>","protected":false},"excerpt":{"rendered":"<p>[vc_row css_animation=\u00bb\u00bb row_type=\u00bbrow\u00bb use_row_as_full_screen_section=\u00bbno\u00bb type=\u00bbgrid\u00bb angled_section=\u00bbno\u00bb text_align=\u00bbleft\u00bb background_image_as_pattern=\u00bbwithout_pattern\u00bb z_index=\u00bb\u00bb][vc_column width=\u00bb2\/3&#8243;][vc_column_text] Cont\u00e1ctenos ahora! Estamos disponibles para hablar de su proyecto de traducci\u00f3n y localizaci\u00f3n. Por favor,&#8230;<\/p>\n","protected":false},"author":1,"featured_media":0,"parent":0,"menu_order":0,"comment_status":"closed","ping_status":"closed","template":"full_width.php","meta":{"footnotes":""},"class_list":["post-3553","page","type-page","status-publish","hentry"],"_links":{"self":[{"href":"https:\/\/prontotranslations.com\/es\/wp-json\/wp\/v2\/pages\/3553","targetHints":{"allow":["GET"]}}],"collection":[{"href":"https:\/\/prontotranslations.com\/es\/wp-json\/wp\/v2\/pages"}],"about":[{"href":"https:\/\/prontotranslations.com\/es\/wp-json\/wp\/v2\/types\/page"}],"author":[{"embeddable":true,"href":"https:\/\/prontotranslations.com\/es\/wp-json\/wp\/v2\/users\/1"}],"replies":[{"embeddable":true,"href":"https:\/\/prontotranslations.com\/es\/wp-json\/wp\/v2\/comments?post=3553"}],"version-history":[{"count":6,"href":"https:\/\/prontotranslations.com\/es\/wp-json\/wp\/v2\/pages\/3553\/revisions"}],"predecessor-version":[{"id":6343,"href":"https:\/\/prontotranslations.com\/es\/wp-json\/wp\/v2\/pages\/3553\/revisions\/6343"}],"wp:attachment":[{"href":"https:\/\/prontotranslations.com\/es\/wp-json\/wp\/v2\/media?parent=3553"}],"curies":[{"name":"wp","href":"https:\/\/api.w.org\/{rel}","templated":true}]}}