{"id":8503,"date":"2024-08-11T15:17:35","date_gmt":"2024-08-11T15:17:35","guid":{"rendered":"https:\/\/prontotranslations.com\/?page_id=8503"},"modified":"2026-04-26T03:01:30","modified_gmt":"2026-04-26T03:01:30","slug":"servicios-de-interpretacion","status":"publish","type":"page","link":"https:\/\/prontotranslations.com\/es\/servicios-de-interpretacion\/","title":{"rendered":"Servicios de interpretaci\u00f3n"},"content":{"rendered":"<div class=\"wpb-content-wrapper\"><p>[vc_row css_animation=\u00bb\u00bb row_type=\u00bbrow\u00bb use_row_as_full_screen_section=\u00bbno\u00bb type=\u00bbfull_width\u00bb angled_section=\u00bbno\u00bb text_align=\u00bbleft\u00bb background_image_as_pattern=\u00bbwithout_pattern\u00bb z_index=\u00bb\u00bb][vc_column][vc_column_text css=\u00bb.vc_custom_1777171982570{padding-bottom: 30px !important;}\u00bb]<\/p>\n<h1 style=\"text-align: center;\">Los servicios profesionales de interpretaci\u00f3n eliminan las barreras ling\u00fc\u00edsticas en todos los \u00e1mbitos<\/h1>\n<p>[\/vc_column_text][\/vc_column][\/vc_row][vc_row css_animation=\u00bb\u00bb row_type=\u00bbrow\u00bb use_row_as_full_screen_section=\u00bbno\u00bb type=\u00bbgrid\u00bb angled_section=\u00bbno\u00bb text_align=\u00bbleft\u00bb background_image_as_pattern=\u00bbwithout_pattern\u00bb z_index=\u00bb\u00bb css=\u00bb.vc_custom_1719198241526{padding-top: 50px !important;padding-right: 10% !important;padding-left: 10% !important;}\u00bb][vc_column width=\u00bb1\/2&#8243; css=\u00bb.vc_custom_1712629369530{padding-right: 10% !important;padding-left: 10% !important;}\u00bb][vc_row_inner row_type=\u00bbrow\u00bb type=\u00bbfull_width\u00bb text_align=\u00bbcenter\u00bb css_animation=\u00bb\u00bb][vc_column_inner][vc_column_text css=\u00bb.vc_custom_1777172135868{padding-bottom: 50px !important;}\u00bb]<\/p>\n<p style=\"text-align: center;\"><strong>Pronto Translations cuenta con m\u00e1s de 25 a\u00f1os de trayectoria ofreciendo <a href=\"https:\/\/prontotranslations.com\/es\/\">servicios de traducci\u00f3n e interpretaci\u00f3n<\/a> en cientos de combinaciones ling\u00fc\u00edsticas y en una amplia variedad de sectores especializados, desde negocios hasta el \u00e1mbito m\u00e9dico.<\/strong><\/p>\n<p>&nbsp;<\/p>\n<p style=\"text-align: left;\">Hoy en d\u00eda, pr\u00e1cticamente cualquier organizaci\u00f3n o profesional puede necesitar servicios de interpretaci\u00f3n y traducci\u00f3n. Directivos y CEOs recurren a int\u00e9rpretes profesionales para reuniones con socios, clientes y proveedores internacionales, mientras que los profesionales de la salud trabajan con agencias de interpretaci\u00f3n al atender a pacientes que solicitan comunicarse en su propio idioma o al tratar casos complejos con colegas en otros pa\u00edses.<\/p>\n<p style=\"text-align: left;\">Incluso una llamada entre colegas de la misma empresa en distintos pa\u00edses puede requerir interpretaci\u00f3n. Muchas personas dominan uno o dos idiomas extranjeros a nivel conversacional, pero en contextos empresariales o profesionales se requieren servicios de interpretaci\u00f3n especializados para garantizar precisi\u00f3n y claridad.<\/p>\n<p>[\/vc_column_text][vc_column_text css=\u00bb.vc_custom_1777172183073{padding-top: 10px !important;padding-bottom: 10px !important;background-color: #00a6e4 !important;border-radius: 3px !important;}\u00bb]<\/p>\n<p style=\"text-align: center;\"><a href=\"https:\/\/prontotranslations.com\/es\/contacto\/\"><span style=\"color: #ffffff;\">Cont\u00e1ctenos para su proyecto de traducci\u00f3n o localizaci\u00f3n<\/span><\/a><\/p>\n<p>[\/vc_column_text][vc_empty_space height=\u00bb42px\u00bb][\/vc_column_inner][\/vc_row_inner][\/vc_column][vc_column width=\u00bb1\/2&#8243;][vc_single_image image=\u00bb8505&#8243; img_size=\u00bbfull\u00bb alignment=\u00bbcenter\u00bb css=\u00bb.vc_custom_1726011495355{padding-bottom: 30px !important;}\u00bb qode_css_animation=\u00bb\u00bb][vc_empty_space][\/vc_column][\/vc_row][vc_row css_animation=\u00bb\u00bb row_type=\u00bbrow\u00bb use_row_as_full_screen_section=\u00bbno\u00bb type=\u00bbgrid\u00bb angled_section=\u00bbno\u00bb text_align=\u00bbleft\u00bb background_image_as_pattern=\u00bbwithout_pattern\u00bb z_index=\u00bb\u00bb][vc_column][vc_separator type=\u00bbnormal\u00bb color=\u00bb#88cce2&#8243; thickness=\u00bb5&#8243; up=\u00bb0&#8243; down=\u00bb0&#8243;][\/vc_column][\/vc_row][vc_row css_animation=\u00bb\u00bb row_type=\u00bbrow\u00bb use_row_as_full_screen_section=\u00bbno\u00bb type=\u00bbfull_width\u00bb angled_section=\u00bbno\u00bb text_align=\u00bbleft\u00bb background_image_as_pattern=\u00bbwithout_pattern\u00bb z_index=\u00bb\u00bb css=\u00bb.vc_custom_1712718567412{background-color: rgba(0,166,228,0.05) !important;*background-color: rgb(0,166,228) !important;}\u00bb][vc_column][vc_row_inner row_type=\u00bbrow\u00bb type=\u00bbgrid\u00bb text_align=\u00bbleft\u00bb css_animation=\u00bb\u00bb css=\u00bb.vc_custom_1718510501771{padding-top: 50px !important;}\u00bb][vc_column_inner width=\u00bb1\/2&#8243;][vc_single_image image=\u00bb8506&#8243; img_size=\u00bbfull\u00bb qode_css_animation=\u00bb\u00bb][vc_empty_space][\/vc_column_inner][vc_column_inner width=\u00bb1\/2&#8243;][vc_column_text css=\u00bb.vc_custom_1777172414248{padding-bottom: 10px !important;}\u00bb]<\/p>\n<h2>Un int\u00e9rprete profesional adapta su estilo al tipo de reuni\u00f3n<\/h2>\n<p>Al evaluar el coste de los servicios de interpretaci\u00f3n, puede surgir la duda de si realmente merece la pena. Sin embargo, al trabajar con int\u00e9rpretes profesionales y experimentados, su intervenci\u00f3n resulta pr\u00e1cticamente imperceptible. Adem\u00e1s de sus competencias ling\u00fc\u00edsticas, los int\u00e9rpretes est\u00e1n formados en distintos modos de interpretaci\u00f3n y en mantener una presencia discreta y eficaz.<\/p>\n<p><strong>Ofrecemos los siguientes servicios de interpretaci\u00f3n, seg\u00fan sus necesidades:<\/strong><\/p>\n<ul>\n<li><strong>Interpretaci\u00f3n consecutiva<\/strong>: el orador realiza pausas para que el int\u00e9rprete transmita el mensaje con precisi\u00f3n.<\/li>\n<li><strong>Interpretaci\u00f3n simult\u00e1nea<\/strong>: modalidad altamente especializada que requiere int\u00e9rpretes capaces de traducir en tiempo real, al mismo ritmo del orador.<\/li>\n<li><strong>Interpretaci\u00f3n susurrada (chuchotage)<\/strong>: variante de la simult\u00e1nea en la que el int\u00e9rprete susurra la traducci\u00f3n directamente al oyente.<\/li>\n<li><strong>Interpretaci\u00f3n de acompa\u00f1amiento<\/strong>: en viajes de negocios, el int\u00e9rprete acompa\u00f1a a su equipo tanto en reuniones como en actividades programadas.<\/li>\n<li><strong>Interpretaci\u00f3n telef\u00f3nica<\/strong>: un int\u00e9rprete profesional se incorpora a conferencias telef\u00f3nicas, ya sea desde su oficina o en remoto.<\/li>\n<\/ul>\n<p>[\/vc_column_text][\/vc_column_inner][\/vc_row_inner][vc_row_inner row_type=\u00bbrow\u00bb type=\u00bbgrid\u00bb text_align=\u00bbleft\u00bb css_animation=\u00bb\u00bb][vc_column_inner][vc_column_text css=\u00bb\u00bb]<\/p>\n<ul>\n<li><strong>Interpretaci\u00f3n en videoconferencia<\/strong>: ideal para reuniones con participantes en distintos lugares e idiomas; el int\u00e9rprete se integra en plataformas como Zoom o Microsoft Teams para ofrecer interpretaci\u00f3n simult\u00e1nea.<\/li>\n<li><strong>Localizaci\u00f3n de v\u00eddeo<\/strong>: ampl\u00ede su alcance incorporando locuci\u00f3n profesional en ingl\u00e9s, espa\u00f1ol, chino y otros idiomas para webinars y v\u00eddeos publicados en su sitio web, YouTube u otras plataformas digitales.<\/li>\n<\/ul>\n<p>[\/vc_column_text][vc_empty_space height=\u00bb42px\u00bb][\/vc_column_inner][\/vc_row_inner][\/vc_column][\/vc_row][vc_row css_animation=\u00bb\u00bb row_type=\u00bbrow\u00bb use_row_as_full_screen_section=\u00bbno\u00bb type=\u00bbgrid\u00bb angled_section=\u00bbno\u00bb text_align=\u00bbleft\u00bb background_image_as_pattern=\u00bbwithout_pattern\u00bb z_index=\u00bb\u00bb][vc_column][vc_separator type=\u00bbnormal\u00bb color=\u00bb#88cce2&#8243; thickness=\u00bb5&#8243; up=\u00bb0&#8243; down=\u00bb0&#8243;][\/vc_column][\/vc_row][vc_row css_animation=\u00bb\u00bb row_type=\u00bbrow\u00bb use_row_as_full_screen_section=\u00bbno\u00bb type=\u00bbfull_width\u00bb angled_section=\u00bbno\u00bb text_align=\u00bbleft\u00bb background_image_as_pattern=\u00bbwithout_pattern\u00bb z_index=\u00bb\u00bb css=\u00bb.vc_custom_1718512349787{padding-top: 50px !important;padding-bottom: 30px !important;}\u00bb][vc_column][vc_row_inner row_type=\u00bbrow\u00bb type=\u00bbgrid\u00bb text_align=\u00bbleft\u00bb css_animation=\u00bb\u00bb][vc_column_inner width=\u00bb1\/2&#8243;][vc_column_text css=\u00bb.vc_custom_1777172401491{padding-bottom: 30px !important;}\u00bb]<\/p>\n<h2>Principales ventajas de trabajar con una agencia de interpretaci\u00f3n profesional<\/h2>\n<p>Los servicios de interpretaci\u00f3n implican el acceso a informaci\u00f3n sensible. Al trabajar con una agencia profesional, puede tener la certeza de que el int\u00e9rprete:<\/p>\n<ul>\n<li>Cuenta con dominio pleno de ambos idiomas<\/li>\n<li>Est\u00e1 especializado en su sector<\/li>\n<li>Ha recibido formaci\u00f3n en confidencialidad, seguridad y protecci\u00f3n de datos<\/li>\n<\/ul>\n<p>Puede confiar en que el contenido de sus reuniones o llamadas se mantendr\u00e1 completamente confidencial.[\/vc_column_text][\/vc_column_inner][vc_column_inner width=\u00bb1\/2&#8243;][vc_single_image image=\u00bb8507&#8243; img_size=\u00bbfull\u00bb qode_css_animation=\u00bb\u00bb][vc_empty_space height=\u00bb12px\u00bb][\/vc_column_inner][\/vc_row_inner][\/vc_column][\/vc_row][vc_row css_animation=\u00bb\u00bb row_type=\u00bbrow\u00bb use_row_as_full_screen_section=\u00bbno\u00bb type=\u00bbgrid\u00bb angled_section=\u00bbno\u00bb text_align=\u00bbleft\u00bb background_image_as_pattern=\u00bbwithout_pattern\u00bb z_index=\u00bb\u00bb][vc_column][vc_separator type=\u00bbnormal\u00bb color=\u00bb#88cce2&#8243; thickness=\u00bb5&#8243; up=\u00bb0&#8243; down=\u00bb0&#8243;][\/vc_column][\/vc_row][vc_row css_animation=\u00bb\u00bb row_type=\u00bbrow\u00bb use_row_as_full_screen_section=\u00bbno\u00bb type=\u00bbfull_width\u00bb angled_section=\u00bbno\u00bb text_align=\u00bbleft\u00bb background_image_as_pattern=\u00bbwithout_pattern\u00bb css=\u00bb.vc_custom_1726012417372{background-color: rgba(0,166,228,0.05) !important;*background-color: rgb(0,166,228) !important;}\u00bb z_index=\u00bb\u00bb][vc_column][vc_row_inner row_type=\u00bbrow\u00bb type=\u00bbgrid\u00bb text_align=\u00bbleft\u00bb css_animation=\u00bb\u00bb][vc_column_inner][vc_column_text css=\u00bb.vc_custom_1777172456212{padding-top: 30px !important;padding-bottom: 40px !important;}\u00bb]<\/p>\n<h2>Una agencia de interpretaci\u00f3n de confianza para sus necesidades<\/h2>\n<p>Pronto Translations lleva m\u00e1s de 20 a\u00f1os prestando servicios de interpretaci\u00f3n. Nuestros int\u00e9rpretes profesionales trabajan en m\u00e1s de 300 combinaciones ling\u00fc\u00edsticas y cubren m\u00faltiples \u00e1reas de especializaci\u00f3n, incluyendo medicina, negocios, finanzas, marketing y relaciones p\u00fablicas.<\/p>\n<p><strong>Contacte ahora con uno de nuestros representantes: +1 646 984 4073<\/strong>[\/vc_column_text][vc_column_text css=\u00bb.vc_custom_1771468795508{padding-top: 30px !important;padding-bottom: 40px !important;}\u00bb][\/vc_column_text][\/vc_column_inner][\/vc_row_inner][\/vc_column][\/vc_row][vc_row css_animation=\u00bb\u00bb row_type=\u00bbrow\u00bb use_row_as_full_screen_section=\u00bbno\u00bb type=\u00bbfull_width\u00bb angled_section=\u00bbno\u00bb text_align=\u00bbleft\u00bb background_image_as_pattern=\u00bbwithout_pattern\u00bb z_index=\u00bb\u00bb background_color=\u00bbrgba(0,166,228,0.35)\u00bb][vc_column][vc_row_inner row_type=\u00bbrow\u00bb type=\u00bbgrid\u00bb text_align=\u00bbleft\u00bb css_animation=\u00bb\u00bb css=\u00bb.vc_custom_1712461537481{margin-top: 30px !important;margin-bottom: 30px !important;}\u00bb][vc_column_inner][vc_column_text css=\u00bb.vc_custom_1777172486386{padding-top: 15px !important;padding-right: 10px !important;padding-bottom: 15px !important;padding-left: 10px !important;background-color: #00a5e4 !important;border-radius: 3px !important;}\u00bb]<\/p>\n<p style=\"text-align: center;\"><span style=\"color: #ffffff;\"><a style=\"color: #ffffff;\" href=\"https:\/\/prontotranslations.com\/es\/contacto\/\">Cont\u00e1ctenos para su proyecto de traducci\u00f3n o localizaci\u00f3n<\/a><\/span><\/p>\n<p>[\/vc_column_text][\/vc_column_inner][\/vc_row_inner][\/vc_column][\/vc_row]<\/p>\n<\/div>","protected":false},"excerpt":{"rendered":"<p>[vc_row css_animation=\u00bb\u00bb row_type=\u00bbrow\u00bb use_row_as_full_screen_section=\u00bbno\u00bb type=\u00bbfull_width\u00bb angled_section=\u00bbno\u00bb text_align=\u00bbleft\u00bb background_image_as_pattern=\u00bbwithout_pattern\u00bb z_index=\u00bb\u00bb][vc_column][vc_column_text css=\u00bb.vc_custom_1777171982570{padding-bottom: 30px !important;}\u00bb] Los servicios profesionales de interpretaci\u00f3n eliminan las barreras ling\u00fc\u00edsticas en todos los \u00e1mbitos&#8230;<\/p>\n","protected":false},"author":1,"featured_media":0,"parent":0,"menu_order":0,"comment_status":"closed","ping_status":"closed","template":"full_width.php","meta":{"footnotes":""},"class_list":["post-8503","page","type-page","status-publish","hentry"],"_links":{"self":[{"href":"https:\/\/prontotranslations.com\/es\/wp-json\/wp\/v2\/pages\/8503","targetHints":{"allow":["GET"]}}],"collection":[{"href":"https:\/\/prontotranslations.com\/es\/wp-json\/wp\/v2\/pages"}],"about":[{"href":"https:\/\/prontotranslations.com\/es\/wp-json\/wp\/v2\/types\/page"}],"author":[{"embeddable":true,"href":"https:\/\/prontotranslations.com\/es\/wp-json\/wp\/v2\/users\/1"}],"replies":[{"embeddable":true,"href":"https:\/\/prontotranslations.com\/es\/wp-json\/wp\/v2\/comments?post=8503"}],"version-history":[{"count":7,"href":"https:\/\/prontotranslations.com\/es\/wp-json\/wp\/v2\/pages\/8503\/revisions"}],"predecessor-version":[{"id":8514,"href":"https:\/\/prontotranslations.com\/es\/wp-json\/wp\/v2\/pages\/8503\/revisions\/8514"}],"wp:attachment":[{"href":"https:\/\/prontotranslations.com\/es\/wp-json\/wp\/v2\/media?parent=8503"}],"curies":[{"name":"wp","href":"https:\/\/api.w.org\/{rel}","templated":true}]}}