{"id":2586,"date":"2024-08-05T01:37:34","date_gmt":"2024-08-05T01:37:34","guid":{"rendered":"https:\/\/aw-web.com\/pronto2\/?page_id=2586"},"modified":"2026-02-15T03:52:08","modified_gmt":"2026-02-15T03:52:08","slug":"offres-demploi","status":"publish","type":"page","link":"https:\/\/prontotranslations.com\/fr\/offres-demploi\/","title":{"rendered":"Offres d&#8217;emploi"},"content":{"rendered":"<div class=\"wpb-content-wrapper\"><p>[vc_row css_animation=\u00a0\u00bb\u00a0\u00bb row_type=\u00a0\u00bbrow\u00a0\u00bb use_row_as_full_screen_section=\u00a0\u00bbno\u00a0\u00bb type=\u00a0\u00bbfull_width\u00a0\u00bb angled_section=\u00a0\u00bbno\u00a0\u00bb text_align=\u00a0\u00bbleft\u00a0\u00bb background_image_as_pattern=\u00a0\u00bbwithout_pattern\u00a0\u00bb z_index=\u00a0\u00bb\u00a0\u00bb][vc_column][vc_column_text css=\u00a0\u00bb.vc_custom_1771127517955{padding-bottom: 30px !important;}\u00a0\u00bb]<\/p>\n<h1 style=\"text-align: center;\">Offres d\u2019emploi pour les interpr\u00e8tes<\/h1>\n<p>[\/vc_column_text][\/vc_column][\/vc_row][vc_row css_animation=\u00a0\u00bb\u00a0\u00bb row_type=\u00a0\u00bbrow\u00a0\u00bb use_row_as_full_screen_section=\u00a0\u00bbno\u00a0\u00bb type=\u00a0\u00bbfull_width\u00a0\u00bb angled_section=\u00a0\u00bbno\u00a0\u00bb text_align=\u00a0\u00bbleft\u00a0\u00bb background_image_as_pattern=\u00a0\u00bbwithout_pattern\u00a0\u00bb z_index=\u00a0\u00bb\u00a0\u00bb css=\u00a0\u00bb.vc_custom_1722821750141{padding-top: 50px !important;padding-right: 10% !important;padding-left: 10% !important;}\u00a0\u00bb][vc_column width=\u00a0\u00bb1\/2&Prime; css=\u00a0\u00bb.vc_custom_1712629369530{padding-right: 10% !important;padding-left: 10% !important;}\u00a0\u00bb][vc_row_inner row_type=\u00a0\u00bbrow\u00a0\u00bb type=\u00a0\u00bbfull_width\u00a0\u00bb text_align=\u00a0\u00bbcenter\u00a0\u00bb css_animation=\u00a0\u00bb\u00a0\u00bb css=\u00a0\u00bb.vc_custom_1722784476757{padding-top: 20px !important;}\u00a0\u00bb][vc_column_inner][vc_column_text css=\u00a0\u00bb.vc_custom_1770610142813{padding-bottom: 50px !important;}\u00a0\u00bb]<\/p>\n<p style=\"text-align: center;\"><strong>Pronto Translations recrute actuellement des interpr\u00e8tes ind\u00e9pendants pour toutes les combinaisons linguistiques.<\/strong><\/p>\n<p>[\/vc_column_text][\/vc_column_inner][\/vc_row_inner][vc_column_text css=\u00a0\u00bb\u00a0\u00bb]Pronto Translations propose des services professionnels de traduction et d\u2019interpr\u00e9tation \u00e0 des clients dans le monde entier. \u00c0 ce stade, nous recrutons uniquement des interpr\u00e8tes ind\u00e9pendants pour des missions sur site et \u00e0 distance, dans divers contextes professionnels.<\/p>\n<p><em>Veuillez noter que nous n\u2019acceptons pas actuellement de candidatures pour des postes de traducteur.<\/em><\/p>\n<h2>Exigences relatives aux candidatures<\/h2>\n<p>En raison du nombre \u00e9lev\u00e9 de profils frauduleux ou usurpant l\u2019identit\u00e9 de professionnels, les candidatures ne seront examin\u00e9es que si elles sont soumises sous forme de CV et comprennent l\u2019ensemble des informations v\u00e9rifiables suivantes :<\/p>\n<ul>\n<li>une adresse e-mail valide<\/li>\n<li>un num\u00e9ro de t\u00e9l\u00e9phone valide<\/li>\n<li>une adresse postale physique (les bo\u00eetes postales ne sont pas accept\u00e9es)<\/li>\n<\/ul>\n<p>[\/vc_column_text][vc_empty_space][\/vc_column][vc_column width=\u00a0\u00bb1\/2&Prime;][vc_single_image image=\u00a0\u00bb2152&Prime; img_size=\u00a0\u00bbfull\u00a0\u00bb alignment=\u00a0\u00bbcenter\u00a0\u00bb css=\u00a0\u00bb.vc_custom_1722821393036{padding-bottom: 30px !important;}\u00a0\u00bb qode_css_animation=\u00a0\u00bb\u00a0\u00bb][vc_empty_space][\/vc_column][\/vc_row][vc_row css_animation=\u00a0\u00bb\u00a0\u00bb row_type=\u00a0\u00bbrow\u00a0\u00bb use_row_as_full_screen_section=\u00a0\u00bbno\u00a0\u00bb type=\u00a0\u00bbfull_width\u00a0\u00bb angled_section=\u00a0\u00bbno\u00a0\u00bb text_align=\u00a0\u00bbleft\u00a0\u00bb background_image_as_pattern=\u00a0\u00bbwithout_pattern\u00a0\u00bb z_index=\u00a0\u00bb\u00a0\u00bb][vc_column][vc_column_text css=\u00a0\u00bb.vc_custom_1770612020550{padding-right: 13% !important;padding-left: 13% !important;}\u00a0\u00bb]Notre processus de recrutement comprend un entretien t\u00e9l\u00e9phonique obligatoire afin de v\u00e9rifier l\u2019identit\u00e9 et le parcours professionnel.<\/p>\n<p>Les candidatures qui ne sont pas soumises sous forme de CV, qui ne contiennent pas d\u2019informations compl\u00e8tes et v\u00e9rifiables, ou qui concernent des postes de traduction, ne seront pas prises en consid\u00e9ration.<\/p>\n<h2>Profil recherch\u00e9 (\u00e0 titre pr\u00e9f\u00e9rentiel)<\/h2>\n<p>La priorit\u00e9 sera accord\u00e9e aux candidats remplissant un ou plusieurs des crit\u00e8res suivants :<\/p>\n<ul>\n<li>dipl\u00f4me en interpr\u00e9tation d\u00e9livr\u00e9 par un \u00e9tablissement accr\u00e9dit\u00e9<\/li>\n<li>adh\u00e9sion \u00e0 une association nationale reconnue de traducteurs ou d\u2019interpr\u00e8tes<\/li>\n<li>exp\u00e9rience professionnelle document\u00e9e en interpr\u00e9tation dans des domaines pertinents<\/li>\n<\/ul>\n<p>[\/vc_column_text][vc_row_inner row_type=\u00a0\u00bbrow\u00a0\u00bb type=\u00a0\u00bbfull_width\u00a0\u00bb text_align=\u00a0\u00bbleft\u00a0\u00bb css_animation=\u00a0\u00bb\u00a0\u00bb][vc_column_inner][vc_empty_space][\/vc_column_inner][\/vc_row_inner][\/vc_column][\/vc_row][vc_row css_animation=\u00a0\u00bb\u00a0\u00bb row_type=\u00a0\u00bbrow\u00a0\u00bb use_row_as_full_screen_section=\u00a0\u00bbno\u00a0\u00bb type=\u00a0\u00bbgrid\u00a0\u00bb angled_section=\u00a0\u00bbno\u00a0\u00bb text_align=\u00a0\u00bbleft\u00a0\u00bb background_image_as_pattern=\u00a0\u00bbwithout_pattern\u00a0\u00bb z_index=\u00a0\u00bb\u00a0\u00bb][vc_column][vc_separator type=\u00a0\u00bbnormal\u00a0\u00bb color=\u00a0\u00bb#88cce2&Prime; thickness=\u00a0\u00bb5&Prime; up=\u00a0\u00bb0&Prime; down=\u00a0\u00bb0&Prime;][\/vc_column][\/vc_row][vc_row css_animation=\u00a0\u00bb\u00a0\u00bb row_type=\u00a0\u00bbrow\u00a0\u00bb use_row_as_full_screen_section=\u00a0\u00bbno\u00a0\u00bb type=\u00a0\u00bbfull_width\u00a0\u00bb angled_section=\u00a0\u00bbno\u00a0\u00bb text_align=\u00a0\u00bbleft\u00a0\u00bb background_image_as_pattern=\u00a0\u00bbwithout_pattern\u00a0\u00bb][vc_column][vc_row_inner row_type=\u00a0\u00bbrow\u00a0\u00bb type=\u00a0\u00bbgrid\u00a0\u00bb text_align=\u00a0\u00bbleft\u00a0\u00bb css_animation=\u00a0\u00bb\u00a0\u00bb][vc_column_inner][vc_column_text css=\u00a0\u00bb.vc_custom_1770610405726{padding-top: 30px !important;padding-bottom: 40px !important;}\u00a0\u00bb]<\/p>\n<p style=\"text-align: center;\">Nous recherchons des personnes faisant preuve de caract\u00e8re, de motivation et de talent. Les candidats int\u00e9ress\u00e9s sont invit\u00e9s \u00e0 envoyer leur CV \u00e0 \u00a0l\u2019adresse <a href=\"mailto:contact@prontotranslations.com\">contact@prontotranslations.com<\/a><\/p>\n<p>[\/vc_column_text][\/vc_column_inner][\/vc_row_inner][\/vc_column][\/vc_row][vc_row css_animation=\u00a0\u00bb\u00a0\u00bb row_type=\u00a0\u00bbrow\u00a0\u00bb use_row_as_full_screen_section=\u00a0\u00bbno\u00a0\u00bb type=\u00a0\u00bbgrid\u00a0\u00bb angled_section=\u00a0\u00bbno\u00a0\u00bb text_align=\u00a0\u00bbleft\u00a0\u00bb background_image_as_pattern=\u00a0\u00bbwithout_pattern\u00a0\u00bb z_index=\u00a0\u00bb\u00a0\u00bb][vc_column][vc_separator type=\u00a0\u00bbnormal\u00a0\u00bb color=\u00a0\u00bb#88cce2&Prime; thickness=\u00a0\u00bb5&Prime; up=\u00a0\u00bb0&Prime; down=\u00a0\u00bb0&Prime;][\/vc_column][\/vc_row]<\/p>\n<\/div>","protected":false},"excerpt":{"rendered":"<p>[vc_row css_animation=\u00a0\u00bb\u00a0\u00bb row_type=\u00a0\u00bbrow\u00a0\u00bb use_row_as_full_screen_section=\u00a0\u00bbno\u00a0\u00bb type=\u00a0\u00bbfull_width\u00a0\u00bb angled_section=\u00a0\u00bbno\u00a0\u00bb text_align=\u00a0\u00bbleft\u00a0\u00bb background_image_as_pattern=\u00a0\u00bbwithout_pattern\u00a0\u00bb z_index=\u00a0\u00bb\u00a0\u00bb][vc_column][vc_column_text css=\u00a0\u00bb.vc_custom_1771127517955{padding-bottom: 30px !important;}\u00a0\u00bb] Offres d\u2019emploi pour les interpr\u00e8tes [\/vc_column_text][\/vc_column][\/vc_row][vc_row css_animation=\u00a0\u00bb\u00a0\u00bb row_type=\u00a0\u00bbrow\u00a0\u00bb use_row_as_full_screen_section=\u00a0\u00bbno\u00a0\u00bb type=\u00a0\u00bbfull_width\u00a0\u00bb angled_section=\u00a0\u00bbno\u00a0\u00bb text_align=\u00a0\u00bbleft\u00a0\u00bb background_image_as_pattern=\u00a0\u00bbwithout_pattern\u00a0\u00bb&#8230;<\/p>\n","protected":false},"author":1,"featured_media":0,"parent":0,"menu_order":3,"comment_status":"closed","ping_status":"closed","template":"full_width.php","meta":{"footnotes":""},"class_list":["post-2586","page","type-page","status-publish","hentry"],"_links":{"self":[{"href":"https:\/\/prontotranslations.com\/fr\/wp-json\/wp\/v2\/pages\/2586","targetHints":{"allow":["GET"]}}],"collection":[{"href":"https:\/\/prontotranslations.com\/fr\/wp-json\/wp\/v2\/pages"}],"about":[{"href":"https:\/\/prontotranslations.com\/fr\/wp-json\/wp\/v2\/types\/page"}],"author":[{"embeddable":true,"href":"https:\/\/prontotranslations.com\/fr\/wp-json\/wp\/v2\/users\/1"}],"replies":[{"embeddable":true,"href":"https:\/\/prontotranslations.com\/fr\/wp-json\/wp\/v2\/comments?post=2586"}],"version-history":[{"count":19,"href":"https:\/\/prontotranslations.com\/fr\/wp-json\/wp\/v2\/pages\/2586\/revisions"}],"predecessor-version":[{"id":8301,"href":"https:\/\/prontotranslations.com\/fr\/wp-json\/wp\/v2\/pages\/2586\/revisions\/8301"}],"wp:attachment":[{"href":"https:\/\/prontotranslations.com\/fr\/wp-json\/wp\/v2\/media?parent=2586"}],"curies":[{"name":"wp","href":"https:\/\/api.w.org\/{rel}","templated":true}]}}