{"id":2589,"date":"2024-06-16T04:50:10","date_gmt":"2024-06-16T04:50:10","guid":{"rendered":"https:\/\/aw-web.com\/pronto2\/?page_id=2589"},"modified":"2026-01-08T03:26:12","modified_gmt":"2026-01-08T03:26:12","slug":"les-langues","status":"publish","type":"page","link":"https:\/\/prontotranslations.com\/fr\/les-langues\/","title":{"rendered":"Les Langues"},"content":{"rendered":"<div class=\"wpb-content-wrapper\"><p>[vc_row css_animation=\u00a0\u00bb\u00a0\u00bb row_type=\u00a0\u00bbrow\u00a0\u00bb use_row_as_full_screen_section=\u00a0\u00bbno\u00a0\u00bb type=\u00a0\u00bbfull_width\u00a0\u00bb angled_section=\u00a0\u00bbno\u00a0\u00bb text_align=\u00a0\u00bbleft\u00a0\u00bb background_image_as_pattern=\u00a0\u00bbwithout_pattern\u00a0\u00bb z_index=\u00a0\u00bb\u00a0\u00bb][vc_column][vc_column_text]<\/p>\n<h1 style=\"text-align: center;\">Nos langues<\/h1>\n<p>[\/vc_column_text][\/vc_column][\/vc_row][vc_row css_animation=\u00a0\u00bb\u00a0\u00bb row_type=\u00a0\u00bbrow\u00a0\u00bb use_row_as_full_screen_section=\u00a0\u00bbno\u00a0\u00bb type=\u00a0\u00bbgrid\u00a0\u00bb angled_section=\u00a0\u00bbno\u00a0\u00bb text_align=\u00a0\u00bbleft\u00a0\u00bb background_image_as_pattern=\u00a0\u00bbwithout_pattern\u00a0\u00bb z_index=\u00a0\u00bb\u00a0\u00bb css=\u00a0\u00bb.vc_custom_1719198241526{padding-top: 50px !important;padding-right: 10% !important;padding-left: 10% !important;}\u00a0\u00bb][vc_column width=\u00a0\u00bb1\/2&Prime; css=\u00a0\u00bb.vc_custom_1712629369530{padding-right: 10% !important;padding-left: 10% !important;}\u00a0\u00bb][vc_column_text css=\u00a0\u00bb.vc_custom_1729004345273{padding-bottom: 40px !important;}\u00a0\u00bb]<\/p>\n<p style=\"text-align: center;\"><span style=\"color: #00a6e4;\"><strong><span style=\"color: #000000;\">Si vous avez un projet dans une langue ou une combinaison de langues que vous ne voyez pas ici, nous disposons d\u2019un r\u00e9seau tr\u00e8s solide et sommes convaincus de pouvoir trouver rapidement des traducteurs comp\u00e9tents et de qualit\u00e9 pour traiter votre projet.<\/span> <\/strong><\/span><\/p>\n<p>[\/vc_column_text][vc_row_inner row_type=\u00a0\u00bbrow\u00a0\u00bb type=\u00a0\u00bbfull_width\u00a0\u00bb text_align=\u00a0\u00bbcenter\u00a0\u00bb css_animation=\u00a0\u00bb\u00a0\u00bb css=\u00a0\u00bb.vc_custom_1718510388324{padding-top: 40px !important;}\u00a0\u00bb][vc_column_inner][vc_column_text css=\u00a0\u00bb.vc_custom_1727826815993{padding-top: 10px !important;padding-bottom: 10px !important;background-color: #00a6e4 !important;border-radius: 3px !important;}\u00a0\u00bb]<\/p>\n<p style=\"text-align: center;\"><a href=\"https:\/\/prontotranslations.com\/fr\/contact\/\"><span style=\"color: #ffffff;\">Contactez-nous pour vos projets de traduction et de localisation<\/span><\/a><\/p>\n<p>[\/vc_column_text][vc_empty_space][\/vc_column_inner][\/vc_row_inner][\/vc_column][vc_column width=\u00a0\u00bb1\/2&Prime;][vc_single_image image=\u00a0\u00bb2168&Prime; img_size=\u00a0\u00bbfull\u00a0\u00bb alignment=\u00a0\u00bbcenter\u00a0\u00bb qode_css_animation=\u00a0\u00bb\u00a0\u00bb css=\u00a0\u00bb.vc_custom_1722977741611{padding-bottom: 30px !important;}\u00a0\u00bb][vc_empty_space][\/vc_column][\/vc_row][vc_row css_animation=\u00a0\u00bb\u00a0\u00bb row_type=\u00a0\u00bbrow\u00a0\u00bb use_row_as_full_screen_section=\u00a0\u00bbno\u00a0\u00bb type=\u00a0\u00bbgrid\u00a0\u00bb angled_section=\u00a0\u00bbno\u00a0\u00bb text_align=\u00a0\u00bbleft\u00a0\u00bb background_image_as_pattern=\u00a0\u00bbwithout_pattern\u00a0\u00bb z_index=\u00a0\u00bb\u00a0\u00bb][vc_column][vc_separator type=\u00a0\u00bbnormal\u00a0\u00bb color=\u00a0\u00bb#88cce2&Prime; thickness=\u00a0\u00bb5&Prime; up=\u00a0\u00bb0&Prime; down=\u00a0\u00bb0&Prime;][\/vc_column][\/vc_row][vc_row css_animation=\u00a0\u00bb\u00a0\u00bb row_type=\u00a0\u00bbrow\u00a0\u00bb use_row_as_full_screen_section=\u00a0\u00bbno\u00a0\u00bb type=\u00a0\u00bbfull_width\u00a0\u00bb angled_section=\u00a0\u00bbno\u00a0\u00bb text_align=\u00a0\u00bbleft\u00a0\u00bb background_image_as_pattern=\u00a0\u00bbwithout_pattern\u00a0\u00bb z_index=\u00a0\u00bb\u00a0\u00bb css=\u00a0\u00bb.vc_custom_1712718567412{background-color: rgba(0,166,228,0.05) !important;*background-color: rgb(0,166,228) !important;}\u00a0\u00bb][vc_column][vc_row_inner row_type=\u00a0\u00bbrow\u00a0\u00bb type=\u00a0\u00bbgrid\u00a0\u00bb text_align=\u00a0\u00bbleft\u00a0\u00bb css_animation=\u00a0\u00bb\u00a0\u00bb css=\u00a0\u00bb.vc_custom_1718510501771{padding-top: 50px !important;}\u00a0\u00bb][vc_column_inner width=\u00a0\u00bb1\/2&Prime;][vc_single_image image=\u00a0\u00bb2137&Prime; img_size=\u00a0\u00bbfull\u00a0\u00bb qode_css_animation=\u00a0\u00bb\u00a0\u00bb][vc_empty_space height=\u00a0\u00bb52px\u00a0\u00bb][\/vc_column_inner][vc_column_inner width=\u00a0\u00bb1\/2&Prime;][vc_column_text css=\u00a0\u00bb.vc_custom_1727827150819{padding-top: 10px !important;padding-bottom: 40px !important;}\u00a0\u00bb]<\/p>\n<ul>\n<li><strong>L\u2019Am\u00e9rique du Nord<\/strong><br \/>\nanglais (am\u00e9ricain et canadien) \u2013 cr\u00e9ole ha\u00eftien (krey\u00f2l) \u2013 espagnol d\u2019Am\u00e9rique latine \u2013 espagnol du Mexique \u2013 espagnol des \u00c9tats-Unis \u2013 fran\u00e7ais canadien \u2013 garifuna \u2013 ixil \u2013 k\u2019iche\u2019 \u2013 mam \u2013 maya yucat\u00e8que \u2013 mixt\u00e8que \u2013 nahuatl \u2013 otomi \u2013 trique \u2013 tzotzil \u2013 zapot\u00e8que<\/li>\n<li><strong>L\u2019Am\u00e9rique du Sud<\/strong><br \/>\naymara \u2013 espagnol d\u2019Am\u00e9rique latine \u2013 guarani \u2013 kichwa \u2013 mapudungun \u2013 portugais du Br\u00e9sil \u2013 quechua \u2013 shuars<\/li>\n<\/ul>\n<ul>\n<li><strong>L\u2019Europe de l\u2019Ouest<\/strong><br \/>\nallemand \u2013 anglais \u2013 catalan \u2013 danois \u2013 espagnol \u2013 finnois \u2013 flamand \u2013 fran\u00e7ais \u2013 gallois \u2013 grec \u2013 irlandais \u2013 islandais \u2013 italien \u2013 latin \u2013 luxembourgeois \u2013 maltais \u2013 n\u00e9erlandais \u2013 norv\u00e9gien \u2013 portugais \u2013 romanche \u2013 su\u00e9dois<\/li>\n<\/ul>\n<ul>\n<li><strong>L\u2019Europe de l\u2019Est<\/strong><br \/>\nalbanais \u2013 bi\u00e9lorusse \u2013 bosniaque \u2013 bulgare \u2013 croate \u2013 estonien \u2013 hongrois \u2013 letton \u2013 lituanien \u2013 mac\u00e9donien \u2013 moldave \u2013 mont\u00e9n\u00e9grin \u2013 polonais \u2013 roumain \u2013 russe \u2013 serbe \u2013 slovaque \u2013 slov\u00e8ne \u2013 tch\u00e8que \u2013 ukrainien<\/li>\n<\/ul>\n<ul>\n<li><strong>L\u2019Afrique<\/strong><br \/>\nacholi \u2013 afar \u2013 afrikaans \u2013 amharique \u2013 arabe de Djouba \u2013 bambara \u2013 baoul\u00e9 \u2013 bari \u2013 basa \u2013 bemba \u2013 chewa \u2013 cr\u00e9ole capverdien \u2013 cr\u00e9ole mauricien \u2013 dinka \u2013 dioula \u2013 dogon \u2013 \u00e9w\u00e9 \u2013 fanti \u2013 fon \u2013 haoussa \u2013 \u00ecgb\u00f2 \u2013 kalenjin \u2013 kamba \u2013 kinyarwanda \u2013 kikongo \u2013 kirundi \u2013 krio \u2013 kunama \u2013 lingala \u2013 luganda \u2013 maay \u2013 malgache \u2013 mandinka (mandingue) \u2013 meru \u2013 mossi\/moor\u00e9 \u2013 nd\u00e9b\u00e9l\u00e9 \u2013 portugais du Mozambique \u2013 nuer \u2013 oromo \u2013 peul \u2013 shona \u2013 somali \u2013 songha\u00ef \u2013 sonink\u00e9 \u2013 sotho du Nord \u2013 sotho du Sud \u2013 swahili \u2013 swati \u2013 tamasheq \u2013 tigr\u00e9 \u2013 tigrigna \u2013 tsonga \u2013 tswana \u2013 twi \u2013 venda \u2013 wolof \u2013 xhosa \u2013 yoruba \u2013 zoulou<\/li>\n<\/ul>\n<p>[\/vc_column_text][\/vc_column_inner][\/vc_row_inner][\/vc_column][\/vc_row][vc_row css_animation=\u00a0\u00bb\u00a0\u00bb row_type=\u00a0\u00bbrow\u00a0\u00bb use_row_as_full_screen_section=\u00a0\u00bbno\u00a0\u00bb type=\u00a0\u00bbgrid\u00a0\u00bb angled_section=\u00a0\u00bbno\u00a0\u00bb text_align=\u00a0\u00bbleft\u00a0\u00bb background_image_as_pattern=\u00a0\u00bbwithout_pattern\u00a0\u00bb z_index=\u00a0\u00bb\u00a0\u00bb][vc_column][vc_separator type=\u00a0\u00bbnormal\u00a0\u00bb color=\u00a0\u00bb#88cce2&Prime; thickness=\u00a0\u00bb5&Prime; up=\u00a0\u00bb0&Prime; down=\u00a0\u00bb0&Prime;][\/vc_column][\/vc_row][vc_row css_animation=\u00a0\u00bb\u00a0\u00bb row_type=\u00a0\u00bbrow\u00a0\u00bb use_row_as_full_screen_section=\u00a0\u00bbno\u00a0\u00bb type=\u00a0\u00bbfull_width\u00a0\u00bb angled_section=\u00a0\u00bbno\u00a0\u00bb text_align=\u00a0\u00bbleft\u00a0\u00bb background_image_as_pattern=\u00a0\u00bbwithout_pattern\u00a0\u00bb z_index=\u00a0\u00bb\u00a0\u00bb css=\u00a0\u00bb.vc_custom_1718512349787{padding-top: 50px !important;padding-bottom: 30px !important;}\u00a0\u00bb][vc_column][vc_row_inner row_type=\u00a0\u00bbrow\u00a0\u00bb type=\u00a0\u00bbgrid\u00a0\u00bb text_align=\u00a0\u00bbleft\u00a0\u00bb css_animation=\u00a0\u00bb\u00a0\u00bb][vc_column_inner width=\u00a0\u00bb1\/2&Prime;][vc_column_text css=\u00a0\u00bb.vc_custom_1727827580189{padding-bottom: 30px !important;}\u00a0\u00bb]<\/p>\n<ul>\n<li><strong>Le Moyen-Orient<\/strong><br \/>\narabe \u2013 behd\u00een\u00ee \u2013 h\u00e9breu \u2013 kurmandji \u2013 lari \u2013 persan \u2013 sorani \u2013 turc<\/li>\n<\/ul>\n<ul>\n<li><strong>L\u2019Asie centrale et le Caucase<\/strong><br \/>\narm\u00e9nien \u2013 az\u00e9ri \u2013 dari \u2013 g\u00e9orgien \u2013 kazakh \u2013 kirghize \u2013 ouzbek \u2013 pachtoune \u2013 tadjik \u2013 tatar \u2013 tch\u00e9tch\u00e8ne \u2013 turkm\u00e8ne<\/li>\n<\/ul>\n<ul>\n<li><strong>L\u2019Asie du Sud<\/strong><br \/>\nassamais \u2013 bengali \u2013 dzongkha \u2013 gujarati \u2013 hindi \u2013 kannada \u2013 konkani \u2013 malayalam \u2013 marathi \u2013 mirpuri \u2013 n\u00e9palais \u2013 odia \u2013 ourdou \u2013 pendjabi \u2013 sanskrit \u2013 sindhi \u2013 singhalais \u2013 sylheti \u2013 tamoul \u2013 t\u00e9lougou<\/li>\n<\/ul>\n<ul>\n<li><strong>L\u2019Asie du Nord-Est<\/strong><br \/>\ncantonais \u2013 chinois (simplifi\u00e9) \u2013 chinois (traditionnel) \u2013 cor\u00e9en \u2013 japonais \u2013 mongol \u2013 tib\u00e9tain \u2013 vietnamien<\/li>\n<\/ul>\n<ul>\n<li><strong>L\u2019Asie du Sud-Est<\/strong><br \/>\nbirman \u2013 cebuano (visayan) \u2013 falam chin (laizo) \u2013 haka chin (lai) \u2013 hiliga\u00efnon \u2013 hmong \u2013 ilocano \u2013 indon\u00e9sien \u2013 javanais \u2013 karen \u2013 khmer \u2013 lao \u2013 malais \u2013 tagalog \u2013 tedim (zomi) \u2013 t\u00e9toum \u2013 tha\u00ef \u2013 vietnamien<\/li>\n<\/ul>\n<ul>\n<li><strong>Les \u00eeles du Pacifique<br \/>\n<\/strong>carolinien \u2013 chamorro \u2013 chuuk \u2013 hawa\u00efen \u2013 kosrae \u2013 marshallais \u2013 maori \u2013 palau \u2013 pingelap \u2013 pohnpei \u2013 samoan \u2013 tok pisin \u2013 tongien \u2013 yap<\/li>\n<\/ul>\n<p>[\/vc_column_text][\/vc_column_inner][vc_column_inner width=\u00a0\u00bb1\/2&Prime;][vc_single_image image=\u00a0\u00bb2169&Prime; img_size=\u00a0\u00bbfull\u00a0\u00bb qode_css_animation=\u00a0\u00bb\u00a0\u00bb][vc_empty_space height=\u00a0\u00bb42px\u00a0\u00bb][\/vc_column_inner][\/vc_row_inner][\/vc_column][\/vc_row][vc_row css_animation=\u00a0\u00bb\u00a0\u00bb row_type=\u00a0\u00bbrow\u00a0\u00bb use_row_as_full_screen_section=\u00a0\u00bbno\u00a0\u00bb type=\u00a0\u00bbfull_width\u00a0\u00bb angled_section=\u00a0\u00bbno\u00a0\u00bb text_align=\u00a0\u00bbleft\u00a0\u00bb background_image_as_pattern=\u00a0\u00bbwithout_pattern\u00a0\u00bb][vc_column][vc_column_text]<\/p>\n<p>[\/vc_column_text][\/vc_column][\/vc_row][vc_row css_animation=\u00a0\u00bb\u00a0\u00bb row_type=\u00a0\u00bbrow\u00a0\u00bb use_row_as_full_screen_section=\u00a0\u00bbno\u00a0\u00bb type=\u00a0\u00bbfull_width\u00a0\u00bb angled_section=\u00a0\u00bbno\u00a0\u00bb text_align=\u00a0\u00bbleft\u00a0\u00bb background_image_as_pattern=\u00a0\u00bbwithout_pattern\u00a0\u00bb z_index=\u00a0\u00bb\u00a0\u00bb background_color=\u00a0\u00bbrgba(0,166,228,0.35)\u00a0\u00bb][vc_column][vc_row_inner row_type=\u00a0\u00bbrow\u00a0\u00bb type=\u00a0\u00bbgrid\u00a0\u00bb text_align=\u00a0\u00bbleft\u00a0\u00bb css_animation=\u00a0\u00bb\u00a0\u00bb css=\u00a0\u00bb.vc_custom_1712461537481{margin-top: 30px !important;margin-bottom: 30px !important;}\u00a0\u00bb][vc_column_inner][vc_column_text css=\u00a0\u00bb.vc_custom_1728858698989{padding-top: 15px !important;padding-right: 10px !important;padding-bottom: 15px !important;padding-left: 10px !important;background-color: #00a5e4 !important;border-radius: 3px !important;}\u00a0\u00bb]<\/p>\n<p style=\"text-align: center;\"><span style=\"color: #ffffff;\"><a style=\"color: #ffffff;\" href=\"https:\/\/prontotranslations.com\/fr\/contact\/\">Contactez-nous pour vos projets de traduction et de localisation<\/a><\/span><\/p>\n<p>[\/vc_column_text][\/vc_column_inner][\/vc_row_inner][\/vc_column][\/vc_row][vc_row css_animation=\u00a0\u00bb\u00a0\u00bb row_type=\u00a0\u00bbrow\u00a0\u00bb use_row_as_full_screen_section=\u00a0\u00bbno\u00a0\u00bb type=\u00a0\u00bbfull_width\u00a0\u00bb angled_section=\u00a0\u00bbno\u00a0\u00bb text_align=\u00a0\u00bbleft\u00a0\u00bb background_image_as_pattern=\u00a0\u00bbwithout_pattern\u00a0\u00bb css=\u00a0\u00bb.vc_custom_1712544871113{padding-top: 30px !important;padding-bottom: 30px !important;}\u00a0\u00bb z_index=\u00a0\u00bb\u00a0\u00bb][vc_column width=\u00a0\u00bb1\/12&Prime;][\/vc_column][vc_column width=\u00a0\u00bb1\/6&Prime;][vc_single_image image=\u00a0\u00bb2120&Prime; img_size=\u00a0\u00bbfull\u00a0\u00bb alignment=\u00a0\u00bbcenter\u00a0\u00bb onclick=\u00a0\u00bbcustom_link\u00a0\u00bb img_link_target=\u00a0\u00bb_blank\u00a0\u00bb qode_css_animation=\u00a0\u00bb\u00a0\u00bb link=\u00a0\u00bbhttps:\/\/nyctranslators.org\/Sys\/PublicProfile\/62969243\/5592920&Prime;][vc_empty_space height=\u00a0\u00bb22px\u00a0\u00bb][\/vc_column][vc_column width=\u00a0\u00bb1\/6&Prime;][vc_single_image image=\u00a0\u00bb2121&Prime; img_size=\u00a0\u00bbfull\u00a0\u00bb alignment=\u00a0\u00bbcenter\u00a0\u00bb onclick=\u00a0\u00bbcustom_link\u00a0\u00bb img_link_target=\u00a0\u00bb_blank\u00a0\u00bb qode_css_animation=\u00a0\u00bb\u00a0\u00bb link=\u00a0\u00bbhttps:\/\/chamber.nyc\/business-directory?category=-1&amp;search=pronto+translations\u00a0\u00bb][vc_empty_space height=\u00a0\u00bb22px\u00a0\u00bb][\/vc_column][vc_column width=\u00a0\u00bb1\/6&Prime;][vc_single_image image=\u00a0\u00bb2122&Prime; img_size=\u00a0\u00bbfull\u00a0\u00bb alignment=\u00a0\u00bbcenter\u00a0\u00bb onclick=\u00a0\u00bbcustom_link\u00a0\u00bb img_link_target=\u00a0\u00bb_blank\u00a0\u00bb qode_css_animation=\u00a0\u00bb\u00a0\u00bb link=\u00a0\u00bbhttps:\/\/www.bbb.org\/us\/ny\/new-york\/profile\/translators\/pronto-translations-0121-87150427#sealclick\u00a0\u00bb][vc_empty_space height=\u00a0\u00bb22px\u00a0\u00bb][\/vc_column][vc_column width=\u00a0\u00bb1\/6&Prime;][vc_single_image image=\u00a0\u00bb2123&Prime; img_size=\u00a0\u00bbfull\u00a0\u00bb alignment=\u00a0\u00bbcenter\u00a0\u00bb onclick=\u00a0\u00bbcustom_link\u00a0\u00bb img_link_target=\u00a0\u00bb_blank\u00a0\u00bb qode_css_animation=\u00a0\u00bb\u00a0\u00bb link=\u00a0\u00bbhttps:\/\/web.atanet.org\/onlinedirectories\/tsd_corp_listings\/company_view.pl?id=1672&Prime;][vc_empty_space height=\u00a0\u00bb22px\u00a0\u00bb][\/vc_column][vc_column width=\u00a0\u00bb1\/6&Prime;][vc_single_image image=\u00a0\u00bb2124&Prime; img_size=\u00a0\u00bbfull\u00a0\u00bb alignment=\u00a0\u00bbcenter\u00a0\u00bb onclick=\u00a0\u00bbcustom_link\u00a0\u00bb img_link_target=\u00a0\u00bb_blank\u00a0\u00bb qode_css_animation=\u00a0\u00bb\u00a0\u00bb link=\u00a0\u00bbhttps:\/\/najit.org\/member-profile\/?member_id=9471&Prime;][vc_empty_space height=\u00a0\u00bb22px\u00a0\u00bb][\/vc_column][vc_column width=\u00a0\u00bb1\/12&Prime;][\/vc_column][\/vc_row]<\/p>\n<\/div>","protected":false},"excerpt":{"rendered":"<p>[vc_row css_animation=\u00a0\u00bb\u00a0\u00bb row_type=\u00a0\u00bbrow\u00a0\u00bb use_row_as_full_screen_section=\u00a0\u00bbno\u00a0\u00bb type=\u00a0\u00bbfull_width\u00a0\u00bb angled_section=\u00a0\u00bbno\u00a0\u00bb text_align=\u00a0\u00bbleft\u00a0\u00bb background_image_as_pattern=\u00a0\u00bbwithout_pattern\u00a0\u00bb z_index=\u00a0\u00bb\u00a0\u00bb][vc_column][vc_column_text] Nos langues [\/vc_column_text][\/vc_column][\/vc_row][vc_row css_animation=\u00a0\u00bb\u00a0\u00bb row_type=\u00a0\u00bbrow\u00a0\u00bb use_row_as_full_screen_section=\u00a0\u00bbno\u00a0\u00bb type=\u00a0\u00bbgrid\u00a0\u00bb angled_section=\u00a0\u00bbno\u00a0\u00bb text_align=\u00a0\u00bbleft\u00a0\u00bb background_image_as_pattern=\u00a0\u00bbwithout_pattern\u00a0\u00bb z_index=\u00a0\u00bb\u00a0\u00bb css=\u00a0\u00bb.vc_custom_1719198241526{padding-top: 50px !important;padding-right: 10% !important;padding-left:&#8230;<\/p>\n","protected":false},"author":1,"featured_media":0,"parent":0,"menu_order":0,"comment_status":"closed","ping_status":"closed","template":"full_width.php","meta":{"footnotes":""},"class_list":["post-2589","page","type-page","status-publish","hentry"],"_links":{"self":[{"href":"https:\/\/prontotranslations.com\/fr\/wp-json\/wp\/v2\/pages\/2589","targetHints":{"allow":["GET"]}}],"collection":[{"href":"https:\/\/prontotranslations.com\/fr\/wp-json\/wp\/v2\/pages"}],"about":[{"href":"https:\/\/prontotranslations.com\/fr\/wp-json\/wp\/v2\/types\/page"}],"author":[{"embeddable":true,"href":"https:\/\/prontotranslations.com\/fr\/wp-json\/wp\/v2\/users\/1"}],"replies":[{"embeddable":true,"href":"https:\/\/prontotranslations.com\/fr\/wp-json\/wp\/v2\/comments?post=2589"}],"version-history":[{"count":11,"href":"https:\/\/prontotranslations.com\/fr\/wp-json\/wp\/v2\/pages\/2589\/revisions"}],"predecessor-version":[{"id":4188,"href":"https:\/\/prontotranslations.com\/fr\/wp-json\/wp\/v2\/pages\/2589\/revisions\/4188"}],"wp:attachment":[{"href":"https:\/\/prontotranslations.com\/fr\/wp-json\/wp\/v2\/media?parent=2589"}],"curies":[{"name":"wp","href":"https:\/\/api.w.org\/{rel}","templated":true}]}}