{"id":2603,"date":"2024-08-17T01:50:03","date_gmt":"2024-08-17T01:50:03","guid":{"rendered":"https:\/\/aw-web.com\/pronto2\/?page_id=2603"},"modified":"2025-01-16T04:45:52","modified_gmt":"2025-01-16T04:45:52","slug":"services-de-traduction-en-allemand","status":"publish","type":"page","link":"https:\/\/prontotranslations.com\/fr\/les-langues\/services-de-traduction-en-allemand\/","title":{"rendered":"Traduction vers l&rsquo;allemand"},"content":{"rendered":"<div class=\"wpb-content-wrapper\"><p>[vc_row css_animation=\u00a0\u00bb\u00a0\u00bb row_type=\u00a0\u00bbrow\u00a0\u00bb use_row_as_full_screen_section=\u00a0\u00bbno\u00a0\u00bb type=\u00a0\u00bbfull_width\u00a0\u00bb angled_section=\u00a0\u00bbno\u00a0\u00bb text_align=\u00a0\u00bbleft\u00a0\u00bb background_image_as_pattern=\u00a0\u00bbwithout_pattern\u00a0\u00bb z_index=\u00a0\u00bb\u00a0\u00bb][vc_column][vc_column_text css=\u00a0\u00bb.vc_custom_1727830736486{padding-bottom: 30px !important;}\u00a0\u00bb]<\/p>\n<h1 style=\"text-align: center;\">Services de traduction professionnelle en allemand<\/h1>\n<p>[\/vc_column_text][\/vc_column][\/vc_row][vc_row css_animation=\u00a0\u00bb\u00a0\u00bb row_type=\u00a0\u00bbrow\u00a0\u00bb use_row_as_full_screen_section=\u00a0\u00bbno\u00a0\u00bb type=\u00a0\u00bbgrid\u00a0\u00bb angled_section=\u00a0\u00bbno\u00a0\u00bb text_align=\u00a0\u00bbleft\u00a0\u00bb background_image_as_pattern=\u00a0\u00bbwithout_pattern\u00a0\u00bb z_index=\u00a0\u00bb\u00a0\u00bb css=\u00a0\u00bb.vc_custom_1719198241526{padding-top: 50px !important;padding-right: 10% !important;padding-left: 10% !important;}\u00a0\u00bb][vc_column width=\u00a0\u00bb1\/2&Prime; css=\u00a0\u00bb.vc_custom_1712629369530{padding-right: 10% !important;padding-left: 10% !important;}\u00a0\u00bb][vc_row_inner row_type=\u00a0\u00bbrow\u00a0\u00bb type=\u00a0\u00bbfull_width\u00a0\u00bb text_align=\u00a0\u00bbcenter\u00a0\u00bb css_animation=\u00a0\u00bb\u00a0\u00bb css=\u00a0\u00bb.vc_custom_1722784476757{padding-top: 20px !important;}\u00a0\u00bb][vc_column_inner][vc_column_text css=\u00a0\u00bb.vc_custom_1727830780728{padding-bottom: 50px !important;}\u00a0\u00bb]<\/p>\n<p style=\"text-align: center;\"><strong>Laissez Pronto se charger de votre projet de traduction vers l\u2019allemand !<\/strong><\/p>\n<ul>\n<li style=\"list-style-type: none;\">\n<ul>\n<li>Traduction de l\u2019anglais vers l\u2019allemand<\/li>\n<li>Traduction de l\u2019arabe vers l\u2019allemand<\/li>\n<li>Traduction du chinois vers l\u2019allemand<\/li>\n<li>Traduction de l\u2019espagnol vers l\u2019allemand<\/li>\n<li>Traduction du n\u00e9erlandais vers l\u2019allemand<\/li>\n<li>Traduction du fran\u00e7ais vers l\u2019allemand<\/li>\n<li>Traduction de l\u2019italien vers l\u2019allemand<\/li>\n<li>Traduction du portugais vers l\u2019allemand<\/li>\n<\/ul>\n<\/li>\n<\/ul>\n<p>[\/vc_column_text][vc_column_text css=\u00a0\u00bb.vc_custom_1727830843933{padding-top: 10px !important;padding-bottom: 10px !important;background-color: #00a6e4 !important;border-radius: 3px !important;}\u00a0\u00bb]<\/p>\n<p style=\"text-align: center;\"><a href=\"https:\/\/prontotranslations.com\/fr\/contact\/\"><span style=\"color: #ffffff;\">Contactez-nous pour votre projet de traduction ou de localisation vers l&rsquo;allemand<\/span><\/a><\/p>\n<p>[\/vc_column_text][vc_empty_space height=\u00a0\u00bb52px\u00a0\u00bb][\/vc_column_inner][\/vc_row_inner][\/vc_column][vc_column width=\u00a0\u00bb1\/2&Prime;][vc_single_image image=\u00a0\u00bb2218&Prime; img_size=\u00a0\u00bbfull\u00a0\u00bb alignment=\u00a0\u00bbcenter\u00a0\u00bb qode_css_animation=\u00a0\u00bb\u00a0\u00bb css=\u00a0\u00bb.vc_custom_1723858083390{padding-bottom: 30px !important;}\u00a0\u00bb][vc_empty_space][\/vc_column][\/vc_row][vc_row css_animation=\u00a0\u00bb\u00a0\u00bb row_type=\u00a0\u00bbrow\u00a0\u00bb use_row_as_full_screen_section=\u00a0\u00bbno\u00a0\u00bb type=\u00a0\u00bbgrid\u00a0\u00bb angled_section=\u00a0\u00bbno\u00a0\u00bb text_align=\u00a0\u00bbleft\u00a0\u00bb background_image_as_pattern=\u00a0\u00bbwithout_pattern\u00a0\u00bb z_index=\u00a0\u00bb\u00a0\u00bb][vc_column][vc_separator type=\u00a0\u00bbnormal\u00a0\u00bb color=\u00a0\u00bb#88cce2&Prime; thickness=\u00a0\u00bb5&Prime; up=\u00a0\u00bb0&Prime; down=\u00a0\u00bb0&Prime;][\/vc_column][\/vc_row][vc_row css_animation=\u00a0\u00bb\u00a0\u00bb row_type=\u00a0\u00bbrow\u00a0\u00bb use_row_as_full_screen_section=\u00a0\u00bbno\u00a0\u00bb type=\u00a0\u00bbgrid\u00a0\u00bb angled_section=\u00a0\u00bbno\u00a0\u00bb text_align=\u00a0\u00bbleft\u00a0\u00bb background_image_as_pattern=\u00a0\u00bbwithout_pattern\u00a0\u00bb z_index=\u00a0\u00bb\u00a0\u00bb css=\u00a0\u00bb.vc_custom_1722956231897{background-color: rgba(0,166,228,0.05) !important;*background-color: rgb(0,166,228) !important;}\u00a0\u00bb][vc_column width=\u00a0\u00bb1\/2&Prime;][vc_row_inner row_type=\u00a0\u00bbrow\u00a0\u00bb type=\u00a0\u00bbfull_width\u00a0\u00bb text_align=\u00a0\u00bbleft\u00a0\u00bb css_animation=\u00a0\u00bb\u00a0\u00bb css=\u00a0\u00bb.vc_custom_1722956159954{padding-top: 50px !important;}\u00a0\u00bb][vc_column_inner][vc_single_image image=\u00a0\u00bb2219&Prime; img_size=\u00a0\u00bbfull\u00a0\u00bb qode_css_animation=\u00a0\u00bb\u00a0\u00bb][\/vc_column_inner][\/vc_row_inner][vc_row_inner row_type=\u00a0\u00bbrow\u00a0\u00bb type=\u00a0\u00bbfull_width\u00a0\u00bb text_align=\u00a0\u00bbleft\u00a0\u00bb css_animation=\u00a0\u00bb\u00a0\u00bb][vc_column_inner][vc_empty_space height=\u00a0\u00bb52px\u00a0\u00bb][\/vc_column_inner][\/vc_row_inner][\/vc_column][vc_column width=\u00a0\u00bb1\/2&Prime;][vc_row_inner row_type=\u00a0\u00bbrow\u00a0\u00bb type=\u00a0\u00bbfull_width\u00a0\u00bb text_align=\u00a0\u00bbleft\u00a0\u00bb css_animation=\u00a0\u00bb\u00a0\u00bb css=\u00a0\u00bb.vc_custom_1722956176185{padding-top: 50px !important;}\u00a0\u00bb][vc_column_inner][vc_column_text]<\/p>\n<h2>Nos traducteurs allemands professionnels sont \u00e0 votre service pour vous aider \u00e0 communiquer votre message ou votre document en Allemagne, en Autriche et en Suisse !<\/h2>\n<p>Nos 32 traducteurs vers l\u2019allemand, dont l\u2019expertise couvre un large \u00e9ventail de secteurs et de th\u00e8mes, sont pr\u00eats \u00e0 convertir votre message dans la <em>lingua franca<\/em> des pays germanophones de la r\u00e9gion \u00ab\u00a0DACH\u00a0\u00bb\u00a0: D pour\u00a0<em>Deutschland<\/em>\u00a0ou Allemagne, A pour l\u2019Autriche et CH pour\u00a0<em>Confoederatio Helvetica<\/em>, la Suisse.<\/p>\n<h2>L\u2019une des premi\u00e8res langues au monde<\/h2>\n<p>L\u2019allemand, langue maternelle de pr\u00e8s de 100 millions de personnes, est l\u2019une des principales langues du monde. L\u2019allemand est la langue ayant le plus de locuteurs natifs dans l\u2019Union europ\u00e9enne et est par ailleurs la langue seconde la plus parl\u00e9e dans cette r\u00e9gion. Il s\u2019agit d\u2019une langue pluricentrique : ses variantes standardis\u00e9es sont l\u2019allemand, l\u2019autrichien et l\u2019allemand standard suisse.[\/vc_column_text][\/vc_column_inner][\/vc_row_inner][vc_empty_space][\/vc_column][\/vc_row][vc_row css_animation=\u00a0\u00bb\u00a0\u00bb row_type=\u00a0\u00bbrow\u00a0\u00bb use_row_as_full_screen_section=\u00a0\u00bbno\u00a0\u00bb type=\u00a0\u00bbgrid\u00a0\u00bb angled_section=\u00a0\u00bbno\u00a0\u00bb text_align=\u00a0\u00bbleft\u00a0\u00bb background_image_as_pattern=\u00a0\u00bbwithout_pattern\u00a0\u00bb z_index=\u00a0\u00bb\u00a0\u00bb][vc_column][vc_separator type=\u00a0\u00bbnormal\u00a0\u00bb color=\u00a0\u00bb#88cce2&Prime; thickness=\u00a0\u00bb5&Prime; up=\u00a0\u00bb0&Prime; down=\u00a0\u00bb0&Prime;][\/vc_column][\/vc_row][vc_row css_animation=\u00a0\u00bb\u00a0\u00bb row_type=\u00a0\u00bbrow\u00a0\u00bb use_row_as_full_screen_section=\u00a0\u00bbno\u00a0\u00bb type=\u00a0\u00bbgrid\u00a0\u00bb angled_section=\u00a0\u00bbno\u00a0\u00bb text_align=\u00a0\u00bbleft\u00a0\u00bb background_image_as_pattern=\u00a0\u00bbwithout_pattern\u00a0\u00bb z_index=\u00a0\u00bb\u00a0\u00bb css=\u00a0\u00bb.vc_custom_1722957023348{padding-top: 50px !important;}\u00a0\u00bb][vc_column width=\u00a0\u00bb1\/2&Prime;][vc_row_inner row_type=\u00a0\u00bbrow\u00a0\u00bb type=\u00a0\u00bbfull_width\u00a0\u00bb text_align=\u00a0\u00bbleft\u00a0\u00bb css_animation=\u00a0\u00bb\u00a0\u00bb][vc_column_inner][vc_column_text]<\/p>\n<h2>Langue officielle ou co-officielle de huit pays europ\u00e9ens<\/h2>\n<p>L\u2019allemand est la seule langue officielle de l\u2019Allemagne, de l\u2019Autriche, du Liechtenstein et de 17\u00a0cantons suisses, ainsi que la langue co-officielle du Luxembourg, de quatre cantons suisses, de la province autonome italienne du Tyrol du Sud, de la Communaut\u00e9 germanophone de Belgique (en tant que langue majoritaire), et de la vo\u00efvodie d\u2019Opole, en Pologne.<\/p>\n<p>Des communaut\u00e9s minoritaires essentiellement bilingues de locuteurs germanophones natifs existent dans de nombreux pays d\u2019Europe centrale et de l\u2019Est ainsi qu\u2019en Asie centrale, notamment en Bosnie-Herz\u00e9govine, au Danemark, en Hongrie, en Italie, au Kazakhstan, en Pologne, en R\u00e9publique tch\u00e8que, en Roumanie, en Russie, en Slovaquie et en Ukraine.<\/p>\n<p>Des communaut\u00e9s importantes de locuteurs bilingues dont la langue maternelle est l\u2019allemand sont pr\u00e9sentes en dehors du continent eurasiatique, notamment en Namibie, en Afrique du Sud, aux \u00c9tats-Unis (dans les communaut\u00e9s amish du sud-est de la Pennsylvanie) et au Br\u00e9sil (dans les \u00c9tats m\u00e9ridionaux de Rio Grande do Sul, Santa Catarina, Paran\u00e1, S\u00e3o Paulo et Esp\u00edrito[\/vc_column_text][\/vc_column_inner][\/vc_row_inner][\/vc_column][vc_column width=\u00a0\u00bb1\/2&Prime;][vc_single_image image=\u00a0\u00bb2220&Prime; img_size=\u00a0\u00bbfull\u00a0\u00bb qode_css_animation=\u00a0\u00bb\u00a0\u00bb][vc_empty_space height=\u00a0\u00bb52px\u00a0\u00bb][\/vc_column][\/vc_row][vc_row css_animation=\u00a0\u00bb\u00a0\u00bb row_type=\u00a0\u00bbrow\u00a0\u00bb use_row_as_full_screen_section=\u00a0\u00bbno\u00a0\u00bb type=\u00a0\u00bbgrid\u00a0\u00bb angled_section=\u00a0\u00bbno\u00a0\u00bb text_align=\u00a0\u00bbleft\u00a0\u00bb background_image_as_pattern=\u00a0\u00bbwithout_pattern\u00a0\u00bb z_index=\u00a0\u00bb\u00a0\u00bb][vc_column][vc_separator type=\u00a0\u00bbnormal\u00a0\u00bb color=\u00a0\u00bb#88cce2&Prime; thickness=\u00a0\u00bb5&Prime; up=\u00a0\u00bb0&Prime; down=\u00a0\u00bb0&Prime;][\/vc_column][\/vc_row][vc_row css_animation=\u00a0\u00bb\u00a0\u00bb row_type=\u00a0\u00bbrow\u00a0\u00bb use_row_as_full_screen_section=\u00a0\u00bbno\u00a0\u00bb type=\u00a0\u00bbgrid\u00a0\u00bb angled_section=\u00a0\u00bbno\u00a0\u00bb text_align=\u00a0\u00bbleft\u00a0\u00bb background_image_as_pattern=\u00a0\u00bbwithout_pattern\u00a0\u00bb z_index=\u00a0\u00bb\u00a0\u00bb css=\u00a0\u00bb.vc_custom_1722956231897{background-color: rgba(0,166,228,0.05) !important;*background-color: rgb(0,166,228) !important;}\u00a0\u00bb][vc_column width=\u00a0\u00bb1\/2&Prime;][vc_row_inner row_type=\u00a0\u00bbrow\u00a0\u00bb type=\u00a0\u00bbfull_width\u00a0\u00bb text_align=\u00a0\u00bbleft\u00a0\u00bb css_animation=\u00a0\u00bb\u00a0\u00bb css=\u00a0\u00bb.vc_custom_1722956159954{padding-top: 50px !important;}\u00a0\u00bb][vc_column_inner][vc_single_image image=\u00a0\u00bb2221&Prime; img_size=\u00a0\u00bbfull\u00a0\u00bb qode_css_animation=\u00a0\u00bb\u00a0\u00bb][\/vc_column_inner][\/vc_row_inner][vc_row_inner row_type=\u00a0\u00bbrow\u00a0\u00bb type=\u00a0\u00bbfull_width\u00a0\u00bb text_align=\u00a0\u00bbleft\u00a0\u00bb css_animation=\u00a0\u00bb\u00a0\u00bb][vc_column_inner][vc_empty_space height=\u00a0\u00bb52px\u00a0\u00bb][\/vc_column_inner][\/vc_row_inner][\/vc_column][vc_column width=\u00a0\u00bb1\/2&Prime;][vc_row_inner row_type=\u00a0\u00bbrow\u00a0\u00bb type=\u00a0\u00bbfull_width\u00a0\u00bb text_align=\u00a0\u00bbleft\u00a0\u00bb css_animation=\u00a0\u00bb\u00a0\u00bb css=\u00a0\u00bb.vc_custom_1722956176185{padding-top: 50px !important;}\u00a0\u00bb][vc_column_inner][vc_column_text]<\/p>\n<h2>Choisir la bonne variante de l\u2019allemand pour votre traduction<\/h2>\n<p>Lorsque vous r\u00e9digez un communiqu\u00e9 de presse ou un document destin\u00e9 aux trois pays de la r\u00e9gion DACH, il est tout \u00e0 fait acceptable de choisir la variante allemande.<\/p>\n<p>Cependant, si votre message est destin\u00e9 sp\u00e9cifiquement \u00e0 l\u2019Autriche ou \u00e0 la Suisse, il est pr\u00e9f\u00e9rable de choisir un traducteur sp\u00e9cialis\u00e9 dans la variante correspondante.<\/p>\n<p>En Autriche, par exemple, il existe une variante standard ; en Suisse, pour les communications formelles, telles que les communiqu\u00e9s de presse et les communications \u00e0 caract\u00e8re professionnel, c\u2019est l\u2019allemand standard suisse qu\u2019il faut employer, tandis que pour les supports de marketing et les publicit\u00e9s destin\u00e9s au grand public, surtout s\u2019il s\u2019agit de localiser pour la r\u00e9gion de Zurich, Berne ou un canton sp\u00e9cifique, le suisse allemand, une variante moins formelle, est \u00e0 privil\u00e9gier.<\/p>\n<p>Les experts linguistes de Pronto peuvent vous conseiller sur la variante de l\u2019allemand qui conviendra le mieux \u00e0 votre projet ou votre produit.[\/vc_column_text][\/vc_column_inner][\/vc_row_inner][vc_empty_space][\/vc_column][\/vc_row][vc_row css_animation=\u00a0\u00bb\u00a0\u00bb row_type=\u00a0\u00bbrow\u00a0\u00bb use_row_as_full_screen_section=\u00a0\u00bbno\u00a0\u00bb type=\u00a0\u00bbgrid\u00a0\u00bb angled_section=\u00a0\u00bbno\u00a0\u00bb text_align=\u00a0\u00bbleft\u00a0\u00bb background_image_as_pattern=\u00a0\u00bbwithout_pattern\u00a0\u00bb z_index=\u00a0\u00bb\u00a0\u00bb][vc_column][vc_separator type=\u00a0\u00bbnormal\u00a0\u00bb color=\u00a0\u00bb#88cce2&Prime; thickness=\u00a0\u00bb5&Prime; up=\u00a0\u00bb0&Prime; down=\u00a0\u00bb0&Prime;][\/vc_column][\/vc_row][vc_row css_animation=\u00a0\u00bb\u00a0\u00bb row_type=\u00a0\u00bbrow\u00a0\u00bb use_row_as_full_screen_section=\u00a0\u00bbno\u00a0\u00bb type=\u00a0\u00bbfull_width\u00a0\u00bb angled_section=\u00a0\u00bbno\u00a0\u00bb text_align=\u00a0\u00bbleft\u00a0\u00bb background_image_as_pattern=\u00a0\u00bbwithout_pattern\u00a0\u00bb z_index=\u00a0\u00bb\u00a0\u00bb css=\u00a0\u00bb.vc_custom_1723859898848{padding-top: 30px !important;padding-bottom: 30px !important;}\u00a0\u00bb][vc_column][vc_row_inner row_type=\u00a0\u00bbrow\u00a0\u00bb type=\u00a0\u00bbgrid\u00a0\u00bb text_align=\u00a0\u00bbleft\u00a0\u00bb css_animation=\u00a0\u00bb\u00a0\u00bb][vc_column_inner][vc_column_text css=\u00a0\u00bb.vc_custom_1728861173380{padding-bottom: 40px !important;}\u00a0\u00bb]Si vous avez des questions sur la variante de l\u2019allemand \u00e0 choisir pour votre traduction, n\u2019h\u00e9sitez pas vous adresser \u00e0 l\u2019un de nos experts linguistes.<\/p>\n<p>Veuillez\u00a0<strong><a href=\"mailto:clientservices@prontotranslations.com\">nous contacter<\/a><\/strong>\u00a0pour tous vos besoins en mati\u00e8re de traduction et de localisation vers l\u2019allemand<br \/>\n[\/vc_column_text][\/vc_column_inner][\/vc_row_inner][\/vc_column][\/vc_row][vc_row css_animation=\u00a0\u00bb\u00a0\u00bb row_type=\u00a0\u00bbrow\u00a0\u00bb use_row_as_full_screen_section=\u00a0\u00bbno\u00a0\u00bb type=\u00a0\u00bbfull_width\u00a0\u00bb angled_section=\u00a0\u00bbno\u00a0\u00bb text_align=\u00a0\u00bbleft\u00a0\u00bb background_image_as_pattern=\u00a0\u00bbwithout_pattern\u00a0\u00bb z_index=\u00a0\u00bb\u00a0\u00bb background_color=\u00a0\u00bbrgba(0,166,228,0.35)\u00a0\u00bb][vc_column][vc_row_inner row_type=\u00a0\u00bbrow\u00a0\u00bb type=\u00a0\u00bbgrid\u00a0\u00bb text_align=\u00a0\u00bbleft\u00a0\u00bb css_animation=\u00a0\u00bb\u00a0\u00bb css=\u00a0\u00bb.vc_custom_1712461537481{margin-top: 30px !important;margin-bottom: 30px !important;}\u00a0\u00bb][vc_column_inner][vc_column_text css=\u00a0\u00bb.vc_custom_1727831192014{padding-top: 15px !important;padding-right: 10px !important;padding-bottom: 15px !important;padding-left: 10px !important;background-color: #00a5e4 !important;border-radius: 3px !important;}\u00a0\u00bb]<\/p>\n<p style=\"text-align: center;\"><span style=\"color: #ffffff;\"><a style=\"color: #ffffff;\" href=\"https:\/\/prontotranslations.com\/fr\/contact\/\">Contactez-nous pour votre projet de traduction ou de localisation vers l&rsquo;allemand<\/a><\/span><\/p>\n<p>[\/vc_column_text][\/vc_column_inner][\/vc_row_inner][\/vc_column][\/vc_row]<\/p>\n<\/div>","protected":false},"excerpt":{"rendered":"<p>[vc_row css_animation=\u00a0\u00bb\u00a0\u00bb row_type=\u00a0\u00bbrow\u00a0\u00bb use_row_as_full_screen_section=\u00a0\u00bbno\u00a0\u00bb type=\u00a0\u00bbfull_width\u00a0\u00bb angled_section=\u00a0\u00bbno\u00a0\u00bb text_align=\u00a0\u00bbleft\u00a0\u00bb background_image_as_pattern=\u00a0\u00bbwithout_pattern\u00a0\u00bb z_index=\u00a0\u00bb\u00a0\u00bb][vc_column][vc_column_text css=\u00a0\u00bb.vc_custom_1727830736486{padding-bottom: 30px !important;}\u00a0\u00bb] Services de traduction professionnelle en allemand [\/vc_column_text][\/vc_column][\/vc_row][vc_row css_animation=\u00a0\u00bb\u00a0\u00bb row_type=\u00a0\u00bbrow\u00a0\u00bb use_row_as_full_screen_section=\u00a0\u00bbno\u00a0\u00bb type=\u00a0\u00bbgrid\u00a0\u00bb angled_section=\u00a0\u00bbno\u00a0\u00bb text_align=\u00a0\u00bbleft\u00a0\u00bb&#8230;<\/p>\n","protected":false},"author":1,"featured_media":0,"parent":2589,"menu_order":9,"comment_status":"closed","ping_status":"closed","template":"full_width.php","meta":{"footnotes":""},"class_list":["post-2603","page","type-page","status-publish","hentry"],"_links":{"self":[{"href":"https:\/\/prontotranslations.com\/fr\/wp-json\/wp\/v2\/pages\/2603","targetHints":{"allow":["GET"]}}],"collection":[{"href":"https:\/\/prontotranslations.com\/fr\/wp-json\/wp\/v2\/pages"}],"about":[{"href":"https:\/\/prontotranslations.com\/fr\/wp-json\/wp\/v2\/types\/page"}],"author":[{"embeddable":true,"href":"https:\/\/prontotranslations.com\/fr\/wp-json\/wp\/v2\/users\/1"}],"replies":[{"embeddable":true,"href":"https:\/\/prontotranslations.com\/fr\/wp-json\/wp\/v2\/comments?post=2603"}],"version-history":[{"count":8,"href":"https:\/\/prontotranslations.com\/fr\/wp-json\/wp\/v2\/pages\/2603\/revisions"}],"predecessor-version":[{"id":3009,"href":"https:\/\/prontotranslations.com\/fr\/wp-json\/wp\/v2\/pages\/2603\/revisions\/3009"}],"up":[{"embeddable":true,"href":"https:\/\/prontotranslations.com\/fr\/wp-json\/wp\/v2\/pages\/2589"}],"wp:attachment":[{"href":"https:\/\/prontotranslations.com\/fr\/wp-json\/wp\/v2\/media?parent=2603"}],"curies":[{"name":"wp","href":"https:\/\/api.w.org\/{rel}","templated":true}]}}