{"id":2746,"date":"2024-09-02T02:33:31","date_gmt":"2024-09-02T02:33:31","guid":{"rendered":"https:\/\/aw-web.com\/pronto2\/?page_id=2746"},"modified":"2025-01-16T04:50:08","modified_gmt":"2025-01-16T04:50:08","slug":"services-de-traduction-en-espagnol","status":"publish","type":"page","link":"https:\/\/prontotranslations.com\/fr\/les-langues\/services-de-traduction-en-espagnol\/","title":{"rendered":"Traduction vers l&rsquo;espagnol"},"content":{"rendered":"<div class=\"wpb-content-wrapper\"><p>[vc_row css_animation=\u00a0\u00bb\u00a0\u00bb row_type=\u00a0\u00bbrow\u00a0\u00bb use_row_as_full_screen_section=\u00a0\u00bbno\u00a0\u00bb type=\u00a0\u00bbfull_width\u00a0\u00bb angled_section=\u00a0\u00bbno\u00a0\u00bb text_align=\u00a0\u00bbleft\u00a0\u00bb background_image_as_pattern=\u00a0\u00bbwithout_pattern\u00a0\u00bb z_index=\u00a0\u00bb\u00a0\u00bb][vc_column][vc_column_text css=\u00a0\u00bb.vc_custom_1728004201092{padding-bottom: 30px !important;}\u00a0\u00bb]<\/p>\n<h1 style=\"text-align: center;\">Services de traduction professionnelle en espagnol<\/h1>\n<p>[\/vc_column_text][\/vc_column][\/vc_row][vc_row css_animation=\u00a0\u00bb\u00a0\u00bb row_type=\u00a0\u00bbrow\u00a0\u00bb use_row_as_full_screen_section=\u00a0\u00bbno\u00a0\u00bb type=\u00a0\u00bbgrid\u00a0\u00bb angled_section=\u00a0\u00bbno\u00a0\u00bb text_align=\u00a0\u00bbleft\u00a0\u00bb background_image_as_pattern=\u00a0\u00bbwithout_pattern\u00a0\u00bb z_index=\u00a0\u00bb\u00a0\u00bb css=\u00a0\u00bb.vc_custom_1719198241526{padding-top: 50px !important;padding-right: 10% !important;padding-left: 10% !important;}\u00a0\u00bb][vc_column width=\u00a0\u00bb1\/2&Prime; css=\u00a0\u00bb.vc_custom_1712629369530{padding-right: 10% !important;padding-left: 10% !important;}\u00a0\u00bb][vc_row_inner row_type=\u00a0\u00bbrow\u00a0\u00bb type=\u00a0\u00bbfull_width\u00a0\u00bb text_align=\u00a0\u00bbcenter\u00a0\u00bb css_animation=\u00a0\u00bb\u00a0\u00bb css=\u00a0\u00bb.vc_custom_1722784476757{padding-top: 20px !important;}\u00a0\u00bb][vc_column_inner][vc_column_text css=\u00a0\u00bb.vc_custom_1728004254765{padding-bottom: 50px !important;}\u00a0\u00bb]<\/p>\n<p style=\"text-align: center;\"><strong>Laissez Pronto se charger de vos besoins de traduction vers l\u2019espagnol\u00a0!<\/strong><\/p>\n<p>Espagnol d\u2019Espagne \u2013 Espagnol d\u2019Am\u00e9rique latine \u2013 Espagnol du Mexique \u2013 Espagnol des \u00c9tats-Unis<\/p>\n<ul>\n<li>Traduction de l\u2019allemand vers l\u2019espagnol<\/li>\n<li>Traduction de l\u2019anglais vers l\u2019espagnol<\/li>\n<li>Traduction du danois vers l\u2019espagnol<\/li>\n<li>Traduction du fran\u00e7ais vers l\u2019espagnol<\/li>\n<li>Traduction de l\u2019italien vers l\u2019espagnol<\/li>\n<li>Traduction du portugais vers l\u2019espagnol<\/li>\n<\/ul>\n<p>[\/vc_column_text][vc_column_text css=\u00a0\u00bb.vc_custom_1728005183991{padding-top: 10px !important;padding-bottom: 10px !important;background-color: #00a6e4 !important;border-radius: 3px !important;}\u00a0\u00bb]<\/p>\n<p style=\"text-align: center;\"><a href=\"https:\/\/prontotranslations.com\/fr\/contact\/\"><span style=\"color: #ffffff;\">Contactez-nous pour votre projet de traduction ou de localisation vers l&rsquo;espagnol<\/span><\/a><\/p>\n<p>[\/vc_column_text][vc_empty_space][\/vc_column_inner][\/vc_row_inner][\/vc_column][vc_column width=\u00a0\u00bb1\/2&Prime;][vc_single_image image=\u00a0\u00bb2284&Prime; img_size=\u00a0\u00bbfull\u00a0\u00bb alignment=\u00a0\u00bbcenter\u00a0\u00bb qode_css_animation=\u00a0\u00bb\u00a0\u00bb css=\u00a0\u00bb.vc_custom_1725244731595{padding-bottom: 30px !important;}\u00a0\u00bb][vc_empty_space][\/vc_column][\/vc_row][vc_row css_animation=\u00a0\u00bb\u00a0\u00bb row_type=\u00a0\u00bbrow\u00a0\u00bb use_row_as_full_screen_section=\u00a0\u00bbno\u00a0\u00bb type=\u00a0\u00bbgrid\u00a0\u00bb angled_section=\u00a0\u00bbno\u00a0\u00bb text_align=\u00a0\u00bbleft\u00a0\u00bb background_image_as_pattern=\u00a0\u00bbwithout_pattern\u00a0\u00bb z_index=\u00a0\u00bb\u00a0\u00bb][vc_column][vc_separator type=\u00a0\u00bbnormal\u00a0\u00bb color=\u00a0\u00bb#88cce2&Prime; thickness=\u00a0\u00bb5&Prime; up=\u00a0\u00bb0&Prime; down=\u00a0\u00bb0&Prime;][\/vc_column][\/vc_row][vc_row css_animation=\u00a0\u00bb\u00a0\u00bb row_type=\u00a0\u00bbrow\u00a0\u00bb use_row_as_full_screen_section=\u00a0\u00bbno\u00a0\u00bb type=\u00a0\u00bbfull_width\u00a0\u00bb angled_section=\u00a0\u00bbno\u00a0\u00bb text_align=\u00a0\u00bbleft\u00a0\u00bb background_image_as_pattern=\u00a0\u00bbwithout_pattern\u00a0\u00bb z_index=\u00a0\u00bb\u00a0\u00bb css=\u00a0\u00bb.vc_custom_1712718567412{background-color: rgba(0,166,228,0.05) !important;*background-color: rgb(0,166,228) !important;}\u00a0\u00bb][vc_column][vc_row_inner row_type=\u00a0\u00bbrow\u00a0\u00bb type=\u00a0\u00bbgrid\u00a0\u00bb text_align=\u00a0\u00bbleft\u00a0\u00bb css_animation=\u00a0\u00bb\u00a0\u00bb css=\u00a0\u00bb.vc_custom_1718510501771{padding-top: 50px !important;}\u00a0\u00bb][vc_column_inner width=\u00a0\u00bb1\/2&Prime;][vc_single_image image=\u00a0\u00bb2285&Prime; img_size=\u00a0\u00bbfull\u00a0\u00bb qode_css_animation=\u00a0\u00bb\u00a0\u00bb][vc_empty_space height=\u00a0\u00bb52px\u00a0\u00bb][\/vc_column_inner][vc_column_inner width=\u00a0\u00bb1\/2&Prime;][vc_column_text]<\/p>\n<h2><span lang=\"fr-FR\">Nos tr<\/span><span lang=\"fr-FR\">aducteurs vers l\u2019espagnol<\/span><span lang=\"fr-FR\">,\u00a0<\/span><span lang=\"fr-FR\">qui ma\u00eetrisent la\u00a0<\/span><span lang=\"fr-FR\">variante de la langue parl\u00e9e dans le<\/span><span lang=\"fr-FR\">urs pays,<\/span><span lang=\"fr-FR\">\u00a0<\/span><span lang=\"fr-FR\">r\u00e9pondent \u00e0 vos attentes<\/span><\/h2>\n<p>Nous disposons d\u2019une cinquantaine de traducteurs vers l\u2019espagnol, pr\u00eats \u00e0 vous aider dans votre mission. Ceux-ci sont originaires de presque tous les pays ou march\u00e9s hispanophones du monde, ce qui vous assure que le ou les traducteurs les plus appropri\u00e9s sont choisis pour votre projet.<\/p>\n<h2>La deuxi\u00e8me langue la plus populaire du monde<\/h2>\n<p>L\u2019espagnol est la deuxi\u00e8me langue maternelle la plus parl\u00e9e au monde (apr\u00e8s le mandarin) et la quatri\u00e8me langue la plus parl\u00e9e au monde (apr\u00e8s l\u2019anglais, le mandarin et le hindi).<\/p>\n<p>L\u2019espagnol est l\u2019une des six langues officielles des Nations Unies. Il est \u00e9galement une langue officielle de l\u2019Union europ\u00e9enne (UE), de l\u2019Organisation des \u00c9tats am\u00e9ricains (OEA), de l\u2019Union des nations sud-am\u00e9ricaines (UNASAR), de la Communaut\u00e9 des \u00c9tats d\u2019Am\u00e9rique latine et des Cara\u00efbes (CELAC) et de l\u2019Union africaine (UA), ainsi que de nombreuses autres organisations internationales.<\/p>\n<h2>Quelque 477 millions de locuteurs natifs dans le monde<\/h2>\n<p>L\u2019Instituto Cervantes, organisme consacr\u00e9 \u00e0 la promotion et \u00e0 l\u2019enseignement de la langue espagnole, estime que quelque 477 millions de personnes ont l\u2019espagnol pour langue maternelle.[\/vc_column_text][\/vc_column_inner][\/vc_row_inner][vc_row_inner row_type=\u00a0\u00bbrow\u00a0\u00bb type=\u00a0\u00bbgrid\u00a0\u00bb text_align=\u00a0\u00bbleft\u00a0\u00bb css_animation=\u00a0\u00bb\u00a0\u00bb][vc_column_inner][vc_column_text]Ce qui le place en deuxi\u00e8me position mondiale en termes de locuteurs natifs, tandis que 572 millions de personnes parlent l\u2019espagnol comme premi\u00e8re ou deuxi\u00e8me langue \u2013 chiffre qui inclut les locuteurs dont les comp\u00e9tences sont limit\u00e9es. Plus de 21 millions de personnes \u00e9tudient l\u2019espagnol comme langue \u00e9trang\u00e8re.<\/p>\n<p>L\u2019espagnol est la langue officielle ou nationale en Espagne et en Guin\u00e9e \u00e9quatoriale, ainsi que dans 18 pays et un territoire des Am\u00e9riques. Quelque 418 millions de personnes parlent la langue sur le continent am\u00e9ricain. L\u2019espagnol reste un choix facultatif aux Philippines et est souvent la langue \u00ab \u00e9trang\u00e8re \u00bb privil\u00e9gi\u00e9e plut\u00f4t que l\u2019anglais chez les membres les plus \u00e2g\u00e9s des classes sup\u00e9rieures du pays, celui-ci ayant \u00e9t\u00e9 une colonie espagnole de 1569 \u00e0 1899. Dans l\u2019UE, 8 % de la population est compos\u00e9e de locuteurs natifs, tandis que 7 % de plus la parlent en tant que deuxi\u00e8me langue. Le Mexique est le pays qui compte le plus grand nombre de locuteurs natifs. L\u2019espagnol est la deuxi\u00e8me langue apprise la plus populaire aux \u00c9tats-Unis.[\/vc_column_text][vc_empty_space height=\u00a0\u00bb42px\u00a0\u00bb][\/vc_column_inner][\/vc_row_inner][\/vc_column][\/vc_row][vc_row css_animation=\u00a0\u00bb\u00a0\u00bb row_type=\u00a0\u00bbrow\u00a0\u00bb use_row_as_full_screen_section=\u00a0\u00bbno\u00a0\u00bb type=\u00a0\u00bbgrid\u00a0\u00bb angled_section=\u00a0\u00bbno\u00a0\u00bb text_align=\u00a0\u00bbleft\u00a0\u00bb background_image_as_pattern=\u00a0\u00bbwithout_pattern\u00a0\u00bb z_index=\u00a0\u00bb\u00a0\u00bb][vc_column][vc_separator type=\u00a0\u00bbnormal\u00a0\u00bb color=\u00a0\u00bb#88cce2&Prime; thickness=\u00a0\u00bb5&Prime; up=\u00a0\u00bb0&Prime; down=\u00a0\u00bb0&Prime;][\/vc_column][\/vc_row][vc_row css_animation=\u00a0\u00bb\u00a0\u00bb row_type=\u00a0\u00bbrow\u00a0\u00bb use_row_as_full_screen_section=\u00a0\u00bbno\u00a0\u00bb type=\u00a0\u00bbfull_width\u00a0\u00bb angled_section=\u00a0\u00bbno\u00a0\u00bb text_align=\u00a0\u00bbleft\u00a0\u00bb background_image_as_pattern=\u00a0\u00bbwithout_pattern\u00a0\u00bb z_index=\u00a0\u00bb\u00a0\u00bb css=\u00a0\u00bb.vc_custom_1718512349787{padding-top: 50px !important;padding-bottom: 30px !important;}\u00a0\u00bb][vc_column][vc_row_inner row_type=\u00a0\u00bbrow\u00a0\u00bb type=\u00a0\u00bbgrid\u00a0\u00bb text_align=\u00a0\u00bbleft\u00a0\u00bb css_animation=\u00a0\u00bb\u00a0\u00bb][vc_column_inner width=\u00a0\u00bb1\/2&Prime;][vc_column_text css=\u00a0\u00bb.vc_custom_1728006017274{padding-bottom: 30px !important;}\u00a0\u00bb]<\/p>\n<h2>Les diff\u00e9rences entre l\u2019espagnol d\u2019Espagne et l\u2019espagnol d\u2019Am\u00e9rique latine<\/h2>\n<p>Sur le plan de la traduction, l\u2019espagnol se divise en deux variantes de base, l\u2019espagnol d\u2019Espagne (aussi appel\u00e9 espagnol europ\u00e9en, espagnol ib\u00e9rique ou espagnol p\u00e9ninsulaire) et l\u2019espagnol d\u2019Am\u00e9rique latine.\u00a0 Celui-ci peut \u00eatre regroup\u00e9 en espagnol standard d\u2019Am\u00e9rique latine, un registre \u00ab\u00a0normalis\u00e9\u00a0\u00bb acceptable dans toute l\u2019Am\u00e9rique latine, au Mexique et aux \u00c9tats-Unis, et qui est le type utilis\u00e9 \u00e0 la t\u00e9l\u00e9vision et dans l\u2019industrie du doublage. Il existe aussi plusieurs sous-groupes, essentiellement un pour chaque pays.<\/p>\n<p>Si vous souhaitez envoyer un communiqu\u00e9 de presse \u00e0 l\u2019ensemble du monde hispanophone, il est recommand\u00e9 de r\u00e9diger deux versions, une version standard latino-am\u00e9ricaine pour tout le continent am\u00e9ricain et une version espagnole europ\u00e9enne pour l\u2019Espagne et la Guin\u00e9e \u00e9quatoriale.<\/p>\n<p>L\u2019espagnol mexicain est consid\u00e9r\u00e9 comme celui qui se distingue le plus de tous les autres. Si le Mexique est un march\u00e9 cl\u00e9 lors de la pr\u00e9paration d\u2019un document pour toute l\u2019Am\u00e9rique latine, il est g\u00e9n\u00e9ralement recommand\u00e9 de r\u00e9diger une version sp\u00e9ciale pour le Mexique et d\u2019utiliser l\u2019espagnol standard latino-am\u00e9ricain pour le reste.<\/p>\n<h2>L\u2019espagnol des \u00c9tats-Unis<\/h2>\n<p>Il ne faut pas n\u00e9gliger l\u2019importance de l\u2019espagnol aux \u00c9tats-Unis.[\/vc_column_text][\/vc_column_inner][vc_column_inner width=\u00a0\u00bb1\/2&Prime;][vc_single_image image=\u00a0\u00bb2286&Prime; img_size=\u00a0\u00bbfull\u00a0\u00bb qode_css_animation=\u00a0\u00bb\u00a0\u00bb][vc_empty_space height=\u00a0\u00bb12px\u00a0\u00bb][\/vc_column_inner][\/vc_row_inner][vc_row_inner row_type=\u00a0\u00bbrow\u00a0\u00bb type=\u00a0\u00bbgrid\u00a0\u00bb text_align=\u00a0\u00bbleft\u00a0\u00bb css_animation=\u00a0\u00bb\u00a0\u00bb][vc_column_inner][vc_column_text]Selon l\u2019American Community Survey, une enqu\u00eate r\u00e9alis\u00e9e en 2011 par le Bureau du recensement des \u00c9tats-Unis, parmi les 55\u00a0millions de r\u00e9sidents am\u00e9ricains d\u2019origine latino-am\u00e9ricaine ou espagnole \u00e2g\u00e9s de cinq ans et plus, 38 millions, soit 13,5\u00a0% de la population des \u00c9tats-Unis, parlent l\u2019espagnol \u00e0 la maison et pr\u00e9f\u00e8rent lire, regarder la t\u00e9l\u00e9vision ou \u00e9couter la radio dans leur langue maternelle. Les sp\u00e9cialistes du marketing et des relations publiques qui n\u00e9gligent ce segment du march\u00e9 passent \u00e0 c\u00f4t\u00e9 d\u2019un r\u00e9sident am\u00e9ricain sur sept qui n\u2019aura pas l\u2019occasion d\u2019entendre leur message.<\/p>\n<p>Nous disposons de traducteurs hispanophones originaires des \u00c9tats-Unis qui sauront restituer votre communiqu\u00e9 de presse, site web, document de relations publiques ou tout autre document en espagnol, tel qu\u2019il est utilis\u00e9 dans les journaux hispanophones bas\u00e9s aux \u00c9tats-Unis ainsi que sur les stations de radio et les cha\u00eenes de t\u00e9l\u00e9vision, pour vous aider \u00e0 cibler ce march\u00e9 trop souvent n\u00e9glig\u00e9.[\/vc_column_text][vc_empty_space][\/vc_column_inner][\/vc_row_inner][\/vc_column][\/vc_row][vc_row css_animation=\u00a0\u00bb\u00a0\u00bb row_type=\u00a0\u00bbrow\u00a0\u00bb use_row_as_full_screen_section=\u00a0\u00bbno\u00a0\u00bb type=\u00a0\u00bbgrid\u00a0\u00bb angled_section=\u00a0\u00bbno\u00a0\u00bb text_align=\u00a0\u00bbleft\u00a0\u00bb background_image_as_pattern=\u00a0\u00bbwithout_pattern\u00a0\u00bb z_index=\u00a0\u00bb\u00a0\u00bb][vc_column][vc_separator type=\u00a0\u00bbnormal\u00a0\u00bb color=\u00a0\u00bb#88cce2&Prime; thickness=\u00a0\u00bb5&Prime; up=\u00a0\u00bb0&Prime; down=\u00a0\u00bb0&Prime;][\/vc_column][\/vc_row][vc_row css_animation=\u00a0\u00bb\u00a0\u00bb row_type=\u00a0\u00bbrow\u00a0\u00bb use_row_as_full_screen_section=\u00a0\u00bbno\u00a0\u00bb type=\u00a0\u00bbfull_width\u00a0\u00bb angled_section=\u00a0\u00bbno\u00a0\u00bb text_align=\u00a0\u00bbleft\u00a0\u00bb background_image_as_pattern=\u00a0\u00bbwithout_pattern\u00a0\u00bb z_index=\u00a0\u00bb\u00a0\u00bb css=\u00a0\u00bb.vc_custom_1725246676531{padding-top: 50px !important;padding-bottom: 30px !important;background-color: rgba(0,166,228,0.05) !important;*background-color: rgb(0,166,228) !important;}\u00a0\u00bb][vc_column][vc_row_inner row_type=\u00a0\u00bbrow\u00a0\u00bb type=\u00a0\u00bbgrid\u00a0\u00bb text_align=\u00a0\u00bbleft\u00a0\u00bb css_animation=\u00a0\u00bb\u00a0\u00bb][vc_column_inner][vc_column_text css=\u00a0\u00bb.vc_custom_1728006044293{padding-bottom: 40px !important;}\u00a0\u00bb]<\/p>\n<h2>Vous avez besoin d\u2019aide pour d\u00e9cider de la variante d\u2019espagnol \u00e0 utiliser pour votre traduction\u00a0?<\/h2>\n<p>Si vous avez besoin d\u2019aide pour choisir le type d\u2019espagnol \u00e0 utiliser pour la traduction de votre document ou support marketing, veuillez consulter l\u2019un de nos experts linguistes. Celui-ci pourra vous aider \u00e0 choisir la ou les variantes d\u2019espagnol les plus appropri\u00e9es pour votre projet, le cas \u00e9ch\u00e9ant.<\/p>\n<p>N\u2019h\u00e9sitez pas \u00e0 <strong><a href=\"mailto:clientservices@prontotranslations.com\">nous contacter<\/a><\/strong> pour discuter de votre projet de traduction et de localisation vers l\u2019espagnol.[\/vc_column_text][\/vc_column_inner][\/vc_row_inner][\/vc_column][\/vc_row][vc_row css_animation=\u00a0\u00bb\u00a0\u00bb row_type=\u00a0\u00bbrow\u00a0\u00bb use_row_as_full_screen_section=\u00a0\u00bbno\u00a0\u00bb type=\u00a0\u00bbfull_width\u00a0\u00bb angled_section=\u00a0\u00bbno\u00a0\u00bb text_align=\u00a0\u00bbleft\u00a0\u00bb background_image_as_pattern=\u00a0\u00bbwithout_pattern\u00a0\u00bb z_index=\u00a0\u00bb\u00a0\u00bb background_color=\u00a0\u00bbrgba(0,166,228,0.35)\u00a0\u00bb][vc_column][vc_row_inner row_type=\u00a0\u00bbrow\u00a0\u00bb type=\u00a0\u00bbgrid\u00a0\u00bb text_align=\u00a0\u00bbleft\u00a0\u00bb css_animation=\u00a0\u00bb\u00a0\u00bb css=\u00a0\u00bb.vc_custom_1712461537481{margin-top: 30px !important;margin-bottom: 30px !important;}\u00a0\u00bb][vc_column_inner][vc_column_text css=\u00a0\u00bb.vc_custom_1728005207283{padding-top: 15px !important;padding-right: 10px !important;padding-bottom: 15px !important;padding-left: 10px !important;background-color: #00a5e4 !important;border-radius: 3px !important;}\u00a0\u00bb]<\/p>\n<p style=\"text-align: center;\"><span style=\"color: #ffffff;\"><a style=\"color: #ffffff;\" href=\"https:\/\/prontotranslations.com\/fr\/contact\/\">Contactez-nous pour votre projet de traduction ou de localisation vers l&rsquo;espagnol<\/a><\/span><\/p>\n<p>[\/vc_column_text][\/vc_column_inner][\/vc_row_inner][\/vc_column][\/vc_row]<\/p>\n<\/div>","protected":false},"excerpt":{"rendered":"<p>[vc_row css_animation=\u00a0\u00bb\u00a0\u00bb row_type=\u00a0\u00bbrow\u00a0\u00bb use_row_as_full_screen_section=\u00a0\u00bbno\u00a0\u00bb type=\u00a0\u00bbfull_width\u00a0\u00bb angled_section=\u00a0\u00bbno\u00a0\u00bb text_align=\u00a0\u00bbleft\u00a0\u00bb background_image_as_pattern=\u00a0\u00bbwithout_pattern\u00a0\u00bb z_index=\u00a0\u00bb\u00a0\u00bb][vc_column][vc_column_text css=\u00a0\u00bb.vc_custom_1728004201092{padding-bottom: 30px !important;}\u00a0\u00bb] Services de traduction professionnelle en espagnol [\/vc_column_text][\/vc_column][\/vc_row][vc_row css_animation=\u00a0\u00bb\u00a0\u00bb row_type=\u00a0\u00bbrow\u00a0\u00bb use_row_as_full_screen_section=\u00a0\u00bbno\u00a0\u00bb type=\u00a0\u00bbgrid\u00a0\u00bb angled_section=\u00a0\u00bbno\u00a0\u00bb text_align=\u00a0\u00bbleft\u00a0\u00bb&#8230;<\/p>\n","protected":false},"author":1,"featured_media":0,"parent":2589,"menu_order":21,"comment_status":"closed","ping_status":"closed","template":"full_width.php","meta":{"footnotes":""},"class_list":["post-2746","page","type-page","status-publish","hentry"],"_links":{"self":[{"href":"https:\/\/prontotranslations.com\/fr\/wp-json\/wp\/v2\/pages\/2746","targetHints":{"allow":["GET"]}}],"collection":[{"href":"https:\/\/prontotranslations.com\/fr\/wp-json\/wp\/v2\/pages"}],"about":[{"href":"https:\/\/prontotranslations.com\/fr\/wp-json\/wp\/v2\/types\/page"}],"author":[{"embeddable":true,"href":"https:\/\/prontotranslations.com\/fr\/wp-json\/wp\/v2\/users\/1"}],"replies":[{"embeddable":true,"href":"https:\/\/prontotranslations.com\/fr\/wp-json\/wp\/v2\/comments?post=2746"}],"version-history":[{"count":10,"href":"https:\/\/prontotranslations.com\/fr\/wp-json\/wp\/v2\/pages\/2746\/revisions"}],"predecessor-version":[{"id":2749,"href":"https:\/\/prontotranslations.com\/fr\/wp-json\/wp\/v2\/pages\/2746\/revisions\/2749"}],"up":[{"embeddable":true,"href":"https:\/\/prontotranslations.com\/fr\/wp-json\/wp\/v2\/pages\/2589"}],"wp:attachment":[{"href":"https:\/\/prontotranslations.com\/fr\/wp-json\/wp\/v2\/media?parent=2746"}],"curies":[{"name":"wp","href":"https:\/\/api.w.org\/{rel}","templated":true}]}}