{"id":2771,"date":"2024-08-08T02:13:55","date_gmt":"2024-08-08T02:13:55","guid":{"rendered":"https:\/\/aw-web.com\/pronto2\/?page_id=2771"},"modified":"2025-01-16T04:43:24","modified_gmt":"2025-01-16T04:43:24","slug":"traduction-de-l-anglais-au-francais-canadien","status":"publish","type":"page","link":"https:\/\/prontotranslations.com\/fr\/les-langues\/traduction-de-l-anglais-au-francais-canadien\/","title":{"rendered":"Traduction de l&rsquo;anglais au fran\u00e7ais canadien"},"content":{"rendered":"<div class=\"wpb-content-wrapper\"><p>[vc_row css_animation=\u00a0\u00bb\u00a0\u00bb row_type=\u00a0\u00bbrow\u00a0\u00bb use_row_as_full_screen_section=\u00a0\u00bbno\u00a0\u00bb type=\u00a0\u00bbfull_width\u00a0\u00bb angled_section=\u00a0\u00bbno\u00a0\u00bb text_align=\u00a0\u00bbleft\u00a0\u00bb background_image_as_pattern=\u00a0\u00bbwithout_pattern\u00a0\u00bb z_index=\u00a0\u00bb\u00a0\u00bb][vc_column][vc_column_text]<\/p>\n<h1 style=\"text-align: center;\">Services de traduction professionnelle de l\u2019anglais au fran\u00e7ais canadien<\/h1>\n<p>[\/vc_column_text][\/vc_column][\/vc_row][vc_row css_animation=\u00a0\u00bb\u00a0\u00bb row_type=\u00a0\u00bbrow\u00a0\u00bb use_row_as_full_screen_section=\u00a0\u00bbno\u00a0\u00bb type=\u00a0\u00bbgrid\u00a0\u00bb angled_section=\u00a0\u00bbno\u00a0\u00bb text_align=\u00a0\u00bbleft\u00a0\u00bb background_image_as_pattern=\u00a0\u00bbwithout_pattern\u00a0\u00bb z_index=\u00a0\u00bb\u00a0\u00bb css=\u00a0\u00bb.vc_custom_1727921590319{padding-top: 50px !important;padding-right: 10% !important;padding-left: 10% !important;}\u00a0\u00bb][vc_column width=\u00a0\u00bb1\/2&Prime; css=\u00a0\u00bb.vc_custom_1712629369530{padding-right: 10% !important;padding-left: 10% !important;}\u00a0\u00bb][vc_column_text css=\u00a0\u00bb.vc_custom_1728008147094{padding-bottom: 40px !important;}\u00a0\u00bb]<\/p>\n<p style=\"text-align: center;\"><strong>Adressez-vous \u00e0 Pronto pour la traduction de votre document ou site web vers le fran\u00e7ais canadien<\/strong><\/p>\n<h2>Notre \u00e9quipe professionnelle franco-canadienne<\/h2>\n<p>Pronto s\u2019est associ\u00e9 \u00e0 un programme de traduction de premier plan de l\u2019Universit\u00e9 Laval \u00e0 Qu\u00e9bec, au Canada. Cette universit\u00e9 est connue pour avoir l\u2019un des meilleurs programmes de formation de traducteurs fran\u00e7ais canadiens qualifi\u00e9s.<\/p>\n<p>La grande majorit\u00e9 de l\u2019\u00e9quipe de traducteurs qualifi\u00e9s de Pronto sont dipl\u00f4m\u00e9s de ce prestigieux programme, et sont pr\u00eats \u00e0 prendre en charge votre projet de l\u2019anglais (ou de l\u2019espagnol, de l\u2019allemand, de l\u2019italien, du portugais et de nombreuses autres langues) vers le fran\u00e7ais canadien.[\/vc_column_text][vc_row_inner row_type=\u00a0\u00bbrow\u00a0\u00bb type=\u00a0\u00bbfull_width\u00a0\u00bb text_align=\u00a0\u00bbcenter\u00a0\u00bb css_animation=\u00a0\u00bb\u00a0\u00bb css=\u00a0\u00bb.vc_custom_1718510388324{padding-top: 40px !important;}\u00a0\u00bb][vc_column_inner][vc_column_text css=\u00a0\u00bb.vc_custom_1728008278840{padding-top: 10px !important;padding-bottom: 10px !important;background-color: #00a6e4 !important;border-radius: 3px !important;}\u00a0\u00bb]<\/p>\n<p style=\"text-align: center;\"><a href=\"https:\/\/prontotranslations.com\/fr\/les-langues\/traduction-de-l-anglais-au-francais-canadien\/\"><span style=\"color: #ffffff;\">Contactez-nous \u00e0 propos de votre projet de traduction ou de localisation vers le fran\u00e7ais canadien<\/span><\/a><\/p>\n<p>[\/vc_column_text][vc_empty_space][\/vc_column_inner][\/vc_row_inner][\/vc_column][vc_column width=\u00a0\u00bb1\/2&Prime;][vc_single_image image=\u00a0\u00bb2178&Prime; img_size=\u00a0\u00bbfull\u00a0\u00bb alignment=\u00a0\u00bbcenter\u00a0\u00bb qode_css_animation=\u00a0\u00bb\u00a0\u00bb css=\u00a0\u00bb.vc_custom_1723083767613{padding-bottom: 30px !important;}\u00a0\u00bb][vc_empty_space][\/vc_column][\/vc_row][vc_row css_animation=\u00a0\u00bb\u00a0\u00bb row_type=\u00a0\u00bbrow\u00a0\u00bb use_row_as_full_screen_section=\u00a0\u00bbno\u00a0\u00bb type=\u00a0\u00bbgrid\u00a0\u00bb angled_section=\u00a0\u00bbno\u00a0\u00bb text_align=\u00a0\u00bbleft\u00a0\u00bb background_image_as_pattern=\u00a0\u00bbwithout_pattern\u00a0\u00bb z_index=\u00a0\u00bb\u00a0\u00bb][vc_column][vc_separator type=\u00a0\u00bbnormal\u00a0\u00bb color=\u00a0\u00bb#88cce2&Prime; thickness=\u00a0\u00bb5&Prime; up=\u00a0\u00bb0&Prime; down=\u00a0\u00bb0&Prime;][\/vc_column][\/vc_row][vc_row css_animation=\u00a0\u00bb\u00a0\u00bb row_type=\u00a0\u00bbrow\u00a0\u00bb use_row_as_full_screen_section=\u00a0\u00bbno\u00a0\u00bb type=\u00a0\u00bbfull_width\u00a0\u00bb angled_section=\u00a0\u00bbno\u00a0\u00bb text_align=\u00a0\u00bbleft\u00a0\u00bb background_image_as_pattern=\u00a0\u00bbwithout_pattern\u00a0\u00bb z_index=\u00a0\u00bb\u00a0\u00bb css=\u00a0\u00bb.vc_custom_1712718567412{background-color: rgba(0,166,228,0.05) !important;*background-color: rgb(0,166,228) !important;}\u00a0\u00bb][vc_column][vc_row_inner row_type=\u00a0\u00bbrow\u00a0\u00bb type=\u00a0\u00bbgrid\u00a0\u00bb text_align=\u00a0\u00bbleft\u00a0\u00bb css_animation=\u00a0\u00bb\u00a0\u00bb css=\u00a0\u00bb.vc_custom_1718510501771{padding-top: 50px !important;}\u00a0\u00bb][vc_column_inner width=\u00a0\u00bb1\/2&Prime;][vc_single_image image=\u00a0\u00bb2181&Prime; img_size=\u00a0\u00bbfull\u00a0\u00bb qode_css_animation=\u00a0\u00bb\u00a0\u00bb][vc_empty_space height=\u00a0\u00bb42px\u00a0\u00bb][\/vc_column_inner][vc_column_inner width=\u00a0\u00bb1\/2&Prime;][vc_column_text css=\u00a0\u00bb.vc_custom_1728008342964{padding-top: 10px !important;padding-bottom: 40px !important;}\u00a0\u00bb]<\/p>\n<h2>Une version en fran\u00e7ais est de rigueur pour p\u00e9n\u00e9trer le march\u00e9 canadien<\/h2>\n<p>Plus d\u2019un Canadien sur cinq d\u00e9clare le fran\u00e7ais comme langue maternelle. Votre entreprise peut \u00eatre pleinement pr\u00e9sente sur le march\u00e9 canadien gr\u00e2ce \u00e0 une version fran\u00e7aise de votre site web, de votre mat\u00e9riel promotionnel ou de votre communiqu\u00e9 de presse.<\/p>\n<p>Les communaut\u00e9s canadiennes-fran\u00e7aises se trouvent principalement au Qu\u00e9bec et au Nouveau-Brunswick, mais il existe des communaut\u00e9s de francophones dans chaque province. En vertu de la loi, elles doivent \u00eatre servies en fran\u00e7ais dans le cadre de toute interaction avec le gouvernement ou ses agences.<\/p>\n<p>Pronto dispose d\u2019une \u00e9quipe locale \u00e0 Qu\u00e9bec qui peut restituer vos documents en fran\u00e7ais tel qu\u2019il est parl\u00e9 au Canada.[\/vc_column_text][\/vc_column_inner][\/vc_row_inner][\/vc_column][\/vc_row][vc_row css_animation=\u00a0\u00bb\u00a0\u00bb row_type=\u00a0\u00bbrow\u00a0\u00bb use_row_as_full_screen_section=\u00a0\u00bbno\u00a0\u00bb type=\u00a0\u00bbgrid\u00a0\u00bb angled_section=\u00a0\u00bbno\u00a0\u00bb text_align=\u00a0\u00bbleft\u00a0\u00bb background_image_as_pattern=\u00a0\u00bbwithout_pattern\u00a0\u00bb z_index=\u00a0\u00bb\u00a0\u00bb][vc_column][vc_separator type=\u00a0\u00bbnormal\u00a0\u00bb color=\u00a0\u00bb#88cce2&Prime; thickness=\u00a0\u00bb5&Prime; up=\u00a0\u00bb0&Prime; down=\u00a0\u00bb0&Prime;][\/vc_column][\/vc_row][vc_row css_animation=\u00a0\u00bb\u00a0\u00bb row_type=\u00a0\u00bbrow\u00a0\u00bb use_row_as_full_screen_section=\u00a0\u00bbno\u00a0\u00bb type=\u00a0\u00bbfull_width\u00a0\u00bb angled_section=\u00a0\u00bbno\u00a0\u00bb text_align=\u00a0\u00bbleft\u00a0\u00bb background_image_as_pattern=\u00a0\u00bbwithout_pattern\u00a0\u00bb z_index=\u00a0\u00bb\u00a0\u00bb css=\u00a0\u00bb.vc_custom_1718512349787{padding-top: 50px !important;padding-bottom: 30px !important;}\u00a0\u00bb][vc_column][vc_row_inner row_type=\u00a0\u00bbrow\u00a0\u00bb type=\u00a0\u00bbgrid\u00a0\u00bb text_align=\u00a0\u00bbleft\u00a0\u00bb css_animation=\u00a0\u00bb\u00a0\u00bb][vc_column_inner width=\u00a0\u00bb1\/2&Prime;][vc_column_text css=\u00a0\u00bb.vc_custom_1728008392009{padding-bottom: 30px !important;}\u00a0\u00bb]<\/p>\n<h2><strong>La langue parl\u00e9e au Canada n\u2019est la m\u00eame que celle parl\u00e9e dans l\u2019Hexagone<\/strong><\/h2>\n<p>Pourquoi le fran\u00e7ais canadien est-il diff\u00e9rent du fran\u00e7ais m\u00e9tropolitain, et pourquoi est-il si important de choisir un traducteur franco-canadien pour votre projet ciblant le Canada\u00a0?<\/p>\n<p>Une s\u00e9rie de lois au Qu\u00e9bec, dont la plus importante est la Charte de la langue fran\u00e7aise, \u00e9galement connue sous le nom de loi\u00a0101, d\u00e9finit le fran\u00e7ais, la langue de la majorit\u00e9 de la population, comme la langue officielle du gouvernement provincial.<\/p>\n<p>Ces lois visaient \u00e0 inverser et, dans la mesure du possible, \u00e0 supprimer tous les anglicismes de la langue canadienne fran\u00e7aise. Parmi ceux-ci, on peut citer le flot de nouveaux termes techniques anglais qui sont devenus partie int\u00e9grante de tant de langues, surtout depuis le d\u00e9but de ce si\u00e8cle.<\/p>\n<p>Cependant, le Conseil qu\u00e9b\u00e9cois de la langue fran\u00e7aise a r\u00e9sist\u00e9 \u00e0 cette tendance en s\u2019effor\u00e7ant de trouver des \u00e9quivalents authentiquement fran\u00e7ais, ce qui \u00e9carte les termes anglais de la langue.<\/p>\n<p>Tel n\u2019est pas le cas en France, o\u00f9 les termes techniques anglicis\u00e9s ont \u00e9t\u00e9 largement adopt\u00e9s. En outre, depuis plus de trois si\u00e8cles, la langue fran\u00e7aise a suivi son propre d\u00e9veloppement unique sur le continent nord-am\u00e9ricain.<br \/>\n[\/vc_column_text][\/vc_column_inner][vc_column_inner width=\u00a0\u00bb1\/2&Prime;][vc_single_image image=\u00a0\u00bb2180&Prime; img_size=\u00a0\u00bbfull\u00a0\u00bb qode_css_animation=\u00a0\u00bb\u00a0\u00bb][vc_empty_space height=\u00a0\u00bb12px\u00a0\u00bb][\/vc_column_inner][\/vc_row_inner][\/vc_column][\/vc_row][vc_row css_animation=\u00a0\u00bb\u00a0\u00bb row_type=\u00a0\u00bbrow\u00a0\u00bb use_row_as_full_screen_section=\u00a0\u00bbno\u00a0\u00bb type=\u00a0\u00bbgrid\u00a0\u00bb angled_section=\u00a0\u00bbno\u00a0\u00bb text_align=\u00a0\u00bbleft\u00a0\u00bb background_image_as_pattern=\u00a0\u00bbwithout_pattern\u00a0\u00bb z_index=\u00a0\u00bb\u00a0\u00bb][vc_column][vc_separator type=\u00a0\u00bbnormal\u00a0\u00bb color=\u00a0\u00bb#88cce2&Prime; thickness=\u00a0\u00bb5&Prime; up=\u00a0\u00bb0&Prime; down=\u00a0\u00bb0&Prime;][\/vc_column][\/vc_row][vc_row css_animation=\u00a0\u00bb\u00a0\u00bb row_type=\u00a0\u00bbrow\u00a0\u00bb use_row_as_full_screen_section=\u00a0\u00bbno\u00a0\u00bb type=\u00a0\u00bbfull_width\u00a0\u00bb angled_section=\u00a0\u00bbno\u00a0\u00bb text_align=\u00a0\u00bbleft\u00a0\u00bb background_image_as_pattern=\u00a0\u00bbwithout_pattern\u00a0\u00bb z_index=\u00a0\u00bb\u00a0\u00bb css=\u00a0\u00bb.vc_custom_1723082585996{padding-top: 50px !important;padding-bottom: 30px !important;background-color: rgba(0,166,228,0.05) !important;*background-color: rgb(0,166,228) !important;}\u00a0\u00bb][vc_column][vc_row_inner row_type=\u00a0\u00bbrow\u00a0\u00bb type=\u00a0\u00bbgrid\u00a0\u00bb text_align=\u00a0\u00bbleft\u00a0\u00bb css_animation=\u00a0\u00bb\u00a0\u00bb][vc_column_inner][vc_column_text css=\u00a0\u00bb.vc_custom_1728008429308{padding-bottom: 30px !important;}\u00a0\u00bb]<\/p>\n<h2>Laissez notre \u00e9quipe canadienne fran\u00e7aise bas\u00e9e \u00e0 Qu\u00e9bec s\u2019occuper de votre traduction<\/h2>\n<p>Seul un traducteur canadien fran\u00e7ais qualifi\u00e9 peut restituer votre document dans la langue pr\u00e9f\u00e9r\u00e9e par les locuteurs du fran\u00e7ais canadien.<\/p>\n<p><a href=\"mailto:clientservices@prontotranslations.com\"><strong>Contactez-nous<\/strong><\/a> d\u00e8s aujourd\u2019hui pour discuter de votre projet de traduction et de localisation vers le fran\u00e7ais du Canada.[\/vc_column_text][\/vc_column_inner][\/vc_row_inner][\/vc_column][\/vc_row][vc_row css_animation=\u00a0\u00bb\u00a0\u00bb row_type=\u00a0\u00bbrow\u00a0\u00bb use_row_as_full_screen_section=\u00a0\u00bbno\u00a0\u00bb type=\u00a0\u00bbfull_width\u00a0\u00bb angled_section=\u00a0\u00bbno\u00a0\u00bb text_align=\u00a0\u00bbleft\u00a0\u00bb background_image_as_pattern=\u00a0\u00bbwithout_pattern\u00a0\u00bb][vc_column][vc_column_text]<\/p>\n<p>[\/vc_column_text][\/vc_column][\/vc_row][vc_row css_animation=\u00a0\u00bb\u00a0\u00bb row_type=\u00a0\u00bbrow\u00a0\u00bb use_row_as_full_screen_section=\u00a0\u00bbno\u00a0\u00bb type=\u00a0\u00bbfull_width\u00a0\u00bb angled_section=\u00a0\u00bbno\u00a0\u00bb text_align=\u00a0\u00bbleft\u00a0\u00bb background_image_as_pattern=\u00a0\u00bbwithout_pattern\u00a0\u00bb z_index=\u00a0\u00bb\u00a0\u00bb background_color=\u00a0\u00bbrgba(0,166,228,0.35)\u00a0\u00bb][vc_column][vc_row_inner row_type=\u00a0\u00bbrow\u00a0\u00bb type=\u00a0\u00bbgrid\u00a0\u00bb text_align=\u00a0\u00bbleft\u00a0\u00bb css_animation=\u00a0\u00bb\u00a0\u00bb css=\u00a0\u00bb.vc_custom_1712461537481{margin-top: 30px !important;margin-bottom: 30px !important;}\u00a0\u00bb][vc_column_inner][vc_column_text css=\u00a0\u00bb.vc_custom_1728008257921{padding-top: 15px !important;padding-right: 10px !important;padding-bottom: 15px !important;padding-left: 10px !important;background-color: #00a5e4 !important;border-radius: 3px !important;}\u00a0\u00bb]<\/p>\n<p style=\"text-align: center;\"><span style=\"color: #ffffff;\"><a style=\"color: #ffffff;\" href=\"https:\/\/prontotranslations.com\/fr\/les-langues\/traduction-de-l-anglais-au-francais-canadien\/\">Contactez-nous \u00e0 propos de votre projet de traduction ou de localisation vers le fran\u00e7ais canadien<\/a><\/span><\/p>\n<p>[\/vc_column_text][\/vc_column_inner][\/vc_row_inner][\/vc_column][\/vc_row]<\/p>\n<\/div>","protected":false},"excerpt":{"rendered":"<p>[vc_row css_animation=\u00a0\u00bb\u00a0\u00bb row_type=\u00a0\u00bbrow\u00a0\u00bb use_row_as_full_screen_section=\u00a0\u00bbno\u00a0\u00bb type=\u00a0\u00bbfull_width\u00a0\u00bb angled_section=\u00a0\u00bbno\u00a0\u00bb text_align=\u00a0\u00bbleft\u00a0\u00bb background_image_as_pattern=\u00a0\u00bbwithout_pattern\u00a0\u00bb z_index=\u00a0\u00bb\u00a0\u00bb][vc_column][vc_column_text] Services de traduction professionnelle de l\u2019anglais au fran\u00e7ais canadien [\/vc_column_text][\/vc_column][\/vc_row][vc_row css_animation=\u00a0\u00bb\u00a0\u00bb row_type=\u00a0\u00bbrow\u00a0\u00bb use_row_as_full_screen_section=\u00a0\u00bbno\u00a0\u00bb type=\u00a0\u00bbgrid\u00a0\u00bb angled_section=\u00a0\u00bbno\u00a0\u00bb text_align=\u00a0\u00bbleft\u00a0\u00bb&#8230;<\/p>\n","protected":false},"author":1,"featured_media":0,"parent":2589,"menu_order":3,"comment_status":"closed","ping_status":"closed","template":"full_width.php","meta":{"footnotes":""},"class_list":["post-2771","page","type-page","status-publish","hentry"],"_links":{"self":[{"href":"https:\/\/prontotranslations.com\/fr\/wp-json\/wp\/v2\/pages\/2771","targetHints":{"allow":["GET"]}}],"collection":[{"href":"https:\/\/prontotranslations.com\/fr\/wp-json\/wp\/v2\/pages"}],"about":[{"href":"https:\/\/prontotranslations.com\/fr\/wp-json\/wp\/v2\/types\/page"}],"author":[{"embeddable":true,"href":"https:\/\/prontotranslations.com\/fr\/wp-json\/wp\/v2\/users\/1"}],"replies":[{"embeddable":true,"href":"https:\/\/prontotranslations.com\/fr\/wp-json\/wp\/v2\/comments?post=2771"}],"version-history":[{"count":6,"href":"https:\/\/prontotranslations.com\/fr\/wp-json\/wp\/v2\/pages\/2771\/revisions"}],"predecessor-version":[{"id":3005,"href":"https:\/\/prontotranslations.com\/fr\/wp-json\/wp\/v2\/pages\/2771\/revisions\/3005"}],"up":[{"embeddable":true,"href":"https:\/\/prontotranslations.com\/fr\/wp-json\/wp\/v2\/pages\/2589"}],"wp:attachment":[{"href":"https:\/\/prontotranslations.com\/fr\/wp-json\/wp\/v2\/media?parent=2771"}],"curies":[{"name":"wp","href":"https:\/\/api.w.org\/{rel}","templated":true}]}}