{"id":2841,"date":"2024-09-01T19:44:00","date_gmt":"2024-09-01T19:44:00","guid":{"rendered":"https:\/\/aw-web.com\/pronto2\/?page_id=2841"},"modified":"2025-01-17T02:36:01","modified_gmt":"2025-01-17T02:36:01","slug":"services-de-traduction-en-russe","status":"publish","type":"page","link":"https:\/\/prontotranslations.com\/fr\/les-langues\/services-de-traduction-en-russe\/","title":{"rendered":"Traduction vers le russe"},"content":{"rendered":"<div class=\"wpb-content-wrapper\"><p>[vc_row css_animation=\u00a0\u00bb\u00a0\u00bb row_type=\u00a0\u00bbrow\u00a0\u00bb use_row_as_full_screen_section=\u00a0\u00bbno\u00a0\u00bb type=\u00a0\u00bbfull_width\u00a0\u00bb angled_section=\u00a0\u00bbno\u00a0\u00bb text_align=\u00a0\u00bbleft\u00a0\u00bb background_image_as_pattern=\u00a0\u00bbwithout_pattern\u00a0\u00bb z_index=\u00a0\u00bb\u00a0\u00bb][vc_column][vc_column_text css=\u00a0\u00bb.vc_custom_1728062100945{padding-bottom: 30px !important;}\u00a0\u00bb]<\/p>\n<h1 style=\"text-align: center;\">Services de traduction professionnelle en russe<\/h1>\n<p>[\/vc_column_text][\/vc_column][\/vc_row][vc_row css_animation=\u00a0\u00bb\u00a0\u00bb row_type=\u00a0\u00bbrow\u00a0\u00bb use_row_as_full_screen_section=\u00a0\u00bbno\u00a0\u00bb type=\u00a0\u00bbgrid\u00a0\u00bb angled_section=\u00a0\u00bbno\u00a0\u00bb text_align=\u00a0\u00bbleft\u00a0\u00bb background_image_as_pattern=\u00a0\u00bbwithout_pattern\u00a0\u00bb z_index=\u00a0\u00bb\u00a0\u00bb css=\u00a0\u00bb.vc_custom_1719198241526{padding-top: 50px !important;padding-right: 10% !important;padding-left: 10% !important;}\u00a0\u00bb][vc_column width=\u00a0\u00bb1\/2&Prime; css=\u00a0\u00bb.vc_custom_1712629369530{padding-right: 10% !important;padding-left: 10% !important;}\u00a0\u00bb][vc_row_inner row_type=\u00a0\u00bbrow\u00a0\u00bb type=\u00a0\u00bbfull_width\u00a0\u00bb text_align=\u00a0\u00bbcenter\u00a0\u00bb css_animation=\u00a0\u00bb\u00a0\u00bb css=\u00a0\u00bb.vc_custom_1722784476757{padding-top: 20px !important;}\u00a0\u00bb][vc_column_inner][vc_column_text css=\u00a0\u00bb.vc_custom_1728062225316{padding-bottom: 50px !important;}\u00a0\u00bb]<\/p>\n<p style=\"text-align: center;\"><strong>Laissez Pronto se charger de la traduction de votre communiqu\u00e9 ou de votre document destin\u00e9 \u00e0 l\u2019un des 15 pays o\u00f9 le russe est la lingua franca\u00a0!<\/strong><\/p>\n<ul>\n<li>Traduction de l\u2019allemand vers le russe<\/li>\n<li>Traduction de l\u2019anglais vers le russe<\/li>\n<li>Traduction du chinois vers le russe<\/li>\n<li>Traduction de l\u2019italien vers le russe<\/li>\n<li>Traduction du turc vers le russe<\/li>\n<li>Traduction de l\u2019ukrainien vers le russe<\/li>\n<\/ul>\n<p>[\/vc_column_text][vc_column_text css=\u00a0\u00bb.vc_custom_1728062307512{padding-top: 10px !important;padding-bottom: 10px !important;background-color: #00a6e4 !important;border-radius: 3px !important;}\u00a0\u00bb]<\/p>\n<p style=\"text-align: center;\"><a href=\"https:\/\/prontotranslations.com\/fr\/contact\/\"><span style=\"color: #ffffff;\">Contactez-nous au sujet de votre projet de traduction et de localisation vers le russe<\/span><\/a><\/p>\n<p>[\/vc_column_text][vc_empty_space][\/vc_column_inner][\/vc_row_inner][\/vc_column][vc_column width=\u00a0\u00bb1\/2&Prime;][vc_single_image image=\u00a0\u00bb2280&Prime; img_size=\u00a0\u00bbfull\u00a0\u00bb alignment=\u00a0\u00bbcenter\u00a0\u00bb qode_css_animation=\u00a0\u00bb\u00a0\u00bb css=\u00a0\u00bb.vc_custom_1725223638491{padding-bottom: 30px !important;}\u00a0\u00bb][vc_empty_space][\/vc_column][\/vc_row][vc_row css_animation=\u00a0\u00bb\u00a0\u00bb row_type=\u00a0\u00bbrow\u00a0\u00bb use_row_as_full_screen_section=\u00a0\u00bbno\u00a0\u00bb type=\u00a0\u00bbgrid\u00a0\u00bb angled_section=\u00a0\u00bbno\u00a0\u00bb text_align=\u00a0\u00bbleft\u00a0\u00bb background_image_as_pattern=\u00a0\u00bbwithout_pattern\u00a0\u00bb z_index=\u00a0\u00bb\u00a0\u00bb][vc_column][vc_separator type=\u00a0\u00bbnormal\u00a0\u00bb color=\u00a0\u00bb#88cce2&Prime; thickness=\u00a0\u00bb5&Prime; up=\u00a0\u00bb0&Prime; down=\u00a0\u00bb0&Prime;][\/vc_column][\/vc_row][vc_row css_animation=\u00a0\u00bb\u00a0\u00bb row_type=\u00a0\u00bbrow\u00a0\u00bb use_row_as_full_screen_section=\u00a0\u00bbno\u00a0\u00bb type=\u00a0\u00bbfull_width\u00a0\u00bb angled_section=\u00a0\u00bbno\u00a0\u00bb text_align=\u00a0\u00bbleft\u00a0\u00bb background_image_as_pattern=\u00a0\u00bbwithout_pattern\u00a0\u00bb z_index=\u00a0\u00bb\u00a0\u00bb css=\u00a0\u00bb.vc_custom_1712718567412{background-color: rgba(0,166,228,0.05) !important;*background-color: rgb(0,166,228) !important;}\u00a0\u00bb][vc_column][vc_row_inner row_type=\u00a0\u00bbrow\u00a0\u00bb type=\u00a0\u00bbgrid\u00a0\u00bb text_align=\u00a0\u00bbleft\u00a0\u00bb css_animation=\u00a0\u00bb\u00a0\u00bb css=\u00a0\u00bb.vc_custom_1718510501771{padding-top: 50px !important;}\u00a0\u00bb][vc_column_inner width=\u00a0\u00bb1\/2&Prime;][vc_single_image image=\u00a0\u00bb2279&Prime; img_size=\u00a0\u00bbfull\u00a0\u00bb qode_css_animation=\u00a0\u00bb\u00a0\u00bb][vc_empty_space][\/vc_column_inner][vc_column_inner width=\u00a0\u00bb1\/2&Prime;][vc_column_text css=\u00a0\u00bb.vc_custom_1728062694071{padding-bottom: 40px !important;}\u00a0\u00bb]<\/p>\n<h2>Nos traducteurs professionnels russes sont \u00e0 votre disposition pour vous aider \u00e0 communiquer votre message ou votre document dans la langue la plus r\u00e9pandue d\u2019Eurasie\u00a0!<\/h2>\n<p>Notre \u00e9quipe de traducteurs russes se tient pr\u00eate \u00e0 convertir votre message dans la langue qui reste l\u2019un des principaux moyens de communication \u00e0 travers la F\u00e9d\u00e9ration de Russie et les 14\u00a0autres pays qui formaient autrefois l\u2019Union sovi\u00e9tique.<\/p>\n<h2>La langue la plus parl\u00e9e en Europe<\/h2>\n<p>Le russe (\u0440\u0443\u0441\u0441\u043a\u0438\u0439 \u044f\u0437\u044b\u043a) est une langue officielle en Russie, en Bi\u00e9lorussie, au Kazakhstan et au Kirghizstan. Il est encore largement utilis\u00e9 dans plusieurs pays d\u2019Europe de l\u2019Est, dans les \u00c9tats baltes, dans le Caucase et en Asie centrale.<\/p>\n<p>Le russe \u00e9tait la langue <em>de facto<\/em> de l\u2019Union sovi\u00e9tique jusqu\u2019\u00e0 sa dissolution le 26\u00a0d\u00e9cembre 1991. La langue reste une <em>lingua franca<\/em>, avec une fonction officielle et un usage courant dans la vie publique de tous les pays de l\u2019ex-URSS.<\/p>\n<p>En raison de la diaspora de l\u2019ancien bloc sovi\u00e9tique, de grandes communaut\u00e9s de russophones existent dans d\u2019autres pays, notamment en Isra\u00ebl et en Mongolie.<\/p>\n<p>Le russe est la septi\u00e8me langue la plus parl\u00e9e au monde en nombre de locuteurs natifs, la langue qui compte le plus grand nombre de locuteurs natifs en Europe et celle qui est la plus r\u00e9pandue g\u00e9ographiquement sur le territoire eurasien.[\/vc_column_text][\/vc_column_inner][\/vc_row_inner][vc_row_inner row_type=\u00a0\u00bbrow\u00a0\u00bb type=\u00a0\u00bbgrid\u00a0\u00bb text_align=\u00a0\u00bbleft\u00a0\u00bb css_animation=\u00a0\u00bb\u00a0\u00bb css=\u00a0\u00bb.vc_custom_1724033917078{padding-bottom: 40px !important;}\u00a0\u00bb][vc_column_inner][vc_column_text]Quelque 118\u00a0millions de personnes en Russie revendiquent cette langue comme leur langue maternelle (85,7\u00a0% de tous les locuteurs du pays), 14\u00a0millions en Ukraine (29,6\u00a0%), 6\u00a0millions en Bi\u00e9lorussie (70,2\u00a0%), 3,8\u00a0millions au Kazakhstan (21,2\u00a0%), 2,2\u00a0millions en Allemagne (2,8\u00a0%) et 1,2\u00a0million en Isra\u00ebl (15\u00a0%), ainsi qu\u2019environ 6\u00a0millions dans divers autres pays, soit quelque 150\u00a0millions de locuteurs natifs \u00e0 travers le monde.<\/p>\n<p>Le russe est la huiti\u00e8me langue la plus parl\u00e9e au monde en termes de nombre total de locuteurs, natifs et non natifs. C\u2019est aussi l\u2019une des six langues officielles des Nations Unies. Apr\u00e8s l\u2019anglais, le russe est la deuxi\u00e8me langue la plus utilis\u00e9e sur Internet.<\/p>\n<p>Le russe, qui appartient \u00e0 la grande famille des langues indo-europ\u00e9ennes, est l\u2019un des quatre repr\u00e9sentants vivants des langues slaves orientales aux c\u00f4t\u00e9s du bi\u00e9lorusse, du rusyn (aussi appel\u00e9 ruth\u00e8ne) et de l\u2019ukrainien, et fait partie de la branche plus large des langues balto-slaves. Le russe, le bi\u00e9lorusse et l\u2019ukrainien sont en grande partie mutuellement intelligibles.[\/vc_column_text][\/vc_column_inner][\/vc_row_inner][\/vc_column][\/vc_row][vc_row css_animation=\u00a0\u00bb\u00a0\u00bb row_type=\u00a0\u00bbrow\u00a0\u00bb use_row_as_full_screen_section=\u00a0\u00bbno\u00a0\u00bb type=\u00a0\u00bbgrid\u00a0\u00bb angled_section=\u00a0\u00bbno\u00a0\u00bb text_align=\u00a0\u00bbleft\u00a0\u00bb background_image_as_pattern=\u00a0\u00bbwithout_pattern\u00a0\u00bb z_index=\u00a0\u00bb\u00a0\u00bb][vc_column][vc_separator type=\u00a0\u00bbnormal\u00a0\u00bb color=\u00a0\u00bb#88cce2&Prime; thickness=\u00a0\u00bb5&Prime; up=\u00a0\u00bb0&Prime; down=\u00a0\u00bb0&Prime;][\/vc_column][\/vc_row][vc_row css_animation=\u00a0\u00bb\u00a0\u00bb row_type=\u00a0\u00bbrow\u00a0\u00bb use_row_as_full_screen_section=\u00a0\u00bbno\u00a0\u00bb type=\u00a0\u00bbfull_width\u00a0\u00bb angled_section=\u00a0\u00bbno\u00a0\u00bb text_align=\u00a0\u00bbleft\u00a0\u00bb background_image_as_pattern=\u00a0\u00bbwithout_pattern\u00a0\u00bb z_index=\u00a0\u00bb\u00a0\u00bb css=\u00a0\u00bb.vc_custom_1718512349787{padding-top: 50px !important;padding-bottom: 30px !important;}\u00a0\u00bb][vc_column][vc_row_inner row_type=\u00a0\u00bbrow\u00a0\u00bb type=\u00a0\u00bbgrid\u00a0\u00bb text_align=\u00a0\u00bbleft\u00a0\u00bb css_animation=\u00a0\u00bb\u00a0\u00bb][vc_column_inner width=\u00a0\u00bb1\/2&Prime;][vc_column_text css=\u00a0\u00bb.vc_custom_1728062803654{padding-bottom: 30px !important;}\u00a0\u00bb]<\/p>\n<h2>Le manque de comp\u00e9tences en langues \u00e9trang\u00e8res est un probl\u00e8me reconnu dans le pays<\/h2>\n<p>Lors du recensement de 2010, seules 7\u00a0574\u00a0303\u00a0personnes, soit 5,48\u00a0% de la population russe, ont d\u00e9clar\u00e9 avoir des comp\u00e9tences en anglais, la langue de communication la plus r\u00e9pandue au niveau international. En outre, malgr\u00e9 l\u2019affinit\u00e9 culturelle que les Russes ont pour la langue fran\u00e7aise, le nombre de francophones ne repr\u00e9sente qu\u2019une petite fraction de ceux qui peuvent parler anglais, ce qui souligne l\u2019importance de communiquer avec les Russes dans leur propre langue.<\/p>\n<h2>L\u2019\u00e9volution rapide de la langue russe au cours des 20\u00a0derni\u00e8res ann\u00e9es constitue un d\u00e9fi pour les traducteurs<\/h2>\n<p>Certaines langues, comme l\u2019anglais et le japonais, empruntent librement \u00e0 d\u2019autres, traduisant les mots \u00e9trangers en utilisant leur propre syst\u00e8me phon\u00e9tique, tandis que d\u2019autres, notamment le chinois, traduisent chaque nouveau concept dans leur langue en assemblant certains termes natifs pour exprimer la nouvelle id\u00e9e. La langue russe emprunte sans contraintes, int\u00e9grant \u00e0 sa base slave un afflux continu de vocabulaire issu de diff\u00e9rentes langues d\u2019Europe et du Moyen-Orient.<\/p>\n<p>La situation g\u00e9ographique de la Russie, les \u00e9changes commerciaux avec d\u2019autres pays remontant \u00e0 des centaines d\u2019ann\u00e9es et plusieurs vagues de la Renaissance \u00e0 partir du XVII<sup>e<\/sup> si\u00e8cle ont contribu\u00e9 \u00e0 enrichir la langue bien au-del\u00e0 de ses racines slaves. Bien que la base de la langue soit incontestablement slave, de nombreuses formes alphab\u00e9tiques, grammaticales et lexicales sont distinctement \u00e9trang\u00e8res.[\/vc_column_text][\/vc_column_inner][vc_column_inner width=\u00a0\u00bb1\/2&Prime;][vc_single_image image=\u00a0\u00bb2281&Prime; img_size=\u00a0\u00bbfull\u00a0\u00bb qode_css_animation=\u00a0\u00bb\u00a0\u00bb][vc_empty_space height=\u00a0\u00bb12px\u00a0\u00bb][\/vc_column_inner][\/vc_row_inner][vc_row_inner row_type=\u00a0\u00bbrow\u00a0\u00bb type=\u00a0\u00bbgrid\u00a0\u00bb text_align=\u00a0\u00bbleft\u00a0\u00bb css_animation=\u00a0\u00bb\u00a0\u00bb css=\u00a0\u00bb.vc_custom_1724033917078{padding-bottom: 40px !important;}\u00a0\u00bb][vc_column_inner][vc_column_text]Apr\u00e8s la chute de l\u2019Union sovi\u00e9tique, le flot de mots emprunt\u00e9s a \u00e9volu\u00e9, principalement \u00e0 partir de l\u2019anglais mais aussi d\u2019autres langues europ\u00e9ennes. Ces emprunts ont permis \u00e0 une soci\u00e9t\u00e9 en pleine mutation de g\u00e9rer une mar\u00e9e montante de nouveaux concepts financiers, techniques, \u00e9conomiques et sociaux, ce qui s\u2019est av\u00e9r\u00e9 \u00eatre un d\u00e9fi majeur pour les traducteurs russes.[\/vc_column_text][\/vc_column_inner][\/vc_row_inner][\/vc_column][\/vc_row][vc_row css_animation=\u00a0\u00bb\u00a0\u00bb row_type=\u00a0\u00bbrow\u00a0\u00bb use_row_as_full_screen_section=\u00a0\u00bbno\u00a0\u00bb type=\u00a0\u00bbgrid\u00a0\u00bb angled_section=\u00a0\u00bbno\u00a0\u00bb text_align=\u00a0\u00bbleft\u00a0\u00bb background_image_as_pattern=\u00a0\u00bbwithout_pattern\u00a0\u00bb z_index=\u00a0\u00bb\u00a0\u00bb][vc_column][vc_separator type=\u00a0\u00bbnormal\u00a0\u00bb color=\u00a0\u00bb#88cce2&Prime; thickness=\u00a0\u00bb5&Prime; up=\u00a0\u00bb0&Prime; down=\u00a0\u00bb0&Prime;][\/vc_column][\/vc_row][vc_row css_animation=\u00a0\u00bb\u00a0\u00bb row_type=\u00a0\u00bbrow\u00a0\u00bb use_row_as_full_screen_section=\u00a0\u00bbno\u00a0\u00bb type=\u00a0\u00bbfull_width\u00a0\u00bb angled_section=\u00a0\u00bbno\u00a0\u00bb text_align=\u00a0\u00bbleft\u00a0\u00bb background_image_as_pattern=\u00a0\u00bbwithout_pattern\u00a0\u00bb z_index=\u00a0\u00bb\u00a0\u00bb css=\u00a0\u00bb.vc_custom_1718512370579{padding-top: 50px !important;padding-bottom: 30px !important;background-color: rgba(0,166,228,0.05) !important;*background-color: rgb(0,166,228) !important;}\u00a0\u00bb][vc_column][vc_row_inner row_type=\u00a0\u00bbrow\u00a0\u00bb type=\u00a0\u00bbgrid\u00a0\u00bb text_align=\u00a0\u00bbleft\u00a0\u00bb css_animation=\u00a0\u00bb\u00a0\u00bb][vc_column_inner width=\u00a0\u00bb1\/2&Prime;][vc_single_image image=\u00a0\u00bb2282&Prime; img_size=\u00a0\u00bbfull\u00a0\u00bb qode_css_animation=\u00a0\u00bb\u00a0\u00bb][vc_empty_space height=\u00a0\u00bb22px\u00a0\u00bb][\/vc_column_inner][vc_column_inner width=\u00a0\u00bb1\/2&Prime;][vc_column_text css=\u00a0\u00bb.vc_custom_1728062815164{padding-bottom: 40px !important;}\u00a0\u00bb]<\/p>\n<h2>Notre \u00e9quipe de traducteurs russes saura restituer votre document dans le russe le plus appropri\u00e9 \u00e0 votre cible d\u00e9mographique<\/h2>\n<p>Certains pays, notamment le Canada francophone et la France, ont \u00e9labor\u00e9 et mis en \u0153uvre des lois et des r\u00e8glements pour pr\u00e9server le caract\u00e8re sacr\u00e9 de la langue, tel qu\u2019ils le voyaient, avec des r\u00e9sultats discutables. La Russie, en revanche, n\u2019a fait aucun effort pour \u00ab\u00a0r\u00e9glementer\u00a0\u00bb la langue. De nombreux termes emprunt\u00e9s ont des \u00e9quivalents russes parfaitement valables. Pourtant, la population russe semble avoir accueilli avec enthousiasme l\u2019afflux de nouveaux termes anglais. Par cons\u00e9quent, les traducteurs doivent \u00e9valuer le contexte d\u2019un document pour savoir si un terme russe natif ou le mot emprunt\u00e9 est mieux adapt\u00e9.<\/p>\n<p>Nos traducteurs restent attentifs \u00e0 l\u2019\u00e9volution des usages linguistiques et sauront choisir le terme qui convient. Nos clients peuvent ainsi \u00eatre assur\u00e9s que leur texte traduit refl\u00e9tera au mieux les attentes du public cible\u00a0\u2013 que le message s\u2019adresse \u00e0 un secteur d\u2019activit\u00e9, un march\u00e9 ou un segment d\u00e9mographique particulier, ou au grand public.[\/vc_column_text][\/vc_column_inner][\/vc_row_inner][\/vc_column][\/vc_row][vc_row css_animation=\u00a0\u00bb\u00a0\u00bb row_type=\u00a0\u00bbrow\u00a0\u00bb use_row_as_full_screen_section=\u00a0\u00bbno\u00a0\u00bb type=\u00a0\u00bbgrid\u00a0\u00bb angled_section=\u00a0\u00bbno\u00a0\u00bb text_align=\u00a0\u00bbleft\u00a0\u00bb background_image_as_pattern=\u00a0\u00bbwithout_pattern\u00a0\u00bb z_index=\u00a0\u00bb\u00a0\u00bb][vc_column][vc_separator type=\u00a0\u00bbnormal\u00a0\u00bb color=\u00a0\u00bb#88cce2&Prime; thickness=\u00a0\u00bb5&Prime; up=\u00a0\u00bb0&Prime; down=\u00a0\u00bb0&Prime;][\/vc_column][\/vc_row][vc_row css_animation=\u00a0\u00bb\u00a0\u00bb row_type=\u00a0\u00bbrow\u00a0\u00bb use_row_as_full_screen_section=\u00a0\u00bbno\u00a0\u00bb type=\u00a0\u00bbfull_width\u00a0\u00bb angled_section=\u00a0\u00bbno\u00a0\u00bb text_align=\u00a0\u00bbleft\u00a0\u00bb background_image_as_pattern=\u00a0\u00bbwithout_pattern\u00a0\u00bb z_index=\u00a0\u00bb\u00a0\u00bb css=\u00a0\u00bb.vc_custom_1724037186715{padding-top: 50px !important;padding-bottom: 30px !important;}\u00a0\u00bb][vc_column][vc_row_inner row_type=\u00a0\u00bbrow\u00a0\u00bb type=\u00a0\u00bbgrid\u00a0\u00bb text_align=\u00a0\u00bbleft\u00a0\u00bb css_animation=\u00a0\u00bb\u00a0\u00bb][vc_column_inner][vc_column_text css=\u00a0\u00bb.vc_custom_1728062620702{padding-bottom: 40px !important;}\u00a0\u00bb]<\/p>\n<h2>Une langue extr\u00eamement riche<\/h2>\n<p>Le russe est une langue intens\u00e9ment riche (qui nous a apport\u00e9 certains des plus grands \u00e9crivains du monde tels que Dosto\u00efevski et Gogol).<\/p>\n<p>Les ann\u00e9es d\u2019exp\u00e9rience de nos traducteurs russes, qui saisissent toutes les subtilit\u00e9s et la sophistication de la langue, ont d\u00e9montr\u00e9 \u00e0 maintes reprises qu\u2019elles constituaient un pr\u00e9cieux atout pour restituer votre document dans la septi\u00e8me langue la plus parl\u00e9e au monde.<\/p>\n<p>[\/vc_column_text][\/vc_column_inner][\/vc_row_inner][\/vc_column][\/vc_row][vc_row css_animation=\u00a0\u00bb\u00a0\u00bb row_type=\u00a0\u00bbrow\u00a0\u00bb use_row_as_full_screen_section=\u00a0\u00bbno\u00a0\u00bb type=\u00a0\u00bbfull_width\u00a0\u00bb angled_section=\u00a0\u00bbno\u00a0\u00bb text_align=\u00a0\u00bbleft\u00a0\u00bb background_image_as_pattern=\u00a0\u00bbwithout_pattern\u00a0\u00bb z_index=\u00a0\u00bb\u00a0\u00bb background_color=\u00a0\u00bbrgba(0,166,228,0.35)\u00a0\u00bb][vc_column][vc_row_inner row_type=\u00a0\u00bbrow\u00a0\u00bb type=\u00a0\u00bbgrid\u00a0\u00bb text_align=\u00a0\u00bbleft\u00a0\u00bb css_animation=\u00a0\u00bb\u00a0\u00bb css=\u00a0\u00bb.vc_custom_1712461537481{margin-top: 30px !important;margin-bottom: 30px !important;}\u00a0\u00bb][vc_column_inner][vc_column_text css=\u00a0\u00bb.vc_custom_1728062327670{padding-top: 15px !important;padding-right: 10px !important;padding-bottom: 15px !important;padding-left: 10px !important;background-color: #00a5e4 !important;border-radius: 3px !important;}\u00a0\u00bb]<\/p>\n<p style=\"text-align: center;\"><span style=\"color: #ffffff;\"><a style=\"color: #ffffff;\" href=\"https:\/\/prontotranslations.com\/fr\/contact\/\">Contactez-nous au sujet de votre projet de traduction et de localisation vers le russe<\/a><\/span><\/p>\n<p>[\/vc_column_text][\/vc_column_inner][\/vc_row_inner][\/vc_column][\/vc_row]<\/p>\n<\/div>","protected":false},"excerpt":{"rendered":"<p>[vc_row css_animation=\u00a0\u00bb\u00a0\u00bb row_type=\u00a0\u00bbrow\u00a0\u00bb use_row_as_full_screen_section=\u00a0\u00bbno\u00a0\u00bb type=\u00a0\u00bbfull_width\u00a0\u00bb angled_section=\u00a0\u00bbno\u00a0\u00bb text_align=\u00a0\u00bbleft\u00a0\u00bb background_image_as_pattern=\u00a0\u00bbwithout_pattern\u00a0\u00bb z_index=\u00a0\u00bb\u00a0\u00bb][vc_column][vc_column_text css=\u00a0\u00bb.vc_custom_1728062100945{padding-bottom: 30px !important;}\u00a0\u00bb] Services de traduction professionnelle en russe [\/vc_column_text][\/vc_column][\/vc_row][vc_row css_animation=\u00a0\u00bb\u00a0\u00bb row_type=\u00a0\u00bbrow\u00a0\u00bb use_row_as_full_screen_section=\u00a0\u00bbno\u00a0\u00bb type=\u00a0\u00bbgrid\u00a0\u00bb angled_section=\u00a0\u00bbno\u00a0\u00bb text_align=\u00a0\u00bbleft\u00a0\u00bb&#8230;<\/p>\n","protected":false},"author":1,"featured_media":0,"parent":2589,"menu_order":20,"comment_status":"closed","ping_status":"closed","template":"full_width.php","meta":{"footnotes":""},"class_list":["post-2841","page","type-page","status-publish","hentry"],"_links":{"self":[{"href":"https:\/\/prontotranslations.com\/fr\/wp-json\/wp\/v2\/pages\/2841","targetHints":{"allow":["GET"]}}],"collection":[{"href":"https:\/\/prontotranslations.com\/fr\/wp-json\/wp\/v2\/pages"}],"about":[{"href":"https:\/\/prontotranslations.com\/fr\/wp-json\/wp\/v2\/types\/page"}],"author":[{"embeddable":true,"href":"https:\/\/prontotranslations.com\/fr\/wp-json\/wp\/v2\/users\/1"}],"replies":[{"embeddable":true,"href":"https:\/\/prontotranslations.com\/fr\/wp-json\/wp\/v2\/comments?post=2841"}],"version-history":[{"count":9,"href":"https:\/\/prontotranslations.com\/fr\/wp-json\/wp\/v2\/pages\/2841\/revisions"}],"predecessor-version":[{"id":3015,"href":"https:\/\/prontotranslations.com\/fr\/wp-json\/wp\/v2\/pages\/2841\/revisions\/3015"}],"up":[{"embeddable":true,"href":"https:\/\/prontotranslations.com\/fr\/wp-json\/wp\/v2\/pages\/2589"}],"wp:attachment":[{"href":"https:\/\/prontotranslations.com\/fr\/wp-json\/wp\/v2\/media?parent=2841"}],"curies":[{"name":"wp","href":"https:\/\/api.w.org\/{rel}","templated":true}]}}