{"id":3115,"date":"2024-08-11T15:14:54","date_gmt":"2024-08-11T15:14:54","guid":{"rendered":"https:\/\/aw-web.com\/pronto2\/?page_id=3115"},"modified":"2026-01-19T01:08:34","modified_gmt":"2026-01-19T01:08:34","slug":"contact","status":"publish","type":"page","link":"https:\/\/prontotranslations.com\/fr\/contact\/","title":{"rendered":"Contact"},"content":{"rendered":"<div class=\"wpb-content-wrapper\"><p>[vc_row css_animation=\u00a0\u00bb\u00a0\u00bb row_type=\u00a0\u00bbrow\u00a0\u00bb use_row_as_full_screen_section=\u00a0\u00bbno\u00a0\u00bb type=\u00a0\u00bbgrid\u00a0\u00bb angled_section=\u00a0\u00bbno\u00a0\u00bb text_align=\u00a0\u00bbleft\u00a0\u00bb background_image_as_pattern=\u00a0\u00bbwithout_pattern\u00a0\u00bb z_index=\u00a0\u00bb\u00a0\u00bb][vc_column width=\u00a0\u00bb2\/3&Prime;][vc_column_text]<\/p>\n<h1>Contactez nous maintenant !<\/h1>\n<p>Nous sommes \u00e0 votre disposition pour discuter de votre projet de traduction et de localisation. N\u2019h\u00e9sitez pas \u00e0 nous contacter afin de nous faire part de vos besoins.<\/p>\n<div class=\"frm_forms  with_frm_style frm_style_formidable-style\" id=\"frm_form_3_container\" data-token=\"29a79bce6e0d03a01095a3769c9623d7\">\n<form enctype=\"multipart\/form-data\" method=\"post\" class=\"frm-show-form  frm_pro_form \" id=\"form_contact-fr\" data-token=\"29a79bce6e0d03a01095a3769c9623d7\">\n<div class=\"frm_form_fields \">\n<fieldset>\n<legend class=\"frm_screen_reader\">contact fr<\/legend>\r\n\r\n<div class=\"frm_fields_container\">\n<input type=\"hidden\" name=\"frm_action\" value=\"create\" \/>\n<input type=\"hidden\" name=\"form_id\" value=\"3\" \/>\n<input type=\"hidden\" name=\"frm_hide_fields_3\" id=\"frm_hide_fields_3\" value=\"\" \/>\n<input type=\"hidden\" name=\"form_key\" value=\"contact-fr\" \/>\n<input type=\"hidden\" name=\"item_meta[0]\" value=\"\" \/>\n<input type=\"hidden\" id=\"frm_submit_entry_3\" name=\"frm_submit_entry_3\" value=\"7a846b3dc9\" \/><input type=\"hidden\" name=\"_wp_http_referer\" value=\"\/fr\/wp-json\/wp\/v2\/pages\/3115\" \/><div id=\"frm_field_14_container\" class=\"frm_form_field form-field  frm_required_field frm_top_container\">\r\n\t<label for=\"field_e2clf2\" id=\"field_e2clf2_label\" class=\"frm_primary_label\">Nom\r\n\t\t<span class=\"frm_required\" aria-hidden=\"true\">*<\/span>\r\n\t<\/label>\r\n\t<input  type=\"text\" id=\"field_e2clf2\" name=\"item_meta[14]\" value=\"\"  data-reqmsg=\"Nom cannot be blank.\" aria-required=\"true\" data-invmsg=\"Nom is invalid\" aria-invalid=\"false\"   \/>\r\n\t\r\n\t\r\n<\/div>\n<div id=\"frm_field_15_container\" class=\"frm_form_field form-field  frm_required_field frm_top_container\">\r\n\t<label for=\"field_kbbzt2\" id=\"field_kbbzt2_label\" class=\"frm_primary_label\">Courriel\r\n\t\t<span class=\"frm_required\" aria-hidden=\"true\">*<\/span>\r\n\t<\/label>\r\n\t<input type=\"email\" id=\"field_kbbzt2\" name=\"item_meta[15]\" value=\"\"  data-reqmsg=\"Courriel cannot be blank.\" aria-required=\"true\" data-invmsg=\"Courriel is invalid\" aria-invalid=\"false\"  \/>\r\n\t\r\n\t\r\n<\/div>\n<div id=\"frm_field_17_container\" class=\"frm_form_field form-field  frm_top_container\">\r\n\t<label for=\"field_dek7k2\" id=\"field_dek7k2_label\" class=\"frm_primary_label\">T\u00e9l\u00e9phone\r\n\t\t<span class=\"frm_required\" aria-hidden=\"true\"><\/span>\r\n\t<\/label>\r\n\t<input type=\"tel\" id=\"field_dek7k2\" name=\"item_meta[17]\" value=\"\"  data-invmsg=\"T\u00e9l\u00e9phone is invalid\" aria-invalid=\"false\" pattern=\"((\\+\\d{1,3}(-|.| )?\\(?\\d\\)?(-| |.)?\\d{1,5})|(\\(?\\d{2,6}\\)?))(-|.| )?(\\d{3,4})(-|.| )?(\\d{4})(( x| ext)\\d{1,5}){0,1}$\"  \/>\r\n\t\r\n\t\r\n<\/div>\n<div id=\"frm_field_16_container\" class=\"frm_form_field form-field  frm_required_field frm_top_container\">\r\n\t<label for=\"field_9vfz82\" id=\"field_9vfz82_label\" class=\"frm_primary_label\">Suject\r\n\t\t<span class=\"frm_required\" aria-hidden=\"true\">*<\/span>\r\n\t<\/label>\r\n\t<input  type=\"text\" id=\"field_9vfz82\" name=\"item_meta[16]\" value=\"\"  data-reqmsg=\"Suject cannot be blank.\" aria-required=\"true\" data-invmsg=\"Suject is invalid\" aria-invalid=\"false\"   \/>\r\n\t\r\n\t\r\n<\/div>\n<input type=\"hidden\" name=\"item_meta[18]\" id=\"field_te13l2\" value=\"\"     \/>\n<div id=\"frm_field_19_container\" class=\"frm_form_field form-field  frm_top_container\">\r\n\t<label for=\"field_r9tjq2\" id=\"field_r9tjq2_label\" class=\"frm_primary_label\">Message\r\n\t\t<span class=\"frm_required\" aria-hidden=\"true\"><\/span>\r\n\t<\/label>\r\n\t<textarea name=\"item_meta[19]\" id=\"field_r9tjq2\" rows=\"5\"  data-invmsg=\"Message is invalid\" aria-invalid=\"false\"  ><\/textarea>\r\n\t\r\n\t\r\n<\/div>\n<div id=\"frm_field_93_container\" class=\"frm_form_field form-field  frm_top_container\">\r\n\t<label for=\"field_3vw76\" id=\"field_3vw76_label\" class=\"frm_primary_label\">T\u00e9l\u00e9chargement de documents\r\n\t\t<span class=\"frm_required\" aria-hidden=\"true\"><\/span>\r\n\t<\/label>\r\n\t<input type=\"hidden\"  data-invmsg=\"T\u00e9l\u00e9chargement de documents is invalid\" aria-invalid=\"false\"   name=\"item_meta[93][]\"  value=\"\" data-frmfile=\"93\" \/>\n\n<div class=\"frm_dropzone frm_multi_upload frm_clearfix\" id=\"file93_dropzone\" role=\"group\" >\n\t<div class=\"fallback\">\n\t\t<input type=\"file\" name=\"file93[]\" id=\"field_3vw76\"\n\t\t\t data-frmfile=\"93\" multiple=\"multiple\"  data-invmsg=\"T\u00e9l\u00e9chargement de documents is invalid\" aria-invalid=\"false\"  \t\t\t\/>\n\t\t\t\t<div class=\"frm_clearfix \"><\/div>\n\t<\/div>\n\t<div class=\"dz-message needsclick\">\n\t\t\t\t<svg  viewBox=\"0 0 18 18\" class=\"frmsvg frm-svg-icon\">\n\t<path viewBox=\"0 0 18 18\" fill-rule=\"evenodd\" clip-rule=\"evenodd\" d=\"M8.2 4v8a.8.8 0 001.5 0V4l2.1 2.2A.7.7 0 1013 5L9.5 1.7a.7.7 0 00-1.1 0L5.1 5.2a.8.8 0 001 1l2.1-2zm7.6 4.3c.4 0 .7.3.7.7v6.8c0 .4-.3.7-.8.7H2.3a.8.8 0 01-.8-.8V9A.8.8 0 013 9v6h12V9c0-.4.3-.8.8-.8z\"><\/path>\n<\/svg>\t\t<span class=\"frm_upload_text\"><button type=\"button\" aria-label=\"T\u00e9l\u00e9chargement de documents. Glissez ici ou cliquez pour t\u00e9l\u00e9charger. Taille de fichier maximale\u00a0: 134.22MB\">Glissez ici ou cliquez pour t\u00e9l\u00e9charger<\/button><\/span>\n\t\t<span class=\"frm_compact_text\"><button type=\"button\" aria-label=\"T\u00e9l\u00e9chargement de documents. Choose File. Taille de fichier maximale\u00a0: 134.22MB\">Choose File<\/button><\/span>\n\t\t<div class=\"frm_small_text\">\n\t\t\t<p>Taille de fichier maximale\u00a0: 134.22MB<\/p>\n\t\t<\/div>\n\t<\/div>\n<\/div>\n\t\r\n\t\r\n\t\r\n<\/div>\n<div id=\"frm_field_20_container\" class=\"frm_form_field form-field \">\r\n\t<div class=\"frm_submit frm_flex\">\r\n<button class=\"frm_button_submit frm_final_submit\" type=\"submit\"   formnovalidate=\"formnovalidate\">Soumettre<\/button>\r\n\r\n\r\n\r\n<\/div>\r\n<\/div>\n\t<input type=\"hidden\" name=\"item_key\" value=\"\" \/>\n\t\t\t<div id=\"frm_field_101_container\">\n\t\t\t<label for=\"field_88p1h\" >\n\t\t\t\tSi vous \u00eates un humain, ne remplissez pas ce champ.\t\t\t<\/label>\n\t\t\t<input  id=\"field_88p1h\" type=\"text\" class=\"frm_form_field form-field frm_verify\" name=\"item_meta[101]\" value=\"\"  \/>\n\t\t<\/div>\n\t\t<input name=\"frm_state\" type=\"hidden\" value=\"Th87gwwkD6LlnLhKUVbSDWX3EmreE8EhT8\/aSoeTphWKnnwUV8p0zEB1uOOgxaao\" \/><\/div>\n<\/fieldset>\n<\/div>\n\n<\/form>\n<\/div>\n[\/vc_column_text][\/vc_column][vc_column width=\u00a0\u00bb1\/3&Prime;][vc_column_text css=\u00a0\u00bb\u00a0\u00bb]<\/p>\n<h2>USA et CANADA<\/h2>\n<p>131 Seventh Ave., Suite 140<br \/>\nNew York, NY 10011<br \/>\nUSA<br \/>\nTel +1 646 984 4073<br \/>\nEmail\u00a0<a href=\"mailto:clientservices@prontotranslations.com\">clientservices@prontotranslations.com<\/a><\/p>\n<h2>EUROPE<\/h2>\n<p>5, rue Jeanne d\u2019Arc<br \/>\n30000 N\u00eemes<br \/>\nFrance<br \/>\nTel +33 7 78 34 66 01<br \/>\nEmail\u00a0<a href=\"mailto:clientservices-eu@prontotranslations.com\">clientservices-eu@prontotranslations.com<\/a><\/p>\n<h2>ASIE (\u00e0 part le Japon et la Cor\u00e9e)<\/h2>\n<p>Suite 102, Bldg. 13<br \/>\n4 Huangpu Road<br \/>\nXuanwu District<br \/>\nNanjing 210016, China<br \/>\nTel +86 180 1399 0775<br \/>\nEmail\u00a0<a href=\"mailto:clientservices-asia@prontotranslations.com\">clientservices-asia@prontotranslations.com<\/a><\/p>\n<h2>JAPON<\/h2>\n<p>530-0001, Room 2307<br \/>\nOsaka Ekimae 3rd Building<br \/>\n1-1-3 Umeda, Kita-Ku<br \/>\nOsaka, Osaka-fu, Japan<br \/>\nTel +81 70 8553 2676<br \/>\nEmail <a href=\"mailto:clientservices-japan@prontotranslations.com\">clientservices-japan@prontotranslations.com<\/a><\/p>\n<h2>COR\u00c9E<\/h2>\n<p>105-901, 30 gil 27, Kwanak-ro<br \/>\nKwanak-gu<br \/>\nSeoul 08734, Korea<br \/>\nTel +82-10-3242-1157<br \/>\nEmail\u00a0<a href=\"mailto:clientservices-korea@prontotranslations.com\">clientservices-korea@prontotranslations.com<\/a>[\/vc_column_text][\/vc_column][\/vc_row][vc_row css_animation=\u00a0\u00bb\u00a0\u00bb row_type=\u00a0\u00bbrow\u00a0\u00bb use_row_as_full_screen_section=\u00a0\u00bbno\u00a0\u00bb type=\u00a0\u00bbfull_width\u00a0\u00bb angled_section=\u00a0\u00bbno\u00a0\u00bb text_align=\u00a0\u00bbleft\u00a0\u00bb background_image_as_pattern=\u00a0\u00bbwithout_pattern\u00a0\u00bb][vc_column][vc_empty_space height=\u00a0\u00bb62px\u00a0\u00bb][\/vc_column][\/vc_row]<\/p>\n<\/div>","protected":false},"excerpt":{"rendered":"<p>[vc_row css_animation=\u00a0\u00bb\u00a0\u00bb row_type=\u00a0\u00bbrow\u00a0\u00bb use_row_as_full_screen_section=\u00a0\u00bbno\u00a0\u00bb type=\u00a0\u00bbgrid\u00a0\u00bb angled_section=\u00a0\u00bbno\u00a0\u00bb text_align=\u00a0\u00bbleft\u00a0\u00bb background_image_as_pattern=\u00a0\u00bbwithout_pattern\u00a0\u00bb z_index=\u00a0\u00bb\u00a0\u00bb][vc_column width=\u00a0\u00bb2\/3&Prime;][vc_column_text] Contactez nous maintenant ! Nous sommes \u00e0 votre disposition pour discuter de votre projet de&#8230;<\/p>\n","protected":false},"author":1,"featured_media":0,"parent":0,"menu_order":0,"comment_status":"closed","ping_status":"closed","template":"full_width.php","meta":{"footnotes":""},"class_list":["post-3115","page","type-page","status-publish","hentry"],"_links":{"self":[{"href":"https:\/\/prontotranslations.com\/fr\/wp-json\/wp\/v2\/pages\/3115","targetHints":{"allow":["GET"]}}],"collection":[{"href":"https:\/\/prontotranslations.com\/fr\/wp-json\/wp\/v2\/pages"}],"about":[{"href":"https:\/\/prontotranslations.com\/fr\/wp-json\/wp\/v2\/types\/page"}],"author":[{"embeddable":true,"href":"https:\/\/prontotranslations.com\/fr\/wp-json\/wp\/v2\/users\/1"}],"replies":[{"embeddable":true,"href":"https:\/\/prontotranslations.com\/fr\/wp-json\/wp\/v2\/comments?post=3115"}],"version-history":[{"count":4,"href":"https:\/\/prontotranslations.com\/fr\/wp-json\/wp\/v2\/pages\/3115\/revisions"}],"predecessor-version":[{"id":7879,"href":"https:\/\/prontotranslations.com\/fr\/wp-json\/wp\/v2\/pages\/3115\/revisions\/7879"}],"wp:attachment":[{"href":"https:\/\/prontotranslations.com\/fr\/wp-json\/wp\/v2\/media?parent=3115"}],"curies":[{"name":"wp","href":"https:\/\/api.w.org\/{rel}","templated":true}]}}