{"id":7992,"date":"2024-09-11T23:40:58","date_gmt":"2024-09-11T23:40:58","guid":{"rendered":"https:\/\/prontotranslations.com\/?page_id=7992"},"modified":"2026-02-04T03:58:15","modified_gmt":"2026-02-04T03:58:15","slug":"interpretation-de-conference","status":"publish","type":"page","link":"https:\/\/prontotranslations.com\/fr\/services-d-interpretation\/interpretation-de-conference\/","title":{"rendered":"Interpr\u00e9tation de conf\u00e9rence"},"content":{"rendered":"<div class=\"wpb-content-wrapper\"><p>[vc_row css_animation=\u00a0\u00bb\u00a0\u00bb row_type=\u00a0\u00bbrow\u00a0\u00bb use_row_as_full_screen_section=\u00a0\u00bbno\u00a0\u00bb type=\u00a0\u00bbfull_width\u00a0\u00bb angled_section=\u00a0\u00bbno\u00a0\u00bb text_align=\u00a0\u00bbleft\u00a0\u00bb background_image_as_pattern=\u00a0\u00bbwithout_pattern\u00a0\u00bb z_index=\u00a0\u00bb\u00a0\u00bb][vc_column][vc_column_text css=\u00a0\u00bb.vc_custom_1770177158553{padding-bottom: 30px !important;}\u00a0\u00bb]<\/p>\n<h1 style=\"text-align: center;\">Services d\u2019interpr\u00e9tation de conf\u00e9rence pour une communication fluide et efficace<\/h1>\n<p>[\/vc_column_text][\/vc_column][\/vc_row][vc_row css_animation=\u00a0\u00bb\u00a0\u00bb row_type=\u00a0\u00bbrow\u00a0\u00bb use_row_as_full_screen_section=\u00a0\u00bbno\u00a0\u00bb type=\u00a0\u00bbgrid\u00a0\u00bb angled_section=\u00a0\u00bbno\u00a0\u00bb text_align=\u00a0\u00bbleft\u00a0\u00bb background_image_as_pattern=\u00a0\u00bbwithout_pattern\u00a0\u00bb z_index=\u00a0\u00bb\u00a0\u00bb css=\u00a0\u00bb.vc_custom_1719198241526{padding-top: 50px !important;padding-right: 10% !important;padding-left: 10% !important;}\u00a0\u00bb][vc_column width=\u00a0\u00bb1\/2&Prime; css=\u00a0\u00bb.vc_custom_1712629369530{padding-right: 10% !important;padding-left: 10% !important;}\u00a0\u00bb][vc_row_inner row_type=\u00a0\u00bbrow\u00a0\u00bb type=\u00a0\u00bbfull_width\u00a0\u00bb text_align=\u00a0\u00bbcenter\u00a0\u00bb css_animation=\u00a0\u00bb\u00a0\u00bb][vc_column_inner][vc_column_text css=\u00a0\u00bb.vc_custom_1770177191231{padding-bottom: 50px !important;}\u00a0\u00bb]<\/p>\n<p style=\"text-align: center;\"><strong>Pronto Translations est une agence de traduction professionnelle forte de plus de 25\u00a0ans d\u2019exp\u00e9rience dans la fourniture de services linguistiques sp\u00e9cialis\u00e9s de haute qualit\u00e9, dont l\u2019interpr\u00e9tation de conf\u00e9rence pour tous types d\u2019\u00e9v\u00e9nements professionnels et institutionnels.<\/strong><\/p>\n<p>[\/vc_column_text][vc_column_text css=\u00a0\u00bb.vc_custom_1770177489995{padding-top: 10px !important;padding-bottom: 10px !important;background-color: #00a6e4 !important;border-radius: 3px !important;}\u00a0\u00bb]<\/p>\n<p style=\"text-align: center;\"><a href=\"https:\/\/prontotranslations.com\/fr\/contact\/\"><span style=\"color: #ffffff;\">Contactez-nous pour votre projet d\u2019interpr\u00e9tation de conf\u00e9rence<\/span><\/a><\/p>\n<p>[\/vc_column_text][vc_empty_space height=\u00a0\u00bb42px\u00a0\u00bb][\/vc_column_inner][\/vc_row_inner][\/vc_column][vc_column width=\u00a0\u00bb1\/2&Prime;][vc_single_image image=\u00a0\u00bb2331&Prime; img_size=\u00a0\u00bbfull\u00a0\u00bb alignment=\u00a0\u00bbcenter\u00a0\u00bb css=\u00a0\u00bb.vc_custom_1726098887934{padding-bottom: 30px !important;}\u00a0\u00bb qode_css_animation=\u00a0\u00bb\u00a0\u00bb][vc_empty_space][\/vc_column][\/vc_row][vc_row css_animation=\u00a0\u00bb\u00a0\u00bb row_type=\u00a0\u00bbrow\u00a0\u00bb use_row_as_full_screen_section=\u00a0\u00bbno\u00a0\u00bb type=\u00a0\u00bbgrid\u00a0\u00bb angled_section=\u00a0\u00bbno\u00a0\u00bb text_align=\u00a0\u00bbleft\u00a0\u00bb background_image_as_pattern=\u00a0\u00bbwithout_pattern\u00a0\u00bb z_index=\u00a0\u00bb\u00a0\u00bb][vc_column][vc_separator type=\u00a0\u00bbnormal\u00a0\u00bb color=\u00a0\u00bb#88cce2&Prime; thickness=\u00a0\u00bb5&Prime; up=\u00a0\u00bb0&Prime; down=\u00a0\u00bb0&Prime;][\/vc_column][\/vc_row][vc_row css_animation=\u00a0\u00bb\u00a0\u00bb row_type=\u00a0\u00bbrow\u00a0\u00bb use_row_as_full_screen_section=\u00a0\u00bbno\u00a0\u00bb type=\u00a0\u00bbfull_width\u00a0\u00bb angled_section=\u00a0\u00bbno\u00a0\u00bb text_align=\u00a0\u00bbleft\u00a0\u00bb background_image_as_pattern=\u00a0\u00bbwithout_pattern\u00a0\u00bb z_index=\u00a0\u00bb\u00a0\u00bb css=\u00a0\u00bb.vc_custom_1712718567412{background-color: rgba(0,166,228,0.05) !important;*background-color: rgb(0,166,228) !important;}\u00a0\u00bb][vc_column][vc_row_inner row_type=\u00a0\u00bbrow\u00a0\u00bb type=\u00a0\u00bbgrid\u00a0\u00bb text_align=\u00a0\u00bbleft\u00a0\u00bb css_animation=\u00a0\u00bb\u00a0\u00bb css=\u00a0\u00bb.vc_custom_1718510501771{padding-top: 50px !important;}\u00a0\u00bb][vc_column_inner width=\u00a0\u00bb1\/2&Prime;][vc_single_image image=\u00a0\u00bb2332&Prime; img_size=\u00a0\u00bbfull\u00a0\u00bb qode_css_animation=\u00a0\u00bb\u00a0\u00bb][vc_empty_space][\/vc_column_inner][vc_column_inner width=\u00a0\u00bb1\/2&Prime;][vc_column_text css=\u00a0\u00bb.vc_custom_1770177326158{padding-bottom: 10px !important;}\u00a0\u00bb]Un \u00e9v\u00e9nement professionnel ou institutionnel constitue une opportunit\u00e9 strat\u00e9gique pour affirmer votre expertise et de mettre en valeur vos r\u00e9alisations. En tant que <a href=\"https:\/\/prontotranslations.com\/fr\/services-d-interpretation\/\">sp\u00e9cialistes de l\u2019interpr\u00e9tation<\/a> de conf\u00e9rence, nous savons combien il est essentiel que chaque participant comprenne parfaitement vos interventions, pr\u00e9sentations et discours principaux. C\u2019est pourquoi nous collaborons avec une \u00e9quipe d\u00e9di\u00e9e d\u2019interpr\u00e8tes de conf\u00e9rence chevronn\u00e9s, couvrant un large \u00e9ventail de combinaisons linguistiques et de domaines.<\/p>\n<p>Selon vos besoins, l\u2019interpr\u00e8te peut intervenir de mani\u00e8re totalement discr\u00e8te. Nous proposons plusieurs modes d\u2019interpr\u00e9tation de conf\u00e9rence\u00a0:<\/p>\n<ul>\n<li>Interpr\u00e9tation cons\u00e9cutive sur sc\u00e8ne<\/li>\n<li>Interpr\u00e9tation simultan\u00e9e depuis une cabine ISO<\/li>\n<li>Interpr\u00e9tation chuchot\u00e9e pour un invit\u00e9 sp\u00e9cifique<\/li>\n<\/ul>\n<h2>Des services d\u2019interpr\u00e9tation de conf\u00e9rence professionnels pour maximiser l\u2019impact de vos \u00e9v\u00e9nements<\/h2>\n<p>Dans un contexte international, l\u2019interpr\u00e9tation de conf\u00e9rence est essentielle pour favoriser la compr\u00e9hension mutuelle entre les participants de diff\u00e9rentes langues. Recourir \u00e0 un interpr\u00e8te professionnel pour votre conf\u00e9rence, c\u2019est rendre vos messages, votre expertise et vos prises de parole accessibles \u00e0 un public international plus large.<\/p>\n<p>Une agence locale d\u2019interpr\u00e9tation de conf\u00e9rence mettra \u00e0 votre disposition un interpr\u00e8te poss\u00e9dant \u00e0 la fois une expertise linguistique approfondie et une connaissance de votre secteur d\u2019activit\u00e9 \u2014 finance, affaires, m\u00e9decine, technologie, etc. Votre message est ainsi transmis avec exactitude et coh\u00e9rence, que ce soit en direct ou pour des rediffusions ult\u00e9rieures.<\/p>\n<p>[\/vc_column_text][vc_empty_space height=\u00a0\u00bb42px\u00a0\u00bb][\/vc_column_inner][\/vc_row_inner][\/vc_column][\/vc_row][vc_row css_animation=\u00a0\u00bb\u00a0\u00bb row_type=\u00a0\u00bbrow\u00a0\u00bb use_row_as_full_screen_section=\u00a0\u00bbno\u00a0\u00bb type=\u00a0\u00bbgrid\u00a0\u00bb angled_section=\u00a0\u00bbno\u00a0\u00bb text_align=\u00a0\u00bbleft\u00a0\u00bb background_image_as_pattern=\u00a0\u00bbwithout_pattern\u00a0\u00bb z_index=\u00a0\u00bb\u00a0\u00bb][vc_column][vc_separator type=\u00a0\u00bbnormal\u00a0\u00bb color=\u00a0\u00bb#88cce2&Prime; thickness=\u00a0\u00bb5&Prime; up=\u00a0\u00bb0&Prime; down=\u00a0\u00bb0&Prime;][\/vc_column][\/vc_row][vc_row css_animation=\u00a0\u00bb\u00a0\u00bb row_type=\u00a0\u00bbrow\u00a0\u00bb use_row_as_full_screen_section=\u00a0\u00bbno\u00a0\u00bb type=\u00a0\u00bbfull_width\u00a0\u00bb angled_section=\u00a0\u00bbno\u00a0\u00bb text_align=\u00a0\u00bbleft\u00a0\u00bb background_image_as_pattern=\u00a0\u00bbwithout_pattern\u00a0\u00bb z_index=\u00a0\u00bb\u00a0\u00bb css=\u00a0\u00bb.vc_custom_1718512349787{padding-top: 50px !important;padding-bottom: 30px !important;}\u00a0\u00bb][vc_column][vc_row_inner row_type=\u00a0\u00bbrow\u00a0\u00bb type=\u00a0\u00bbgrid\u00a0\u00bb text_align=\u00a0\u00bbleft\u00a0\u00bb css_animation=\u00a0\u00bb\u00a0\u00bb][vc_column_inner width=\u00a0\u00bb1\/2&Prime;][vc_column_text css=\u00a0\u00bb.vc_custom_1770177342900{padding-bottom: 30px !important;}\u00a0\u00bb]<\/p>\n<h2>L\u2019interpr\u00e9tation de conf\u00e9rence favorise la communication et la coop\u00e9ration<\/h2>\n<p>Les conf\u00e9rences sont des moments privil\u00e9gi\u00e9s pour d\u00e9velopper votre r\u00e9seau, \u00e9tablir des partenariats strat\u00e9giques ou attirer de nouveaux clients. Gr\u00e2ce \u00e0 un service d\u2019interpr\u00e9tation de conf\u00e9rence de qualit\u00e9, vous \u00e9liminez toute barri\u00e8re linguistique et assurez une compr\u00e9hension fluide entre tous les participants.<\/p>\n<p>L\u2019interpr\u00e8te garantit non seulement la pr\u00e9cision terminologique, mais aussi la stricte confidentialit\u00e9 des \u00e9changes. Pronto Translations applique des protocoles rigoureux en mati\u00e8re de s\u00e9curit\u00e9 des donn\u00e9es et de respect de la vie priv\u00e9e.[\/vc_column_text][\/vc_column_inner][vc_column_inner width=\u00a0\u00bb1\/2&Prime;][vc_single_image image=\u00a0\u00bb2333&Prime; img_size=\u00a0\u00bbfull\u00a0\u00bb qode_css_animation=\u00a0\u00bb\u00a0\u00bb][vc_empty_space height=\u00a0\u00bb12px\u00a0\u00bb][\/vc_column_inner][\/vc_row_inner][\/vc_column][\/vc_row][vc_row css_animation=\u00a0\u00bb\u00a0\u00bb row_type=\u00a0\u00bbrow\u00a0\u00bb use_row_as_full_screen_section=\u00a0\u00bbno\u00a0\u00bb type=\u00a0\u00bbgrid\u00a0\u00bb angled_section=\u00a0\u00bbno\u00a0\u00bb text_align=\u00a0\u00bbleft\u00a0\u00bb background_image_as_pattern=\u00a0\u00bbwithout_pattern\u00a0\u00bb z_index=\u00a0\u00bb\u00a0\u00bb][vc_column][vc_separator type=\u00a0\u00bbnormal\u00a0\u00bb color=\u00a0\u00bb#88cce2&Prime; thickness=\u00a0\u00bb5&Prime; up=\u00a0\u00bb0&Prime; down=\u00a0\u00bb0&Prime;][\/vc_column][\/vc_row][vc_row css_animation=\u00a0\u00bb\u00a0\u00bb row_type=\u00a0\u00bbrow\u00a0\u00bb use_row_as_full_screen_section=\u00a0\u00bbno\u00a0\u00bb type=\u00a0\u00bbfull_width\u00a0\u00bb angled_section=\u00a0\u00bbno\u00a0\u00bb text_align=\u00a0\u00bbleft\u00a0\u00bb background_image_as_pattern=\u00a0\u00bbwithout_pattern\u00a0\u00bb css=\u00a0\u00bb.vc_custom_1726012417372{background-color: rgba(0,166,228,0.05) !important;*background-color: rgb(0,166,228) !important;}\u00a0\u00bb z_index=\u00a0\u00bb\u00a0\u00bb][vc_column][vc_row_inner row_type=\u00a0\u00bbrow\u00a0\u00bb type=\u00a0\u00bbgrid\u00a0\u00bb text_align=\u00a0\u00bbleft\u00a0\u00bb css_animation=\u00a0\u00bb\u00a0\u00bb][vc_column_inner][vc_column_text css=\u00a0\u00bb.vc_custom_1770177400761{padding-top: 30px !important;padding-bottom: 40px !important;}\u00a0\u00bb]<\/p>\n<h2>Faites appel \u00e0 une agence d\u2019interpr\u00e9tation de conf\u00e9rence digne de confiance<\/h2>\n<p>Pronto Translations cumule plus de 25\u00a0ans d\u2019exp\u00e9rience dans les services de traduction et d\u2019interpr\u00e9tation de conf\u00e9rence pour des secteurs \u00e0 forts enjeux\u00a0: affaires, finances, sant\u00e9, institutions. Nos interpr\u00e8tes couvrent de nombreuses combinaisons linguistiques.<\/p>\n<p>Le si\u00e8ge de notre agence d\u2019interpr\u00e9tation de conf\u00e9rence est situ\u00e9 \u00e0 New York (NY), mais nous assurons \u00e9galement des prestations compl\u00e8tes d\u2019interpr\u00e9tation et de fourniture de mat\u00e9riel technique \u00e0 l\u2019\u00e9chelle internationale.<\/p>\n<p>Contactez l\u2019un de nos repr\u00e9sentants d\u00e8s maintenant au\u00a0<a href=\"tel:+16469844073\">+1\u00a0646\u00a0984\u00a04073<\/a> ou au <a href=\"tel:+33778346601\">+33\u00a0(0)7\u00a078\u00a034\u00a066\u00a001<\/a>[\/vc_column_text][\/vc_column_inner][\/vc_row_inner][\/vc_column][\/vc_row][vc_row css_animation=\u00a0\u00bb\u00a0\u00bb row_type=\u00a0\u00bbrow\u00a0\u00bb use_row_as_full_screen_section=\u00a0\u00bbno\u00a0\u00bb type=\u00a0\u00bbfull_width\u00a0\u00bb angled_section=\u00a0\u00bbno\u00a0\u00bb text_align=\u00a0\u00bbleft\u00a0\u00bb background_image_as_pattern=\u00a0\u00bbwithout_pattern\u00a0\u00bb z_index=\u00a0\u00bb\u00a0\u00bb background_color=\u00a0\u00bbrgba(0,166,228,0.35)\u00a0\u00bb][vc_column][vc_row_inner row_type=\u00a0\u00bbrow\u00a0\u00bb type=\u00a0\u00bbgrid\u00a0\u00bb text_align=\u00a0\u00bbleft\u00a0\u00bb css_animation=\u00a0\u00bb\u00a0\u00bb css=\u00a0\u00bb.vc_custom_1712461537481{margin-top: 30px !important;margin-bottom: 30px !important;}\u00a0\u00bb][vc_column_inner][vc_column_text css=\u00a0\u00bb.vc_custom_1770177432578{padding-top: 15px !important;padding-right: 10px !important;padding-bottom: 15px !important;padding-left: 10px !important;background-color: #00a5e4 !important;border-radius: 3px !important;}\u00a0\u00bb]<\/p>\n<p style=\"text-align: center;\"><span style=\"color: #ffffff;\"><a style=\"color: #ffffff;\" href=\"https:\/\/prontotranslations.com\/fr\/contact\/\">Contactez-nous au sujet de votre projet d\u2019interpr\u00e9tation<\/a><\/span><\/p>\n<p>[\/vc_column_text][\/vc_column_inner][\/vc_row_inner][\/vc_column][\/vc_row]<\/p>\n<\/div>","protected":false},"excerpt":{"rendered":"<p>[vc_row css_animation=\u00a0\u00bb\u00a0\u00bb row_type=\u00a0\u00bbrow\u00a0\u00bb use_row_as_full_screen_section=\u00a0\u00bbno\u00a0\u00bb type=\u00a0\u00bbfull_width\u00a0\u00bb angled_section=\u00a0\u00bbno\u00a0\u00bb text_align=\u00a0\u00bbleft\u00a0\u00bb background_image_as_pattern=\u00a0\u00bbwithout_pattern\u00a0\u00bb z_index=\u00a0\u00bb\u00a0\u00bb][vc_column][vc_column_text css=\u00a0\u00bb.vc_custom_1770177158553{padding-bottom: 30px !important;}\u00a0\u00bb] Services d\u2019interpr\u00e9tation de conf\u00e9rence pour une communication fluide et efficace [\/vc_column_text][\/vc_column][\/vc_row][vc_row css_animation=\u00a0\u00bb\u00a0\u00bb row_type=\u00a0\u00bbrow\u00a0\u00bb&#8230;<\/p>\n","protected":false},"author":1,"featured_media":0,"parent":2875,"menu_order":1,"comment_status":"closed","ping_status":"closed","template":"full_width.php","meta":{"footnotes":""},"class_list":["post-7992","page","type-page","status-publish","hentry"],"_links":{"self":[{"href":"https:\/\/prontotranslations.com\/fr\/wp-json\/wp\/v2\/pages\/7992","targetHints":{"allow":["GET"]}}],"collection":[{"href":"https:\/\/prontotranslations.com\/fr\/wp-json\/wp\/v2\/pages"}],"about":[{"href":"https:\/\/prontotranslations.com\/fr\/wp-json\/wp\/v2\/types\/page"}],"author":[{"embeddable":true,"href":"https:\/\/prontotranslations.com\/fr\/wp-json\/wp\/v2\/users\/1"}],"replies":[{"embeddable":true,"href":"https:\/\/prontotranslations.com\/fr\/wp-json\/wp\/v2\/comments?post=7992"}],"version-history":[{"count":5,"href":"https:\/\/prontotranslations.com\/fr\/wp-json\/wp\/v2\/pages\/7992\/revisions"}],"predecessor-version":[{"id":8024,"href":"https:\/\/prontotranslations.com\/fr\/wp-json\/wp\/v2\/pages\/7992\/revisions\/8024"}],"up":[{"embeddable":true,"href":"https:\/\/prontotranslations.com\/fr\/wp-json\/wp\/v2\/pages\/2875"}],"wp:attachment":[{"href":"https:\/\/prontotranslations.com\/fr\/wp-json\/wp\/v2\/media?parent=7992"}],"curies":[{"name":"wp","href":"https:\/\/api.w.org\/{rel}","templated":true}]}}