{"id":8114,"date":"2025-03-03T02:24:36","date_gmt":"2025-03-03T02:24:36","guid":{"rendered":"https:\/\/prontotranslations.com\/?page_id=8114"},"modified":"2026-02-25T03:31:55","modified_gmt":"2026-02-25T03:31:55","slug":"interpretation-juridique","status":"publish","type":"page","link":"https:\/\/prontotranslations.com\/fr\/services-d-interpretation\/interpretation-juridique\/","title":{"rendered":"Interpr\u00e9tation juridique"},"content":{"rendered":"<div class=\"wpb-content-wrapper\"><p>[vc_row css_animation=\u00a0\u00bb\u00a0\u00bb row_type=\u00a0\u00bbrow\u00a0\u00bb use_row_as_full_screen_section=\u00a0\u00bbno\u00a0\u00bb type=\u00a0\u00bbfull_width\u00a0\u00bb angled_section=\u00a0\u00bbno\u00a0\u00bb text_align=\u00a0\u00bbleft\u00a0\u00bb background_image_as_pattern=\u00a0\u00bbwithout_pattern\u00a0\u00bb z_index=\u00a0\u00bb\u00a0\u00bb][vc_column][vc_column_text css=\u00a0\u00bb.vc_custom_1770259311948{padding-right: 10% !important;padding-bottom: 30px !important;padding-left: 10% !important;}\u00a0\u00bb]<\/p>\n<h1 style=\"text-align: center;\"><strong>Votre partenaire de confiance pour les services d\u2019interpr\u00e9tation et de traduction juridiques<\/strong><\/h1>\n<p>[\/vc_column_text][\/vc_column][\/vc_row][vc_row css_animation=\u00a0\u00bb\u00a0\u00bb row_type=\u00a0\u00bbrow\u00a0\u00bb use_row_as_full_screen_section=\u00a0\u00bbno\u00a0\u00bb type=\u00a0\u00bbgrid\u00a0\u00bb angled_section=\u00a0\u00bbno\u00a0\u00bb text_align=\u00a0\u00bbleft\u00a0\u00bb background_image_as_pattern=\u00a0\u00bbwithout_pattern\u00a0\u00bb z_index=\u00a0\u00bb\u00a0\u00bb css=\u00a0\u00bb.vc_custom_1719198241526{padding-top: 50px !important;padding-right: 10% !important;padding-left: 10% !important;}\u00a0\u00bb][vc_column width=\u00a0\u00bb1\/2&Prime; css=\u00a0\u00bb.vc_custom_1712629369530{padding-right: 10% !important;padding-left: 10% !important;}\u00a0\u00bb][vc_row_inner row_type=\u00a0\u00bbrow\u00a0\u00bb type=\u00a0\u00bbfull_width\u00a0\u00bb text_align=\u00a0\u00bbcenter\u00a0\u00bb css_animation=\u00a0\u00bb\u00a0\u00bb][vc_column_inner][vc_column_text css=\u00a0\u00bb.vc_custom_1770259352962{padding-bottom: 50px !important;}\u00a0\u00bb]<\/p>\n<p style=\"text-align: center;\"><strong>25\u00a0ans d\u2019exp\u00e9rience au service d\u2019une communication juridique claire et rigoureuse<\/strong><\/p>\n<p>&nbsp;<\/p>\n<p style=\"text-align: left;\">Pronto Translations est le partenaire sur lequel vous pouvez compter lorsque la confidentialit\u00e9, la pr\u00e9cision et le respect des d\u00e9lais sont des priorit\u00e9s absolues dans un contexte juridique.<\/p>\n<p>[\/vc_column_text][vc_column_text css=\u00a0\u00bb.vc_custom_1770259388089{padding-top: 10px !important;padding-bottom: 10px !important;background-color: #00a6e4 !important;border-radius: 3px !important;}\u00a0\u00bb]<\/p>\n<p style=\"text-align: center;\"><a href=\"https:\/\/prontotranslations.com\/fr\/contact\/\"><span style=\"color: #ffffff;\">Contactez-nous pour votre projet d\u2019interpr\u00e9tation ou de traduction juridique<\/span><\/a><\/p>\n<p>[\/vc_column_text][vc_empty_space height=\u00a0\u00bb42px\u00a0\u00bb][\/vc_column_inner][\/vc_row_inner][\/vc_column][vc_column width=\u00a0\u00bb1\/2&Prime;][vc_single_image image=\u00a0\u00bb6560&Prime; img_size=\u00a0\u00bbfull\u00a0\u00bb alignment=\u00a0\u00bbcenter\u00a0\u00bb css=\u00a0\u00bb.vc_custom_1740970893438{padding-bottom: 30px !important;}\u00a0\u00bb qode_css_animation=\u00a0\u00bb\u00a0\u00bb][vc_empty_space][\/vc_column][\/vc_row][vc_row css_animation=\u00a0\u00bb\u00a0\u00bb row_type=\u00a0\u00bbrow\u00a0\u00bb use_row_as_full_screen_section=\u00a0\u00bbno\u00a0\u00bb type=\u00a0\u00bbgrid\u00a0\u00bb angled_section=\u00a0\u00bbno\u00a0\u00bb text_align=\u00a0\u00bbleft\u00a0\u00bb background_image_as_pattern=\u00a0\u00bbwithout_pattern\u00a0\u00bb z_index=\u00a0\u00bb\u00a0\u00bb][vc_column][vc_separator type=\u00a0\u00bbnormal\u00a0\u00bb color=\u00a0\u00bb#88cce2&Prime; thickness=\u00a0\u00bb5&Prime; up=\u00a0\u00bb0&Prime; down=\u00a0\u00bb0&Prime;][\/vc_column][\/vc_row][vc_row css_animation=\u00a0\u00bb\u00a0\u00bb row_type=\u00a0\u00bbrow\u00a0\u00bb use_row_as_full_screen_section=\u00a0\u00bbno\u00a0\u00bb type=\u00a0\u00bbfull_width\u00a0\u00bb angled_section=\u00a0\u00bbno\u00a0\u00bb text_align=\u00a0\u00bbleft\u00a0\u00bb background_image_as_pattern=\u00a0\u00bbwithout_pattern\u00a0\u00bb z_index=\u00a0\u00bb\u00a0\u00bb css=\u00a0\u00bb.vc_custom_1712718567412{background-color: rgba(0,166,228,0.05) !important;*background-color: rgb(0,166,228) !important;}\u00a0\u00bb][vc_column][vc_row_inner row_type=\u00a0\u00bbrow\u00a0\u00bb type=\u00a0\u00bbgrid\u00a0\u00bb text_align=\u00a0\u00bbleft\u00a0\u00bb css_animation=\u00a0\u00bb\u00a0\u00bb css=\u00a0\u00bb.vc_custom_1718510501771{padding-top: 50px !important;}\u00a0\u00bb][vc_column_inner width=\u00a0\u00bb1\/2&Prime;][vc_single_image image=\u00a0\u00bb6582&Prime; img_size=\u00a0\u00bbfull\u00a0\u00bb css=\u00a0\u00bb\u00a0\u00bb qode_css_animation=\u00a0\u00bb\u00a0\u00bb][vc_empty_space height=\u00a0\u00bb62px\u00a0\u00bb][\/vc_column_inner][vc_column_inner width=\u00a0\u00bb1\/2&Prime;][vc_column_text css=\u00a0\u00bb.vc_custom_1771990257379{padding-bottom: 10px !important;}\u00a0\u00bb]<\/p>\n<h2>Services d\u2019interpr\u00e9tation juridique \u00e0 New York<\/h2>\n<p>Le paysage juridique new-yorkais, riche et complexe, regroupe des milliers de cabinets d\u2019avocats et une communaut\u00e9 juridique parmi les plus importantes au monde. Dans cet environnement, des services d\u2019interpr\u00e9tation juridique fiables, pr\u00e9cis et culturellement adapt\u00e9s sont essentiels.<\/p>\n<p>Les enjeux juridiques \u00e9tant souvent critiques, la marge d\u2019erreur en mati\u00e8re de communication est extr\u00eamement faible. Une interpr\u00e9tation rigoureuse permet \u00e0 toutes les parties impliqu\u00e9es de comprendre pleinement les subtilit\u00e9s d\u2019un dossier, prot\u00e8ge les droits des personnes non anglophones, et contribue \u00e0 la transparence des proc\u00e9dures. Une erreur d\u2019interpr\u00e9tation peut entra\u00eener des malentendus graves et, dans certains cas, compromettre l\u2019\u00e9quit\u00e9 d\u2019un jugement. Dans ce contexte, la rigueur et la pr\u00e9cision ne sont pas de simples atouts\u00a0: elles sont indispensables.<\/p>\n<p>Chez Pronto Translations, nous nous appuyons sur plus de 25\u00a0ans d\u2019exp\u00e9rience pour proposer des services d\u2019interpr\u00e9tation et de traduction juridiques exclusivement humains, ax\u00e9s sur l\u2019exactitude linguistique et la pertinence culturelle. Notre engagement \u00e0 fournir des services sans recours \u00e0 des bots ni \u00e0 l\u2019intelligence artificielle garantit des interpr\u00e9tations nuanc\u00e9es, pr\u00e9cises et parfaitement adapt\u00e9es aux exigences strictes du secteur juridique new-yorkais.[\/vc_column_text][\/vc_column_inner][\/vc_row_inner][\/vc_column][\/vc_row][vc_row css_animation=\u00a0\u00bb\u00a0\u00bb row_type=\u00a0\u00bbrow\u00a0\u00bb use_row_as_full_screen_section=\u00a0\u00bbno\u00a0\u00bb type=\u00a0\u00bbgrid\u00a0\u00bb angled_section=\u00a0\u00bbno\u00a0\u00bb text_align=\u00a0\u00bbleft\u00a0\u00bb background_image_as_pattern=\u00a0\u00bbwithout_pattern\u00a0\u00bb z_index=\u00a0\u00bb\u00a0\u00bb][vc_column][vc_separator type=\u00a0\u00bbnormal\u00a0\u00bb color=\u00a0\u00bb#88cce2&Prime; thickness=\u00a0\u00bb5&Prime; up=\u00a0\u00bb0&Prime; down=\u00a0\u00bb0&Prime;][\/vc_column][\/vc_row][vc_row css_animation=\u00a0\u00bb\u00a0\u00bb row_type=\u00a0\u00bbrow\u00a0\u00bb use_row_as_full_screen_section=\u00a0\u00bbno\u00a0\u00bb type=\u00a0\u00bbfull_width\u00a0\u00bb angled_section=\u00a0\u00bbno\u00a0\u00bb text_align=\u00a0\u00bbleft\u00a0\u00bb background_image_as_pattern=\u00a0\u00bbwithout_pattern\u00a0\u00bb z_index=\u00a0\u00bb\u00a0\u00bb css=\u00a0\u00bb.vc_custom_1718512349787{padding-top: 50px !important;padding-bottom: 30px !important;}\u00a0\u00bb][vc_column][vc_row_inner row_type=\u00a0\u00bbrow\u00a0\u00bb type=\u00a0\u00bbgrid\u00a0\u00bb text_align=\u00a0\u00bbleft\u00a0\u00bb css_animation=\u00a0\u00bb\u00a0\u00bb][vc_column_inner width=\u00a0\u00bb1\/2&Prime;][vc_column_text css=\u00a0\u00bb.vc_custom_1771990279812{padding-bottom: 30px !important;}\u00a0\u00bb]<\/p>\n<h2>Pourquoi choisir nos services d\u2019interpr\u00e9tation juridique\u2009?<\/h2>\n<ol>\n<li><strong> Expertise humaine sp\u00e9cialis\u00e9e<\/strong><\/li>\n<\/ol>\n<p>Nous privil\u00e9gions l\u2019expertise humaine aux solutions automatis\u00e9es. Nos interpr\u00e8tes juridiques sont des linguistes chevronn\u00e9s, dot\u00e9s d\u2019une connaissance approfondie de la terminologie, des proc\u00e9dures et des pratiques juridiques, afin que chaque mot soit transmis dans son contexte exact.<\/p>\n<ol start=\"2\">\n<li><strong> Pr\u00e9cision culturelle<\/strong><\/li>\n<\/ol>\n<p>La diversit\u00e9 linguistique et culturelle de New York exige des interpr\u00e8tes capables de comprendre et de restituer les nuances culturelles. Nos professionnels ne se contentent pas de ma\u00eetriser la langue\u00a0: ils adaptent le message aux r\u00e9alit\u00e9s culturelles et juridiques de leurs interlocuteurs.<\/p>\n<ol start=\"3\">\n<li><strong> Une fiabilit\u00e9 \u00e9prouv\u00e9e dans le temps<\/strong><\/li>\n<\/ol>\n<p>Depuis plus de 25\u00a0ans, les professionnels du droit \u00e0 New York font confiance \u00e0 Pronto Translations. Notre r\u00e9putation repose sur la fourniture constante de prestations d\u2019interpr\u00e9tation juridique de haute qualit\u00e9, r\u00e9pondant aux exigences les plus strictes du domaine.<\/p>\n<ol start=\"4\">\n<li><strong> Aucun recours aux bots, uniquement des professionnels<\/strong><\/li>\n<\/ol>\n<p>\u00c0 une \u00e9poque o\u00f9 l\u2019intelligence artificielle occupe une place croissante dans le domaine des services linguistiques, nous r\u00e9affirmons l\u2019importance irrempla\u00e7able de l\u2019interpr\u00e9tation humaine. Chez Pronto Translations, nous n\u2019utilisons aucun bot ni outil automatis\u00e9. Chaque interpr\u00e9tation est assur\u00e9e par un professionnel qualifi\u00e9, garantissant ainsi la fid\u00e9lit\u00e9, la pr\u00e9cision et la conformit\u00e9 juridique du message transmis.[\/vc_column_text][\/vc_column_inner][vc_column_inner width=\u00a0\u00bb1\/2&Prime;][vc_single_image image=\u00a0\u00bb6571&Prime; img_size=\u00a0\u00bbfull\u00a0\u00bb css=\u00a0\u00bb\u00a0\u00bb qode_css_animation=\u00a0\u00bb\u00a0\u00bb][vc_empty_space height=\u00a0\u00bb12px\u00a0\u00bb][\/vc_column_inner][\/vc_row_inner][\/vc_column][\/vc_row][vc_row css_animation=\u00a0\u00bb\u00a0\u00bb row_type=\u00a0\u00bbrow\u00a0\u00bb use_row_as_full_screen_section=\u00a0\u00bbno\u00a0\u00bb type=\u00a0\u00bbgrid\u00a0\u00bb angled_section=\u00a0\u00bbno\u00a0\u00bb text_align=\u00a0\u00bbleft\u00a0\u00bb background_image_as_pattern=\u00a0\u00bbwithout_pattern\u00a0\u00bb z_index=\u00a0\u00bb\u00a0\u00bb][vc_column][vc_separator type=\u00a0\u00bbnormal\u00a0\u00bb color=\u00a0\u00bb#88cce2&Prime; thickness=\u00a0\u00bb5&Prime; up=\u00a0\u00bb0&Prime; down=\u00a0\u00bb0&Prime;][\/vc_column][\/vc_row][vc_row css_animation=\u00a0\u00bb\u00a0\u00bb row_type=\u00a0\u00bbrow\u00a0\u00bb use_row_as_full_screen_section=\u00a0\u00bbno\u00a0\u00bb type=\u00a0\u00bbfull_width\u00a0\u00bb angled_section=\u00a0\u00bbno\u00a0\u00bb text_align=\u00a0\u00bbleft\u00a0\u00bb background_image_as_pattern=\u00a0\u00bbwithout_pattern\u00a0\u00bb z_index=\u00a0\u00bb\u00a0\u00bb css=\u00a0\u00bb.vc_custom_1712718567412{background-color: rgba(0,166,228,0.05) !important;*background-color: rgb(0,166,228) !important;}\u00a0\u00bb][vc_column][vc_row_inner row_type=\u00a0\u00bbrow\u00a0\u00bb type=\u00a0\u00bbgrid\u00a0\u00bb text_align=\u00a0\u00bbleft\u00a0\u00bb css_animation=\u00a0\u00bb\u00a0\u00bb css=\u00a0\u00bb.vc_custom_1718510501771{padding-top: 50px !important;}\u00a0\u00bb][vc_column_inner width=\u00a0\u00bb1\/2&Prime;][vc_single_image image=\u00a0\u00bb2344&Prime; img_size=\u00a0\u00bbfull\u00a0\u00bb qode_css_animation=\u00a0\u00bb\u00a0\u00bb][vc_empty_space height=\u00a0\u00bb62px\u00a0\u00bb][\/vc_column_inner][vc_column_inner width=\u00a0\u00bb1\/2&Prime;][vc_column_text css=\u00a0\u00bb\u00a0\u00bb]<\/p>\n<h2>Nos services d\u2019interpr\u00e9tation juridique comprennent notamment\u00a0:<\/h2>\n<ul>\n<li><strong>Interpr\u00e9tation en salle d\u2019audience\u00a0<\/strong>: nous facilitons la communication lors de proc\u00e8s, audiences et d\u00e9positions, afin que toutes les parties comprennent pleinement le d\u00e9roulement des proc\u00e9dures.\n<ul>\n<li><em>Interpr\u00e9tation simultan\u00e9e<\/em>: id\u00e9ale pour une traduction en temps r\u00e9el lors d\u2019audiences continues.<\/li>\n<li><em>Interpr\u00e9tation cons\u00e9cutive<\/em>: utilis\u00e9e lorsque l\u2019interpr\u00e8te intervient apr\u00e8s une phrase ou une id\u00e9e compl\u00e8te, notamment dans des \u00e9changes formels ou sensibles.<\/li>\n<li><em>T\u00e9moignages de t\u00e9moins<\/em>: interpr\u00e9tation pr\u00e9cise et rigoureuse de chaque d\u00e9tail pr\u00e9sent\u00e9 au tribunal.<\/li>\n<li><em>Secret professionnel avocat\u2013client<\/em>: respect strict de la confidentialit\u00e9 lors d\u2019\u00e9changes sensibles.<\/li>\n<li><em>Instructions au jury<\/em>: les jur\u00e9s non anglophones b\u00e9n\u00e9ficient d\u2019une compr\u00e9hension claire et compl\u00e8te des consignes du juge.<\/li>\n<li><em>Comparutions et audiences de condamnation<\/em>: interpr\u00e9tation fiable \u00e0 chaque \u00e9tape critique de la proc\u00e9dure.<\/li>\n<\/ul>\n<\/li>\n<li><strong>Interpr\u00e9tation lors de d\u00e9positions\u00a0<\/strong>: nos interpr\u00e8tes exp\u00e9riment\u00e9s assurent la fluidit\u00e9 et la neutralit\u00e9 des \u00e9changes entre avocats, t\u00e9moins et st\u00e9nographes, en temps r\u00e9el.<\/li>\n<li><strong>Traduction de documents juridiques\u00a0<\/strong>: nous traduisons de mani\u00e8re rigoureuse documents juridiques, contrats et pi\u00e8ces \u00e0 conviction, dans le respect absolu de la confidentialit\u00e9. Des m\u00e9moires juridiques aux d\u00e9cisions de justice, chaque document est trait\u00e9 avec une pr\u00e9cision professionnelle.<\/li>\n<li><strong>R\u00e9unions avec les clients\u00a0<\/strong>: nous intervenons lors de consultations avocat\u2013client ou de r\u00e9unions pr\u00e9paratoires, pour garantir que les clients comprennent parfaitement leurs droits et obligations.<\/li>\n<li><strong>M\u00e9diation et arbitrage\u00a0<\/strong>: nous facilitons la communication dans les modes alternatifs de r\u00e8glement des conflits, en permettant \u00e0 chaque partie de s\u2019exprimer et d\u2019\u00eatre comprise.<\/li>\n<li><strong>Audiences d\u2019immigration\u00a0<\/strong>: nos services d\u2019interpr\u00e9tation accompagnent les clients dans les proc\u00e9dures complexes li\u00e9es \u00e0 l\u2019immigration, avec clart\u00e9, rigueur et s\u00e9r\u00e9nit\u00e9.<\/li>\n<\/ul>\n<p>[\/vc_column_text][\/vc_column_inner][\/vc_row_inner][\/vc_column][\/vc_row][vc_row css_animation=\u00a0\u00bb\u00a0\u00bb row_type=\u00a0\u00bbrow\u00a0\u00bb use_row_as_full_screen_section=\u00a0\u00bbno\u00a0\u00bb type=\u00a0\u00bbfull_width\u00a0\u00bb angled_section=\u00a0\u00bbno\u00a0\u00bb text_align=\u00a0\u00bbleft\u00a0\u00bb background_image_as_pattern=\u00a0\u00bbwithout_pattern\u00a0\u00bb z_index=\u00a0\u00bb\u00a0\u00bb background_color=\u00a0\u00bb#00A6E40D\u00a0\u00bb][vc_column][vc_row_inner row_type=\u00a0\u00bbrow\u00a0\u00bb type=\u00a0\u00bbgrid\u00a0\u00bb text_align=\u00a0\u00bbleft\u00a0\u00bb css_animation=\u00a0\u00bb\u00a0\u00bb][vc_column_inner][vc_column_text css=\u00a0\u00bb\u00a0\u00bb][\/vc_column_text][vc_empty_space height=\u00a0\u00bb62px\u00a0\u00bb][\/vc_column_inner][\/vc_row_inner][\/vc_column][\/vc_row][vc_row css_animation=\u00a0\u00bb\u00a0\u00bb row_type=\u00a0\u00bbrow\u00a0\u00bb use_row_as_full_screen_section=\u00a0\u00bbno\u00a0\u00bb type=\u00a0\u00bbgrid\u00a0\u00bb angled_section=\u00a0\u00bbno\u00a0\u00bb text_align=\u00a0\u00bbleft\u00a0\u00bb background_image_as_pattern=\u00a0\u00bbwithout_pattern\u00a0\u00bb z_index=\u00a0\u00bb\u00a0\u00bb][vc_column][vc_separator type=\u00a0\u00bbnormal\u00a0\u00bb color=\u00a0\u00bb#88cce2&Prime; thickness=\u00a0\u00bb5&Prime; up=\u00a0\u00bb0&Prime; down=\u00a0\u00bb0&Prime;][\/vc_column][\/vc_row][vc_row css_animation=\u00a0\u00bb\u00a0\u00bb row_type=\u00a0\u00bbrow\u00a0\u00bb use_row_as_full_screen_section=\u00a0\u00bbno\u00a0\u00bb type=\u00a0\u00bbfull_width\u00a0\u00bb angled_section=\u00a0\u00bbno\u00a0\u00bb text_align=\u00a0\u00bbleft\u00a0\u00bb background_image_as_pattern=\u00a0\u00bbwithout_pattern\u00a0\u00bb css=\u00a0\u00bb.vc_custom_1740968874726{background-color: #FF060600 !important;}\u00a0\u00bb z_index=\u00a0\u00bb\u00a0\u00bb][vc_column][vc_row_inner row_type=\u00a0\u00bbrow\u00a0\u00bb type=\u00a0\u00bbgrid\u00a0\u00bb text_align=\u00a0\u00bbleft\u00a0\u00bb css_animation=\u00a0\u00bb\u00a0\u00bb][vc_column_inner][vc_column_text css=\u00a0\u00bb.vc_custom_1771990308129{padding-top: 30px !important;padding-bottom: 40px !important;}\u00a0\u00bb]<\/p>\n<h2>Documents juridiques et personnels pris en charge<\/h2>\n<p>Nous sommes fiers d\u2019accompagner la communaut\u00e9 diversifi\u00e9e de New York. Nos traducteurs et interpr\u00e8tes interviennent sur une large gamme de documents juridiques et personnels, parmi lesquels\u00a0:<\/p>\n<ul>\n<li>Actes de naissance<\/li>\n<li>Permis de conduire<\/li>\n<li>Documents d\u2019immigration<\/li>\n<li>Dossiers de naturalisation<\/li>\n<li>Actes de mariage et de divorce<\/li>\n<li>Dossiers d\u2019adoption<\/li>\n<li>Testaments et jugements<\/li>\n<li>Rapports et dossiers de police<\/li>\n<li>Contrats juridiques<\/li>\n<li>Brevets<\/li>\n<li>Relev\u00e9s de notes scolaires<\/li>\n<li>Procurations<\/li>\n<li>Dipl\u00f4mes et titres universitaires<\/li>\n<\/ul>\n<p>&nbsp;<\/p>\n<p>Nous proposons nos services d\u2019interpr\u00e9tation et de traduction juridiques \u00e0 des clients bas\u00e9s \u00e0 New York, dans le New Jersey, le Connecticut, ainsi qu\u2019\u00e0 l\u2019\u00e9chelle internationale.<\/p>\n<p>&#x1f4de; <strong>Contactez l\u2019un de nos conseillers d\u00e8s maintenant au +1\u00a0646-984-4073<\/strong> pour b\u00e9n\u00e9ficier de l\u2019expertise d\u2019un interpr\u00e8te qualifi\u00e9 ou pour obtenir une traduction juridique dans les d\u00e9lais impartis.[\/vc_column_text][\/vc_column_inner][\/vc_row_inner][\/vc_column][\/vc_row][vc_row css_animation=\u00a0\u00bb\u00a0\u00bb row_type=\u00a0\u00bbrow\u00a0\u00bb use_row_as_full_screen_section=\u00a0\u00bbno\u00a0\u00bb type=\u00a0\u00bbfull_width\u00a0\u00bb angled_section=\u00a0\u00bbno\u00a0\u00bb text_align=\u00a0\u00bbleft\u00a0\u00bb background_image_as_pattern=\u00a0\u00bbwithout_pattern\u00a0\u00bb z_index=\u00a0\u00bb\u00a0\u00bb background_color=\u00a0\u00bbrgba(0,166,228,0.35)\u00a0\u00bb][vc_column][vc_row_inner row_type=\u00a0\u00bbrow\u00a0\u00bb type=\u00a0\u00bbgrid\u00a0\u00bb text_align=\u00a0\u00bbleft\u00a0\u00bb css_animation=\u00a0\u00bb\u00a0\u00bb css=\u00a0\u00bb.vc_custom_1712461537481{margin-top: 30px !important;margin-bottom: 30px !important;}\u00a0\u00bb][vc_column_inner][vc_column_text css=\u00a0\u00bb.vc_custom_1770260134709{padding-top: 15px !important;padding-right: 10px !important;padding-bottom: 15px !important;padding-left: 10px !important;background-color: #00a5e4 !important;border-radius: 3px !important;}\u00a0\u00bb]<\/p>\n<p style=\"text-align: center;\"><span style=\"color: #ffffff;\"><a style=\"color: #ffffff;\" href=\"https:\/\/prontotranslations.com\/fr\/contact\/\">Contactez-nous pour votre projet d\u2019interpr\u00e9tation ou de traduction juridique<\/a><\/span><\/p>\n<p>[\/vc_column_text][\/vc_column_inner][\/vc_row_inner][\/vc_column][\/vc_row]<\/p>\n<\/div>","protected":false},"excerpt":{"rendered":"<p>[vc_row css_animation=\u00a0\u00bb\u00a0\u00bb row_type=\u00a0\u00bbrow\u00a0\u00bb use_row_as_full_screen_section=\u00a0\u00bbno\u00a0\u00bb type=\u00a0\u00bbfull_width\u00a0\u00bb angled_section=\u00a0\u00bbno\u00a0\u00bb text_align=\u00a0\u00bbleft\u00a0\u00bb background_image_as_pattern=\u00a0\u00bbwithout_pattern\u00a0\u00bb z_index=\u00a0\u00bb\u00a0\u00bb][vc_column][vc_column_text css=\u00a0\u00bb.vc_custom_1770259311948{padding-right: 10% !important;padding-bottom: 30px !important;padding-left: 10% !important;}\u00a0\u00bb] Votre partenaire de confiance pour les services d\u2019interpr\u00e9tation et&#8230;<\/p>\n","protected":false},"author":1,"featured_media":0,"parent":2875,"menu_order":7,"comment_status":"closed","ping_status":"closed","template":"full_width.php","meta":{"footnotes":""},"class_list":["post-8114","page","type-page","status-publish","hentry"],"_links":{"self":[{"href":"https:\/\/prontotranslations.com\/fr\/wp-json\/wp\/v2\/pages\/8114","targetHints":{"allow":["GET"]}}],"collection":[{"href":"https:\/\/prontotranslations.com\/fr\/wp-json\/wp\/v2\/pages"}],"about":[{"href":"https:\/\/prontotranslations.com\/fr\/wp-json\/wp\/v2\/types\/page"}],"author":[{"embeddable":true,"href":"https:\/\/prontotranslations.com\/fr\/wp-json\/wp\/v2\/users\/1"}],"replies":[{"embeddable":true,"href":"https:\/\/prontotranslations.com\/fr\/wp-json\/wp\/v2\/comments?post=8114"}],"version-history":[{"count":8,"href":"https:\/\/prontotranslations.com\/fr\/wp-json\/wp\/v2\/pages\/8114\/revisions"}],"predecessor-version":[{"id":8469,"href":"https:\/\/prontotranslations.com\/fr\/wp-json\/wp\/v2\/pages\/8114\/revisions\/8469"}],"up":[{"embeddable":true,"href":"https:\/\/prontotranslations.com\/fr\/wp-json\/wp\/v2\/pages\/2875"}],"wp:attachment":[{"href":"https:\/\/prontotranslations.com\/fr\/wp-json\/wp\/v2\/media?parent=8114"}],"curies":[{"name":"wp","href":"https:\/\/api.w.org\/{rel}","templated":true}]}}