{"id":8122,"date":"2024-09-13T01:49:22","date_gmt":"2024-09-13T01:49:22","guid":{"rendered":"https:\/\/prontotranslations.com\/?page_id=8122"},"modified":"2026-02-05T03:04:21","modified_gmt":"2026-02-05T03:04:21","slug":"interpretation-medicale","status":"publish","type":"page","link":"https:\/\/prontotranslations.com\/fr\/services-d-interpretation\/interpretation-medicale\/","title":{"rendered":"Interpr\u00e9tation m\u00e9dicale"},"content":{"rendered":"<div class=\"wpb-content-wrapper\"><p>[vc_row css_animation=\u00a0\u00bb\u00a0\u00bb row_type=\u00a0\u00bbrow\u00a0\u00bb use_row_as_full_screen_section=\u00a0\u00bbno\u00a0\u00bb type=\u00a0\u00bbfull_width\u00a0\u00bb angled_section=\u00a0\u00bbno\u00a0\u00bb text_align=\u00a0\u00bbleft\u00a0\u00bb background_image_as_pattern=\u00a0\u00bbwithout_pattern\u00a0\u00bb z_index=\u00a0\u00bb\u00a0\u00bb][vc_column][vc_column_text css=\u00a0\u00bb.vc_custom_1770260407491{padding-right: 10% !important;padding-bottom: 30px !important;padding-left: 10% !important;}\u00a0\u00bb]<\/p>\n<h1 style=\"text-align: center;\">Services d\u2019interpr\u00e9tation m\u00e9dicale\u00a0: l\u2019accompagnement linguistique essentiel pour le secteur de la sant\u00e9<\/h1>\n<p>[\/vc_column_text][\/vc_column][\/vc_row][vc_row css_animation=\u00a0\u00bb\u00a0\u00bb row_type=\u00a0\u00bbrow\u00a0\u00bb use_row_as_full_screen_section=\u00a0\u00bbno\u00a0\u00bb type=\u00a0\u00bbgrid\u00a0\u00bb angled_section=\u00a0\u00bbno\u00a0\u00bb text_align=\u00a0\u00bbleft\u00a0\u00bb background_image_as_pattern=\u00a0\u00bbwithout_pattern\u00a0\u00bb z_index=\u00a0\u00bb\u00a0\u00bb css=\u00a0\u00bb.vc_custom_1719198241526{padding-top: 50px !important;padding-right: 10% !important;padding-left: 10% !important;}\u00a0\u00bb][vc_column width=\u00a0\u00bb1\/2&Prime; css=\u00a0\u00bb.vc_custom_1712629369530{padding-right: 10% !important;padding-left: 10% !important;}\u00a0\u00bb][vc_row_inner row_type=\u00a0\u00bbrow\u00a0\u00bb type=\u00a0\u00bbfull_width\u00a0\u00bb text_align=\u00a0\u00bbcenter\u00a0\u00bb css_animation=\u00a0\u00bb\u00a0\u00bb][vc_column_inner][vc_column_text css=\u00a0\u00bb.vc_custom_1770260436379{padding-bottom: 50px !important;}\u00a0\u00bb]<\/p>\n<p style=\"text-align: center;\"><strong>Que vous repr\u00e9sentiez un \u00e9tablissement de sant\u00e9, une organisation m\u00e9dicale, ou que vous soyez un patient n\u00e9cessitant une assistance linguistique, nous vous accompagnons avec des services d\u2019interpr\u00e9tation m\u00e9dicale fiables et professionnels. Nous intervenons dans plus de 300\u00a0combinaisons linguistiques, adapt\u00e9es aux environnements m\u00e9dicaux les plus exigeants.<\/strong><\/p>\n<p>[\/vc_column_text][vc_column_text css=\u00a0\u00bb.vc_custom_1770260462713{padding-top: 10px !important;padding-bottom: 10px !important;background-color: #00a6e4 !important;border-radius: 3px !important;}\u00a0\u00bb]<\/p>\n<p style=\"text-align: center;\"><a href=\"https:\/\/prontotranslations.com\/fr\/contact\/\"><span style=\"color: #ffffff;\">Contactez-nous pour votre projet d\u2019interpr\u00e9tation m\u00e9dicale<\/span><\/a><\/p>\n<p>[\/vc_column_text][vc_empty_space height=\u00a0\u00bb42px\u00a0\u00bb][\/vc_column_inner][\/vc_row_inner][\/vc_column][vc_column width=\u00a0\u00bb1\/2&Prime;][vc_single_image image=\u00a0\u00bb2340&Prime; img_size=\u00a0\u00bbfull\u00a0\u00bb alignment=\u00a0\u00bbcenter\u00a0\u00bb css=\u00a0\u00bb.vc_custom_1726192846110{padding-bottom: 30px !important;}\u00a0\u00bb qode_css_animation=\u00a0\u00bb\u00a0\u00bb][vc_empty_space][\/vc_column][\/vc_row][vc_row css_animation=\u00a0\u00bb\u00a0\u00bb row_type=\u00a0\u00bbrow\u00a0\u00bb use_row_as_full_screen_section=\u00a0\u00bbno\u00a0\u00bb type=\u00a0\u00bbgrid\u00a0\u00bb angled_section=\u00a0\u00bbno\u00a0\u00bb text_align=\u00a0\u00bbleft\u00a0\u00bb background_image_as_pattern=\u00a0\u00bbwithout_pattern\u00a0\u00bb z_index=\u00a0\u00bb\u00a0\u00bb][vc_column][vc_separator type=\u00a0\u00bbnormal\u00a0\u00bb color=\u00a0\u00bb#88cce2&Prime; thickness=\u00a0\u00bb5&Prime; up=\u00a0\u00bb0&Prime; down=\u00a0\u00bb0&Prime;][\/vc_column][\/vc_row][vc_row css_animation=\u00a0\u00bb\u00a0\u00bb row_type=\u00a0\u00bbrow\u00a0\u00bb use_row_as_full_screen_section=\u00a0\u00bbno\u00a0\u00bb type=\u00a0\u00bbfull_width\u00a0\u00bb angled_section=\u00a0\u00bbno\u00a0\u00bb text_align=\u00a0\u00bbleft\u00a0\u00bb background_image_as_pattern=\u00a0\u00bbwithout_pattern\u00a0\u00bb z_index=\u00a0\u00bb\u00a0\u00bb css=\u00a0\u00bb.vc_custom_1712718567412{background-color: rgba(0,166,228,0.05) !important;*background-color: rgb(0,166,228) !important;}\u00a0\u00bb][vc_column][vc_row_inner row_type=\u00a0\u00bbrow\u00a0\u00bb type=\u00a0\u00bbgrid\u00a0\u00bb text_align=\u00a0\u00bbleft\u00a0\u00bb css_animation=\u00a0\u00bb\u00a0\u00bb css=\u00a0\u00bb.vc_custom_1718510501771{padding-top: 50px !important;}\u00a0\u00bb][vc_column_inner width=\u00a0\u00bb1\/2&Prime;][vc_single_image image=\u00a0\u00bb2341&Prime; img_size=\u00a0\u00bbfull\u00a0\u00bb alignment=\u00a0\u00bbcenter\u00a0\u00bb qode_css_animation=\u00a0\u00bb\u00a0\u00bb][\/vc_column_inner][vc_column_inner width=\u00a0\u00bb1\/2&Prime;][vc_column_text css=\u00a0\u00bb.vc_custom_1770260523734{padding-bottom: 10px !important;}\u00a0\u00bb]Les interpr\u00e8tes jouent un r\u00f4le cl\u00e9 dans les h\u00f4pitaux, cliniques et cabinets m\u00e9dicaux. En compl\u00e9ment d\u2019une gamme compl\u00e8te de <a href=\"https:\/\/prontotranslations.com\/fr\/services-d-interpretation\/\">services d\u2019interpr\u00e9tation<\/a>, notre agence propose des prestations sp\u00e9cifiquement d\u00e9di\u00e9es \u00e0 l\u2019interpr\u00e9tation m\u00e9dicale, r\u00e9pondant aux normes strictes du secteur de la sant\u00e9.<\/p>\n<p>Contrairement \u00e0 une id\u00e9e re\u00e7ue, un interpr\u00e8te m\u00e9dical ne se limite pas \u00e0 \u00eatre bilingue\u00a0: c\u2019est un professionnel hautement qualifi\u00e9, form\u00e9 pour garantir une compr\u00e9hension pr\u00e9cise et s\u00e9curis\u00e9e entre patients et professionnels de sant\u00e9.<\/p>\n<p>Nos interpr\u00e8tes m\u00e9dicaux sont certifi\u00e9s ou accr\u00e9dit\u00e9s par des organismes sp\u00e9cialis\u00e9s. Ils sont \u00e9galement rigoureusement form\u00e9s aux exigences de confidentialit\u00e9, de s\u00e9curit\u00e9 et de protection des donn\u00e9es, conform\u00e9ment aux normes applicables dans le secteur de la sant\u00e9.<\/p>\n<h2>Pourquoi faire appel \u00e0 des services d\u2019interpr\u00e9tation m\u00e9dicale sp\u00e9cialis\u00e9s<\/h2>\n<p>Les erreurs de communication dans un contexte m\u00e9dical peuvent avoir des cons\u00e9quences graves, voire fatales. Dans un monde de plus en plus multiculturel, il est fr\u00e9quent de recevoir des soins dans une langue autre que sa langue maternelle.<\/p>\n<p>L\u2019interpr\u00e9tation m\u00e9dicale permet aux m\u00e9decins de comprendre pr\u00e9cis\u00e9ment les sympt\u00f4mes d\u00e9crits par leurs patients, et \u00e0 ces derniers de saisir les diagnostics, les traitements ou les posologies prescrits \u2014 dans leur langue.[\/vc_column_text][\/vc_column_inner][\/vc_row_inner][vc_empty_space height=\u00a0\u00bb42px\u00a0\u00bb][\/vc_column][\/vc_row][vc_row css_animation=\u00a0\u00bb\u00a0\u00bb row_type=\u00a0\u00bbrow\u00a0\u00bb use_row_as_full_screen_section=\u00a0\u00bbno\u00a0\u00bb type=\u00a0\u00bbgrid\u00a0\u00bb angled_section=\u00a0\u00bbno\u00a0\u00bb text_align=\u00a0\u00bbleft\u00a0\u00bb background_image_as_pattern=\u00a0\u00bbwithout_pattern\u00a0\u00bb z_index=\u00a0\u00bb\u00a0\u00bb][vc_column][vc_separator type=\u00a0\u00bbnormal\u00a0\u00bb color=\u00a0\u00bb#88cce2&Prime; thickness=\u00a0\u00bb5&Prime; up=\u00a0\u00bb0&Prime; down=\u00a0\u00bb0&Prime;][\/vc_column][\/vc_row][vc_row css_animation=\u00a0\u00bb\u00a0\u00bb row_type=\u00a0\u00bbrow\u00a0\u00bb use_row_as_full_screen_section=\u00a0\u00bbno\u00a0\u00bb type=\u00a0\u00bbfull_width\u00a0\u00bb angled_section=\u00a0\u00bbno\u00a0\u00bb text_align=\u00a0\u00bbleft\u00a0\u00bb background_image_as_pattern=\u00a0\u00bbwithout_pattern\u00a0\u00bb z_index=\u00a0\u00bb\u00a0\u00bb][vc_column][vc_row_inner row_type=\u00a0\u00bbrow\u00a0\u00bb type=\u00a0\u00bbgrid\u00a0\u00bb text_align=\u00a0\u00bbleft\u00a0\u00bb css_animation=\u00a0\u00bb\u00a0\u00bb css=\u00a0\u00bb.vc_custom_1718510501771{padding-top: 50px !important;}\u00a0\u00bb][vc_column_inner][vc_single_image image=\u00a0\u00bb2342&Prime; img_size=\u00a0\u00bbfull\u00a0\u00bb alignment=\u00a0\u00bbcenter\u00a0\u00bb css=\u00a0\u00bb.vc_custom_1726192934706{padding-bottom: 40px !important;}\u00a0\u00bb qode_css_animation=\u00a0\u00bb\u00a0\u00bb][vc_column_text css=\u00a0\u00bb.vc_custom_1770260584721{padding-bottom: 10px !important;}\u00a0\u00bb]<\/p>\n<h2>Une communication claire et s\u00e9curis\u00e9e entre patients et professionnels<\/h2>\n<p>L\u2019interpr\u00e8te transmet fid\u00e8lement l\u2019information, explique des notions m\u00e9dicales complexes, et instaure un climat de confiance. Il peut aussi faciliter les \u00e9changes avec les proches du patient, dans des moments souvent d\u00e9licats ou stressants.<\/p>\n<p>Les services d\u2019interpr\u00e9tation m\u00e9dicale sont cruciaux en situation d\u2019urgence, o\u00f9 chaque seconde compte et o\u00f9 une mauvaise communication peut compromettre le pronostic vital.<\/p>\n<h2>Nos modes d\u2019interpr\u00e9tation m\u00e9dicale<\/h2>\n<p>Nous proposons plusieurs modalit\u00e9s d\u2019interpr\u00e9tation, adapt\u00e9es aux contextes cliniques, hospitaliers et institutionnels, notamment\u00a0:<\/p>\n<ul>\n<li><strong>Interpr\u00e9tation simultan\u00e9e<\/strong> \u2013 l\u2019interpr\u00e8te restitue le message en temps r\u00e9el, au m\u00eame rythme que le professionnel de sant\u00e9<\/li>\n<li><strong>Interpr\u00e9tation cons\u00e9cutive<\/strong> \u2013 le professionnel s\u2019exprime pendant quelques minutes, puis marque une pause afin de permettre \u00e0 l\u2019interpr\u00e8te de restituer le message<\/li>\n<li><strong>Interpr\u00e9tation chuchot\u00e9e<\/strong> \u2013 l\u2019interpr\u00e8te murmure la traduction au patient ou au m\u00e9decin, id\u00e9al dans les \u00e9changes discrets en pr\u00e9sentiel<\/li>\n<li><strong>Accompagnement m\u00e9dical \u00e0 l\u2019international <\/strong>\u2013 un interpr\u00e8te peut suivre le patient lors de ses soins ou consultations \u00e0 l\u2019\u00e9tranger<\/li>\n<li><strong>Interpr\u00e9tation \u00e0 distance\/t\u00e9l\u00e9phonique<\/strong> \u2013 pour les situations o\u00f9 la pr\u00e9sence physique de l\u2019interpr\u00e8te n\u2019est pas requise<\/li>\n<\/ul>\n<p>[\/vc_column_text][\/vc_column_inner][\/vc_row_inner][vc_empty_space height=\u00a0\u00bb42px\u00a0\u00bb][\/vc_column][\/vc_row][vc_row css_animation=\u00a0\u00bb\u00a0\u00bb row_type=\u00a0\u00bbrow\u00a0\u00bb use_row_as_full_screen_section=\u00a0\u00bbno\u00a0\u00bb type=\u00a0\u00bbgrid\u00a0\u00bb angled_section=\u00a0\u00bbno\u00a0\u00bb text_align=\u00a0\u00bbleft\u00a0\u00bb background_image_as_pattern=\u00a0\u00bbwithout_pattern\u00a0\u00bb z_index=\u00a0\u00bb\u00a0\u00bb][vc_column][vc_separator type=\u00a0\u00bbnormal\u00a0\u00bb color=\u00a0\u00bb#88cce2&Prime; thickness=\u00a0\u00bb5&Prime; up=\u00a0\u00bb0&Prime; down=\u00a0\u00bb0&Prime;][\/vc_column][\/vc_row][vc_row css_animation=\u00a0\u00bb\u00a0\u00bb row_type=\u00a0\u00bbrow\u00a0\u00bb use_row_as_full_screen_section=\u00a0\u00bbno\u00a0\u00bb type=\u00a0\u00bbfull_width\u00a0\u00bb angled_section=\u00a0\u00bbno\u00a0\u00bb text_align=\u00a0\u00bbleft\u00a0\u00bb background_image_as_pattern=\u00a0\u00bbwithout_pattern\u00a0\u00bb css=\u00a0\u00bb.vc_custom_1726012417372{background-color: rgba(0,166,228,0.05) !important;*background-color: rgb(0,166,228) !important;}\u00a0\u00bb z_index=\u00a0\u00bb\u00a0\u00bb][vc_column][vc_row_inner row_type=\u00a0\u00bbrow\u00a0\u00bb type=\u00a0\u00bbgrid\u00a0\u00bb text_align=\u00a0\u00bbleft\u00a0\u00bb css_animation=\u00a0\u00bb\u00a0\u00bb][vc_column_inner][vc_column_text css=\u00a0\u00bb.vc_custom_1770260616519{padding-top: 30px !important;padding-bottom: 40px !important;}\u00a0\u00bb]<\/p>\n<h2>Vous cherchez un prestataire d\u2019interpr\u00e9tation m\u00e9dicale fiable\u2009? Pronto Translations est \u00e0 vos c\u00f4t\u00e9s.<\/h2>\n<p>Si vous avez besoin de services d\u2019interpr\u00e9tation m\u00e9dicale certifi\u00e9s, que ce soit dans un cadre professionnel, institutionnel ou priv\u00e9, notre agence est pr\u00eate \u00e0 vous accompagner. Nous comprenons combien la pr\u00e9cision et la fiabilit\u00e9 sont essentielles dans le secteur m\u00e9dical, et nous nous engageons \u00e0 fournir une interpr\u00e9tation exacte, \u00e9thique et conforme aux exigences du domaine de la sant\u00e9.<\/p>\n<p>Nous travaillons dans <strong>122\u00a0langues<\/strong>. Que vous ayez besoin de services d\u2019interpr\u00e9tation m\u00e9dicale \u00e0 New York (NY), dans les environs ou \u00e0 l\u2019international, nous sommes en mesure de vous accompagner efficacement.<\/p>\n<p>&#x1f4de; <strong>Contactez d\u00e8s maintenant l\u2019un de nos conseillers au +1\u00a0646-984-4073<\/strong> pour faire appel \u00e0 un interpr\u00e8te m\u00e9dical qualifi\u00e9.[\/vc_column_text][\/vc_column_inner][\/vc_row_inner][\/vc_column][\/vc_row][vc_row css_animation=\u00a0\u00bb\u00a0\u00bb row_type=\u00a0\u00bbrow\u00a0\u00bb use_row_as_full_screen_section=\u00a0\u00bbno\u00a0\u00bb type=\u00a0\u00bbfull_width\u00a0\u00bb angled_section=\u00a0\u00bbno\u00a0\u00bb text_align=\u00a0\u00bbleft\u00a0\u00bb background_image_as_pattern=\u00a0\u00bbwithout_pattern\u00a0\u00bb z_index=\u00a0\u00bb\u00a0\u00bb background_color=\u00a0\u00bbrgba(0,166,228,0.35)\u00a0\u00bb][vc_column][vc_row_inner row_type=\u00a0\u00bbrow\u00a0\u00bb type=\u00a0\u00bbgrid\u00a0\u00bb text_align=\u00a0\u00bbleft\u00a0\u00bb css_animation=\u00a0\u00bb\u00a0\u00bb css=\u00a0\u00bb.vc_custom_1712461537481{margin-top: 30px !important;margin-bottom: 30px !important;}\u00a0\u00bb][vc_column_inner][vc_column_text css=\u00a0\u00bb.vc_custom_1770260648141{padding-top: 15px !important;padding-right: 10px !important;padding-bottom: 15px !important;padding-left: 10px !important;background-color: #00a5e4 !important;border-radius: 3px !important;}\u00a0\u00bb]<\/p>\n<p style=\"text-align: center;\"><span style=\"color: #ffffff;\"><a style=\"color: #ffffff;\" href=\"https:\/\/prontotranslations.com\/fr\/contact\/\">Contactez-nous pour votre projet d\u2019interpr\u00e9tation m\u00e9dicale<\/a><\/span><\/p>\n<p>[\/vc_column_text][\/vc_column_inner][\/vc_row_inner][\/vc_column][\/vc_row]<\/p>\n<\/div>","protected":false},"excerpt":{"rendered":"<p>[vc_row css_animation=\u00a0\u00bb\u00a0\u00bb row_type=\u00a0\u00bbrow\u00a0\u00bb use_row_as_full_screen_section=\u00a0\u00bbno\u00a0\u00bb type=\u00a0\u00bbfull_width\u00a0\u00bb angled_section=\u00a0\u00bbno\u00a0\u00bb text_align=\u00a0\u00bbleft\u00a0\u00bb background_image_as_pattern=\u00a0\u00bbwithout_pattern\u00a0\u00bb z_index=\u00a0\u00bb\u00a0\u00bb][vc_column][vc_column_text css=\u00a0\u00bb.vc_custom_1770260407491{padding-right: 10% !important;padding-bottom: 30px !important;padding-left: 10% !important;}\u00a0\u00bb] Services d\u2019interpr\u00e9tation m\u00e9dicale\u00a0: l\u2019accompagnement linguistique essentiel pour le secteur&#8230;<\/p>\n","protected":false},"author":1,"featured_media":0,"parent":2875,"menu_order":4,"comment_status":"closed","ping_status":"closed","template":"full_width.php","meta":{"footnotes":""},"class_list":["post-8122","page","type-page","status-publish","hentry"],"_links":{"self":[{"href":"https:\/\/prontotranslations.com\/fr\/wp-json\/wp\/v2\/pages\/8122","targetHints":{"allow":["GET"]}}],"collection":[{"href":"https:\/\/prontotranslations.com\/fr\/wp-json\/wp\/v2\/pages"}],"about":[{"href":"https:\/\/prontotranslations.com\/fr\/wp-json\/wp\/v2\/types\/page"}],"author":[{"embeddable":true,"href":"https:\/\/prontotranslations.com\/fr\/wp-json\/wp\/v2\/users\/1"}],"replies":[{"embeddable":true,"href":"https:\/\/prontotranslations.com\/fr\/wp-json\/wp\/v2\/comments?post=8122"}],"version-history":[{"count":2,"href":"https:\/\/prontotranslations.com\/fr\/wp-json\/wp\/v2\/pages\/8122\/revisions"}],"predecessor-version":[{"id":8151,"href":"https:\/\/prontotranslations.com\/fr\/wp-json\/wp\/v2\/pages\/8122\/revisions\/8151"}],"up":[{"embeddable":true,"href":"https:\/\/prontotranslations.com\/fr\/wp-json\/wp\/v2\/pages\/2875"}],"wp:attachment":[{"href":"https:\/\/prontotranslations.com\/fr\/wp-json\/wp\/v2\/media?parent=8122"}],"curies":[{"name":"wp","href":"https:\/\/api.w.org\/{rel}","templated":true}]}}