{"id":8152,"date":"2024-09-13T02:07:16","date_gmt":"2024-09-13T02:07:16","guid":{"rendered":"https:\/\/prontotranslations.com\/?page_id=8152"},"modified":"2026-02-05T03:28:42","modified_gmt":"2026-02-05T03:28:42","slug":"interpretation-telephonique","status":"publish","type":"page","link":"https:\/\/prontotranslations.com\/fr\/services-d-interpretation\/interpretation-telephonique\/","title":{"rendered":"Interpr\u00e9tation t\u00e9l\u00e9phonique"},"content":{"rendered":"<div class=\"wpb-content-wrapper\"><p>[vc_row css_animation=\u00a0\u00bb\u00a0\u00bb row_type=\u00a0\u00bbrow\u00a0\u00bb use_row_as_full_screen_section=\u00a0\u00bbno\u00a0\u00bb type=\u00a0\u00bbfull_width\u00a0\u00bb angled_section=\u00a0\u00bbno\u00a0\u00bb text_align=\u00a0\u00bbleft\u00a0\u00bb background_image_as_pattern=\u00a0\u00bbwithout_pattern\u00a0\u00bb z_index=\u00a0\u00bb\u00a0\u00bb][vc_column][vc_column_text css=\u00a0\u00bb.vc_custom_1770260923663{padding-bottom: 30px !important;}\u00a0\u00bb]<\/p>\n<h1 style=\"text-align: center;\"><strong>Faites appel \u00e0 un interpr\u00e8te t\u00e9l\u00e9phonique professionnel \u00e0 New York (NY)<\/strong><\/h1>\n<p>[\/vc_column_text][\/vc_column][\/vc_row][vc_row css_animation=\u00a0\u00bb\u00a0\u00bb row_type=\u00a0\u00bbrow\u00a0\u00bb use_row_as_full_screen_section=\u00a0\u00bbno\u00a0\u00bb type=\u00a0\u00bbgrid\u00a0\u00bb angled_section=\u00a0\u00bbno\u00a0\u00bb text_align=\u00a0\u00bbleft\u00a0\u00bb background_image_as_pattern=\u00a0\u00bbwithout_pattern\u00a0\u00bb z_index=\u00a0\u00bb\u00a0\u00bb css=\u00a0\u00bb.vc_custom_1719198241526{padding-top: 50px !important;padding-right: 10% !important;padding-left: 10% !important;}\u00a0\u00bb][vc_column width=\u00a0\u00bb1\/2&Prime; css=\u00a0\u00bb.vc_custom_1712629369530{padding-right: 10% !important;padding-left: 10% !important;}\u00a0\u00bb][vc_row_inner row_type=\u00a0\u00bbrow\u00a0\u00bb type=\u00a0\u00bbfull_width\u00a0\u00bb text_align=\u00a0\u00bbcenter\u00a0\u00bb css_animation=\u00a0\u00bb\u00a0\u00bb][vc_column_inner][vc_column_text css=\u00a0\u00bb.vc_custom_1770261768214{padding-bottom: 50px !important;}\u00a0\u00bb]<\/p>\n<p style=\"text-align: center;\"><strong>Notre agence met \u00e0 votre disposition des interpr\u00e8tes t\u00e9l\u00e9phoniques professionnels et qualifi\u00e9s \u00e0 New York (NY) \u2014 une solution essentielle pour toute entreprise souhaitant \u00e9tendre ses activit\u00e9s \u00e0 l\u2019international et supprimer efficacement les barri\u00e8res linguistiques.<\/strong><\/p>\n<p>[\/vc_column_text][vc_column_text css=\u00a0\u00bb.vc_custom_1770261796615{padding-top: 10px !important;padding-bottom: 10px !important;background-color: #00a6e4 !important;border-radius: 3px !important;}\u00a0\u00bb]<\/p>\n<p style=\"text-align: center;\"><a href=\"https:\/\/prontotranslations.com\/fr\/contact\/\"><span style=\"color: #ffffff;\">Contactez-nous pour votre projet d\u2019interpr\u00e9tation t\u00e9l\u00e9phonique<\/span><\/a><\/p>\n<p>[\/vc_column_text][vc_empty_space height=\u00a0\u00bb42px\u00a0\u00bb][\/vc_column_inner][\/vc_row_inner][\/vc_column][vc_column width=\u00a0\u00bb1\/2&Prime;][vc_single_image image=\u00a0\u00bb2343&Prime; img_size=\u00a0\u00bbfull\u00a0\u00bb alignment=\u00a0\u00bbcenter\u00a0\u00bb css=\u00a0\u00bb.vc_custom_1726193911280{padding-bottom: 30px !important;}\u00a0\u00bb qode_css_animation=\u00a0\u00bb\u00a0\u00bb][vc_empty_space][\/vc_column][\/vc_row][vc_row css_animation=\u00a0\u00bb\u00a0\u00bb row_type=\u00a0\u00bbrow\u00a0\u00bb use_row_as_full_screen_section=\u00a0\u00bbno\u00a0\u00bb type=\u00a0\u00bbgrid\u00a0\u00bb angled_section=\u00a0\u00bbno\u00a0\u00bb text_align=\u00a0\u00bbleft\u00a0\u00bb background_image_as_pattern=\u00a0\u00bbwithout_pattern\u00a0\u00bb z_index=\u00a0\u00bb\u00a0\u00bb][vc_column][vc_separator type=\u00a0\u00bbnormal\u00a0\u00bb color=\u00a0\u00bb#88cce2&Prime; thickness=\u00a0\u00bb5&Prime; up=\u00a0\u00bb0&Prime; down=\u00a0\u00bb0&Prime;][\/vc_column][\/vc_row][vc_row css_animation=\u00a0\u00bb\u00a0\u00bb row_type=\u00a0\u00bbrow\u00a0\u00bb use_row_as_full_screen_section=\u00a0\u00bbno\u00a0\u00bb type=\u00a0\u00bbfull_width\u00a0\u00bb angled_section=\u00a0\u00bbno\u00a0\u00bb text_align=\u00a0\u00bbleft\u00a0\u00bb background_image_as_pattern=\u00a0\u00bbwithout_pattern\u00a0\u00bb z_index=\u00a0\u00bb\u00a0\u00bb css=\u00a0\u00bb.vc_custom_1712718567412{background-color: rgba(0,166,228,0.05) !important;*background-color: rgb(0,166,228) !important;}\u00a0\u00bb][vc_column][vc_row_inner row_type=\u00a0\u00bbrow\u00a0\u00bb type=\u00a0\u00bbgrid\u00a0\u00bb text_align=\u00a0\u00bbleft\u00a0\u00bb css_animation=\u00a0\u00bb\u00a0\u00bb css=\u00a0\u00bb.vc_custom_1718510501771{padding-top: 50px !important;}\u00a0\u00bb][vc_column_inner width=\u00a0\u00bb1\/2&Prime;][vc_single_image image=\u00a0\u00bb2344&Prime; img_size=\u00a0\u00bbfull\u00a0\u00bb qode_css_animation=\u00a0\u00bb\u00a0\u00bb][vc_empty_space height=\u00a0\u00bb42px\u00a0\u00bb][\/vc_column_inner][vc_column_inner width=\u00a0\u00bb1\/2&Prime;][vc_column_text css=\u00a0\u00bb.vc_custom_1770261908432{padding-bottom: 10px !important;}\u00a0\u00bb]Un interpr\u00e8te t\u00e9l\u00e9phonique professionnel assure des services d\u2019interpr\u00e9tation \u00e0 distance, par t\u00e9l\u00e9phone plut\u00f4t qu\u2019en personne. Nos <a href=\"https:\/\/prontotranslations.com\/fr\/services-d-interpretation\/\">services d\u2019interpr\u00e9tation<\/a> t\u00e9l\u00e9phonique (OPI) permettent \u00e0 vos \u00e9quipes de communiquer clairement, directement et imm\u00e9diatement avec vos clients, partenaires ou interlocuteurs internationaux.<\/p>\n<p><strong>Pronto Translations<\/strong> est une agence sp\u00e9cialis\u00e9e dans l\u2019interpr\u00e9tation t\u00e9l\u00e9phonique, intervenant dans plus de 122\u00a0langues. Forte de plus de 25\u00a0ans d\u2019exp\u00e9rience, notre agence applique des crit\u00e8res de s\u00e9lection stricts pour garantir que chaque interpr\u00e8te soit qualifi\u00e9, certifi\u00e9 et hautement professionnel. R\u00e9sultat\u00a0: une communication fluide, pr\u00e9cise et confidentielle dans des contextes multilingues complexes.<\/p>\n<h2>Des services d\u2019interpr\u00e9tation t\u00e9l\u00e9phonique adapt\u00e9s \u00e0 de nombreux secteurs<\/h2>\n<p>De nombreux secteurs d\u2019activit\u00e9 ont aujourd\u2019hui recours aux services d\u2019interpr\u00e9tation t\u00e9l\u00e9phonique, notamment dans les situations o\u00f9 la rapidit\u00e9 et la flexibilit\u00e9 sont primordiales.<br \/>\nQue vous dialoguiez avec un client, un collaborateur ou un partenaire, les barri\u00e8res linguistiques peuvent engendrer des malentendus, des retards ou m\u00eame des risques op\u00e9rationnels.<\/p>\n<p>Disposer d\u2019un interpr\u00e8te t\u00e9l\u00e9phonique professionnel, capable d\u2019\u00e9couter attentivement et de restituer fid\u00e8lement chaque propos, constitue un atout strat\u00e9gique pour assurer la fluidit\u00e9 et la fiabilit\u00e9 des \u00e9changes.[\/vc_column_text][\/vc_column_inner][\/vc_row_inner][\/vc_column][\/vc_row][vc_row css_animation=\u00a0\u00bb\u00a0\u00bb row_type=\u00a0\u00bbrow\u00a0\u00bb use_row_as_full_screen_section=\u00a0\u00bbno\u00a0\u00bb type=\u00a0\u00bbgrid\u00a0\u00bb angled_section=\u00a0\u00bbno\u00a0\u00bb text_align=\u00a0\u00bbleft\u00a0\u00bb background_image_as_pattern=\u00a0\u00bbwithout_pattern\u00a0\u00bb z_index=\u00a0\u00bb\u00a0\u00bb][vc_column][vc_separator type=\u00a0\u00bbnormal\u00a0\u00bb color=\u00a0\u00bb#88cce2&Prime; thickness=\u00a0\u00bb5&Prime; up=\u00a0\u00bb0&Prime; down=\u00a0\u00bb0&Prime;][\/vc_column][\/vc_row][vc_row css_animation=\u00a0\u00bb\u00a0\u00bb row_type=\u00a0\u00bbrow\u00a0\u00bb use_row_as_full_screen_section=\u00a0\u00bbno\u00a0\u00bb type=\u00a0\u00bbfull_width\u00a0\u00bb angled_section=\u00a0\u00bbno\u00a0\u00bb text_align=\u00a0\u00bbleft\u00a0\u00bb background_image_as_pattern=\u00a0\u00bbwithout_pattern\u00a0\u00bb z_index=\u00a0\u00bb\u00a0\u00bb css=\u00a0\u00bb.vc_custom_1718512349787{padding-top: 50px !important;padding-bottom: 30px !important;}\u00a0\u00bb][vc_column][vc_row_inner row_type=\u00a0\u00bbrow\u00a0\u00bb type=\u00a0\u00bbgrid\u00a0\u00bb text_align=\u00a0\u00bbleft\u00a0\u00bb css_animation=\u00a0\u00bb\u00a0\u00bb][vc_column_inner width=\u00a0\u00bb1\/2&Prime;][vc_column_text css=\u00a0\u00bb.vc_custom_1770261990410{padding-bottom: 30px !important;}\u00a0\u00bb]<\/p>\n<h2>Services d\u2019interpr\u00e9tation t\u00e9l\u00e9phonique avec Pronto Translations<\/h2>\n<h3>Des services d\u2019interpr\u00e9tation fiables pour votre activit\u00e9<\/h3>\n<p>Communiquer avec des interlocuteurs internationaux peut repr\u00e9senter un d\u00e9fi de taille, aussi bien dans un contexte professionnel que personnel. C\u2019est pourquoi les \u00e9tablissements de sant\u00e9, les cabinets d\u2019avocats, les institutions et de nombreuses entreprises font appel \u00e0 des services d\u2019interpr\u00e9tation t\u00e9l\u00e9phonique professionnels \u2014 afin de garantir des \u00e9changes pr\u00e9cis, efficaces et conformes aux exigences de leur secteur.<\/p>\n<p>Gr\u00e2ce \u00e0 nos services, vous avez la certitude que les informations transmises sont exactes, compl\u00e8tes et strictement confidentielles.<\/p>\n<h2>R\u00f4le et responsabilit\u00e9s d\u2019un interpr\u00e8te t\u00e9l\u00e9phonique<\/h2>\n<p>Les principales missions d\u2019un interpr\u00e8te t\u00e9l\u00e9phonique professionnel incluent\u00a0:<\/p>\n<ul>\n<li><strong>Respecter le style, le ton et l\u2019intention de l\u2019orateur<\/strong>, afin de garantir une interpr\u00e9tation compl\u00e8te et fid\u00e8le dans la langue cible<\/li>\n<li><strong>Faciliter la compr\u00e9hension mutuelle<\/strong> entre des interlocuteurs parlant des langues diff\u00e9rentes<\/li>\n<li><strong>Garantir la confidentialit\u00e9 absolue<\/strong> des informations \u00e9chang\u00e9es au cours des conversations<\/li>\n<li><strong>Documenter les prestations d\u2019interpr\u00e9tation<\/strong>, et pr\u00e9parer les relev\u00e9s d\u2019heures ou justificatifs requis par le client<\/li>\n<li><strong>Mobiliser des comp\u00e9tences relationnelles solides<\/strong> pour fluidifier les \u00e9changes<\/li>\n<li><strong>Travailler de mani\u00e8re autonome<\/strong>, dans le respect des protocoles et consignes du client<\/li>\n<\/ul>\n<p>[\/vc_column_text][\/vc_column_inner][vc_column_inner width=\u00a0\u00bb1\/2&Prime;][vc_single_image image=\u00a0\u00bb2345&Prime; img_size=\u00a0\u00bbfull\u00a0\u00bb qode_css_animation=\u00a0\u00bb\u00a0\u00bb][vc_empty_space height=\u00a0\u00bb12px\u00a0\u00bb][\/vc_column_inner][\/vc_row_inner][\/vc_column][\/vc_row][vc_row css_animation=\u00a0\u00bb\u00a0\u00bb row_type=\u00a0\u00bbrow\u00a0\u00bb use_row_as_full_screen_section=\u00a0\u00bbno\u00a0\u00bb type=\u00a0\u00bbgrid\u00a0\u00bb angled_section=\u00a0\u00bbno\u00a0\u00bb text_align=\u00a0\u00bbleft\u00a0\u00bb background_image_as_pattern=\u00a0\u00bbwithout_pattern\u00a0\u00bb z_index=\u00a0\u00bb\u00a0\u00bb][vc_column][vc_separator type=\u00a0\u00bbnormal\u00a0\u00bb color=\u00a0\u00bb#88cce2&Prime; thickness=\u00a0\u00bb5&Prime; up=\u00a0\u00bb0&Prime; down=\u00a0\u00bb0&Prime;][\/vc_column][\/vc_row][vc_row css_animation=\u00a0\u00bb\u00a0\u00bb row_type=\u00a0\u00bbrow\u00a0\u00bb use_row_as_full_screen_section=\u00a0\u00bbno\u00a0\u00bb type=\u00a0\u00bbfull_width\u00a0\u00bb angled_section=\u00a0\u00bbno\u00a0\u00bb text_align=\u00a0\u00bbleft\u00a0\u00bb background_image_as_pattern=\u00a0\u00bbwithout_pattern\u00a0\u00bb css=\u00a0\u00bb.vc_custom_1726012417372{background-color: rgba(0,166,228,0.05) !important;*background-color: rgb(0,166,228) !important;}\u00a0\u00bb z_index=\u00a0\u00bb\u00a0\u00bb][vc_column][vc_row_inner row_type=\u00a0\u00bbrow\u00a0\u00bb type=\u00a0\u00bbgrid\u00a0\u00bb text_align=\u00a0\u00bbleft\u00a0\u00bb css_animation=\u00a0\u00bb\u00a0\u00bb][vc_column_inner][vc_column_text css=\u00a0\u00bb.vc_custom_1770262036223{padding-top: 30px !important;padding-bottom: 40px !important;}\u00a0\u00bb]<\/p>\n<h2>Pourquoi choisir Pronto Translations pour l\u2019interpr\u00e9tation t\u00e9l\u00e9phonique\u2009?<\/h2>\n<p>Notre agence propose un acc\u00e8s complet \u00e0 des services d\u2019interpr\u00e9tation t\u00e9l\u00e9phonique sur mesure, adapt\u00e9s aux besoins sp\u00e9cifiques de chaque client.<\/p>\n<p>En faisant appel \u00e0 un interpr\u00e8te exp\u00e9riment\u00e9 de Pronto Translations, vous b\u00e9n\u00e9ficiez de prestations linguistiques de haut niveau, qu\u2019il s\u2019agisse de conversations quotidiennes, de situations sensibles ou de communications critiques.<\/p>\n<p>Que l\u2019interpr\u00e8te soit bas\u00e9 \u00e0 proximit\u00e9 de vos \u00e9quipes ou qu\u2019il intervienne enti\u00e8rement \u00e0 distance, nous nous adaptons \u00e0 vos besoins.<\/p>\n<p>Nos horaires et notre disponibilit\u00e9 sont ajust\u00e9s en fonction de vos imp\u00e9ratifs. Gr\u00e2ce \u00e0 notre r\u00e9seau mondial, nous sommes disponibles 24\u00a0h\/24, 7\u00a0j\/7.<\/p>\n<h3>Faites appel \u00e0 un interpr\u00e8te t\u00e9l\u00e9phonique exp\u00e9riment\u00e9 avec Pronto Translations<\/h3>\n<p>L\u2019agence Pronto Translations accompagne un large \u00e9ventail de secteurs\u00a0: finance, sant\u00e9, droit, relations publiques, marketing, services publics et institutions.<\/p>\n<p>Lorsque vous utilisez nos services, vous avez l\u2019assurance que l\u2019interpr\u00e8te ma\u00eetrise parfaitement la langue requise et respecte des r\u00e8gles strictes de confidentialit\u00e9 et d\u2019\u00e9thique professionnelle.<\/p>\n<p>Si vous recherchez un service fiable et professionnel d\u2019interpr\u00e9tation t\u00e9l\u00e9phonique, <a href=\"https:\/\/prontotranslations.com\/fr\/contact\/\">contactez d\u00e8s aujourd\u2019hui notre agence<\/a> pour \u00e9changer avec un membre de notre \u00e9quipe.[\/vc_column_text][\/vc_column_inner][\/vc_row_inner][\/vc_column][\/vc_row][vc_row css_animation=\u00a0\u00bb\u00a0\u00bb row_type=\u00a0\u00bbrow\u00a0\u00bb use_row_as_full_screen_section=\u00a0\u00bbno\u00a0\u00bb type=\u00a0\u00bbfull_width\u00a0\u00bb angled_section=\u00a0\u00bbno\u00a0\u00bb text_align=\u00a0\u00bbleft\u00a0\u00bb background_image_as_pattern=\u00a0\u00bbwithout_pattern\u00a0\u00bb z_index=\u00a0\u00bb\u00a0\u00bb background_color=\u00a0\u00bbrgba(0,166,228,0.35)\u00a0\u00bb][vc_column][vc_row_inner row_type=\u00a0\u00bbrow\u00a0\u00bb type=\u00a0\u00bbgrid\u00a0\u00bb text_align=\u00a0\u00bbleft\u00a0\u00bb css_animation=\u00a0\u00bb\u00a0\u00bb css=\u00a0\u00bb.vc_custom_1712461537481{margin-top: 30px !important;margin-bottom: 30px !important;}\u00a0\u00bb][vc_column_inner][vc_column_text css=\u00a0\u00bb.vc_custom_1770262080647{padding-top: 15px !important;padding-right: 10px !important;padding-bottom: 15px !important;padding-left: 10px !important;background-color: #00a5e4 !important;border-radius: 3px !important;}\u00a0\u00bb]<\/p>\n<p style=\"text-align: center;\"><span style=\"color: #ffffff;\"><a style=\"color: #ffffff;\" href=\"https:\/\/prontotranslations.com\/fr\/contact\/\">Contactez-nous pour votre projet d\u2019interpr\u00e9tation t\u00e9l\u00e9phonique<\/a><\/span><\/p>\n<p>[\/vc_column_text][\/vc_column_inner][\/vc_row_inner][\/vc_column][\/vc_row]<\/p>\n<\/div>","protected":false},"excerpt":{"rendered":"<p>[vc_row css_animation=\u00a0\u00bb\u00a0\u00bb row_type=\u00a0\u00bbrow\u00a0\u00bb use_row_as_full_screen_section=\u00a0\u00bbno\u00a0\u00bb type=\u00a0\u00bbfull_width\u00a0\u00bb angled_section=\u00a0\u00bbno\u00a0\u00bb text_align=\u00a0\u00bbleft\u00a0\u00bb background_image_as_pattern=\u00a0\u00bbwithout_pattern\u00a0\u00bb z_index=\u00a0\u00bb\u00a0\u00bb][vc_column][vc_column_text css=\u00a0\u00bb.vc_custom_1770260923663{padding-bottom: 30px !important;}\u00a0\u00bb] Faites appel \u00e0 un interpr\u00e8te t\u00e9l\u00e9phonique professionnel \u00e0 New York (NY) [\/vc_column_text][\/vc_column][\/vc_row][vc_row css_animation=\u00a0\u00bb\u00a0\u00bb&#8230;<\/p>\n","protected":false},"author":1,"featured_media":0,"parent":2875,"menu_order":5,"comment_status":"closed","ping_status":"closed","template":"full_width.php","meta":{"footnotes":""},"class_list":["post-8152","page","type-page","status-publish","hentry"],"_links":{"self":[{"href":"https:\/\/prontotranslations.com\/fr\/wp-json\/wp\/v2\/pages\/8152","targetHints":{"allow":["GET"]}}],"collection":[{"href":"https:\/\/prontotranslations.com\/fr\/wp-json\/wp\/v2\/pages"}],"about":[{"href":"https:\/\/prontotranslations.com\/fr\/wp-json\/wp\/v2\/types\/page"}],"author":[{"embeddable":true,"href":"https:\/\/prontotranslations.com\/fr\/wp-json\/wp\/v2\/users\/1"}],"replies":[{"embeddable":true,"href":"https:\/\/prontotranslations.com\/fr\/wp-json\/wp\/v2\/comments?post=8152"}],"version-history":[{"count":4,"href":"https:\/\/prontotranslations.com\/fr\/wp-json\/wp\/v2\/pages\/8152\/revisions"}],"predecessor-version":[{"id":8183,"href":"https:\/\/prontotranslations.com\/fr\/wp-json\/wp\/v2\/pages\/8152\/revisions\/8183"}],"up":[{"embeddable":true,"href":"https:\/\/prontotranslations.com\/fr\/wp-json\/wp\/v2\/pages\/2875"}],"wp:attachment":[{"href":"https:\/\/prontotranslations.com\/fr\/wp-json\/wp\/v2\/media?parent=8152"}],"curies":[{"name":"wp","href":"https:\/\/api.w.org\/{rel}","templated":true}]}}