{"id":4152,"date":"2024-08-04T17:30:31","date_gmt":"2024-08-04T17:30:31","guid":{"rendered":"https:\/\/aw-web.com\/pronto2\/?page_id=4152"},"modified":"2025-01-18T06:03:38","modified_gmt":"2025-01-18T06:03:38","slug":"procedure-di-sicurezza","status":"publish","type":"page","link":"https:\/\/prontotranslations.com\/it\/procedure-di-sicurezza\/","title":{"rendered":"Procedure di sicurezza"},"content":{"rendered":"<div class=\"wpb-content-wrapper\"><p>[vc_row css_animation=&#8221;&#8221; row_type=&#8221;row&#8221; use_row_as_full_screen_section=&#8221;no&#8221; type=&#8221;full_width&#8221; angled_section=&#8221;no&#8221; text_align=&#8221;left&#8221; background_image_as_pattern=&#8221;without_pattern&#8221; z_index=&#8221;&#8221;][vc_column][vc_column_text css=&#8221;.vc_custom_1729002961690{padding-bottom: 30px !important;}&#8221;]<\/p>\n<h1 style=\"text-align: center;\">Come garantiamo la confidenzialit\u00e0 e la sicurezza dei tuoi contenuti<\/h1>\n<p>[\/vc_column_text][\/vc_column][\/vc_row][vc_row css_animation=&#8221;&#8221; row_type=&#8221;row&#8221; use_row_as_full_screen_section=&#8221;no&#8221; type=&#8221;grid&#8221; angled_section=&#8221;no&#8221; text_align=&#8221;left&#8221; background_image_as_pattern=&#8221;without_pattern&#8221; z_index=&#8221;&#8221; css=&#8221;.vc_custom_1719198241526{padding-top: 50px !important;padding-right: 10% !important;padding-left: 10% !important;}&#8221;][vc_column width=&#8221;1\/2&#8243; css=&#8221;.vc_custom_1712629369530{padding-right: 10% !important;padding-left: 10% !important;}&#8221;][vc_row_inner row_type=&#8221;row&#8221; type=&#8221;full_width&#8221; text_align=&#8221;center&#8221; css_animation=&#8221;&#8221; css=&#8221;.vc_custom_1722784476757{padding-top: 20px !important;}&#8221;][vc_column_inner][vc_column_text css=&#8221;.vc_custom_1729002991914{padding-bottom: 50px !important;}&#8221;]<\/p>\n<ul>\n<li><strong>Pronto Translations ha messo in atto stringenti procedure di sicurezza per assicurare la continuit\u00e0 di business e la protezione delle informazioni del cliente.<\/strong><\/li>\n<li><strong>A riprova delle prestazioni dei nostri sistemi di sicurezza, non abbiamo mai avuto nessun fermo di sistema nei nostri 20 anni di operativit\u00e0.<\/strong><\/li>\n<\/ul>\n<p>[\/vc_column_text][vc_column_text css=&#8221;.vc_custom_1729003071554{padding-top: 10px !important;padding-bottom: 10px !important;background-color: #00a6e4 !important;border-radius: 3px !important;}&#8221;]<\/p>\n<p style=\"text-align: center;\"><a href=\"https:\/\/prontotranslations.com\/it\/contatti\/\"><span style=\"color: #ffffff;\">Contattaci per qualsiasi domanda sulla sicurezza o la confidenzialit\u00e0 dei tuoi contenuti quando gestiamo i tuopi progetti di traduzione o localizzazione<\/span><\/a><\/p>\n<p>[\/vc_column_text][vc_empty_space][\/vc_column_inner][\/vc_row_inner][\/vc_column][vc_column width=&#8221;1\/2&#8243;][vc_single_image image=&#8221;4153&#8243; img_size=&#8221;full&#8221; alignment=&#8221;center&#8221; qode_css_animation=&#8221;&#8221; css=&#8221;.vc_custom_1722793062816{padding-bottom: 30px !important;}&#8221;][vc_empty_space][\/vc_column][\/vc_row][vc_row css_animation=&#8221;&#8221; row_type=&#8221;row&#8221; use_row_as_full_screen_section=&#8221;no&#8221; type=&#8221;grid&#8221; angled_section=&#8221;no&#8221; text_align=&#8221;left&#8221; background_image_as_pattern=&#8221;without_pattern&#8221; z_index=&#8221;&#8221;][vc_column][vc_separator type=&#8221;normal&#8221; color=&#8221;#88cce2&#8243; thickness=&#8221;5&#8243; up=&#8221;0&#8243; down=&#8221;0&#8243;][\/vc_column][\/vc_row][vc_row css_animation=&#8221;&#8221; row_type=&#8221;row&#8221; use_row_as_full_screen_section=&#8221;no&#8221; type=&#8221;full_width&#8221; angled_section=&#8221;no&#8221; text_align=&#8221;left&#8221; background_image_as_pattern=&#8221;without_pattern&#8221; z_index=&#8221;&#8221; css=&#8221;.vc_custom_1712718567412{background-color: rgba(0,166,228,0.05) !important;*background-color: rgb(0,166,228) !important;}&#8221;][vc_column][vc_row_inner row_type=&#8221;row&#8221; type=&#8221;grid&#8221; text_align=&#8221;left&#8221; css_animation=&#8221;&#8221; css=&#8221;.vc_custom_1718510501771{padding-top: 50px !important;}&#8221;][vc_column_inner width=&#8221;1\/2&#8243;][vc_single_image image=&#8221;4154&#8243; img_size=&#8221;full&#8221; qode_css_animation=&#8221;&#8221;][vc_empty_space][\/vc_column_inner][vc_column_inner width=&#8221;1\/2&#8243;][vc_column_text css=&#8221;.vc_custom_1729003146162{padding-bottom: 40px !important;}&#8221;]<\/p>\n<h2>Protocolli generali per i collaboratori<\/h2>\n<p>Richiediamo che ogni utente cambi la propria password ogni tre mesi. Abbiamo anche dei requisiti sulla lunghezza e complessit\u00e0 della password. Per le riunioni interne che necessitano di speciali misure di sicurezza, usiamo solo Microsoft Teams per via delle potenziate prestazioni di sicurezza della piattaforma per meeting online.<\/p>\n<h2>Durante e al momento della ricezione da parte del cliente<\/h2>\n<p>Per ricevere le richieste di lavori da parte dei clienti vengono usati indirizzi email dedicati e sicuri. Il capo turno scarica il file allegato e lo carica nella libreria documenti del traduttore in SharePoint. Solo il capo turno e il linguista a cui la traduzione \u00e8 stata assegnata hanno accesso a quel particolare documento. Il file scaricato viene cancellato immediatamente dopo il caricamento.<\/p>\n<h2>Durante il processo di traduzione<\/h2>\n<p>Dopo aver ricevuto l\u2019avviso di un nuovo lavoro (attraverso una email di notifica generata dal portale con il solo scopo di avvisare il traduttore di un lavoro in attesa), il linguista accede al portale SharePoint usando il suo account unico e la sua password che soddisfa criteri di complessit\u00e0 attraverso una connessione https sicura. La connessione pu\u00f2 essere tracciata con il log del firewall. Il linguista pu\u00f2 quindi scaricare il file per importarlo nel suo software di traduzione come SDL Trados.<\/p>\n<p>[\/vc_column_text][\/vc_column_inner][\/vc_row_inner][\/vc_column][\/vc_row][vc_row css_animation=&#8221;&#8221; row_type=&#8221;row&#8221; use_row_as_full_screen_section=&#8221;no&#8221; type=&#8221;grid&#8221; angled_section=&#8221;no&#8221; text_align=&#8221;left&#8221; background_image_as_pattern=&#8221;without_pattern&#8221; z_index=&#8221;&#8221;][vc_column][vc_separator type=&#8221;normal&#8221; color=&#8221;#88cce2&#8243; thickness=&#8221;5&#8243; up=&#8221;0&#8243; down=&#8221;0&#8243;][\/vc_column][\/vc_row][vc_row css_animation=&#8221;&#8221; row_type=&#8221;row&#8221; use_row_as_full_screen_section=&#8221;no&#8221; type=&#8221;full_width&#8221; angled_section=&#8221;no&#8221; text_align=&#8221;left&#8221; background_image_as_pattern=&#8221;without_pattern&#8221; z_index=&#8221;&#8221; css=&#8221;.vc_custom_1718512349787{padding-top: 50px !important;padding-bottom: 30px !important;}&#8221;][vc_column][vc_row_inner row_type=&#8221;row&#8221; type=&#8221;grid&#8221; text_align=&#8221;left&#8221; css_animation=&#8221;&#8221;][vc_column_inner width=&#8221;1\/2&#8243;][vc_column_text css=&#8221;.vc_custom_1729003223173{padding-bottom: 30px !important;}&#8221;]<\/p>\n<h2>Durante la consegna del testo tradotto al cliente<\/h2>\n<p>Il capo turno scarica dal portale la traduzione eseguita e la consegna al cliente come allegato email. Se il cliente ha un protocollo di consegna di preferenza come il caricamento diretto sul loro server FTP o invio tramite WeTransfer o altri servizi simili, noi possiamo farlo. I file sono immagazzinati solo nel portale e nel server di posta. Durante questo processo non \u00e8 consentita alcuna divulgazione. Tutti i file scaricati devono essere immediatamente cancellati dopo l\u2019uso.<\/p>\n<h2>Dopo la consegna del testo tradotto al cliente<\/h2>\n<p>Tutti i documenti tradotti sono immagazzinati e archiviati nel portale. A nessuno \u00e8 consentito modificarli o cancellarli. Possono essere solo usati come referenze per la coerenza e l\u2019accuratezza come richieste dai clienti.<\/p>\n<p>Ci sono diversi livelli di autorizzazione al fine di proteggere la sicurezza delle informazioni dei clienti. Autorizzazioni di livello farm, sito, libreria e documento sono tutti attentamente progettati e implementati per garantire la limitazione della divulgazione e accesso alle informazioni agli stakeholder di riferimento.<\/p>\n<p>I Firewall Windows e gli antivirus Microsoft sono in azione per proteggere il traffico tra i server e i personal computer.<\/p>\n<p>In aggiunta alle misure tecnologiche, tutti i traduttori devono attenersi all\u2019accordo NDA che hanno firmato come parte integrante delle condizioni per diventare freelance di Pronto Translations. L\u2019NDA contiene una voce che impegna il linguista a proteggere la sicurezza delle informazioni sia per Pronto che per il cliente.<\/p>\n<p>Se un certo documento \u00e8 classificato come richiedente un livello di confidenzialit\u00e0 \u201cinnalzata\u201d, applichiamo un pi\u00f9 alto livello di sicurezza alla ricezione, gestione e consegna del documento attraverso il nostro portale dedicato. Un unico URL \u00e8 utilizzato per questo portale. L\u2019URL \u00e8 condiviso solo nel ristretto gruppo di persone scelte per gestire un qualsiasi assegnamento che sia classificato a confidenzialit\u00e0 \u201cinnalzata\u201d. A ciascun file nel portale sono accordate autorizzazioni di accesso pi\u00f9 rigide. Tutte le traduzioni e il lavoro di editing deve essere processato e completato nel portale poich\u00e8 non \u00e8 consentito il download. Solo per questi lavori, come ulteriore misura di sicurezza, non sar\u00e0 creata nessuna memoria di traduzione.<\/p>\n<p>[\/vc_column_text][\/vc_column_inner][vc_column_inner width=&#8221;1\/2&#8243;][vc_single_image image=&#8221;4155&#8243; img_size=&#8221;full&#8221; qode_css_animation=&#8221;&#8221;][vc_empty_space height=&#8221;12px&#8221;][\/vc_column_inner][\/vc_row_inner][\/vc_column][\/vc_row][vc_row css_animation=&#8221;&#8221; row_type=&#8221;row&#8221; use_row_as_full_screen_section=&#8221;no&#8221; type=&#8221;grid&#8221; angled_section=&#8221;no&#8221; text_align=&#8221;left&#8221; background_image_as_pattern=&#8221;without_pattern&#8221; z_index=&#8221;&#8221;][vc_column][vc_separator type=&#8221;normal&#8221; color=&#8221;#88cce2&#8243; thickness=&#8221;5&#8243; up=&#8221;0&#8243; down=&#8221;0&#8243;][\/vc_column][\/vc_row][vc_row css_animation=&#8221;&#8221; row_type=&#8221;row&#8221; use_row_as_full_screen_section=&#8221;no&#8221; type=&#8221;full_width&#8221; angled_section=&#8221;no&#8221; text_align=&#8221;left&#8221; background_image_as_pattern=&#8221;without_pattern&#8221; z_index=&#8221;&#8221; css=&#8221;.vc_custom_1718512370579{padding-top: 50px !important;padding-bottom: 30px !important;background-color: rgba(0,166,228,0.05) !important;*background-color: rgb(0,166,228) !important;}&#8221;][vc_column][vc_row_inner row_type=&#8221;row&#8221; type=&#8221;grid&#8221; text_align=&#8221;left&#8221; css_animation=&#8221;&#8221;][vc_column_inner width=&#8221;1\/2&#8243;][vc_single_image image=&#8221;4127&#8243; img_size=&#8221;full&#8221; qode_css_animation=&#8221;&#8221;][vc_empty_space height=&#8221;22px&#8221;][\/vc_column_inner][vc_column_inner width=&#8221;1\/2&#8243;][vc_column_text css=&#8221;.vc_custom_1729003588287{padding-top: 30px !important;padding-bottom: 40px !important;}&#8221;]<\/p>\n<h2>Misure generali per la sicurezza di sistema<\/h2>\n<p>A tutti i collaboratori di Pronto sono ora richieste le seguenti azioni per prevenire intrusioni non autorizzate o introduzione di malware o altri software dannosi nei nostri sistemi:<\/p>\n<ul>\n<li>Utilizzo di software antivirus in tutti i sistemi e dispositivi<\/li>\n<li>Utilizzo di anti-malware in tutti i sistemi e dispositivi<\/li>\n<li>Irrobustimento periodico di tutti i sistemi operativi<\/li>\n<li>Implementazione di segmenti di rete perimetrale e zone di sicurezza di rete<\/li>\n<li>Richiesto uso di password complesse per l\u2019accesso a tutti i sistemi comprese le applicazioni software<\/li>\n<li>Richiesta autenticazione multifattore<\/li>\n<li>Crittografia dei file di sistema, dischi e documenti individuali<\/li>\n<li>Aggiornamento dei sistemi operativi appena gli upgrade e i patch di sicurezza vengono emessi dal fornitore<\/li>\n<li>Port scan programmati<\/li>\n<li>Scan programmati per le vulnerabilit\u00e0<\/li>\n<\/ul>\n<p>[\/vc_column_text][\/vc_column_inner][\/vc_row_inner][\/vc_column][\/vc_row][vc_row css_animation=&#8221;&#8221; row_type=&#8221;row&#8221; use_row_as_full_screen_section=&#8221;no&#8221; type=&#8221;grid&#8221; angled_section=&#8221;no&#8221; text_align=&#8221;left&#8221; background_image_as_pattern=&#8221;without_pattern&#8221; z_index=&#8221;&#8221;][vc_column][vc_separator type=&#8221;normal&#8221; color=&#8221;#88cce2&#8243; thickness=&#8221;5&#8243; up=&#8221;0&#8243; down=&#8221;0&#8243;][\/vc_column][\/vc_row][vc_row css_animation=&#8221;&#8221; row_type=&#8221;row&#8221; use_row_as_full_screen_section=&#8221;no&#8221; type=&#8221;full_width&#8221; angled_section=&#8221;no&#8221; text_align=&#8221;left&#8221; background_image_as_pattern=&#8221;without_pattern&#8221; z_index=&#8221;&#8221; css=&#8221;.vc_custom_1718512349787{padding-top: 50px !important;padding-bottom: 30px !important;}&#8221;][vc_column][vc_row_inner row_type=&#8221;row&#8221; type=&#8221;grid&#8221; text_align=&#8221;left&#8221; css_animation=&#8221;&#8221;][vc_column_inner width=&#8221;1\/2&#8243;][vc_column_text css=&#8221;.vc_custom_1729003535582{padding-bottom: 30px !important;}&#8221;]<\/p>\n<h2>Risk management<\/h2>\n<p>Pronto ha delle policy e programmi per gestire i rischi di sicurezza informatica. Come parte del processo di gestione del rischio, a scadenza fissa e periodica vengono intraprese le seguenti azioni:<\/p>\n<ul>\n<li>Identificare minacce e vulnerabilit\u00e0 all\u2019ambiente<\/li>\n<li>Calcolare il rischio<\/li>\n<li>Riportare i rischi in ambiente cloud<\/li>\n<li>Affrontare i rischi sulla base della valutazione dell\u2019impatto e il caso di business associato<\/li>\n<li>Testare la potenziale efficacia del rimedio e calcolare il rischio residuo<\/li>\n<li>Gestire i rischi su base continuativa<\/li>\n<\/ul>\n<p>&nbsp;<\/p>\n<h2>Identit\u00e0 e gestione degli accessi<\/h2>\n<p>Quando gli utenti lavorano su diversi dispositivi da qualsiasi luogo e accedono ad app in diversi portali, \u00e8 cruciale mantenere l\u2019identit\u00e0 dell\u2019utente sicura. Usiamo l\u2019identit\u00e0 per controllare gli accessi a qualsiasi servizio da qualsiasi dispositivo, cos\u00ec come per ottenere visibilit\u00e0 e informazioni \u00a0nel come i nostri dati vengono usati.<\/p>\n<p>Alcuni elementi chiave per la gestione dell\u2019identit\u00e0 e degli accessi sono:<\/p>\n<ul>\n<li>Disposizione di identit\u00e0<\/li>\n<li>Rivalutare periodicamente come automatizzare in modo pi\u00f9 sicuro la fornitura di identit\u00e0 utilizzando l\u2019attuale infrastruttura interna.<\/li>\n<li>Federazione<\/li>\n<li>Single sign-on (SSO)<\/li>\n<li>Valutare i requisiti di SSO dell\u2019azienda e come integrarli con le app attuali.<\/li>\n<li>Gestione del profilo<\/li>\n<li>Controllo degli accessi<\/li>\n<li>Mettere in atto il controllo dell\u2019accesso basato sui ruoli (RBAC)<\/li>\n<\/ul>\n<p>[\/vc_column_text][\/vc_column_inner][vc_column_inner width=&#8221;1\/2&#8243;][vc_single_image image=&#8221;4156&#8243; img_size=&#8221;full&#8221; qode_css_animation=&#8221;&#8221;][vc_empty_space height=&#8221;12px&#8221;][\/vc_column_inner][\/vc_row_inner][\/vc_column][\/vc_row][vc_row css_animation=&#8221;&#8221; row_type=&#8221;row&#8221; use_row_as_full_screen_section=&#8221;no&#8221; type=&#8221;grid&#8221; angled_section=&#8221;no&#8221; text_align=&#8221;left&#8221; background_image_as_pattern=&#8221;without_pattern&#8221; z_index=&#8221;&#8221;][vc_column][vc_separator type=&#8221;normal&#8221; color=&#8221;#88cce2&#8243; thickness=&#8221;5&#8243; up=&#8221;0&#8243; down=&#8221;0&#8243;][\/vc_column][\/vc_row][vc_row css_animation=&#8221;&#8221; row_type=&#8221;row&#8221; use_row_as_full_screen_section=&#8221;no&#8221; type=&#8221;full_width&#8221; angled_section=&#8221;no&#8221; text_align=&#8221;left&#8221; background_image_as_pattern=&#8221;without_pattern&#8221; z_index=&#8221;&#8221; css=&#8221;.vc_custom_1718512370579{padding-top: 50px !important;padding-bottom: 30px !important;background-color: rgba(0,166,228,0.05) !important;*background-color: rgb(0,166,228) !important;}&#8221;][vc_column][vc_row_inner row_type=&#8221;row&#8221; type=&#8221;grid&#8221; text_align=&#8221;left&#8221; css_animation=&#8221;&#8221;][vc_column_inner width=&#8221;1\/2&#8243;][vc_single_image image=&#8221;4157&#8243; img_size=&#8221;full&#8221; qode_css_animation=&#8221;&#8221;][vc_empty_space height=&#8221;22px&#8221;][\/vc_column_inner][vc_column_inner width=&#8221;1\/2&#8243;][vc_column_text css=&#8221;.vc_custom_1729003714634{padding-top: 30px !important;padding-bottom: 40px !important;}&#8221;]<\/p>\n<h2>Protezione degli endpoint<\/h2>\n<p>Pronto ha considerato attentamente e rivede spesso la propria sicurezza di endpoint una volta che un ambiente cloud era stato adottato, ove gli endpoints diventino esposti a pi\u00f9 connessioni esterne e vi sono stati accessi ad un numero crescente di applicazioni in diversi portali.<\/p>\n<p>Gli utenti sono il principale obiettivo degli attacchi, e gli endpoint sono gli oggetti primari che vengono toccata dagli utenti per consumare i dati. L\u2019endpoint pu\u00f2 essere la postazione di lavoro dell\u2019utente, lo smartphone, o qualsiasi dispositivo si possa usare per accedere alle risorse del cloud.<\/p>\n<p>Seguiamo le best practice di sicurezza sotto elencate quando pianifichiamo la protezione degli endpoint:<\/p>\n<ul>\n<li>Tenere il software endpoint aggiornato<\/li>\n<li>Usare l\u2019utilizzo automatico per consegnare aggiornamenti di definizione agli endpoint<\/li>\n<li>Controllare l\u2019accesso alla location dei download per gli aggiornamenti del software<\/li>\n<li>Assicurarsi che gli utenti finali non abbiano priviliegi amministrativi locali<\/li>\n<li>Usare il principio del privilegio minimo e l\u2019amministrazione basata sui ruoli per dare le autorizzazioni agli utenti<\/li>\n<li>Monitorare prontamente le allerte degli endpoint<\/li>\n<\/ul>\n<p>[\/vc_column_text][\/vc_column_inner][\/vc_row_inner][\/vc_column][\/vc_row][vc_row css_animation=&#8221;&#8221; row_type=&#8221;row&#8221; use_row_as_full_screen_section=&#8221;no&#8221; type=&#8221;grid&#8221; angled_section=&#8221;no&#8221; text_align=&#8221;left&#8221; background_image_as_pattern=&#8221;without_pattern&#8221; z_index=&#8221;&#8221;][vc_column][vc_separator type=&#8221;normal&#8221; color=&#8221;#88cce2&#8243; thickness=&#8221;5&#8243; up=&#8221;0&#8243; down=&#8221;0&#8243;][\/vc_column][\/vc_row][vc_row css_animation=&#8221;&#8221; row_type=&#8221;row&#8221; use_row_as_full_screen_section=&#8221;no&#8221; type=&#8221;full_width&#8221; angled_section=&#8221;no&#8221; text_align=&#8221;left&#8221; background_image_as_pattern=&#8221;without_pattern&#8221; z_index=&#8221;&#8221; css=&#8221;.vc_custom_1718512349787{padding-top: 50px !important;padding-bottom: 30px !important;}&#8221;][vc_column][vc_row_inner row_type=&#8221;row&#8221; type=&#8221;grid&#8221; text_align=&#8221;left&#8221; css_animation=&#8221;&#8221;][vc_column_inner width=&#8221;1\/2&#8243;][vc_column_text css=&#8221;.vc_custom_1729003436033{padding-bottom: 30px !important;}&#8221;]<\/p>\n<h2>Protezione dati<\/h2>\n<p>Quando il soggetto \u00e8 la sicurezza del cloud, l\u2019obiettivo ultimo \u00e8 assicurare che i dati siano sicuri indipendentemente dal dove questi dati si trovino. Il dato passa attraverso varie fasi; la fase dipende da dove si trover\u00e0 il dato ad un determinato momento.<\/p>\n<ul>\n<li style=\"list-style-type: none;\">\n<ul>\n<li style=\"list-style-type: none;\">\n<ul>\n<li>Dati a riposo nel dispositivo dell\u2019utente<\/li>\n<\/ul>\n<\/li>\n<\/ul>\n<\/li>\n<\/ul>\n<p>In questo caso, i dati si trovano all\u2019endpoint, che pu\u00f2 essere qualsiasi dispositivo. Mettiamo sempre la crittografia dei dati a riposo per i dispositivi aziendali e individuali.<\/p>\n<ul>\n<li style=\"list-style-type: none;\">\n<ul>\n<li style=\"list-style-type: none;\">\n<ul>\n<li>Data in transito dal dispositivo dell\u2019utente al cloud privato in sede<\/li>\n<\/ul>\n<\/li>\n<\/ul>\n<\/li>\n<\/ul>\n<p>Quando i dati escono dal dispositivo dell\u2019utente, ci assicuriamo che i dati stessi siano ancora protetti. Molte tecnologie possono decodificare i dati indipendentemente da dove si trovino. E\u2019 anche fondamentale garantire che il canale di trasporto sia crittografato.<\/p>\n<p>[\/vc_column_text][\/vc_column_inner][vc_column_inner width=&#8221;1\/2&#8243;][vc_single_image image=&#8221;4158&#8243; img_size=&#8221;full&#8221; qode_css_animation=&#8221;&#8221;][vc_empty_space height=&#8221;12px&#8221;][\/vc_column_inner][\/vc_row_inner][\/vc_column][\/vc_row][vc_row css_animation=&#8221;&#8221; row_type=&#8221;row&#8221; use_row_as_full_screen_section=&#8221;no&#8221; type=&#8221;full_width&#8221; angled_section=&#8221;no&#8221; text_align=&#8221;left&#8221; background_image_as_pattern=&#8221;without_pattern&#8221; css=&#8221;.vc_custom_1712635529690{background-color: rgba(0,166,228,0.05) !important;*background-color: rgb(0,166,228) !important;}&#8221; z_index=&#8221;&#8221;][vc_column][vc_row_inner row_type=&#8221;row&#8221; type=&#8221;grid&#8221; text_align=&#8221;left&#8221; css_animation=&#8221;&#8221;][vc_column_inner][\/vc_column_inner][\/vc_row_inner][\/vc_column][\/vc_row][vc_row css_animation=&#8221;&#8221; row_type=&#8221;row&#8221; use_row_as_full_screen_section=&#8221;no&#8221; type=&#8221;full_width&#8221; angled_section=&#8221;no&#8221; text_align=&#8221;left&#8221; background_image_as_pattern=&#8221;without_pattern&#8221;][vc_column][vc_column_text]<\/p>\n<p>[\/vc_column_text][\/vc_column][\/vc_row][vc_row css_animation=&#8221;&#8221; row_type=&#8221;row&#8221; use_row_as_full_screen_section=&#8221;no&#8221; type=&#8221;full_width&#8221; angled_section=&#8221;no&#8221; text_align=&#8221;left&#8221; background_image_as_pattern=&#8221;without_pattern&#8221; z_index=&#8221;&#8221; background_color=&#8221;rgba(0,166,228,0.35)&#8221;][vc_column][vc_row_inner row_type=&#8221;row&#8221; type=&#8221;grid&#8221; text_align=&#8221;left&#8221; css_animation=&#8221;&#8221; css=&#8221;.vc_custom_1712461537481{margin-top: 30px !important;margin-bottom: 30px !important;}&#8221;][vc_column_inner][vc_column_text css=&#8221;.vc_custom_1729003056033{padding-top: 15px !important;padding-right: 10px !important;padding-bottom: 15px !important;padding-left: 10px !important;background-color: #00a5e4 !important;border-radius: 3px !important;}&#8221;]<\/p>\n<p style=\"text-align: center;\"><span style=\"color: #ffffff;\"><a style=\"color: #ffffff;\" href=\"https:\/\/prontotranslations.com\/it\/contatti\/\">Contattaci per qualsiasi domanda sulla sicurezza o la confidenzialit\u00e0 dei tuoi contenuti quando gestiamo i tuopi progetti di traduzione o localizzazione<\/a><\/span><\/p>\n<p>[\/vc_column_text][\/vc_column_inner][\/vc_row_inner][\/vc_column][\/vc_row]<\/p>\n<\/div>","protected":false},"excerpt":{"rendered":"<p>[vc_row css_animation=&#8221;&#8221; row_type=&#8221;row&#8221; use_row_as_full_screen_section=&#8221;no&#8221; type=&#8221;full_width&#8221; angled_section=&#8221;no&#8221; text_align=&#8221;left&#8221; background_image_as_pattern=&#8221;without_pattern&#8221; z_index=&#8221;&#8221;][vc_column][vc_column_text css=&#8221;.vc_custom_1729002961690{padding-bottom: 30px !important;}&#8221;] Come garantiamo la confidenzialit\u00e0 e la sicurezza dei tuoi contenuti [\/vc_column_text][\/vc_column][\/vc_row][vc_row css_animation=&#8221;&#8221; row_type=&#8221;row&#8221;&#8230;<\/p>\n","protected":false},"author":1,"featured_media":0,"parent":0,"menu_order":2,"comment_status":"closed","ping_status":"closed","template":"full_width.php","meta":{"footnotes":""},"class_list":["post-4152","page","type-page","status-publish","hentry"],"_links":{"self":[{"href":"https:\/\/prontotranslations.com\/it\/wp-json\/wp\/v2\/pages\/4152","targetHints":{"allow":["GET"]}}],"collection":[{"href":"https:\/\/prontotranslations.com\/it\/wp-json\/wp\/v2\/pages"}],"about":[{"href":"https:\/\/prontotranslations.com\/it\/wp-json\/wp\/v2\/types\/page"}],"author":[{"embeddable":true,"href":"https:\/\/prontotranslations.com\/it\/wp-json\/wp\/v2\/users\/1"}],"replies":[{"embeddable":true,"href":"https:\/\/prontotranslations.com\/it\/wp-json\/wp\/v2\/comments?post=4152"}],"version-history":[{"count":11,"href":"https:\/\/prontotranslations.com\/it\/wp-json\/wp\/v2\/pages\/4152\/revisions"}],"predecessor-version":[{"id":4169,"href":"https:\/\/prontotranslations.com\/it\/wp-json\/wp\/v2\/pages\/4152\/revisions\/4169"}],"wp:attachment":[{"href":"https:\/\/prontotranslations.com\/it\/wp-json\/wp\/v2\/media?parent=4152"}],"curies":[{"name":"wp","href":"https:\/\/api.w.org\/{rel}","templated":true}]}}