{"id":4284,"date":"2024-09-01T19:44:00","date_gmt":"2024-09-01T19:44:00","guid":{"rendered":"https:\/\/aw-web.com\/pronto2\/?page_id=4284"},"modified":"2025-01-18T05:57:45","modified_gmt":"2025-01-18T05:57:45","slug":"servizi-di-traduzione-in-russo","status":"publish","type":"page","link":"https:\/\/prontotranslations.com\/it\/il-nostro-elenco-di-lingue\/servizi-di-traduzione-in-russo\/","title":{"rendered":"Russo"},"content":{"rendered":"<div class=\"wpb-content-wrapper\"><p>[vc_row css_animation=&#8221;&#8221; row_type=&#8221;row&#8221; use_row_as_full_screen_section=&#8221;no&#8221; type=&#8221;full_width&#8221; angled_section=&#8221;no&#8221; text_align=&#8221;left&#8221; background_image_as_pattern=&#8221;without_pattern&#8221; z_index=&#8221;&#8221;][vc_column][vc_column_text css=&#8221;.vc_custom_1729034215599{padding-bottom: 30px !important;}&#8221;]<\/p>\n<h1 style=\"text-align: center;\">Servizi professionali di traduzione in russo<\/h1>\n<p>[\/vc_column_text][\/vc_column][\/vc_row][vc_row css_animation=&#8221;&#8221; row_type=&#8221;row&#8221; use_row_as_full_screen_section=&#8221;no&#8221; type=&#8221;grid&#8221; angled_section=&#8221;no&#8221; text_align=&#8221;left&#8221; background_image_as_pattern=&#8221;without_pattern&#8221; z_index=&#8221;&#8221; css=&#8221;.vc_custom_1719198241526{padding-top: 50px !important;padding-right: 10% !important;padding-left: 10% !important;}&#8221;][vc_column width=&#8221;1\/2&#8243; css=&#8221;.vc_custom_1712629369530{padding-right: 10% !important;padding-left: 10% !important;}&#8221;][vc_row_inner row_type=&#8221;row&#8221; type=&#8221;full_width&#8221; text_align=&#8221;center&#8221; css_animation=&#8221;&#8221; css=&#8221;.vc_custom_1722784476757{padding-top: 20px !important;}&#8221;][vc_column_inner][vc_column_text css=&#8221;.vc_custom_1729034263564{padding-bottom: 50px !important;}&#8221;]<\/p>\n<p style=\"text-align: center;\"><strong>Pronto pu\u00f2 gestire la traduzione del tuo comunicato o documento stampa destinato a uno dei 15 paesi in cui il russo \u00e8 la lingua franca!<\/strong><\/p>\n<ul>\n<li style=\"text-align: left;\">Traduzione inglese-russo<\/li>\n<li style=\"text-align: left;\">Traduzione cinese-russo<\/li>\n<li style=\"text-align: left;\">Traduzione tedesco-russo<\/li>\n<li style=\"text-align: left;\">Traduzione italiano-russo<\/li>\n<li style=\"text-align: left;\">Traduzione turco-russo<\/li>\n<li style=\"text-align: left;\">Traduzione ucraino-russo<\/li>\n<\/ul>\n<p>[\/vc_column_text][vc_column_text css=&#8221;.vc_custom_1729034671689{padding-top: 10px !important;padding-bottom: 10px !important;background-color: #00a6e4 !important;border-radius: 3px !important;}&#8221;]<\/p>\n<p style=\"text-align: center;\"><a href=\"https:\/\/prontotranslations.com\/it\/contatti\/\"><span style=\"color: #ffffff;\">Contattaci per i tuoi progetti di traduzione o localizzazione in russo<\/span><\/a><\/p>\n<p>[\/vc_column_text][vc_empty_space][\/vc_column_inner][\/vc_row_inner][\/vc_column][vc_column width=&#8221;1\/2&#8243;][vc_single_image image=&#8221;4286&#8243; img_size=&#8221;full&#8221; alignment=&#8221;center&#8221; qode_css_animation=&#8221;&#8221; css=&#8221;.vc_custom_1725223638491{padding-bottom: 30px !important;}&#8221;][vc_empty_space][\/vc_column][\/vc_row][vc_row css_animation=&#8221;&#8221; row_type=&#8221;row&#8221; use_row_as_full_screen_section=&#8221;no&#8221; type=&#8221;grid&#8221; angled_section=&#8221;no&#8221; text_align=&#8221;left&#8221; background_image_as_pattern=&#8221;without_pattern&#8221; z_index=&#8221;&#8221;][vc_column][vc_separator type=&#8221;normal&#8221; color=&#8221;#88cce2&#8243; thickness=&#8221;5&#8243; up=&#8221;0&#8243; down=&#8221;0&#8243;][\/vc_column][\/vc_row][vc_row css_animation=&#8221;&#8221; row_type=&#8221;row&#8221; use_row_as_full_screen_section=&#8221;no&#8221; type=&#8221;full_width&#8221; angled_section=&#8221;no&#8221; text_align=&#8221;left&#8221; background_image_as_pattern=&#8221;without_pattern&#8221; z_index=&#8221;&#8221; css=&#8221;.vc_custom_1712718567412{background-color: rgba(0,166,228,0.05) !important;*background-color: rgb(0,166,228) !important;}&#8221;][vc_column][vc_row_inner row_type=&#8221;row&#8221; type=&#8221;grid&#8221; text_align=&#8221;left&#8221; css_animation=&#8221;&#8221; css=&#8221;.vc_custom_1718510501771{padding-top: 50px !important;}&#8221;][vc_column_inner width=&#8221;1\/2&#8243;][vc_single_image image=&#8221;4285&#8243; img_size=&#8221;full&#8221; qode_css_animation=&#8221;&#8221;][vc_empty_space][\/vc_column_inner][vc_column_inner width=&#8221;1\/2&#8243;][vc_column_text css=&#8221;.vc_custom_1729034369134{padding-bottom: 40px !important;}&#8221;]<\/p>\n<h2>I nostri traduttori professionali di russo sono pronti ad aiutarti a far arrivare il tuo messaggio o documento nella lingua con la pi\u00f9 ampia diffusione geografica nell\u2019Eurasia!<\/h2>\n<p>Il nostro team di traduttori di russo \u00e8 sempre pronto a convertire il tuo messaggio nella lingua che rimane uno dei mezzi di comunicazione chiave in tutta la Federazione Russa e in altri 14 paesi che una volta formavano l\u2019Unione Sovietica.<\/p>\n<div class=\"avia_textblock\">\n<h2>La lingua pi\u00f9 parlata d\u2019Europa<\/h2>\n<p>Il russo (\u0440\u0443\u0441\u0441\u043a\u0438\u0439 \u044f\u0437\u044b\u043a) \u00e8 lingua ufficiale in Russia, Bielorussia, Kazakistan e Kirghizistan. E\u2019 ancora largamente usata in diversi paesi dell\u2019Est Europa, stati baltici, nel Caucaso e in Asia Centrale.<\/p>\n<p>Il russo era la lingua\u00a0<em>de facto<\/em>\u00a0dell\u2019Unione Sovietica fino alla sua dissoluzione il 26 dicembre 1991. La lingua rimane una\u00a0<em>lingua franca<\/em>, con funzione ufficiale e in uso comune nella vita pubblica in tutti i paesi dell\u2019ex URSS.<\/p>\n<p>A causa della diaspora dall\u2019ex blocco sovietico, ci sono grandi comunit\u00e0 di lingua russa in altri paesi, in particolare Israele e Mongolia.<\/p>\n<p>Il russo \u00e8 la settima lingua pi\u00f9 parlata al mondo per numero di madrelingua, quella con il pi\u00f9 alto numero di madrelingua in Europa e quella con la pi\u00f9 ampia diffusione geografica nell\u2019area continentale eurasiatica. Circa 118 milioni di persone in Russia la vantano come propria lingua madre (85,7% di tutta la popolazione del paese che la parla), 14 milioni in Ucraina (29,6%), 6 milioni in Bielorussia (70,2%), 3,8 milioni in Kazakistan (21,2%), 2,2 milioni in Germania (2,8%) e 1,2 milioni in Israele (15%) cos\u00ec come circa 6 milioni nel resto del mondo, arrivando cos\u00ec a oltre 150 milioni di madrelingua nel mondo.<\/p>\n<p>[\/vc_column_text][\/vc_column_inner][\/vc_row_inner][vc_row_inner row_type=&#8221;row&#8221; type=&#8221;grid&#8221; text_align=&#8221;left&#8221; css_animation=&#8221;&#8221; css=&#8221;.vc_custom_1724033917078{padding-bottom: 40px !important;}&#8221;][vc_column_inner][vc_column_text]Il russo \u00e8 l\u2019ottava lingua pi\u00f9 parlata al mondo per numero totale di parlanti, madrelingua e non. Essa \u00e8 anche una delle sei lingue ufficiali delle Nazioni Unite. Dopo l\u2019inglese, il russo \u00e8 la seconda lingua pi\u00f9 utilizzata in internet.<\/p>\n<p>Il russo appartiene alla famiglia delle lingue indo-europee, una delle quattro componenti vive delle lingue slave orientali accanto a bielorusso, russino (o lingua rutena) e ucraino, e parte della pi\u00f9 ampia branca balto-slava. C\u2019\u00e8 un alto livello di mutua comprensione tra russo, bielorusso e ucraino.[\/vc_column_text][\/vc_column_inner][\/vc_row_inner][\/vc_column][\/vc_row][vc_row css_animation=&#8221;&#8221; row_type=&#8221;row&#8221; use_row_as_full_screen_section=&#8221;no&#8221; type=&#8221;grid&#8221; angled_section=&#8221;no&#8221; text_align=&#8221;left&#8221; background_image_as_pattern=&#8221;without_pattern&#8221; z_index=&#8221;&#8221;][vc_column][vc_separator type=&#8221;normal&#8221; color=&#8221;#88cce2&#8243; thickness=&#8221;5&#8243; up=&#8221;0&#8243; down=&#8221;0&#8243;][\/vc_column][\/vc_row][vc_row css_animation=&#8221;&#8221; row_type=&#8221;row&#8221; use_row_as_full_screen_section=&#8221;no&#8221; type=&#8221;full_width&#8221; angled_section=&#8221;no&#8221; text_align=&#8221;left&#8221; background_image_as_pattern=&#8221;without_pattern&#8221; z_index=&#8221;&#8221; css=&#8221;.vc_custom_1718512349787{padding-top: 50px !important;padding-bottom: 30px !important;}&#8221;][vc_column][vc_row_inner row_type=&#8221;row&#8221; type=&#8221;grid&#8221; text_align=&#8221;left&#8221; css_animation=&#8221;&#8221;][vc_column_inner width=&#8221;1\/2&#8243;][vc_column_text css=&#8221;.vc_custom_1729034474571{padding-bottom: 30px !important;}&#8221;]<\/p>\n<h2>La scarsa dimestichezza con l\u2019inglese \u00a0\u00e8 una questione riconosciuta nel paese<\/h2>\n<p>Solo 7.574.303 individui ovvero il 5,48% della popolazione in Russia \u00e8 risultato avere dimestichezza con l\u2019inglese nel corso del censimento del 2010, ad evidenziare l\u2019importanza di comunicare con i russi nella loro lingua.<\/p>\n<h2>La rapida evoluzione della lingua russa negli ultimi venti anni mette alla prova i traduttori<\/h2>\n<p>Alcune lingue, come l\u2019inglese e il giapponese, prendono liberamente in\u00a0 prestito da altre, traslitterando le parole straniere nei loro sistemi fonetici, mentre altre, in particolare il cinese, traducono un nuovo concetto nella propria lingua raccordando insieme dei termini propri per esprimere la nuova idea. La lingua russa \u00e8 stata un felice mutuatario, si \u00e8 sviluppata dalla sua base slava con il continuo influsso nel vocabolario da varie lingue europee e mediorientali.<\/p>\n<p>La posizione geografica della Russia, con gli scambi commerciali con altri paesi che vanno avanti da secoli, e diverse ondate rinascimentali cominciate nel 17\u00b0 secolo hanno tutti contibuito ad arricchire la lingua ben oltre le sue radici slave. Sebbene la base della lingua sia indubbiamente slava, molte forme alfabetiche, grammaticali e di vocabolario sono distintamente straniere.<\/p>\n<p>Dopo la caduta dell\u2019Unione Sovietica, il grande afflusso di parole in prestito \u00e8 aumentato, soprattutto dall\u2019inglese ma anche da altre lingue europee. Questi prestiti linguistici hanno consentito alla societ\u00e0 in trasformazione di gestire una marea crescente di nuovi concetti finanziari, tecnici, economici e sociali che si sono dimostrati una grande sfida per i traduttori di russo.<br \/>\n[\/vc_column_text][\/vc_column_inner][vc_column_inner width=&#8221;1\/2&#8243;][vc_single_image image=&#8221;4287&#8243; img_size=&#8221;full&#8221; qode_css_animation=&#8221;&#8221;][vc_empty_space height=&#8221;12px&#8221;][\/vc_column_inner][\/vc_row_inner][vc_row_inner row_type=&#8221;row&#8221; type=&#8221;grid&#8221; text_align=&#8221;left&#8221; css_animation=&#8221;&#8221; css=&#8221;.vc_custom_1724033917078{padding-bottom: 40px !important;}&#8221;][vc_column_inner][vc_column_text]Apr\u00e8s la chute de l\u2019Union sovi\u00e9tique, le flot de mots emprunt\u00e9s a \u00e9volu\u00e9, principalement \u00e0 partir de l\u2019anglais mais aussi d\u2019autres langues europ\u00e9ennes. Ces emprunts ont permis \u00e0 une soci\u00e9t\u00e9 en pleine mutation de g\u00e9rer une mar\u00e9e montante de nouveaux concepts financiers, techniques, \u00e9conomiques et sociaux, ce qui s\u2019est av\u00e9r\u00e9 \u00eatre un d\u00e9fi majeur pour les traducteurs russes.[\/vc_column_text][\/vc_column_inner][\/vc_row_inner][\/vc_column][\/vc_row][vc_row css_animation=&#8221;&#8221; row_type=&#8221;row&#8221; use_row_as_full_screen_section=&#8221;no&#8221; type=&#8221;grid&#8221; angled_section=&#8221;no&#8221; text_align=&#8221;left&#8221; background_image_as_pattern=&#8221;without_pattern&#8221; z_index=&#8221;&#8221;][vc_column][vc_separator type=&#8221;normal&#8221; color=&#8221;#88cce2&#8243; thickness=&#8221;5&#8243; up=&#8221;0&#8243; down=&#8221;0&#8243;][\/vc_column][\/vc_row][vc_row css_animation=&#8221;&#8221; row_type=&#8221;row&#8221; use_row_as_full_screen_section=&#8221;no&#8221; type=&#8221;full_width&#8221; angled_section=&#8221;no&#8221; text_align=&#8221;left&#8221; background_image_as_pattern=&#8221;without_pattern&#8221; z_index=&#8221;&#8221; css=&#8221;.vc_custom_1718512370579{padding-top: 50px !important;padding-bottom: 30px !important;background-color: rgba(0,166,228,0.05) !important;*background-color: rgb(0,166,228) !important;}&#8221;][vc_column][vc_row_inner row_type=&#8221;row&#8221; type=&#8221;grid&#8221; text_align=&#8221;left&#8221; css_animation=&#8221;&#8221;][vc_column_inner width=&#8221;1\/2&#8243;][vc_single_image image=&#8221;4288&#8243; img_size=&#8221;full&#8221; qode_css_animation=&#8221;&#8221;][vc_empty_space height=&#8221;22px&#8221;][\/vc_column_inner][vc_column_inner width=&#8221;1\/2&#8243;][vc_column_text css=&#8221;.vc_custom_1729034525043{padding-bottom: 40px !important;}&#8221;]<\/p>\n<h2>Il nostro team di traduttori russi sa come rendere il tuo documento in russo pi\u00f9 appropriato per il tuo target demografico<\/h2>\n<p>Alcuni paesi, in particolare il Canada di lingua francese e la Francia, hanno stilato e attuato leggi e regolamenti per preservare l\u2019integrit\u00e0 della lingua, per come la vedevano, con risultati discutibili. La Russia, al contrario, non ha fatto alcuno sforzo per \u201cregolare\u201d la lingua. Molti dei termini presi in prestito hanno equivalenti in russo perfettamente calzanti. Tuttavia, la popolazione russa sembra aver accolto felicemente l\u2019influsso di nuovi termini inglesi. Di conseguenza, i traduttori hanno bisogno di vagliare il contesto di un documento per sapere se sia meglio utilizzare un termine russo nativo o un prestito linguistico.<\/p>\n<p>I nostri traduttori si tengono al passo con gli usi idiomatici in evoluzione e sanno scegliere il termine pi\u00f9 appropriato. I clienti possono stare certi che il loro testo tradotto incontri il pi\u00f9 accuratamente possibile le aspettative del pubblico di riferimento \u2014 sia che il messaggio sia diretto ad un particolare settore, mercato, segmento demografico o al pubblico in generale.<br \/>\n[\/vc_column_text][\/vc_column_inner][\/vc_row_inner][\/vc_column][\/vc_row][vc_row css_animation=&#8221;&#8221; row_type=&#8221;row&#8221; use_row_as_full_screen_section=&#8221;no&#8221; type=&#8221;grid&#8221; angled_section=&#8221;no&#8221; text_align=&#8221;left&#8221; background_image_as_pattern=&#8221;without_pattern&#8221; z_index=&#8221;&#8221;][vc_column][vc_separator type=&#8221;normal&#8221; color=&#8221;#88cce2&#8243; thickness=&#8221;5&#8243; up=&#8221;0&#8243; down=&#8221;0&#8243;][\/vc_column][\/vc_row][vc_row css_animation=&#8221;&#8221; row_type=&#8221;row&#8221; use_row_as_full_screen_section=&#8221;no&#8221; type=&#8221;full_width&#8221; angled_section=&#8221;no&#8221; text_align=&#8221;left&#8221; background_image_as_pattern=&#8221;without_pattern&#8221; z_index=&#8221;&#8221; css=&#8221;.vc_custom_1724037186715{padding-top: 50px !important;padding-bottom: 30px !important;}&#8221;][vc_column][vc_row_inner row_type=&#8221;row&#8221; type=&#8221;grid&#8221; text_align=&#8221;left&#8221; css_animation=&#8221;&#8221;][vc_column_inner][vc_column_text css=&#8221;.vc_custom_1729034560850{padding-bottom: 40px !important;}&#8221;]<\/p>\n<h2>Una lingua profondamente ricca<\/h2>\n<p>Il russo \u00e8 una lingua intensamente ricca (che ci ha regalato alcuni dei pi\u00f9 grandi scrittori al mondo come Dostoevskij e Gogol).<\/p>\n<p>Gli anni di esperienza dei nostri traduttori russi nel destreggiarsi tra le complessit\u00e0 e le sofisticazioni si sono dimostrate sempre di pi\u00f9 un grande vantaggio quando si tratta di trasporre il tuo documento nella settima lingua pi\u00f9 parlata al mondo.<br \/>\n[\/vc_column_text][\/vc_column_inner][\/vc_row_inner][\/vc_column][\/vc_row][vc_row css_animation=&#8221;&#8221; row_type=&#8221;row&#8221; use_row_as_full_screen_section=&#8221;no&#8221; type=&#8221;full_width&#8221; angled_section=&#8221;no&#8221; text_align=&#8221;left&#8221; background_image_as_pattern=&#8221;without_pattern&#8221; z_index=&#8221;&#8221; background_color=&#8221;rgba(0,166,228,0.35)&#8221;][vc_column][vc_row_inner row_type=&#8221;row&#8221; type=&#8221;grid&#8221; text_align=&#8221;left&#8221; css_animation=&#8221;&#8221; css=&#8221;.vc_custom_1712461537481{margin-top: 30px !important;margin-bottom: 30px !important;}&#8221;][vc_column_inner][vc_column_text css=&#8221;.vc_custom_1729034649311{padding-top: 15px !important;padding-right: 10px !important;padding-bottom: 15px !important;padding-left: 10px !important;background-color: #00a5e4 !important;border-radius: 3px !important;}&#8221;]<\/p>\n<p style=\"text-align: center;\"><span style=\"color: #ffffff;\"><a style=\"color: #ffffff;\" href=\"https:\/\/prontotranslations.com\/it\/contatti\/\">Contattaci per i tuoi progetti di traduzione o localizzazione in russo<\/a><\/span><\/p>\n<p>[\/vc_column_text][\/vc_column_inner][\/vc_row_inner][\/vc_column][\/vc_row]<\/p>\n<\/div>\n<\/div>","protected":false},"excerpt":{"rendered":"<p>[vc_row css_animation=&#8221;&#8221; row_type=&#8221;row&#8221; use_row_as_full_screen_section=&#8221;no&#8221; type=&#8221;full_width&#8221; angled_section=&#8221;no&#8221; text_align=&#8221;left&#8221; background_image_as_pattern=&#8221;without_pattern&#8221; z_index=&#8221;&#8221;][vc_column][vc_column_text css=&#8221;.vc_custom_1729034215599{padding-bottom: 30px !important;}&#8221;] Servizi professionali di traduzione in russo [\/vc_column_text][\/vc_column][\/vc_row][vc_row css_animation=&#8221;&#8221; row_type=&#8221;row&#8221; use_row_as_full_screen_section=&#8221;no&#8221; type=&#8221;grid&#8221; angled_section=&#8221;no&#8221; text_align=&#8221;left&#8221;&#8230;<\/p>\n","protected":false},"author":1,"featured_media":0,"parent":4177,"menu_order":20,"comment_status":"closed","ping_status":"closed","template":"full_width.php","meta":{"footnotes":""},"class_list":["post-4284","page","type-page","status-publish","hentry"],"_links":{"self":[{"href":"https:\/\/prontotranslations.com\/it\/wp-json\/wp\/v2\/pages\/4284","targetHints":{"allow":["GET"]}}],"collection":[{"href":"https:\/\/prontotranslations.com\/it\/wp-json\/wp\/v2\/pages"}],"about":[{"href":"https:\/\/prontotranslations.com\/it\/wp-json\/wp\/v2\/types\/page"}],"author":[{"embeddable":true,"href":"https:\/\/prontotranslations.com\/it\/wp-json\/wp\/v2\/users\/1"}],"replies":[{"embeddable":true,"href":"https:\/\/prontotranslations.com\/it\/wp-json\/wp\/v2\/comments?post=4284"}],"version-history":[{"count":4,"href":"https:\/\/prontotranslations.com\/it\/wp-json\/wp\/v2\/pages\/4284\/revisions"}],"predecessor-version":[{"id":4293,"href":"https:\/\/prontotranslations.com\/it\/wp-json\/wp\/v2\/pages\/4284\/revisions\/4293"}],"up":[{"embeddable":true,"href":"https:\/\/prontotranslations.com\/it\/wp-json\/wp\/v2\/pages\/4177"}],"wp:attachment":[{"href":"https:\/\/prontotranslations.com\/it\/wp-json\/wp\/v2\/media?parent=4284"}],"curies":[{"name":"wp","href":"https:\/\/api.w.org\/{rel}","templated":true}]}}