{"id":4294,"date":"2024-09-02T02:33:31","date_gmt":"2024-09-02T02:33:31","guid":{"rendered":"https:\/\/aw-web.com\/pronto2\/?page_id=4294"},"modified":"2025-01-18T05:58:58","modified_gmt":"2025-01-18T05:58:58","slug":"servizi-di-traduzione-in-spagnolo","status":"publish","type":"page","link":"https:\/\/prontotranslations.com\/it\/il-nostro-elenco-di-lingue\/servizi-di-traduzione-in-spagnolo\/","title":{"rendered":"Spagnolo"},"content":{"rendered":"<div class=\"wpb-content-wrapper\"><p>[vc_row css_animation=&#8221;&#8221; row_type=&#8221;row&#8221; use_row_as_full_screen_section=&#8221;no&#8221; type=&#8221;full_width&#8221; angled_section=&#8221;no&#8221; text_align=&#8221;left&#8221; background_image_as_pattern=&#8221;without_pattern&#8221; z_index=&#8221;&#8221;][vc_column][vc_column_text css=&#8221;.vc_custom_1729034859824{padding-bottom: 30px !important;}&#8221;]<\/p>\n<h1 style=\"text-align: center;\">Servizi professionali di traduzione in spagnolo<\/h1>\n<p>[\/vc_column_text][\/vc_column][\/vc_row][vc_row css_animation=&#8221;&#8221; row_type=&#8221;row&#8221; use_row_as_full_screen_section=&#8221;no&#8221; type=&#8221;grid&#8221; angled_section=&#8221;no&#8221; text_align=&#8221;left&#8221; background_image_as_pattern=&#8221;without_pattern&#8221; z_index=&#8221;&#8221; css=&#8221;.vc_custom_1719198241526{padding-top: 50px !important;padding-right: 10% !important;padding-left: 10% !important;}&#8221;][vc_column width=&#8221;1\/2&#8243; css=&#8221;.vc_custom_1712629369530{padding-right: 10% !important;padding-left: 10% !important;}&#8221;][vc_row_inner row_type=&#8221;row&#8221; type=&#8221;full_width&#8221; text_align=&#8221;center&#8221; css_animation=&#8221;&#8221; css=&#8221;.vc_custom_1722784476757{padding-top: 20px !important;}&#8221;][vc_column_inner][vc_column_text css=&#8221;.vc_custom_1729034920303{padding-bottom: 50px !important;}&#8221;]<\/p>\n<p style=\"text-align: center;\"><strong>Lascia che Pronto si occupi delle tue esigenze di traduzione in spagnolo!<\/strong><\/p>\n<p style=\"text-align: left;\">Spagnolo europeo \u2013 Spagnolo latino-americano \u2013 Spagnolo messicano \u2013 Spagnolo modello USA<\/p>\n<ul>\n<li style=\"text-align: left;\">Traduzione danese-spagnolo<\/li>\n<li style=\"text-align: left;\">Traduzione inglese-spagnolo<\/li>\n<li style=\"text-align: left;\">Traduzione francese-spagnolo<\/li>\n<li style=\"text-align: left;\">Traduzione tedesco-spagnolo<\/li>\n<li style=\"text-align: left;\">Traduzione italiano-spagnolo<\/li>\n<li style=\"text-align: left;\">Traduzione portoghese-spagnolo<\/li>\n<\/ul>\n<p>[\/vc_column_text][vc_column_text css=&#8221;.vc_custom_1728005183991{padding-top: 10px !important;padding-bottom: 10px !important;background-color: #00a6e4 !important;border-radius: 3px !important;}&#8221;]<\/p>\n<p style=\"text-align: center;\"><a href=\"https:\/\/prontotranslations.com\/fr\/contact\/\"><span style=\"color: #ffffff;\">Contactez-nous pour votre projet de traduction ou de localisation vers l&#8217;espagnol<\/span><\/a><\/p>\n<p>[\/vc_column_text][vc_empty_space][\/vc_column_inner][\/vc_row_inner][\/vc_column][vc_column width=&#8221;1\/2&#8243;][vc_single_image image=&#8221;4295&#8243; img_size=&#8221;full&#8221; alignment=&#8221;center&#8221; qode_css_animation=&#8221;&#8221; css=&#8221;.vc_custom_1725244731595{padding-bottom: 30px !important;}&#8221;][vc_empty_space][\/vc_column][\/vc_row][vc_row css_animation=&#8221;&#8221; row_type=&#8221;row&#8221; use_row_as_full_screen_section=&#8221;no&#8221; type=&#8221;grid&#8221; angled_section=&#8221;no&#8221; text_align=&#8221;left&#8221; background_image_as_pattern=&#8221;without_pattern&#8221; z_index=&#8221;&#8221;][vc_column][vc_separator type=&#8221;normal&#8221; color=&#8221;#88cce2&#8243; thickness=&#8221;5&#8243; up=&#8221;0&#8243; down=&#8221;0&#8243;][\/vc_column][\/vc_row][vc_row css_animation=&#8221;&#8221; row_type=&#8221;row&#8221; use_row_as_full_screen_section=&#8221;no&#8221; type=&#8221;full_width&#8221; angled_section=&#8221;no&#8221; text_align=&#8221;left&#8221; background_image_as_pattern=&#8221;without_pattern&#8221; z_index=&#8221;&#8221; css=&#8221;.vc_custom_1712718567412{background-color: rgba(0,166,228,0.05) !important;*background-color: rgb(0,166,228) !important;}&#8221;][vc_column][vc_row_inner row_type=&#8221;row&#8221; type=&#8221;grid&#8221; text_align=&#8221;left&#8221; css_animation=&#8221;&#8221; css=&#8221;.vc_custom_1718510501771{padding-top: 50px !important;}&#8221;][vc_column_inner width=&#8221;1\/2&#8243;][vc_single_image image=&#8221;4296&#8243; img_size=&#8221;full&#8221; qode_css_animation=&#8221;&#8221;][vc_empty_space height=&#8221;52px&#8221;][\/vc_column_inner][vc_column_inner width=&#8221;1\/2&#8243;][vc_column_text]<\/p>\n<h2>Traduttori di spagnolo professionisti pronti da praticamente ogni paese o mercato di lingua spagnola<\/h2>\n<p>Abbiamo circa 50 traduttori di spagnolo, pronti ad intervenire con il tuo assegnamento.\u00a0 Vengono da quasi tutti i paesi o mercati di lingua spagnola nel mondo, garantendo che per il tuo progetto verr\u00e0 scelto il traduttore o i traduttori pi\u00f9 appropriati e geograficamente adatti.<\/p>\n<h2>La seconda lingua pi\u00f9 diffusa al mondo<\/h2>\n<p>E\u2019 la seconda lingua madre pi\u00f9 parlata al mondo (dopo il cinese mandarino) e la quarta pi\u00f9 parlata in assoluto (dopo inglese, cinese mandarino e hindi).<\/p>\n<p>Lo spagnolo \u00e8 una delle sei lingue ufficiali delle Nazioni Unite. E\u2019 anche una lingua ufficiale dell\u2019Unione Europea (UE), dell\u2019Organizzazione degli Stati americani (OSA), dell\u2019Unione delle Nazioni sudamericane (UNASUR), della Comunit\u00e0 degli Stati Latinoamericani e dei Caraibi (CELAC) e dell\u2019Unione Africana (UA) cos\u00ec come di molte altre organizzazioni internazionali.<\/p>\n<h2>Circa 477 milioni di madrelingua nel mondo<\/h2>\n<p>L\u2019Istituto Cervantes stima che circa 477 milioni di persone parlino spagnolo a livello di madrelingua, facendone la seconda nella classifica delle lingue per numero di madrelingua, mentre 572 milioni di persone sanno la spagnolo come prima o seconda lingua \u2014 compresi coloro che la parlano con capacit\u00e0 limitata. Ci sono pi\u00f9 di 21 milioni di studenti di spagnolo come lingua straniera.[\/vc_column_text][\/vc_column_inner][\/vc_row_inner][vc_row_inner row_type=&#8221;row&#8221; type=&#8221;grid&#8221; text_align=&#8221;left&#8221; css_animation=&#8221;&#8221;][vc_column_inner][vc_column_text]Lo spagnolo \u00e8 lingua ufficiale o nazionale in Spagna e in Guinea Equatoriale, come anche in 18 paesi e un territorio nelle Americhe. La parlano circa 418 milioni di persone nelle Americhe. La lingua rimane una scelta facoltativa nelle Filippine ed \u00e8 ancora spesso la lingua \u201cstraniera\u201d preferita al posto dell\u2019inglese tra i membri pi\u00f9 anziani delle classi sociali elevate del paese, dato che lo stato fu colonia spagnola dal 1569 al 1899. Nella UE, l\u20198% della popolazione \u00e8 fatto di madrelingua mentre un altro 7% la parla come seconda lingua. Il Messico ha il pi\u00f9 grande numero di madrelingua. Lo spagnolo \u00e8 la seconda lingua pi\u00f9 studiata negli Stati Uniti.[\/vc_column_text][vc_empty_space height=&#8221;42px&#8221;][\/vc_column_inner][\/vc_row_inner][\/vc_column][\/vc_row][vc_row css_animation=&#8221;&#8221; row_type=&#8221;row&#8221; use_row_as_full_screen_section=&#8221;no&#8221; type=&#8221;grid&#8221; angled_section=&#8221;no&#8221; text_align=&#8221;left&#8221; background_image_as_pattern=&#8221;without_pattern&#8221; z_index=&#8221;&#8221;][vc_column][vc_separator type=&#8221;normal&#8221; color=&#8221;#88cce2&#8243; thickness=&#8221;5&#8243; up=&#8221;0&#8243; down=&#8221;0&#8243;][\/vc_column][\/vc_row][vc_row css_animation=&#8221;&#8221; row_type=&#8221;row&#8221; use_row_as_full_screen_section=&#8221;no&#8221; type=&#8221;full_width&#8221; angled_section=&#8221;no&#8221; text_align=&#8221;left&#8221; background_image_as_pattern=&#8221;without_pattern&#8221; z_index=&#8221;&#8221; css=&#8221;.vc_custom_1718512349787{padding-top: 50px !important;padding-bottom: 30px !important;}&#8221;][vc_column][vc_row_inner row_type=&#8221;row&#8221; type=&#8221;grid&#8221; text_align=&#8221;left&#8221; css_animation=&#8221;&#8221;][vc_column_inner width=&#8221;1\/2&#8243;][vc_column_text css=&#8221;.vc_custom_1729035447523{padding-bottom: 30px !important;}&#8221;]<\/p>\n<h2>Spagnolo latino-americano vs spagnolo europeo<\/h2>\n<p>Quando si tratta di traduzione, lo spagnolo si divide in due tipi basilari, lo spagnolo di Spagna (o spagnolo europeo, spagnolo iberico, spagnolo peninsulare o EUSPAN) e lo spagnolo latino-americano, che pu\u00f2 a sua volta essere suddiviso in spagnolo standard latino-americano,\u00a0 il registro \u201cstandard\u201d che \u00e8 accettato in tutta l\u2019America Latina, in Messico e negli Stati Uniti, ed \u00e8 il tipo usato in televisione nell\u2019industria del doppiaggio, e ci sono poi diversi sottogruppi , essenzialmente uno per ogni paese.<\/p>\n<p>Se si deve mandare un comunicato stampa all\u2019intero mondo di lingua spagnola, si raccomanda di inviare due versioni, una versione Standard Latino Americano per tutte le Americhe e una in spagnolo europeo per la Spagna e la Guinea Equatoriale.<\/p>\n<p>Lo spagnolo messicano \u00e8 considerato il pi\u00f9 diverso da tutti gli altri.\u00a0 Se il Messico \u00e8 un mercato chiave da raggiungere quando si prepara un documento per tutta l\u2019America Latina, si raccomanda generalmente di redigere una versione speciale per il Messico e usare lo spagnolo Standard Latino Americano per gli altri.<\/p>\n<h2>Spagnolo modello USA<\/h2>\n<p>Da non sottovalutare anche l\u2019importanza dello spagnolo negli Stati Uniti.<\/p>\n<p>Il Sondaggio della comunit\u00e0 americana che si \u00e8 tenuto nel 2011 ha indicato che, dei 55 milioni di residenti negli Stati Uniti di origini latino-americane o spagnole di et\u00e0 dai cinque anni in su, 38 milioni \u2014 il 13,5% della popolazione statunitense \u2014 parlano spagnolo a casa e preferiscono leggere, guardare la TV o ascoltare la radio nella loro lingua nat\u00eca.[\/vc_column_text][\/vc_column_inner][vc_column_inner width=&#8221;1\/2&#8243;][vc_single_image image=&#8221;4297&#8243; img_size=&#8221;full&#8221; qode_css_animation=&#8221;&#8221;][vc_empty_space height=&#8221;12px&#8221;][\/vc_column_inner][\/vc_row_inner][vc_row_inner row_type=&#8221;row&#8221; type=&#8221;grid&#8221; text_align=&#8221;left&#8221; css_animation=&#8221;&#8221;][vc_column_inner][vc_column_text]Gli esperti di marketing e i manager di pubbliche relazioni che trascurano questo segmento di mercato si lasciano sfuggire uno su sette residenti USA che non avr\u00e0 l\u2019opportunit\u00e0 di recepire il loro messaggio.<\/p>\n<p>Abbiamo traduttori che sono madrelingua nati e cresciuti negli USA che sanno come rendere il tuo comunicato stampa, sito web, pezzo o articolo di pubbliche relazioni nello spagnolo usato nei giornali statunitensi in lingua spagnola come anche nei canali radio e TV, per aiutarti a raggiungere specificamente questo mercato spesso trascurato.[\/vc_column_text][vc_empty_space][\/vc_column_inner][\/vc_row_inner][\/vc_column][\/vc_row][vc_row css_animation=&#8221;&#8221; row_type=&#8221;row&#8221; use_row_as_full_screen_section=&#8221;no&#8221; type=&#8221;grid&#8221; angled_section=&#8221;no&#8221; text_align=&#8221;left&#8221; background_image_as_pattern=&#8221;without_pattern&#8221; z_index=&#8221;&#8221;][vc_column][vc_separator type=&#8221;normal&#8221; color=&#8221;#88cce2&#8243; thickness=&#8221;5&#8243; up=&#8221;0&#8243; down=&#8221;0&#8243;][\/vc_column][\/vc_row][vc_row css_animation=&#8221;&#8221; row_type=&#8221;row&#8221; use_row_as_full_screen_section=&#8221;no&#8221; type=&#8221;full_width&#8221; angled_section=&#8221;no&#8221; text_align=&#8221;left&#8221; background_image_as_pattern=&#8221;without_pattern&#8221; z_index=&#8221;&#8221; css=&#8221;.vc_custom_1725246676531{padding-top: 50px !important;padding-bottom: 30px !important;background-color: rgba(0,166,228,0.05) !important;*background-color: rgb(0,166,228) !important;}&#8221;][vc_column][vc_row_inner row_type=&#8221;row&#8221; type=&#8221;grid&#8221; text_align=&#8221;left&#8221; css_animation=&#8221;&#8221;][vc_column_inner][vc_column_text css=&#8221;.vc_custom_1729035344138{padding-bottom: 40px !important;}&#8221;]<\/p>\n<h2>Hai bisogno di aiuto per decidere la variante di spagnolo da usare per la tua traduzione?<\/h2>\n<p>Se richiedi assistenza per scegliere il tipo di spagnolo da usare per la traduzione del tuo materiale o documento di marketing, puoi consultare uno dei nostri esperti in materia linguistica.\u00a0 Possono assisterti nel decidere quale variante di spagnolo sia la pi\u00f9 adatta per quel compito e se sia opportuno fare pi\u00f9 di una variante.<\/p>\n<p>Non esitare a <a href=\"mailto:clientservices@prontotranslations.com\"><strong>contattarci<\/strong><\/a>\u00a0per discutere del tuo progetto di traduzione e localizzazione inglese-spagnolo.<br \/>\n[\/vc_column_text][\/vc_column_inner][\/vc_row_inner][\/vc_column][\/vc_row][vc_row css_animation=&#8221;&#8221; row_type=&#8221;row&#8221; use_row_as_full_screen_section=&#8221;no&#8221; type=&#8221;full_width&#8221; angled_section=&#8221;no&#8221; text_align=&#8221;left&#8221; background_image_as_pattern=&#8221;without_pattern&#8221; z_index=&#8221;&#8221; background_color=&#8221;rgba(0,166,228,0.35)&#8221;][vc_column][vc_row_inner row_type=&#8221;row&#8221; type=&#8221;grid&#8221; text_align=&#8221;left&#8221; css_animation=&#8221;&#8221; css=&#8221;.vc_custom_1712461537481{margin-top: 30px !important;margin-bottom: 30px !important;}&#8221;][vc_column_inner][vc_column_text css=&#8221;.vc_custom_1728005207283{padding-top: 15px !important;padding-right: 10px !important;padding-bottom: 15px !important;padding-left: 10px !important;background-color: #00a5e4 !important;border-radius: 3px !important;}&#8221;]<\/p>\n<p style=\"text-align: center;\"><span style=\"color: #ffffff;\"><a style=\"color: #ffffff;\" href=\"https:\/\/prontotranslations.com\/fr\/contact\/\">Contactez-nous pour votre projet de traduction ou de localisation vers l&#8217;espagnol<\/a><\/span><\/p>\n<p>[\/vc_column_text][\/vc_column_inner][\/vc_row_inner][\/vc_column][\/vc_row]<\/p>\n<\/div>","protected":false},"excerpt":{"rendered":"<p>[vc_row css_animation=&#8221;&#8221; row_type=&#8221;row&#8221; use_row_as_full_screen_section=&#8221;no&#8221; type=&#8221;full_width&#8221; angled_section=&#8221;no&#8221; text_align=&#8221;left&#8221; background_image_as_pattern=&#8221;without_pattern&#8221; z_index=&#8221;&#8221;][vc_column][vc_column_text css=&#8221;.vc_custom_1729034859824{padding-bottom: 30px !important;}&#8221;] Servizi professionali di traduzione in spagnolo [\/vc_column_text][\/vc_column][\/vc_row][vc_row css_animation=&#8221;&#8221; row_type=&#8221;row&#8221; use_row_as_full_screen_section=&#8221;no&#8221; type=&#8221;grid&#8221; angled_section=&#8221;no&#8221; text_align=&#8221;left&#8221;&#8230;<\/p>\n","protected":false},"author":1,"featured_media":0,"parent":4177,"menu_order":21,"comment_status":"closed","ping_status":"closed","template":"full_width.php","meta":{"footnotes":""},"class_list":["post-4294","page","type-page","status-publish","hentry"],"_links":{"self":[{"href":"https:\/\/prontotranslations.com\/it\/wp-json\/wp\/v2\/pages\/4294","targetHints":{"allow":["GET"]}}],"collection":[{"href":"https:\/\/prontotranslations.com\/it\/wp-json\/wp\/v2\/pages"}],"about":[{"href":"https:\/\/prontotranslations.com\/it\/wp-json\/wp\/v2\/types\/page"}],"author":[{"embeddable":true,"href":"https:\/\/prontotranslations.com\/it\/wp-json\/wp\/v2\/users\/1"}],"replies":[{"embeddable":true,"href":"https:\/\/prontotranslations.com\/it\/wp-json\/wp\/v2\/comments?post=4294"}],"version-history":[{"count":5,"href":"https:\/\/prontotranslations.com\/it\/wp-json\/wp\/v2\/pages\/4294\/revisions"}],"predecessor-version":[{"id":4304,"href":"https:\/\/prontotranslations.com\/it\/wp-json\/wp\/v2\/pages\/4294\/revisions\/4304"}],"up":[{"embeddable":true,"href":"https:\/\/prontotranslations.com\/it\/wp-json\/wp\/v2\/pages\/4177"}],"wp:attachment":[{"href":"https:\/\/prontotranslations.com\/it\/wp-json\/wp\/v2\/media?parent=4294"}],"curies":[{"name":"wp","href":"https:\/\/api.w.org\/{rel}","templated":true}]}}