{"id":4305,"date":"2024-08-17T01:50:03","date_gmt":"2024-08-17T01:50:03","guid":{"rendered":"https:\/\/aw-web.com\/pronto2\/?page_id=4305"},"modified":"2025-01-18T06:00:10","modified_gmt":"2025-01-18T06:00:10","slug":"servizi-di-traduzione-in-tedesco","status":"publish","type":"page","link":"https:\/\/prontotranslations.com\/it\/il-nostro-elenco-di-lingue\/servizi-di-traduzione-in-tedesco\/","title":{"rendered":"Tedesco"},"content":{"rendered":"<div class=\"wpb-content-wrapper\"><p>[vc_row css_animation=&#8221;&#8221; row_type=&#8221;row&#8221; use_row_as_full_screen_section=&#8221;no&#8221; type=&#8221;full_width&#8221; angled_section=&#8221;no&#8221; text_align=&#8221;left&#8221; background_image_as_pattern=&#8221;without_pattern&#8221; z_index=&#8221;&#8221;][vc_column][vc_column_text css=&#8221;.vc_custom_1729036489606{padding-bottom: 30px !important;}&#8221;]<\/p>\n<h1 style=\"text-align: center;\">Servizi professionali di traduzione in tedesco<\/h1>\n<p>[\/vc_column_text][\/vc_column][\/vc_row][vc_row css_animation=&#8221;&#8221; row_type=&#8221;row&#8221; use_row_as_full_screen_section=&#8221;no&#8221; type=&#8221;grid&#8221; angled_section=&#8221;no&#8221; text_align=&#8221;left&#8221; background_image_as_pattern=&#8221;without_pattern&#8221; z_index=&#8221;&#8221; css=&#8221;.vc_custom_1719198241526{padding-top: 50px !important;padding-right: 10% !important;padding-left: 10% !important;}&#8221;][vc_column width=&#8221;1\/2&#8243; css=&#8221;.vc_custom_1712629369530{padding-right: 10% !important;padding-left: 10% !important;}&#8221;][vc_row_inner row_type=&#8221;row&#8221; type=&#8221;full_width&#8221; text_align=&#8221;center&#8221; css_animation=&#8221;&#8221; css=&#8221;.vc_custom_1722784476757{padding-top: 20px !important;}&#8221;][vc_column_inner][vc_column_text css=&#8221;.vc_custom_1729036545141{padding-bottom: 50px !important;}&#8221;]<\/p>\n<p style=\"text-align: center;\"><strong>Pronto pu\u00f2 gestire le tue esigenze di traduzione in tedesco!<\/strong><\/p>\n<ul>\n<li style=\"list-style-type: none;\">\n<ul>\n<li style=\"text-align: left;\">Traduzione arabo-tedesco<\/li>\n<li style=\"text-align: left;\">Traduzione cinese-tedesco<\/li>\n<li style=\"text-align: left;\">Traduzione francese-tedesco<\/li>\n<li style=\"text-align: left;\">Traduzione inglese-tedesco<\/li>\n<li style=\"text-align: left;\">Traduzione italiano-tedesco<\/li>\n<li style=\"text-align: left;\">Traduzione olandese-tedesco<\/li>\n<li style=\"text-align: left;\">Traduzione portoghese-tedesco<\/li>\n<li style=\"text-align: left;\">Traduzione spagnolo-tedesco<\/li>\n<\/ul>\n<\/li>\n<\/ul>\n<p>[\/vc_column_text][vc_column_text css=&#8221;.vc_custom_1729036651590{padding-top: 10px !important;padding-bottom: 10px !important;background-color: #00a6e4 !important;border-radius: 3px !important;}&#8221;]<\/p>\n<p style=\"text-align: center;\"><a href=\"https:\/\/prontotranslations.com\/it\/contatti\/\"><span style=\"color: #ffffff;\">Contattaci per i tuoi progetti di traduzione o localizzazione in lingua tedesca<\/span><\/a><\/p>\n<p>[\/vc_column_text][vc_empty_space height=&#8221;52px&#8221;][\/vc_column_inner][\/vc_row_inner][\/vc_column][vc_column width=&#8221;1\/2&#8243;][vc_single_image image=&#8221;4306&#8243; img_size=&#8221;full&#8221; alignment=&#8221;center&#8221; qode_css_animation=&#8221;&#8221; css=&#8221;.vc_custom_1723858083390{padding-bottom: 30px !important;}&#8221;][vc_empty_space][\/vc_column][\/vc_row][vc_row css_animation=&#8221;&#8221; row_type=&#8221;row&#8221; use_row_as_full_screen_section=&#8221;no&#8221; type=&#8221;grid&#8221; angled_section=&#8221;no&#8221; text_align=&#8221;left&#8221; background_image_as_pattern=&#8221;without_pattern&#8221; z_index=&#8221;&#8221;][vc_column][vc_separator type=&#8221;normal&#8221; color=&#8221;#88cce2&#8243; thickness=&#8221;5&#8243; up=&#8221;0&#8243; down=&#8221;0&#8243;][\/vc_column][\/vc_row][vc_row css_animation=&#8221;&#8221; row_type=&#8221;row&#8221; use_row_as_full_screen_section=&#8221;no&#8221; type=&#8221;grid&#8221; angled_section=&#8221;no&#8221; text_align=&#8221;left&#8221; background_image_as_pattern=&#8221;without_pattern&#8221; z_index=&#8221;&#8221; css=&#8221;.vc_custom_1722956231897{background-color: rgba(0,166,228,0.05) !important;*background-color: rgb(0,166,228) !important;}&#8221;][vc_column width=&#8221;1\/2&#8243;][vc_row_inner row_type=&#8221;row&#8221; type=&#8221;full_width&#8221; text_align=&#8221;left&#8221; css_animation=&#8221;&#8221; css=&#8221;.vc_custom_1722956159954{padding-top: 50px !important;}&#8221;][vc_column_inner][vc_single_image image=&#8221;4307&#8243; img_size=&#8221;full&#8221; qode_css_animation=&#8221;&#8221;][\/vc_column_inner][\/vc_row_inner][vc_row_inner row_type=&#8221;row&#8221; type=&#8221;full_width&#8221; text_align=&#8221;left&#8221; css_animation=&#8221;&#8221;][vc_column_inner][vc_empty_space][\/vc_column_inner][\/vc_row_inner][\/vc_column][vc_column width=&#8221;1\/2&#8243;][vc_row_inner row_type=&#8221;row&#8221; type=&#8221;full_width&#8221; text_align=&#8221;left&#8221; css_animation=&#8221;&#8221; css=&#8221;.vc_custom_1722956176185{padding-top: 50px !important;}&#8221;][vc_column_inner][vc_column_text]<\/p>\n<h2>I nostri traduttori professionali di tedesco \u00a0sono pronti per aiutarti a far arrivare il tuo messaggio o documento in Germania, Austria e Svizzera!<\/h2>\n<p>Abbiamo 32 traduttori di tedesco con esperienza in una gamma completa di settori e temi, preparati per convertire il tuo messaggio nella <em>lingua franca<\/em>\u00a0dei paesi DACH, D per\u00a0<em>Deutschland<\/em>\u00a0o Germania, A per Austria e CH per\u00a0<em>Confoederatio Helvetica<\/em>\u00a0o Svizzera.<\/p>\n<h2>Una delle maggiori lingue del mondo<\/h2>\n<p>Il tedesco \u00e8 una delle pi\u00f9 importanti lingue del mondo e lingua madre per quasi 100 milioni di persone nel mondo. Il tedesco \u00e8 la lingua madre pi\u00f9 parlata nell\u2019Unione Europea e la seconda pi\u00f9 parlata in assoluto. E\u2019 una lingua pluricentrica: le sue versioni standardizzate sono tedesco, austriaco e tedesco svizzero standard.<\/p>\n<p>[\/vc_column_text][\/vc_column_inner][\/vc_row_inner][vc_empty_space][\/vc_column][\/vc_row][vc_row css_animation=&#8221;&#8221; row_type=&#8221;row&#8221; use_row_as_full_screen_section=&#8221;no&#8221; type=&#8221;grid&#8221; angled_section=&#8221;no&#8221; text_align=&#8221;left&#8221; background_image_as_pattern=&#8221;without_pattern&#8221; z_index=&#8221;&#8221;][vc_column][vc_separator type=&#8221;normal&#8221; color=&#8221;#88cce2&#8243; thickness=&#8221;5&#8243; up=&#8221;0&#8243; down=&#8221;0&#8243;][\/vc_column][\/vc_row][vc_row css_animation=&#8221;&#8221; row_type=&#8221;row&#8221; use_row_as_full_screen_section=&#8221;no&#8221; type=&#8221;grid&#8221; angled_section=&#8221;no&#8221; text_align=&#8221;left&#8221; background_image_as_pattern=&#8221;without_pattern&#8221; z_index=&#8221;&#8221; css=&#8221;.vc_custom_1722957023348{padding-top: 50px !important;}&#8221;][vc_column width=&#8221;1\/2&#8243;][vc_row_inner row_type=&#8221;row&#8221; type=&#8221;full_width&#8221; text_align=&#8221;left&#8221; css_animation=&#8221;&#8221;][vc_column_inner][vc_column_text]<\/p>\n<h2>La lingua ufficiale o co-ufficiale in tutti o parte di otto paesi europei<\/h2>\n<p>Il tedesco \u00e8 la sola lingua ufficiale in Germania, Austria, Liechtenstein e in 17 cantoni della Svizzera cos\u00ec come lingua co-ufficiale in Lussemburgo, quattro cantoni svizzeri, la provincia autonoma italiana del Sud Tirolo, la comunit\u00e0 di lingua tedesca in Belgio (nel ruolo di lingua maggioritaria), e il voivodato di Opole in Polonia.<\/p>\n<p>Minoranze principalmente bilingui di madre lingua tedesca esistono in molti paesi dell\u2019Europa centrale e orientale come anche in Asia centrale, pi\u00f9 precisamente in Bosnia Herzegovina, Repubblica Ceca, Danimarca, Ungheria, Italia, Kazakistan, Polonia, Romania, Russia, Slovacchia e Ucraina.<\/p>\n<p>Significative comunit\u00e0 di madre lingua tedesca bilingui si trovano anche fuori dall\u2019Eurasia, in particolare in Namibia, Sudafrica, USA (tra le comunit\u00e0 Amish nella Pennsylvania sudorientale) e in Brasile (negli stati meridionali di Rio Grande do Sul, Santa Catarina, Paran\u00e1, San Paolo e Esp\u00edrito Santo).<br \/>\n[\/vc_column_text][\/vc_column_inner][\/vc_row_inner][\/vc_column][vc_column width=&#8221;1\/2&#8243;][vc_single_image image=&#8221;4308&#8243; img_size=&#8221;full&#8221; qode_css_animation=&#8221;&#8221;][vc_empty_space height=&#8221;52px&#8221;][\/vc_column][\/vc_row][vc_row css_animation=&#8221;&#8221; row_type=&#8221;row&#8221; use_row_as_full_screen_section=&#8221;no&#8221; type=&#8221;grid&#8221; angled_section=&#8221;no&#8221; text_align=&#8221;left&#8221; background_image_as_pattern=&#8221;without_pattern&#8221; z_index=&#8221;&#8221;][vc_column][vc_separator type=&#8221;normal&#8221; color=&#8221;#88cce2&#8243; thickness=&#8221;5&#8243; up=&#8221;0&#8243; down=&#8221;0&#8243;][\/vc_column][\/vc_row][vc_row css_animation=&#8221;&#8221; row_type=&#8221;row&#8221; use_row_as_full_screen_section=&#8221;no&#8221; type=&#8221;grid&#8221; angled_section=&#8221;no&#8221; text_align=&#8221;left&#8221; background_image_as_pattern=&#8221;without_pattern&#8221; z_index=&#8221;&#8221; css=&#8221;.vc_custom_1722956231897{background-color: rgba(0,166,228,0.05) !important;*background-color: rgb(0,166,228) !important;}&#8221;][vc_column width=&#8221;1\/2&#8243;][vc_row_inner row_type=&#8221;row&#8221; type=&#8221;full_width&#8221; text_align=&#8221;left&#8221; css_animation=&#8221;&#8221; css=&#8221;.vc_custom_1722956159954{padding-top: 50px !important;}&#8221;][vc_column_inner][vc_single_image image=&#8221;4309&#8243; img_size=&#8221;full&#8221; qode_css_animation=&#8221;&#8221;][\/vc_column_inner][\/vc_row_inner][vc_row_inner row_type=&#8221;row&#8221; type=&#8221;full_width&#8221; text_align=&#8221;left&#8221; css_animation=&#8221;&#8221;][vc_column_inner][vc_empty_space][\/vc_column_inner][\/vc_row_inner][\/vc_column][vc_column width=&#8221;1\/2&#8243;][vc_row_inner row_type=&#8221;row&#8221; type=&#8221;full_width&#8221; text_align=&#8221;left&#8221; css_animation=&#8221;&#8221; css=&#8221;.vc_custom_1722956176185{padding-top: 50px !important;}&#8221;][vc_column_inner][vc_column_text]<\/p>\n<h2>Scegliere la corretta variante di tedesco per la tua traduzione<\/h2>\n<p>Quando si manda un comunicato o documento stampa a tutti e tre i paesi DACH, \u00e8 generalmente accettabile scegliere la variante tedesca.<\/p>\n<p>Tuttavia, se il tuo messaggio \u00e8 specifico per Austria o Svizzera, \u00e8 meglio scegliere un traduttore specializzato nella variante corrispondente.<\/p>\n<p>In Austria, ad esempio, c\u2019\u00e8 una variante standard; in Svizzera, invece, per trasmissioni formali come comunicati stampa o comunicazioni aziendali, il tedesco svizzero standard \u00e8 la variante da adottare, mentre per materiali pubblicitari e marketing rivolti al grande pubblico, il tedesco svizzero \u00e8 la variante preferita, soprattutto se localizzati a Zurigo, Berna o un cantone specifico.<\/p>\n<p>Gli esperti linguisti di Pronto possono consigliare sulla miglior variante di tedesco per il tuo progetto o prodotto.<\/p>\n<p>[\/vc_column_text][\/vc_column_inner][\/vc_row_inner][vc_empty_space][\/vc_column][\/vc_row][vc_row css_animation=&#8221;&#8221; row_type=&#8221;row&#8221; use_row_as_full_screen_section=&#8221;no&#8221; type=&#8221;grid&#8221; angled_section=&#8221;no&#8221; text_align=&#8221;left&#8221; background_image_as_pattern=&#8221;without_pattern&#8221; z_index=&#8221;&#8221;][vc_column][vc_separator type=&#8221;normal&#8221; color=&#8221;#88cce2&#8243; thickness=&#8221;5&#8243; up=&#8221;0&#8243; down=&#8221;0&#8243;][\/vc_column][\/vc_row][vc_row css_animation=&#8221;&#8221; row_type=&#8221;row&#8221; use_row_as_full_screen_section=&#8221;no&#8221; type=&#8221;full_width&#8221; angled_section=&#8221;no&#8221; text_align=&#8221;left&#8221; background_image_as_pattern=&#8221;without_pattern&#8221; z_index=&#8221;&#8221; css=&#8221;.vc_custom_1723859898848{padding-top: 30px !important;padding-bottom: 30px !important;}&#8221;][vc_column][vc_row_inner row_type=&#8221;row&#8221; type=&#8221;grid&#8221; text_align=&#8221;left&#8221; css_animation=&#8221;&#8221;][vc_column_inner][vc_column_text css=&#8221;.vc_custom_1729036825195{padding-bottom: 40px !important;}&#8221;]Se hai domande su quale variante di tedesco scegliere per la tua traduzione, non esitare a parlare con uno dei nostri esperti in materia linguistica.<\/p>\n<p>Puoi\u00a0<a href=\"mailto:clientservices@prontotranslations.com\"><strong>contattarci<\/strong><\/a> per le tue esigenze di traduzione e localizzazione in tedesco.<\/p>\n<p>[\/vc_column_text][\/vc_column_inner][\/vc_row_inner][\/vc_column][\/vc_row][vc_row css_animation=&#8221;&#8221; row_type=&#8221;row&#8221; use_row_as_full_screen_section=&#8221;no&#8221; type=&#8221;full_width&#8221; angled_section=&#8221;no&#8221; text_align=&#8221;left&#8221; background_image_as_pattern=&#8221;without_pattern&#8221; z_index=&#8221;&#8221; background_color=&#8221;rgba(0,166,228,0.35)&#8221;][vc_column][vc_row_inner row_type=&#8221;row&#8221; type=&#8221;grid&#8221; text_align=&#8221;left&#8221; css_animation=&#8221;&#8221; css=&#8221;.vc_custom_1712461537481{margin-top: 30px !important;margin-bottom: 30px !important;}&#8221;][vc_column_inner][vc_column_text css=&#8221;.vc_custom_1729036631237{padding-top: 15px !important;padding-right: 10px !important;padding-bottom: 15px !important;padding-left: 10px !important;background-color: #00a5e4 !important;border-radius: 3px !important;}&#8221;]<\/p>\n<p style=\"text-align: center;\"><span style=\"color: #ffffff;\"><a style=\"color: #ffffff;\" href=\"https:\/\/prontotranslations.com\/it\/contatti\/\">Contattaci per i tuoi progetti di traduzione o localizzazione in lingua tedesca<\/a><\/span><\/p>\n<p>[\/vc_column_text][\/vc_column_inner][\/vc_row_inner][\/vc_column][\/vc_row]<\/p>\n<\/div>","protected":false},"excerpt":{"rendered":"<p>[vc_row css_animation=&#8221;&#8221; row_type=&#8221;row&#8221; use_row_as_full_screen_section=&#8221;no&#8221; type=&#8221;full_width&#8221; angled_section=&#8221;no&#8221; text_align=&#8221;left&#8221; background_image_as_pattern=&#8221;without_pattern&#8221; z_index=&#8221;&#8221;][vc_column][vc_column_text css=&#8221;.vc_custom_1729036489606{padding-bottom: 30px !important;}&#8221;] Servizi professionali di traduzione in tedesco [\/vc_column_text][\/vc_column][\/vc_row][vc_row css_animation=&#8221;&#8221; row_type=&#8221;row&#8221; use_row_as_full_screen_section=&#8221;no&#8221; type=&#8221;grid&#8221; angled_section=&#8221;no&#8221; text_align=&#8221;left&#8221;&#8230;<\/p>\n","protected":false},"author":1,"featured_media":0,"parent":4177,"menu_order":9,"comment_status":"closed","ping_status":"closed","template":"full_width.php","meta":{"footnotes":""},"class_list":["post-4305","page","type-page","status-publish","hentry"],"_links":{"self":[{"href":"https:\/\/prontotranslations.com\/it\/wp-json\/wp\/v2\/pages\/4305","targetHints":{"allow":["GET"]}}],"collection":[{"href":"https:\/\/prontotranslations.com\/it\/wp-json\/wp\/v2\/pages"}],"about":[{"href":"https:\/\/prontotranslations.com\/it\/wp-json\/wp\/v2\/types\/page"}],"author":[{"embeddable":true,"href":"https:\/\/prontotranslations.com\/it\/wp-json\/wp\/v2\/users\/1"}],"replies":[{"embeddable":true,"href":"https:\/\/prontotranslations.com\/it\/wp-json\/wp\/v2\/comments?post=4305"}],"version-history":[{"count":10,"href":"https:\/\/prontotranslations.com\/it\/wp-json\/wp\/v2\/pages\/4305\/revisions"}],"predecessor-version":[{"id":6311,"href":"https:\/\/prontotranslations.com\/it\/wp-json\/wp\/v2\/pages\/4305\/revisions\/6311"}],"up":[{"embeddable":true,"href":"https:\/\/prontotranslations.com\/it\/wp-json\/wp\/v2\/pages\/4177"}],"wp:attachment":[{"href":"https:\/\/prontotranslations.com\/it\/wp-json\/wp\/v2\/media?parent=4305"}],"curies":[{"name":"wp","href":"https:\/\/api.w.org\/{rel}","templated":true}]}}