{"id":4340,"date":"2024-09-16T18:06:34","date_gmt":"2024-09-16T18:06:34","guid":{"rendered":"https:\/\/aw-web.com\/pronto2\/?page_id=4340"},"modified":"2025-01-18T06:05:02","modified_gmt":"2025-01-18T06:05:02","slug":"servizi-professionali-dtp","status":"publish","type":"page","link":"https:\/\/prontotranslations.com\/it\/servizi-professionali-dtp\/","title":{"rendered":"Servizi professionali DTP"},"content":{"rendered":"<div class=\"wpb-content-wrapper\"><p>[vc_row css_animation=&#8221;&#8221; row_type=&#8221;row&#8221; use_row_as_full_screen_section=&#8221;no&#8221; type=&#8221;full_width&#8221; angled_section=&#8221;no&#8221; text_align=&#8221;left&#8221; background_image_as_pattern=&#8221;without_pattern&#8221; z_index=&#8221;&#8221;][vc_column][vc_column_text css=&#8221;.vc_custom_1729043002494{padding-bottom: 30px !important;}&#8221;]<\/p>\n<h1 style=\"text-align: center;\">Servizi professionali DTP<\/h1>\n<p>[\/vc_column_text][\/vc_column][\/vc_row][vc_row css_animation=&#8221;&#8221; row_type=&#8221;row&#8221; use_row_as_full_screen_section=&#8221;no&#8221; type=&#8221;grid&#8221; angled_section=&#8221;no&#8221; text_align=&#8221;left&#8221; background_image_as_pattern=&#8221;without_pattern&#8221; z_index=&#8221;&#8221; css=&#8221;.vc_custom_1719198241526{padding-top: 50px !important;padding-right: 10% !important;padding-left: 10% !important;}&#8221;][vc_column width=&#8221;1\/2&#8243; css=&#8221;.vc_custom_1712629369530{padding-right: 10% !important;padding-left: 10% !important;}&#8221;][vc_row_inner row_type=&#8221;row&#8221; type=&#8221;full_width&#8221; text_align=&#8221;center&#8221; css_animation=&#8221;&#8221;][vc_column_inner][vc_column_text css=&#8221;.vc_custom_1729043093170{padding-bottom: 50px !important;}&#8221;]<\/p>\n<p style=\"text-align: center;\"><strong>Una gamma completa di servizi di desktop publishing e localizzazione siti web<\/strong><\/p>\n<p style=\"text-align: left;\">Il nostro ventaglio di servizi di desktop publishing copre la gamma di offerte di composizione tipografica e prestampa, cos\u00ec che il documento tradotto possa essere caricato direttamente sul tuo sito web, inviato subito alla tua stampante o consegnato al tuo cliente, senza bisogno di intervento da parte del tuo staff di design:<\/p>\n<p style=\"text-align: left;\">Localizzazione siti web \u00b7 Adobe Acrobat (PDF) \u00b7 Adobe InDesign \u00a0\u00b7 Adobe Illustrator \u00b7 Adobe FrameMaker \u00b7 Adobe Photoshop \u00b7 Adobe Premier \u00b7 AutoCad \u00b7 Canva \u00b7 Captivate \u00b7 Corel Draw \u00b7 Flash \u00b7 Microsoft Excel \u00b7 Microsoft PowerPoint \u00b7 QuarkXPress \u00b7 Quiz \u00b7 StoryLine<\/p>\n<p>[\/vc_column_text][vc_column_text css=&#8221;.vc_custom_1729043219346{padding-top: 10px !important;padding-bottom: 10px !important;background-color: #00a6e4 !important;border-radius: 3px !important;}&#8221;]<\/p>\n<p style=\"text-align: center;\"><a href=\"https:\/\/prontotranslations.com\/it\/contatti\/\"><span style=\"color: #ffffff;\">Contattaci per i tuoi progetti di DTP o localizzazione web<\/span><\/a><\/p>\n<p>[\/vc_column_text][vc_empty_space][\/vc_column_inner][\/vc_row_inner][\/vc_column][vc_column width=&#8221;1\/2&#8243;][vc_single_image image=&#8221;4341&#8243; img_size=&#8221;full&#8221; alignment=&#8221;center&#8221; qode_css_animation=&#8221;&#8221; css=&#8221;.vc_custom_1726511683868{padding-bottom: 30px !important;}&#8221;][vc_empty_space][\/vc_column][\/vc_row][vc_row css_animation=&#8221;&#8221; row_type=&#8221;row&#8221; use_row_as_full_screen_section=&#8221;no&#8221; type=&#8221;grid&#8221; angled_section=&#8221;no&#8221; text_align=&#8221;left&#8221; background_image_as_pattern=&#8221;without_pattern&#8221; z_index=&#8221;&#8221;][vc_column][vc_separator type=&#8221;normal&#8221; color=&#8221;#88cce2&#8243; thickness=&#8221;5&#8243; up=&#8221;0&#8243; down=&#8221;0&#8243;][\/vc_column][\/vc_row][vc_row css_animation=&#8221;&#8221; row_type=&#8221;row&#8221; use_row_as_full_screen_section=&#8221;no&#8221; type=&#8221;full_width&#8221; angled_section=&#8221;no&#8221; text_align=&#8221;left&#8221; background_image_as_pattern=&#8221;without_pattern&#8221; z_index=&#8221;&#8221; css=&#8221;.vc_custom_1712718567412{background-color: rgba(0,166,228,0.05) !important;*background-color: rgb(0,166,228) !important;}&#8221;][vc_column][vc_row_inner row_type=&#8221;row&#8221; type=&#8221;grid&#8221; text_align=&#8221;left&#8221; css_animation=&#8221;&#8221; css=&#8221;.vc_custom_1718510501771{padding-top: 50px !important;}&#8221;][vc_column_inner width=&#8221;1\/2&#8243;][vc_single_image image=&#8221;4343&#8243; img_size=&#8221;full&#8221; qode_css_animation=&#8221;&#8221;][vc_empty_space height=&#8221;52px&#8221;][\/vc_column_inner][vc_column_inner width=&#8221;1\/2&#8243;][vc_column_text css=&#8221;.vc_custom_1729043257364{padding-bottom: 40px !important;}&#8221;]<\/p>\n<ul>\n<li>Possiamo fornire output sia per PC che Mac, tra le altre applicazioni DTP, chiudendo il cerchio in un\u2019offerta \u201cone-stop-shop\u201d per tutti i tuoi progetti di traduzione e localizzazione linguistica.<\/li>\n<li>Possiamo gestire le lingue scritte da destra a sinistra: arabo, aramaico, azero, persiano, ebraico e urdu con la stessa facilit\u00e0 di quelle da sinistra a destra.<\/li>\n<li>Possiamo eseguire tutti i sistemi di scrittura come il romanico\/latino, arabo, cirillico, hangul (coreano), ebraico e i tanti script del subcontinente indiano e del sudest asiatico cos\u00ec come i caratteri cinesi e loro derivati.<\/li>\n<\/ul>\n<p>[\/vc_column_text][\/vc_column_inner][\/vc_row_inner][\/vc_column][\/vc_row][vc_row css_animation=&#8221;&#8221; row_type=&#8221;row&#8221; use_row_as_full_screen_section=&#8221;no&#8221; type=&#8221;grid&#8221; angled_section=&#8221;no&#8221; text_align=&#8221;left&#8221; background_image_as_pattern=&#8221;without_pattern&#8221; z_index=&#8221;&#8221;][vc_column][vc_separator type=&#8221;normal&#8221; color=&#8221;#88cce2&#8243; thickness=&#8221;5&#8243; up=&#8221;0&#8243; down=&#8221;0&#8243;][\/vc_column][\/vc_row][vc_row css_animation=&#8221;&#8221; row_type=&#8221;row&#8221; use_row_as_full_screen_section=&#8221;no&#8221; type=&#8221;full_width&#8221; angled_section=&#8221;no&#8221; text_align=&#8221;left&#8221; background_image_as_pattern=&#8221;without_pattern&#8221; z_index=&#8221;&#8221; css=&#8221;.vc_custom_1718512349787{padding-top: 50px !important;padding-bottom: 30px !important;}&#8221;][vc_column][vc_row_inner row_type=&#8221;row&#8221; type=&#8221;grid&#8221; text_align=&#8221;left&#8221; css_animation=&#8221;&#8221;][vc_column_inner][vc_column_text css=&#8221;.vc_custom_1729043326359{padding-bottom: 30px !important;}&#8221;]<\/p>\n<h2>Servizi DTP in cinese per sistemi DTP non cinesi<\/h2>\n<p>Per inclusione nel tuo documento e per consegna ai clienti le cui stampanti o centri servizi di terze parti \u00a0non accettano i font cinesi, l\u2019output pu\u00f2 essere fornito in file formato PostScript incapsulato (EPS) Adobe Illustrator. EPS \u00e8 un formato grafico che non richiede alcun font di sistema, \u00e8 compatibile sia con sistemi operativi PC che Mac e pu\u00f2 essere stampato da un centro servizi o lanciato da stampanti laser.<\/p>\n<p>Possiamo fornire la versione localizzata in Adobe InDesign, Adobe Illustrator, Adobe Photoshop, QuarkXPress e Corel Draw a quei clienti i cui sistemi output non possono gestire il font o lo script di destinazione.<\/p>\n<p>Alcuni clienti il cui progetto di localizzazione richiedeva la consegna in un formato DTP:<\/p>\n<p>Carnegie Climate Governance Initiative (C2G)<br \/>\nCommScope<br \/>\nHoneywell<br \/>\nLodestar Corporation<br \/>\nProcket Networks<\/p>\n<p>Non esitare a <a href=\"mailto:clientservices@prontotranslations.com\"><strong>contattarci<\/strong><\/a>\u00a0per discutere dei tuoi progetti di desktop publishing.<\/p>\n<p>[\/vc_column_text][\/vc_column_inner][\/vc_row_inner][\/vc_column][\/vc_row][vc_row css_animation=&#8221;&#8221; row_type=&#8221;row&#8221; use_row_as_full_screen_section=&#8221;no&#8221; type=&#8221;full_width&#8221; angled_section=&#8221;no&#8221; text_align=&#8221;left&#8221; background_image_as_pattern=&#8221;without_pattern&#8221; z_index=&#8221;&#8221; background_color=&#8221;rgba(0,166,228,0.35)&#8221;][vc_column][vc_row_inner row_type=&#8221;row&#8221; type=&#8221;grid&#8221; text_align=&#8221;left&#8221; css_animation=&#8221;&#8221; css=&#8221;.vc_custom_1712461537481{margin-top: 30px !important;margin-bottom: 30px !important;}&#8221;][vc_column_inner][vc_column_text css=&#8221;.vc_custom_1729043202478{padding-top: 15px !important;padding-right: 10px !important;padding-bottom: 15px !important;padding-left: 10px !important;background-color: #00a5e4 !important;border-radius: 3px !important;}&#8221;]<\/p>\n<p style=\"text-align: center;\"><span style=\"color: #ffffff;\"><a style=\"color: #ffffff;\" href=\"https:\/\/prontotranslations.com\/it\/contatti\/\">Contattaci per i tuoi progetti di desktop publishing o localizzazione web<\/a><\/span><\/p>\n<p>[\/vc_column_text][\/vc_column_inner][\/vc_row_inner][\/vc_column][\/vc_row]<\/p>\n<\/div>","protected":false},"excerpt":{"rendered":"<p>[vc_row css_animation=&#8221;&#8221; row_type=&#8221;row&#8221; use_row_as_full_screen_section=&#8221;no&#8221; type=&#8221;full_width&#8221; angled_section=&#8221;no&#8221; text_align=&#8221;left&#8221; background_image_as_pattern=&#8221;without_pattern&#8221; z_index=&#8221;&#8221;][vc_column][vc_column_text css=&#8221;.vc_custom_1729043002494{padding-bottom: 30px !important;}&#8221;] Servizi professionali DTP [\/vc_column_text][\/vc_column][\/vc_row][vc_row css_animation=&#8221;&#8221; row_type=&#8221;row&#8221; use_row_as_full_screen_section=&#8221;no&#8221; type=&#8221;grid&#8221; angled_section=&#8221;no&#8221; text_align=&#8221;left&#8221; background_image_as_pattern=&#8221;without_pattern&#8221; z_index=&#8221;&#8221; css=&#8221;.vc_custom_1719198241526{padding-top:&#8230;<\/p>\n","protected":false},"author":1,"featured_media":0,"parent":0,"menu_order":6,"comment_status":"closed","ping_status":"closed","template":"full_width.php","meta":{"footnotes":""},"class_list":["post-4340","page","type-page","status-publish","hentry"],"_links":{"self":[{"href":"https:\/\/prontotranslations.com\/it\/wp-json\/wp\/v2\/pages\/4340","targetHints":{"allow":["GET"]}}],"collection":[{"href":"https:\/\/prontotranslations.com\/it\/wp-json\/wp\/v2\/pages"}],"about":[{"href":"https:\/\/prontotranslations.com\/it\/wp-json\/wp\/v2\/types\/page"}],"author":[{"embeddable":true,"href":"https:\/\/prontotranslations.com\/it\/wp-json\/wp\/v2\/users\/1"}],"replies":[{"embeddable":true,"href":"https:\/\/prontotranslations.com\/it\/wp-json\/wp\/v2\/comments?post=4340"}],"version-history":[{"count":4,"href":"https:\/\/prontotranslations.com\/it\/wp-json\/wp\/v2\/pages\/4340\/revisions"}],"predecessor-version":[{"id":4347,"href":"https:\/\/prontotranslations.com\/it\/wp-json\/wp\/v2\/pages\/4340\/revisions\/4347"}],"wp:attachment":[{"href":"https:\/\/prontotranslations.com\/it\/wp-json\/wp\/v2\/media?parent=4340"}],"curies":[{"name":"wp","href":"https:\/\/api.w.org\/{rel}","templated":true}]}}