{"id":3653,"date":"2024-04-09T01:39:23","date_gmt":"2024-04-09T01:39:23","guid":{"rendered":"https:\/\/aw-web.com\/pronto2\/?page_id=3653"},"modified":"2026-01-26T02:54:33","modified_gmt":"2026-01-26T02:54:33","slug":"sobre","status":"publish","type":"page","link":"https:\/\/prontotranslations.com\/pt-br\/sobre\/","title":{"rendered":"A empresa"},"content":{"rendered":"<div class=\"wpb-content-wrapper\"><p>[vc_row css_animation=&#8221;&#8221; row_type=&#8221;row&#8221; use_row_as_full_screen_section=&#8221;no&#8221; type=&#8221;full_width&#8221; angled_section=&#8221;no&#8221; text_align=&#8221;left&#8221; background_image_as_pattern=&#8221;without_pattern&#8221; z_index=&#8221;&#8221;][vc_column][vc_column_text css=&#8221;&#8221;]<\/p>\n<h1 style=\"text-align: center;\">Seu provedor de servi\u00e7os profissionais de tradu\u00e7\u00e3o e interpreta\u00e7\u00e3o<\/h1>\n<p>[\/vc_column_text][\/vc_column][\/vc_row][vc_row css_animation=&#8221;&#8221; row_type=&#8221;row&#8221; use_row_as_full_screen_section=&#8221;no&#8221; type=&#8221;grid&#8221; angled_section=&#8221;no&#8221; text_align=&#8221;left&#8221; background_image_as_pattern=&#8221;without_pattern&#8221; z_index=&#8221;&#8221; css=&#8221;.vc_custom_1719198241526{padding-top: 50px !important;padding-right: 10% !important;padding-left: 10% !important;}&#8221;][vc_column width=&#8221;1\/2&#8243; css=&#8221;.vc_custom_1712629369530{padding-right: 10% !important;padding-left: 10% !important;}&#8221;][vc_column_text css=&#8221;.vc_custom_1769294828997{padding-bottom: 20px !important;}&#8221;]<\/p>\n<p style=\"text-align: center;\">Mais de 25 anos de experi\u00eancia em servi\u00e7os profissionais de tradu\u00e7\u00e3o e interpreta\u00e7\u00e3o de alta qualidade.<\/p>\n<p>[\/vc_column_text][vc_row_inner row_type=&#8221;row&#8221; type=&#8221;full_width&#8221; text_align=&#8221;center&#8221; css_animation=&#8221;&#8221; css=&#8221;.vc_custom_1718510388324{padding-top: 40px !important;}&#8221;][vc_column_inner][vc_column_text css=&#8221;.vc_custom_1769396049893{padding-top: 10px !important;padding-bottom: 10px !important;background-color: #00a6e4 !important;border-radius: 3px !important;}&#8221;]<\/p>\n<p style=\"text-align: center;\"><a href=\"https:\/\/prontotranslations.com\/pt-br\/contacto\/\"><span style=\"color: #ffffff;\">Entre em contato conosco sobre seu projeto de tradu\u00e7\u00e3o, localiza\u00e7\u00e3o ou interpreta\u00e7\u00e3o<\/span><\/a><\/p>\n<p>[\/vc_column_text][vc_column_text css=&#8221;.vc_custom_1769294899400{padding-top: 30px !important;padding-bottom: 30px !important;}&#8221;]<\/p>\n<h2>Mais de 25 anos de experi\u00eancia acumulada em tradu\u00e7\u00e3o, localiza\u00e7\u00e3o e interpreta\u00e7\u00e3o de idiomas.<\/h2>\n<p>Em julho de 1999, recebemos nossa primeira tarefa de tradu\u00e7\u00e3o para localizar o website de uma pequena empresa iniciante em Nova Jersey em sete idiomas. A partir desse modesto in\u00edcio, nos tornamos uma organiza\u00e7\u00e3o internacional bem gerenciada, com escrit\u00f3rios em v\u00e1rios fusos hor\u00e1rios, fornecendo servi\u00e7os de interpreta\u00e7\u00e3o, tradu\u00e7\u00e3o e localiza\u00e7\u00e3o de alta qualidade.<\/p>\n<p>Somos capazes de lidar com tudo, desde pequenos trabalhos at\u00e9 grandes projetos multil\u00edngues.<\/p>\n<p>Entendemos profundamente as necessidades dos clientes e nos ajustamos a essas necessidades \u00e0 medida que elas evoluem.[\/vc_column_text][vc_empty_space][\/vc_column_inner][\/vc_row_inner][\/vc_column][vc_column width=&#8221;1\/2&#8243;][vc_single_image image=&#8221;3660&#8243; img_size=&#8221;full&#8221; alignment=&#8221;center&#8221; css=&#8221;.vc_custom_1718508427552{padding-bottom: 30px !important;}&#8221; qode_css_animation=&#8221;&#8221;][vc_empty_space][\/vc_column][\/vc_row][vc_row css_animation=&#8221;&#8221; row_type=&#8221;row&#8221; use_row_as_full_screen_section=&#8221;no&#8221; type=&#8221;grid&#8221; angled_section=&#8221;no&#8221; text_align=&#8221;left&#8221; background_image_as_pattern=&#8221;without_pattern&#8221; z_index=&#8221;&#8221;][vc_column][vc_separator type=&#8221;normal&#8221; color=&#8221;#88cce2&#8243; thickness=&#8221;5&#8243; up=&#8221;0&#8243; down=&#8221;0&#8243;][\/vc_column][\/vc_row][vc_row css_animation=&#8221;&#8221; row_type=&#8221;row&#8221; use_row_as_full_screen_section=&#8221;no&#8221; type=&#8221;full_width&#8221; angled_section=&#8221;no&#8221; text_align=&#8221;left&#8221; background_image_as_pattern=&#8221;without_pattern&#8221; z_index=&#8221;&#8221; css=&#8221;.vc_custom_1712718567412{background-color: rgba(0,166,228,0.05) !important;*background-color: rgb(0,166,228) !important;}&#8221;][vc_column][vc_row_inner row_type=&#8221;row&#8221; type=&#8221;grid&#8221; text_align=&#8221;left&#8221; css_animation=&#8221;&#8221; css=&#8221;.vc_custom_1718510501771{padding-top: 50px !important;}&#8221;][vc_column_inner width=&#8221;1\/2&#8243;][vc_single_image image=&#8221;3661&#8243; img_size=&#8221;full&#8221; qode_css_animation=&#8221;&#8221;][vc_empty_space][\/vc_column_inner][vc_column_inner width=&#8221;1\/2&#8243;][vc_column_text css=&#8221;.vc_custom_1769295216783{padding-bottom: 40px !important;}&#8221;]<\/p>\n<h2>122 l\u00ednguas \u2013 307 pares de idiomas<\/h2>\n<p>Veja nossa <strong><a href=\"https:\/\/prontotranslations.com\/pt-br\/linguas\/\">lista de idiomas<\/a><\/strong><\/p>\n<h2>Uma equipe profissional e dedicada de tradutores, revisores e int\u00e9rpretes<\/h2>\n<p data-start=\"285\" data-end=\"687\">Nossa equipe de tradutores, revisores e int\u00e9rpretes, em regime de tempo integral e freelance, dedica-se aos servi\u00e7os lingu\u00edsticos profissionais e executa seu trabalho com rigor e aten\u00e7\u00e3o aos detalhes. Todos os nossos tradutores s\u00e3o formados em cursos de tradu\u00e7\u00e3o por universidades de refer\u00eancia e\/ou possuem certifica\u00e7\u00e3o emitida pela associa\u00e7\u00e3o de tradutores de seu pa\u00eds de origem ou de resid\u00eancia.<\/p>\n<p data-start=\"689\" data-end=\"910\">Todos os tradutores e revisores recebem e entregam os trabalhos por meio de nosso portal dedicado e seguro, o que garante um padr\u00e3o elevado e consistente de qualidade, al\u00e9m da confidencialidade absoluta dos conte\u00fados.<\/p>\n<h2>365 dias por ano, 7 dias por semana, 24 horas por dia<\/h2>\n<p>Com escrit\u00f3rios em Nova York, N\u00eemes, na Fran\u00e7a, Nanquim, na China, Seul, na Corea e Osaka, no Jap\u00e3o, Pronto opera 24 horas por dia, 365 dias por ano, com equipe total de segunda a sexta-feira e tradutores, revisores e int\u00e9rpretes de plant\u00e3o nos fins de semana e feriados, permitindo uma entrega r\u00e1pida no mesmo dia para projetos urgentes.[\/vc_column_text][\/vc_column_inner][\/vc_row_inner][\/vc_column][\/vc_row][vc_row css_animation=&#8221;&#8221; row_type=&#8221;row&#8221; use_row_as_full_screen_section=&#8221;no&#8221; type=&#8221;grid&#8221; angled_section=&#8221;no&#8221; text_align=&#8221;left&#8221; background_image_as_pattern=&#8221;without_pattern&#8221; z_index=&#8221;&#8221;][vc_column][vc_separator type=&#8221;normal&#8221; color=&#8221;#88cce2&#8243; thickness=&#8221;5&#8243; up=&#8221;0&#8243; down=&#8221;0&#8243;][\/vc_column][\/vc_row][vc_row css_animation=&#8221;&#8221; row_type=&#8221;row&#8221; use_row_as_full_screen_section=&#8221;no&#8221; type=&#8221;full_width&#8221; angled_section=&#8221;no&#8221; text_align=&#8221;left&#8221; background_image_as_pattern=&#8221;without_pattern&#8221; z_index=&#8221;&#8221; css=&#8221;.vc_custom_1718512349787{padding-top: 50px !important;padding-bottom: 30px !important;}&#8221;][vc_column][vc_row_inner row_type=&#8221;row&#8221; type=&#8221;grid&#8221; text_align=&#8221;left&#8221; css_animation=&#8221;&#8221;][vc_column_inner width=&#8221;1\/2&#8243;][vc_column_text css=&#8221;.vc_custom_1769295237850{padding-bottom: 30px !important;}&#8221;]<\/p>\n<h2>As mais recentes tecnologias de tradu\u00e7\u00e3o<\/h2>\n<p>A empresa utiliza as mais recentes ferramentas de tradu\u00e7\u00e3o e sistemas de gerenciamento de projetos, com processamento de tradu\u00e7\u00e3o via <strong>SDL Trados Workbench<\/strong> ou <strong>MemoQ<\/strong> e entrega do arquivo de mem\u00f3ria de tradu\u00e7\u00e3o mediante solicita\u00e7\u00e3o.<\/p>\n<h2>Uma lista prestigiosa de clientes satisfeitos e de longa data<\/h2>\n<p>At\u00e9 o momento, realizamos 100.800 tradu\u00e7\u00f5es.<\/p>\n<p>Como prova da alta qualidade\u00a0 do trabalho que oferecemos, um de nossos clientes est\u00e1 conosco h\u00e1 mais de 25 anos.[\/vc_column_text][\/vc_column_inner][vc_column_inner width=&#8221;1\/2&#8243;][vc_single_image image=&#8221;3662&#8243; img_size=&#8221;full&#8221; qode_css_animation=&#8221;&#8221;][vc_empty_space height=&#8221;12px&#8221;][\/vc_column_inner][\/vc_row_inner][\/vc_column][\/vc_row][vc_row css_animation=&#8221;&#8221; row_type=&#8221;row&#8221; use_row_as_full_screen_section=&#8221;no&#8221; type=&#8221;grid&#8221; angled_section=&#8221;no&#8221; text_align=&#8221;left&#8221; background_image_as_pattern=&#8221;without_pattern&#8221; z_index=&#8221;&#8221;][vc_column][vc_separator type=&#8221;normal&#8221; color=&#8221;#88cce2&#8243; thickness=&#8221;5&#8243; up=&#8221;0&#8243; down=&#8221;0&#8243;][\/vc_column][\/vc_row][vc_row css_animation=&#8221;&#8221; row_type=&#8221;row&#8221; use_row_as_full_screen_section=&#8221;no&#8221; type=&#8221;full_width&#8221; angled_section=&#8221;no&#8221; text_align=&#8221;left&#8221; background_image_as_pattern=&#8221;without_pattern&#8221; z_index=&#8221;&#8221; css=&#8221;.vc_custom_1718512370579{padding-top: 50px !important;padding-bottom: 30px !important;background-color: rgba(0,166,228,0.05) !important;*background-color: rgb(0,166,228) !important;}&#8221;][vc_column][vc_row_inner row_type=&#8221;row&#8221; type=&#8221;grid&#8221; text_align=&#8221;left&#8221; css_animation=&#8221;&#8221;][vc_column_inner width=&#8221;1\/2&#8243;][vc_single_image image=&#8221;3664&#8243; img_size=&#8221;full&#8221; qode_css_animation=&#8221;&#8221;][vc_empty_space height=&#8221;22px&#8221;][\/vc_column_inner][vc_column_inner width=&#8221;1\/2&#8243;][vc_column_text css=&#8221;.vc_custom_1767055919549{padding-top: 30px !important;padding-bottom: 40px !important;}&#8221;]<\/p>\n<h2>9 raz\u00f5es para escolher Pronto para seu pr\u00f3ximo projeto de tradu\u00e7\u00e3o ou localiza\u00e7\u00e3o<\/h2>\n<p><strong>1 \u2013 <\/strong>A publicidade, o marketing e as rela\u00e7\u00f5es p\u00fablicas s\u00e3o nossas especialidades<\/p>\n<p><strong>2 \u2013 <\/strong>A revis\u00e3o \u00e9 t\u00e3o importante como a tradu\u00e7\u00e3o<\/p>\n<p><strong>3 \u2013 <\/strong>Mantemo-nos informados sobre a terminologia mais atual<\/p>\n<p><strong>4 \u2013 <\/strong>Servi\u00e7o 24 horas por dia e 365 dias por ano<\/p>\n<p><strong>5 \u2013 <\/strong>Entrega r\u00e1pida<\/p>\n<p><strong>6 \u2013 <\/strong>Os tradutores mais qualificados<\/p>\n<p><strong>7 \u2013 <\/strong>N\u00f3s nos adaptamos e trabalhamos de acordo com seu cronograma<\/p>\n<p><strong>8 \u2013<\/strong>Quando voc\u00ea liga, atendemos pessoalmente<\/p>\n<p><strong>9 \u2013 <\/strong>Uma verdadeira solu\u00e7\u00e3o \u201ctudo em um\u201d[\/vc_column_text][\/vc_column_inner][\/vc_row_inner][\/vc_column][\/vc_row][vc_row css_animation=&#8221;&#8221; row_type=&#8221;row&#8221; use_row_as_full_screen_section=&#8221;no&#8221; type=&#8221;grid&#8221; angled_section=&#8221;no&#8221; text_align=&#8221;left&#8221; background_image_as_pattern=&#8221;without_pattern&#8221; z_index=&#8221;&#8221;][vc_column][vc_separator type=&#8221;normal&#8221; color=&#8221;#88cce2&#8243; thickness=&#8221;5&#8243; up=&#8221;0&#8243; down=&#8221;0&#8243;][\/vc_column][\/vc_row][vc_row css_animation=&#8221;&#8221; row_type=&#8221;row&#8221; use_row_as_full_screen_section=&#8221;no&#8221; type=&#8221;full_width&#8221; angled_section=&#8221;no&#8221; text_align=&#8221;left&#8221; background_image_as_pattern=&#8221;without_pattern&#8221; css=&#8221;.vc_custom_1712635529690{background-color: rgba(0,166,228,0.05) !important;*background-color: rgb(0,166,228) !important;}&#8221; z_index=&#8221;&#8221;][vc_column][vc_row_inner row_type=&#8221;row&#8221; type=&#8221;grid&#8221; text_align=&#8221;left&#8221; css_animation=&#8221;&#8221;][vc_column_inner][\/vc_column_inner][\/vc_row_inner][\/vc_column][\/vc_row][vc_row css_animation=&#8221;&#8221; row_type=&#8221;row&#8221; use_row_as_full_screen_section=&#8221;no&#8221; type=&#8221;full_width&#8221; angled_section=&#8221;no&#8221; text_align=&#8221;left&#8221; background_image_as_pattern=&#8221;without_pattern&#8221;][vc_column][vc_row_inner row_type=&#8221;row&#8221; type=&#8221;grid&#8221; text_align=&#8221;left&#8221; css_animation=&#8221;&#8221;][vc_column_inner][vc_column_text css=&#8221;.vc_custom_1728856340457{padding-top: 30px !important;padding-bottom: 40px !important;}&#8221;]N\u00f3s esperamos falar com voc\u00ea em breve a respeito de sua tradu\u00e7\u00e3o e localiza\u00e7\u00e3o.<\/p>\n<p>N\u00e3o hesite em <strong><a href=\"mailto:clientservices@prontotranslations.com\">nos contatar<\/a><\/strong> para discutir as suas necessidades.[\/vc_column_text][\/vc_column_inner][\/vc_row_inner][\/vc_column][\/vc_row][vc_row css_animation=&#8221;&#8221; row_type=&#8221;row&#8221; use_row_as_full_screen_section=&#8221;no&#8221; type=&#8221;full_width&#8221; angled_section=&#8221;no&#8221; text_align=&#8221;left&#8221; background_image_as_pattern=&#8221;without_pattern&#8221;][vc_column][vc_column_text]<\/p>\n<p>[\/vc_column_text][\/vc_column][\/vc_row][vc_row css_animation=&#8221;&#8221; row_type=&#8221;row&#8221; use_row_as_full_screen_section=&#8221;no&#8221; type=&#8221;full_width&#8221; angled_section=&#8221;no&#8221; text_align=&#8221;left&#8221; background_image_as_pattern=&#8221;without_pattern&#8221; z_index=&#8221;&#8221; background_color=&#8221;rgba(0,166,228,0.35)&#8221;][vc_column][vc_row_inner row_type=&#8221;row&#8221; type=&#8221;grid&#8221; text_align=&#8221;left&#8221; css_animation=&#8221;&#8221; css=&#8221;.vc_custom_1712461537481{margin-top: 30px !important;margin-bottom: 30px !important;}&#8221;][vc_column_inner][vc_column_text css=&#8221;.vc_custom_1769396067652{padding-top: 15px !important;padding-right: 10px !important;padding-bottom: 15px !important;padding-left: 10px !important;background-color: #00a5e4 !important;border-radius: 3px !important;}&#8221;]<\/p>\n<p style=\"text-align: center;\"><span style=\"color: #ffffff;\"><a style=\"color: #ffffff;\" href=\"https:\/\/prontotranslations.com\/pt-br\/contacto\/\">Entre em contato conosco sobre seu projeto de tradu\u00e7\u00e3o, localiza\u00e7\u00e3o ou interpreta\u00e7\u00e3o<\/a><\/span><\/p>\n<p>[\/vc_column_text][\/vc_column_inner][\/vc_row_inner][\/vc_column][\/vc_row]<\/p>\n<\/div>","protected":false},"excerpt":{"rendered":"<p>[vc_row css_animation=&#8221;&#8221; row_type=&#8221;row&#8221; use_row_as_full_screen_section=&#8221;no&#8221; type=&#8221;full_width&#8221; angled_section=&#8221;no&#8221; text_align=&#8221;left&#8221; background_image_as_pattern=&#8221;without_pattern&#8221; z_index=&#8221;&#8221;][vc_column][vc_column_text css=&#8221;&#8221;] Seu provedor de servi\u00e7os profissionais de tradu\u00e7\u00e3o e interpreta\u00e7\u00e3o [\/vc_column_text][\/vc_column][\/vc_row][vc_row css_animation=&#8221;&#8221; row_type=&#8221;row&#8221; use_row_as_full_screen_section=&#8221;no&#8221; type=&#8221;grid&#8221; angled_section=&#8221;no&#8221;&#8230;<\/p>\n","protected":false},"author":1,"featured_media":0,"parent":0,"menu_order":0,"comment_status":"closed","ping_status":"closed","template":"full_width.php","meta":{"footnotes":""},"class_list":["post-3653","page","type-page","status-publish","hentry"],"_links":{"self":[{"href":"https:\/\/prontotranslations.com\/pt-br\/wp-json\/wp\/v2\/pages\/3653","targetHints":{"allow":["GET"]}}],"collection":[{"href":"https:\/\/prontotranslations.com\/pt-br\/wp-json\/wp\/v2\/pages"}],"about":[{"href":"https:\/\/prontotranslations.com\/pt-br\/wp-json\/wp\/v2\/types\/page"}],"author":[{"embeddable":true,"href":"https:\/\/prontotranslations.com\/pt-br\/wp-json\/wp\/v2\/users\/1"}],"replies":[{"embeddable":true,"href":"https:\/\/prontotranslations.com\/pt-br\/wp-json\/wp\/v2\/comments?post=3653"}],"version-history":[{"count":8,"href":"https:\/\/prontotranslations.com\/pt-br\/wp-json\/wp\/v2\/pages\/3653\/revisions"}],"predecessor-version":[{"id":7981,"href":"https:\/\/prontotranslations.com\/pt-br\/wp-json\/wp\/v2\/pages\/3653\/revisions\/7981"}],"wp:attachment":[{"href":"https:\/\/prontotranslations.com\/pt-br\/wp-json\/wp\/v2\/media?parent=3653"}],"curies":[{"name":"wp","href":"https:\/\/api.w.org\/{rel}","templated":true}]}}