{"id":3682,"date":"2024-08-04T17:30:31","date_gmt":"2024-08-04T17:30:31","guid":{"rendered":"https:\/\/aw-web.com\/pronto2\/?page_id=3682"},"modified":"2025-01-19T05:11:25","modified_gmt":"2025-01-19T05:11:25","slug":"procedimentos-de-seguranca","status":"publish","type":"page","link":"https:\/\/prontotranslations.com\/pt-br\/procedimentos-de-seguranca\/","title":{"rendered":"Procedimentos de seguran\u00e7a"},"content":{"rendered":"<div class=\"wpb-content-wrapper\"><p>[vc_row css_animation=&#8221;&#8221; row_type=&#8221;row&#8221; use_row_as_full_screen_section=&#8221;no&#8221; type=&#8221;full_width&#8221; angled_section=&#8221;no&#8221; text_align=&#8221;left&#8221; background_image_as_pattern=&#8221;without_pattern&#8221; z_index=&#8221;&#8221;][vc_column][vc_column_text css=&#8221;.vc_custom_1728857459562{padding-bottom: 30px !important;}&#8221;]<\/p>\n<h1 style=\"text-align: center;\">Como garantimos a privacidade e a seguran\u00e7a de seu conte\u00fado<\/h1>\n<p>[\/vc_column_text][\/vc_column][\/vc_row][vc_row css_animation=&#8221;&#8221; row_type=&#8221;row&#8221; use_row_as_full_screen_section=&#8221;no&#8221; type=&#8221;grid&#8221; angled_section=&#8221;no&#8221; text_align=&#8221;left&#8221; background_image_as_pattern=&#8221;without_pattern&#8221; z_index=&#8221;&#8221; css=&#8221;.vc_custom_1719198241526{padding-top: 50px !important;padding-right: 10% !important;padding-left: 10% !important;}&#8221;][vc_column width=&#8221;1\/2&#8243; css=&#8221;.vc_custom_1712629369530{padding-right: 10% !important;padding-left: 10% !important;}&#8221;][vc_row_inner row_type=&#8221;row&#8221; type=&#8221;full_width&#8221; text_align=&#8221;center&#8221; css_animation=&#8221;&#8221; css=&#8221;.vc_custom_1722784476757{padding-top: 20px !important;}&#8221;][vc_column_inner][vc_column_text css=&#8221;.vc_custom_1728857502145{padding-bottom: 50px !important;}&#8221;]<\/p>\n<ul>\n<li style=\"text-align: left;\"><strong>A Pronto Translations disp\u00f5e de procedimentos de seguran\u00e7a rigorosos para garantir a continuidade dos neg\u00f3cios e a prote\u00e7\u00e3o das informa\u00e7\u00f5es de seus clientes.<\/strong><\/li>\n<li style=\"text-align: left;\"><strong>Como prova do desempenho de nossas medidas de seguran\u00e7a, nossos sistemas n\u00e3o sofreram uma \u00fanica queda em nossos 20 anos de exist\u00eancia.<\/strong><\/li>\n<\/ul>\n<p>[\/vc_column_text][vc_column_text css=&#8221;.vc_custom_1728857616526{padding-top: 10px !important;padding-bottom: 10px !important;background-color: #00a6e4 !important;border-radius: 3px !important;}&#8221;]<\/p>\n<p style=\"text-align: center;\"><a href=\"https:\/\/prontotranslations.com\/pt-br\/contacto\/\"><span style=\"color: #ffffff;\">Contact us about any questions you may have about the security or confidentiality of your content as we handle your translation or localization project<\/span><\/a><\/p>\n<p>[\/vc_column_text][vc_empty_space][\/vc_column_inner][\/vc_row_inner][\/vc_column][vc_column width=&#8221;1\/2&#8243;][vc_single_image image=&#8221;3683&#8243; img_size=&#8221;full&#8221; alignment=&#8221;center&#8221; qode_css_animation=&#8221;&#8221; css=&#8221;.vc_custom_1722793062816{padding-bottom: 30px !important;}&#8221;][vc_empty_space][\/vc_column][\/vc_row][vc_row css_animation=&#8221;&#8221; row_type=&#8221;row&#8221; use_row_as_full_screen_section=&#8221;no&#8221; type=&#8221;grid&#8221; angled_section=&#8221;no&#8221; text_align=&#8221;left&#8221; background_image_as_pattern=&#8221;without_pattern&#8221; z_index=&#8221;&#8221;][vc_column][vc_separator type=&#8221;normal&#8221; color=&#8221;#88cce2&#8243; thickness=&#8221;5&#8243; up=&#8221;0&#8243; down=&#8221;0&#8243;][\/vc_column][\/vc_row][vc_row css_animation=&#8221;&#8221; row_type=&#8221;row&#8221; use_row_as_full_screen_section=&#8221;no&#8221; type=&#8221;full_width&#8221; angled_section=&#8221;no&#8221; text_align=&#8221;left&#8221; background_image_as_pattern=&#8221;without_pattern&#8221; z_index=&#8221;&#8221; css=&#8221;.vc_custom_1712718567412{background-color: rgba(0,166,228,0.05) !important;*background-color: rgb(0,166,228) !important;}&#8221;][vc_column][vc_row_inner row_type=&#8221;row&#8221; type=&#8221;grid&#8221; text_align=&#8221;left&#8221; css_animation=&#8221;&#8221; css=&#8221;.vc_custom_1718510501771{padding-top: 50px !important;}&#8221;][vc_column_inner width=&#8221;1\/2&#8243;][vc_single_image image=&#8221;3684&#8243; img_size=&#8221;full&#8221; qode_css_animation=&#8221;&#8221;][vc_empty_space][\/vc_column_inner][vc_column_inner width=&#8221;1\/2&#8243;][vc_column_text css=&#8221;.vc_custom_1728857717906{padding-bottom: 40px !important;}&#8221;]<\/p>\n<h2>Protocolos gerais para funcion\u00e1rios<\/h2>\n<p>Exigimos que cada usu\u00e1rio mude sua senha a cada tr\u00eas meses. Tamb\u00e9m temos exig\u00eancias quanto ao comprimento e \u00e0 complexidade da senha. Para reuni\u00f5es internas que requerem medidas especiais de seguran\u00e7a, utilizamos exclusivamente o aplicativo Microsoft Teams devido \u00e0s disposi\u00e7\u00f5es de seguran\u00e7a aprimoradas da ferramenta de reuni\u00f5es.<\/p>\n<h2>Durante e ap\u00f3s o recebimento da tarefa do cliente<\/h2>\n<p>Endere\u00e7os de e-mail dedicados e seguros s\u00e3o usados para receber pedidos de clientes. O l\u00edder da equipe faz o upload do arquivo anexo e o carrega na biblioteca de documentos do tradutor no aplicativo Microsoft SharePoint. Somente o l\u00edder da equipe e o tradutor a quem a tradu\u00e7\u00e3o foi designada t\u00eam acesso ao documento em quest\u00e3o. O arquivo carregado \u00e9 exclu\u00eddo imediatamente para que o arquivo na biblioteca do tradutor seja o \u00fanico que mantemos.<\/p>\n<h2>Durante o processo de tradu\u00e7\u00e3o<\/h2>\n<p>Ap\u00f3s receber o alerta notificando-o de uma nova tarefa (atrav\u00e9s de um e-mail de notifica\u00e7\u00e3o gerado pelo portal com o \u00fanico objetivo de informar o tradutor), o tradutor faz o login no portal SharePoint usando a conta e senha exclusivas que atendem nossos requisitos de complexidade, atrav\u00e9s de uma conex\u00e3o https segura. A conex\u00e3o \u00e9 gravada no registro do firewall. O tradutor pode ent\u00e3o baixar o arquivo e import\u00e1-lo para seu software de tradu\u00e7\u00e3o, como o SDL Trados Studio.[\/vc_column_text][\/vc_column_inner][\/vc_row_inner][\/vc_column][\/vc_row][vc_row css_animation=&#8221;&#8221; row_type=&#8221;row&#8221; use_row_as_full_screen_section=&#8221;no&#8221; type=&#8221;grid&#8221; angled_section=&#8221;no&#8221; text_align=&#8221;left&#8221; background_image_as_pattern=&#8221;without_pattern&#8221; z_index=&#8221;&#8221;][vc_column][vc_separator type=&#8221;normal&#8221; color=&#8221;#88cce2&#8243; thickness=&#8221;5&#8243; up=&#8221;0&#8243; down=&#8221;0&#8243;][\/vc_column][\/vc_row][vc_row css_animation=&#8221;&#8221; row_type=&#8221;row&#8221; use_row_as_full_screen_section=&#8221;no&#8221; type=&#8221;full_width&#8221; angled_section=&#8221;no&#8221; text_align=&#8221;left&#8221; background_image_as_pattern=&#8221;without_pattern&#8221; z_index=&#8221;&#8221; css=&#8221;.vc_custom_1718512349787{padding-top: 50px !important;padding-bottom: 30px !important;}&#8221;][vc_column][vc_row_inner row_type=&#8221;row&#8221; type=&#8221;grid&#8221; text_align=&#8221;left&#8221; css_animation=&#8221;&#8221;][vc_column_inner width=&#8221;1\/2&#8243;][vc_column_text css=&#8221;.vc_custom_1728857802021{padding-bottom: 30px !important;}&#8221;]<\/p>\n<h2>Na entrega do texto traduzido ao cliente<\/h2>\n<p>O l\u00edder da equipe faz o download da tradu\u00e7\u00e3o final do portal e a envia para o cliente por e-mail em anexo. Se o cliente tem um protocolo preferido para a entrega do projeto, como o upload direto para seu servidor FTP ou entrega atrav\u00e9s do servi\u00e7o de transfer\u00eancia de arquivos WeTransfer ou um servi\u00e7o similar, n\u00f3s podemos fazer isso. Os arquivos s\u00e3o armazenados apenas no portal e no servidor de e-mail. Nenhuma divulga\u00e7\u00e3o \u00e9 permitida durante este processo. Todos os arquivos carregados devem ser exclu\u00eddos imediatamente ap\u00f3s o uso.<\/p>\n<h2>Ap\u00f3s a entrega do texto traduzido ao cliente<\/h2>\n<p>Todos os documentos traduzidos s\u00e3o armazenados e arquivados no portal. Ningu\u00e9m est\u00e1 autorizado a alter\u00e1-los ou exclu\u00ed-los. Eles s\u00f3 podem ser usados como refer\u00eancia para garantir a consist\u00eancia e a precis\u00e3o exigidas pelos clientes.<\/p>\n<p>Diferentes n\u00edveis de autoriza\u00e7\u00e3o est\u00e3o em vigor para garantir a seguran\u00e7a das informa\u00e7\u00f5es do cliente. As autoriza\u00e7\u00f5es de n\u00edvel de operacionais, de site, de biblioteca e de documento s\u00e3o todas cuidadosamente projetadas e implementadas para limitar a divulga\u00e7\u00e3o e o acesso \u00e0s informa\u00e7\u00f5es \u00e0s partes interessadas designadas. O firewall Windows e os aplicativos anti-v\u00edrus da Microsoft est\u00e3o instalados para proteger o tr\u00e1fego entre servidores e PCs pessoais.<\/p>\n<p>Al\u00e9m dessas medidas t\u00e9cnicas, todos os tradutores devem cumprir o acordo de n\u00e3o-divulga\u00e7\u00e3o que assinaram como parte das condi\u00e7\u00f5es para se tornar um freelancer com a Pronto Translations. O contrato de n\u00e3o-divulga\u00e7\u00e3o cont\u00e9m uma cl\u00e1usula que compromete o tradutor a proteger a seguran\u00e7a das informa\u00e7\u00f5es, tanto para a Pronto como para o cliente.<\/p>\n<p>Se um determinado documento exigir confidencialidade \u201crefor\u00e7ada\u201d, aplicaremos medidas de seguran\u00e7a mais rigorosas ao receber, processar e entregar o documento atrav\u00e9s de nosso portal dedicado. Uma \u00fanica URL \u00e9 usada para este portal. Esta URL \u00e9 revelada ao pequeno grupo de pessoas selecionadas para realizar qualquer tarefa que exija confidencialidade \u201crefor\u00e7ada\u201d. S\u00e3o concedidas permiss\u00f5es de acesso mais restritas para cada arquivo no portal. Todo o trabalho de tradu\u00e7\u00e3o e edi\u00e7\u00e3o deve ser processado e conclu\u00eddo pelo portal, pois n\u00e3o s\u00e3o permitidos downloads. Somente para estas tarefas, como medida adicional de seguran\u00e7a, n\u00e3o ser\u00e1 criada nenhuma mem\u00f3ria de tradu\u00e7\u00e3o.<\/p>\n<p>[\/vc_column_text][\/vc_column_inner][vc_column_inner width=&#8221;1\/2&#8243;][vc_single_image image=&#8221;3685&#8243; img_size=&#8221;full&#8221; qode_css_animation=&#8221;&#8221;][vc_empty_space height=&#8221;12px&#8221;][\/vc_column_inner][\/vc_row_inner][\/vc_column][\/vc_row][vc_row css_animation=&#8221;&#8221; row_type=&#8221;row&#8221; use_row_as_full_screen_section=&#8221;no&#8221; type=&#8221;grid&#8221; angled_section=&#8221;no&#8221; text_align=&#8221;left&#8221; background_image_as_pattern=&#8221;without_pattern&#8221; z_index=&#8221;&#8221;][vc_column][vc_separator type=&#8221;normal&#8221; color=&#8221;#88cce2&#8243; thickness=&#8221;5&#8243; up=&#8221;0&#8243; down=&#8221;0&#8243;][\/vc_column][\/vc_row][vc_row css_animation=&#8221;&#8221; row_type=&#8221;row&#8221; use_row_as_full_screen_section=&#8221;no&#8221; type=&#8221;full_width&#8221; angled_section=&#8221;no&#8221; text_align=&#8221;left&#8221; background_image_as_pattern=&#8221;without_pattern&#8221; z_index=&#8221;&#8221; css=&#8221;.vc_custom_1718512370579{padding-top: 50px !important;padding-bottom: 30px !important;background-color: rgba(0,166,228,0.05) !important;*background-color: rgb(0,166,228) !important;}&#8221;][vc_column][vc_row_inner row_type=&#8221;row&#8221; type=&#8221;grid&#8221; text_align=&#8221;left&#8221; css_animation=&#8221;&#8221;][vc_column_inner width=&#8221;1\/2&#8243;][vc_single_image image=&#8221;3664&#8243; img_size=&#8221;full&#8221; qode_css_animation=&#8221;&#8221;][vc_empty_space height=&#8221;22px&#8221;][\/vc_column_inner][vc_column_inner width=&#8221;1\/2&#8243;][vc_column_text css=&#8221;.vc_custom_1728857842179{padding-top: 30px !important;padding-bottom: 40px !important;}&#8221;]<\/p>\n<h2>Medidas gerais para garantir a seguran\u00e7a do sistema<\/h2>\n<p>As seguintes medidas s\u00e3o agora exigidas de todos os funcion\u00e1rios da Pronto para evitar intrus\u00f5es n\u00e3o autorizadas e a introdu\u00e7\u00e3o de software malicioso ou nocivo em nossos sistemas:<\/p>\n<ul>\n<li>Implementa\u00e7\u00e3o de software antiv\u00edrus em todos os sistemas e dispositivos<\/li>\n<li>Implanta\u00e7\u00e3o de software anti-malware em todos os sistemas e dispositivos<\/li>\n<li>Refor\u00e7o peri\u00f3dico de todos os sistemas operacionais<\/li>\n<li>Implementa\u00e7\u00e3o de segmentos de rede perimetrais e zonas de seguran\u00e7a de rede<\/li>\n<li>Uso obrigat\u00f3rio de senhas complexas para acesso a todos os sistemas, incluindo todas as aplica\u00e7\u00f5es de software<\/li>\n<li>Autentica\u00e7\u00e3o multi-fator necess\u00e1ria<\/li>\n<li>Criptografia de sistemas de arquivos, discos e documentos individuais<\/li>\n<li>Atualizar os sistemas operacionais assim que as atualiza\u00e7\u00f5es e os patches de seguran\u00e7a forem liberados pelo fornecedor<\/li>\n<li>Varreduras programadas das entradas<\/li>\n<li>Varreduras programadas de vulnerabilidade<\/li>\n<\/ul>\n<p>[\/vc_column_text][\/vc_column_inner][\/vc_row_inner][\/vc_column][\/vc_row][vc_row css_animation=&#8221;&#8221; row_type=&#8221;row&#8221; use_row_as_full_screen_section=&#8221;no&#8221; type=&#8221;grid&#8221; angled_section=&#8221;no&#8221; text_align=&#8221;left&#8221; background_image_as_pattern=&#8221;without_pattern&#8221; z_index=&#8221;&#8221;][vc_column][vc_separator type=&#8221;normal&#8221; color=&#8221;#88cce2&#8243; thickness=&#8221;5&#8243; up=&#8221;0&#8243; down=&#8221;0&#8243;][\/vc_column][\/vc_row][vc_row css_animation=&#8221;&#8221; row_type=&#8221;row&#8221; use_row_as_full_screen_section=&#8221;no&#8221; type=&#8221;full_width&#8221; angled_section=&#8221;no&#8221; text_align=&#8221;left&#8221; background_image_as_pattern=&#8221;without_pattern&#8221; z_index=&#8221;&#8221; css=&#8221;.vc_custom_1718512349787{padding-top: 50px !important;padding-bottom: 30px !important;}&#8221;][vc_column][vc_row_inner row_type=&#8221;row&#8221; type=&#8221;grid&#8221; text_align=&#8221;left&#8221; css_animation=&#8221;&#8221;][vc_column_inner width=&#8221;1\/2&#8243;][vc_column_text css=&#8221;.vc_custom_1728857916228{padding-bottom: 30px !important;}&#8221;]<\/p>\n<h2>Gerenciamento de risco<\/h2>\n<p>A Pronto tem pol\u00edticas e programas implementados para gerenciar os riscos de seguran\u00e7a on-line. Como parte do processo de gerenciamento de risco, as seguintes tarefas s\u00e3o realizadas em um cronograma fixo e peri\u00f3dico:<\/p>\n<ul>\n<li>Identifica\u00e7\u00e3o de amea\u00e7as e vulnerabilidades ambientais<\/li>\n<li>C\u00e1lculo de risco<\/li>\n<li>Relatar riscos no ambiente da nuvem<\/li>\n<li>Tratamento de riscos com base na avalia\u00e7\u00e3o de impacto e no caso comercial associado<\/li>\n<li>Teste da efic\u00e1cia potencial das medidas corretivas e c\u00e1lculo do risco residual<\/li>\n<li>Gerenciamento cont\u00ednuo de riscos<\/li>\n<\/ul>\n<h2>Gerenciamento de identidade e acesso<\/h2>\n<p>Quando os usu\u00e1rios trabalham em dispositivos diferentes de qualquer local e acessam aplica\u00e7\u00f5es em portais diferentes, \u00e9 essencial preservar a identidade do usu\u00e1rio. Utilizamos a identidade para controlar o acesso a qualquer servi\u00e7o a partir de qualquer dispositivo, bem como para obter visibilidade e melho compreens\u00e3o de como nossos dados est\u00e3o sendo utilizados.<\/p>\n<p>Aqui est\u00e3o algumas considera\u00e7\u00f5es fundamentais para a gest\u00e3o da identidade e do acesso:<\/p>\n<ul>\n<li>Provisionamento de identidade<\/li>\n<li>Reavalia\u00e7\u00e3o peri\u00f3dica da forma mais segura de automatizar o provisionamento de identidade utilizando a infraestrutura atual no local<\/li>\n<li>Federa\u00e7\u00e3o da identidade<\/li>\n<li>Single sign-on (SSO)<\/li>\n<li>Avaliar os requisitos de sinaliza\u00e7\u00e3o \u00fanica da organiza\u00e7\u00e3o e como integr\u00e1-la com as aplica\u00e7\u00f5es existentes<\/li>\n<li>Gerenciamento de perfil<\/li>\n<li>Controle de acesso<\/li>\n<li>Aplica\u00e7\u00e3o de controle de acesso com base em fun\u00e7\u00f5es<\/li>\n<\/ul>\n<p>[\/vc_column_text][\/vc_column_inner][vc_column_inner width=&#8221;1\/2&#8243;][vc_single_image image=&#8221;3686&#8243; img_size=&#8221;full&#8221; qode_css_animation=&#8221;&#8221;][vc_empty_space height=&#8221;12px&#8221;][\/vc_column_inner][\/vc_row_inner][\/vc_column][\/vc_row][vc_row css_animation=&#8221;&#8221; row_type=&#8221;row&#8221; use_row_as_full_screen_section=&#8221;no&#8221; type=&#8221;grid&#8221; angled_section=&#8221;no&#8221; text_align=&#8221;left&#8221; background_image_as_pattern=&#8221;without_pattern&#8221; z_index=&#8221;&#8221;][vc_column][vc_separator type=&#8221;normal&#8221; color=&#8221;#88cce2&#8243; thickness=&#8221;5&#8243; up=&#8221;0&#8243; down=&#8221;0&#8243;][\/vc_column][\/vc_row][vc_row css_animation=&#8221;&#8221; row_type=&#8221;row&#8221; use_row_as_full_screen_section=&#8221;no&#8221; type=&#8221;full_width&#8221; angled_section=&#8221;no&#8221; text_align=&#8221;left&#8221; background_image_as_pattern=&#8221;without_pattern&#8221; z_index=&#8221;&#8221; css=&#8221;.vc_custom_1718512370579{padding-top: 50px !important;padding-bottom: 30px !important;background-color: rgba(0,166,228,0.05) !important;*background-color: rgb(0,166,228) !important;}&#8221;][vc_column][vc_row_inner row_type=&#8221;row&#8221; type=&#8221;grid&#8221; text_align=&#8221;left&#8221; css_animation=&#8221;&#8221;][vc_column_inner width=&#8221;1\/2&#8243;][vc_single_image image=&#8221;3687&#8243; img_size=&#8221;full&#8221; qode_css_animation=&#8221;&#8221;][vc_empty_space height=&#8221;22px&#8221;][\/vc_column_inner][vc_column_inner width=&#8221;1\/2&#8243;][vc_column_text css=&#8221;.vc_custom_1728857959115{padding-top: 30px !important;padding-bottom: 40px !important;}&#8221;]<\/p>\n<h2>Prote\u00e7\u00e3o de terminais<\/h2>\n<p>A Pronto estudou cuidadosamente e revisa frequentemente seus procedimentos de seguran\u00e7a de terminais no ambiente da nuvem, uma vez que os terminais foram expostos a mais conex\u00f5es externas e acessaram um n\u00famero crescente de aplica\u00e7\u00f5es em diferentes portais.<\/p>\n<p>Os usu\u00e1rios s\u00e3o o principal alvo de ataques, e os terminais finais s\u00e3o os principais objetos que esses usu\u00e1rios usam para consumir dados. Um terminal pode ser a esta\u00e7\u00e3o de trabalho do usu\u00e1rio, smartphone ou qualquer dispositivo que possa ser usado para acessar recursos na nuvem.<\/p>\n<p>Aplicamos as melhores pr\u00e1ticas de seguran\u00e7a listadas abaixo para planejar a prote\u00e7\u00e3o do terminal:<\/p>\n<ul>\n<li>Atualiza\u00e7\u00e3o do software do terminal<\/li>\n<li>Utiliza\u00e7\u00e3o de implanta\u00e7\u00e3o autom\u00e1tica para fornecer atualiza\u00e7\u00f5es de defini\u00e7\u00e3o aos terminais<\/li>\n<li>Controle do acesso ao ponto de download da atualiza\u00e7\u00e3o do software<\/li>\n<li>Usu\u00e1rios finais sem privil\u00e9gios administrativos locais<\/li>\n<li>Usando o princ\u00edpio do m\u00ednimo privil\u00e9gio e a administra\u00e7\u00e3o com base em fun\u00e7\u00f5es para conceder permiss\u00f5es aos usu\u00e1rios<\/li>\n<li>Monitoramento diligente de alertas terminais<\/li>\n<\/ul>\n<p>[\/vc_column_text][\/vc_column_inner][\/vc_row_inner][\/vc_column][\/vc_row][vc_row css_animation=&#8221;&#8221; row_type=&#8221;row&#8221; use_row_as_full_screen_section=&#8221;no&#8221; type=&#8221;grid&#8221; angled_section=&#8221;no&#8221; text_align=&#8221;left&#8221; background_image_as_pattern=&#8221;without_pattern&#8221; z_index=&#8221;&#8221;][vc_column][vc_separator type=&#8221;normal&#8221; color=&#8221;#88cce2&#8243; thickness=&#8221;5&#8243; up=&#8221;0&#8243; down=&#8221;0&#8243;][\/vc_column][\/vc_row][vc_row css_animation=&#8221;&#8221; row_type=&#8221;row&#8221; use_row_as_full_screen_section=&#8221;no&#8221; type=&#8221;full_width&#8221; angled_section=&#8221;no&#8221; text_align=&#8221;left&#8221; background_image_as_pattern=&#8221;without_pattern&#8221; z_index=&#8221;&#8221; css=&#8221;.vc_custom_1718512349787{padding-top: 50px !important;padding-bottom: 30px !important;}&#8221;][vc_column][vc_row_inner row_type=&#8221;row&#8221; type=&#8221;grid&#8221; text_align=&#8221;left&#8221; css_animation=&#8221;&#8221;][vc_column_inner width=&#8221;1\/2&#8243;][vc_column_text css=&#8221;.vc_custom_1728858005858{padding-bottom: 30px !important;}&#8221;]<\/p>\n<h2>Prote\u00e7\u00e3o de dados<\/h2>\n<p>Quando se trata de seguran\u00e7a na nuvem, o objetivo final \u00e9 garantir a seguran\u00e7a dos dados, onde quer que eles estejam localizados. Os dados passam por diferentes etapas; a etapa depende de onde os dados se encontram em um determinado momento.<\/p>\n<ul>\n<li>Dados em repouso no dispositivo do usu\u00e1rio<\/li>\n<\/ul>\n<p>Neste caso, os dados est\u00e3o no terminal, que pode ser qualquer dispositivo. Sempre impomos a criptografia dos dados em repouso tanto nos dispositivos de propriedade da empresa quanto nos de propriedade do usu\u00e1rio.<\/p>\n<ul>\n<li>Dados em tr\u00e2nsito entre o dispositivo do usu\u00e1rio e a nuvem privada no local<\/li>\n<\/ul>\n<p>Quando os dados deixam o dispositivo do usu\u00e1rio, garantimos que estejam sempre protegidos. Muitas tecnologias permitem que os dados sejam criptografados onde quer que estejam localizados. Tamb\u00e9m \u00e9 imperativo garantir que o canal de transporte seja criptografado.<br \/>\n[\/vc_column_text][\/vc_column_inner][vc_column_inner width=&#8221;1\/2&#8243;][vc_single_image image=&#8221;3688&#8243; img_size=&#8221;full&#8221; qode_css_animation=&#8221;&#8221;][vc_empty_space height=&#8221;12px&#8221;][\/vc_column_inner][\/vc_row_inner][\/vc_column][\/vc_row][vc_row css_animation=&#8221;&#8221; row_type=&#8221;row&#8221; use_row_as_full_screen_section=&#8221;no&#8221; type=&#8221;full_width&#8221; angled_section=&#8221;no&#8221; text_align=&#8221;left&#8221; background_image_as_pattern=&#8221;without_pattern&#8221;][vc_column][vc_column_text]<\/p>\n<p>[\/vc_column_text][\/vc_column][\/vc_row][vc_row css_animation=&#8221;&#8221; row_type=&#8221;row&#8221; use_row_as_full_screen_section=&#8221;no&#8221; type=&#8221;full_width&#8221; angled_section=&#8221;no&#8221; text_align=&#8221;left&#8221; background_image_as_pattern=&#8221;without_pattern&#8221; z_index=&#8221;&#8221; background_color=&#8221;rgba(0,166,228,0.35)&#8221;][vc_column][vc_row_inner row_type=&#8221;row&#8221; type=&#8221;grid&#8221; text_align=&#8221;left&#8221; css_animation=&#8221;&#8221; css=&#8221;.vc_custom_1712461537481{margin-top: 30px !important;margin-bottom: 30px !important;}&#8221;][vc_column_inner][vc_column_text css=&#8221;.vc_custom_1728857587870{padding-top: 15px !important;padding-right: 10px !important;padding-bottom: 15px !important;padding-left: 10px !important;background-color: #00a5e4 !important;border-radius: 3px !important;}&#8221;]<\/p>\n<p style=\"text-align: center;\"><span style=\"color: #ffffff;\"><a style=\"color: #ffffff;\" href=\"https:\/\/prontotranslations.com\/pt-br\/contacto\/\">Contact us about any questions you may have about the security or confidentiality of your content as we handle your translation or localization project<\/a><\/span><\/p>\n<p>[\/vc_column_text][\/vc_column_inner][\/vc_row_inner][\/vc_column][\/vc_row]<\/p>\n<\/div>","protected":false},"excerpt":{"rendered":"<p>[vc_row css_animation=&#8221;&#8221; row_type=&#8221;row&#8221; use_row_as_full_screen_section=&#8221;no&#8221; type=&#8221;full_width&#8221; angled_section=&#8221;no&#8221; text_align=&#8221;left&#8221; background_image_as_pattern=&#8221;without_pattern&#8221; z_index=&#8221;&#8221;][vc_column][vc_column_text css=&#8221;.vc_custom_1728857459562{padding-bottom: 30px !important;}&#8221;] Como garantimos a privacidade e a seguran\u00e7a de seu conte\u00fado [\/vc_column_text][\/vc_column][\/vc_row][vc_row css_animation=&#8221;&#8221; row_type=&#8221;row&#8221;&#8230;<\/p>\n","protected":false},"author":1,"featured_media":0,"parent":0,"menu_order":2,"comment_status":"closed","ping_status":"closed","template":"full_width.php","meta":{"footnotes":""},"class_list":["post-3682","page","type-page","status-publish","hentry"],"_links":{"self":[{"href":"https:\/\/prontotranslations.com\/pt-br\/wp-json\/wp\/v2\/pages\/3682","targetHints":{"allow":["GET"]}}],"collection":[{"href":"https:\/\/prontotranslations.com\/pt-br\/wp-json\/wp\/v2\/pages"}],"about":[{"href":"https:\/\/prontotranslations.com\/pt-br\/wp-json\/wp\/v2\/types\/page"}],"author":[{"embeddable":true,"href":"https:\/\/prontotranslations.com\/pt-br\/wp-json\/wp\/v2\/users\/1"}],"replies":[{"embeddable":true,"href":"https:\/\/prontotranslations.com\/pt-br\/wp-json\/wp\/v2\/comments?post=3682"}],"version-history":[{"count":4,"href":"https:\/\/prontotranslations.com\/pt-br\/wp-json\/wp\/v2\/pages\/3682\/revisions"}],"predecessor-version":[{"id":3691,"href":"https:\/\/prontotranslations.com\/pt-br\/wp-json\/wp\/v2\/pages\/3682\/revisions\/3691"}],"wp:attachment":[{"href":"https:\/\/prontotranslations.com\/pt-br\/wp-json\/wp\/v2\/media?parent=3682"}],"curies":[{"name":"wp","href":"https:\/\/api.w.org\/{rel}","templated":true}]}}