{"id":3693,"date":"2024-08-05T01:37:34","date_gmt":"2024-08-05T01:37:34","guid":{"rendered":"https:\/\/aw-web.com\/pronto2\/?page_id=3693"},"modified":"2026-02-15T03:53:59","modified_gmt":"2026-02-15T03:53:59","slug":"ofertas-de-trabalho","status":"publish","type":"page","link":"https:\/\/prontotranslations.com\/pt-br\/ofertas-de-trabalho\/","title":{"rendered":"Ofertas de trabalho"},"content":{"rendered":"<div class=\"wpb-content-wrapper\"><p>[vc_row css_animation=&#8221;&#8221; row_type=&#8221;row&#8221; use_row_as_full_screen_section=&#8221;no&#8221; type=&#8221;full_width&#8221; angled_section=&#8221;no&#8221; text_align=&#8221;left&#8221; background_image_as_pattern=&#8221;without_pattern&#8221; z_index=&#8221;&#8221;][vc_column][vc_column_text css=&#8221;.vc_custom_1771127629471{padding-bottom: 30px !important;}&#8221;]<\/p>\n<h1 style=\"text-align: center;\">Ofertas de trabalho para int\u00e9rpretes<\/h1>\n<p>[\/vc_column_text][\/vc_column][\/vc_row][vc_row css_animation=&#8221;&#8221; row_type=&#8221;row&#8221; use_row_as_full_screen_section=&#8221;no&#8221; type=&#8221;full_width&#8221; angled_section=&#8221;no&#8221; text_align=&#8221;left&#8221; background_image_as_pattern=&#8221;without_pattern&#8221; z_index=&#8221;&#8221; css=&#8221;.vc_custom_1722821750141{padding-top: 50px !important;padding-right: 10% !important;padding-left: 10% !important;}&#8221;][vc_column width=&#8221;1\/2&#8243; css=&#8221;.vc_custom_1712629369530{padding-right: 10% !important;padding-left: 10% !important;}&#8221;][vc_row_inner row_type=&#8221;row&#8221; type=&#8221;full_width&#8221; text_align=&#8221;center&#8221; css_animation=&#8221;&#8221; css=&#8221;.vc_custom_1722784476757{padding-top: 20px !important;}&#8221;][vc_column_inner][vc_column_text css=&#8221;.vc_custom_1770612894000{padding-bottom: 50px !important;}&#8221;]<\/p>\n<p style=\"text-align: center;\"><strong>A Pronto Translations est\u00e1 atualmente em busca de int\u00e9rpretes freelancers para todos os pares de idiomas.<\/strong><\/p>\n<p>[\/vc_column_text][\/vc_column_inner][\/vc_row_inner][vc_column_text css=&#8221;&#8221;]A Pronto Translations oferece servi\u00e7os profissionais de tradu\u00e7\u00e3o e interpreta\u00e7\u00e3o para clientes em todo o mundo. No momento, estamos recrutando apenas int\u00e9rpretes freelancers para trabalhos presenciais e remotos em diversos contextos profissionais.<\/p>\n<p><em>Informamos que n\u00e3o estamos aceitando candidaturas para fun\u00e7\u00f5es de tradu\u00e7\u00e3o neste momento.<\/em><\/p>\n<h2>Requisitos para candidatura<\/h2>\n<p>Devido ao alto n\u00famero de perfis fraudulentos ou de falsifica\u00e7\u00e3o de identidade, as candidaturas s\u00f3 ser\u00e3o consideradas se enviadas em formato de curr\u00edculo (CV) e se inclu\u00edrem as seguintes informa\u00e7\u00f5es verific\u00e1veis:<\/p>\n<ul>\n<li>endere\u00e7o de e-mail v\u00e1lido<\/li>\n<li>n\u00famero de telefone v\u00e1lido<\/li>\n<li>endere\u00e7o f\u00edsico completo (caixas postais n\u00e3o s\u00e3o aceitas)<\/li>\n<\/ul>\n<p>[\/vc_column_text][vc_empty_space][\/vc_column][vc_column width=&#8221;1\/2&#8243;][vc_single_image image=&#8221;3694&#8243; img_size=&#8221;full&#8221; alignment=&#8221;center&#8221; css=&#8221;.vc_custom_1722821393036{padding-bottom: 30px !important;}&#8221; qode_css_animation=&#8221;&#8221;][vc_empty_space][\/vc_column][\/vc_row][vc_row css_animation=&#8221;&#8221; row_type=&#8221;row&#8221; use_row_as_full_screen_section=&#8221;no&#8221; type=&#8221;full_width&#8221; angled_section=&#8221;no&#8221; text_align=&#8221;left&#8221; background_image_as_pattern=&#8221;without_pattern&#8221;][vc_column][vc_column_text css=&#8221;.vc_custom_1770613102667{padding-right: 13% !important;padding-left: 13% !important;}&#8221;]Nosso processo de recrutamento inclui uma entrevista telef\u00f4nica obrigat\u00f3ria para verifica\u00e7\u00e3o de identidade e hist\u00f3rico profissional.<\/p>\n<p>Candidaturas que n\u00e3o forem enviadas em formato de CV, que n\u00e3o inclu\u00edrem informa\u00e7\u00f5es completas e verific\u00e1veis, ou que sejam para fun\u00e7\u00f5es de tradu\u00e7\u00e3o n\u00e3o ser\u00e3o consideradas.<\/p>\n<h2>Qualifica\u00e7\u00f5es desej\u00e1veis<\/h2>\n<p>Ser\u00e1 dada prefer\u00eancia a candidatos que atendam a um ou mais dos seguintes crit\u00e9rios:<\/p>\n<ul>\n<li>diploma em interpreta\u00e7\u00e3o obtido em institui\u00e7\u00e3o reconhecida<\/li>\n<li>filia\u00e7\u00e3o a uma associa\u00e7\u00e3o nacional reconhecida de tradutores ou int\u00e9rpretes<\/li>\n<li>experi\u00eancia profissional comprovada em interpreta\u00e7\u00e3o em \u00e1reas relevantes<\/li>\n<\/ul>\n<p>[\/vc_column_text][vc_empty_space][\/vc_column][\/vc_row][vc_row css_animation=&#8221;&#8221; row_type=&#8221;row&#8221; use_row_as_full_screen_section=&#8221;no&#8221; type=&#8221;grid&#8221; angled_section=&#8221;no&#8221; text_align=&#8221;left&#8221; background_image_as_pattern=&#8221;without_pattern&#8221; z_index=&#8221;&#8221;][vc_column][vc_separator type=&#8221;normal&#8221; color=&#8221;#88cce2&#8243; thickness=&#8221;5&#8243; up=&#8221;0&#8243; down=&#8221;0&#8243;][\/vc_column][\/vc_row][vc_row css_animation=&#8221;&#8221; row_type=&#8221;row&#8221; use_row_as_full_screen_section=&#8221;no&#8221; type=&#8221;full_width&#8221; angled_section=&#8221;no&#8221; text_align=&#8221;left&#8221; background_image_as_pattern=&#8221;without_pattern&#8221;][vc_column][vc_row_inner row_type=&#8221;row&#8221; type=&#8221;grid&#8221; text_align=&#8221;left&#8221; css_animation=&#8221;&#8221;][vc_column_inner][vc_column_text css=&#8221;.vc_custom_1770613076053{padding-top: 30px !important;padding-bottom: 40px !important;}&#8221;]<\/p>\n<p style=\"text-align: center;\">Procuramos profissionais com car\u00e1ter, dedica\u00e7\u00e3o e talento. Os interessados devem enviar seu curr\u00edculo para \u00a0<a href=\"mailto:contact@prontotranslations.com\"><strong>contact@prontotranslations.com<\/strong><\/a><\/p>\n<p>[\/vc_column_text][\/vc_column_inner][\/vc_row_inner][\/vc_column][\/vc_row][vc_row css_animation=&#8221;&#8221; row_type=&#8221;row&#8221; use_row_as_full_screen_section=&#8221;no&#8221; type=&#8221;grid&#8221; angled_section=&#8221;no&#8221; text_align=&#8221;left&#8221; background_image_as_pattern=&#8221;without_pattern&#8221; z_index=&#8221;&#8221;][vc_column][vc_separator type=&#8221;normal&#8221; color=&#8221;#88cce2&#8243; thickness=&#8221;5&#8243; up=&#8221;0&#8243; down=&#8221;0&#8243;][\/vc_column][\/vc_row]<\/p>\n<\/div>","protected":false},"excerpt":{"rendered":"<p>[vc_row css_animation=&#8221;&#8221; row_type=&#8221;row&#8221; use_row_as_full_screen_section=&#8221;no&#8221; type=&#8221;full_width&#8221; angled_section=&#8221;no&#8221; text_align=&#8221;left&#8221; background_image_as_pattern=&#8221;without_pattern&#8221; z_index=&#8221;&#8221;][vc_column][vc_column_text css=&#8221;.vc_custom_1771127629471{padding-bottom: 30px !important;}&#8221;] Ofertas de trabalho para int\u00e9rpretes [\/vc_column_text][\/vc_column][\/vc_row][vc_row css_animation=&#8221;&#8221; row_type=&#8221;row&#8221; use_row_as_full_screen_section=&#8221;no&#8221; type=&#8221;full_width&#8221; angled_section=&#8221;no&#8221; text_align=&#8221;left&#8221; background_image_as_pattern=&#8221;without_pattern&#8221;&#8230;<\/p>\n","protected":false},"author":1,"featured_media":0,"parent":0,"menu_order":3,"comment_status":"closed","ping_status":"closed","template":"full_width.php","meta":{"footnotes":""},"class_list":["post-3693","page","type-page","status-publish","hentry"],"_links":{"self":[{"href":"https:\/\/prontotranslations.com\/pt-br\/wp-json\/wp\/v2\/pages\/3693","targetHints":{"allow":["GET"]}}],"collection":[{"href":"https:\/\/prontotranslations.com\/pt-br\/wp-json\/wp\/v2\/pages"}],"about":[{"href":"https:\/\/prontotranslations.com\/pt-br\/wp-json\/wp\/v2\/types\/page"}],"author":[{"embeddable":true,"href":"https:\/\/prontotranslations.com\/pt-br\/wp-json\/wp\/v2\/users\/1"}],"replies":[{"embeddable":true,"href":"https:\/\/prontotranslations.com\/pt-br\/wp-json\/wp\/v2\/comments?post=3693"}],"version-history":[{"count":6,"href":"https:\/\/prontotranslations.com\/pt-br\/wp-json\/wp\/v2\/pages\/3693\/revisions"}],"predecessor-version":[{"id":8303,"href":"https:\/\/prontotranslations.com\/pt-br\/wp-json\/wp\/v2\/pages\/3693\/revisions\/8303"}],"wp:attachment":[{"href":"https:\/\/prontotranslations.com\/pt-br\/wp-json\/wp\/v2\/media?parent=3693"}],"curies":[{"name":"wp","href":"https:\/\/api.w.org\/{rel}","templated":true}]}}