{"id":3700,"date":"2024-06-16T04:50:10","date_gmt":"2024-06-16T04:50:10","guid":{"rendered":"https:\/\/aw-web.com\/pronto2\/les-langues\/"},"modified":"2025-01-19T05:01:11","modified_gmt":"2025-01-19T05:01:11","slug":"linguas","status":"publish","type":"page","link":"https:\/\/prontotranslations.com\/pt-br\/linguas\/","title":{"rendered":"L\u00ednguas"},"content":{"rendered":"<div class=\"wpb-content-wrapper\"><p>[vc_row css_animation=&#8221;&#8221; row_type=&#8221;row&#8221; use_row_as_full_screen_section=&#8221;no&#8221; type=&#8221;full_width&#8221; angled_section=&#8221;no&#8221; text_align=&#8221;left&#8221; background_image_as_pattern=&#8221;without_pattern&#8221; z_index=&#8221;&#8221;][vc_column][vc_column_text]<\/p>\n<h1 style=\"text-align: center;\">Nossos idiomas<\/h1>\n<p>[\/vc_column_text][\/vc_column][\/vc_row][vc_row css_animation=&#8221;&#8221; row_type=&#8221;row&#8221; use_row_as_full_screen_section=&#8221;no&#8221; type=&#8221;grid&#8221; angled_section=&#8221;no&#8221; text_align=&#8221;left&#8221; background_image_as_pattern=&#8221;without_pattern&#8221; z_index=&#8221;&#8221; css=&#8221;.vc_custom_1719198241526{padding-top: 50px !important;padding-right: 10% !important;padding-left: 10% !important;}&#8221;][vc_column width=&#8221;1\/2&#8243; css=&#8221;.vc_custom_1712629369530{padding-right: 10% !important;padding-left: 10% !important;}&#8221;][vc_column_text css=&#8221;.vc_custom_1728858507222{padding-bottom: 40px !important;}&#8221;]<\/p>\n<p style=\"text-align: center;\"><span style=\"color: #00a6e4;\"><strong><span style=\"color: #000000;\">Se voc\u00ea tem um projeto em um idioma ou pares de idiomas que voc\u00ea n\u00e3o v\u00ea aqui, temos uma rede muito forte e estamos confiantes de que podemos encontrar rapidamente tradutores competentes e de qualidade para lidar com seu projeto.<\/span> <\/strong><\/span><\/p>\n<p>[\/vc_column_text][vc_row_inner row_type=&#8221;row&#8221; type=&#8221;full_width&#8221; text_align=&#8221;center&#8221; css_animation=&#8221;&#8221; css=&#8221;.vc_custom_1718510388324{padding-top: 40px !important;}&#8221;][vc_column_inner][vc_column_text css=&#8221;.vc_custom_1728858576640{padding-top: 10px !important;padding-bottom: 10px !important;background-color: #00a6e4 !important;border-radius: 3px !important;}&#8221;]<\/p>\n<p style=\"text-align: center;\"><a href=\"https:\/\/prontotranslations.com\/pt-br\/contacto\/\"><span style=\"color: #ffffff;\">ntre em contato conosco sobre seu projeto de tradu\u00e7\u00e3o ou de localiza\u00e7\u00e3o<\/span><\/a><\/p>\n<p>[\/vc_column_text][vc_empty_space][\/vc_column_inner][\/vc_row_inner][\/vc_column][vc_column width=&#8221;1\/2&#8243;][vc_single_image image=&#8221;3704&#8243; img_size=&#8221;full&#8221; alignment=&#8221;center&#8221; qode_css_animation=&#8221;&#8221; css=&#8221;.vc_custom_1722977741611{padding-bottom: 30px !important;}&#8221;][vc_empty_space][\/vc_column][\/vc_row][vc_row css_animation=&#8221;&#8221; row_type=&#8221;row&#8221; use_row_as_full_screen_section=&#8221;no&#8221; type=&#8221;grid&#8221; angled_section=&#8221;no&#8221; text_align=&#8221;left&#8221; background_image_as_pattern=&#8221;without_pattern&#8221; z_index=&#8221;&#8221;][vc_column][vc_separator type=&#8221;normal&#8221; color=&#8221;#88cce2&#8243; thickness=&#8221;5&#8243; up=&#8221;0&#8243; down=&#8221;0&#8243;][\/vc_column][\/vc_row][vc_row css_animation=&#8221;&#8221; row_type=&#8221;row&#8221; use_row_as_full_screen_section=&#8221;no&#8221; type=&#8221;full_width&#8221; angled_section=&#8221;no&#8221; text_align=&#8221;left&#8221; background_image_as_pattern=&#8221;without_pattern&#8221; z_index=&#8221;&#8221; css=&#8221;.vc_custom_1712718567412{background-color: rgba(0,166,228,0.05) !important;*background-color: rgb(0,166,228) !important;}&#8221;][vc_column][vc_row_inner row_type=&#8221;row&#8221; type=&#8221;grid&#8221; text_align=&#8221;left&#8221; css_animation=&#8221;&#8221; css=&#8221;.vc_custom_1718510501771{padding-top: 50px !important;}&#8221;][vc_column_inner width=&#8221;1\/2&#8243;][vc_single_image image=&#8221;3661&#8243; img_size=&#8221;full&#8221; qode_css_animation=&#8221;&#8221;][vc_empty_space height=&#8221;52px&#8221;][\/vc_column_inner][vc_column_inner width=&#8221;1\/2&#8243;][vc_column_text css=&#8221;.vc_custom_1728858946175{padding-top: 10px !important;padding-bottom: 40px !important;}&#8221;]<\/p>\n<ul>\n<li><strong>As Am\u00e9ricas<br \/>\n<\/strong>crioulo haitiano \u2013 espanhol estadunidense \u2013 espanhol latino-americano \u2013 espanhol mexicano \u2013 franc\u00eas canadense \u2013 ingl\u00eas<\/li>\n<\/ul>\n<ul>\n<li><strong>Europa Ocidental<br \/>\n<\/strong>alem\u00e3o \u2013 catal\u00e3o \u2013 dinamarqu\u00eas \u2013 espanhol \u2013 finland\u00eas \u2013 flamengo \u2013 franc\u00eas \u2013 gal\u00eas \u2013 grego \u2013 holand\u00eas \u2013 ingl\u00eas \u2013 irland\u00eas \u2013 island\u00eas \u2013 italiano \u2013 latim \u2013 luxemburgu\u00eas \u2013 malt\u00eas \u2013 neerland\u00eas \u2013 noruegu\u00eas \u2013 portugu\u00eas \u2013 romanche \u2013 sueco<\/li>\n<\/ul>\n<ul>\n<li><strong>Europa Oriental<\/strong><br \/>\nalbanesa \u2013 bielorrusso \u2013 b\u00f3snio \u2013 b\u00falgaro \u2013 croata \u2013 eslovaco \u2013 esloveno \u2013 estoniano \u2013 h\u00fangaro \u2013 let\u00e3o \u2013 lituano \u2013 maced\u00f4nio \u2013 moldavo \u2013 montenegrino \u2013 polon\u00eas \u2013 romeno \u2013 russo \u2013 s\u00e9rvio \u2013 tcheco \u2013 ucraniano<\/li>\n<\/ul>\n<ul>\n<li><strong>\u00c1frica<\/strong><br \/>\nacholi \u2013 afar \u2013 afric\u00e2ner \u2013 am\u00e1rico \u2013 axante \u2013 bambara \u2013 bari \u2013 ba\u00fale \u2013 bemba \u2013 camba \u2013 chewa \u2013 crioulo mauriciano \u2013 dinca \u2013 ewe \u2013 fante \u2013 fon \u2013 fula \u2013 hau\u00e7\u00e1 \u2013 igbo \u2013 iorub\u00e1 \u2013 kalenjin \u2013 kirundi \u2013 krio \u2013 lingala \u2013 luganda \u2013 maay \u2013 malgaxe \u2013 mandinga \u2013 meru \u2013 mossi \u2013 ndebele \u2013 portugu\u00eas mo\u00e7ambicano \u2013 nuer \u2013 oromo \u2013 quicongo \u2013 quiniaruanda \u2013 sepedi \u2013 sesoto \u2013 somali \u2013 sua\u00edli \u2013 su\u00e1zi \u2013 tigr\u00e9 \u2013 tigrinia \u2013 tsonga \u2013 tswana \u2013 venda \u2013 wolof \u2013 xhosa \u2013 xona \u2013 zulu<\/li>\n<\/ul>\n<p>[\/vc_column_text][\/vc_column_inner][\/vc_row_inner][\/vc_column][\/vc_row][vc_row css_animation=&#8221;&#8221; row_type=&#8221;row&#8221; use_row_as_full_screen_section=&#8221;no&#8221; type=&#8221;grid&#8221; angled_section=&#8221;no&#8221; text_align=&#8221;left&#8221; background_image_as_pattern=&#8221;without_pattern&#8221; z_index=&#8221;&#8221;][vc_column][vc_separator type=&#8221;normal&#8221; color=&#8221;#88cce2&#8243; thickness=&#8221;5&#8243; up=&#8221;0&#8243; down=&#8221;0&#8243;][\/vc_column][\/vc_row][vc_row css_animation=&#8221;&#8221; row_type=&#8221;row&#8221; use_row_as_full_screen_section=&#8221;no&#8221; type=&#8221;full_width&#8221; angled_section=&#8221;no&#8221; text_align=&#8221;left&#8221; background_image_as_pattern=&#8221;without_pattern&#8221; z_index=&#8221;&#8221; css=&#8221;.vc_custom_1718512349787{padding-top: 50px !important;padding-bottom: 30px !important;}&#8221;][vc_column][vc_row_inner row_type=&#8221;row&#8221; type=&#8221;grid&#8221; text_align=&#8221;left&#8221; css_animation=&#8221;&#8221;][vc_column_inner width=&#8221;1\/2&#8243;][vc_column_text css=&#8221;.vc_custom_1728859081976{padding-bottom: 30px !important;}&#8221;]<\/p>\n<ul>\n<li><strong>Oriente M\u00e9dio<\/strong><br \/>\n\u00e1rabe \u2013 bad\u00een\u00ee \u2013 curm\u00e2nji \u2013 hebraico \u2013 lari \u2013 persa \u2013 sor\u00e2ni \u2013 turco<\/li>\n<\/ul>\n<ul>\n<li><strong>\u00c1sia Central e C\u00e1ucaso<\/strong><br \/>\narm\u00eanio \u2013 azerbaijano \u2013 cazaque \u2013 dari \u2013 georgiano \u2013 pachto \u2013 quirguiz \u2013 tajique \u2013 t\u00e1rtaro \u2013 tchetcheno \u2013 turcomeno \u2013 usbeque<\/li>\n<\/ul>\n<ul>\n<li><strong>\u00cdndia e o subcontinente<\/strong><br \/>\nassam\u00eas \u2013 bengali \u2013 butan\u00eas \u2013 canarim \u2013 cingal\u00eas \u2013 concani \u2013 guzerate \u2013 hindi \u2013 malaialam \u2013 marata \u2013 mirpuri \u2013 nepal\u00eas \u2013 ori\u00e1 \u2013 punjabi \u2013 s\u00e2nscrito \u2013 sindi \u2013 sylheti \u2013 t\u00e2mil \u2013 telugo \u2013 urdu<\/li>\n<\/ul>\n<ul>\n<li><strong>\u00c1sia Oriental<br \/>\n<\/strong>birman\u00eas \u2013 canton\u00eas \u2013 chin\u00eas simplificado \u2013 chin\u00eas tradicional \u2013 coreano \u2013 falam chin (laizo) \u2013 hakha chin (lai) \u2013 hiligainon \u2013 hmong \u2013 ilocano \u2013 indon\u00e9sio \u2013 japon\u00eas \u2013 javan\u00eas \u2013 karen \u2013 khmer \u2013 laosiano \u2013 malaio \u2013 mongol \u2013 tagalo \u2013 tedim chin (zomi) \u2013 tailand\u00eas \u2013 tibetano \u2013 vietnamita<\/li>\n<\/ul>\n<ul>\n<li><strong>Ilhas do Pac\u00edfico<br \/>\n<\/strong>chuqu\u00eas \u2013 havaiano \u2013 marshal\u00eas \u2013 maori \u2013 samoano \u2013 tongan\u00eas \u2013 yap\u00eas<\/li>\n<\/ul>\n<p>[\/vc_column_text][\/vc_column_inner][vc_column_inner width=&#8221;1\/2&#8243;][vc_single_image image=&#8221;3705&#8243; img_size=&#8221;full&#8221; qode_css_animation=&#8221;&#8221;][vc_empty_space height=&#8221;42px&#8221;][\/vc_column_inner][\/vc_row_inner][\/vc_column][\/vc_row][vc_row css_animation=&#8221;&#8221; row_type=&#8221;row&#8221; use_row_as_full_screen_section=&#8221;no&#8221; type=&#8221;full_width&#8221; angled_section=&#8221;no&#8221; text_align=&#8221;left&#8221; background_image_as_pattern=&#8221;without_pattern&#8221;][vc_column][vc_column_text]<\/p>\n<p>[\/vc_column_text][\/vc_column][\/vc_row][vc_row css_animation=&#8221;&#8221; row_type=&#8221;row&#8221; use_row_as_full_screen_section=&#8221;no&#8221; type=&#8221;full_width&#8221; angled_section=&#8221;no&#8221; text_align=&#8221;left&#8221; background_image_as_pattern=&#8221;without_pattern&#8221; z_index=&#8221;&#8221; background_color=&#8221;rgba(0,166,228,0.35)&#8221;][vc_column][vc_row_inner row_type=&#8221;row&#8221; type=&#8221;grid&#8221; text_align=&#8221;left&#8221; css_animation=&#8221;&#8221; css=&#8221;.vc_custom_1712461537481{margin-top: 30px !important;margin-bottom: 30px !important;}&#8221;][vc_column_inner][vc_column_text css=&#8221;.vc_custom_1728858629949{padding-top: 15px !important;padding-right: 10px !important;padding-bottom: 15px !important;padding-left: 10px !important;background-color: #00a5e4 !important;border-radius: 3px !important;}&#8221;]<\/p>\n<p style=\"text-align: center;\"><span style=\"color: #ffffff;\"><a style=\"color: #ffffff;\" href=\"https:\/\/prontotranslations.com\/pt-br\/contacto\/\">Entre em contato conosco sobre seu projeto de tradu\u00e7\u00e3o ou de localiza\u00e7\u00e3o<\/a><\/span><\/p>\n<p>[\/vc_column_text][\/vc_column_inner][\/vc_row_inner][\/vc_column][\/vc_row][vc_row css_animation=&#8221;&#8221; row_type=&#8221;row&#8221; use_row_as_full_screen_section=&#8221;no&#8221; type=&#8221;full_width&#8221; angled_section=&#8221;no&#8221; text_align=&#8221;left&#8221; background_image_as_pattern=&#8221;without_pattern&#8221; css=&#8221;.vc_custom_1712544871113{padding-top: 30px !important;padding-bottom: 30px !important;}&#8221; z_index=&#8221;&#8221;][vc_column width=&#8221;1\/12&#8243;][\/vc_column][vc_column width=&#8221;1\/6&#8243;][vc_single_image image=&#8221;2120&#8243; img_size=&#8221;full&#8221; alignment=&#8221;center&#8221; onclick=&#8221;custom_link&#8221; img_link_target=&#8221;_blank&#8221; qode_css_animation=&#8221;&#8221; link=&#8221;https:\/\/nyctranslators.org\/Sys\/PublicProfile\/62969243\/5592920&#8243;][vc_empty_space height=&#8221;22px&#8221;][\/vc_column][vc_column width=&#8221;1\/6&#8243;][vc_single_image image=&#8221;2121&#8243; img_size=&#8221;full&#8221; alignment=&#8221;center&#8221; onclick=&#8221;custom_link&#8221; img_link_target=&#8221;_blank&#8221; qode_css_animation=&#8221;&#8221; link=&#8221;https:\/\/chamber.nyc\/business-directory?category=-1&amp;search=pronto+translations&#8221;][vc_empty_space height=&#8221;22px&#8221;][\/vc_column][vc_column width=&#8221;1\/6&#8243;][vc_single_image image=&#8221;2122&#8243; img_size=&#8221;full&#8221; alignment=&#8221;center&#8221; onclick=&#8221;custom_link&#8221; img_link_target=&#8221;_blank&#8221; qode_css_animation=&#8221;&#8221; link=&#8221;https:\/\/www.bbb.org\/us\/ny\/new-york\/profile\/translators\/pronto-translations-0121-87150427#sealclick&#8221;][vc_empty_space height=&#8221;22px&#8221;][\/vc_column][vc_column width=&#8221;1\/6&#8243;][vc_single_image image=&#8221;2123&#8243; img_size=&#8221;full&#8221; alignment=&#8221;center&#8221; onclick=&#8221;custom_link&#8221; img_link_target=&#8221;_blank&#8221; qode_css_animation=&#8221;&#8221; link=&#8221;https:\/\/web.atanet.org\/onlinedirectories\/tsd_corp_listings\/company_view.pl?id=1672&#8243;][vc_empty_space height=&#8221;22px&#8221;][\/vc_column][vc_column width=&#8221;1\/6&#8243;][vc_single_image image=&#8221;2124&#8243; img_size=&#8221;full&#8221; alignment=&#8221;center&#8221; onclick=&#8221;custom_link&#8221; img_link_target=&#8221;_blank&#8221; qode_css_animation=&#8221;&#8221; link=&#8221;https:\/\/najit.org\/member-profile\/?member_id=9471&#8243;][vc_empty_space height=&#8221;22px&#8221;][\/vc_column][vc_column width=&#8221;1\/12&#8243;][\/vc_column][\/vc_row]<\/p>\n<\/div>","protected":false},"excerpt":{"rendered":"<p>[vc_row css_animation=&#8221;&#8221; row_type=&#8221;row&#8221; use_row_as_full_screen_section=&#8221;no&#8221; type=&#8221;full_width&#8221; angled_section=&#8221;no&#8221; text_align=&#8221;left&#8221; background_image_as_pattern=&#8221;without_pattern&#8221; z_index=&#8221;&#8221;][vc_column][vc_column_text] Nossos idiomas [\/vc_column_text][\/vc_column][\/vc_row][vc_row css_animation=&#8221;&#8221; row_type=&#8221;row&#8221; use_row_as_full_screen_section=&#8221;no&#8221; type=&#8221;grid&#8221; angled_section=&#8221;no&#8221; text_align=&#8221;left&#8221; background_image_as_pattern=&#8221;without_pattern&#8221; z_index=&#8221;&#8221; css=&#8221;.vc_custom_1719198241526{padding-top: 50px !important;padding-right: 10% !important;padding-left:&#8230;<\/p>\n","protected":false},"author":1,"featured_media":0,"parent":0,"menu_order":0,"comment_status":"closed","ping_status":"closed","template":"full_width.php","meta":{"footnotes":""},"class_list":["post-3700","page","type-page","status-publish","hentry"],"_links":{"self":[{"href":"https:\/\/prontotranslations.com\/pt-br\/wp-json\/wp\/v2\/pages\/3700","targetHints":{"allow":["GET"]}}],"collection":[{"href":"https:\/\/prontotranslations.com\/pt-br\/wp-json\/wp\/v2\/pages"}],"about":[{"href":"https:\/\/prontotranslations.com\/pt-br\/wp-json\/wp\/v2\/types\/page"}],"author":[{"embeddable":true,"href":"https:\/\/prontotranslations.com\/pt-br\/wp-json\/wp\/v2\/users\/1"}],"replies":[{"embeddable":true,"href":"https:\/\/prontotranslations.com\/pt-br\/wp-json\/wp\/v2\/comments?post=3700"}],"version-history":[{"count":7,"href":"https:\/\/prontotranslations.com\/pt-br\/wp-json\/wp\/v2\/pages\/3700\/revisions"}],"predecessor-version":[{"id":3715,"href":"https:\/\/prontotranslations.com\/pt-br\/wp-json\/wp\/v2\/pages\/3700\/revisions\/3715"}],"wp:attachment":[{"href":"https:\/\/prontotranslations.com\/pt-br\/wp-json\/wp\/v2\/media?parent=3700"}],"curies":[{"name":"wp","href":"https:\/\/api.w.org\/{rel}","templated":true}]}}