{"id":3793,"date":"2024-08-18T17:39:16","date_gmt":"2024-08-18T17:39:16","guid":{"rendered":"https:\/\/aw-web.com\/pronto2\/?page_id=3793"},"modified":"2025-01-20T02:11:43","modified_gmt":"2025-01-20T02:11:43","slug":"servicos-de-traducao-emshauca","status":"publish","type":"page","link":"https:\/\/prontotranslations.com\/pt-br\/linguas\/servicos-de-traducao-emshauca\/","title":{"rendered":"Hau\u00e7\u00e1"},"content":{"rendered":"<div class=\"wpb-content-wrapper\"><p>[vc_row css_animation=&#8221;&#8221; row_type=&#8221;row&#8221; use_row_as_full_screen_section=&#8221;no&#8221; type=&#8221;full_width&#8221; angled_section=&#8221;no&#8221; text_align=&#8221;left&#8221; background_image_as_pattern=&#8221;without_pattern&#8221; z_index=&#8221;&#8221;][vc_column][vc_column_text css=&#8221;.vc_custom_1728871998204{padding-bottom: 30px !important;}&#8221;]<\/p>\n<h1 style=\"text-align: center;\">Servi\u00e7os de tradu\u00e7\u00e3o profissional em hau\u00e7\u00e1<\/h1>\n<p>[\/vc_column_text][\/vc_column][\/vc_row][vc_row css_animation=&#8221;&#8221; row_type=&#8221;row&#8221; use_row_as_full_screen_section=&#8221;no&#8221; type=&#8221;grid&#8221; angled_section=&#8221;no&#8221; text_align=&#8221;left&#8221; background_image_as_pattern=&#8221;without_pattern&#8221; z_index=&#8221;&#8221; css=&#8221;.vc_custom_1719198241526{padding-top: 50px !important;padding-right: 10% !important;padding-left: 10% !important;}&#8221;][vc_column width=&#8221;1\/2&#8243; css=&#8221;.vc_custom_1712629369530{padding-right: 10% !important;padding-left: 10% !important;}&#8221;][vc_row_inner row_type=&#8221;row&#8221; type=&#8221;full_width&#8221; text_align=&#8221;center&#8221; css_animation=&#8221;&#8221; css=&#8221;.vc_custom_1722784476757{padding-top: 20px !important;}&#8221;][vc_column_inner][vc_column_text css=&#8221;.vc_custom_1728872058812{padding-bottom: 30px !important;}&#8221;]<\/p>\n<p style=\"text-align: center;\"><strong>Nossa equipe de especialistas em l\u00edngua hau\u00e7\u00e1 pode dar vida ao seu documento na l\u00edngua hau\u00e7\u00e1 tal como \u00e9 falada e escrita hoje!<\/strong><\/p>\n<ul>\n<li style=\"text-align: left;\">Tradu\u00e7\u00e3o do franc\u00eas para o hau\u00e7\u00e1<\/li>\n<li style=\"text-align: left;\">Tradu\u00e7\u00e3o do ingl\u00eas para o hau\u00e7\u00e1<\/li>\n<li style=\"text-align: left;\">Tradu\u00e7\u00e3o do portugu\u00eas para o hau\u00e7\u00e1<\/li>\n<\/ul>\n<p style=\"text-align: left;\">Nossos tradutores altamente qualificados do hau\u00e7\u00e1 s\u00e3o todos graduados na prestigiosa Universidade Ahmadu Bello da Nig\u00e9ria e podem lidar perfeitamente com tradu\u00e7\u00f5es do ingl\u00eas, do franc\u00eas e do portugu\u00eas para o hau\u00e7\u00e1. Eles s\u00e3o bem treinados em ingl\u00eas, franc\u00eas, portugu\u00eas e hau\u00e7\u00e1 e possuem um profundo conhecimento e familiaridade com a terminologia t\u00e9cnica, m\u00e9dica e jur\u00eddica que muitas vezes \u00e9 exigido para qualquer projeto de tradu\u00e7\u00e3o hoje em dia.<\/p>\n<p>[\/vc_column_text][vc_column_text css=&#8221;.vc_custom_1728872166108{padding-top: 10px !important;padding-bottom: 10px !important;background-color: #00a6e4 !important;border-radius: 3px !important;}&#8221;]<\/p>\n<p style=\"text-align: center;\"><a href=\"https:\/\/prontotranslations.com\/pt-br\/contacto\/\"><span style=\"color: #ffffff;\">Entre em contato conosco sobre seu projeto de tradu\u00e7\u00e3o ou localiza\u00e7\u00e3o em hau\u00e7\u00e1<\/span><\/a><\/p>\n<p>[\/vc_column_text][vc_empty_space][\/vc_column_inner][\/vc_row_inner][\/vc_column][vc_column width=&#8221;1\/2&#8243;][vc_single_image image=&#8221;3794&#8243; img_size=&#8221;full&#8221; alignment=&#8221;center&#8221; qode_css_animation=&#8221;&#8221; css=&#8221;.vc_custom_1724003093497{padding-bottom: 30px !important;}&#8221;][vc_empty_space][\/vc_column][\/vc_row][vc_row css_animation=&#8221;&#8221; row_type=&#8221;row&#8221; use_row_as_full_screen_section=&#8221;no&#8221; type=&#8221;grid&#8221; angled_section=&#8221;no&#8221; text_align=&#8221;left&#8221; background_image_as_pattern=&#8221;without_pattern&#8221; z_index=&#8221;&#8221;][vc_column][vc_separator type=&#8221;normal&#8221; color=&#8221;#88cce2&#8243; thickness=&#8221;5&#8243; up=&#8221;0&#8243; down=&#8221;0&#8243;][\/vc_column][\/vc_row][vc_row css_animation=&#8221;&#8221; row_type=&#8221;row&#8221; use_row_as_full_screen_section=&#8221;no&#8221; type=&#8221;full_width&#8221; angled_section=&#8221;no&#8221; text_align=&#8221;left&#8221; background_image_as_pattern=&#8221;without_pattern&#8221; z_index=&#8221;&#8221; css=&#8221;.vc_custom_1724001577560{padding-top: 50px !important;padding-bottom: 50px !important;background-color: rgba(0,166,228,0.05) !important;*background-color: rgb(0,166,228) !important;}&#8221;][vc_column][vc_row_inner row_type=&#8221;row&#8221; type=&#8221;grid&#8221; text_align=&#8221;left&#8221; css_animation=&#8221;&#8221;][vc_column_inner width=&#8221;1\/2&#8243;][vc_single_image image=&#8221;3798&#8243; img_size=&#8221;full&#8221; qode_css_animation=&#8221;&#8221;][vc_empty_space height=&#8221;22px&#8221;][\/vc_column_inner][vc_column_inner width=&#8221;1\/2&#8243;][vc_column_text css=&#8221;.vc_custom_1728872829358{padding-bottom: px !important;}&#8221;]<\/p>\n<h2>A segunda l\u00edngua africana mais falada no continente<\/h2>\n<p>O hau\u00e7\u00e1 (\u0647\u064e\u0648\u0652\u0633\u064e) (tamb\u00e9m conhecido como ha\u00fa\u00e7a, hausa ou haussa), \u00e9 uma l\u00edngua chadiana com cerca de 45 milh\u00f5es de falantes nativos e 25 milh\u00f5es de falantes n\u00e3o-nativos (e em crescimento), falada principalmente no norte da Nig\u00e9ria, no Chade e no N\u00edger. O Sud\u00e3o \u00e9 tamb\u00e9m o lar de uma grande comunidade de falantes do hau\u00e7\u00e1, que remonta ao tempo em que o norte da Nig\u00e9ria era um protetorado brit\u00e2nico, de 1900 a 1914. Grandes minorias residem no Gana, no Sud\u00e3o e nos Camar\u00f5es. O hau\u00e7\u00e1 tamb\u00e9m \u00e9 usado como l\u00edngua comercial em uma parte muito maior da \u00c1frica Ocidental, estendendo-se de Benin a Burkina Faso, Camar\u00f5es, Rep\u00fablica Centro-Africana, Congo, Eritr\u00e9ia e Togo.<\/p>\n<p>Incluindo todas as l\u00ednguas (coloniais e ind\u00edgenas), o hau\u00e7\u00e1 \u00e9 a sexta l\u00edngua mais falada no continente, atr\u00e1s do \u00e1rabe, franc\u00eas, ingl\u00eas, portugu\u00eas e sua\u00edli.<\/p>\n<p>O idioma \u00e9 utilizado no com\u00e9rcio, no governo e na m\u00eddia. Enquanto o ensino superior no norte da Nig\u00e9ria \u00e9 geralmente ministrado em ingl\u00eas, a instru\u00e7\u00e3o nas escolas prim\u00e1rias da regi\u00e3o \u00e9 dada em hau\u00e7\u00e1.[\/vc_column_text][\/vc_column_inner][\/vc_row_inner][vc_row_inner row_type=&#8221;row&#8221; type=&#8221;grid&#8221; text_align=&#8221;left&#8221; css_animation=&#8221;&#8221;][vc_column_inner][vc_column_text css=&#8221;.vc_custom_1728872907844{padding-top: 20px !important;}&#8221;]Al\u00e9m de uma literatura crescente, <em>Aminaya, Gaskiya Ta Fi Kwabo<\/em>, (\u201cA verdade vale mais que um kobo<sup>1<\/sup>\u201c) e <em>Leadership A Yau<\/em> s\u00e3o os principais jornais entre aqueles publicados nesta l\u00edngua.<\/p>\n<p>O hau\u00e7\u00e1 \u00e9 a l\u00edngua franca entre as comunidades mu\u00e7ulmanas da \u00c1frica Ocidental, com todas as principais cidades da regi\u00e3o tendo uma importante comunidade hau\u00e7\u00e1. Muitos mu\u00e7ulmanos em regi\u00f5es n\u00e3o-hau\u00e7\u00e1 t\u00eam um conhecimento pr\u00e1tico do idioma.<\/p>\n<ol>\n<li>O kobo \u00e9 a menor unidade monet\u00e1ria da Nig\u00e9ria. 100 kobo \u00e9 igual a uma naira.<\/li>\n<\/ol>\n<p>[\/vc_column_text][\/vc_column_inner][\/vc_row_inner][\/vc_column][\/vc_row][vc_row css_animation=&#8221;&#8221; row_type=&#8221;row&#8221; use_row_as_full_screen_section=&#8221;no&#8221; type=&#8221;grid&#8221; angled_section=&#8221;no&#8221; text_align=&#8221;left&#8221; background_image_as_pattern=&#8221;without_pattern&#8221; z_index=&#8221;&#8221;][vc_column][vc_separator type=&#8221;normal&#8221; color=&#8221;#88cce2&#8243; thickness=&#8221;5&#8243; up=&#8221;0&#8243; down=&#8221;0&#8243;][\/vc_column][\/vc_row][vc_row css_animation=&#8221;&#8221; row_type=&#8221;row&#8221; use_row_as_full_screen_section=&#8221;no&#8221; type=&#8221;full_width&#8221; angled_section=&#8221;no&#8221; text_align=&#8221;left&#8221; background_image_as_pattern=&#8221;without_pattern&#8221; z_index=&#8221;&#8221; css=&#8221;.vc_custom_1718512349787{padding-top: 50px !important;padding-bottom: 30px !important;}&#8221;][vc_column][vc_row_inner row_type=&#8221;row&#8221; type=&#8221;grid&#8221; text_align=&#8221;left&#8221; css_animation=&#8221;&#8221;][vc_column_inner width=&#8221;1\/2&#8243;][vc_column_text css=&#8221;.vc_custom_1728872389893{padding-bottom: 30px !important;}&#8221;]<\/p>\n<h2>O hau\u00e7\u00e1 padr\u00e3o<\/h2>\n<p>O hau\u00e7\u00e1 padr\u00e3o tem base no dialeto de Kano, a maior e mais importante cidade da regi\u00e3o da Nig\u00e9ria onde o idioma \u00e9 falado. A variante \u00e9 a utilizada na r\u00e1dio e televis\u00e3o nigeriana. As principais emissoras de ondas curtas do mundo, BBC, R\u00e1dio Internacional da China, Deutsche Welle, IRIB World Service (Ir\u00e3), R\u00e1dio Fran\u00e7a Internacional, Voice of America e Voz da R\u00fassia transmitem todos os programas em hau\u00e7\u00e1 padr\u00e3o na Nig\u00e9ria e no N\u00edger, bem como em toda a \u00c1frica Ocidental. Kannywood, a ind\u00fastria cinematogr\u00e1fica hau\u00e7\u00e1 da Nig\u00e9ria, \u00e9 a resposta do pa\u00eds a Hollywood. O hau\u00e7\u00e1 \u00e9 reconhecido como uma l\u00edngua nacional ind\u00edgena nas constitui\u00e7\u00f5es da Nig\u00e9ria e do N\u00edger.<\/p>\n<h2>Um idioma muito uniforme, apesar de uma infinidade de dialetos<\/h2>\n<p>Os dialetos hau\u00e7\u00e1 podem ser classificados em tr\u00eas grupos distintos:<\/p>\n<ul>\n<li>os dialetos tradicionais do norte da Nig\u00e9ria e do sul do N\u00edger;<\/li>\n<li>os dialetos do N\u00edger central e ocidental;<\/li>\n<li>o dialeto ganense falado no Gana, no Togo e na parte occidental da Costa do Marfim.<\/li>\n<\/ul>\n<p>Em todas as regi\u00f5es onde se fala o hau\u00e7\u00e1, a l\u00edngua \u00e9 notavelmente uniforme em sua pron\u00fancia, vocabul\u00e1rio e estrutura. As variedades de hau\u00e7\u00e1 s\u00e3o consideradas t\u00e3o intelig\u00edveis mutuamente quanto as variedades inglesas. Com base no baixo n\u00edvel de varia\u00e7\u00e3o entre os dialetos e a relativa semelhan\u00e7a do hau\u00e7\u00e1 onde quer que ele seja falado, os especialistas lingu\u00edsticos determinaram que a l\u00edngua se espalhou de forma bastante r\u00e1pida e bastante recente. Esta \u00e9 a \u00fanica maneira que poderia ter coberto uma \u00e1rea t\u00e3o vasta com um n\u00famero t\u00e3o grande de falantes enquanto permaneceu t\u00e3o uniforme.[\/vc_column_text][\/vc_column_inner][vc_column_inner width=&#8221;1\/2&#8243;][vc_single_image image=&#8221;3796&#8243; img_size=&#8221;full&#8221; qode_css_animation=&#8221;&#8221;][vc_empty_space height=&#8221;12px&#8221;][\/vc_column_inner][\/vc_row_inner][\/vc_column][\/vc_row][vc_row css_animation=&#8221;&#8221; row_type=&#8221;row&#8221; use_row_as_full_screen_section=&#8221;no&#8221; type=&#8221;grid&#8221; angled_section=&#8221;no&#8221; text_align=&#8221;left&#8221; background_image_as_pattern=&#8221;without_pattern&#8221; z_index=&#8221;&#8221;][vc_column][vc_separator type=&#8221;normal&#8221; color=&#8221;#88cce2&#8243; thickness=&#8221;5&#8243; up=&#8221;0&#8243; down=&#8221;0&#8243;][\/vc_column][\/vc_row][vc_row css_animation=&#8221;&#8221; row_type=&#8221;row&#8221; use_row_as_full_screen_section=&#8221;no&#8221; type=&#8221;full_width&#8221; angled_section=&#8221;no&#8221; text_align=&#8221;left&#8221; background_image_as_pattern=&#8221;without_pattern&#8221; z_index=&#8221;&#8221; css=&#8221;.vc_custom_1724001577560{padding-top: 50px !important;padding-bottom: 50px !important;background-color: rgba(0,166,228,0.05) !important;*background-color: rgb(0,166,228) !important;}&#8221;][vc_column][vc_row_inner row_type=&#8221;row&#8221; type=&#8221;grid&#8221; text_align=&#8221;left&#8221; css_animation=&#8221;&#8221;][vc_column_inner width=&#8221;1\/2&#8243;][vc_single_image image=&#8221;3797&#8243; img_size=&#8221;full&#8221; qode_css_animation=&#8221;&#8221;][vc_empty_space height=&#8221;22px&#8221;][\/vc_column_inner][vc_column_inner width=&#8221;1\/2&#8243;][vc_column_text css=&#8221;.vc_custom_1728872925929{padding-bottom: px !important;}&#8221;]<\/p>\n<h2>Dois sistemas de escrita<\/h2>\n<p>A l\u00edngua hau\u00e7\u00e1 foi escrita com uma vers\u00e3o adaptada do roteiro \u00e1rabe chamado \u201c\u02bfajami\u201d desde o in\u00edcio do s\u00e9culo XVII, j\u00e1 que a maioria das cartas iniciais em hau\u00e7\u00e1 eram poesia isl\u00e2mica ou de natureza religiosa. O roteiro \u02bfajami ainda \u00e9 usado hoje, principalmente para escrever poesia. Como n\u00e3o foi estabelecido um sistema ortogr\u00e1fico padr\u00e3o para o hau\u00e7\u00e1 escrito em \u00e1rabe, h\u00e1 varia\u00e7\u00f5es na ortografia entre os diferentes escritores.<\/p>\n<p>A partir de 1912, a l\u00edngua hau\u00e7\u00e1 come\u00e7ou a ser escrita de acordo com uma grafia padronizada chamada <em>boko<\/em>. O sistema de escrita tem base no alfabeto latino, com algumas letras modificadas para representar consoantes glotalizadas. A ortografia baseada no latim \u00e9 a adotada agora para jornais, livros, educa\u00e7\u00e3o e a m\u00eddia em geral. Existem algumas diferen\u00e7as entre os <em>boko<\/em> utilizados na Nig\u00e9ria e no N\u00edger devido \u00e0s diferentes conven\u00e7\u00f5es ortogr\u00e1ficas entre o ingl\u00eas e o franc\u00eas.<\/p>\n<p>[\/vc_column_text][\/vc_column_inner][\/vc_row_inner][vc_row_inner row_type=&#8221;row&#8221; type=&#8221;grid&#8221; text_align=&#8221;left&#8221; css_animation=&#8221;&#8221;][vc_column_inner][vc_column_text css=&#8221;.vc_custom_1728873089398{padding-top: 20px !important;padding-bottom: 10px !important;}&#8221;]Com exce\u00e7\u00e3o dos textos religiosos, qualquer tradu\u00e7\u00e3o para o hau\u00e7\u00e1 hoje adotaria o <em>boko<\/em> com base no alfabeto latino.<\/p>\n<h2>Uma l\u00edngua de crescente import\u00e2ncia liter\u00e1ria<\/h2>\n<p>No in\u00edcio do s\u00e9culo XX, a administra\u00e7\u00e3o colonial brit\u00e2nica na Nig\u00e9ria fundou uma editora com o mandato de publicar livros em hau\u00e7\u00e1. Foi feito um esfor\u00e7o conjunto para recrutar e incentivar os escritores hau\u00e7\u00e1, resultando no surgimento de um movimento liter\u00e1rio hau\u00e7\u00e1. Este movimento ainda hoje est\u00e1 ativo. Com a alfabetiza\u00e7\u00e3o dos falantes de hau\u00e7\u00e1, um grande n\u00famero de pequenos livros foi e continua a ser publicado nesta l\u00edngua. Os romances e manuais de instru\u00e7\u00e3o religiosa s\u00e3o os g\u00eaneros mais populares, enquanto outros temas est\u00e3o surgindo. Os livros s\u00e3o publicados em sua maioria por pequenas editoras no norte da Nig\u00e9ria e muitas vezes acabam rapidamente, o que dificulta a sua obten\u00e7\u00e3o fora das \u00e1reas onde se fala o hau\u00e7\u00e1. O idioma tem desenvolvido uma presen\u00e7a crescente na web com revistas e sites de not\u00edcias on-line.<\/p>\n<p>Uma das principais, e talvez a principal maneira de consumir a l\u00edngua hau\u00e7\u00e1 \u00e9 a multiplicidade de programas de r\u00e1dio de ondas curtas dispon\u00edveis. Esta\u00e7\u00f5es de r\u00e1dio apoiadas pelos governos na China, Alemanha, Ir\u00e3, Reino Unido e Estados Unidos transmitem em ondas curtas informa\u00e7\u00f5es em hau\u00e7\u00e1 em toda a \u00c1frica Ocidental. A maioria das pessoas que vivem nas regi\u00f5es de l\u00edngua hau\u00e7\u00e1 possuem ou t\u00eam acesso a r\u00e1dio de ondas curtas. Estes programas s\u00e3o seu elo chave com o mundo exterior.[\/vc_column_text][\/vc_column_inner][\/vc_row_inner][\/vc_column][\/vc_row][vc_row css_animation=&#8221;&#8221; row_type=&#8221;row&#8221; use_row_as_full_screen_section=&#8221;no&#8221; type=&#8221;grid&#8221; angled_section=&#8221;no&#8221; text_align=&#8221;left&#8221; background_image_as_pattern=&#8221;without_pattern&#8221; z_index=&#8221;&#8221;][vc_column][vc_separator type=&#8221;normal&#8221; color=&#8221;#88cce2&#8243; thickness=&#8221;5&#8243; up=&#8221;0&#8243; down=&#8221;0&#8243;][\/vc_column][\/vc_row][vc_row css_animation=&#8221;&#8221; row_type=&#8221;row&#8221; use_row_as_full_screen_section=&#8221;no&#8221; type=&#8221;full_width&#8221; angled_section=&#8221;no&#8221; text_align=&#8221;left&#8221; background_image_as_pattern=&#8221;without_pattern&#8221;][vc_column][vc_row_inner row_type=&#8221;row&#8221; type=&#8221;grid&#8221; text_align=&#8221;left&#8221; css_animation=&#8221;&#8221;][vc_column_inner][vc_column_text css=&#8221;.vc_custom_1728872621036{padding-top: 40px !important;padding-bottom: 40px !important;}&#8221;]<a href=\"mailto:clientservices@prontotranslations.com\"><strong><u>Entre em contato conosco<\/u><\/strong><\/a> para discutir seu projeto de tradu\u00e7\u00e3o para o hau\u00e7\u00e1.[\/vc_column_text][\/vc_column_inner][\/vc_row_inner][\/vc_column][\/vc_row][vc_row css_animation=&#8221;&#8221; row_type=&#8221;row&#8221; use_row_as_full_screen_section=&#8221;no&#8221; type=&#8221;full_width&#8221; angled_section=&#8221;no&#8221; text_align=&#8221;left&#8221; background_image_as_pattern=&#8221;without_pattern&#8221; z_index=&#8221;&#8221; background_color=&#8221;rgba(0,166,228,0.35)&#8221;][vc_column][vc_row_inner row_type=&#8221;row&#8221; type=&#8221;grid&#8221; text_align=&#8221;left&#8221; css_animation=&#8221;&#8221; css=&#8221;.vc_custom_1728009223883{margin-top: 30px !important;margin-bottom: 30px !important;}&#8221;][vc_column_inner][vc_column_text css=&#8221;.vc_custom_1728872147683{padding-top: 15px !important;padding-right: 10px !important;padding-bottom: 15px !important;padding-left: 10px !important;background-color: #00a5e4 !important;border-radius: 3px !important;}&#8221;]<\/p>\n<p style=\"text-align: center;\"><span style=\"color: #ffffff;\"><a style=\"color: #ffffff;\" href=\"https:\/\/prontotranslations.com\/pt-br\/contacto\/\">Entre em contato conosco sobre seu projeto de tradu\u00e7\u00e3o ou localiza\u00e7\u00e3o em hau\u00e7\u00e1<\/a><\/span><\/p>\n<p>[\/vc_column_text][\/vc_column_inner][\/vc_row_inner][\/vc_column][\/vc_row]<\/p>\n<\/div>","protected":false},"excerpt":{"rendered":"<p>[vc_row css_animation=&#8221;&#8221; row_type=&#8221;row&#8221; use_row_as_full_screen_section=&#8221;no&#8221; type=&#8221;full_width&#8221; angled_section=&#8221;no&#8221; text_align=&#8221;left&#8221; background_image_as_pattern=&#8221;without_pattern&#8221; z_index=&#8221;&#8221;][vc_column][vc_column_text css=&#8221;.vc_custom_1728871998204{padding-bottom: 30px !important;}&#8221;] Servi\u00e7os de tradu\u00e7\u00e3o profissional em hau\u00e7\u00e1 [\/vc_column_text][\/vc_column][\/vc_row][vc_row css_animation=&#8221;&#8221; row_type=&#8221;row&#8221; use_row_as_full_screen_section=&#8221;no&#8221; type=&#8221;grid&#8221; angled_section=&#8221;no&#8221; text_align=&#8221;left&#8221;&#8230;<\/p>\n","protected":false},"author":1,"featured_media":0,"parent":3700,"menu_order":12,"comment_status":"closed","ping_status":"closed","template":"full_width.php","meta":{"footnotes":""},"class_list":["post-3793","page","type-page","status-publish","hentry"],"_links":{"self":[{"href":"https:\/\/prontotranslations.com\/pt-br\/wp-json\/wp\/v2\/pages\/3793","targetHints":{"allow":["GET"]}}],"collection":[{"href":"https:\/\/prontotranslations.com\/pt-br\/wp-json\/wp\/v2\/pages"}],"about":[{"href":"https:\/\/prontotranslations.com\/pt-br\/wp-json\/wp\/v2\/types\/page"}],"author":[{"embeddable":true,"href":"https:\/\/prontotranslations.com\/pt-br\/wp-json\/wp\/v2\/users\/1"}],"replies":[{"embeddable":true,"href":"https:\/\/prontotranslations.com\/pt-br\/wp-json\/wp\/v2\/comments?post=3793"}],"version-history":[{"count":9,"href":"https:\/\/prontotranslations.com\/pt-br\/wp-json\/wp\/v2\/pages\/3793\/revisions"}],"predecessor-version":[{"id":3807,"href":"https:\/\/prontotranslations.com\/pt-br\/wp-json\/wp\/v2\/pages\/3793\/revisions\/3807"}],"up":[{"embeddable":true,"href":"https:\/\/prontotranslations.com\/pt-br\/wp-json\/wp\/v2\/pages\/3700"}],"wp:attachment":[{"href":"https:\/\/prontotranslations.com\/pt-br\/wp-json\/wp\/v2\/media?parent=3793"}],"curies":[{"name":"wp","href":"https:\/\/api.w.org\/{rel}","templated":true}]}}