{"id":3861,"date":"2024-09-01T19:44:00","date_gmt":"2024-09-01T19:44:00","guid":{"rendered":"https:\/\/aw-web.com\/pronto2\/?page_id=3861"},"modified":"2025-01-19T05:06:37","modified_gmt":"2025-01-19T05:06:37","slug":"servicos-de-traducao-para-o-russo","status":"publish","type":"page","link":"https:\/\/prontotranslations.com\/pt-br\/linguas\/servicos-de-traducao-para-o-russo\/","title":{"rendered":"Russo"},"content":{"rendered":"<div class=\"wpb-content-wrapper\"><p>[vc_row css_animation=&#8221;&#8221; row_type=&#8221;row&#8221; use_row_as_full_screen_section=&#8221;no&#8221; type=&#8221;full_width&#8221; angled_section=&#8221;no&#8221; text_align=&#8221;left&#8221; background_image_as_pattern=&#8221;without_pattern&#8221; z_index=&#8221;&#8221;][vc_column][vc_column_text css=&#8221;.vc_custom_1728877768453{padding-bottom: 30px !important;}&#8221;]<\/p>\n<h1 style=\"text-align: center;\">Servi\u00e7os profissionais de tradu\u00e7\u00e3o\u00a0em russo<\/h1>\n<p>[\/vc_column_text][\/vc_column][\/vc_row][vc_row css_animation=&#8221;&#8221; row_type=&#8221;row&#8221; use_row_as_full_screen_section=&#8221;no&#8221; type=&#8221;grid&#8221; angled_section=&#8221;no&#8221; text_align=&#8221;left&#8221; background_image_as_pattern=&#8221;without_pattern&#8221; z_index=&#8221;&#8221; css=&#8221;.vc_custom_1719198241526{padding-top: 50px !important;padding-right: 10% !important;padding-left: 10% !important;}&#8221;][vc_column width=&#8221;1\/2&#8243; css=&#8221;.vc_custom_1712629369530{padding-right: 10% !important;padding-left: 10% !important;}&#8221;][vc_row_inner row_type=&#8221;row&#8221; type=&#8221;full_width&#8221; text_align=&#8221;center&#8221; css_animation=&#8221;&#8221; css=&#8221;.vc_custom_1722784476757{padding-top: 20px !important;}&#8221;][vc_column_inner][vc_column_text css=&#8221;.vc_custom_1728877792309{padding-bottom: 50px !important;}&#8221;]<\/p>\n<section class=\"av_textblock_section av-kcjaby0d-31991f7104904622a39776a3cd3bc4e9\">\n<div class=\"avia_textblock\">\n<p style=\"text-align: center;\"><strong>Deixe a Pronto cuidar da tradu\u00e7\u00e3o de seu comunicado de imprensa ou documento para um dos 15 pa\u00edses onde o russo \u00e9 a l\u00edngua franca!<\/strong><\/p>\n<\/div>\n<\/section>\n<section class=\"av_textblock_section av-kcjaby0d-31991f7104904622a39776a3cd3bc4e9\">\n<div class=\"avia_textblock\">\n<ul>\n<li style=\"text-align: left;\">Tradu\u00e7\u00e3o do alem\u00e3o para o russo<\/li>\n<li style=\"text-align: left;\">Tradu\u00e7\u00e3o do chin\u00eas para o russo<\/li>\n<li style=\"text-align: left;\">Tradu\u00e7\u00e3o do ingl\u00eas para o russo<\/li>\n<li style=\"text-align: left;\">Tradu\u00e7\u00e3o do italiano para o russo<\/li>\n<li style=\"text-align: left;\">Tradu\u00e7\u00e3o do turco para o russo<\/li>\n<li style=\"text-align: left;\">Tradu\u00e7\u00e3o do ucraniano para o russo<\/li>\n<\/ul>\n<\/div>\n<\/section>\n<p>[\/vc_column_text][vc_column_text css=&#8221;.vc_custom_1728877862862{padding-top: 10px !important;padding-bottom: 10px !important;background-color: #00a6e4 !important;border-radius: 3px !important;}&#8221;]<\/p>\n<p style=\"text-align: center;\"><a href=\"https:\/\/prontotranslations.com\/pt-br\/contacto\/\"><span style=\"color: #ffffff;\">Entre em contato conosco sobre seu projeto de tradu\u00e7\u00e3o ou de localiza\u00e7\u00e3o para o russo<\/span><\/a><\/p>\n<p>[\/vc_column_text][vc_empty_space][\/vc_column_inner][\/vc_row_inner][\/vc_column][vc_column width=&#8221;1\/2&#8243;][vc_single_image image=&#8221;3863&#8243; img_size=&#8221;full&#8221; alignment=&#8221;center&#8221; qode_css_animation=&#8221;&#8221; css=&#8221;.vc_custom_1725223638491{padding-bottom: 30px !important;}&#8221;][vc_empty_space][\/vc_column][\/vc_row][vc_row css_animation=&#8221;&#8221; row_type=&#8221;row&#8221; use_row_as_full_screen_section=&#8221;no&#8221; type=&#8221;grid&#8221; angled_section=&#8221;no&#8221; text_align=&#8221;left&#8221; background_image_as_pattern=&#8221;without_pattern&#8221; z_index=&#8221;&#8221;][vc_column][vc_separator type=&#8221;normal&#8221; color=&#8221;#88cce2&#8243; thickness=&#8221;5&#8243; up=&#8221;0&#8243; down=&#8221;0&#8243;][\/vc_column][\/vc_row][vc_row css_animation=&#8221;&#8221; row_type=&#8221;row&#8221; use_row_as_full_screen_section=&#8221;no&#8221; type=&#8221;full_width&#8221; angled_section=&#8221;no&#8221; text_align=&#8221;left&#8221; background_image_as_pattern=&#8221;without_pattern&#8221; z_index=&#8221;&#8221; css=&#8221;.vc_custom_1712718567412{background-color: rgba(0,166,228,0.05) !important;*background-color: rgb(0,166,228) !important;}&#8221;][vc_column][vc_row_inner row_type=&#8221;row&#8221; type=&#8221;grid&#8221; text_align=&#8221;left&#8221; css_animation=&#8221;&#8221; css=&#8221;.vc_custom_1718510501771{padding-top: 50px !important;}&#8221;][vc_column_inner width=&#8221;1\/2&#8243;][vc_single_image image=&#8221;3862&#8243; img_size=&#8221;full&#8221; qode_css_animation=&#8221;&#8221;][vc_empty_space][\/vc_column_inner][vc_column_inner width=&#8221;1\/2&#8243;][vc_column_text css=&#8221;.vc_custom_1728878232562{padding-bottom: 30px !important;}&#8221;]<\/p>\n<h2>Nossos tradutores profissionais de russo est\u00e3o \u00e0 sua disposi\u00e7\u00e3o para ajud\u00e1-lo a comunicar sua mensagem ou documento no idioma mais comum da Eur\u00e1sia!<\/h2>\n<p>Nossa equipe de tradutores russos est\u00e1 pronta para converter sua mensagem no idioma que continua sendo um dos principais meios de comunica\u00e7\u00e3o em toda a Federa\u00e7\u00e3o Russa e nos outros 14 pa\u00edses que outrora formaram a Uni\u00e3o Sovi\u00e9tica.<\/p>\n<h2>A l\u00edngua mais falada na Europa<\/h2>\n<p>O russo (\u0440\u0443\u0441\u0441\u043a\u0438\u0439 \u044f\u0437\u044b\u043a) \u00e9 um idioma oficial na R\u00fassia, Bielorr\u00fassia, Cazaquist\u00e3o e Quirguist\u00e3o. Ela ainda \u00e9 amplamente utilizada em v\u00e1rios pa\u00edses da Europa Oriental, nos Estados B\u00e1lticos, no C\u00e1ucaso e na \u00c1sia Central.<\/p>\n<p>O russo foi a l\u00edngua cotidiana da Uni\u00e3o Sovi\u00e9tica at\u00e9 sua dissolu\u00e7\u00e3o em 26 de dezembro de 1991. O idioma continua sendo uma l\u00edngua franca, com uma fun\u00e7\u00e3o oficial e uso comum na vida p\u00fablica em todos os pa\u00edses da ex-URSS.<\/p>\n<p>Devido \u00e0 di\u00e1spora do antigo bloco sovi\u00e9tico, existem grandes comunidades de falantes de russo em outros pa\u00edses, principalmente em Israel e na Mong\u00f3lia.<\/p>\n<p>O russo \u00e9 a s\u00e9tima l\u00edngua mais falada no mundo em termos de n\u00famero de falantes nativos, a l\u00edngua com o maior n\u00famero de falantes nativos na Europa e a mais difundida geograficamente em territ\u00f3rio eurasi\u00e1tico. Cerca de 118 milh\u00f5es de pessoas na R\u00fassia a reivindicam como sua l\u00edngua materna (85,7% de todos os falantes no pa\u00eds), 14 milh\u00f5es na Ucr\u00e2nia (29,6%), 6 milh\u00f5es na Bielorr\u00fassia (70,2%), 3,8 milh\u00f5es no Cazaquist\u00e3o (21,2%), 2,2 milh\u00f5es na Alemanha (2,8%) e 1,2 milh\u00f5es em Israel (15%), assim como cerca de 6 milh\u00f5es em v\u00e1rios outros pa\u00edses, ou seja, aproximadamente 150 milh\u00f5es de falantes nativos em todo o mundo.[\/vc_column_text][\/vc_column_inner][\/vc_row_inner][vc_row_inner row_type=&#8221;row&#8221; type=&#8221;grid&#8221; text_align=&#8221;left&#8221; css_animation=&#8221;&#8221; css=&#8221;.vc_custom_1724033917078{padding-bottom: 40px !important;}&#8221;][vc_column_inner][vc_column_text]O russo \u00e9 a oitava l\u00edngua mais falada no mundo em termos do n\u00famero total de falantes, tanto nativos como n\u00e3o nativos. \u00c9 tamb\u00e9m um dos seis idiomas oficiais das Na\u00e7\u00f5es Unidas. Depois do ingl\u00eas, o russo \u00e9 a segunda l\u00edngua mais usada na Internet.<\/p>\n<p>O russo, que pertence \u00e0 grande fam\u00edlia das l\u00ednguas indo-europ\u00e9ias, \u00e9 um dos quatro representantes vivos das l\u00ednguas eslavas orientais ao lado do bielorusso, do ruteno e do ucraniano, e faz parte do ramo mais amplo das l\u00ednguas baltoeslavas. Russo, bielorrusso e ucraniano s\u00e3o em grande parte intelig\u00edveis mutuamente.[\/vc_column_text][\/vc_column_inner][\/vc_row_inner][\/vc_column][\/vc_row][vc_row css_animation=&#8221;&#8221; row_type=&#8221;row&#8221; use_row_as_full_screen_section=&#8221;no&#8221; type=&#8221;grid&#8221; angled_section=&#8221;no&#8221; text_align=&#8221;left&#8221; background_image_as_pattern=&#8221;without_pattern&#8221; z_index=&#8221;&#8221;][vc_column][vc_separator type=&#8221;normal&#8221; color=&#8221;#88cce2&#8243; thickness=&#8221;5&#8243; up=&#8221;0&#8243; down=&#8221;0&#8243;][\/vc_column][\/vc_row][vc_row css_animation=&#8221;&#8221; row_type=&#8221;row&#8221; use_row_as_full_screen_section=&#8221;no&#8221; type=&#8221;full_width&#8221; angled_section=&#8221;no&#8221; text_align=&#8221;left&#8221; background_image_as_pattern=&#8221;without_pattern&#8221; z_index=&#8221;&#8221; css=&#8221;.vc_custom_1718512349787{padding-top: 50px !important;padding-bottom: 30px !important;}&#8221;][vc_column][vc_row_inner row_type=&#8221;row&#8221; type=&#8221;grid&#8221; text_align=&#8221;left&#8221; css_animation=&#8221;&#8221;][vc_column_inner width=&#8221;1\/2&#8243;][vc_column_text css=&#8221;.vc_custom_1728878058161{padding-bottom: 30px !important;}&#8221;]<\/p>\n<h2>A falta de conhecimento de l\u00ednguas estrangeiras \u00e9 um problema reconhecido no pa\u00eds<\/h2>\n<p>No censo de 2010, apenas 7.574.303 pessoas, ou 5,48% da popula\u00e7\u00e3o russa, relataram ter profici\u00eancia em ingl\u00eas, a l\u00edngua de comunica\u00e7\u00e3o mais utilizada internacionalmente.<\/p>\n<h2>O r\u00e1pido desenvolvimento do idioma russo nos \u00faltimos 20 anos tem sido um desafio para os tradutores<\/h2>\n<p>Alguns idiomas, como o ingl\u00eas e o japon\u00eas, emprestam livremente termos de outros, traduzindo palavras estrangeiras usando seu pr\u00f3prio sistema fon\u00e9tico. Enquanto outros, como o chin\u00eas, traduzem cada novo conceito para seu idioma reunindo certos termos nativos para expressar a nova ideia. O idioma russo toma emprestado sem restri\u00e7\u00f5es, integrando em sua base eslava um fluxo cont\u00ednuo de vocabul\u00e1rio de diferentes idiomas da Europa e do Oriente M\u00e9dio.<\/p>\n<p>A localiza\u00e7\u00e3o geogr\u00e1fica da R\u00fassia, o com\u00e9rcio com outros pa\u00edses que remontam a centenas de anos e v\u00e1rias ondas do Renascimento a partir do s\u00e9culo 17 contribu\u00edram para enriquecer a l\u00edngua para al\u00e9m de suas ra\u00edzes eslavas. Embora a base da l\u00edngua seja inquestionavelmente eslava, muitas formas alfab\u00e9ticas, gramaticais e lexicais s\u00e3o nitidamente estrangeiras.<\/p>\n<p>Ap\u00f3s a queda da Uni\u00e3o Sovi\u00e9tica, o fluxo de palavras emprestadas evoluiu, principalmente do ingl\u00eas, mas tamb\u00e9m de outros idiomas europeus. Esses empr\u00e9stimos permitiram que uma sociedade em transforma\u00e7\u00e3o administrasse uma mar\u00e9 crescente de novos conceitos financeiros, t\u00e9cnicos, econ\u00f4micos e sociais, o que provou ser um grande desafio para os tradutores russos.<br \/>\n[\/vc_column_text][\/vc_column_inner][vc_column_inner width=&#8221;1\/2&#8243;][vc_single_image image=&#8221;3864&#8243; img_size=&#8221;full&#8221; qode_css_animation=&#8221;&#8221;][vc_empty_space height=&#8221;12px&#8221;][\/vc_column_inner][\/vc_row_inner][\/vc_column][\/vc_row][vc_row css_animation=&#8221;&#8221; row_type=&#8221;row&#8221; use_row_as_full_screen_section=&#8221;no&#8221; type=&#8221;grid&#8221; angled_section=&#8221;no&#8221; text_align=&#8221;left&#8221; background_image_as_pattern=&#8221;without_pattern&#8221; z_index=&#8221;&#8221;][vc_column][vc_separator type=&#8221;normal&#8221; color=&#8221;#88cce2&#8243; thickness=&#8221;5&#8243; up=&#8221;0&#8243; down=&#8221;0&#8243;][\/vc_column][\/vc_row][vc_row css_animation=&#8221;&#8221; row_type=&#8221;row&#8221; use_row_as_full_screen_section=&#8221;no&#8221; type=&#8221;full_width&#8221; angled_section=&#8221;no&#8221; text_align=&#8221;left&#8221; background_image_as_pattern=&#8221;without_pattern&#8221; z_index=&#8221;&#8221; css=&#8221;.vc_custom_1718512370579{padding-top: 50px !important;padding-bottom: 30px !important;background-color: rgba(0,166,228,0.05) !important;*background-color: rgb(0,166,228) !important;}&#8221;][vc_column][vc_row_inner row_type=&#8221;row&#8221; type=&#8221;grid&#8221; text_align=&#8221;left&#8221; css_animation=&#8221;&#8221;][vc_column_inner width=&#8221;1\/2&#8243;][vc_single_image image=&#8221;3865&#8243; img_size=&#8221;full&#8221; qode_css_animation=&#8221;&#8221;][vc_empty_space height=&#8221;22px&#8221;][\/vc_column_inner][vc_column_inner width=&#8221;1\/2&#8243;][vc_column_text css=&#8221;.vc_custom_1728878122837{padding-bottom: 40px !important;}&#8221;]<\/p>\n<h2>Nossa equipe de tradutores converter\u00e1 seu documento para o idioma russo que melhor se adapte ao seu p\u00fablico-alvo<\/h2>\n<p>Algumas regi\u00f5es, principalmente a prov\u00edncia canadense de Quebec e a Fran\u00e7a, desenvolveram e implementaram leis e regulamentos para preservar a pureza da l\u00edngua, segundo seus crit\u00e9rios, com resultados question\u00e1veis. A R\u00fassia, por outro lado, n\u00e3o fez nenhum esfor\u00e7o para \u201cregular\u201d o idioma. Muitos termos emprestados t\u00eam equivalentes russos perfeitamente v\u00e1lidos. No entanto, a popula\u00e7\u00e3o russa parece ter acolhido com entusiasmo o influxo de novos termos em ingl\u00eas. Portanto, os tradutores devem avaliar o contexto de um documento para determinar se um termo nativo russo ou uma palavra emprestada \u00e9 mais apropriado.<\/p>\n<p>Nossos tradutores est\u00e3o atentos \u00e0s mudan\u00e7as no uso do idioma e saber\u00e3o como escolher o termo certo. Assim, nossos clientes podem ter certeza de que seu texto traduzido refletir\u00e1 melhor as expectativas do p\u00fablico-alvo \u2013 quer a mensagem seja direcionada a um determinado setor, mercado ou segmento demogr\u00e1fico, ou ao p\u00fablico em geral.<\/p>\n<p>[\/vc_column_text][\/vc_column_inner][\/vc_row_inner][\/vc_column][\/vc_row][vc_row css_animation=&#8221;&#8221; row_type=&#8221;row&#8221; use_row_as_full_screen_section=&#8221;no&#8221; type=&#8221;grid&#8221; angled_section=&#8221;no&#8221; text_align=&#8221;left&#8221; background_image_as_pattern=&#8221;without_pattern&#8221; z_index=&#8221;&#8221;][vc_column][vc_separator type=&#8221;normal&#8221; color=&#8221;#88cce2&#8243; thickness=&#8221;5&#8243; up=&#8221;0&#8243; down=&#8221;0&#8243;][\/vc_column][\/vc_row][vc_row css_animation=&#8221;&#8221; row_type=&#8221;row&#8221; use_row_as_full_screen_section=&#8221;no&#8221; type=&#8221;full_width&#8221; angled_section=&#8221;no&#8221; text_align=&#8221;left&#8221; background_image_as_pattern=&#8221;without_pattern&#8221; z_index=&#8221;&#8221; css=&#8221;.vc_custom_1724037186715{padding-top: 50px !important;padding-bottom: 30px !important;}&#8221;][vc_column][vc_row_inner row_type=&#8221;row&#8221; type=&#8221;grid&#8221; text_align=&#8221;left&#8221; css_animation=&#8221;&#8221;][vc_column_inner][vc_column_text css=&#8221;.vc_custom_1728878154621{padding-bottom: 40px !important;}&#8221;]<\/p>\n<h2>Uma linguagem extremamente rica<\/h2>\n<p>O russo \u00e9 uma l\u00edngua intensamente rica (o que nos trouxe alguns dos maiores escritores do mundo, como Dostoievski e Gogol).<\/p>\n<p>Os anos de experi\u00eancia de nossos tradutores russos, que compreendem todas as sutilezas e sofistica\u00e7\u00e3o do idioma, provaram repetidamente que eles s\u00e3o uma vantagem valiosa para a tradu\u00e7\u00e3o de seu documento na s\u00e9tima l\u00edngua mais falada no mundo.<br \/>\n[\/vc_column_text][\/vc_column_inner][\/vc_row_inner][\/vc_column][\/vc_row][vc_row css_animation=&#8221;&#8221; row_type=&#8221;row&#8221; use_row_as_full_screen_section=&#8221;no&#8221; type=&#8221;full_width&#8221; angled_section=&#8221;no&#8221; text_align=&#8221;left&#8221; background_image_as_pattern=&#8221;without_pattern&#8221; z_index=&#8221;&#8221; background_color=&#8221;rgba(0,166,228,0.35)&#8221;][vc_column][vc_row_inner row_type=&#8221;row&#8221; type=&#8221;grid&#8221; text_align=&#8221;left&#8221; css_animation=&#8221;&#8221; css=&#8221;.vc_custom_1712461537481{margin-top: 30px !important;margin-bottom: 30px !important;}&#8221;][vc_column_inner][vc_column_text css=&#8221;.vc_custom_1728877846379{padding-top: 15px !important;padding-right: 10px !important;padding-bottom: 15px !important;padding-left: 10px !important;background-color: #00a5e4 !important;border-radius: 3px !important;}&#8221;]<\/p>\n<p style=\"text-align: center;\"><span style=\"color: #ffffff;\"><a style=\"color: #ffffff;\" href=\"https:\/\/prontotranslations.com\/pt-br\/contacto\/\">Entre em contato conosco sobre seu projeto de tradu\u00e7\u00e3o ou de localiza\u00e7\u00e3o para o russo<\/a><\/span><\/p>\n<p>[\/vc_column_text][\/vc_column_inner][\/vc_row_inner][\/vc_column][\/vc_row]<\/p>\n<\/div>","protected":false},"excerpt":{"rendered":"<p>[vc_row css_animation=&#8221;&#8221; row_type=&#8221;row&#8221; use_row_as_full_screen_section=&#8221;no&#8221; type=&#8221;full_width&#8221; angled_section=&#8221;no&#8221; text_align=&#8221;left&#8221; background_image_as_pattern=&#8221;without_pattern&#8221; z_index=&#8221;&#8221;][vc_column][vc_column_text css=&#8221;.vc_custom_1728877768453{padding-bottom: 30px !important;}&#8221;] Servi\u00e7os profissionais de tradu\u00e7\u00e3o\u00a0em russo [\/vc_column_text][\/vc_column][\/vc_row][vc_row css_animation=&#8221;&#8221; row_type=&#8221;row&#8221; use_row_as_full_screen_section=&#8221;no&#8221; type=&#8221;grid&#8221; angled_section=&#8221;no&#8221; text_align=&#8221;left&#8221; background_image_as_pattern=&#8221;without_pattern&#8221;&#8230;<\/p>\n","protected":false},"author":1,"featured_media":0,"parent":3700,"menu_order":20,"comment_status":"closed","ping_status":"closed","template":"full_width.php","meta":{"footnotes":""},"class_list":["post-3861","page","type-page","status-publish","hentry"],"_links":{"self":[{"href":"https:\/\/prontotranslations.com\/pt-br\/wp-json\/wp\/v2\/pages\/3861","targetHints":{"allow":["GET"]}}],"collection":[{"href":"https:\/\/prontotranslations.com\/pt-br\/wp-json\/wp\/v2\/pages"}],"about":[{"href":"https:\/\/prontotranslations.com\/pt-br\/wp-json\/wp\/v2\/types\/page"}],"author":[{"embeddable":true,"href":"https:\/\/prontotranslations.com\/pt-br\/wp-json\/wp\/v2\/users\/1"}],"replies":[{"embeddable":true,"href":"https:\/\/prontotranslations.com\/pt-br\/wp-json\/wp\/v2\/comments?post=3861"}],"version-history":[{"count":8,"href":"https:\/\/prontotranslations.com\/pt-br\/wp-json\/wp\/v2\/pages\/3861\/revisions"}],"predecessor-version":[{"id":3874,"href":"https:\/\/prontotranslations.com\/pt-br\/wp-json\/wp\/v2\/pages\/3861\/revisions\/3874"}],"up":[{"embeddable":true,"href":"https:\/\/prontotranslations.com\/pt-br\/wp-json\/wp\/v2\/pages\/3700"}],"wp:attachment":[{"href":"https:\/\/prontotranslations.com\/pt-br\/wp-json\/wp\/v2\/media?parent=3861"}],"curies":[{"name":"wp","href":"https:\/\/api.w.org\/{rel}","templated":true}]}}