{"id":3913,"date":"2024-08-11T15:17:35","date_gmt":"2024-08-11T15:17:35","guid":{"rendered":"https:\/\/aw-web.com\/pronto2\/?page_id=3913"},"modified":"2025-12-26T17:35:54","modified_gmt":"2025-12-26T17:35:54","slug":"servicos-de-interpretacao","status":"publish","type":"page","link":"https:\/\/prontotranslations.com\/pt-br\/servicos-de-interpretacao\/","title":{"rendered":"Servi\u00e7os de interpreta\u00e7\u00e3o"},"content":{"rendered":"<div class=\"wpb-content-wrapper\"><p>[vc_row css_animation=&#8221;&#8221; row_type=&#8221;row&#8221; use_row_as_full_screen_section=&#8221;no&#8221; type=&#8221;full_width&#8221; angled_section=&#8221;no&#8221; text_align=&#8221;left&#8221; background_image_as_pattern=&#8221;without_pattern&#8221; z_index=&#8221;&#8221;][vc_column][vc_column_text css=&#8221;.vc_custom_1728940569359{padding-right: 10% !important;padding-bottom: 30px !important;padding-left: 10% !important;}&#8221;]<\/p>\n<h1 style=\"text-align: center;\">Os servi\u00e7os profissionais de interpreta\u00e7\u00e3o removem as barreiras lingu\u00edsticas em todos os aspectos da vida<\/h1>\n<p>[\/vc_column_text][\/vc_column][\/vc_row][vc_row css_animation=&#8221;&#8221; row_type=&#8221;row&#8221; use_row_as_full_screen_section=&#8221;no&#8221; type=&#8221;grid&#8221; angled_section=&#8221;no&#8221; text_align=&#8221;left&#8221; background_image_as_pattern=&#8221;without_pattern&#8221; z_index=&#8221;&#8221; css=&#8221;.vc_custom_1719198241526{padding-top: 50px !important;padding-right: 10% !important;padding-left: 10% !important;}&#8221;][vc_column width=&#8221;1\/2&#8243; css=&#8221;.vc_custom_1712629369530{padding-right: 10% !important;padding-left: 10% !important;}&#8221;][vc_row_inner row_type=&#8221;row&#8221; type=&#8221;full_width&#8221; text_align=&#8221;center&#8221; css_animation=&#8221;&#8221;][vc_column_inner][vc_column_text css=&#8221;.vc_custom_1766770546271{padding-bottom: 50px !important;}&#8221;]<\/p>\n<p style=\"text-align: center;\"><strong>Pronto Translations tem mais de 25 anos de experi\u00eancia na presta\u00e7\u00e3o de servi\u00e7os de tradu\u00e7\u00e3o e interpreta\u00e7\u00e3o em centenas de pares de idiomas para uma variedade de campos especializados, desde neg\u00f3cios at\u00e9 medicina.<\/strong><\/p>\n<p>[\/vc_column_text][vc_column_text css=&#8221;.vc_custom_1728940725691{padding-top: 10px !important;padding-bottom: 10px !important;background-color: #00a6e4 !important;border-radius: 3px !important;}&#8221;]<\/p>\n<p style=\"text-align: center;\"><a href=\"https:\/\/prontotranslations.com\/pt-br\/contacto\/\"><span style=\"color: #ffffff;\">Entre em contato conosco sobre seu projeto de tradu\u00e7\u00e3o ou de localiza\u00e7\u00e3o<\/span><\/a><\/p>\n<p>[\/vc_column_text][vc_empty_space height=&#8221;42px&#8221;][\/vc_column_inner][\/vc_row_inner][\/vc_column][vc_column width=&#8221;1\/2&#8243;][vc_single_image image=&#8221;3915&#8243; img_size=&#8221;full&#8221; alignment=&#8221;center&#8221; css=&#8221;.vc_custom_1726011495355{padding-bottom: 30px !important;}&#8221; qode_css_animation=&#8221;&#8221;][vc_empty_space][\/vc_column][\/vc_row][vc_row css_animation=&#8221;&#8221; row_type=&#8221;row&#8221; use_row_as_full_screen_section=&#8221;no&#8221; type=&#8221;grid&#8221; angled_section=&#8221;no&#8221; text_align=&#8221;left&#8221; background_image_as_pattern=&#8221;without_pattern&#8221; z_index=&#8221;&#8221;][vc_column][vc_separator type=&#8221;normal&#8221; color=&#8221;#88cce2&#8243; thickness=&#8221;5&#8243; up=&#8221;0&#8243; down=&#8221;0&#8243;][\/vc_column][\/vc_row][vc_row css_animation=&#8221;&#8221; row_type=&#8221;row&#8221; use_row_as_full_screen_section=&#8221;no&#8221; type=&#8221;full_width&#8221; angled_section=&#8221;no&#8221; text_align=&#8221;left&#8221; background_image_as_pattern=&#8221;without_pattern&#8221; z_index=&#8221;&#8221; css=&#8221;.vc_custom_1712718567412{background-color: rgba(0,166,228,0.05) !important;*background-color: rgb(0,166,228) !important;}&#8221;][vc_column][vc_row_inner row_type=&#8221;row&#8221; type=&#8221;grid&#8221; text_align=&#8221;left&#8221; css_animation=&#8221;&#8221; css=&#8221;.vc_custom_1718510501771{padding-top: 50px !important;}&#8221;][vc_column_inner width=&#8221;1\/2&#8243;][vc_single_image image=&#8221;3916&#8243; img_size=&#8221;full&#8221; qode_css_animation=&#8221;&#8221;][vc_empty_space][\/vc_column_inner][vc_column_inner width=&#8221;1\/2&#8243;][vc_column_text css=&#8221;.vc_custom_1728940807071{padding-bottom: 10px !important;}&#8221;]Hoje em dia, quase todos precisam de servi\u00e7os de interpreta\u00e7\u00e3o e <a href=\"https:\/\/prontotranslations.com\/pt-br\">tradu\u00e7\u00e3o<\/a>. Os l\u00edderes empresariais e CEOs precisam de um int\u00e9rprete profissional para reuni\u00f5es com parceiros, clientes e fornecedores de outros pa\u00edses, enquanto os profissionais m\u00e9dicos utilizam uma ag\u00eancia de interpreta\u00e7\u00e3o profissional quando falam com pacientes que solicitam que o profissional fale com eles em sua pr\u00f3pria l\u00edngua ou quando discutem casos dif\u00edceis com colegas de outros pa\u00edses.<\/p>\n<p>Mesmo uma simples liga\u00e7\u00e3o entre colegas que trabalham para a mesma empresa, mas em pa\u00edses diferentes, pode exigir interpreta\u00e7\u00e3o. O fato \u00e9 que muitas pessoas conhecem um ou dois idiomas estrangeiros, mas somente em n\u00edvel de conversa\u00e7\u00e3o. Ao discutir transa\u00e7\u00f5es comerciais ou assuntos profissionais, voc\u00ea precisa de servi\u00e7os de interpreta\u00e7\u00e3o especializados.<\/p>\n<h2>Um int\u00e9rprete profissional adapta seu estilo ao tipo de reuni\u00e3o<\/h2>\n<p>Quando voc\u00ea considera o custo dos servi\u00e7os de interpreta\u00e7\u00e3o, voc\u00ea pode se perguntar se vale a pena. Bem, quando voc\u00ea trabalha com um int\u00e9rprete profissional e experiente, dificilmente notar\u00e1 que ele ou ela est\u00e1 ao seu lado. Al\u00e9m das habilidades lingu\u00edsticas, a ag\u00eancia de interpreta\u00e7\u00e3o exige que seus funcion\u00e1rios aprendam v\u00e1rios tipos de interpreta\u00e7\u00e3o \u00e9 que sua presen\u00e7a seja o mais discreta poss\u00edvel.[\/vc_column_text][vc_empty_space height=&#8221;42px&#8221;][\/vc_column_inner][\/vc_row_inner][\/vc_column][\/vc_row][vc_row css_animation=&#8221;&#8221; row_type=&#8221;row&#8221; use_row_as_full_screen_section=&#8221;no&#8221; type=&#8221;grid&#8221; angled_section=&#8221;no&#8221; text_align=&#8221;left&#8221; background_image_as_pattern=&#8221;without_pattern&#8221; z_index=&#8221;&#8221;][vc_column][vc_separator type=&#8221;normal&#8221; color=&#8221;#88cce2&#8243; thickness=&#8221;5&#8243; up=&#8221;0&#8243; down=&#8221;0&#8243;][\/vc_column][\/vc_row][vc_row css_animation=&#8221;&#8221; row_type=&#8221;row&#8221; use_row_as_full_screen_section=&#8221;no&#8221; type=&#8221;full_width&#8221; angled_section=&#8221;no&#8221; text_align=&#8221;left&#8221; background_image_as_pattern=&#8221;without_pattern&#8221; z_index=&#8221;&#8221; css=&#8221;.vc_custom_1718512349787{padding-top: 50px !important;padding-bottom: 30px !important;}&#8221;][vc_column][vc_row_inner row_type=&#8221;row&#8221; type=&#8221;grid&#8221; text_align=&#8221;left&#8221; css_animation=&#8221;&#8221;][vc_column_inner width=&#8221;1\/2&#8243;][vc_column_text css=&#8221;.vc_custom_1728940869559{padding-bottom: 30px !important;}&#8221;]Oferecemos os seguintes servi\u00e7os de interpreta\u00e7\u00e3o, dependendo de suas necessidades:<\/p>\n<ul>\n<li><strong>Interpreta\u00e7\u00e3o consecutiva<\/strong> \u2013 o orador far\u00e1 pausas frequentes, permitindo que o int\u00e9rprete profissional traduza a mensagem com precis\u00e3o.<\/li>\n<li><b><strong>Interpreta\u00e7\u00e3o simult\u00e2nea<\/strong> <\/b>\u2013 esta forma altamente especializada de servi\u00e7o de interpreta\u00e7\u00e3o requer um profissional bem experiente que possa traduzir no mesmo ritmo que a apresenta\u00e7\u00e3o do orador.<\/li>\n<li><strong>Interpreta\u00e7\u00e3o sussurrante<\/strong> \u2013 esta \u00e9 uma variante da interpreta\u00e7\u00e3o simult\u00e2nea: em vez de falar em voz alta, o int\u00e9rprete sussurra a tradu\u00e7\u00e3o para o cliente.<\/li>\n<li><strong>Interpreta\u00e7\u00e3o de acompanhamento<\/strong> \u2013 em viagens de neg\u00f3cios ao exterior, um int\u00e9rprete profissional acompanhar\u00e1 seu grupo n\u00e3o apenas \u00e0s reuni\u00f5es, mas tamb\u00e9m \u00e0s excurs\u00f5es tur\u00edsticas.<\/li>\n<li><strong>Interpreta\u00e7\u00e3o por telefone<\/strong> \u2013 a empresa de interpreta\u00e7\u00e3o fornece um int\u00e9rprete profissional para participar de uma confer\u00eancia telef\u00f4nica, seja em seu escrit\u00f3rio ou \u00e0 dist\u00e2ncia.<\/li>\n<li><strong>Interpreta\u00e7\u00e3o em videoconfer\u00eancia<\/strong> \u2013 esta forma de interpreta\u00e7\u00e3o \u00e9 utilizada quando v\u00e1rios participantes, falando idiomas diferentes e em locais diferentes, precisam se comunicar via videoconfer\u00eancia. O int\u00e9rprete se junta \u00e0 confer\u00eancia pelo Zoom, Microsoft Teams ou qualquer outro aplicativo de videoconfer\u00eancia para fornecer uma tradu\u00e7\u00e3o simult\u00e2nea do que est\u00e1 sendo dito.<\/li>\n<li><strong>Localiza\u00e7\u00e3o do v\u00eddeo<\/strong> \u2013 expanda imensamente seu p\u00fablico adicionando int\u00e9rpretes profissionais de locu\u00e7\u00e3o em ingl\u00eas, espanhol, chin\u00eas e outros idiomas para webinars e outros v\u00eddeos populares que voc\u00ea hospeda em seu website, YouTube ou outras plataformas de v\u00eddeo.<\/li>\n<\/ul>\n<p>[\/vc_column_text][\/vc_column_inner][vc_column_inner width=&#8221;1\/2&#8243;][vc_single_image image=&#8221;3917&#8243; img_size=&#8221;full&#8221; qode_css_animation=&#8221;&#8221;][vc_empty_space height=&#8221;12px&#8221;][\/vc_column_inner][\/vc_row_inner][\/vc_column][\/vc_row][vc_row css_animation=&#8221;&#8221; row_type=&#8221;row&#8221; use_row_as_full_screen_section=&#8221;no&#8221; type=&#8221;grid&#8221; angled_section=&#8221;no&#8221; text_align=&#8221;left&#8221; background_image_as_pattern=&#8221;without_pattern&#8221; z_index=&#8221;&#8221;][vc_column][vc_separator type=&#8221;normal&#8221; color=&#8221;#88cce2&#8243; thickness=&#8221;5&#8243; up=&#8221;0&#8243; down=&#8221;0&#8243;][\/vc_column][\/vc_row][vc_row css_animation=&#8221;&#8221; row_type=&#8221;row&#8221; use_row_as_full_screen_section=&#8221;no&#8221; type=&#8221;full_width&#8221; angled_section=&#8221;no&#8221; text_align=&#8221;left&#8221; background_image_as_pattern=&#8221;without_pattern&#8221; css=&#8221;.vc_custom_1726012417372{background-color: rgba(0,166,228,0.05) !important;*background-color: rgb(0,166,228) !important;}&#8221; z_index=&#8221;&#8221;][vc_column][vc_row_inner row_type=&#8221;row&#8221; type=&#8221;grid&#8221; text_align=&#8221;left&#8221; css_animation=&#8221;&#8221;][vc_column_inner][vc_column_text css=&#8221;.vc_custom_1728940934449{padding-top: 30px !important;padding-bottom: 40px !important;}&#8221;]<\/p>\n<h2>Principais vantagens de trabalhar com uma ag\u00eancia de interpreta\u00e7\u00e3o profissional<\/h2>\n<p>Os servi\u00e7os de interpreta\u00e7\u00e3o exigem que outra pessoa tenha acesso a discuss\u00f5es confidenciais. Quando voc\u00ea usa uma empresa de interpreta\u00e7\u00e3o profissional, voc\u00ea pode ter certeza de que a pessoa que o assiste:<\/p>\n<ul>\n<li>Tem profici\u00eancia em ambos os idiomas<\/li>\n<li>\u00c9 especializado em sua \u00e1rea de atividade<\/li>\n<li>\u00c9 totalmente treinado em todos os aspectos de privacidade, seguran\u00e7a e prote\u00e7\u00e3o de dados.<\/li>\n<\/ul>\n<p>Voc\u00ea pode ter certeza de que o assunto de sua reuni\u00e3o ou liga\u00e7\u00e3o telef\u00f4nica permanecer\u00e1 100% confidencial.<\/p>\n<h2>Uma ag\u00eancia de interpreta\u00e7\u00e3o confi\u00e1vel para atender \u00e0s suas necessidades<\/h2>\n<p>Pronto Translations vem prestando servi\u00e7os de interpreta\u00e7\u00e3o h\u00e1 mais de 20 anos. Nossos int\u00e9rpretes profissionais est\u00e3o dispon\u00edveis para mais de 300 pares de idiomas e cobrem uma ampla gama de especialidades: m\u00e9dica, comercial, financeira, marketing, rela\u00e7\u00f5es p\u00fablicas, entre outras.<\/p>\n<p>Entre em contato com um de nossos representantes agora: <a href=\"tel:6469844073\">+1 646 984 4073<\/a>.[\/vc_column_text][\/vc_column_inner][\/vc_row_inner][\/vc_column][\/vc_row][vc_row css_animation=&#8221;&#8221; row_type=&#8221;row&#8221; use_row_as_full_screen_section=&#8221;no&#8221; type=&#8221;full_width&#8221; angled_section=&#8221;no&#8221; text_align=&#8221;left&#8221; background_image_as_pattern=&#8221;without_pattern&#8221; z_index=&#8221;&#8221; background_color=&#8221;rgba(0,166,228,0.35)&#8221;][vc_column][vc_row_inner row_type=&#8221;row&#8221; type=&#8221;grid&#8221; text_align=&#8221;left&#8221; css_animation=&#8221;&#8221; css=&#8221;.vc_custom_1712461537481{margin-top: 30px !important;margin-bottom: 30px !important;}&#8221;][vc_column_inner][vc_column_text css=&#8221;.vc_custom_1728940709563{padding-top: 15px !important;padding-right: 10px !important;padding-bottom: 15px !important;padding-left: 10px !important;background-color: #00a5e4 !important;border-radius: 3px !important;}&#8221;]<\/p>\n<p style=\"text-align: center;\"><span style=\"color: #ffffff;\"><a style=\"color: #ffffff;\" href=\"https:\/\/prontotranslations.com\/pt-br\/contacto\/\">Entre em contato conosco sobre seu projeto de tradu\u00e7\u00e3o ou de localiza\u00e7\u00e3o<\/a><\/span><\/p>\n<p>[\/vc_column_text][\/vc_column_inner][\/vc_row_inner][\/vc_column][\/vc_row]<\/p>\n<\/div>","protected":false},"excerpt":{"rendered":"<p>[vc_row css_animation=&#8221;&#8221; row_type=&#8221;row&#8221; use_row_as_full_screen_section=&#8221;no&#8221; type=&#8221;full_width&#8221; angled_section=&#8221;no&#8221; text_align=&#8221;left&#8221; background_image_as_pattern=&#8221;without_pattern&#8221; z_index=&#8221;&#8221;][vc_column][vc_column_text css=&#8221;.vc_custom_1728940569359{padding-right: 10% !important;padding-bottom: 30px !important;padding-left: 10% !important;}&#8221;] Os servi\u00e7os profissionais de interpreta\u00e7\u00e3o removem as barreiras lingu\u00edsticas&#8230;<\/p>\n","protected":false},"author":1,"featured_media":0,"parent":0,"menu_order":0,"comment_status":"closed","ping_status":"closed","template":"full_width.php","meta":{"footnotes":""},"class_list":["post-3913","page","type-page","status-publish","hentry"],"_links":{"self":[{"href":"https:\/\/prontotranslations.com\/pt-br\/wp-json\/wp\/v2\/pages\/3913","targetHints":{"allow":["GET"]}}],"collection":[{"href":"https:\/\/prontotranslations.com\/pt-br\/wp-json\/wp\/v2\/pages"}],"about":[{"href":"https:\/\/prontotranslations.com\/pt-br\/wp-json\/wp\/v2\/types\/page"}],"author":[{"embeddable":true,"href":"https:\/\/prontotranslations.com\/pt-br\/wp-json\/wp\/v2\/users\/1"}],"replies":[{"embeddable":true,"href":"https:\/\/prontotranslations.com\/pt-br\/wp-json\/wp\/v2\/comments?post=3913"}],"version-history":[{"count":5,"href":"https:\/\/prontotranslations.com\/pt-br\/wp-json\/wp\/v2\/pages\/3913\/revisions"}],"predecessor-version":[{"id":7665,"href":"https:\/\/prontotranslations.com\/pt-br\/wp-json\/wp\/v2\/pages\/3913\/revisions\/7665"}],"wp:attachment":[{"href":"https:\/\/prontotranslations.com\/pt-br\/wp-json\/wp\/v2\/media?parent=3913"}],"curies":[{"name":"wp","href":"https:\/\/api.w.org\/{rel}","templated":true}]}}