{"id":3952,"date":"2024-09-23T02:32:08","date_gmt":"2024-09-23T02:32:08","guid":{"rendered":"https:\/\/aw-web.com\/pronto2\/?page_id=3952"},"modified":"2025-01-20T01:54:45","modified_gmt":"2025-01-20T01:54:45","slug":"guia-de-traducao-em-chines","status":"publish","type":"page","link":"https:\/\/prontotranslations.com\/pt-br\/guia-de-traducao-em-chines\/","title":{"rendered":"Guia de tradu\u00e7\u00e3o em chin\u00eas"},"content":{"rendered":"<div class=\"wpb-content-wrapper\"><p>[vc_row css_animation=&#8221;&#8221; row_type=&#8221;row&#8221; use_row_as_full_screen_section=&#8221;no&#8221; type=&#8221;full_width&#8221; angled_section=&#8221;no&#8221; text_align=&#8221;left&#8221; background_image_as_pattern=&#8221;without_pattern&#8221; z_index=&#8221;&#8221;][vc_column][vc_column_text css=&#8221;.vc_custom_1728944758035{padding-bottom: 30px !important;}&#8221;]<\/p>\n<h1 style=\"text-align: center;\">Guia de tradu\u00e7\u00e3o em chin\u00eas<\/h1>\n<p>[\/vc_column_text][\/vc_column][\/vc_row][vc_row css_animation=&#8221;&#8221; row_type=&#8221;row&#8221; use_row_as_full_screen_section=&#8221;no&#8221; type=&#8221;grid&#8221; angled_section=&#8221;no&#8221; text_align=&#8221;left&#8221; background_image_as_pattern=&#8221;without_pattern&#8221; z_index=&#8221;&#8221; css=&#8221;.vc_custom_1719198241526{padding-top: 50px !important;padding-right: 10% !important;padding-left: 10% !important;}&#8221;][vc_column width=&#8221;1\/2&#8243; css=&#8221;.vc_custom_1712629369530{padding-right: 10% !important;padding-left: 10% !important;}&#8221;][vc_row_inner row_type=&#8221;row&#8221; type=&#8221;full_width&#8221; text_align=&#8221;center&#8221; css_animation=&#8221;&#8221;][vc_column_inner][vc_column_text css=&#8221;.vc_custom_1728944809359{padding-bottom: 50px !important;}&#8221;]<\/p>\n<p style=\"text-align: center;\"><strong>Caracteres simplificados, caracteres tradicionais, dialeto canton\u00eas, dialeto mandarim\u2026<\/strong><\/p>\n<p style=\"text-align: left;\">Algu\u00e9m pode me explicar o que tudo isso significa e por que \u00e9 importante escolher o tipo de tradu\u00e7\u00e3o em chin\u00eas que eu preciso?<\/p>\n<p style=\"text-align: left;\">Assim como o portugu\u00eas tem variedades regionais, como o portugu\u00eas de Portugal, do Brasil, dos v\u00e1rios pa\u00edses africanos e muitas outras, o chin\u00eas, falado por mais de um bilh\u00e3o de pessoas em todo o mundo, tem seu pr\u00f3prio conjunto de sutilezas e varia\u00e7\u00f5es. Todos estes elementos devem ser levados em considera\u00e7\u00e3o ao selecionar formatos e estilos de tradu\u00e7\u00e3o.<\/p>\n<p>[\/vc_column_text][vc_column_text css=&#8221;.vc_custom_1728944910243{padding-top: 10px !important;padding-bottom: 10px !important;background-color: #00a6e4 !important;border-radius: 3px !important;}&#8221;]<\/p>\n<p style=\"text-align: center;\"><a href=\"https:\/\/prontotranslations.com\/pt-br\/contacto\/\"><span style=\"color: #ffffff;\">Entre em contato conosco sobre seu projeto de tradu\u00e7\u00e3o ou de localiza\u00e7\u00e3o para o chin\u00eas<\/span><\/a><\/p>\n<p>[\/vc_column_text][vc_empty_space][\/vc_column_inner][\/vc_row_inner][\/vc_column][vc_column width=&#8221;1\/2&#8243;][vc_single_image image=&#8221;2322&#8243; img_size=&#8221;full&#8221; alignment=&#8221;center&#8221; qode_css_animation=&#8221;&#8221; css=&#8221;.vc_custom_1727058768200{padding-bottom: 30px !important;}&#8221;][vc_empty_space][\/vc_column][\/vc_row][vc_row css_animation=&#8221;&#8221; row_type=&#8221;row&#8221; use_row_as_full_screen_section=&#8221;no&#8221; type=&#8221;grid&#8221; angled_section=&#8221;no&#8221; text_align=&#8221;left&#8221; background_image_as_pattern=&#8221;without_pattern&#8221; z_index=&#8221;&#8221;][vc_column][vc_separator type=&#8221;normal&#8221; color=&#8221;#88cce2&#8243; thickness=&#8221;5&#8243; up=&#8221;0&#8243; down=&#8221;0&#8243;][\/vc_column][\/vc_row][vc_row css_animation=&#8221;&#8221; row_type=&#8221;row&#8221; use_row_as_full_screen_section=&#8221;no&#8221; type=&#8221;full_width&#8221; angled_section=&#8221;no&#8221; text_align=&#8221;left&#8221; background_image_as_pattern=&#8221;without_pattern&#8221; z_index=&#8221;&#8221; css=&#8221;.vc_custom_1712718567412{background-color: rgba(0,166,228,0.05) !important;*background-color: rgb(0,166,228) !important;}&#8221;][vc_column][vc_row_inner row_type=&#8221;row&#8221; type=&#8221;grid&#8221; text_align=&#8221;left&#8221; css_animation=&#8221;&#8221; css=&#8221;.vc_custom_1718510501771{padding-top: 50px !important;}&#8221;][vc_column_inner width=&#8221;1\/2&#8243;][vc_single_image image=&#8221;3953&#8243; img_size=&#8221;full&#8221; qode_css_animation=&#8221;&#8221;][vc_empty_space][\/vc_column_inner][vc_column_inner width=&#8221;1\/2&#8243;][vc_column_text css=&#8221;.vc_custom_1728944973771{padding-bottom: 40px !important;}&#8221;]<\/p>\n<h2>Dialetos chineses e conjuntos de caracteres<\/h2>\n<p>A maioria das empresas de tradu\u00e7\u00e3o ir\u00e1 simplesmente classificar a tradu\u00e7\u00e3o como \u201cdialeto canton\u00eas\u201d ou \u201cdialeto mandarim\u201d. Isto \u00e9 uma simplifica\u00e7\u00e3o excessiva, que pode levar \u00e0 escolha de um estilo e formato inadequados.<\/p>\n<p>O chin\u00eas escrito, por ser uma l\u00edngua pict\u00f3rica \u2013 cada caracter da l\u00edngua representa uma palavra e n\u00e3o um som \u2013 \u00e9 essencialmente o mesmo para todos os leitores. Entretanto, nos anos 50, a China revisou o idioma, criando um conjunto simplificado de caracteres e tornando o seu uso obrigat\u00f3rio em todo o pa\u00eds. Cingapura adotou o sistema simplificado nos anos 80. Isto significa que agora existem dois conjuntos de caracteres:<\/p>\n<p><strong>O chin\u00eas simplificado<\/strong>, utilizado na China continental, em Cingapura, em certa medida na Mal\u00e1sia e, cada vez mais, em comunidades chinesas no exterior ao redor do mundo.<\/p>\n<p><strong>O chin\u00eas tradicional<\/strong>, utilizado em Hong Kong, Macau, Taiwan, todos os outros pa\u00edses do sudeste asi\u00e1tico e em certa medida (embora decrescendo) pela di\u00e1spora chinesa em todo o mundo. Embora seja um nome errado, a maioria dos servi\u00e7os de tradu\u00e7\u00e3o come\u00e7aram a cham\u00e1-lo de \u201cmandarim\u201d simplificado e \u201ccanton\u00eas\u201d tradicional. O chin\u00eas simplificado tamb\u00e9m \u00e9 chamado de GB, o nome t\u00e9cnico para codifica\u00e7\u00e3o policial, enquanto o tradicional tamb\u00e9m \u00e9 chamado de BIG5.<\/p>\n<p>Veja a tabela mostrando quando usar a vers\u00e3o simplificada e quando usar a vers\u00e3o tradicional:[\/vc_column_text][\/vc_column_inner][\/vc_row_inner][vc_row_inner row_type=&#8221;row&#8221; type=&#8221;grid&#8221; text_align=&#8221;left&#8221; css_animation=&#8221;&#8221;][vc_column_inner][vc_column_text]<strong>O chin\u00eas simplificado<\/strong><\/p>\n<ul>\n<li>China (RPC)<\/li>\n<li>Cingapura<\/li>\n<li>Comunica\u00e7\u00f5es governo-a-governo de \u00e2mbito internacional (exceto para Taiwan)<\/li>\n<li>Documentos da ONU e das ag\u00eancias da ONU<\/li>\n<\/ul>\n<p>&nbsp;<\/p>\n<p><strong>O chin\u00eas tradicional<\/strong><\/p>\n<ul>\n<li>Hong Kong<\/li>\n<li>Taiwan<\/li>\n<li>Mal\u00e1sia*<\/li>\n<li>Pa\u00edses do Sudeste Asi\u00e1tico (exceto Cingapura)<\/li>\n<li>Comunidades chinesas no exterior **<\/li>\n<\/ul>\n<p>* A Mal\u00e1sia \u00e9 o \u00fanico pa\u00eds onde n\u00e3o foram estabelecidas normas. Tr\u00eas dos quatro principais jornais de l\u00edngua chinesa s\u00e3o escritos em linguagem tradicional, mas como Cingapura \u00e9 o pa\u00eds vizinho, o uso de ambos os estilos \u00e9 aceit\u00e1vel neste mercado. Considere cuidadosamente a quem sua tradu\u00e7\u00e3o se destina ao escolher o tipo de caracteres chineses para aquele pa\u00eds.<\/p>\n<p>** Embora a norma tradicional tenha sido usada na grande maioria das comunidades chinesas no exterior, a alta imigra\u00e7\u00e3o de pessoas da China continental para essas comunidades nas \u00faltimas duas d\u00e9cadas tem exercido uma influ\u00eancia cada vez maior. Alguns governos estaduais dos EUA e provinciais do Canad\u00e1 come\u00e7aram a emitir documentos em ambos os tipos de caracteres ou at\u00e9 mesmo optaram pelo chin\u00eas simplificado. Se seu documento for destinado a um p\u00fablico chin\u00eas fora da Grande China, certifique-se de saber qual conjunto de caracteres chineses \u00e9 mais comumente usado na comunidade ou pelo grupo demogr\u00e1fico que voc\u00ea est\u00e1 tentando alcan\u00e7ar.[\/vc_column_text][vc_empty_space height=&#8221;52px&#8221;][\/vc_column_inner][\/vc_row_inner][\/vc_column][\/vc_row][vc_row css_animation=&#8221;&#8221; row_type=&#8221;row&#8221; use_row_as_full_screen_section=&#8221;no&#8221; type=&#8221;grid&#8221; angled_section=&#8221;no&#8221; text_align=&#8221;left&#8221; background_image_as_pattern=&#8221;without_pattern&#8221; z_index=&#8221;&#8221;][vc_column][vc_separator type=&#8221;normal&#8221; color=&#8221;#88cce2&#8243; thickness=&#8221;5&#8243; up=&#8221;0&#8243; down=&#8221;0&#8243;][\/vc_column][\/vc_row][vc_row css_animation=&#8221;&#8221; row_type=&#8221;row&#8221; use_row_as_full_screen_section=&#8221;no&#8221; type=&#8221;full_width&#8221; angled_section=&#8221;no&#8221; text_align=&#8221;left&#8221; background_image_as_pattern=&#8221;without_pattern&#8221; z_index=&#8221;&#8221; css=&#8221;.vc_custom_1718512349787{padding-top: 50px !important;padding-bottom: 30px !important;}&#8221;][vc_column][vc_row_inner row_type=&#8221;row&#8221; type=&#8221;grid&#8221; text_align=&#8221;left&#8221; css_animation=&#8221;&#8221;][vc_column_inner width=&#8221;1\/2&#8243;][vc_column_text css=&#8221;.vc_custom_1728945062066{padding-bottom: 30px !important;}&#8221;]<\/p>\n<h2>Estilos de escrita<\/h2>\n<p>O outro fator a considerar ao dar instru\u00e7\u00f5es ou discutir o projeto com sua empresa de tradu\u00e7\u00e3o s\u00e3o os estilos de escrita dos diferentes campos onde o chin\u00eas \u00e9 usado. Assim como o portugu\u00eas com suas variedades regionais, o estilo de escrita chinesa difere amplamente de regi\u00e3o para regi\u00e3o. A separa\u00e7\u00e3o pol\u00edtica entre Hong Kong, Taiwan e a China s\u00f3 acentuou estas diferen\u00e7as. Os estilos de escrita tamb\u00e9m s\u00e3o influenciados pelo dialeto do chin\u00eas falado em cada \u00e1rea ou regi\u00e3o. Ao escolher uma empresa de tradu\u00e7\u00e3o, certifique-se de que eles sejam capazes de escrever no estilo da \u00e1rea de destino.<\/p>\n<p>Os estilos de escrita est\u00e3o divididos principalmente em cinco regi\u00f5es: a China, Hong Kong (incluindo Macau), Taiwan, Cingapura (incluindo a Mal\u00e1sia) e \u201cno exterior\u201d. O estilo de escrita chin\u00eas no exterior ou \u201cinternacional\u201d \u00e9 o normalmente usado nas comunidades chinesas na Am\u00e9rica do Norte e na Europa. Este seria o estilo a ser adotado para a tradu\u00e7\u00e3o de um documento emitido por uma ag\u00eancia governamental de um estado dos EUA ou prov\u00edncia canadense e cujos leitores s\u00e3o os falantes chineses daquele estado ou prov\u00edncia.<\/p>\n<p>Se voc\u00ea n\u00e3o tiver certeza sobre qual \u00e9 a melhor op\u00e7\u00e3o, podemos ajud\u00e1-lo a determinar o estilo correto para seu p\u00fablico-alvo.<br \/>\n[\/vc_column_text][\/vc_column_inner][vc_column_inner width=&#8221;1\/2&#8243;][vc_single_image image=&#8221;3954&#8243; img_size=&#8221;full&#8221; qode_css_animation=&#8221;&#8221;][vc_empty_space][\/vc_column_inner][\/vc_row_inner][\/vc_column][\/vc_row][vc_row css_animation=&#8221;&#8221; row_type=&#8221;row&#8221; use_row_as_full_screen_section=&#8221;no&#8221; type=&#8221;grid&#8221; angled_section=&#8221;no&#8221; text_align=&#8221;left&#8221; background_image_as_pattern=&#8221;without_pattern&#8221; z_index=&#8221;&#8221;][vc_column][vc_separator type=&#8221;normal&#8221; color=&#8221;#88cce2&#8243; thickness=&#8221;5&#8243; up=&#8221;0&#8243; down=&#8221;0&#8243;][\/vc_column][\/vc_row][vc_row css_animation=&#8221;&#8221; row_type=&#8221;row&#8221; use_row_as_full_screen_section=&#8221;no&#8221; type=&#8221;full_width&#8221; angled_section=&#8221;no&#8221; text_align=&#8221;left&#8221; background_image_as_pattern=&#8221;without_pattern&#8221; z_index=&#8221;&#8221; css=&#8221;.vc_custom_1718512349787{padding-top: 50px !important;padding-bottom: 30px !important;}&#8221;][vc_column][vc_row_inner row_type=&#8221;row&#8221; type=&#8221;grid&#8221; text_align=&#8221;left&#8221; css_animation=&#8221;&#8221;][vc_column_inner][vc_column_text css=&#8221;.vc_custom_1728945088795{padding-bottom: 30px !important;}&#8221;]<strong>Qual \u00e9 o estilo apropriado para o meu projeto?<\/strong><\/p>\n<p><a href=\"mailto:clientservices@prontotranslations.com\"><strong>Entre em contato com nossos especialistas em idiomas<\/strong><\/a> para encontrar a melhor solu\u00e7\u00e3o em chin\u00eas para seu projeto.<\/p>\n<p>[\/vc_column_text][\/vc_column_inner][\/vc_row_inner][\/vc_column][\/vc_row][vc_row css_animation=&#8221;&#8221; row_type=&#8221;row&#8221; use_row_as_full_screen_section=&#8221;no&#8221; type=&#8221;full_width&#8221; angled_section=&#8221;no&#8221; text_align=&#8221;left&#8221; background_image_as_pattern=&#8221;without_pattern&#8221; z_index=&#8221;&#8221; background_color=&#8221;rgba(0,166,228,0.35)&#8221;][vc_column][vc_row_inner row_type=&#8221;row&#8221; type=&#8221;grid&#8221; text_align=&#8221;left&#8221; css_animation=&#8221;&#8221; css=&#8221;.vc_custom_1712461537481{margin-top: 30px !important;margin-bottom: 30px !important;}&#8221;][vc_column_inner][vc_column_text css=&#8221;.vc_custom_1728944895926{padding-top: 15px !important;padding-right: 10px !important;padding-bottom: 15px !important;padding-left: 10px !important;background-color: #00a5e4 !important;border-radius: 3px !important;}&#8221;]<\/p>\n<p style=\"text-align: center;\"><span style=\"color: #ffffff;\"><a style=\"color: #ffffff;\" href=\"https:\/\/prontotranslations.com\/pt-br\/contacto\/\">Entre em contato conosco sobre seu projeto de tradu\u00e7\u00e3o ou de localiza\u00e7\u00e3o para o chin\u00eas<\/a><\/span><\/p>\n<p>[\/vc_column_text][\/vc_column_inner][\/vc_row_inner][\/vc_column][\/vc_row]<\/p>\n<\/div>","protected":false},"excerpt":{"rendered":"<p>[vc_row css_animation=&#8221;&#8221; row_type=&#8221;row&#8221; use_row_as_full_screen_section=&#8221;no&#8221; type=&#8221;full_width&#8221; angled_section=&#8221;no&#8221; text_align=&#8221;left&#8221; background_image_as_pattern=&#8221;without_pattern&#8221; z_index=&#8221;&#8221;][vc_column][vc_column_text css=&#8221;.vc_custom_1728944758035{padding-bottom: 30px !important;}&#8221;] Guia de tradu\u00e7\u00e3o em chin\u00eas [\/vc_column_text][\/vc_column][\/vc_row][vc_row css_animation=&#8221;&#8221; row_type=&#8221;row&#8221; use_row_as_full_screen_section=&#8221;no&#8221; type=&#8221;grid&#8221; angled_section=&#8221;no&#8221; text_align=&#8221;left&#8221; background_image_as_pattern=&#8221;without_pattern&#8221;&#8230;<\/p>\n","protected":false},"author":1,"featured_media":0,"parent":0,"menu_order":12,"comment_status":"closed","ping_status":"closed","template":"full_width.php","meta":{"footnotes":""},"class_list":["post-3952","page","type-page","status-publish","hentry"],"_links":{"self":[{"href":"https:\/\/prontotranslations.com\/pt-br\/wp-json\/wp\/v2\/pages\/3952","targetHints":{"allow":["GET"]}}],"collection":[{"href":"https:\/\/prontotranslations.com\/pt-br\/wp-json\/wp\/v2\/pages"}],"about":[{"href":"https:\/\/prontotranslations.com\/pt-br\/wp-json\/wp\/v2\/types\/page"}],"author":[{"embeddable":true,"href":"https:\/\/prontotranslations.com\/pt-br\/wp-json\/wp\/v2\/users\/1"}],"replies":[{"embeddable":true,"href":"https:\/\/prontotranslations.com\/pt-br\/wp-json\/wp\/v2\/comments?post=3952"}],"version-history":[{"count":5,"href":"https:\/\/prontotranslations.com\/pt-br\/wp-json\/wp\/v2\/pages\/3952\/revisions"}],"predecessor-version":[{"id":3959,"href":"https:\/\/prontotranslations.com\/pt-br\/wp-json\/wp\/v2\/pages\/3952\/revisions\/3959"}],"wp:attachment":[{"href":"https:\/\/prontotranslations.com\/pt-br\/wp-json\/wp\/v2\/media?parent=3952"}],"curies":[{"name":"wp","href":"https:\/\/api.w.org\/{rel}","templated":true}]}}