{"id":3975,"date":"2024-08-11T15:14:54","date_gmt":"2024-08-11T15:14:54","guid":{"rendered":"https:\/\/aw-web.com\/pronto2\/?page_id=3975"},"modified":"2025-01-22T21:21:37","modified_gmt":"2025-01-22T21:21:37","slug":"contacto","status":"publish","type":"page","link":"https:\/\/prontotranslations.com\/pt-br\/contacto\/","title":{"rendered":"Contacto"},"content":{"rendered":"<div class=\"wpb-content-wrapper\"><p>[vc_row css_animation=&#8221;&#8221; row_type=&#8221;row&#8221; use_row_as_full_screen_section=&#8221;no&#8221; type=&#8221;grid&#8221; angled_section=&#8221;no&#8221; text_align=&#8221;left&#8221; background_image_as_pattern=&#8221;without_pattern&#8221; z_index=&#8221;&#8221;][vc_column width=&#8221;2\/3&#8243;][vc_column_text]<\/p>\n<h1 class=\"contact-title\">Entre em contato conosco agora!<\/h1>\n<p>Estamos ansiosos para falar com voc\u00ea a respeito de seu projeto de tradu\u00e7\u00e3o e localiza\u00e7\u00e3o. N\u00e3o hesite em nos contactar para discutir suas necessidades.<\/p>\n<div class=\"frm_forms  with_frm_style frm_style_formidable-style\" id=\"frm_form_6_container\" data-token=\"31de4a046c8867b1e7fd59a9e99b3f1f\">\n<form enctype=\"multipart\/form-data\" method=\"post\" class=\"frm-show-form  frm_pro_form \" id=\"form_contact-pt\" data-token=\"31de4a046c8867b1e7fd59a9e99b3f1f\">\n<div class=\"frm_form_fields \">\n<fieldset>\n<legend class=\"frm_screen_reader\">contact pt<\/legend>\r\n\r\n<div class=\"frm_fields_container\">\n<input type=\"hidden\" name=\"frm_action\" value=\"create\" \/>\n<input type=\"hidden\" name=\"form_id\" value=\"6\" \/>\n<input type=\"hidden\" name=\"frm_hide_fields_6\" id=\"frm_hide_fields_6\" value=\"\" \/>\n<input type=\"hidden\" name=\"form_key\" value=\"contact-pt\" \/>\n<input type=\"hidden\" name=\"item_meta[0]\" value=\"\" \/>\n<input type=\"hidden\" id=\"frm_submit_entry_6\" name=\"frm_submit_entry_6\" value=\"eaaf8de568\" \/><input type=\"hidden\" name=\"_wp_http_referer\" value=\"\/pt-br\/wp-json\/wp\/v2\/pages\/3975\" \/><div id=\"frm_field_34_container\" class=\"frm_form_field form-field  frm_required_field frm_top_container\">\r\n\t<label for=\"field_e2clf4\" id=\"field_e2clf4_label\" class=\"frm_primary_label\">Seu nome (obrigat\u00f3rio)\r\n\t\t<span class=\"frm_required\" aria-hidden=\"true\">*<\/span>\r\n\t<\/label>\r\n\t<input  type=\"text\" id=\"field_e2clf4\" name=\"item_meta[34]\" value=\"\"  data-reqmsg=\"Seu nome (obrigat\u00f3rio) cannot be blank.\" aria-required=\"true\" data-invmsg=\"Seu nome (obrigat\u00f3rio) is invalid\" aria-invalid=\"false\"   \/>\r\n\t\r\n\t\r\n<\/div>\n<div id=\"frm_field_35_container\" class=\"frm_form_field form-field  frm_required_field frm_top_container\">\r\n\t<label for=\"field_kbbzt4\" id=\"field_kbbzt4_label\" class=\"frm_primary_label\">Seu e-mail (obrigat\u00f3rio) \r\n\t\t<span class=\"frm_required\" aria-hidden=\"true\">*<\/span>\r\n\t<\/label>\r\n\t<input type=\"email\" id=\"field_kbbzt4\" name=\"item_meta[35]\" value=\"\"  data-reqmsg=\"Seu e-mail (obrigat\u00f3rio)  cannot be blank.\" aria-required=\"true\" data-invmsg=\"Seu e-mail (obrigat\u00f3rio)  is invalid\" aria-invalid=\"false\"  \/>\r\n\t\r\n\t\r\n<\/div>\n<div id=\"frm_field_36_container\" class=\"frm_form_field form-field  frm_required_field frm_top_container\">\r\n\t<label for=\"field_9vfz84\" id=\"field_9vfz84_label\" class=\"frm_primary_label\">Subject\r\n\t\t<span class=\"frm_required\" aria-hidden=\"true\">*<\/span>\r\n\t<\/label>\r\n\t<input  type=\"text\" id=\"field_9vfz84\" name=\"item_meta[36]\" value=\"\"  data-reqmsg=\"Subject cannot be blank.\" aria-required=\"true\" data-invmsg=\"Subject is invalid\" aria-invalid=\"false\"   \/>\r\n\t\r\n\t\r\n<\/div>\n<div id=\"frm_field_37_container\" class=\"frm_form_field form-field  frm_top_container\">\r\n\t<label for=\"field_dek7k4\" id=\"field_dek7k4_label\" class=\"frm_primary_label\">Seu n\u00famero de telefone \r\n\t\t<span class=\"frm_required\" aria-hidden=\"true\"><\/span>\r\n\t<\/label>\r\n\t<input type=\"tel\" id=\"field_dek7k4\" name=\"item_meta[37]\" value=\"\"  data-invmsg=\"Seu n\u00famero de telefone  is invalid\" aria-invalid=\"false\" pattern=\"((\\+\\d{1,3}(-|.| )?\\(?\\d\\)?(-| |.)?\\d{1,5})|(\\(?\\d{2,6}\\)?))(-|.| )?(\\d{3,4})(-|.| )?(\\d{4})(( x| ext)\\d{1,5}){0,1}$\"  \/>\r\n\t\r\n\t\r\n<\/div>\n<input type=\"hidden\" name=\"item_meta[38]\" id=\"field_te13l4\" value=\"\"     \/>\n<div id=\"frm_field_39_container\" class=\"frm_form_field form-field  frm_top_container\">\r\n\t<label for=\"field_r9tjq4\" id=\"field_r9tjq4_label\" class=\"frm_primary_label\">Sua mensagem \r\n\t\t<span class=\"frm_required\" aria-hidden=\"true\"><\/span>\r\n\t<\/label>\r\n\t<textarea name=\"item_meta[39]\" id=\"field_r9tjq4\" rows=\"5\"  data-invmsg=\"Sua mensagem  \u00e9 inv\u00e1lido\" aria-invalid=\"false\"  ><\/textarea>\r\n\t\r\n\t\r\n<\/div>\n<div id=\"frm_field_40_container\" class=\"frm_form_field form-field \">\r\n\t<div class=\"frm_submit frm_flex\">\r\n<button class=\"frm_button_submit frm_final_submit\" type=\"submit\"   formnovalidate=\"formnovalidate\">Enviar<\/button>\r\n\r\n\r\n\r\n<\/div>\r\n<\/div>\n\t<input type=\"hidden\" name=\"item_key\" value=\"\" \/>\n\t\t\t<div id=\"frm_field_101_container\">\n\t\t\t<label for=\"field_tltg\" >\n\t\t\t\tSe voc\u00ea \u00e9 humano, deixe este campo em branco.\t\t\t<\/label>\n\t\t\t<input  id=\"field_tltg\" type=\"text\" class=\"frm_form_field form-field frm_verify\" name=\"item_meta[101]\" value=\"\"  \/>\n\t\t<\/div>\n\t\t<input name=\"frm_state\" type=\"hidden\" value=\"Th87gwwkD6LlnLhKUVbSDWkVGL8ZE7fslbFkB2h6XZWKnnwUV8p0zEB1uOOgxaao\" \/><\/div>\n<\/fieldset>\n<\/div>\n\n<\/form>\n<\/div>\n[\/vc_column_text][\/vc_column][vc_column width=&#8221;1\/3&#8243;][vc_column_text]<\/p>\n<h2>EUA e CANAD\u00c1<\/h2>\n<p>131 Seventh Ave., Suite 140<br \/>\nNew York, NY 10011<br \/>\nEUA<br \/>\nTel +1 646 984 4073<br \/>\nEmail\u00a0<a href=\"mailto:clientservices@prontotranslations.com\">clientservices@prontotranslations.com<\/a><\/p>\n<h2>EUROPA<\/h2>\n<p>5, rue Jeanne d\u2019Arc<br \/>\n30000 N\u00eemes<br \/>\nFran\u00e7a<br \/>\nTel +33 7 78 34 66 01<br \/>\nEmail\u00a0<a href=\"mailto:clientservices-eu@prontotranslations.com\">clientservices-eu@prontotranslations.com<\/a><\/p>\n<h2>ASIA (al\u00e9m do Jap\u00e3o e da Coreia)<\/h2>\n<p>Suite 102, Bldg. 13<br \/>\n4 Huangpu Road<br \/>\nXuanwu District<br \/>\nNanjing 210016, China<br \/>\nTel +86 180 1399 0775<br \/>\nEmail\u00a0<a href=\"mailto:clientservices-asia@prontotranslations.com\">clientservices-asia@prontotranslations.com<\/a><\/p>\n<h2>JAP\u00c3O<\/h2>\n<p>530-0001, Room 2307<br \/>\nOsaka Ekimae 3rd Building<br \/>\n1-1-3 Umeda, Kita-Ku<br \/>\nOsaka, Osaka-fu, Japan<br \/>\nTel +81 70 8553 2676<br \/>\nEmail <a href=\"mailto:clientservices-japan@prontotranslations.com\">clientservices-japan@prontotranslations.com<\/a><\/p>\n<h2>COREIA<\/h2>\n<p>105-901, 30 gil 27, Kwanak-ro<br \/>\nKwanak-gu<br \/>\nSeul 08734, COREIA<br \/>\nTel +82-10-3242-1157<br \/>\nEmail\u00a0<a href=\"mailto:clientservices-korea@prontotranslations.com\">clientservices-korea@prontotranslations.com<\/a>[\/vc_column_text][\/vc_column][\/vc_row][vc_row css_animation=&#8221;&#8221; row_type=&#8221;row&#8221; use_row_as_full_screen_section=&#8221;no&#8221; type=&#8221;full_width&#8221; angled_section=&#8221;no&#8221; text_align=&#8221;left&#8221; background_image_as_pattern=&#8221;without_pattern&#8221;][vc_column][vc_empty_space height=&#8221;62px&#8221;][\/vc_column][\/vc_row]<\/p>\n<\/div>","protected":false},"excerpt":{"rendered":"<p>[vc_row css_animation=&#8221;&#8221; row_type=&#8221;row&#8221; use_row_as_full_screen_section=&#8221;no&#8221; type=&#8221;grid&#8221; angled_section=&#8221;no&#8221; text_align=&#8221;left&#8221; background_image_as_pattern=&#8221;without_pattern&#8221; z_index=&#8221;&#8221;][vc_column width=&#8221;2\/3&#8243;][vc_column_text] Entre em contato conosco agora! Estamos ansiosos para falar com voc\u00ea a respeito de seu&#8230;<\/p>\n","protected":false},"author":1,"featured_media":0,"parent":0,"menu_order":0,"comment_status":"closed","ping_status":"closed","template":"full_width.php","meta":{"footnotes":""},"class_list":["post-3975","page","type-page","status-publish","hentry"],"_links":{"self":[{"href":"https:\/\/prontotranslations.com\/pt-br\/wp-json\/wp\/v2\/pages\/3975","targetHints":{"allow":["GET"]}}],"collection":[{"href":"https:\/\/prontotranslations.com\/pt-br\/wp-json\/wp\/v2\/pages"}],"about":[{"href":"https:\/\/prontotranslations.com\/pt-br\/wp-json\/wp\/v2\/types\/page"}],"author":[{"embeddable":true,"href":"https:\/\/prontotranslations.com\/pt-br\/wp-json\/wp\/v2\/users\/1"}],"replies":[{"embeddable":true,"href":"https:\/\/prontotranslations.com\/pt-br\/wp-json\/wp\/v2\/comments?post=3975"}],"version-history":[{"count":6,"href":"https:\/\/prontotranslations.com\/pt-br\/wp-json\/wp\/v2\/pages\/3975\/revisions"}],"predecessor-version":[{"id":6344,"href":"https:\/\/prontotranslations.com\/pt-br\/wp-json\/wp\/v2\/pages\/3975\/revisions\/6344"}],"wp:attachment":[{"href":"https:\/\/prontotranslations.com\/pt-br\/wp-json\/wp\/v2\/media?parent=3975"}],"curies":[{"name":"wp","href":"https:\/\/api.w.org\/{rel}","templated":true}]}}