{"id":8376,"date":"2024-09-13T00:12:50","date_gmt":"2024-09-13T00:12:50","guid":{"rendered":"https:\/\/prontotranslations.com\/?page_id=8376"},"modified":"2026-02-23T01:41:44","modified_gmt":"2026-02-23T01:41:44","slug":"interpretacao-judicial","status":"publish","type":"page","link":"https:\/\/prontotranslations.com\/pt-br\/servicos-de-interpretacao\/interpretacao-judicial\/","title":{"rendered":"Interpreta\u00e7\u00e3o judicial"},"content":{"rendered":"<div class=\"wpb-content-wrapper\"><p>[vc_row css_animation=&#8221;&#8221; row_type=&#8221;row&#8221; use_row_as_full_screen_section=&#8221;no&#8221; type=&#8221;full_width&#8221; angled_section=&#8221;no&#8221; text_align=&#8221;left&#8221; background_image_as_pattern=&#8221;without_pattern&#8221; z_index=&#8221;&#8221;][vc_column][vc_column_text css=&#8221;.vc_custom_1771810193646{padding-bottom: 30px !important;}&#8221;]<\/p>\n<h1 style=\"text-align: center;\">Conte com int\u00e9rpretes judiciais profissionais e certificados nos Estados Unidos<\/h1>\n<p>[\/vc_column_text][\/vc_column][\/vc_row][vc_row css_animation=&#8221;&#8221; row_type=&#8221;row&#8221; use_row_as_full_screen_section=&#8221;no&#8221; type=&#8221;grid&#8221; angled_section=&#8221;no&#8221; text_align=&#8221;left&#8221; background_image_as_pattern=&#8221;without_pattern&#8221; z_index=&#8221;&#8221; css=&#8221;.vc_custom_1719198241526{padding-top: 50px !important;padding-right: 10% !important;padding-left: 10% !important;}&#8221;][vc_column width=&#8221;1\/2&#8243; css=&#8221;.vc_custom_1712629369530{padding-right: 10% !important;padding-left: 10% !important;}&#8221;][vc_row_inner row_type=&#8221;row&#8221; type=&#8221;full_width&#8221; text_align=&#8221;center&#8221; css_animation=&#8221;&#8221;][vc_column_inner][vc_column_text css=&#8221;.vc_custom_1771810220185{padding-bottom: 50px !important;}&#8221;]<\/p>\n<p style=\"text-align: center;\"><strong>Os procedimentos judiciais nos Estados Unidos s\u00f3 podem ocorrer de forma adequada quando todas as partes compreendem plenamente os atos processuais e as comunica\u00e7\u00f5es realizadas em ju\u00edzo. Os int\u00e9rpretes judiciais desempenham um papel essencial para garantir uma comunica\u00e7\u00e3o clara, precisa e justa ao longo de todo o processo.<\/strong><\/p>\n<p>[\/vc_column_text][vc_column_text css=&#8221;.vc_custom_1771810331231{padding-top: 10px !important;padding-bottom: 10px !important;background-color: #00a6e4 !important;border-radius: 3px !important;}&#8221;]<\/p>\n<p style=\"text-align: center;\"><a href=\"https:\/\/prontotranslations.com\/pt-br\/contacto\/\"><span style=\"color: #ffffff;\">Entre em contato conosco sobre o seu projeto de interpreta\u00e7\u00e3o judicial nos EUA<\/span><\/a><\/p>\n<p>[\/vc_column_text][vc_empty_space height=&#8221;42px&#8221;][\/vc_column_inner][\/vc_row_inner][\/vc_column][vc_column width=&#8221;1\/2&#8243;][vc_single_image image=&#8221;8088&#8243; img_size=&#8221;full&#8221; alignment=&#8221;center&#8221; css=&#8221;.vc_custom_1726190136465{padding-bottom: 30px !important;}&#8221; qode_css_animation=&#8221;&#8221;][vc_empty_space][\/vc_column][\/vc_row][vc_row css_animation=&#8221;&#8221; row_type=&#8221;row&#8221; use_row_as_full_screen_section=&#8221;no&#8221; type=&#8221;grid&#8221; angled_section=&#8221;no&#8221; text_align=&#8221;left&#8221; background_image_as_pattern=&#8221;without_pattern&#8221; z_index=&#8221;&#8221;][vc_column][vc_separator type=&#8221;normal&#8221; color=&#8221;#88cce2&#8243; thickness=&#8221;5&#8243; up=&#8221;0&#8243; down=&#8221;0&#8243;][\/vc_column][\/vc_row][vc_row css_animation=&#8221;&#8221; row_type=&#8221;row&#8221; use_row_as_full_screen_section=&#8221;no&#8221; type=&#8221;full_width&#8221; angled_section=&#8221;no&#8221; text_align=&#8221;left&#8221; background_image_as_pattern=&#8221;without_pattern&#8221; z_index=&#8221;&#8221; css=&#8221;.vc_custom_1712718567412{background-color: rgba(0,166,228,0.05) !important;*background-color: rgb(0,166,228) !important;}&#8221;][vc_column][vc_row_inner row_type=&#8221;row&#8221; type=&#8221;grid&#8221; text_align=&#8221;left&#8221; css_animation=&#8221;&#8221; css=&#8221;.vc_custom_1718510501771{padding-top: 50px !important;}&#8221;][vc_column_inner width=&#8221;1\/2&#8243;][vc_single_image image=&#8221;8097&#8243; img_size=&#8221;full&#8221; alignment=&#8221;center&#8221; qode_css_animation=&#8221;&#8221;][vc_empty_space][\/vc_column_inner][vc_column_inner width=&#8221;1\/2&#8243;][vc_column_text css=&#8221;.vc_custom_1771810882919{padding-bottom: 10px !important;}&#8221;]O int\u00e9rprete judicial exerce uma fun\u00e7\u00e3o central em processos judiciais estaduais e federais quando as partes envolvidas n\u00e3o falam o mesmo idioma. Por meio de <a href=\"https:\/\/prontotranslations.com\/pt-br\/servicos-de-interpretacao\/\">servi\u00e7os profissionais de interpreta\u00e7\u00e3o<\/a> judicial, r\u00e9us, autores, testemunhas e demais participantes podem se comunicar de forma confi\u00e1vel e em conformidade com as exig\u00eancias do sistema judici\u00e1rio norte-americano.<\/p>\n<p>A Pronto Translations oferece servi\u00e7os de interpreta\u00e7\u00e3o judicial precisos e profissionais em todo o territ\u00f3rio dos Estados Unidos, incluindo tribunais estaduais, tribunais federais, audi\u00eancias administrativas e procedimentos correlatos, al\u00e9m de solu\u00e7\u00f5es de interpreta\u00e7\u00e3o remota quando permitido pela jurisdi\u00e7\u00e3o competente.<\/p>\n<h2>Por que contratar um int\u00e9rprete judicial certificado nos Estados Unidos?<\/h2>\n<p>[\/vc_column_text][\/vc_column_inner][\/vc_row_inner][vc_row_inner row_type=&#8221;row&#8221; type=&#8221;grid&#8221; text_align=&#8221;left&#8221; css_animation=&#8221;&#8221;][vc_column_inner][vc_column_text css=&#8221;&#8221;]Int\u00e9rpretes judiciais permitem que pessoas que n\u00e3o dominam o idioma principal utilizado no tribunal compreendam integralmente os procedimentos e as decis\u00f5es que as afetam. Da mesma forma, transmitem ao juiz e \u00e0s demais partes, com exatid\u00e3o e imparcialidade, as informa\u00e7\u00f5es prestadas por essas pessoas.<\/p>\n<p>Os int\u00e9rpretes atuam junto a r\u00e9us, testemunhas, v\u00edtimas e advogados, garantindo que todos os depoimentos, declara\u00e7\u00f5es e perguntas sejam corretamente compreendidos.<\/p>\n<p>Sem um int\u00e9rprete judicial qualificado, determinadas pessoas ficariam impossibilitadas de participar de forma efetiva das audi\u00eancias, o que poderia comprometer a equidade, a validade e a integridade do processo judicial.<\/p>\n<p>A interpreta\u00e7\u00e3o jur\u00eddica \u00e9 uma \u00e1rea altamente especializada. Os profissionais que atuam nesse campo devem dominar:<\/p>\n<ul>\n<li>Terminologia jur\u00eddica e processual<\/li>\n<li>Procedimentos de audi\u00eancias, interrogat\u00f3rios e depoimentos<\/li>\n<li>Linguagem t\u00e9cnica utilizada em processos c\u00edveis e criminais<\/li>\n<li>Regras de neutralidade, \u00e9tica e confidencialidade<\/li>\n<\/ul>\n<p>Al\u00e9m, \u00e9 claro, de possuir flu\u00eancia absoluta nos idiomas de trabalho envolvidos.[\/vc_column_text][vc_empty_space height=&#8221;42px&#8221;][\/vc_column_inner][\/vc_row_inner][\/vc_column][\/vc_row][vc_row css_animation=&#8221;&#8221; row_type=&#8221;row&#8221; use_row_as_full_screen_section=&#8221;no&#8221; type=&#8221;grid&#8221; angled_section=&#8221;no&#8221; text_align=&#8221;left&#8221; background_image_as_pattern=&#8221;without_pattern&#8221; z_index=&#8221;&#8221;][vc_column][vc_separator type=&#8221;normal&#8221; color=&#8221;#88cce2&#8243; thickness=&#8221;5&#8243; up=&#8221;0&#8243; down=&#8221;0&#8243;][\/vc_column][\/vc_row][vc_row css_animation=&#8221;&#8221; row_type=&#8221;row&#8221; use_row_as_full_screen_section=&#8221;no&#8221; type=&#8221;full_width&#8221; angled_section=&#8221;no&#8221; text_align=&#8221;left&#8221; background_image_as_pattern=&#8221;without_pattern&#8221; z_index=&#8221;&#8221;][vc_column][vc_row_inner row_type=&#8221;row&#8221; type=&#8221;grid&#8221; text_align=&#8221;left&#8221; css_animation=&#8221;&#8221; css=&#8221;.vc_custom_1718510501771{padding-top: 50px !important;}&#8221;][vc_column_inner][vc_single_image image=&#8221;8079&#8243; img_size=&#8221;full&#8221; alignment=&#8221;center&#8221; css=&#8221;.vc_custom_1726188231805{padding-bottom: 40px !important;}&#8221; qode_css_animation=&#8221;&#8221;][vc_column_text css=&#8221;.vc_custom_1771810615081{padding-bottom: 10px !important;}&#8221;]<\/p>\n<h2>Igualdade de compreens\u00e3o como princ\u00edpio fundamental da justi\u00e7a<\/h2>\n<p>No sistema judicial norte-americano, \u00e9 essencial que todas as partes tenham o mesmo n\u00edvel de compreens\u00e3o dos procedimentos, a fim de garantir o respeito aos direitos fundamentais e o devido processo legal.<\/p>\n<p>Na Pronto Translations, trabalhamos com mais de 300 pares de idiomas. Nossos int\u00e9rpretes judiciais e tradutores jur\u00eddicos s\u00e3o certificados ou credenciados por \u00f3rg\u00e3os reconhecidos, competentes para avaliar e validar qualifica\u00e7\u00f5es profissionais para atua\u00e7\u00e3o em tribunais e procedimentos legais nos Estados Unidos.<\/p>\n<p>Isso garante servi\u00e7os de interpreta\u00e7\u00e3o judicial alinhados aos mais altos padr\u00f5es profissionais e institucionais.<\/p>\n<h2>Modalidades de interpreta\u00e7\u00e3o utilizadas em tribunais nos EUA<\/h2>\n<p>Um int\u00e9rprete judicial certificado atua, em geral, utilizando dois principais modos de interpreta\u00e7\u00e3o:<\/p>\n<ul>\n<li>Interpreta\u00e7\u00e3o simult\u00e2nea<br \/>\nO int\u00e9rprete escuta e interpreta em tempo real, permitindo que as partes acompanhem imediatamente os debates e as interven\u00e7\u00f5es durante a audi\u00eancia.<\/li>\n<li>Interpreta\u00e7\u00e3o consecutiva<br \/>\nO int\u00e9rprete transmite a mensagem ap\u00f3s o orador concluir uma ou mais frases. Esse m\u00e9todo \u00e9 amplamente utilizado em depoimentos, interrogat\u00f3rios e oitivas de testemunhas.<\/li>\n<\/ul>\n<p>A escolha do modo depende do tipo de processo, das exig\u00eancias do tribunal e da natureza da audi\u00eancia.[\/vc_column_text][\/vc_column_inner][\/vc_row_inner][vc_empty_space height=&#8221;42px&#8221;][\/vc_column][\/vc_row][vc_row css_animation=&#8221;&#8221; row_type=&#8221;row&#8221; use_row_as_full_screen_section=&#8221;no&#8221; type=&#8221;grid&#8221; angled_section=&#8221;no&#8221; text_align=&#8221;left&#8221; background_image_as_pattern=&#8221;without_pattern&#8221; z_index=&#8221;&#8221;][vc_column][vc_separator type=&#8221;normal&#8221; color=&#8221;#88cce2&#8243; thickness=&#8221;5&#8243; up=&#8221;0&#8243; down=&#8221;0&#8243;][\/vc_column][\/vc_row][vc_row css_animation=&#8221;&#8221; row_type=&#8221;row&#8221; use_row_as_full_screen_section=&#8221;no&#8221; type=&#8221;full_width&#8221; angled_section=&#8221;no&#8221; text_align=&#8221;left&#8221; background_image_as_pattern=&#8221;without_pattern&#8221; css=&#8221;.vc_custom_1726012417372{background-color: rgba(0,166,228,0.05) !important;*background-color: rgb(0,166,228) !important;}&#8221; z_index=&#8221;&#8221;][vc_column][vc_row_inner row_type=&#8221;row&#8221; type=&#8221;grid&#8221; text_align=&#8221;left&#8221; css_animation=&#8221;&#8221;][vc_column_inner][vc_column_text css=&#8221;.vc_custom_1771810659667{padding-top: 30px !important;padding-bottom: 40px !important;}&#8221;]<\/p>\n<h2>Saiba mais sobre nossos servi\u00e7os de interpreta\u00e7\u00e3o judicial nos Estados Unidos<\/h2>\n<p>A demanda por servi\u00e7os profissionais de interpreta\u00e7\u00e3o judicial continua a crescer \u00e0 medida que a sociedade norte-americana se torna cada vez mais diversa do ponto de vista lingu\u00edstico.<\/p>\n<p>Se voc\u00ea est\u00e1 envolvido em um processo judicial nos Estados Unidos \u2014 seja c\u00edvel, criminal, administrativo ou regulat\u00f3rio \u2014 e precisa de suporte multil\u00edngue, \u00e9 fundamental contar com um int\u00e9rprete judicial certificado, experiente e familiarizado com o sistema jur\u00eddico dos EUA.<\/p>\n<p>&#x1f4cd; <strong>Escrit\u00f3rio<\/strong>: Nova York, NY<br \/>\n&#x1f4de; <strong>Telefone<\/strong>: <a href=\"Tel:+16469844073\">+1 (646) 984-4073<\/a><br \/>\n&#x1f48c; <strong>E-mail<\/strong>: <a href=\"mailto:clientservices@prontotranslations.com\">clientservices@prontotranslations.com<\/a>[\/vc_column_text][\/vc_column_inner][\/vc_row_inner][\/vc_column][\/vc_row][vc_row css_animation=&#8221;&#8221; row_type=&#8221;row&#8221; use_row_as_full_screen_section=&#8221;no&#8221; type=&#8221;full_width&#8221; angled_section=&#8221;no&#8221; text_align=&#8221;left&#8221; background_image_as_pattern=&#8221;without_pattern&#8221; z_index=&#8221;&#8221; background_color=&#8221;rgba(0,166,228,0.35)&#8221;][vc_column][vc_row_inner row_type=&#8221;row&#8221; type=&#8221;grid&#8221; text_align=&#8221;left&#8221; css_animation=&#8221;&#8221; css=&#8221;.vc_custom_1712461537481{margin-top: 30px !important;margin-bottom: 30px !important;}&#8221;][vc_column_inner][vc_column_text css=&#8221;.vc_custom_1771810311570{padding-top: 15px !important;padding-right: 10px !important;padding-bottom: 15px !important;padding-left: 10px !important;background-color: #00a5e4 !important;border-radius: 3px !important;}&#8221;]<\/p>\n<p style=\"text-align: center;\"><span style=\"color: #ffffff;\"><a style=\"color: #ffffff;\" href=\"https:\/\/prontotranslations.com\/pt-br\/contacto\/\">Entre em contato conosco sobre o seu projeto de interpreta\u00e7\u00e3o judicial nos EUA<\/a><\/span><\/p>\n<p>[\/vc_column_text][\/vc_column_inner][\/vc_row_inner][\/vc_column][\/vc_row]<\/p>\n<\/div>","protected":false},"excerpt":{"rendered":"<p>[vc_row css_animation=&#8221;&#8221; row_type=&#8221;row&#8221; use_row_as_full_screen_section=&#8221;no&#8221; type=&#8221;full_width&#8221; angled_section=&#8221;no&#8221; text_align=&#8221;left&#8221; background_image_as_pattern=&#8221;without_pattern&#8221; z_index=&#8221;&#8221;][vc_column][vc_column_text css=&#8221;.vc_custom_1771810193646{padding-bottom: 30px !important;}&#8221;] Conte com int\u00e9rpretes judiciais profissionais e certificados nos Estados Unidos [\/vc_column_text][\/vc_column][\/vc_row][vc_row css_animation=&#8221;&#8221; row_type=&#8221;row&#8221;&#8230;<\/p>\n","protected":false},"author":1,"featured_media":0,"parent":3913,"menu_order":3,"comment_status":"closed","ping_status":"closed","template":"full_width.php","meta":{"footnotes":""},"class_list":["post-8376","page","type-page","status-publish","hentry"],"_links":{"self":[{"href":"https:\/\/prontotranslations.com\/pt-br\/wp-json\/wp\/v2\/pages\/8376","targetHints":{"allow":["GET"]}}],"collection":[{"href":"https:\/\/prontotranslations.com\/pt-br\/wp-json\/wp\/v2\/pages"}],"about":[{"href":"https:\/\/prontotranslations.com\/pt-br\/wp-json\/wp\/v2\/types\/page"}],"author":[{"embeddable":true,"href":"https:\/\/prontotranslations.com\/pt-br\/wp-json\/wp\/v2\/users\/1"}],"replies":[{"embeddable":true,"href":"https:\/\/prontotranslations.com\/pt-br\/wp-json\/wp\/v2\/comments?post=8376"}],"version-history":[{"count":6,"href":"https:\/\/prontotranslations.com\/pt-br\/wp-json\/wp\/v2\/pages\/8376\/revisions"}],"predecessor-version":[{"id":8382,"href":"https:\/\/prontotranslations.com\/pt-br\/wp-json\/wp\/v2\/pages\/8376\/revisions\/8382"}],"up":[{"embeddable":true,"href":"https:\/\/prontotranslations.com\/pt-br\/wp-json\/wp\/v2\/pages\/3913"}],"wp:attachment":[{"href":"https:\/\/prontotranslations.com\/pt-br\/wp-json\/wp\/v2\/media?parent=8376"}],"curies":[{"name":"wp","href":"https:\/\/api.w.org\/{rel}","templated":true}]}}