{"id":8383,"date":"2025-11-17T04:10:44","date_gmt":"2025-11-17T04:10:44","guid":{"rendered":"https:\/\/prontotranslations.com\/?page_id=8383"},"modified":"2026-02-25T05:24:54","modified_gmt":"2026-02-25T05:24:54","slug":"interpretacao-judicial-certificada-em-nova-york-ny","status":"publish","type":"page","link":"https:\/\/prontotranslations.com\/pt-br\/servicos-de-interpretacao\/interpretacao-judicial\/interpretacao-judicial-certificada-em-nova-york-ny\/","title":{"rendered":"Interpretacao judicial certificada em nova york ny"},"content":{"rendered":"<div class=\"wpb-content-wrapper\"><p>[vc_row css_animation=&#8221;&#8221; row_type=&#8221;row&#8221; use_row_as_full_screen_section=&#8221;no&#8221; type=&#8221;full_width&#8221; angled_section=&#8221;no&#8221; text_align=&#8221;left&#8221; background_image_as_pattern=&#8221;without_pattern&#8221; z_index=&#8221;&#8221;][vc_column][vc_column_text css=&#8221;.vc_custom_1771811171368{padding-right: 15% !important;padding-bottom: 30px !important;padding-left: 15% !important;}&#8221;]<\/p>\n<h1 style=\"text-align: center;\">Contrate um int\u00e9rprete judicial profissional e certificado em Nova York (NY)<\/h1>\n<p>[\/vc_column_text][\/vc_column][\/vc_row][vc_row css_animation=&#8221;&#8221; row_type=&#8221;row&#8221; use_row_as_full_screen_section=&#8221;no&#8221; type=&#8221;grid&#8221; angled_section=&#8221;no&#8221; text_align=&#8221;left&#8221; background_image_as_pattern=&#8221;without_pattern&#8221; z_index=&#8221;&#8221; css=&#8221;.vc_custom_1719198241526{padding-top: 50px !important;padding-right: 10% !important;padding-left: 10% !important;}&#8221;][vc_column width=&#8221;1\/2&#8243; css=&#8221;.vc_custom_1712629369530{padding-right: 10% !important;padding-left: 10% !important;}&#8221;][vc_row_inner row_type=&#8221;row&#8221; type=&#8221;full_width&#8221; text_align=&#8221;center&#8221; css_animation=&#8221;&#8221;][vc_column_inner][vc_column_text css=&#8221;.vc_custom_1771811834114{padding-bottom: 50px !important;}&#8221;]<\/p>\n<p style=\"text-align: center;\"><strong>Servi\u00e7os de interpreta\u00e7\u00e3o judicial profissional a servi\u00e7o do sistema judici\u00e1rio de Nova York<\/strong><\/p>\n<p style=\"text-align: left;\">Os procedimentos judiciais s\u00f3 podem transcorrer de forma adequada quando todas as partes compreendem claramente o que est\u00e1 sendo dito. Os int\u00e9rpretes judiciais certificados desempenham um papel essencial para garantir uma comunica\u00e7\u00e3o precisa, imparcial e juridicamente confi\u00e1vel nos contextos judiciais.<br \/>\nOs tribunais da cidade \u2014 desde as cortes criminais de Manhattan at\u00e9 os tribunais federais do Southern District of New York \u2014 lidam todos os anos com milhares de processos envolvendo pessoas que n\u00e3o falam ingl\u00eas.<\/p>\n<p style=\"text-align: left;\">Na <strong>Pronto Translations<\/strong>, oferecemos servi\u00e7os de interpreta\u00e7\u00e3o judicial certificada em Nova York (NY) para garantir que todas as vozes sejam ouvidas e fielmente representadas ao longo de todo o processo. Nossos int\u00e9rpretes s\u00e3o profissionais qualificados, treinados para atender \u00e0s exig\u00eancias espec\u00edficas das jurisdi\u00e7\u00f5es estaduais e federais, e seguem os mais altos padr\u00f5es \u00e9ticos e lingu\u00edsticos.<\/p>\n<p>[\/vc_column_text][vc_column_text css=&#8221;.vc_custom_1771811876512{padding-top: 10px !important;padding-bottom: 10px !important;background-color: #00a6e4 !important;border-radius: 3px !important;}&#8221;]<\/p>\n<p style=\"text-align: center;\"><a href=\"https:\/\/prontotranslations.com\/pt-br\/contacto\/\"><span style=\"color: #ffffff;\">Entre em contato conosco sobre o seu projeto de interpreta\u00e7\u00e3o judicial<\/span><\/a><\/p>\n<p>[\/vc_column_text][vc_empty_space height=&#8221;42px&#8221;][\/vc_column_inner][\/vc_row_inner][\/vc_column][vc_column width=&#8221;1\/2&#8243;][vc_single_image image=&#8221;8088&#8243; img_size=&#8221;full&#8221; alignment=&#8221;center&#8221; css=&#8221;.vc_custom_1726190136465{padding-bottom: 30px !important;}&#8221; qode_css_animation=&#8221;&#8221;][vc_empty_space][\/vc_column][\/vc_row][vc_row css_animation=&#8221;&#8221; row_type=&#8221;row&#8221; use_row_as_full_screen_section=&#8221;no&#8221; type=&#8221;grid&#8221; angled_section=&#8221;no&#8221; text_align=&#8221;left&#8221; background_image_as_pattern=&#8221;without_pattern&#8221; z_index=&#8221;&#8221;][vc_column][vc_separator type=&#8221;normal&#8221; color=&#8221;#88cce2&#8243; thickness=&#8221;5&#8243; up=&#8221;0&#8243; down=&#8221;0&#8243;][\/vc_column][\/vc_row][vc_row css_animation=&#8221;&#8221; row_type=&#8221;row&#8221; use_row_as_full_screen_section=&#8221;no&#8221; type=&#8221;full_width&#8221; angled_section=&#8221;no&#8221; text_align=&#8221;left&#8221; background_image_as_pattern=&#8221;without_pattern&#8221; z_index=&#8221;&#8221; css=&#8221;.vc_custom_1712718567412{background-color: rgba(0,166,228,0.05) !important;*background-color: rgb(0,166,228) !important;}&#8221;][vc_column][vc_row_inner row_type=&#8221;row&#8221; type=&#8221;grid&#8221; text_align=&#8221;left&#8221; css_animation=&#8221;&#8221; css=&#8221;.vc_custom_1718510501771{padding-top: 50px !important;}&#8221;][vc_column_inner width=&#8221;1\/2&#8243;][vc_single_image image=&#8221;8097&#8243; img_size=&#8221;full&#8221; alignment=&#8221;center&#8221; qode_css_animation=&#8221;&#8221;][\/vc_column_inner][vc_column_inner width=&#8221;1\/2&#8243;][vc_column_text css=&#8221;.vc_custom_1771812031175{padding-bottom: 30px !important;}&#8221;]<\/p>\n<h2>O papel do int\u00e9rprete judicial<\/h2>\n<p>O int\u00e9rprete judicial tem a fun\u00e7\u00e3o de facilitar uma comunica\u00e7\u00e3o exata e neutra entre pessoas que falam idiomas diferentes no \u00e2mbito de procedimentos judiciais. Ele ou ela interpreta comunica\u00e7\u00f5es orais ou em l\u00edngua de sinais sem omiss\u00f5es, sem resumos e sem acr\u00e9scimos, em estrita conformidade com as normas \u00e9ticas da profiss\u00e3o.<\/p>\n<p>O objetivo \u00e9 garantir que todas as partes \u2014 r\u00e9us, testemunhas, advogados e ju\u00edzes \u2014 compreendam plenamente o conte\u00fado das comunica\u00e7\u00f5es e das decis\u00f5es.<\/p>\n<p>Os int\u00e9rpretes judiciais atuam, entre outros, nos seguintes contextos:<\/p>\n<ul>\n<li>Processos penais e c\u00edveis<\/li>\n<li>Depoimentos e audi\u00eancias<\/li>\n<li>Comparecimentos em ju\u00edzo e senten\u00e7as<\/li>\n<li>Reuni\u00f5es entre advogado e cliente<\/li>\n<li>Casos de direito de fam\u00edlia<\/li>\n<li>Arbitragem e media\u00e7\u00e3o<\/li>\n<\/ul>\n<p>[\/vc_column_text][\/vc_column_inner][\/vc_row_inner][vc_row_inner row_type=&#8221;row&#8221; type=&#8221;grid&#8221; text_align=&#8221;left&#8221; css_animation=&#8221;&#8221;][vc_column_inner][vc_column_text css=&#8221;&#8221;]Cada palavra conta em uma sala de audi\u00eancia. A menor imprecis\u00e3o pode gerar consequ\u00eancias jur\u00eddicas significativas. Por isso, a Pronto Translations trabalha exclusivamente com int\u00e9rpretes judiciais certificados ou credenciados, com experi\u00eancia comprovada no ambiente forense.<\/p>\n<h2>Certifica\u00e7\u00e3o e padr\u00f5es profissionais<\/h2>\n<p>Em Nova York, int\u00e9rpretes judiciais certificados devem demonstrar n\u00e3o apenas flu\u00eancia lingu\u00edstica, mas tamb\u00e9m profundo conhecimento da terminologia jur\u00eddica. Muitos possuem certifica\u00e7\u00f5es emitidas por \u00f3rg\u00e3os reconhecidos, tais como:<\/p>\n<ul>\n<li><strong>New York State Unified Court System<\/strong><\/li>\n<li><strong>Administrative Office of the U.S. Courts (AOUSC)<\/strong><\/li>\n<li><strong>National Association of Judiciary Interpreters and Translators (NAJIT)<\/strong><\/li>\n<li><strong>American Translators Association (ATA)<\/strong><\/li>\n<\/ul>\n<p>Essas certifica\u00e7\u00f5es atestam a capacidade do int\u00e9rprete de atuar com precis\u00e3o, imparcialidade e adequa\u00e7\u00e3o em contextos jur\u00eddicos sens\u00edveis. Os int\u00e9rpretes da Pronto Translations atendem a esses requisitos e seguem c\u00f3digos rigorosos de conduta profissional, confidencialidade e neutralidade.<\/p>\n<h2>Interpreta\u00e7\u00e3o simult\u00e2nea e consecutiva nos tribunais<\/h2>\n<p>Os int\u00e9rpretes judiciais certificados da Pronto Translations dominam os dois principais modos de interpreta\u00e7\u00e3o utilizados em ambiente judicial:<\/p>\n<ul>\n<li><strong>Interpreta\u00e7\u00e3o simult\u00e2nea<\/strong><br \/>\nO int\u00e9rprete transmite a mensagem em tempo real, permitindo que a parte assistida acompanhe o andamento da audi\u00eancia sem interrup\u00e7\u00f5es. \u00c9 comumente utilizada quando \u00e9 necess\u00e1ria assist\u00eancia lingu\u00edstica cont\u00ednua ao longo do processo.<\/li>\n<li><strong>Interpreta\u00e7\u00e3o consecutiva<\/strong><br \/>\nO int\u00e9rprete atua ap\u00f3s a pausa do orador. Esse modo \u00e9 frequentemente utilizado em depoimentos, oitivas de testemunhas e interrogat\u00f3rios diretos.<\/li>\n<\/ul>\n<p>Nossos int\u00e9rpretes se adaptam ao tipo de procedimento, \u00e0s exig\u00eancias da jurisdi\u00e7\u00e3o e \u00e0s instru\u00e7\u00f5es do juiz.[\/vc_column_text][\/vc_column_inner][\/vc_row_inner][vc_empty_space height=&#8221;42px&#8221;][\/vc_column][\/vc_row][vc_row css_animation=&#8221;&#8221; row_type=&#8221;row&#8221; use_row_as_full_screen_section=&#8221;no&#8221; type=&#8221;grid&#8221; angled_section=&#8221;no&#8221; text_align=&#8221;left&#8221; background_image_as_pattern=&#8221;without_pattern&#8221; z_index=&#8221;&#8221;][vc_column][vc_separator type=&#8221;normal&#8221; color=&#8221;#88cce2&#8243; thickness=&#8221;5&#8243; up=&#8221;0&#8243; down=&#8221;0&#8243;][\/vc_column][\/vc_row][vc_row css_animation=&#8221;&#8221; row_type=&#8221;row&#8221; use_row_as_full_screen_section=&#8221;no&#8221; type=&#8221;full_width&#8221; angled_section=&#8221;no&#8221; text_align=&#8221;left&#8221; background_image_as_pattern=&#8221;without_pattern&#8221; z_index=&#8221;&#8221;][vc_column][vc_row_inner row_type=&#8221;row&#8221; type=&#8221;grid&#8221; text_align=&#8221;left&#8221; css_animation=&#8221;&#8221; css=&#8221;.vc_custom_1718510501771{padding-top: 50px !important;}&#8221;][vc_column_inner][vc_column_text css=&#8221;.vc_custom_1771812217458{padding-bottom: 30px !important;}&#8221;]<\/p>\n<h2>Diferen\u00e7a entre int\u00e9rpretes judiciais e tradutores jur\u00eddicos<\/h2>\n<p>Embora os termos \u201cint\u00e9rprete\u201d e \u201ctradutor\u201d sejam por vezes utilizados de forma intercambi\u00e1vel, eles representam compet\u00eancias distintas:<\/p>\n<ul>\n<li><strong>Int\u00e9rpretes judiciais<\/strong> atuam em comunica\u00e7\u00f5es orais ou em l\u00edngua de sinais, em tempo real.<\/li>\n<li><strong>Tradutores jur\u00eddicos<\/strong> trabalham com documentos escritos, como contratos, pe\u00e7as processuais, declara\u00e7\u00f5es juramentadas (affidavits) e transcri\u00e7\u00f5es judiciais.<\/li>\n<\/ul>\n<p>Ambas as fun\u00e7\u00f5es exigem s\u00f3lida forma\u00e7\u00e3o jur\u00eddica. A Pronto Translations oferece servi\u00e7os integrados de interpreta\u00e7\u00e3o e tradu\u00e7\u00e3o jur\u00eddica, assegurando coer\u00eancia entre a comunica\u00e7\u00e3o oral e a documenta\u00e7\u00e3o escrita nos processos judiciais.<\/p>\n<h2>Por que escolher a Pronto Translations para interpreta\u00e7\u00e3o judicial em Nova York<\/h2>\n<p>Com mais de 25 anos de experi\u00eancia em comunica\u00e7\u00e3o multil\u00edngue, a Pronto Translations construiu uma reputa\u00e7\u00e3o s\u00f3lida de excel\u00eancia profissional. Nossa equipe oferece:<\/p>\n<ul>\n<li>Mais de 300 combina\u00e7\u00f5es lingu\u00edsticas, incluindo espanhol, mandarim, \u00e1rabe, russo, franc\u00eas, japon\u00eas e coreano<\/li>\n<li>Int\u00e9rpretes judiciais certificados, habilitados a atuar em tribunais estaduais e federais<\/li>\n<li>Acordos rigorosos de confidencialidade e protocolos refor\u00e7ados de seguran\u00e7a da informa\u00e7\u00e3o<\/li>\n<li>Dom\u00ednio cultural e profundo conhecimento dos procedimentos judiciais de Nova York<\/li>\n<\/ul>\n<p>Atendemos todos os cinco distritos \u2014 Manhattan, Brooklyn, Queens, Bronx e Staten Island \u2014 al\u00e9m de Long Island, Westchester County e jurisdi\u00e7\u00f5es vizinhas, como Newark e Jersey City. Tamb\u00e9m oferecemos solu\u00e7\u00f5es de interpreta\u00e7\u00e3o jur\u00eddica remota quando exigido por restri\u00e7\u00f5es log\u00edsticas.[\/vc_column_text][vc_single_image image=&#8221;8079&#8243; img_size=&#8221;full&#8221; alignment=&#8221;center&#8221; css=&#8221;.vc_custom_1726188231805{padding-bottom: 40px !important;}&#8221; qode_css_animation=&#8221;&#8221;][vc_column_text css=&#8221;.vc_custom_1771996859323{padding-bottom: 10px !important;}&#8221;][\/vc_column_text][\/vc_column_inner][\/vc_row_inner][vc_empty_space height=&#8221;22px&#8221;][\/vc_column][\/vc_row][vc_row css_animation=&#8221;&#8221; row_type=&#8221;row&#8221; use_row_as_full_screen_section=&#8221;no&#8221; type=&#8221;grid&#8221; angled_section=&#8221;no&#8221; text_align=&#8221;left&#8221; background_image_as_pattern=&#8221;without_pattern&#8221; z_index=&#8221;&#8221;][vc_column][vc_separator type=&#8221;normal&#8221; color=&#8221;#88cce2&#8243; thickness=&#8221;5&#8243; up=&#8221;0&#8243; down=&#8221;0&#8243;][\/vc_column][\/vc_row][vc_row css_animation=&#8221;&#8221; row_type=&#8221;row&#8221; use_row_as_full_screen_section=&#8221;no&#8221; type=&#8221;full_width&#8221; angled_section=&#8221;no&#8221; text_align=&#8221;left&#8221; background_image_as_pattern=&#8221;without_pattern&#8221; css=&#8221;.vc_custom_1771997071453{background-color: #E9F1F5 !important;}&#8221; z_index=&#8221;&#8221;][vc_column][vc_row_inner row_type=&#8221;row&#8221; type=&#8221;grid&#8221; text_align=&#8221;left&#8221; css_animation=&#8221;&#8221;][vc_column_inner][vc_column_text css=&#8221;.vc_custom_1771996976805{padding-top: 50px !important;padding-bottom: 50px !important;background-color: #E9F1F5 !important;}&#8221;]<\/p>\n<h2>Cobertura dos tribunais em Nova York<\/h2>\n<p>Nossos int\u00e9rpretes atuam regularmente junto \u00e0s seguintes jurisdi\u00e7\u00f5es:<\/p>\n<ul>\n<li>Suprema Corte do Estado de Nova York \u2013 varas c\u00edvel e criminal<\/li>\n<li>Suprema Corte do Condado de Queens<\/li>\n<li>Suprema Corte do Condado de Kings (Brooklyn)<\/li>\n<li>F\u00f3rum do Condado do Bronx<\/li>\n<li>Suprema Corte do Condado de Richmond (Staten Island)<\/li>\n<li>Tribunais federais \u2013 Distritos Sul e Leste de Nova York<\/li>\n<\/ul>\n<p>Essa ampla cobertura garante aos clientes de Nova York e regi\u00f5es adjacentes acesso a servi\u00e7os confi\u00e1veis de interpreta\u00e7\u00e3o judicial, independentemente do local da audi\u00eancia.[\/vc_column_text][\/vc_column_inner][\/vc_row_inner][\/vc_column][\/vc_row][vc_row css_animation=&#8221;&#8221; row_type=&#8221;row&#8221; use_row_as_full_screen_section=&#8221;no&#8221; type=&#8221;grid&#8221; angled_section=&#8221;no&#8221; text_align=&#8221;left&#8221; background_image_as_pattern=&#8221;without_pattern&#8221; z_index=&#8221;&#8221;][vc_column][vc_separator type=&#8221;normal&#8221; color=&#8221;#88cce2&#8243; thickness=&#8221;5&#8243; up=&#8221;0&#8243; down=&#8221;0&#8243;][\/vc_column][\/vc_row][vc_row css_animation=&#8221;&#8221; row_type=&#8221;row&#8221; use_row_as_full_screen_section=&#8221;no&#8221; type=&#8221;grid&#8221; angled_section=&#8221;no&#8221; text_align=&#8221;left&#8221; background_image_as_pattern=&#8221;without_pattern&#8221; z_index=&#8221;&#8221;][vc_column][vc_column_text css=&#8221;.vc_custom_1771995979512{padding-top: 30px !important;padding-bottom: 10px !important;}&#8221;]<\/p>\n<h2>Perguntas frequentes (FAQ)<\/h2>\n<p>[\/vc_column_text][vc_accordion active_tab=&#8221;false&#8221; style=&#8221;toggle&#8221;][vc_accordion_tab title=&#8221;1. Quais qualifica\u00e7\u00f5es um int\u00e9rprete judicial deve possuir em Nova York?&#8221; title_tag=&#8221;h3&#8243; title_color=&#8221;#000000&#8243; background_color=&#8221;#E9F1F5&#8243;][vc_column_text css=&#8221;&#8221;]Os int\u00e9rpretes devem ser certificados pelo New York State Unified Court System ou possuir credenciamento de organismos nacionais reconhecidos, como NAJIT ou ATA. \u00c9 exigida flu\u00eancia lingu\u00edstica, dom\u00ednio da terminologia jur\u00eddica e capacidade de atua\u00e7\u00e3o imparcial.[\/vc_column_text][\/vc_accordion_tab][vc_accordion_tab title=&#8221;2. Em que a interpreta\u00e7\u00e3o judicial difere da interpreta\u00e7\u00e3o geral?&#8221; title_tag=&#8221;h3&#8243; title_color=&#8221;#000000&#8243; background_color=&#8221;#E9F1F5&#8243;][vc_column_text css=&#8221;&#8221;]A interpreta\u00e7\u00e3o judicial exige dom\u00ednio rigoroso do vocabul\u00e1rio jur\u00eddico, neutralidade absoluta e estrito respeito \u00e0 confidencialidade. Em Nova York, int\u00e9rpretes judiciais atuam sob juramento e em ambiente processual formal.[\/vc_column_text][\/vc_accordion_tab][vc_accordion_tab title=&#8221;3. A Pronto Translations fornece int\u00e9rpretes certificados para tribunais federais?&#8221; title_tag=&#8221;h3&#8243; title_color=&#8221;#000000&#8243; background_color=&#8221;#E9F1F5&#8243;][vc_column_text css=&#8221;&#8221;]Disponibilizamos int\u00e9rpretes certificados ou habilitados para atuar tanto em tribunais estaduais quanto federais, incluindo os Distritos Sul e Leste de Nova York.[\/vc_column_text][\/vc_accordion_tab][vc_accordion_tab title=&#8221;4. Quais idiomas s\u00e3o atendidos?&#8221; title_tag=&#8221;h3&#8243; title_color=&#8221;#000000&#8243; background_color=&#8221;#E9F1F5&#8243;][vc_column_text css=&#8221;&#8221;]Oferecemos mais de 300 combina\u00e7\u00f5es lingu\u00edsticas, incluindo portugu\u00eas, espanhol, mandarim, \u00e1rabe, russo, franc\u00eas, coreano, japon\u00eas, urdu e muitos outros.[\/vc_column_text][\/vc_accordion_tab][vc_accordion_tab title=&#8221;5. Os int\u00e9rpretes respeitam a confidencialidade?&#8221; title_tag=&#8221;h3&#8243; title_color=&#8221;#000000&#8243; background_color=&#8221;#E9F1F5&#8243;][vc_column_text css=&#8221;&#8221;]Todos seguem um c\u00f3digo \u00e9tico rigoroso com obriga\u00e7\u00f5es estritas de confidencialidade. Nenhuma informa\u00e7\u00e3o \u00e9 divulgada.[\/vc_column_text][\/vc_accordion_tab][vc_accordion_tab title=&#8221;6. Voc\u00eas oferecem interpreta\u00e7\u00e3o para consultas jur\u00eddicas ou depoimentos?&#8221; title_tag=&#8221;h3&#8243; title_color=&#8221;#000000&#8243; background_color=&#8221;#E9F1F5&#8243;][vc_column_text css=&#8221;&#8221;]Nossos int\u00e9rpretes atuam tanto em tribunais quanto em reuni\u00f5es advogado\u2013cliente, depoimentos e sess\u00f5es de arbitragem.[\/vc_column_text][\/vc_accordion_tab][vc_accordion_tab title=&#8221;7. Como solicitar um int\u00e9rprete judicial em Nova York pela Pronto Translations?&#8221; title_tag=&#8221;h3&#8243; title_color=&#8221;#000000&#8243; background_color=&#8221;#E9F1F5&#8243;][vc_column_text css=&#8221;&#8221;]Voc\u00ea pode entrar em contato pelo telefone <strong>+1 (646) 984-4073<\/strong> ou enviar uma solicita\u00e7\u00e3o online. Nossa equipe reunir\u00e1 as informa\u00e7\u00f5es necess\u00e1rias para designar o int\u00e9rprete mais adequado.[\/vc_column_text][\/vc_accordion_tab][\/vc_accordion][vc_empty_space][\/vc_column][\/vc_row][vc_row css_animation=&#8221;&#8221; row_type=&#8221;row&#8221; use_row_as_full_screen_section=&#8221;no&#8221; type=&#8221;grid&#8221; angled_section=&#8221;no&#8221; text_align=&#8221;left&#8221; background_image_as_pattern=&#8221;without_pattern&#8221; z_index=&#8221;&#8221;][vc_column][vc_separator type=&#8221;normal&#8221; color=&#8221;#88cce2&#8243; thickness=&#8221;5&#8243; up=&#8221;0&#8243; down=&#8221;0&#8243;][\/vc_column][\/vc_row][vc_row css_animation=&#8221;&#8221; row_type=&#8221;row&#8221; use_row_as_full_screen_section=&#8221;no&#8221; type=&#8221;full_width&#8221; angled_section=&#8221;no&#8221; text_align=&#8221;left&#8221; background_image_as_pattern=&#8221;without_pattern&#8221; css=&#8221;.vc_custom_1726012417372{background-color: rgba(0,166,228,0.05) !important;*background-color: rgb(0,166,228) !important;}&#8221; z_index=&#8221;&#8221;][vc_column][vc_row_inner row_type=&#8221;row&#8221; type=&#8221;grid&#8221; text_align=&#8221;left&#8221; css_animation=&#8221;&#8221;][vc_column_inner][vc_column_text css=&#8221;.vc_custom_1771812353006{padding-top: 30px !important;padding-bottom: 40px !important;}&#8221;]<\/p>\n<h2>Entre em contato com a Pronto Translations<\/h2>\n<p><strong>Fale com nossos especialistas em interpreta\u00e7\u00e3o judicial em Nova York (NY)<br \/>\n<\/strong>Garanta equidade, clareza e conformidade processual em cada sala de audi\u00eancia. A Pronto Translations coloca \u00e0 sua disposi\u00e7\u00e3o int\u00e9rpretes judiciais certificados, profissionais e imparciais para todos os tipos de procedimentos legais.<\/p>\n<p>&#x1f4cd; <strong>Escrit\u00f3rio<\/strong>: Nova York, NY<br \/>\n&#x1f4de; <strong>Telefone<\/strong>: <a href=\"Tel:+16469844073\">+1 (646) 984-4073<\/a><br \/>\n&#x1f48c; <strong>E-mail<\/strong>: <a href=\"mailto:clientservices@prontotranslations.com\">clientservices@prontotranslations.com<\/a><\/p>\n<p>Se voc\u00ea precisa de um int\u00e9rprete certificado para a Suprema Corte de Nova York, para um depoimento no Brooklyn ou para uma audi\u00eancia de direito de fam\u00edlia no Queens, nossos profissionais credenciados garantem que cada palavra seja compreendida com precis\u00e3o, neutralidade e confidencialidade.[\/vc_column_text][\/vc_column_inner][\/vc_row_inner][\/vc_column][\/vc_row][vc_row css_animation=&#8221;&#8221; row_type=&#8221;row&#8221; use_row_as_full_screen_section=&#8221;no&#8221; type=&#8221;full_width&#8221; angled_section=&#8221;no&#8221; text_align=&#8221;left&#8221; background_image_as_pattern=&#8221;without_pattern&#8221; z_index=&#8221;&#8221; background_color=&#8221;rgba(0,166,228,0.35)&#8221;][vc_column][vc_row_inner row_type=&#8221;row&#8221; type=&#8221;grid&#8221; text_align=&#8221;left&#8221; css_animation=&#8221;&#8221; css=&#8221;.vc_custom_1712461537481{margin-top: 30px !important;margin-bottom: 30px !important;}&#8221;][vc_column_inner][vc_column_text css=&#8221;.vc_custom_1771811922191{padding-top: 15px !important;padding-right: 10px !important;padding-bottom: 15px !important;padding-left: 10px !important;background-color: #00a5e4 !important;border-radius: 3px !important;}&#8221;]<\/p>\n<p style=\"text-align: center;\"><span style=\"color: #ffffff;\"><a style=\"color: #ffffff;\" href=\"https:\/\/prontotranslations.com\/pt-br\/contacto\/\">Entre em contato conosco sobre o seu projeto de interpreta\u00e7\u00e3o judicial<\/a><\/span><\/p>\n<p>[\/vc_column_text][\/vc_column_inner][\/vc_row_inner][\/vc_column][\/vc_row]<\/p>\n<\/div>","protected":false},"excerpt":{"rendered":"<p>[vc_row css_animation=&#8221;&#8221; row_type=&#8221;row&#8221; use_row_as_full_screen_section=&#8221;no&#8221; type=&#8221;full_width&#8221; angled_section=&#8221;no&#8221; text_align=&#8221;left&#8221; background_image_as_pattern=&#8221;without_pattern&#8221; z_index=&#8221;&#8221;][vc_column][vc_column_text css=&#8221;.vc_custom_1771811171368{padding-right: 15% !important;padding-bottom: 30px !important;padding-left: 15% !important;}&#8221;] Contrate um int\u00e9rprete judicial profissional e certificado em Nova&#8230;<\/p>\n","protected":false},"author":1,"featured_media":0,"parent":8376,"menu_order":0,"comment_status":"closed","ping_status":"closed","template":"full_width.php","meta":{"footnotes":""},"class_list":["post-8383","page","type-page","status-publish","hentry"],"_links":{"self":[{"href":"https:\/\/prontotranslations.com\/pt-br\/wp-json\/wp\/v2\/pages\/8383","targetHints":{"allow":["GET"]}}],"collection":[{"href":"https:\/\/prontotranslations.com\/pt-br\/wp-json\/wp\/v2\/pages"}],"about":[{"href":"https:\/\/prontotranslations.com\/pt-br\/wp-json\/wp\/v2\/types\/page"}],"author":[{"embeddable":true,"href":"https:\/\/prontotranslations.com\/pt-br\/wp-json\/wp\/v2\/users\/1"}],"replies":[{"embeddable":true,"href":"https:\/\/prontotranslations.com\/pt-br\/wp-json\/wp\/v2\/comments?post=8383"}],"version-history":[{"count":10,"href":"https:\/\/prontotranslations.com\/pt-br\/wp-json\/wp\/v2\/pages\/8383\/revisions"}],"predecessor-version":[{"id":8481,"href":"https:\/\/prontotranslations.com\/pt-br\/wp-json\/wp\/v2\/pages\/8383\/revisions\/8481"}],"up":[{"embeddable":true,"href":"https:\/\/prontotranslations.com\/pt-br\/wp-json\/wp\/v2\/pages\/8376"}],"wp:attachment":[{"href":"https:\/\/prontotranslations.com\/pt-br\/wp-json\/wp\/v2\/media?parent=8383"}],"curies":[{"name":"wp","href":"https:\/\/api.w.org\/{rel}","templated":true}]}}