{"id":8401,"date":"2024-09-13T02:07:16","date_gmt":"2024-09-13T02:07:16","guid":{"rendered":"https:\/\/prontotranslations.com\/?page_id=8401"},"modified":"2026-02-25T05:28:58","modified_gmt":"2026-02-25T05:28:58","slug":"interpretacao-telefonica","status":"publish","type":"page","link":"https:\/\/prontotranslations.com\/pt-br\/servicos-de-interpretacao\/interpretacao-telefonica\/","title":{"rendered":"Interpretacao telefonica"},"content":{"rendered":"<div class=\"wpb-content-wrapper\"><p>[vc_row css_animation=&#8221;&#8221; row_type=&#8221;row&#8221; use_row_as_full_screen_section=&#8221;no&#8221; type=&#8221;full_width&#8221; angled_section=&#8221;no&#8221; text_align=&#8221;left&#8221; background_image_as_pattern=&#8221;without_pattern&#8221; z_index=&#8221;&#8221;][vc_column][vc_column_text css=&#8221;.vc_custom_1771814117879{padding-right: 15% !important;padding-bottom: 30px !important;padding-left: 15% !important;}&#8221;]<\/p>\n<h1 style=\"text-align: center;\">Conte com um int\u00e9rprete telef\u00f4nico profissional com suporte a partir de Nova York (NY)<\/h1>\n<p>[\/vc_column_text][\/vc_column][\/vc_row][vc_row css_animation=&#8221;&#8221; row_type=&#8221;row&#8221; use_row_as_full_screen_section=&#8221;no&#8221; type=&#8221;grid&#8221; angled_section=&#8221;no&#8221; text_align=&#8221;left&#8221; background_image_as_pattern=&#8221;without_pattern&#8221; z_index=&#8221;&#8221; css=&#8221;.vc_custom_1719198241526{padding-top: 50px !important;padding-right: 10% !important;padding-left: 10% !important;}&#8221;][vc_column width=&#8221;1\/2&#8243; css=&#8221;.vc_custom_1712629369530{padding-right: 10% !important;padding-left: 10% !important;}&#8221;][vc_row_inner row_type=&#8221;row&#8221; type=&#8221;full_width&#8221; text_align=&#8221;center&#8221; css_animation=&#8221;&#8221;][vc_column_inner][vc_column_text css=&#8221;.vc_custom_1771997333149{padding-bottom: 50px !important;}&#8221;]<\/p>\n<p style=\"text-align: center;\"><strong>Nossa ag\u00eancia oferece servi\u00e7os de interpreta\u00e7\u00e3o telef\u00f4nica com base em Nova York (NY) \u2014 uma solu\u00e7\u00e3o estrat\u00e9gica para empresas que desejam expandir suas opera\u00e7\u00f5es internacionalmente e eliminar barreiras lingu\u00edsticas de forma r\u00e1pida e eficiente.<\/strong><\/p>\n<p style=\"text-align: left;\">Embora o servi\u00e7o seja prestado remotamente, nossa coordena\u00e7\u00e3o e suporte s\u00e3o conduzidos a partir de Nova York, garantindo padr\u00f5es profissionais alinhados \u00e0s exig\u00eancias do mercado norte-americano.<\/p>\n<p>[\/vc_column_text][vc_column_text css=&#8221;.vc_custom_1771814266622{padding-top: 10px !important;padding-bottom: 10px !important;background-color: #00a6e4 !important;border-radius: 3px !important;}&#8221;]<\/p>\n<p style=\"text-align: center;\"><a href=\"https:\/\/prontotranslations.com\/pt-br\/contacto\/\"><span style=\"color: #ffffff;\">Entre em contato conosco sobre o seu projeto de interpreta\u00e7\u00e3o telef\u00f4nica<\/span><\/a><\/p>\n<p>[\/vc_column_text][vc_empty_space height=&#8221;42px&#8221;][\/vc_column_inner][\/vc_row_inner][\/vc_column][vc_column width=&#8221;1\/2&#8243;][vc_single_image image=&#8221;8160&#8243; img_size=&#8221;full&#8221; alignment=&#8221;center&#8221; css=&#8221;.vc_custom_1726193911280{padding-bottom: 30px !important;}&#8221; qode_css_animation=&#8221;&#8221;][vc_empty_space][\/vc_column][\/vc_row][vc_row css_animation=&#8221;&#8221; row_type=&#8221;row&#8221; use_row_as_full_screen_section=&#8221;no&#8221; type=&#8221;grid&#8221; angled_section=&#8221;no&#8221; text_align=&#8221;left&#8221; background_image_as_pattern=&#8221;without_pattern&#8221; z_index=&#8221;&#8221;][vc_column][vc_separator type=&#8221;normal&#8221; color=&#8221;#88cce2&#8243; thickness=&#8221;5&#8243; up=&#8221;0&#8243; down=&#8221;0&#8243;][\/vc_column][\/vc_row][vc_row css_animation=&#8221;&#8221; row_type=&#8221;row&#8221; use_row_as_full_screen_section=&#8221;no&#8221; type=&#8221;full_width&#8221; angled_section=&#8221;no&#8221; text_align=&#8221;left&#8221; background_image_as_pattern=&#8221;without_pattern&#8221; z_index=&#8221;&#8221; css=&#8221;.vc_custom_1712718567412{background-color: rgba(0,166,228,0.05) !important;*background-color: rgb(0,166,228) !important;}&#8221;][vc_column][vc_row_inner row_type=&#8221;row&#8221; type=&#8221;grid&#8221; text_align=&#8221;left&#8221; css_animation=&#8221;&#8221; css=&#8221;.vc_custom_1718510501771{padding-top: 50px !important;}&#8221;][vc_column_inner width=&#8221;1\/2&#8243;][vc_single_image image=&#8221;8169&#8243; img_size=&#8221;full&#8221; qode_css_animation=&#8221;&#8221;][vc_empty_space height=&#8221;42px&#8221;][\/vc_column_inner][vc_column_inner width=&#8221;1\/2&#8243;][vc_column_text css=&#8221;.vc_custom_1771814316241{padding-bottom: 10px !important;}&#8221;]Um int\u00e9rprete telef\u00f4nico profissional presta servi\u00e7os de interpreta\u00e7\u00e3o \u00e0 dist\u00e2ncia, por telefone, sem necessidade de presen\u00e7a f\u00edsica. Nossos <a href=\"https:\/\/prontotranslations.com\/pt-br\/servicos-de-interpretacao\/\">servi\u00e7os de interpreta\u00e7\u00e3o<\/a> telef\u00f4nica (OPI \u2013 Over-the-Phone Interpretation) permitem que sua equipe se comunique de maneira direta, clara e imediata com clientes, parceiros e interlocutores internacionais \u2014 onde quer que estejam.<\/p>\n<p>A <strong>Pronto Translations<\/strong>, com sede em Nova York, \u00e9 especializada em interpreta\u00e7\u00e3o telef\u00f4nica e atua em mais de 122 idiomas. Com mais de 25 anos de experi\u00eancia e crit\u00e9rios rigorosos de sele\u00e7\u00e3o, certifica\u00e7\u00e3o e qualifica\u00e7\u00e3o de int\u00e9rpretes, garantimos comunica\u00e7\u00e3o confi\u00e1vel e entendimento m\u00fatuo em contextos multil\u00edngues e multiculturais.<\/p>\n<h2>Servi\u00e7os de interpreta\u00e7\u00e3o telef\u00f4nica adaptados a diversos setores<\/h2>\n<p>Diversos setores dependem de servi\u00e7os de interpreta\u00e7\u00e3o por telefone, especialmente quando agilidade e flexibilidade s\u00e3o essenciais.<\/p>\n<p>Seja no atendimento a clientes internacionais, na comunica\u00e7\u00e3o com parceiros estrat\u00e9gicos ou na gest\u00e3o de opera\u00e7\u00f5es multil\u00edngues, barreiras lingu\u00edsticas podem gerar mal-entendidos, atrasos ou riscos operacionais.<\/p>\n<p>Contar com um int\u00e9rprete telef\u00f4nico profissional, capaz de acompanhar a conversa e transmitir fielmente cada informa\u00e7\u00e3o, representa um diferencial estrat\u00e9gico para garantir clareza e seguran\u00e7a nas intera\u00e7\u00f5es.[\/vc_column_text][\/vc_column_inner][\/vc_row_inner][\/vc_column][\/vc_row][vc_row css_animation=&#8221;&#8221; row_type=&#8221;row&#8221; use_row_as_full_screen_section=&#8221;no&#8221; type=&#8221;grid&#8221; angled_section=&#8221;no&#8221; text_align=&#8221;left&#8221; background_image_as_pattern=&#8221;without_pattern&#8221; z_index=&#8221;&#8221;][vc_column][vc_separator type=&#8221;normal&#8221; color=&#8221;#88cce2&#8243; thickness=&#8221;5&#8243; up=&#8221;0&#8243; down=&#8221;0&#8243;][\/vc_column][\/vc_row][vc_row css_animation=&#8221;&#8221; row_type=&#8221;row&#8221; use_row_as_full_screen_section=&#8221;no&#8221; type=&#8221;full_width&#8221; angled_section=&#8221;no&#8221; text_align=&#8221;left&#8221; background_image_as_pattern=&#8221;without_pattern&#8221; z_index=&#8221;&#8221; css=&#8221;.vc_custom_1718512349787{padding-top: 50px !important;padding-bottom: 30px !important;}&#8221;][vc_column][vc_row_inner row_type=&#8221;row&#8221; type=&#8221;grid&#8221; text_align=&#8221;left&#8221; css_animation=&#8221;&#8221;][vc_column_inner width=&#8221;1\/2&#8243;][vc_column_text css=&#8221;.vc_custom_1771814511178{padding-bottom: 30px !important;}&#8221;]<\/p>\n<h2>Servi\u00e7os de interpreta\u00e7\u00e3o telef\u00f4nica com a Pronto Translations<\/h2>\n<p>Solu\u00e7\u00f5es confi\u00e1veis com coordena\u00e7\u00e3o a partir de Nova York<\/p>\n<p>A comunica\u00e7\u00e3o com interlocutores internacionais pode representar um desafio significativo, tanto em ambientes corporativos quanto em situa\u00e7\u00f5es institucionais ou pessoais.<\/p>\n<p>Por isso, hospitais, escrit\u00f3rios de advocacia, institui\u00e7\u00f5es p\u00fablicas e empresas de diversos setores recorrem aos nossos servi\u00e7os de interpreta\u00e7\u00e3o telef\u00f4nica, coordenados a partir de Nova York e dispon\u00edveis globalmente.<\/p>\n<p>Com nossos servi\u00e7os, voc\u00ea tem a garantia de que as informa\u00e7\u00f5es transmitidas s\u00e3o precisas, completas e tratadas com absoluta confidencialidade.<\/p>\n<h2>Fun\u00e7\u00f5es e responsabilidades de um int\u00e9rprete telef\u00f4nico<\/h2>\n<p>Entre as principais atribui\u00e7\u00f5es de um int\u00e9rprete telef\u00f4nico profissional, destacam-se:<\/p>\n<ul>\n<li>Preservar o estilo, o tom e a inten\u00e7\u00e3o do orador, assegurando interpreta\u00e7\u00e3o fiel no idioma de destino<\/li>\n<li>Facilitar a compreens\u00e3o entre interlocutores que falam idiomas diferentes<\/li>\n<li>Garantir confidencialidade absoluta das informa\u00e7\u00f5es discutidas<\/li>\n<li>Registrar horas de servi\u00e7o e preparar relat\u00f3rios quando necess\u00e1rio<\/li>\n<li>Utilizar habilidades de comunica\u00e7\u00e3o interpessoal para manter fluidez e neutralidade<\/li>\n<li>Atuar com autonomia, respeitando protocolos e orienta\u00e7\u00f5es do cliente<\/li>\n<\/ul>\n<p>[\/vc_column_text][\/vc_column_inner][vc_column_inner width=&#8221;1\/2&#8243;][vc_single_image image=&#8221;8178&#8243; img_size=&#8221;full&#8221; qode_css_animation=&#8221;&#8221;][vc_empty_space height=&#8221;12px&#8221;][\/vc_column_inner][\/vc_row_inner][\/vc_column][\/vc_row][vc_row css_animation=&#8221;&#8221; row_type=&#8221;row&#8221; use_row_as_full_screen_section=&#8221;no&#8221; type=&#8221;grid&#8221; angled_section=&#8221;no&#8221; text_align=&#8221;left&#8221; background_image_as_pattern=&#8221;without_pattern&#8221; z_index=&#8221;&#8221;][vc_column][vc_separator type=&#8221;normal&#8221; color=&#8221;#88cce2&#8243; thickness=&#8221;5&#8243; up=&#8221;0&#8243; down=&#8221;0&#8243;][\/vc_column][\/vc_row][vc_row css_animation=&#8221;&#8221; row_type=&#8221;row&#8221; use_row_as_full_screen_section=&#8221;no&#8221; type=&#8221;full_width&#8221; angled_section=&#8221;no&#8221; text_align=&#8221;left&#8221; background_image_as_pattern=&#8221;without_pattern&#8221; css=&#8221;.vc_custom_1726012417372{background-color: rgba(0,166,228,0.05) !important;*background-color: rgb(0,166,228) !important;}&#8221; z_index=&#8221;&#8221;][vc_column][vc_row_inner row_type=&#8221;row&#8221; type=&#8221;grid&#8221; text_align=&#8221;left&#8221; css_animation=&#8221;&#8221;][vc_column_inner][vc_column_text css=&#8221;.vc_custom_1771814576166{padding-top: 30px !important;padding-bottom: 40px !important;}&#8221;]<\/p>\n<h2>Por que escolher a Pronto Translations para interpreta\u00e7\u00e3o telef\u00f4nica?<\/h2>\n<p>Nossa ag\u00eancia oferece acesso completo a servi\u00e7os profissionais de interpreta\u00e7\u00e3o telef\u00f4nica, personalizados de acordo com as necessidades de cada cliente.<\/p>\n<p>Ao trabalhar com um int\u00e9rprete experiente da Pronto Translations, voc\u00ea conta com servi\u00e7os lingu\u00edsticos de alto n\u00edvel \u2014 seja em comunica\u00e7\u00f5es di\u00e1rias, situa\u00e7\u00f5es sens\u00edveis ou intera\u00e7\u00f5es de alta complexidade.<\/p>\n<p>Seja com int\u00e9rprete atuando remotamente ou integrado \u00e0s opera\u00e7\u00f5es da sua equipe, estamos preparados para oferecer suporte eficiente.<\/p>\n<p>Adaptamos hor\u00e1rios e disponibilidade \u00e0s suas demandas operacionais. Com equipes distribu\u00eddas globalmente e coordena\u00e7\u00e3o central em Nova York, voc\u00ea pode contar conosco 24 horas por dia, 7 dias por semana.<\/p>\n<p>&nbsp;<\/p>\n<h2>Conte com int\u00e9rpretes telef\u00f4nicos experientes da Pronto Translations<\/h2>\n<p>Atendemos uma ampla variedade de setores, incluindo:<\/p>\n<ul>\n<li>Finan\u00e7as<\/li>\n<li>Sa\u00fade<\/li>\n<li>Direito<\/li>\n<li>Rela\u00e7\u00f5es p\u00fablicas<\/li>\n<li>Marketing<\/li>\n<li>Servi\u00e7os institucionais<\/li>\n<\/ul>\n<p>Ao contratar nossos servi\u00e7os de interpreta\u00e7\u00e3o telef\u00f4nica, o int\u00e9rprete designado domina plenamente o idioma solicitado e segue rigorosos padr\u00f5es de confidencialidade e \u00e9tica profissional.<\/p>\n<p>Se voc\u00ea procura servi\u00e7os confi\u00e1veis e profissionais de <strong>interpreta\u00e7\u00e3o telef\u00f4nica com suporte a partir de Nova York e atendimento global<\/strong>, entre em contato conosco hoje mesmo para falar com um especialista.[\/vc_column_text][\/vc_column_inner][\/vc_row_inner][\/vc_column][\/vc_row][vc_row css_animation=&#8221;&#8221; row_type=&#8221;row&#8221; use_row_as_full_screen_section=&#8221;no&#8221; type=&#8221;full_width&#8221; angled_section=&#8221;no&#8221; text_align=&#8221;left&#8221; background_image_as_pattern=&#8221;without_pattern&#8221; z_index=&#8221;&#8221; background_color=&#8221;rgba(0,166,228,0.35)&#8221;][vc_column][vc_row_inner row_type=&#8221;row&#8221; type=&#8221;grid&#8221; text_align=&#8221;left&#8221; css_animation=&#8221;&#8221; css=&#8221;.vc_custom_1712461537481{margin-top: 30px !important;margin-bottom: 30px !important;}&#8221;][vc_column_inner][vc_column_text css=&#8221;.vc_custom_1771814248647{padding-top: 15px !important;padding-right: 10px !important;padding-bottom: 15px !important;padding-left: 10px !important;background-color: #00a5e4 !important;border-radius: 3px !important;}&#8221;]<\/p>\n<p style=\"text-align: center;\"><span style=\"color: #ffffff;\"><a style=\"color: #ffffff;\" href=\"https:\/\/prontotranslations.com\/pt-br\/contacto\/\">Entre em contato conosco sobre o seu projeto de interpreta\u00e7\u00e3o telef\u00f4nica<\/a><\/span><\/p>\n<p>[\/vc_column_text][\/vc_column_inner][\/vc_row_inner][\/vc_column][\/vc_row]<\/p>\n<\/div>","protected":false},"excerpt":{"rendered":"<p>[vc_row css_animation=&#8221;&#8221; row_type=&#8221;row&#8221; use_row_as_full_screen_section=&#8221;no&#8221; type=&#8221;full_width&#8221; angled_section=&#8221;no&#8221; text_align=&#8221;left&#8221; background_image_as_pattern=&#8221;without_pattern&#8221; z_index=&#8221;&#8221;][vc_column][vc_column_text css=&#8221;.vc_custom_1771814117879{padding-right: 15% !important;padding-bottom: 30px !important;padding-left: 15% !important;}&#8221;] Conte com um int\u00e9rprete telef\u00f4nico profissional com suporte a&#8230;<\/p>\n","protected":false},"author":1,"featured_media":0,"parent":3913,"menu_order":5,"comment_status":"closed","ping_status":"closed","template":"full_width.php","meta":{"footnotes":""},"class_list":["post-8401","page","type-page","status-publish","hentry"],"_links":{"self":[{"href":"https:\/\/prontotranslations.com\/pt-br\/wp-json\/wp\/v2\/pages\/8401","targetHints":{"allow":["GET"]}}],"collection":[{"href":"https:\/\/prontotranslations.com\/pt-br\/wp-json\/wp\/v2\/pages"}],"about":[{"href":"https:\/\/prontotranslations.com\/pt-br\/wp-json\/wp\/v2\/types\/page"}],"author":[{"embeddable":true,"href":"https:\/\/prontotranslations.com\/pt-br\/wp-json\/wp\/v2\/users\/1"}],"replies":[{"embeddable":true,"href":"https:\/\/prontotranslations.com\/pt-br\/wp-json\/wp\/v2\/comments?post=8401"}],"version-history":[{"count":6,"href":"https:\/\/prontotranslations.com\/pt-br\/wp-json\/wp\/v2\/pages\/8401\/revisions"}],"predecessor-version":[{"id":8484,"href":"https:\/\/prontotranslations.com\/pt-br\/wp-json\/wp\/v2\/pages\/8401\/revisions\/8484"}],"up":[{"embeddable":true,"href":"https:\/\/prontotranslations.com\/pt-br\/wp-json\/wp\/v2\/pages\/3913"}],"wp:attachment":[{"href":"https:\/\/prontotranslations.com\/pt-br\/wp-json\/wp\/v2\/media?parent=8401"}],"curies":[{"name":"wp","href":"https:\/\/api.w.org\/{rel}","templated":true}]}}