{"id":8412,"date":"2024-09-14T00:54:58","date_gmt":"2024-09-14T00:54:58","guid":{"rendered":"https:\/\/prontotranslations.com\/?page_id=8412"},"modified":"2026-02-25T05:30:21","modified_gmt":"2026-02-25T05:30:21","slug":"video-interpretation","status":"publish","type":"page","link":"https:\/\/prontotranslations.com\/pt-br\/servicos-de-interpretacao\/video-interpretation\/","title":{"rendered":"Video interpretation"},"content":{"rendered":"<div class=\"wpb-content-wrapper\"><p>[vc_row css_animation=&#8221;&#8221; row_type=&#8221;row&#8221; use_row_as_full_screen_section=&#8221;no&#8221; type=&#8221;full_width&#8221; angled_section=&#8221;no&#8221; text_align=&#8221;left&#8221; background_image_as_pattern=&#8221;without_pattern&#8221; z_index=&#8221;&#8221;][vc_column][vc_column_text css=&#8221;.vc_custom_1771815468246{padding-right: 15% !important;padding-bottom: 30px !important;padding-left: 15% !important;}&#8221;]<\/p>\n<h1 style=\"text-align: center;\">Servi\u00e7os de interpreta\u00e7\u00e3o por v\u00eddeo (VRI) para empresas e institui\u00e7\u00f5es \u2013 24 horas<\/h1>\n<p>[\/vc_column_text][\/vc_column][\/vc_row][vc_row css_animation=&#8221;&#8221; row_type=&#8221;row&#8221; use_row_as_full_screen_section=&#8221;no&#8221; type=&#8221;grid&#8221; angled_section=&#8221;no&#8221; text_align=&#8221;left&#8221; background_image_as_pattern=&#8221;without_pattern&#8221; z_index=&#8221;&#8221; css=&#8221;.vc_custom_1719198241526{padding-top: 50px !important;padding-right: 10% !important;padding-left: 10% !important;}&#8221;][vc_column width=&#8221;1\/2&#8243; css=&#8221;.vc_custom_1712629369530{padding-right: 10% !important;padding-left: 10% !important;}&#8221;][vc_row_inner row_type=&#8221;row&#8221; type=&#8221;full_width&#8221; text_align=&#8221;center&#8221; css_animation=&#8221;&#8221;][vc_column_inner][vc_column_text css=&#8221;.vc_custom_1771997417613{padding-bottom: 50px !important;}&#8221;]<\/p>\n<p style=\"text-align: center;\"><strong>Empresas e organiza\u00e7\u00f5es podem se beneficiar de servi\u00e7os de interpreta\u00e7\u00e3o por v\u00eddeo \u00e0 dist\u00e2ncia, acess\u00edveis via smartphone, tablet ou computador.<\/strong><\/p>\n<p style=\"text-align: left;\">Nossa solu\u00e7\u00e3o de interpreta\u00e7\u00e3o por videoconfer\u00eancia para empresas permite atendimento multil\u00edngue imediato, inclusive em regime 24 horas, 7 dias por semana.<\/p>\n<p style=\"text-align: left;\">A interpreta\u00e7\u00e3o por v\u00eddeo oferece a dimens\u00e3o visual da comunica\u00e7\u00e3o presencial, sem os custos log\u00edsticos e de deslocamento associados.<\/p>\n<p style=\"text-align: left;\">Esse modelo est\u00e1 entre os servi\u00e7os que mais crescem no setor de interpreta\u00e7\u00e3o lingu\u00edstica. A modalidade utiliza webcams, smartphones e plataformas digitais seguras para fornecer interpreta\u00e7\u00e3o em tempo real \u00e0 dist\u00e2ncia (VRI \u2013 Video Remote Interpreting).<\/p>\n<p style=\"text-align: left;\">A Pronto Translations, com sede em Nova York, oferece <a href=\"https:\/\/prontotranslations.com\/pt-br\/servicos-de-interpretacao\/\">servi\u00e7os de interpreta\u00e7\u00e3o<\/a> por v\u00eddeo como uma solu\u00e7\u00e3o pr\u00e1tica, flex\u00edvel e economicamente vantajosa para facilitar a comunica\u00e7\u00e3o multil\u00edngue em ambientes profissionais exigentes.<\/p>\n<p>[\/vc_column_text][vc_column_text css=&#8221;.vc_custom_1771815555923{padding-top: 10px !important;padding-bottom: 10px !important;background-color: #00a6e4 !important;border-radius: 3px !important;}&#8221;]<\/p>\n<p style=\"text-align: center;\"><a href=\"https:\/\/prontotranslations.com\/pt-br\/contacto\/\"><span style=\"color: #ffffff;\">ntre em contato conosco sobre o seu projeto de interpreta\u00e7\u00e3o por v\u00eddeo<\/span><\/a><\/p>\n<p>[\/vc_column_text][vc_empty_space height=&#8221;42px&#8221;][\/vc_column_inner][\/vc_row_inner][\/vc_column][vc_column width=&#8221;1\/2&#8243;][vc_single_image image=&#8221;8224&#8243; img_size=&#8221;full&#8221; alignment=&#8221;center&#8221; css=&#8221;.vc_custom_1726276675138{padding-bottom: 30px !important;}&#8221; qode_css_animation=&#8221;&#8221;][vc_empty_space][\/vc_column][\/vc_row][vc_row css_animation=&#8221;&#8221; row_type=&#8221;row&#8221; use_row_as_full_screen_section=&#8221;no&#8221; type=&#8221;grid&#8221; angled_section=&#8221;no&#8221; text_align=&#8221;left&#8221; background_image_as_pattern=&#8221;without_pattern&#8221; z_index=&#8221;&#8221;][vc_column][vc_separator type=&#8221;normal&#8221; color=&#8221;#88cce2&#8243; thickness=&#8221;5&#8243; up=&#8221;0&#8243; down=&#8221;0&#8243;][\/vc_column][\/vc_row][vc_row css_animation=&#8221;&#8221; row_type=&#8221;row&#8221; use_row_as_full_screen_section=&#8221;no&#8221; type=&#8221;full_width&#8221; angled_section=&#8221;no&#8221; text_align=&#8221;left&#8221; background_image_as_pattern=&#8221;without_pattern&#8221; z_index=&#8221;&#8221; css=&#8221;.vc_custom_1712718567412{background-color: rgba(0,166,228,0.05) !important;*background-color: rgb(0,166,228) !important;}&#8221;][vc_column][vc_row_inner row_type=&#8221;row&#8221; type=&#8221;grid&#8221; text_align=&#8221;left&#8221; css_animation=&#8221;&#8221; css=&#8221;.vc_custom_1726275907702{padding-top: 50px !important;}&#8221;][vc_column_inner][vc_column_text css=&#8221;.vc_custom_1771815816828{padding-bottom: 30px !important;}&#8221;]<\/p>\n<h2>Como organiza\u00e7\u00f5es podem se beneficiar da interpreta\u00e7\u00e3o por v\u00eddeo \u00e0 dist\u00e2ncia<\/h2>\n<p><em>Disponibilidade 24 horas por dia, ideal para servi\u00e7os de emerg\u00eancia, opera\u00e7\u00f5es internacionais e atendimento ao cliente em diferentes fusos hor\u00e1rios.<br \/>\n<\/em><br \/>\nOs servi\u00e7os de interpreta\u00e7\u00e3o por v\u00eddeo oferecem diversas vantagens operacionais. S\u00e3o especialmente indicados em situa\u00e7\u00f5es urgentes ou sens\u00edveis, nas quais a informa\u00e7\u00e3o precisa ser transmitida com rapidez, clareza e precis\u00e3o.<\/p>\n<p>Mesmo quando o int\u00e9rprete n\u00e3o pode estar fisicamente presente, ele pode atuar em tempo real por v\u00eddeo, garantindo continuidade e qualidade na comunica\u00e7\u00e3o.<\/p>\n<p>A contrata\u00e7\u00e3o de um int\u00e9rprete profissional por v\u00eddeo tamb\u00e9m representa uma solu\u00e7\u00e3o mais eficiente em termos de custo. A interpreta\u00e7\u00e3o presencial frequentemente envolve per\u00edodos m\u00ednimos de cobran\u00e7a, al\u00e9m de despesas com deslocamento e log\u00edstica.<\/p>\n<p>Por outro lado, a interpreta\u00e7\u00e3o exclusivamente por telefone pode ser insuficiente em contextos onde sinais visuais, gestos ou documentos desempenham papel fundamental.<\/p>\n<p>A interpreta\u00e7\u00e3o remota por v\u00eddeo resolve essa lacuna: oferece suporte visual essencial, ao mesmo tempo em que otimiza custos e prazos para sua organiza\u00e7\u00e3o.[\/vc_column_text][vc_single_image image=&#8221;8233&#8243; img_size=&#8221;full&#8221; alignment=&#8221;center&#8221; qode_css_animation=&#8221;&#8221;][vc_column_text css=&#8221;.vc_custom_1771815905729{padding-top: 30px !important;}&#8221;]<\/p>\n<h2>Int\u00e9rpretes para facilitar a comunica\u00e7\u00e3o em diversos setores<\/h2>\n<p>A interpreta\u00e7\u00e3o por v\u00eddeo pode ser especialmente \u00fatil para:<\/p>\n<ul>\n<li>Servi\u00e7os de emerg\u00eancia<\/li>\n<li>Hospitais e institui\u00e7\u00f5es de sa\u00fade<\/li>\n<li>Organiza\u00e7\u00f5es de assist\u00eancia social e comunit\u00e1ria<\/li>\n<li>Empresas do setor financeiro<\/li>\n<li>Hotelaria, turismo e hospitalidade<\/li>\n<li>Institui\u00e7\u00f5es de ensino e treinamento<\/li>\n<li>\u00d3rg\u00e3os jur\u00eddicos e judiciais<\/li>\n<li>Empresas de transporte e log\u00edstica<\/li>\n<\/ul>\n<p>&nbsp;<\/p>\n<h2>Servi\u00e7os internacionais de interpreta\u00e7\u00e3o por v\u00eddeo adaptados \u00e0s suas necessidades<\/h2>\n<p>Cada organiza\u00e7\u00e3o possui demandas lingu\u00edsticas e operacionais espec\u00edficas. A Pronto Translations est\u00e1 preparada para responder de forma r\u00e1pida e eficiente \u00e0s suas necessidades de interpreta\u00e7\u00e3o por v\u00eddeo.<\/p>\n<p>Todos os nossos int\u00e9rpretes s\u00e3o certificados ou credenciados por organismos reconhecidos, comprovando compet\u00eancia lingu\u00edstica e capacidade de atua\u00e7\u00e3o em contextos profissionais sens\u00edveis.[\/vc_column_text][\/vc_column_inner][\/vc_row_inner][vc_empty_space height=&#8221;42px&#8221;][\/vc_column][\/vc_row][vc_row css_animation=&#8221;&#8221; row_type=&#8221;row&#8221; use_row_as_full_screen_section=&#8221;no&#8221; type=&#8221;grid&#8221; angled_section=&#8221;no&#8221; text_align=&#8221;left&#8221; background_image_as_pattern=&#8221;without_pattern&#8221; z_index=&#8221;&#8221;][vc_column][vc_separator type=&#8221;normal&#8221; color=&#8221;#88cce2&#8243; thickness=&#8221;5&#8243; up=&#8221;0&#8243; down=&#8221;0&#8243;][\/vc_column][\/vc_row][vc_row css_animation=&#8221;&#8221; row_type=&#8221;row&#8221; use_row_as_full_screen_section=&#8221;no&#8221; type=&#8221;full_width&#8221; angled_section=&#8221;no&#8221; text_align=&#8221;left&#8221; background_image_as_pattern=&#8221;without_pattern&#8221; z_index=&#8221;&#8221;][vc_column][vc_row_inner row_type=&#8221;row&#8221; type=&#8221;grid&#8221; text_align=&#8221;left&#8221; css_animation=&#8221;&#8221;][vc_column_inner][vc_column_text css=&#8221;.vc_custom_1771815754602{padding-top: 30px !important;padding-bottom: 40px !important;}&#8221;]<\/p>\n<h2>Com nossos servi\u00e7os, sua organiza\u00e7\u00e3o pode:<\/h2>\n<ul>\n<li>Comunicar-se de forma mais eficaz com p\u00fablicos multiculturais<\/li>\n<li>Melhorar a experi\u00eancia do cliente ou usu\u00e1rio<\/li>\n<li>Atender \u00e0s exig\u00eancias regulat\u00f3rias locais, estaduais ou federais, conforme o setor de atua\u00e7\u00e3o<\/li>\n<\/ul>\n<p>Nossa sede est\u00e1 localizada em Nova York (NY), e oferecemos servi\u00e7os de interpreta\u00e7\u00e3o por v\u00eddeo com atendimento global, por meio de solu\u00e7\u00f5es remotas seguras.<\/p>\n<p>Independentemente da sua localiza\u00e7\u00e3o, voc\u00ea pode acessar facilmente nossos servi\u00e7os de interpreta\u00e7\u00e3o por v\u00eddeo.<\/p>\n<p>&nbsp;<\/p>\n<p>&#x1f4de; Ligue para <a href=\"tel:+16469844073\">+1-646-984-4073<\/a> e fale com nossa equipe sobre suas necessidades lingu\u00edsticas e operacionais.<br \/>\n&#x1f4cd; <strong>Escrit\u00f3rio<\/strong>: Nova York, NY<br \/>\n&#x1f48c; <strong>E-mail<\/strong>: <a href=\"mailto:clientservices@prontotranslations.com\">clientservices@prontotranslations.com<\/a>[\/vc_column_text][\/vc_column_inner][\/vc_row_inner][\/vc_column][\/vc_row][vc_row css_animation=&#8221;&#8221; row_type=&#8221;row&#8221; use_row_as_full_screen_section=&#8221;no&#8221; type=&#8221;full_width&#8221; angled_section=&#8221;no&#8221; text_align=&#8221;left&#8221; background_image_as_pattern=&#8221;without_pattern&#8221; z_index=&#8221;&#8221; background_color=&#8221;rgba(0,166,228,0.35)&#8221;][vc_column][vc_row_inner row_type=&#8221;row&#8221; type=&#8221;grid&#8221; text_align=&#8221;left&#8221; css_animation=&#8221;&#8221; css=&#8221;.vc_custom_1712461537481{margin-top: 30px !important;margin-bottom: 30px !important;}&#8221;][vc_column_inner][vc_column_text css=&#8221;.vc_custom_1771815589238{padding-top: 15px !important;padding-right: 10px !important;padding-bottom: 15px !important;padding-left: 10px !important;background-color: #00a5e4 !important;border-radius: 3px !important;}&#8221;]<\/p>\n<p style=\"text-align: center;\"><span style=\"color: #ffffff;\"><a style=\"color: #ffffff;\" href=\"https:\/\/prontotranslations.com\/pt-br\/contacto\/\">ntre em contato conosco sobre o seu projeto de interpreta\u00e7\u00e3o por v\u00eddeo<\/a><\/span><\/p>\n<p>[\/vc_column_text][\/vc_column_inner][\/vc_row_inner][\/vc_column][\/vc_row]<\/p>\n<\/div>","protected":false},"excerpt":{"rendered":"<p>[vc_row css_animation=&#8221;&#8221; row_type=&#8221;row&#8221; use_row_as_full_screen_section=&#8221;no&#8221; type=&#8221;full_width&#8221; angled_section=&#8221;no&#8221; text_align=&#8221;left&#8221; background_image_as_pattern=&#8221;without_pattern&#8221; z_index=&#8221;&#8221;][vc_column][vc_column_text css=&#8221;.vc_custom_1771815468246{padding-right: 15% !important;padding-bottom: 30px !important;padding-left: 15% !important;}&#8221;] Servi\u00e7os de interpreta\u00e7\u00e3o por v\u00eddeo (VRI) para empresas e&#8230;<\/p>\n","protected":false},"author":1,"featured_media":0,"parent":3913,"menu_order":7,"comment_status":"closed","ping_status":"closed","template":"full_width.php","meta":{"footnotes":""},"class_list":["post-8412","page","type-page","status-publish","hentry"],"_links":{"self":[{"href":"https:\/\/prontotranslations.com\/pt-br\/wp-json\/wp\/v2\/pages\/8412","targetHints":{"allow":["GET"]}}],"collection":[{"href":"https:\/\/prontotranslations.com\/pt-br\/wp-json\/wp\/v2\/pages"}],"about":[{"href":"https:\/\/prontotranslations.com\/pt-br\/wp-json\/wp\/v2\/types\/page"}],"author":[{"embeddable":true,"href":"https:\/\/prontotranslations.com\/pt-br\/wp-json\/wp\/v2\/users\/1"}],"replies":[{"embeddable":true,"href":"https:\/\/prontotranslations.com\/pt-br\/wp-json\/wp\/v2\/comments?post=8412"}],"version-history":[{"count":7,"href":"https:\/\/prontotranslations.com\/pt-br\/wp-json\/wp\/v2\/pages\/8412\/revisions"}],"predecessor-version":[{"id":8485,"href":"https:\/\/prontotranslations.com\/pt-br\/wp-json\/wp\/v2\/pages\/8412\/revisions\/8485"}],"up":[{"embeddable":true,"href":"https:\/\/prontotranslations.com\/pt-br\/wp-json\/wp\/v2\/pages\/3913"}],"wp:attachment":[{"href":"https:\/\/prontotranslations.com\/pt-br\/wp-json\/wp\/v2\/media?parent=8412"}],"curies":[{"name":"wp","href":"https:\/\/api.w.org\/{rel}","templated":true}]}}